{"id":10418,"date":"2020-05-26T18:04:34","date_gmt":"2020-05-26T16:04:34","guid":{"rendered":"https:\/\/www.reseau-mesure.com\/?page_id=10418"},"modified":"2021-09-07T09:08:07","modified_gmt":"2021-09-07T07:08:07","slug":"measurement-world-2021-lyon","status":"publish","type":"page","link":"https:\/\/www.reseau-mesure.com\/de\/measurement-world-2021-lyon\/","title":{"rendered":"Messwelt 2021"},"content":{"rendered":"<h1>\n\t\tMesswelt 2021\n\t<\/h1>\n\t\t\t\t<img loading=\"lazy\" decoding=\"async\" src=\"https:\/\/www.reseau-mesure.com\/wp-content\/uploads\/2018\/06\/MEASUREMENT_WORLD-HAUTEUR-e1530094801348.jpg\" alt=\"MEASUREMENT WORLD\" itemprop=\"image\" height=\"268\" width=\"300\" title=\"MESSUNG WELTHAUTEUR\" onerror=\"this.style.display='none'\"  \/>\n\t<h2>Die MESSWELT 2021 vom 6. bis 9. September 2021 auf der Eurexpo Lyon ist das internationale Technologietreffen f\u00fcr Messungen!<\/h2>\n<h2><\/h2>\n<h3>Die Measurement World entstand aus einem in Europa einzigartigen Ehrgeiz: eine Messe mit internationalem Schwerpunkt zu schaffen, die alle Akteure der Branche zusammenbringt und das franz\u00f6sische und europ\u00e4ische technologische Know-how f\u00f6rdert.<\/h3>\n<p>&nbsp;<\/p>\n<h3><strong>Entdecken Sie die Innovationen der Mitglieder des Measurement Network:<\/strong><\/h3>\n<ul>\n<li>\n\n<\/li>\n<li><a title=\"CETIAT: eine neue dynamische Kalibriermethode, die repr\u00e4sentativer f\u00fcr die Verwendung bei Durchflussmessern und Wasserz\u00e4hlern ist.\" href=\"https:\/\/www.reseau-mesure.com\/de\/le-cetiat-propose-un-banc-dessai-et-detalonnage-en-niveaumetrie-de-liquide-2\/\" rel=\"bookmark\">CETIAT: eine neue dynamische Kalibriermethode, die repr\u00e4sentativer f\u00fcr die Verwendung f\u00fcr Durchflussmesser und Wasserz\u00e4hler ist.<\/a><\/li>\n<li><a title=\"JM CONCEPT pr\u00e4sentiert seine Signalkonditionierungsger\u00e4te auf der Measurement World\" href=\"https:\/\/www.reseau-mesure.com\/de\/dispositifs-de-conditionnement-de-signaux\/\" rel=\"bookmark\">JM CONCEPT pr\u00e4sentiert seine Signalkonditionierungsger\u00e4te auf der Measurement World<\/a><\/li>\n<li><a title=\"Meatest und ACALIME pr\u00e4sentieren einen neuen 9010 35 ppm Multifunktions-Laborkalibrator\" href=\"https:\/\/www.reseau-mesure.com\/de\/meatest-et-acalime\/\" rel=\"bookmark\">Meatest und ACALIME pr\u00e4sentieren einen neuen 9010 35 ppm Multifunktions-Laborkalibrator<\/a><\/li>\n<li>\n\n<\/li>\n<li>\n\n<\/li>\n<li>\n\n<\/li>\n<li>\n\n<\/li>\n<li>\n\n<\/li>\n<li>\n\n<\/li>\n<li>\n\n<\/li>\n<li>\n\n<\/li>\n<li>\n\n<\/li>\n<li>\n\n<\/li>\n<li>\n\n<\/li>\n<li>\n\n<\/li>\n<li>\n\n<\/li>\n<li>\n\n<\/li>\n<li>\n\n<\/li>\n<li>\n\n<\/li>\n<li>\n\n<\/li>\n<li>\n\n<\/li>\n<\/ul>\n\n<p>&nbsp;<\/p>\n<p>&nbsp;<\/p>\n\n\n\n<p>Die Fusion von GLOBAL INDUSTRIE, MEASUREMENT WORLD und CIM2021 (International Metrology Congress) zum gleichen Zeitpunkt und am gleichen Ort bietet entscheidende Synergiem\u00f6glichkeiten.<\/p>\n<p>Diese Veranstaltungen greifen alle drei mit unterschiedlichen Ausrichtungen die Themen Industrie 4.0 auf. Besucher, Aussteller, Veranstalter und bestimmte Partner sind den 3 Veranstaltungen gemeinsam.<\/p>\n\n<p>Der CIM (International Congress of Metrology), organisiert vom CFM, ist eine Veranstaltung, die sich der guten industriellen Praxis und der Forschung und Entwicklung in Bezug auf Mess-, Analyse- und Pr\u00fcfprozesse widmet.<\/p>\n<p>Es orientiert sich 2021 an 3 Anwendungsachsen: Industrie 4.0, Green Deal und Gesundheit. Die Konferenzen decken alle technischen Bereiche (Mechanik, Elektromagnetismus, Str\u00f6mung, Temperatur, Photonik, Chemie, Biologie\u2026) ab, aber auch Messverfahren: Daten, KI, Qualit\u00e4t, Akkreditierung, Compliance und Risiko, Kostenoptimierung\u2026.<\/p>\n<p>CIM Round Tables behandeln aktuelle Themen:<\/p>\n<p>1. Messtechnik im digitalen Zeitalter<\/p>\n<p>2. Die Herausforderungen von Messungen vor Ort<\/p>\n<p>3. Gesundheit und Metrologie: eine gemeinsame Herausforderung<\/p>\n<p>4. Industrieemissionen<\/p>\n<p>5. Die F\u00e4higkeiten zuk\u00fcnftiger Metrologen<\/p>\n\n\t\t\t<a href=\"https:\/\/www.measurement-world.com\/fr\/presentation\" target=\"_self\" role=\"button\" rel=\"noopener\">\n\t\t\t\t\t\t\tMelden Sie sich bei Measurement World an\n\t\t\t\t\t<\/a>","protected":false},"excerpt":{"rendered":"<p>Die Measurement World 2021 Die MEASUREMENT WORLD 2021, vom 6. bis 9. September 2021 auf der Eurexpo Lyon, positioniert sich als internationaler Technologie-Treffpunkt f\u00fcr Messtechnik! Die Measurement World wurde aus einem in Europa einzigartigen Ehrgeiz geboren: eine Messe mit internationaler Ausrichtung zu schaffen, die sich auf das Messen konzentriert, alle Akteure der Branche zusammenbringt und\u2026<\/p>","protected":false},"author":685,"featured_media":0,"parent":0,"menu_order":0,"comment_status":"closed","ping_status":"closed","template":"","meta":{"_acf_changed":false,"footnotes":""},"class_list":["post-10418","page","type-page","status-publish","hentry"],"acf":[],"yoast_head":"<!-- This site is optimized with the Yoast SEO plugin v27.4 - https:\/\/yoast.com\/product\/yoast-seo-wordpress\/ -->\n<title>Measurement World 2021 - Lyon - R\u00e9seau Mesure<\/title>\n<meta name=\"description\" content=\"Participez au salon Measurement World 2021 \u00e0 Lyon du 6 au 9 septembre \u00e0 Lyon. Le rendez-vous incontournable des professionnels de la mesure.\" \/>\n<meta name=\"robots\" content=\"index, follow, max-snippet:-1, max-image-preview:large, max-video-preview:-1\" \/>\n<link rel=\"canonical\" href=\"https:\/\/www.reseau-mesure.com\/de\/measurement-world-2021-lyon\/\" \/>\n<meta property=\"og:locale\" content=\"de_DE\" \/>\n<meta property=\"og:type\" content=\"article\" \/>\n<meta property=\"og:title\" content=\"Measurement World 2021 - Lyon - R\u00e9seau Mesure\" \/>\n<meta property=\"og:description\" content=\"Participez au salon Measurement World 2021 \u00e0 Lyon du 6 au 9 septembre \u00e0 Lyon. Le rendez-vous incontournable des professionnels de la mesure.\" \/>\n<meta property=\"og:url\" content=\"https:\/\/www.reseau-mesure.com\/de\/measurement-world-2021-lyon\/\" \/>\n<meta property=\"og:site_name\" content=\"R\u00e9seau Mesure\" \/>\n<meta property=\"article:publisher\" content=\"https:\/\/www.facebook.com\/reseaumesure\/\" \/>\n<meta property=\"article:modified_time\" content=\"2021-09-07T07:08:07+00:00\" \/>\n<meta property=\"og:image\" content=\"https:\/\/www.reseau-mesure.com\/wp-content\/uploads\/2018\/06\/MEASUREMENT_WORLD-HAUTEUR-e1530094801348.jpg\" \/>\n<meta name=\"twitter:card\" content=\"summary_large_image\" \/>\n<meta name=\"twitter:site\" content=\"@ReseauMesure\" \/>\n<meta name=\"twitter:label1\" content=\"Gesch\u00e4tzte Lesezeit\" \/>\n\t<meta name=\"twitter:data1\" content=\"3\u00a0Minuten\" \/>\n<script type=\"application\/ld+json\" class=\"yoast-schema-graph\">{\"@context\":\"https:\\\/\\\/schema.org\",\"@graph\":[{\"@type\":\"WebPage\",\"@id\":\"https:\\\/\\\/www.reseau-mesure.com\\\/measurement-world-2021-lyon\\\/\",\"url\":\"https:\\\/\\\/www.reseau-mesure.com\\\/measurement-world-2021-lyon\\\/\",\"name\":\"Measurement World 2021 - Lyon - R\u00e9seau Mesure\",\"isPartOf\":{\"@id\":\"https:\\\/\\\/www.reseau-mesure.com\\\/#website\"},\"primaryImageOfPage\":{\"@id\":\"https:\\\/\\\/www.reseau-mesure.com\\\/measurement-world-2021-lyon\\\/#primaryimage\"},\"image\":{\"@id\":\"https:\\\/\\\/www.reseau-mesure.com\\\/measurement-world-2021-lyon\\\/#primaryimage\"},\"thumbnailUrl\":\"https:\\\/\\\/www.reseau-mesure.com\\\/wp-content\\\/uploads\\\/2018\\\/06\\\/MEASUREMENT_WORLD-HAUTEUR-e1530094801348.jpg\",\"datePublished\":\"2020-05-26T16:04:34+00:00\",\"dateModified\":\"2021-09-07T07:08:07+00:00\",\"description\":\"Participez au salon Measurement World 2021 \u00e0 Lyon du 6 au 9 septembre \u00e0 Lyon. Le rendez-vous incontournable des professionnels de la mesure.\",\"breadcrumb\":{\"@id\":\"https:\\\/\\\/www.reseau-mesure.com\\\/measurement-world-2021-lyon\\\/#breadcrumb\"},\"inLanguage\":\"de\",\"potentialAction\":[{\"@type\":\"ReadAction\",\"target\":[\"https:\\\/\\\/www.reseau-mesure.com\\\/measurement-world-2021-lyon\\\/\"]}]},{\"@type\":\"ImageObject\",\"inLanguage\":\"de\",\"@id\":\"https:\\\/\\\/www.reseau-mesure.com\\\/measurement-world-2021-lyon\\\/#primaryimage\",\"url\":\"https:\\\/\\\/www.reseau-mesure.com\\\/wp-content\\\/uploads\\\/2018\\\/06\\\/MEASUREMENT_WORLD-HAUTEUR-e1530094801348.jpg\",\"contentUrl\":\"https:\\\/\\\/www.reseau-mesure.com\\\/wp-content\\\/uploads\\\/2018\\\/06\\\/MEASUREMENT_WORLD-HAUTEUR-e1530094801348.jpg\"},{\"@type\":\"BreadcrumbList\",\"@id\":\"https:\\\/\\\/www.reseau-mesure.com\\\/measurement-world-2021-lyon\\\/#breadcrumb\",\"itemListElement\":[{\"@type\":\"ListItem\",\"position\":1,\"name\":\"Accueil\",\"item\":\"https:\\\/\\\/www.reseau-mesure.com\\\/\"},{\"@type\":\"ListItem\",\"position\":2,\"name\":\"Measurement World 2021\"}]},{\"@type\":\"WebSite\",\"@id\":\"https:\\\/\\\/www.reseau-mesure.com\\\/#website\",\"url\":\"https:\\\/\\\/www.reseau-mesure.com\\\/\",\"name\":\"R\u00e9seau-Mesure\",\"description\":\"R\u00e9seau Mesure\",\"publisher\":{\"@id\":\"https:\\\/\\\/www.reseau-mesure.com\\\/#organization\"},\"potentialAction\":[{\"@type\":\"SearchAction\",\"target\":{\"@type\":\"EntryPoint\",\"urlTemplate\":\"https:\\\/\\\/www.reseau-mesure.com\\\/?s={search_term_string}\"},\"query-input\":{\"@type\":\"PropertyValueSpecification\",\"valueRequired\":true,\"valueName\":\"search_term_string\"}}],\"inLanguage\":\"de\"},{\"@type\":\"Organization\",\"@id\":\"https:\\\/\\\/www.reseau-mesure.com\\\/#organization\",\"name\":\"R\u00e9seau-Mesure\",\"url\":\"https:\\\/\\\/www.reseau-mesure.com\\\/\",\"logo\":{\"@type\":\"ImageObject\",\"inLanguage\":\"de\",\"@id\":\"https:\\\/\\\/www.reseau-mesure.com\\\/#\\\/schema\\\/logo\\\/image\\\/\",\"url\":\"https:\\\/\\\/www.reseau-mesure.com\\\/wp-content\\\/uploads\\\/2018\\\/02\\\/logo-max.png\",\"contentUrl\":\"https:\\\/\\\/www.reseau-mesure.com\\\/wp-content\\\/uploads\\\/2018\\\/02\\\/logo-max.png\",\"width\":545,\"height\":285,\"caption\":\"R\u00e9seau-Mesure\"},\"image\":{\"@id\":\"https:\\\/\\\/www.reseau-mesure.com\\\/#\\\/schema\\\/logo\\\/image\\\/\"},\"sameAs\":[\"https:\\\/\\\/www.facebook.com\\\/reseaumesure\\\/\",\"https:\\\/\\\/x.com\\\/ReseauMesure\",\"https:\\\/\\\/www.linkedin.com\\\/company\\\/reseau-mesure\\\/\"]}]}<\/script>\n<!-- \/ Yoast SEO plugin. -->","yoast_head_json":{"title":"Measurement World 2021 - Lyon - R\u00e9seau Mesure","description":"Participez au salon Measurement World 2021 \u00e0 Lyon du 6 au 9 septembre \u00e0 Lyon. Le rendez-vous incontournable des professionnels de la mesure.","robots":{"index":"index","follow":"follow","max-snippet":"max-snippet:-1","max-image-preview":"max-image-preview:large","max-video-preview":"max-video-preview:-1"},"canonical":"https:\/\/www.reseau-mesure.com\/de\/measurement-world-2021-lyon\/","og_locale":"de_DE","og_type":"article","og_title":"Measurement World 2021 - Lyon - R\u00e9seau Mesure","og_description":"Participez au salon Measurement World 2021 \u00e0 Lyon du 6 au 9 septembre \u00e0 Lyon. Le rendez-vous incontournable des professionnels de la mesure.","og_url":"https:\/\/www.reseau-mesure.com\/de\/measurement-world-2021-lyon\/","og_site_name":"R\u00e9seau Mesure","article_publisher":"https:\/\/www.facebook.com\/reseaumesure\/","article_modified_time":"2021-09-07T07:08:07+00:00","og_image":[{"url":"https:\/\/www.reseau-mesure.com\/wp-content\/uploads\/2018\/06\/MEASUREMENT_WORLD-HAUTEUR-e1530094801348.jpg","type":"","width":"","height":""}],"twitter_card":"summary_large_image","twitter_site":"@ReseauMesure","twitter_misc":{"Gesch\u00e4tzte Lesezeit":"3\u00a0Minuten"},"schema":{"@context":"https:\/\/schema.org","@graph":[{"@type":"WebPage","@id":"https:\/\/www.reseau-mesure.com\/measurement-world-2021-lyon\/","url":"https:\/\/www.reseau-mesure.com\/measurement-world-2021-lyon\/","name":"Measurement World 2021 - Lyon - R\u00e9seau Mesure","isPartOf":{"@id":"https:\/\/www.reseau-mesure.com\/#website"},"primaryImageOfPage":{"@id":"https:\/\/www.reseau-mesure.com\/measurement-world-2021-lyon\/#primaryimage"},"image":{"@id":"https:\/\/www.reseau-mesure.com\/measurement-world-2021-lyon\/#primaryimage"},"thumbnailUrl":"https:\/\/www.reseau-mesure.com\/wp-content\/uploads\/2018\/06\/MEASUREMENT_WORLD-HAUTEUR-e1530094801348.jpg","datePublished":"2020-05-26T16:04:34+00:00","dateModified":"2021-09-07T07:08:07+00:00","description":"Participez au salon Measurement World 2021 \u00e0 Lyon du 6 au 9 septembre \u00e0 Lyon. Le rendez-vous incontournable des professionnels de la mesure.","breadcrumb":{"@id":"https:\/\/www.reseau-mesure.com\/measurement-world-2021-lyon\/#breadcrumb"},"inLanguage":"de","potentialAction":[{"@type":"ReadAction","target":["https:\/\/www.reseau-mesure.com\/measurement-world-2021-lyon\/"]}]},{"@type":"ImageObject","inLanguage":"de","@id":"https:\/\/www.reseau-mesure.com\/measurement-world-2021-lyon\/#primaryimage","url":"https:\/\/www.reseau-mesure.com\/wp-content\/uploads\/2018\/06\/MEASUREMENT_WORLD-HAUTEUR-e1530094801348.jpg","contentUrl":"https:\/\/www.reseau-mesure.com\/wp-content\/uploads\/2018\/06\/MEASUREMENT_WORLD-HAUTEUR-e1530094801348.jpg"},{"@type":"BreadcrumbList","@id":"https:\/\/www.reseau-mesure.com\/measurement-world-2021-lyon\/#breadcrumb","itemListElement":[{"@type":"ListItem","position":1,"name":"Accueil","item":"https:\/\/www.reseau-mesure.com\/"},{"@type":"ListItem","position":2,"name":"Measurement World 2021"}]},{"@type":"WebSite","@id":"https:\/\/www.reseau-mesure.com\/#website","url":"https:\/\/www.reseau-mesure.com\/","name":"Netzwerk-Messung","description":"Netzwerkma\u00dfnahme","publisher":{"@id":"https:\/\/www.reseau-mesure.com\/#organization"},"potentialAction":[{"@type":"SearchAction","target":{"@type":"EntryPoint","urlTemplate":"https:\/\/www.reseau-mesure.com\/?s={search_term_string}"},"query-input":{"@type":"PropertyValueSpecification","valueRequired":true,"valueName":"search_term_string"}}],"inLanguage":"de"},{"@type":"Organization","@id":"https:\/\/www.reseau-mesure.com\/#organization","name":"Netzwerk-Messung","url":"https:\/\/www.reseau-mesure.com\/","logo":{"@type":"ImageObject","inLanguage":"de","@id":"https:\/\/www.reseau-mesure.com\/#\/schema\/logo\/image\/","url":"https:\/\/www.reseau-mesure.com\/wp-content\/uploads\/2018\/02\/logo-max.png","contentUrl":"https:\/\/www.reseau-mesure.com\/wp-content\/uploads\/2018\/02\/logo-max.png","width":545,"height":285,"caption":"R\u00e9seau-Mesure"},"image":{"@id":"https:\/\/www.reseau-mesure.com\/#\/schema\/logo\/image\/"},"sameAs":["https:\/\/www.facebook.com\/reseaumesure\/","https:\/\/x.com\/ReseauMesure","https:\/\/www.linkedin.com\/company\/reseau-mesure\/"]}]}},"_links":{"self":[{"href":"https:\/\/www.reseau-mesure.com\/de\/wp-json\/wp\/v2\/pages\/10418","targetHints":{"allow":["GET"]}}],"collection":[{"href":"https:\/\/www.reseau-mesure.com\/de\/wp-json\/wp\/v2\/pages"}],"about":[{"href":"https:\/\/www.reseau-mesure.com\/de\/wp-json\/wp\/v2\/types\/page"}],"author":[{"embeddable":true,"href":"https:\/\/www.reseau-mesure.com\/de\/wp-json\/wp\/v2\/users\/685"}],"replies":[{"embeddable":true,"href":"https:\/\/www.reseau-mesure.com\/de\/wp-json\/wp\/v2\/comments?post=10418"}],"version-history":[{"count":0,"href":"https:\/\/www.reseau-mesure.com\/de\/wp-json\/wp\/v2\/pages\/10418\/revisions"}],"wp:attachment":[{"href":"https:\/\/www.reseau-mesure.com\/de\/wp-json\/wp\/v2\/media?parent=10418"}],"curies":[{"name":"wp","href":"https:\/\/api.w.org\/{rel}","templated":true}]}}