{"id":10461,"date":"2020-06-08T15:18:26","date_gmt":"2020-06-08T13:18:26","guid":{"rendered":"https:\/\/www.reseau-mesure.com\/?page_id=10461"},"modified":"2020-11-27T10:56:31","modified_gmt":"2020-11-27T09:56:31","slug":"formation-strategie-communication-digitale-en-ligne","status":"publish","type":"page","link":"https:\/\/www.reseau-mesure.com\/de\/formation-strategie-communication-digitale-en-ligne\/","title":{"rendered":"Online-Schulung zur Strategie f\u00fcr digitale Kommunikation"},"content":{"rendered":"<img loading=\"lazy\" decoding=\"async\" src=\"https:\/\/www.reseau-mesure.com\/wp-content\/uploads\/2020\/06\/Formation-Acom_R\u00e9seau-150x150.jpg\" alt=\"formation en ligne\" itemprop=\"image\" height=\"150\" width=\"150\" title=\"Acom_R\u00e9seau Training\" onerror=\"this.style.display='none'\"  \/>\n\t\t\t\t<img loading=\"lazy\" decoding=\"async\" src=\"https:\/\/www.reseau-mesure.com\/wp-content\/uploads\/2018\/07\/Picto_datadocke-150x150.jpg\" alt=\"Datadock\" itemprop=\"image\" height=\"150\" width=\"150\" title=\"Picto_datadock\" onerror=\"this.style.display='none'\"  \/>\n\t<p><b>DIGITALE KOMMUNIKATIONSSTRATEGIE<\/b><\/p>\n\t<p><b>2 Morgen Training<\/b><\/p>\n\t<p><b>In Viso mit Microsoft TEAMS<\/b><\/p>\n<p>&nbsp;<\/p>\n\t\t\t<a href=\"https:\/\/www.reseau-mesure.com\/wp-content\/uploads\/2020\/06\/Formation-communication-digitale-en-ligne.pdf\" target=\"_self\" role=\"button\" rel=\"noopener noreferrer\">\n\t\t\t\t\t\t\tPr\u00e4sentation des Trainings\n\t\t\t\t\t<\/a>\n\t\t\t<a href=\"https:\/\/www.reseau-mesure.com\/wp-content\/uploads\/2020\/11\/Programme-Strategie-communication-digitale-en-LIGNE-.pdf\" target=\"_blank\" role=\"button\" rel=\"noopener noreferrer\">\n\t\t\t\t\t\t\tLADEN SIE DAS PROGRAMM HERUNTER\n\t\t\t\t\t<\/a>\n\t<p>Dokumente zum Ausf\u00fcllen und Zur\u00fccksenden an den Trainer <strong>vor dem Training<\/strong>:<\/p>\n<ul>\n<li><strong>Vorbereitungsfragebogen per E-Mail vom Veranstalter<br \/>\n<\/strong><\/li>\n<li><b>Fragebogen<\/b><b>Auswertung<\/b><b> Eingang <\/b><a href=\"https:\/\/www.reseau-mesure.com\/wp-content\/uploads\/2020\/06\/Questionnaires-entr\u00e9e.pdf\">Hier herunterladen<\/a><\/li>\n<\/ul>\n\t<p>Dokumente zum Ausf\u00fcllen und Zur\u00fccksenden an den Trainer<strong> nach dem<\/strong><strong>\u00a0Ausbildung<\/strong>:<\/p>\n<ul>\n<li><b>Fragebogen<\/b><b>Auswertung<\/b><b> Ver\u00f6ffentlichung <\/b><a href=\"https:\/\/www.reseau-mesure.com\/wp-content\/uploads\/2020\/06\/Questionnaires-sortie.pdf\">Hier herunterladen<\/a><\/li>\n<li><strong>Fragebogen zur Zufriedenheit<\/strong> <a href=\"https:\/\/www.reseau-mesure.com\/wp-content\/uploads\/2020\/06\/Questionnaire-satisfaction-2020.pdf\">Hier herunterladen<\/a><\/li>\n<\/ul>","protected":false},"excerpt":{"rendered":"<p>DIGITALE KOMMUNIKATIONSSTRATEGIE 2 Vormittage Schulung Viso mit Microsoft TEAMS Pr\u00e4sentation der Schulung HERUNTERLADEN DES PROGRAMMS Dokumente, die vor dem Training ausgef\u00fcllt und an den Trainer zur\u00fcckgesandt werden m\u00fcssen: Vorbereitungsfragebogen, der vom Veranstalter per E-Mail gesendet wird der Trainer nach dem Training: Bewertungsfragebogen von\u2026<\/p>","protected":false},"author":349,"featured_media":0,"parent":0,"menu_order":0,"comment_status":"closed","ping_status":"closed","template":"","meta":{"_acf_changed":false,"footnotes":""},"class_list":["post-10461","page","type-page","status-publish","hentry"],"acf":[],"yoast_head":"<!-- This site is optimized with the Yoast SEO plugin v27.3 - https:\/\/yoast.com\/product\/yoast-seo-wordpress\/ -->\n<title>Formation Strat\u00e9gie Communication Digitale en ligne - R\u00e9seau Mesure<\/title>\n<meta name=\"description\" content=\"Le salon measurement world est le salon de la mesure pour 2019. Les adh\u00e9rents du R\u00e9seau Mesure seront pr\u00e9sent. Informations et renseignements.\" \/>\n<meta name=\"robots\" content=\"index, follow, max-snippet:-1, max-image-preview:large, max-video-preview:-1\" \/>\n<link rel=\"canonical\" href=\"http:\/\/www.reseau-mesure.com\/de\/formation-strategie-communication-digitale-en-ligne\/\" \/>\n<meta property=\"og:locale\" content=\"de_DE\" \/>\n<meta property=\"og:type\" content=\"article\" \/>\n<meta property=\"og:title\" content=\"Formation Strat\u00e9gie Communication Digitale en ligne - R\u00e9seau Mesure\" \/>\n<meta property=\"og:description\" content=\"Le salon measurement world est le salon de la mesure pour 2019. Les adh\u00e9rents du R\u00e9seau Mesure seront pr\u00e9sent. Informations et renseignements.\" \/>\n<meta property=\"og:url\" content=\"http:\/\/www.reseau-mesure.com\/de\/formation-strategie-communication-digitale-en-ligne\/\" \/>\n<meta property=\"og:site_name\" content=\"R\u00e9seau Mesure\" \/>\n<meta property=\"article:publisher\" content=\"https:\/\/www.facebook.com\/reseaumesure\/\" \/>\n<meta property=\"article:modified_time\" content=\"2020-11-27T09:56:31+00:00\" \/>\n<meta property=\"og:image\" content=\"https:\/\/www.reseau-mesure.com\/wp-content\/uploads\/2020\/06\/Formation-Acom_R\u00e9seau-150x150.jpg\" \/>\n<meta name=\"twitter:card\" content=\"summary_large_image\" \/>\n<meta name=\"twitter:site\" content=\"@ReseauMesure\" \/>\n<script type=\"application\/ld+json\" class=\"yoast-schema-graph\">{\"@context\":\"https:\\\/\\\/schema.org\",\"@graph\":[{\"@type\":\"WebPage\",\"@id\":\"http:\\\/\\\/www.reseau-mesure.com\\\/en\\\/formation-strategie-communication-digitale-en-ligne\\\/\",\"url\":\"http:\\\/\\\/www.reseau-mesure.com\\\/en\\\/formation-strategie-communication-digitale-en-ligne\\\/\",\"name\":\"Formation Strat\u00e9gie Communication Digitale en ligne - R\u00e9seau Mesure\",\"isPartOf\":{\"@id\":\"https:\\\/\\\/www.reseau-mesure.com\\\/#website\"},\"primaryImageOfPage\":{\"@id\":\"http:\\\/\\\/www.reseau-mesure.com\\\/en\\\/formation-strategie-communication-digitale-en-ligne\\\/#primaryimage\"},\"image\":{\"@id\":\"http:\\\/\\\/www.reseau-mesure.com\\\/en\\\/formation-strategie-communication-digitale-en-ligne\\\/#primaryimage\"},\"thumbnailUrl\":\"https:\\\/\\\/www.reseau-mesure.com\\\/wp-content\\\/uploads\\\/2018\\\/07\\\/Picto_datadocke-150x150.jpg\",\"datePublished\":\"2020-06-08T13:18:26+00:00\",\"dateModified\":\"2020-11-27T09:56:31+00:00\",\"description\":\"Le salon measurement world est le salon de la mesure pour 2019. Les adh\u00e9rents du R\u00e9seau Mesure seront pr\u00e9sent. Informations et renseignements.\",\"breadcrumb\":{\"@id\":\"http:\\\/\\\/www.reseau-mesure.com\\\/en\\\/formation-strategie-communication-digitale-en-ligne\\\/#breadcrumb\"},\"inLanguage\":\"de\",\"potentialAction\":[{\"@type\":\"ReadAction\",\"target\":[\"http:\\\/\\\/www.reseau-mesure.com\\\/en\\\/formation-strategie-communication-digitale-en-ligne\\\/\"]}]},{\"@type\":\"ImageObject\",\"inLanguage\":\"de\",\"@id\":\"http:\\\/\\\/www.reseau-mesure.com\\\/en\\\/formation-strategie-communication-digitale-en-ligne\\\/#primaryimage\",\"url\":\"https:\\\/\\\/www.reseau-mesure.com\\\/wp-content\\\/uploads\\\/2018\\\/07\\\/Picto_datadocke-150x150.jpg\",\"contentUrl\":\"https:\\\/\\\/www.reseau-mesure.com\\\/wp-content\\\/uploads\\\/2018\\\/07\\\/Picto_datadocke-150x150.jpg\"},{\"@type\":\"BreadcrumbList\",\"@id\":\"http:\\\/\\\/www.reseau-mesure.com\\\/en\\\/formation-strategie-communication-digitale-en-ligne\\\/#breadcrumb\",\"itemListElement\":[{\"@type\":\"ListItem\",\"position\":1,\"name\":\"Accueil\",\"item\":\"https:\\\/\\\/www.reseau-mesure.com\\\/\"},{\"@type\":\"ListItem\",\"position\":2,\"name\":\"Formation Strat\u00e9gie Communication Digitale en ligne\"}]},{\"@type\":\"WebSite\",\"@id\":\"https:\\\/\\\/www.reseau-mesure.com\\\/#website\",\"url\":\"https:\\\/\\\/www.reseau-mesure.com\\\/\",\"name\":\"R\u00e9seau-Mesure\",\"description\":\"R\u00e9seau Mesure\",\"publisher\":{\"@id\":\"https:\\\/\\\/www.reseau-mesure.com\\\/#organization\"},\"potentialAction\":[{\"@type\":\"SearchAction\",\"target\":{\"@type\":\"EntryPoint\",\"urlTemplate\":\"https:\\\/\\\/www.reseau-mesure.com\\\/?s={search_term_string}\"},\"query-input\":{\"@type\":\"PropertyValueSpecification\",\"valueRequired\":true,\"valueName\":\"search_term_string\"}}],\"inLanguage\":\"de\"},{\"@type\":\"Organization\",\"@id\":\"https:\\\/\\\/www.reseau-mesure.com\\\/#organization\",\"name\":\"R\u00e9seau-Mesure\",\"url\":\"https:\\\/\\\/www.reseau-mesure.com\\\/\",\"logo\":{\"@type\":\"ImageObject\",\"inLanguage\":\"de\",\"@id\":\"https:\\\/\\\/www.reseau-mesure.com\\\/#\\\/schema\\\/logo\\\/image\\\/\",\"url\":\"https:\\\/\\\/www.reseau-mesure.com\\\/wp-content\\\/uploads\\\/2018\\\/02\\\/logo-max.png\",\"contentUrl\":\"https:\\\/\\\/www.reseau-mesure.com\\\/wp-content\\\/uploads\\\/2018\\\/02\\\/logo-max.png\",\"width\":545,\"height\":285,\"caption\":\"R\u00e9seau-Mesure\"},\"image\":{\"@id\":\"https:\\\/\\\/www.reseau-mesure.com\\\/#\\\/schema\\\/logo\\\/image\\\/\"},\"sameAs\":[\"https:\\\/\\\/www.facebook.com\\\/reseaumesure\\\/\",\"https:\\\/\\\/x.com\\\/ReseauMesure\",\"https:\\\/\\\/www.linkedin.com\\\/company\\\/reseau-mesure\\\/\"]}]}<\/script>\n<!-- \/ Yoast SEO plugin. -->","yoast_head_json":{"title":"Formation Strat\u00e9gie Communication Digitale en ligne - R\u00e9seau Mesure","description":"Le salon measurement world est le salon de la mesure pour 2019. Les adh\u00e9rents du R\u00e9seau Mesure seront pr\u00e9sent. Informations et renseignements.","robots":{"index":"index","follow":"follow","max-snippet":"max-snippet:-1","max-image-preview":"max-image-preview:large","max-video-preview":"max-video-preview:-1"},"canonical":"http:\/\/www.reseau-mesure.com\/de\/formation-strategie-communication-digitale-en-ligne\/","og_locale":"de_DE","og_type":"article","og_title":"Formation Strat\u00e9gie Communication Digitale en ligne - R\u00e9seau Mesure","og_description":"Le salon measurement world est le salon de la mesure pour 2019. Les adh\u00e9rents du R\u00e9seau Mesure seront pr\u00e9sent. Informations et renseignements.","og_url":"http:\/\/www.reseau-mesure.com\/de\/formation-strategie-communication-digitale-en-ligne\/","og_site_name":"R\u00e9seau Mesure","article_publisher":"https:\/\/www.facebook.com\/reseaumesure\/","article_modified_time":"2020-11-27T09:56:31+00:00","og_image":[{"url":"https:\/\/www.reseau-mesure.com\/wp-content\/uploads\/2020\/06\/Formation-Acom_R\u00e9seau-150x150.jpg","type":"","width":"","height":""}],"twitter_card":"summary_large_image","twitter_site":"@ReseauMesure","schema":{"@context":"https:\/\/schema.org","@graph":[{"@type":"WebPage","@id":"http:\/\/www.reseau-mesure.com\/en\/formation-strategie-communication-digitale-en-ligne\/","url":"http:\/\/www.reseau-mesure.com\/en\/formation-strategie-communication-digitale-en-ligne\/","name":"Formation Strat\u00e9gie Communication Digitale en ligne - R\u00e9seau Mesure","isPartOf":{"@id":"https:\/\/www.reseau-mesure.com\/#website"},"primaryImageOfPage":{"@id":"http:\/\/www.reseau-mesure.com\/en\/formation-strategie-communication-digitale-en-ligne\/#primaryimage"},"image":{"@id":"http:\/\/www.reseau-mesure.com\/en\/formation-strategie-communication-digitale-en-ligne\/#primaryimage"},"thumbnailUrl":"https:\/\/www.reseau-mesure.com\/wp-content\/uploads\/2018\/07\/Picto_datadocke-150x150.jpg","datePublished":"2020-06-08T13:18:26+00:00","dateModified":"2020-11-27T09:56:31+00:00","description":"Le salon measurement world est le salon de la mesure pour 2019. Les adh\u00e9rents du R\u00e9seau Mesure seront pr\u00e9sent. Informations et renseignements.","breadcrumb":{"@id":"http:\/\/www.reseau-mesure.com\/en\/formation-strategie-communication-digitale-en-ligne\/#breadcrumb"},"inLanguage":"de","potentialAction":[{"@type":"ReadAction","target":["http:\/\/www.reseau-mesure.com\/en\/formation-strategie-communication-digitale-en-ligne\/"]}]},{"@type":"ImageObject","inLanguage":"de","@id":"http:\/\/www.reseau-mesure.com\/en\/formation-strategie-communication-digitale-en-ligne\/#primaryimage","url":"https:\/\/www.reseau-mesure.com\/wp-content\/uploads\/2018\/07\/Picto_datadocke-150x150.jpg","contentUrl":"https:\/\/www.reseau-mesure.com\/wp-content\/uploads\/2018\/07\/Picto_datadocke-150x150.jpg"},{"@type":"BreadcrumbList","@id":"http:\/\/www.reseau-mesure.com\/en\/formation-strategie-communication-digitale-en-ligne\/#breadcrumb","itemListElement":[{"@type":"ListItem","position":1,"name":"Accueil","item":"https:\/\/www.reseau-mesure.com\/"},{"@type":"ListItem","position":2,"name":"Formation Strat\u00e9gie Communication Digitale en ligne"}]},{"@type":"WebSite","@id":"https:\/\/www.reseau-mesure.com\/#website","url":"https:\/\/www.reseau-mesure.com\/","name":"Netzwerk-Messung","description":"Netzwerkma\u00dfnahme","publisher":{"@id":"https:\/\/www.reseau-mesure.com\/#organization"},"potentialAction":[{"@type":"SearchAction","target":{"@type":"EntryPoint","urlTemplate":"https:\/\/www.reseau-mesure.com\/?s={search_term_string}"},"query-input":{"@type":"PropertyValueSpecification","valueRequired":true,"valueName":"search_term_string"}}],"inLanguage":"de"},{"@type":"Organization","@id":"https:\/\/www.reseau-mesure.com\/#organization","name":"Netzwerk-Messung","url":"https:\/\/www.reseau-mesure.com\/","logo":{"@type":"ImageObject","inLanguage":"de","@id":"https:\/\/www.reseau-mesure.com\/#\/schema\/logo\/image\/","url":"https:\/\/www.reseau-mesure.com\/wp-content\/uploads\/2018\/02\/logo-max.png","contentUrl":"https:\/\/www.reseau-mesure.com\/wp-content\/uploads\/2018\/02\/logo-max.png","width":545,"height":285,"caption":"R\u00e9seau-Mesure"},"image":{"@id":"https:\/\/www.reseau-mesure.com\/#\/schema\/logo\/image\/"},"sameAs":["https:\/\/www.facebook.com\/reseaumesure\/","https:\/\/x.com\/ReseauMesure","https:\/\/www.linkedin.com\/company\/reseau-mesure\/"]}]}},"_links":{"self":[{"href":"https:\/\/www.reseau-mesure.com\/de\/wp-json\/wp\/v2\/pages\/10461","targetHints":{"allow":["GET"]}}],"collection":[{"href":"https:\/\/www.reseau-mesure.com\/de\/wp-json\/wp\/v2\/pages"}],"about":[{"href":"https:\/\/www.reseau-mesure.com\/de\/wp-json\/wp\/v2\/types\/page"}],"author":[{"embeddable":true,"href":"https:\/\/www.reseau-mesure.com\/de\/wp-json\/wp\/v2\/users\/349"}],"replies":[{"embeddable":true,"href":"https:\/\/www.reseau-mesure.com\/de\/wp-json\/wp\/v2\/comments?post=10461"}],"version-history":[{"count":0,"href":"https:\/\/www.reseau-mesure.com\/de\/wp-json\/wp\/v2\/pages\/10461\/revisions"}],"wp:attachment":[{"href":"https:\/\/www.reseau-mesure.com\/de\/wp-json\/wp\/v2\/media?parent=10461"}],"curies":[{"name":"wp","href":"https:\/\/api.w.org\/{rel}","templated":true}]}}