{"id":10717,"date":"2020-07-17T12:00:41","date_gmt":"2020-07-17T10:00:41","guid":{"rendered":"https:\/\/www.reseau-mesure.com\/?page_id=10717"},"modified":"2020-07-23T12:21:23","modified_gmt":"2020-07-23T10:21:23","slug":"ressources-documentaires-accompagnement-reprise-suite-covid-19-juridique","status":"publish","type":"page","link":"https:\/\/www.reseau-mesure.com\/de\/ressources-documentaires-accompagnement-reprise-suite-covid-19-juridique\/","title":{"rendered":"Rechtliche - legislative - normative Entwicklungen ..."},"content":{"rendered":"<h1 >\n\t\t\tRecht: Rechtliche \u2013 legislative \u2013 normative Entwicklungen\u2026\n\t\t<\/h1>\n\t<h1>Wie soll man nach der Gesundheitskrise handeln?<\/h1>\n\t<p>&nbsp;<\/p>\n<h1>Optimierung der Wiederherstellung:<\/h1>\n<h2>Dekrete, Anordnungen \u2026 die offiziellen Texte, die die Haltung gegen\u00fcber der Coronavirus-Epidemie umrei\u00dfen<\/h2>\n<h3><strong><a href=\"https:\/\/www.entreprises.cci-paris-idf.fr\/coronavirus-covid-19-veille-reglementaire\" target=\"_blank\" rel=\"noopener noreferrer\">Coronavirus \/ COVID-19: Siehe die neuesten ver\u00f6ffentlichten Texte<\/a><\/strong><\/h3>\n<h2><a href=\"https:\/\/travail-emploi.gouv.fr\/le-ministere-en-action\/coronavirus-covid-19\/deconfinement-et-conditions-de-reprise-de-l-activite\/cadre-juridico-pratique-et-consignes-pour-la-reprise-de-l-activite\/\">Rechtspraktischer Rahmen und Anweisungen zur Wiederaufnahme der T\u00e4tigkeit<\/a><\/h2>\n<ul>\n<li><a href=\"https:\/\/travail-emploi.gouv.fr\/le-ministere-en-action\/coronavirus-covid-19\/article\/textes-reglementaires\" target=\"_blank\" rel=\"noopener noreferrer\">Regulierungstexte<\/a><\/li>\n<li><a href=\"https:\/\/travail-emploi.gouv.fr\/actualites\/presse\/communiques-de-presse\/article\/protocole-national-de-deconfinement-pour-les-entreprises-pour-assurer-la\" target=\"_blank\" rel=\"noopener noreferrer\">Dekonfinierungsprotokoll<\/a><\/li>\n<\/ul>\n<p>Seit dem 11. Mai 2020 befindet sich Frankreich in einer Phase der schrittweisen Dekonfinierung.<\/p>\n<p>Alle Informationen zur Dekonfinierungsstrategie finden Sie auf der Plattform:\u00a0<a href=\"https:\/\/www.gouvernement.fr\/info-coronavirus\" target=\"_blank\" rel=\"noopener noreferrer\">Government.fr\/info-coronavirus\u00a0<img decoding=\"async\" src=\"https:\/\/www.interieur.gouv.fr\/extension\/ow_miomcti_designs\/design\/miomcti_public\/images\/common\/external_link.png\" alt=\"external link\" \/><\/a><\/p>\n<ul>\n<li>Die Dekonfinierung des Landes begann am Montag, den 11. Mai. Die Wiederaufnahme der Wirtschaftst\u00e4tigkeit findet in \u00cele-de-France aufgrund der zentralen Rolle des \u00f6ffentlichen Verkehrs f\u00fcr die berufliche Mobilit\u00e4t einen ganz besonderen Grund. Um die Umsetzung von Gesundheitsma\u00dfnahmen f\u00fcr die Nutzer zu erleichtern, haben die MEDEF \u00cele-de-France und ihre Partner die definiert <strong><em>&quot;Organisatorische Vorkehrungen in \u00cele-de-France f\u00fcr die Nutzung \u00f6ffentlicher Verkehrsmittel w\u00e4hrend einer Zeit der Dekonfinierung&quot;<\/em><\/strong><strong>.<\/strong><\/li>\n<\/ul>\n<p>Im Rahmen dieses regionalen Abkommens haben sich Ile-de-France-Unternehmen daher verpflichtet, die Telearbeit zu f\u00f6rdern und die Ankunfts- und Abfahrtszeiten ihrer Mitarbeiter zu verschieben. Ein obligatorisches Reisezertifikat w\u00e4hrend der Sto\u00dfzeiten an Wochentagen ist jetzt erforderlich, um die soziale Distanzierung zu respektieren und eine bessere Verteilung der Anzahl der Personen zu erm\u00f6glichen, die in \u00cele-de-France reisen m\u00fcssen.<\/p>\n<p>Du wirst finden\u00a0<a href=\"http:\/\/email.mailgun2.assoconnect.com\/c\/eJwVjtGKwyAURL8meVOu2jTJQx6SLvsfVue2QjRFTfP768LAwMAcjl8cz7NFHxZNmmhQWt1b36SS2zxMP2bVK22PcZu27kbRhv11Ji1tKYc7UoKr0h2xfzfOiKeZeBiUVyORYhq9nsh4zcbYe78v71o_nVk7_dtyXZeM8GARPEvObfJoSA4JEakKVJHxyaFAeOtq-IYKgSTC3gYIzjY5tFefF_iT96M2wYwCe4qIcmb8m_0BbPNHqw\">\u00fcber diesen Link<\/a>\u00a0die regionale Charta, die Pressemitteilung und das Arbeitgeberzertifikat sowie die Fragen und Antworten zur Telearbeit.<\/p>\n<p><strong><em>Welche Verantwortung tr\u00e4gt der Unternehmensleiter, wenn im Unternehmen ein COVID 19-Ausbruch auftritt?<\/em><\/strong><\/p>\n<p>Im Rahmen von COVID-19 sind die von der Regierung empfohlenen Ma\u00dfnahmen erforderlich, insbesondere die Ma\u00dfnahmen zur Einhaltung von Barrieregesten und die Regeln f\u00fcr die Distanzierung.<\/p>\n<p>Laut Gesetz muss \u201eder Arbeitgeber die erforderlichen Ma\u00dfnahmen ergreifen, um die Sicherheit sowie die k\u00f6rperliche und geistige Gesundheit der Arbeitnehmer zu gew\u00e4hrleisten. Diese Ma\u00dfnahmen umfassen Ma\u00dfnahmen zur Verhinderung von Berufsrisiken, Informations- und Schulungsma\u00dfnahmen, den Aufbau einer Organisation und geeignete Mittel, &quot;und er muss sicherstellen&quot;, dass diese Ma\u00dfnahmen angepasst werden, um der \u00c4nderung Rechnung zu tragen. Umst\u00e4nde und neigen dazu, bestehende Situationen zu verbessern \u201c.<\/p>\nEs ist daher nicht Sache des Arbeitgebers, das Fehlen einer Gef\u00e4hrdung der Arbeitnehmer zu gew\u00e4hrleisten, sondern diese so weit wie m\u00f6glich zu vermeiden und sie, falls sie nicht zu vermeiden sind, regelm\u00e4\u00dfig zu bewerten, insbesondere gem\u00e4\u00df den Empfehlungen des Regierung, um dann alle notwendigen Ma\u00dfnahmen zum Schutz exponierter Arbeitnehmer zu ergreifen.<br \/>\nVor diesem Hintergrund m\u00fcssen die jeweiligen Verpflichtungen der Arbeitgeber, aber auch der Arbeitnehmer festgelegt werden.\n<strong>In der gegenw\u00e4rtigen Situation ist der Arbeitgeber daf\u00fcr verantwortlich:<\/strong><br \/>\neine Bewertung der an den Arbeitspl\u00e4tzen eingegangenen Risiken durchf\u00fchren, die je nach Art der auszuf\u00fchrenden Arbeiten nicht vermieden werden k\u00f6nnen;<br \/>\nauf der Grundlage dieser Bewertung die wichtigsten Pr\u00e4ventionsma\u00dfnahmen ermitteln;<br \/>\nPersonalvertreter in diese Arbeit einbeziehen;<br \/>\nWenn m\u00f6glich, wenden Sie sich an den Arbeitsmedizinischen Dienst, dessen Aufgabe es ist, Arbeitgeber, Arbeitnehmer und ihre Vertreter zu beraten und als solche n\u00fctzliche Informationen \u00fcber wirksame Schutzma\u00dfnahmen und deren Umsetzung zu empfehlen Zaun &quot;;<br \/>\ndie von den Gesundheitsbeh\u00f6rden empfohlenen Barrieregesten respektieren und durchsetzen.\n<p>Weiterlesen \u2026.<a href=\"https:\/\/travail-emploi.gouv.fr\/le-ministere-en-action\/coronavirus-covid-19\/proteger-les-travailleurs-les-emplois-les-savoir-faire-et-les-competences\/proteger-les-travailleurs\/article\/securite-et-sante-des-travailleurs-les-obligations-generales-de-l-employeur-et\">https:\/\/travail-emploi.gouv.fr\/le-ministere-en-action\/coronavirus-covid-19\/proteger-les-travailleurs-les-emplois-les-savoir-faire-et-les-competences\/proteger-les-travailleurs\/article\/securite-et-sante-des-travailleurs-les-obligations-generales-de-l-employeur-et<\/a><\/p>\n<p><u>Erg\u00e4nzung zur Telearbeit:<\/u><\/p>\n<p><a href=\"https:\/\/travail-emploi.gouv.fr\/le-ministere-en-action\/coronavirus-covid-19\/questions-reponses-par-theme\/article\/teletravail\">https:\/\/travail-emploi.gouv.fr\/le-ministere-en-action\/coronavirus-covid-19\/questions-reponses-par-theme\/article\/teletravail<\/a><\/p>\n<h2><\/h2>\n<h2><strong>SCHUTZMASSNAHMEN, PR\u00dcFUNGEN UND MASKEN\u00a0<\/strong><\/h2>\n<p>- Aktualisierung von\u00a0<a href=\"http:\/\/email.mailgun2.assoconnect.com\/c\/eJwVj8FOhDAURb-m7CSlLYUuWAwigyaY0ckouCvl1SFQOhZQ8OvF5Oxuzk1OmygthASvSwgmGDOKg4CGYewHfhQHKWYZZRnP7zmPEMNGdsPnMhJfTpNVdhxBzb6yxrsmDMesoYrxiLQQAI8CpuNQCg1cyFZjb0iu83xD9IBIvrNbZhk7JefOjr6BFrSv3T4UZ0TzBtGseFH9I-4b-7y90WO-DfiD_Gi30lp32a1fnorjhsU7_uJrJX7LaU7PItvWzaiqfi01R4Sr_YZupwcuTqUrq7oh3zXTF5MePJdAu-jBznuWgwnkcmdgWhz89_wBZk5XZg\"><strong>Ma\u00dfnahmen zu ergreifen<\/strong><\/a>\u00a0vom Arbeitgeber zum Schutz der Gesundheit der Arbeitnehmer<\/p>\n<p>- Das Update der<a href=\"http:\/\/email.mailgun2.assoconnect.com\/c\/eJwVj81OhDAYRZ8GdpK2XymwYAGDMCbizAQ1jhvTltYhQKv8CPj0YnJ3J_ckp46ljiKu3CYmiCBEAWEMvh962AtCnCKaAc1YfmAscCjqedN9zoZ4fByttMYoOXnS9u4tDumuYdJXSPuRz5nQAFwRgSVQTCB0u_g2TV8OJA7J9-2vfjaN5FNjjderWmlPDzs4Vg7kwoHseJHtA2qFfdpeoci3Dr2TRXSPvEv837Sot-92rWElxgSHdR6es7Iqq6X4uIj1FJ2axSFM7hrYzvcsOpdD-XYV5OdK9UufJu4Qq3rWnZ32rEGNis93vRrnQf33_AF8ZVee\"><strong>\u00a0Stecker<\/strong><\/a>\u00a0auf die Verpflichtungen des Arbeitgebers<\/p>\n<p>- Der Unterschied\u00a0<a href=\"http:\/\/email.mailgun2.assoconnect.com\/c\/eJwVj82OgjAYRZ8GdjalhQILFiqDTDKaqpGoG1ParwMRWsOPBp5-mOTsbs5NjkqkjmMBbp0QTDD2KfY8GgQR8lAYeRvsp9RPWbZlLHR83Iq6-R0NQaLvrbTGgByQtK1bJSEOIYxjpoRfUiCKaAik1BGNNC61Im6TVMPwcujaIdnCYrWjqaUYamtQCwo00t0y5GeHZqVD0_won9_4WdrDVNBdNjX4Tj6n15nMpuDVz07g43R6PR78zWZeKE3zexrN9Yfb63xYDVuHMLnc0Il_sZjvu_31VpL3zdeXdrN2uwTUqBs7LFkd9CDGVQv92MF_zx_JuFfg\"><strong>F\u00fchrer<\/strong><\/a>\u00a0Gesundheitssicherheit f\u00fcr Verb\u00e4nde zur Gesch\u00e4ftskontinuit\u00e4t nach Gesch\u00e4ftsbereichen<\/p>\n<p>- Das\u00a0<a href=\"http:\/\/email.mailgun2.assoconnect.com\/c\/eJwVj8lugzAABb8GbrG8YjhwCCGEqM2C0kZNL5Vt7MQNNoilFX9fKs3taZ40dapMkggd2hRDDCElECHCWAwQ4DHKIM0JzaNiE0U8oNAJ29wnj4EYhla13ms1AtW68JFSFmPJoMERxtzEXGnCJeUSJRIpRWnYpI9x7AKyDnCxsFhu8laJ0bYeOF1rA0y_DOUlIIUMSF5W6rmHT9ke5yvZFXMDP_HvtZMV64S3Vd7ZL_OWZKdV_XrauRLdt9_7RvqqeNnwY3lhAY7UckPm8zZKzof-8HGT-OdGzbvL1mGf6noyTTsuWb0etJhWTg9Tr_97_gDTIFX6\"><strong>Unternehmensratgeber mit Blick auf covid 19\u00a0<\/strong><\/a>des Arbeitsministeriums<\/p>\n<p>Da die Telearbeit in den kommenden Monaten sehr wahrscheinlich fortgesetzt wird, bieten wir Ihnen einige Ratschl\u00e4ge, wie Sie die Distanz zwischen den Teams am besten bew\u00e4ltigen k\u00f6nnen, um eine Verbindung und damit eine Arbeitsdynamik aufrechtzuerhalten.<\/p>\n<p>&nbsp;<\/p>\n\t<p>&nbsp;<\/p>\n<h1>Wir bieten thematische Webinare an, um Ihre Fragen zu beantworten:<\/h1>\n<p>&nbsp;<\/p>\n<p>COVID-19 - <strong>Die rechtlichen Auswirkungen der Krise<\/strong>\u00a0: <a href=\"https:\/\/wenner.eu\/fr\/la-table-ronde-de-wenner-covid-19\/\">https:\/\/wenner.eu\/fr\/la-table-ronde-de-wenner-covid-19\/<\/a><\/p>\n<p>COVID-19 - <strong>Die Verantwortung der Muttergesellschaft und der Manager f\u00fcr ihre franz\u00f6sische (n) Tochtergesellschaft (en)<\/strong>\u00a0: <a href=\"https:\/\/wenner.eu\/fr\/video-covid-19-la-responsabilite-de-la-maison-mere-et-des-dirigeants-pour-leurs-filiales-francaises\/\">https:\/\/wenner.eu\/fr\/video-covid-19-la-responsabilite-de-la-maison-mere-et-des-dirigeants-pour-leurs-filiales-francaises\/<\/a><\/p>\n<p>&nbsp;<\/p>\n\t\t\t<a href=\"https:\/\/www.reseau-mesure.com\/de\/ressources-documentaires\/\" target=\"_self\" role=\"button\" rel=\"noopener noreferrer\">\n\t\t\t\t\t\t\tZur\u00fcck zu den Dokumentationsressourcen\n\t\t\t\t\t<\/a>","protected":false},"excerpt":{"rendered":"<p>Legal: Legal - Legislative - Normative Entwicklungen\u2026 Wie soll man nach der Gesundheitskrise handeln? Optimierung der Genesung: Dekrete, Anordnungen ... die offiziellen Texte, die die Haltung gegen\u00fcber der Coronavirus-Epidemie regeln Coronavirus \/ COVID-19: Konsultieren Sie die neuesten ver\u00f6ffentlichten Texte. Rechtspraktischer Rahmen und Anweisungen zur Wiederaufnahme der Aktivit\u00e4t Texte .. .<\/p>","protected":false},"author":685,"featured_media":0,"parent":0,"menu_order":0,"comment_status":"closed","ping_status":"closed","template":"","meta":{"_acf_changed":false,"footnotes":""},"class_list":["post-10717","page","type-page","status-publish","hentry"],"acf":[],"yoast_head":"<!-- This site is optimized with the Yoast SEO plugin v27.4 - https:\/\/yoast.com\/product\/yoast-seo-wordpress\/ -->\n<title>Evolutions juridiques - l\u00e9gislatives \u2013 normatives \u2026 - R\u00e9seau Mesure<\/title>\n<meta name=\"description\" content=\"L&#039;accompagnement du dirigeant est une mission prioritaire du R\u00e9seau Mesure. La solitude du chef d&#039;entreprise n&#039;est plus un probl\u00e8me.\" \/>\n<meta name=\"robots\" content=\"index, follow, max-snippet:-1, max-image-preview:large, max-video-preview:-1\" \/>\n<link rel=\"canonical\" href=\"https:\/\/www.reseau-mesure.com\/de\/ressources-documentaires-accompagnement-reprise-suite-covid-19-juridique\/\" \/>\n<meta property=\"og:locale\" content=\"de_DE\" \/>\n<meta property=\"og:type\" content=\"article\" \/>\n<meta property=\"og:title\" content=\"Evolutions juridiques - l\u00e9gislatives \u2013 normatives \u2026 - R\u00e9seau Mesure\" \/>\n<meta property=\"og:description\" content=\"L&#039;accompagnement du dirigeant est une mission prioritaire du R\u00e9seau Mesure. La solitude du chef d&#039;entreprise n&#039;est plus un probl\u00e8me.\" \/>\n<meta property=\"og:url\" content=\"https:\/\/www.reseau-mesure.com\/de\/ressources-documentaires-accompagnement-reprise-suite-covid-19-juridique\/\" \/>\n<meta property=\"og:site_name\" content=\"R\u00e9seau Mesure\" \/>\n<meta property=\"article:publisher\" content=\"https:\/\/www.facebook.com\/reseaumesure\/\" \/>\n<meta property=\"article:modified_time\" content=\"2020-07-23T10:21:23+00:00\" \/>\n<meta property=\"og:image\" content=\"https:\/\/www.interieur.gouv.fr\/extension\/ow_miomcti_designs\/design\/miomcti_public\/images\/common\/external_link.png\" \/>\n<meta name=\"twitter:card\" content=\"summary_large_image\" \/>\n<meta name=\"twitter:site\" content=\"@ReseauMesure\" \/>\n<meta name=\"twitter:label1\" content=\"Gesch\u00e4tzte Lesezeit\" \/>\n\t<meta name=\"twitter:data1\" content=\"4\u00a0Minuten\" \/>\n<script type=\"application\/ld+json\" class=\"yoast-schema-graph\">{\"@context\":\"https:\\\/\\\/schema.org\",\"@graph\":[{\"@type\":\"WebPage\",\"@id\":\"https:\\\/\\\/www.reseau-mesure.com\\\/de\\\/ressources-documentaires-accompagnement-reprise-suite-covid-19-juridique\\\/\",\"url\":\"https:\\\/\\\/www.reseau-mesure.com\\\/de\\\/ressources-documentaires-accompagnement-reprise-suite-covid-19-juridique\\\/\",\"name\":\"Evolutions juridiques - l\u00e9gislatives \u2013 normatives \u2026 - R\u00e9seau Mesure\",\"isPartOf\":{\"@id\":\"https:\\\/\\\/www.reseau-mesure.com\\\/#website\"},\"primaryImageOfPage\":{\"@id\":\"https:\\\/\\\/www.reseau-mesure.com\\\/de\\\/ressources-documentaires-accompagnement-reprise-suite-covid-19-juridique\\\/#primaryimage\"},\"image\":{\"@id\":\"https:\\\/\\\/www.reseau-mesure.com\\\/de\\\/ressources-documentaires-accompagnement-reprise-suite-covid-19-juridique\\\/#primaryimage\"},\"thumbnailUrl\":\"https:\\\/\\\/www.interieur.gouv.fr\\\/extension\\\/ow_miomcti_designs\\\/design\\\/miomcti_public\\\/images\\\/common\\\/external_link.png\",\"datePublished\":\"2020-07-17T10:00:41+00:00\",\"dateModified\":\"2020-07-23T10:21:23+00:00\",\"description\":\"L'accompagnement du dirigeant est une mission prioritaire du R\u00e9seau Mesure. La solitude du chef d'entreprise n'est plus un probl\u00e8me.\",\"breadcrumb\":{\"@id\":\"https:\\\/\\\/www.reseau-mesure.com\\\/de\\\/ressources-documentaires-accompagnement-reprise-suite-covid-19-juridique\\\/#breadcrumb\"},\"inLanguage\":\"de\",\"potentialAction\":[{\"@type\":\"ReadAction\",\"target\":[\"https:\\\/\\\/www.reseau-mesure.com\\\/de\\\/ressources-documentaires-accompagnement-reprise-suite-covid-19-juridique\\\/\"]}]},{\"@type\":\"ImageObject\",\"inLanguage\":\"de\",\"@id\":\"https:\\\/\\\/www.reseau-mesure.com\\\/de\\\/ressources-documentaires-accompagnement-reprise-suite-covid-19-juridique\\\/#primaryimage\",\"url\":\"https:\\\/\\\/www.interieur.gouv.fr\\\/extension\\\/ow_miomcti_designs\\\/design\\\/miomcti_public\\\/images\\\/common\\\/external_link.png\",\"contentUrl\":\"https:\\\/\\\/www.interieur.gouv.fr\\\/extension\\\/ow_miomcti_designs\\\/design\\\/miomcti_public\\\/images\\\/common\\\/external_link.png\"},{\"@type\":\"BreadcrumbList\",\"@id\":\"https:\\\/\\\/www.reseau-mesure.com\\\/de\\\/ressources-documentaires-accompagnement-reprise-suite-covid-19-juridique\\\/#breadcrumb\",\"itemListElement\":[{\"@type\":\"ListItem\",\"position\":1,\"name\":\"Accueil\",\"item\":\"https:\\\/\\\/www.reseau-mesure.com\\\/\"},{\"@type\":\"ListItem\",\"position\":2,\"name\":\"Evolutions juridiques &#8211; l\u00e9gislatives \u2013 normatives \u2026\"}]},{\"@type\":\"WebSite\",\"@id\":\"https:\\\/\\\/www.reseau-mesure.com\\\/#website\",\"url\":\"https:\\\/\\\/www.reseau-mesure.com\\\/\",\"name\":\"R\u00e9seau-Mesure\",\"description\":\"R\u00e9seau Mesure\",\"publisher\":{\"@id\":\"https:\\\/\\\/www.reseau-mesure.com\\\/#organization\"},\"potentialAction\":[{\"@type\":\"SearchAction\",\"target\":{\"@type\":\"EntryPoint\",\"urlTemplate\":\"https:\\\/\\\/www.reseau-mesure.com\\\/?s={search_term_string}\"},\"query-input\":{\"@type\":\"PropertyValueSpecification\",\"valueRequired\":true,\"valueName\":\"search_term_string\"}}],\"inLanguage\":\"de\"},{\"@type\":\"Organization\",\"@id\":\"https:\\\/\\\/www.reseau-mesure.com\\\/#organization\",\"name\":\"R\u00e9seau-Mesure\",\"url\":\"https:\\\/\\\/www.reseau-mesure.com\\\/\",\"logo\":{\"@type\":\"ImageObject\",\"inLanguage\":\"de\",\"@id\":\"https:\\\/\\\/www.reseau-mesure.com\\\/#\\\/schema\\\/logo\\\/image\\\/\",\"url\":\"https:\\\/\\\/www.reseau-mesure.com\\\/wp-content\\\/uploads\\\/2018\\\/02\\\/logo-max.png\",\"contentUrl\":\"https:\\\/\\\/www.reseau-mesure.com\\\/wp-content\\\/uploads\\\/2018\\\/02\\\/logo-max.png\",\"width\":545,\"height\":285,\"caption\":\"R\u00e9seau-Mesure\"},\"image\":{\"@id\":\"https:\\\/\\\/www.reseau-mesure.com\\\/#\\\/schema\\\/logo\\\/image\\\/\"},\"sameAs\":[\"https:\\\/\\\/www.facebook.com\\\/reseaumesure\\\/\",\"https:\\\/\\\/x.com\\\/ReseauMesure\",\"https:\\\/\\\/www.linkedin.com\\\/company\\\/reseau-mesure\\\/\"]}]}<\/script>\n<!-- \/ Yoast SEO plugin. -->","yoast_head_json":{"title":"Evolutions juridiques - l\u00e9gislatives \u2013 normatives \u2026 - R\u00e9seau Mesure","description":"L'accompagnement du dirigeant est une mission prioritaire du R\u00e9seau Mesure. La solitude du chef d'entreprise n'est plus un probl\u00e8me.","robots":{"index":"index","follow":"follow","max-snippet":"max-snippet:-1","max-image-preview":"max-image-preview:large","max-video-preview":"max-video-preview:-1"},"canonical":"https:\/\/www.reseau-mesure.com\/de\/ressources-documentaires-accompagnement-reprise-suite-covid-19-juridique\/","og_locale":"de_DE","og_type":"article","og_title":"Evolutions juridiques - l\u00e9gislatives \u2013 normatives \u2026 - R\u00e9seau Mesure","og_description":"L'accompagnement du dirigeant est une mission prioritaire du R\u00e9seau Mesure. La solitude du chef d'entreprise n'est plus un probl\u00e8me.","og_url":"https:\/\/www.reseau-mesure.com\/de\/ressources-documentaires-accompagnement-reprise-suite-covid-19-juridique\/","og_site_name":"R\u00e9seau Mesure","article_publisher":"https:\/\/www.facebook.com\/reseaumesure\/","article_modified_time":"2020-07-23T10:21:23+00:00","og_image":[{"url":"https:\/\/www.interieur.gouv.fr\/extension\/ow_miomcti_designs\/design\/miomcti_public\/images\/common\/external_link.png","type":"","width":"","height":""}],"twitter_card":"summary_large_image","twitter_site":"@ReseauMesure","twitter_misc":{"Gesch\u00e4tzte Lesezeit":"4\u00a0Minuten"},"schema":{"@context":"https:\/\/schema.org","@graph":[{"@type":"WebPage","@id":"https:\/\/www.reseau-mesure.com\/de\/ressources-documentaires-accompagnement-reprise-suite-covid-19-juridique\/","url":"https:\/\/www.reseau-mesure.com\/de\/ressources-documentaires-accompagnement-reprise-suite-covid-19-juridique\/","name":"Evolutions juridiques - l\u00e9gislatives \u2013 normatives \u2026 - R\u00e9seau Mesure","isPartOf":{"@id":"https:\/\/www.reseau-mesure.com\/#website"},"primaryImageOfPage":{"@id":"https:\/\/www.reseau-mesure.com\/de\/ressources-documentaires-accompagnement-reprise-suite-covid-19-juridique\/#primaryimage"},"image":{"@id":"https:\/\/www.reseau-mesure.com\/de\/ressources-documentaires-accompagnement-reprise-suite-covid-19-juridique\/#primaryimage"},"thumbnailUrl":"https:\/\/www.interieur.gouv.fr\/extension\/ow_miomcti_designs\/design\/miomcti_public\/images\/common\/external_link.png","datePublished":"2020-07-17T10:00:41+00:00","dateModified":"2020-07-23T10:21:23+00:00","description":"L'accompagnement du dirigeant est une mission prioritaire du R\u00e9seau Mesure. La solitude du chef d'entreprise n'est plus un probl\u00e8me.","breadcrumb":{"@id":"https:\/\/www.reseau-mesure.com\/de\/ressources-documentaires-accompagnement-reprise-suite-covid-19-juridique\/#breadcrumb"},"inLanguage":"de","potentialAction":[{"@type":"ReadAction","target":["https:\/\/www.reseau-mesure.com\/de\/ressources-documentaires-accompagnement-reprise-suite-covid-19-juridique\/"]}]},{"@type":"ImageObject","inLanguage":"de","@id":"https:\/\/www.reseau-mesure.com\/de\/ressources-documentaires-accompagnement-reprise-suite-covid-19-juridique\/#primaryimage","url":"https:\/\/www.interieur.gouv.fr\/extension\/ow_miomcti_designs\/design\/miomcti_public\/images\/common\/external_link.png","contentUrl":"https:\/\/www.interieur.gouv.fr\/extension\/ow_miomcti_designs\/design\/miomcti_public\/images\/common\/external_link.png"},{"@type":"BreadcrumbList","@id":"https:\/\/www.reseau-mesure.com\/de\/ressources-documentaires-accompagnement-reprise-suite-covid-19-juridique\/#breadcrumb","itemListElement":[{"@type":"ListItem","position":1,"name":"Accueil","item":"https:\/\/www.reseau-mesure.com\/"},{"@type":"ListItem","position":2,"name":"Evolutions juridiques &#8211; l\u00e9gislatives \u2013 normatives \u2026"}]},{"@type":"WebSite","@id":"https:\/\/www.reseau-mesure.com\/#website","url":"https:\/\/www.reseau-mesure.com\/","name":"Netzwerk-Messung","description":"Netzwerkma\u00dfnahme","publisher":{"@id":"https:\/\/www.reseau-mesure.com\/#organization"},"potentialAction":[{"@type":"SearchAction","target":{"@type":"EntryPoint","urlTemplate":"https:\/\/www.reseau-mesure.com\/?s={search_term_string}"},"query-input":{"@type":"PropertyValueSpecification","valueRequired":true,"valueName":"search_term_string"}}],"inLanguage":"de"},{"@type":"Organization","@id":"https:\/\/www.reseau-mesure.com\/#organization","name":"Netzwerk-Messung","url":"https:\/\/www.reseau-mesure.com\/","logo":{"@type":"ImageObject","inLanguage":"de","@id":"https:\/\/www.reseau-mesure.com\/#\/schema\/logo\/image\/","url":"https:\/\/www.reseau-mesure.com\/wp-content\/uploads\/2018\/02\/logo-max.png","contentUrl":"https:\/\/www.reseau-mesure.com\/wp-content\/uploads\/2018\/02\/logo-max.png","width":545,"height":285,"caption":"R\u00e9seau-Mesure"},"image":{"@id":"https:\/\/www.reseau-mesure.com\/#\/schema\/logo\/image\/"},"sameAs":["https:\/\/www.facebook.com\/reseaumesure\/","https:\/\/x.com\/ReseauMesure","https:\/\/www.linkedin.com\/company\/reseau-mesure\/"]}]}},"_links":{"self":[{"href":"https:\/\/www.reseau-mesure.com\/de\/wp-json\/wp\/v2\/pages\/10717","targetHints":{"allow":["GET"]}}],"collection":[{"href":"https:\/\/www.reseau-mesure.com\/de\/wp-json\/wp\/v2\/pages"}],"about":[{"href":"https:\/\/www.reseau-mesure.com\/de\/wp-json\/wp\/v2\/types\/page"}],"author":[{"embeddable":true,"href":"https:\/\/www.reseau-mesure.com\/de\/wp-json\/wp\/v2\/users\/685"}],"replies":[{"embeddable":true,"href":"https:\/\/www.reseau-mesure.com\/de\/wp-json\/wp\/v2\/comments?post=10717"}],"version-history":[{"count":0,"href":"https:\/\/www.reseau-mesure.com\/de\/wp-json\/wp\/v2\/pages\/10717\/revisions"}],"wp:attachment":[{"href":"https:\/\/www.reseau-mesure.com\/de\/wp-json\/wp\/v2\/media?parent=10717"}],"curies":[{"name":"wp","href":"https:\/\/api.w.org\/{rel}","templated":true}]}}