{"id":10719,"date":"2020-07-17T12:04:54","date_gmt":"2020-07-17T10:04:54","guid":{"rendered":"https:\/\/www.reseau-mesure.com\/?page_id=10719"},"modified":"2021-08-16T15:25:35","modified_gmt":"2021-08-16T13:25:35","slug":"ressources-documentaires-accompagnement-reprise-suite-covid-19-relances-commerciales","status":"publish","type":"page","link":"https:\/\/www.reseau-mesure.com\/de\/ressources-documentaires-accompagnement-reprise-suite-covid-19-relances-commerciales\/","title":{"rendered":"Gesch\u00e4ftsimpulse, wirtschaftliche Entwicklung"},"content":{"rendered":"\n\n\t\t<h1>\n\t\t\tRelances commerciales, d\u00e9veloppement \u00e9conomique\n\t\t\t\tD\u00e9velopper son chiffre d&rsquo;affaires en p\u00e9riode de crise\n\t\t<\/h1>\n\t<h1>Comment agir apr\u00e8s la crise sanitaire ?<\/h1>\n\t<p>&nbsp;<\/p>\n<ul>\n<li><strong><em>Comment d\u00e9velopper de nouvelles m\u00e9thodes commerciales pour les commerciaux itin\u00e9rants\u00a0?<\/em><\/strong><\/li>\n<li><strong><em>Les clients habituels peuvent \u00eatre travaill\u00e9s en visio-conf\u00e9rence (compr\u00e9hension technique + formation) mais quid de la prospection\u00a0?<\/em><\/strong><\/li>\n<li><strong><em>Comment contourner les difficult\u00e9s actuelles des clients\u00a0?<\/em><\/strong>\n<ul>\n<li><strong><em>Probl\u00e9matique d&rsquo;investissements<\/em><\/strong><\/li>\n<li><strong><em>Probl\u00e9matique de d\u00e9placements<\/em><\/strong><\/li>\n<\/ul>\n<\/li>\n<\/ul>\n<p>&nbsp;<\/p>\n<h1><strong>Continuer \u00e0 vendre ce que l&rsquo;on vendait avant mais diff\u00e9remment<\/strong><\/h1>\n<p>Compenser la baisse due aux difficult\u00e9s de certains march\u00e9s tels que l&rsquo;a\u00e9ronautique et l&rsquo;automobile\u00a0: r\u00e9inventer\/r\u00e9orienter son offre services.<\/p>\n<ul>\n<li><strong>\u00a0Mise en place de webinars techniques\u00a0\/contenus<\/strong>\n<ul>\n<li>Difficult\u00e9 de cadrer l&rsquo;information technique et commerciale mais efficace.<\/li>\n<li>Composition d&rsquo;une biblioth\u00e8que de contenu.<\/li>\n<\/ul>\n<\/li>\n<\/ul>\n\n<ul>\n<li>Relancer les clients afin de prendre de leurs nouvelles et enclencher \u00e9ventuellement des commandes compl\u00e9mentaires en adaptant l&rsquo;offre.<\/li>\n<li>D\u00e9velopper sa communication sur les r\u00e9seaux sociaux &#8211;\u00a0 <a href=\"https:\/\/www.reseau-mesure.com\/communication\/\">groupe de travail communication digitale.<\/a><\/li>\n<li>Utiliser <a href=\"https:\/\/www.reseau-mesure.com\/mesures-solutions-expo\/\">Mesures Solutions EXPO<\/a> pour communiquer.<\/li>\n<li>Utiliser le <a href=\"https:\/\/www.reseau-mesure.com\/wp-content\/uploads\/2020\/03\/PLAN-MEDIA-2020-RESEAU-MESURE.pdf\">plan m\u00e9dia du R\u00e9seau Mesure.<\/a><\/li>\n<li>Utiliser de nouveaux outils tels que le <a href=\"https:\/\/www.reseau-mesure.com\/livre-blanc\/\">livre blanc.<\/a><\/li>\n<li>D\u00e9velopper la formation &#8211; comment vendre \u00e0 distance ?\n<ul>\n<li>Formation propos\u00e9es par le R\u00e9seau Mesure <a href=\"https:\/\/www.reseau-mesure.com\/formation-4-2\/\">\u00ab\u00a0La strat\u00e9gie de communication digitale -E-Formation\u00a0\u00bb<\/a><\/li>\n<li>Dans le cadre des travaux conjoints entre le CIFL et le R\u00e9seau Mesure des formations \u00ab Manager \u00e0 distance \u00bb et \u00ab vendre \u00e0 distance\u00a0 \u00bb seront mises en place pour la rentr\u00e9e.<\/li>\n<\/ul>\n<\/li>\n<\/ul>\n\t<table>\n<tbody>\n<tr>\n<td>\n<table width=\"290\">\n<tbody>\n<tr>\n<td>\n<h2><strong>Vendre et manager \u00e0 distance\u00a0<\/strong><strong>avec QWANTIQ et le CIFL<\/strong><\/h2>\n<p>Teams, Zoom, Go to Webinar&#8230;autant de mots devenus communs pendant le confinement et qui ont \u00e9t\u00e9 largement utilis\u00e9s pour rester en contact avec ses clients<\/p>\n<p>ou\u00a0manager les \u00e9quipes.<\/p>\n<p>Nombre de soci\u00e9t\u00e9s s&rsquo;interrogent actuellement sur la mani\u00e8re de faire \u00e9voluer leurs pratiques manag\u00e9riales et commerciales en y int\u00e9grant de mani\u00e8re durable<\/p>\n<p>ces nouveaux modes de communication. Nous tenterons, lors de ce webinar, de partager avec Qwantiq quelques id\u00e9es sur le management \u00e0 distance et nous<\/p>\n<p>vous pr\u00e9senterons les nouveaux programmes con\u00e7us sur le\u00a0<strong><u><a href=\"http:\/\/eye.newscifl.com\/c?p=wATNAWbCxBDQwtDS-dDTeNCP0KdA0JTQ2xBvZkLpQMQQaiZ-0N9y0JD0RdC-0KLQwtC0FtC2NNCw2SNodHRwczovL2Zvcm1zLmdsZS9OQ0FISG1tWVdxdVVnZTdNNqQxMDQ5xBDQtNCcdPjQrUU4SdCgPEhX0L5-b9CwsGV5ZS5uZXdzY2lmbC5jb23EFDvm0IDQzNCu0NA26dC_HW5g0IQzeNDDVD3Qyfk\">management et la vente \u00e0 distance<\/a><\/u><\/strong>\u00a0pour nos adh\u00e9rents\u00a0!<\/p>\n<strong><u><a href=\"http:\/\/eye.newscifl.com\/c?p=wATNAWbCxBDQwtDS-dDTeNCP0KdA0JTQ2xBvZkLpQMQQ0KrwVQ_QjSUWTtC7JQPQuRvw-dDe2SNodHRwczovL2Zvcm1zLmdsZS9OQ0FISG1tWVdxdVVnZTdNNqQxMDQ5xBDQtNCcdPjQrUU4SdCgPEhX0L5-b9CwsGV5ZS5uZXdzY2lmbC5jb23EFDvm0IDQzNCu0NA26dC_HW5g0IQzeNDDVD3Qyfk\">Je m&rsquo;inscris<\/a><\/u><\/strong><\/td>\n<\/tr>\n<\/tbody>\n<\/table>\n<\/td>\n<\/tr>\n<\/tbody>\n<\/table>\n<table width=\"100%\">\n<tbody>\n<tr>\n<td><\/td>\n<\/tr>\n<\/tbody>\n<\/table>\n\t<p>&nbsp;<\/p>\n<h1><strong><em>L&rsquo;appui au traitement d&rsquo;un conflit avec des clients ou fournisseurs :<\/em><\/strong><\/h1>\n<ul>\n<li>Saisir le m\u00e9diateur des entreprises\u00a0: <a href=\"https:\/\/www.mieist.bercy.gouv.fr\/\">https:\/\/www.mieist.bercy.gouv.fr\/<\/a><\/li>\n<li>Ecrire au m\u00e9diateur des entreprises\u00a0: <a href=\"https:\/\/www.economie.gouv.fr\/mediateur-des-entreprises\/contactez-mediateur-des-entreprises\">https:\/\/www.economie.gouv.fr\/mediateur-des-entreprises\/contactez-mediateur-des-entreprises<\/a><\/li>\n<\/ul>\n<p>S&rsquo;agissant des march\u00e9s publics, nous vous rappelons que l&rsquo;Etat a reconnu le Coronavirus comme un cas de force majeure pour ses march\u00e9s publics : aucune p\u00e9nalit\u00e9 de retard ne pourra donc \u00eatre appliqu\u00e9e.<\/p>\n<p>Concernant les march\u00e9s publics des collectivit\u00e9s territoriales, le Ministre Bruno Le Maire a recommand\u00e9 la non-applicabilit\u00e9 des p\u00e9nalit\u00e9s de retard aux entreprises, mais il reviendra \u00e0 chaque collectivit\u00e9 d&rsquo;en d\u00e9cider.<\/p>\n\n<table width=\"100%\">\n<tbody>\n<tr>\n<td><strong>Pourquoi faire appel \u00e0 la m\u00e9diation des entreprises\u00a0?<\/strong><\/td>\n<\/tr>\n<\/tbody>\n<\/table>\n<table width=\"100%\">\n<tbody>\n<tr>\n<td>L&rsquo;action du m\u00e9diateur des entreprises s&rsquo;est av\u00e9r\u00e9e vitale au plus fort de la crise du Covid : avec 600 demandes par semaine, le nombre de saisines a \u00e9t\u00e9 multipli\u00e9 par 10. Mais quelles sont ses missions ? Comment et pourquoi faire appel \u00e0 lui ?\n<a href=\"https:\/\/www.economie.gouv.fr\/entreprises\/mediation-entreprises?xtor=ES-29-[BIE_218_20200716]-20200716-[https:\/\/www.economie.gouv.fr\/entreprises\/mediation-entreprises]\">En savoir plus &#8230;<\/a><\/td>\n<\/tr>\n<\/tbody>\n<\/table>\n<p>&nbsp;<\/p>\n<table width=\"100%\">\n<tbody>\n<tr>\n<td><\/td>\n<\/tr>\n<\/tbody>\n<\/table>\n\t<h1>Inscriptions \u00e0 la formation \u00ab\u00a0Appli industrielle\u00a0\u00bb<\/h1>\n<img loading=\"lazy\" decoding=\"async\" src=\"https:\/\/www.entreprendre-cergypontoise.fr\/sites\/cacp-entreprendre\/files\/styles\/contenu\/public\/image\/2021-07\/DSC_9937.jpg?itok=SsgCI5HG\" alt=\"Appli industrielle 2021\" width=\"571\" height=\"380\" \/>\n<p>Avec la formation \u00ab\u00a0Appli industrielle\u00a0\u00bb, ensemble, les industriels de Cergy-Pontoise acc\u00e9l\u00e8rent leurs performances !\u00a0Programme construit et cofinanc\u00e9 majoritairement par la Chambre de commerce et d&rsquo;industrie du Val-d&rsquo;Oise et la Communaut\u00e9 d&rsquo;Agglom\u00e9ration de Cergy-Pontoise.<\/p>\nPour mieux comprendre avant d&rsquo;agir, trouver de nouveaux d\u00e9bouch\u00e9s, optimiser votre performance : rejoignez<br \/>\nle r\u00e9seau d&rsquo;industriels anim\u00e9 par des industriels\n<ul>\n<li>Groupe de 10 dirigeants<\/li>\n<li>Programme sur 1 an<\/li>\n<li>10 ateliers annuels<\/li>\n<\/ul>\n<h2>D\u00e9roulement de la formation<\/h2>\n<p>1. \u00c9change individuel avec un expert de l&rsquo;industrie pour identifier les sujets qui vous animent (ex : excellence op\u00e9rationnelle, performance industrielle, management complexe&#8230;)<\/p>\n<p>2.\u00a0Synth\u00e8se des th\u00e8mes et \u00e9laboration collective de votre plan d&rsquo;action (cycles de 3 \u00e0 4 ateliers)<\/p>\n3.\u00a0Cycle de s\u00e9ances anim\u00e9es par un expert industriel dans vos locaux :<br \/>\n\u2022 Apports th\u00e9oriques et m\u00e9thodologiques<br \/>\n\u2022 Mise en application<br \/>\n\u2022 Retour d&rsquo;exp\u00e9riences\n<a href=\"https:\/\/www.entreprendre-cergypontoise.fr\/covid-19-info-entreprises\/plan-france-relance\/inscriptions-la-formation-appli-industrielle\">En savoir plus<\/a>\n\t\t\t<a href=\"https:\/\/www.reseau-mesure.com\/ressources-documentaires\/\" target=\"_self\" role=\"button\" rel=\"noopener\">\n\t\t\t\t\t\t\tRetour aux ressources documentaires\n\t\t\t\t\t<\/a>\n\n","protected":false},"excerpt":{"rendered":"<p>Gesch\u00e4ftsanreize, wirtschaftliche Entwicklung Umsatzentwicklung in Krisenzeiten Wie soll nach der Gesundheitskrise gehandelt werden? Wie entwickelt man neue Gesch\u00e4ftsmethoden f\u00fcr reisende Verk\u00e4ufer? \u00dcbliche Kunden k\u00f6nnen per Videokonferenz bearbeitet werden (technisches Verst\u00e4ndnis + Schulung), aber was ist mit Prospektion? Wie kann man die aktuellen Schwierigkeiten der Kunden umgehen? Problem ...<\/p>","protected":false},"author":685,"featured_media":0,"parent":0,"menu_order":0,"comment_status":"closed","ping_status":"closed","template":"","meta":{"_acf_changed":false,"footnotes":""},"class_list":["post-10719","page","type-page","status-publish","hentry"],"acf":[],"yoast_head":"<!-- This site is optimized with the Yoast SEO plugin v27.3 - https:\/\/yoast.com\/product\/yoast-seo-wordpress\/ -->\n<title>Relances commerciales, d\u00e9veloppement \u00e9conomique - R\u00e9seau Mesure<\/title>\n<meta name=\"description\" content=\"L&#039;accompagnement du dirigeant est une mission prioritaire du R\u00e9seau Mesure. La solitude du chef d&#039;entreprise n&#039;est plus un probl\u00e8me.\" \/>\n<meta name=\"robots\" content=\"index, follow, max-snippet:-1, max-image-preview:large, max-video-preview:-1\" \/>\n<link rel=\"canonical\" href=\"https:\/\/www.reseau-mesure.com\/de\/ressources-documentaires-accompagnement-reprise-suite-covid-19-relances-commerciales\/\" \/>\n<meta property=\"og:locale\" content=\"de_DE\" \/>\n<meta property=\"og:type\" content=\"article\" \/>\n<meta property=\"og:title\" content=\"Relances commerciales, d\u00e9veloppement \u00e9conomique - R\u00e9seau Mesure\" \/>\n<meta property=\"og:description\" content=\"L&#039;accompagnement du dirigeant est une mission prioritaire du R\u00e9seau Mesure. La solitude du chef d&#039;entreprise n&#039;est plus un probl\u00e8me.\" \/>\n<meta property=\"og:url\" content=\"https:\/\/www.reseau-mesure.com\/de\/ressources-documentaires-accompagnement-reprise-suite-covid-19-relances-commerciales\/\" \/>\n<meta property=\"og:site_name\" content=\"R\u00e9seau Mesure\" \/>\n<meta property=\"article:publisher\" content=\"https:\/\/www.facebook.com\/reseaumesure\/\" \/>\n<meta property=\"article:modified_time\" content=\"2021-08-16T13:25:35+00:00\" \/>\n<meta property=\"og:image\" content=\"https:\/\/www.entreprendre-cergypontoise.fr\/sites\/cacp-entreprendre\/files\/styles\/contenu\/public\/image\/2021-07\/DSC_9937.jpg?itok=SsgCI5HG\" \/>\n<meta name=\"twitter:card\" content=\"summary_large_image\" \/>\n<meta name=\"twitter:site\" content=\"@ReseauMesure\" \/>\n<meta name=\"twitter:label1\" content=\"Gesch\u00e4tzte Lesezeit\" \/>\n\t<meta name=\"twitter:data1\" content=\"3\u00a0Minuten\" \/>\n<script type=\"application\/ld+json\" class=\"yoast-schema-graph\">{\"@context\":\"https:\\\/\\\/schema.org\",\"@graph\":[{\"@type\":\"WebPage\",\"@id\":\"https:\\\/\\\/www.reseau-mesure.com\\\/de\\\/ressources-documentaires-accompagnement-reprise-suite-covid-19-relances-commerciales\\\/\",\"url\":\"https:\\\/\\\/www.reseau-mesure.com\\\/de\\\/ressources-documentaires-accompagnement-reprise-suite-covid-19-relances-commerciales\\\/\",\"name\":\"Relances commerciales, d\u00e9veloppement \u00e9conomique - R\u00e9seau Mesure\",\"isPartOf\":{\"@id\":\"https:\\\/\\\/www.reseau-mesure.com\\\/#website\"},\"primaryImageOfPage\":{\"@id\":\"https:\\\/\\\/www.reseau-mesure.com\\\/de\\\/ressources-documentaires-accompagnement-reprise-suite-covid-19-relances-commerciales\\\/#primaryimage\"},\"image\":{\"@id\":\"https:\\\/\\\/www.reseau-mesure.com\\\/de\\\/ressources-documentaires-accompagnement-reprise-suite-covid-19-relances-commerciales\\\/#primaryimage\"},\"thumbnailUrl\":\"https:\\\/\\\/www.entreprendre-cergypontoise.fr\\\/sites\\\/cacp-entreprendre\\\/files\\\/styles\\\/contenu\\\/public\\\/image\\\/2021-07\\\/DSC_9937.jpg?itok=SsgCI5HG\",\"datePublished\":\"2020-07-17T10:04:54+00:00\",\"dateModified\":\"2021-08-16T13:25:35+00:00\",\"description\":\"L'accompagnement du dirigeant est une mission prioritaire du R\u00e9seau Mesure. La solitude du chef d'entreprise n'est plus un probl\u00e8me.\",\"breadcrumb\":{\"@id\":\"https:\\\/\\\/www.reseau-mesure.com\\\/de\\\/ressources-documentaires-accompagnement-reprise-suite-covid-19-relances-commerciales\\\/#breadcrumb\"},\"inLanguage\":\"de\",\"potentialAction\":[{\"@type\":\"ReadAction\",\"target\":[\"https:\\\/\\\/www.reseau-mesure.com\\\/de\\\/ressources-documentaires-accompagnement-reprise-suite-covid-19-relances-commerciales\\\/\"]}]},{\"@type\":\"ImageObject\",\"inLanguage\":\"de\",\"@id\":\"https:\\\/\\\/www.reseau-mesure.com\\\/de\\\/ressources-documentaires-accompagnement-reprise-suite-covid-19-relances-commerciales\\\/#primaryimage\",\"url\":\"https:\\\/\\\/www.entreprendre-cergypontoise.fr\\\/sites\\\/cacp-entreprendre\\\/files\\\/styles\\\/contenu\\\/public\\\/image\\\/2021-07\\\/DSC_9937.jpg?itok=SsgCI5HG\",\"contentUrl\":\"https:\\\/\\\/www.entreprendre-cergypontoise.fr\\\/sites\\\/cacp-entreprendre\\\/files\\\/styles\\\/contenu\\\/public\\\/image\\\/2021-07\\\/DSC_9937.jpg?itok=SsgCI5HG\"},{\"@type\":\"BreadcrumbList\",\"@id\":\"https:\\\/\\\/www.reseau-mesure.com\\\/de\\\/ressources-documentaires-accompagnement-reprise-suite-covid-19-relances-commerciales\\\/#breadcrumb\",\"itemListElement\":[{\"@type\":\"ListItem\",\"position\":1,\"name\":\"Accueil\",\"item\":\"https:\\\/\\\/www.reseau-mesure.com\\\/\"},{\"@type\":\"ListItem\",\"position\":2,\"name\":\"Relances commerciales, d\u00e9veloppement \u00e9conomique\"}]},{\"@type\":\"WebSite\",\"@id\":\"https:\\\/\\\/www.reseau-mesure.com\\\/#website\",\"url\":\"https:\\\/\\\/www.reseau-mesure.com\\\/\",\"name\":\"R\u00e9seau-Mesure\",\"description\":\"R\u00e9seau Mesure\",\"publisher\":{\"@id\":\"https:\\\/\\\/www.reseau-mesure.com\\\/#organization\"},\"potentialAction\":[{\"@type\":\"SearchAction\",\"target\":{\"@type\":\"EntryPoint\",\"urlTemplate\":\"https:\\\/\\\/www.reseau-mesure.com\\\/?s={search_term_string}\"},\"query-input\":{\"@type\":\"PropertyValueSpecification\",\"valueRequired\":true,\"valueName\":\"search_term_string\"}}],\"inLanguage\":\"de\"},{\"@type\":\"Organization\",\"@id\":\"https:\\\/\\\/www.reseau-mesure.com\\\/#organization\",\"name\":\"R\u00e9seau-Mesure\",\"url\":\"https:\\\/\\\/www.reseau-mesure.com\\\/\",\"logo\":{\"@type\":\"ImageObject\",\"inLanguage\":\"de\",\"@id\":\"https:\\\/\\\/www.reseau-mesure.com\\\/#\\\/schema\\\/logo\\\/image\\\/\",\"url\":\"https:\\\/\\\/www.reseau-mesure.com\\\/wp-content\\\/uploads\\\/2018\\\/02\\\/logo-max.png\",\"contentUrl\":\"https:\\\/\\\/www.reseau-mesure.com\\\/wp-content\\\/uploads\\\/2018\\\/02\\\/logo-max.png\",\"width\":545,\"height\":285,\"caption\":\"R\u00e9seau-Mesure\"},\"image\":{\"@id\":\"https:\\\/\\\/www.reseau-mesure.com\\\/#\\\/schema\\\/logo\\\/image\\\/\"},\"sameAs\":[\"https:\\\/\\\/www.facebook.com\\\/reseaumesure\\\/\",\"https:\\\/\\\/x.com\\\/ReseauMesure\",\"https:\\\/\\\/www.linkedin.com\\\/company\\\/reseau-mesure\\\/\"]}]}<\/script>\n<!-- \/ Yoast SEO plugin. -->","yoast_head_json":{"title":"Relances commerciales, d\u00e9veloppement \u00e9conomique - R\u00e9seau Mesure","description":"L'accompagnement du dirigeant est une mission prioritaire du R\u00e9seau Mesure. La solitude du chef d'entreprise n'est plus un probl\u00e8me.","robots":{"index":"index","follow":"follow","max-snippet":"max-snippet:-1","max-image-preview":"max-image-preview:large","max-video-preview":"max-video-preview:-1"},"canonical":"https:\/\/www.reseau-mesure.com\/de\/ressources-documentaires-accompagnement-reprise-suite-covid-19-relances-commerciales\/","og_locale":"de_DE","og_type":"article","og_title":"Relances commerciales, d\u00e9veloppement \u00e9conomique - R\u00e9seau Mesure","og_description":"L'accompagnement du dirigeant est une mission prioritaire du R\u00e9seau Mesure. La solitude du chef d'entreprise n'est plus un probl\u00e8me.","og_url":"https:\/\/www.reseau-mesure.com\/de\/ressources-documentaires-accompagnement-reprise-suite-covid-19-relances-commerciales\/","og_site_name":"R\u00e9seau Mesure","article_publisher":"https:\/\/www.facebook.com\/reseaumesure\/","article_modified_time":"2021-08-16T13:25:35+00:00","og_image":[{"url":"https:\/\/www.entreprendre-cergypontoise.fr\/sites\/cacp-entreprendre\/files\/styles\/contenu\/public\/image\/2021-07\/DSC_9937.jpg?itok=SsgCI5HG","type":"","width":"","height":""}],"twitter_card":"summary_large_image","twitter_site":"@ReseauMesure","twitter_misc":{"Gesch\u00e4tzte Lesezeit":"3\u00a0Minuten"},"schema":{"@context":"https:\/\/schema.org","@graph":[{"@type":"WebPage","@id":"https:\/\/www.reseau-mesure.com\/de\/ressources-documentaires-accompagnement-reprise-suite-covid-19-relances-commerciales\/","url":"https:\/\/www.reseau-mesure.com\/de\/ressources-documentaires-accompagnement-reprise-suite-covid-19-relances-commerciales\/","name":"Relances commerciales, d\u00e9veloppement \u00e9conomique - R\u00e9seau Mesure","isPartOf":{"@id":"https:\/\/www.reseau-mesure.com\/#website"},"primaryImageOfPage":{"@id":"https:\/\/www.reseau-mesure.com\/de\/ressources-documentaires-accompagnement-reprise-suite-covid-19-relances-commerciales\/#primaryimage"},"image":{"@id":"https:\/\/www.reseau-mesure.com\/de\/ressources-documentaires-accompagnement-reprise-suite-covid-19-relances-commerciales\/#primaryimage"},"thumbnailUrl":"https:\/\/www.entreprendre-cergypontoise.fr\/sites\/cacp-entreprendre\/files\/styles\/contenu\/public\/image\/2021-07\/DSC_9937.jpg?itok=SsgCI5HG","datePublished":"2020-07-17T10:04:54+00:00","dateModified":"2021-08-16T13:25:35+00:00","description":"L'accompagnement du dirigeant est une mission prioritaire du R\u00e9seau Mesure. La solitude du chef d'entreprise n'est plus un probl\u00e8me.","breadcrumb":{"@id":"https:\/\/www.reseau-mesure.com\/de\/ressources-documentaires-accompagnement-reprise-suite-covid-19-relances-commerciales\/#breadcrumb"},"inLanguage":"de","potentialAction":[{"@type":"ReadAction","target":["https:\/\/www.reseau-mesure.com\/de\/ressources-documentaires-accompagnement-reprise-suite-covid-19-relances-commerciales\/"]}]},{"@type":"ImageObject","inLanguage":"de","@id":"https:\/\/www.reseau-mesure.com\/de\/ressources-documentaires-accompagnement-reprise-suite-covid-19-relances-commerciales\/#primaryimage","url":"https:\/\/www.entreprendre-cergypontoise.fr\/sites\/cacp-entreprendre\/files\/styles\/contenu\/public\/image\/2021-07\/DSC_9937.jpg?itok=SsgCI5HG","contentUrl":"https:\/\/www.entreprendre-cergypontoise.fr\/sites\/cacp-entreprendre\/files\/styles\/contenu\/public\/image\/2021-07\/DSC_9937.jpg?itok=SsgCI5HG"},{"@type":"BreadcrumbList","@id":"https:\/\/www.reseau-mesure.com\/de\/ressources-documentaires-accompagnement-reprise-suite-covid-19-relances-commerciales\/#breadcrumb","itemListElement":[{"@type":"ListItem","position":1,"name":"Accueil","item":"https:\/\/www.reseau-mesure.com\/"},{"@type":"ListItem","position":2,"name":"Relances commerciales, d\u00e9veloppement \u00e9conomique"}]},{"@type":"WebSite","@id":"https:\/\/www.reseau-mesure.com\/#website","url":"https:\/\/www.reseau-mesure.com\/","name":"Netzwerk-Messung","description":"Netzwerkma\u00dfnahme","publisher":{"@id":"https:\/\/www.reseau-mesure.com\/#organization"},"potentialAction":[{"@type":"SearchAction","target":{"@type":"EntryPoint","urlTemplate":"https:\/\/www.reseau-mesure.com\/?s={search_term_string}"},"query-input":{"@type":"PropertyValueSpecification","valueRequired":true,"valueName":"search_term_string"}}],"inLanguage":"de"},{"@type":"Organization","@id":"https:\/\/www.reseau-mesure.com\/#organization","name":"Netzwerk-Messung","url":"https:\/\/www.reseau-mesure.com\/","logo":{"@type":"ImageObject","inLanguage":"de","@id":"https:\/\/www.reseau-mesure.com\/#\/schema\/logo\/image\/","url":"https:\/\/www.reseau-mesure.com\/wp-content\/uploads\/2018\/02\/logo-max.png","contentUrl":"https:\/\/www.reseau-mesure.com\/wp-content\/uploads\/2018\/02\/logo-max.png","width":545,"height":285,"caption":"R\u00e9seau-Mesure"},"image":{"@id":"https:\/\/www.reseau-mesure.com\/#\/schema\/logo\/image\/"},"sameAs":["https:\/\/www.facebook.com\/reseaumesure\/","https:\/\/x.com\/ReseauMesure","https:\/\/www.linkedin.com\/company\/reseau-mesure\/"]}]}},"_links":{"self":[{"href":"https:\/\/www.reseau-mesure.com\/de\/wp-json\/wp\/v2\/pages\/10719","targetHints":{"allow":["GET"]}}],"collection":[{"href":"https:\/\/www.reseau-mesure.com\/de\/wp-json\/wp\/v2\/pages"}],"about":[{"href":"https:\/\/www.reseau-mesure.com\/de\/wp-json\/wp\/v2\/types\/page"}],"author":[{"embeddable":true,"href":"https:\/\/www.reseau-mesure.com\/de\/wp-json\/wp\/v2\/users\/685"}],"replies":[{"embeddable":true,"href":"https:\/\/www.reseau-mesure.com\/de\/wp-json\/wp\/v2\/comments?post=10719"}],"version-history":[{"count":0,"href":"https:\/\/www.reseau-mesure.com\/de\/wp-json\/wp\/v2\/pages\/10719\/revisions"}],"wp:attachment":[{"href":"https:\/\/www.reseau-mesure.com\/de\/wp-json\/wp\/v2\/media?parent=10719"}],"curies":[{"name":"wp","href":"https:\/\/api.w.org\/{rel}","templated":true}]}}