{"id":10828,"date":"2020-07-21T16:05:27","date_gmt":"2020-07-21T14:05:27","guid":{"rendered":"https:\/\/www.reseau-mesure.com\/?page_id=10828"},"modified":"2021-02-09T11:22:09","modified_gmt":"2021-02-09T10:22:09","slug":"livre-blanc","status":"publish","type":"page","link":"https:\/\/www.reseau-mesure.com\/de\/livre-blanc\/","title":{"rendered":"Wei\u00dfbuch"},"content":{"rendered":"<h2>\n\t\tWEISSES PAPIER AUF DEM MESSNETZ\n\t<\/h2>\n<h3>\n\t\tDas Know-how des Messnetzwerks\n\t<\/h3>\n\t\t\t\t<img decoding=\"async\" src=\"https:\/\/www.reseau-mesure.com\/wp-content\/plugins\/bb-plugin\/img\/pixel.png\" alt=\"\" itemprop=\"image\" onerror=\"this.style.display='none'\">\n\t\t\t\t<img loading=\"lazy\" decoding=\"async\" src=\"https:\/\/www.reseau-mesure.com\/wp-content\/uploads\/2020\/07\/livre-blanc-ouvert-scaled.jpg\" alt=\"livre blanc ouvert\" itemprop=\"image\" title=\"offenes wei\u00dfes Buch\" onerror=\"this.style.display='none'\" width=\"2560\" height=\"333\">\n<h3>\n\t\tVon Mitgliedern F\u00fcr Mitglieder\n\t<\/h3>\n\t<p>Nehmen Sie im Rahmen des Medienplans an der zweiten Ausgabe des Wei\u00dfbuchs R\u00e9seau Mesure teil:<\/p>\n\n\t\n\t\t\t<a href=\"https:\/\/www.reseau-mesure.com\/wp-content\/uploads\/2020\/07\/Protocole-RESEAU-MESURE-livre-blanc.docx\" target=\"_self\" role=\"button\" rel=\"noopener\">\n\t\t\t\t\t\t\tLaden Sie das Protokoll herunter\n\t\t\t\t\t<\/a>\n\t<p>Das Whitepaper bietet Mitgliedern die M\u00f6glichkeit:<\/p>\n<p>\u2713 <strong>Erstellen<\/strong> ein technisches Dokument mit hohem Mehrwert<\/p>\n<p>\u2713 <strong>Verbessern<\/strong> Ihre Kommunikation<\/p>\n<p>\u2713 <strong>Generieren<\/strong> f\u00fchrt<\/p>\n\t\t\t\t<img loading=\"lazy\" decoding=\"async\" src=\"https:\/\/www.reseau-mesure.com\/wp-content\/uploads\/2020\/12\/Pages-de-Les-savoir-faire-du-Reseau-Mesure-Volume-1.jpg\" alt=\"Couverture les savoir-faire du R\u00e9seau Mesure\" itemprop=\"image\" title=\"Know-how-Seiten des Messnetzwerks - Band 1\" onerror=\"this.style.display='none'\" width=\"1749\" height=\"2481\">\n\t<h2>Warum mit dem Messnetzwerk ein Whitepaper erstellen?<\/h2>\n<ul>\n<li>Sich auf die St\u00e4rke eines Netzwerks und technische F\u00e4higkeiten zu verlassen.<\/li>\n<li>Zentralisierung der von Mitgliedern des Messnetzwerks kontrollierten Bereiche.<\/li>\n<li>Erstellung eines technischen Dokuments und einer neuen Kommunikationsm\u00f6glichkeit f\u00fcr Mitglieder und f\u00fcr das Messnetzwerk.<\/li>\n<li>Anfragen generieren.<\/li>\n<li>Um die Kosten f\u00fcr das Schreiben eines Whitepapers zu reduzieren.<\/li>\n<\/ul>\n\t\t\t<a href=\"https:\/\/www.reseau-mesure.com\/wp-content\/uploads\/2020\/07\/Protocole-RESEAU-MESURE-livre-blanc.docx\" target=\"_self\" role=\"button\" rel=\"noopener\">\n\t\t\t\t\t\t\tBewertung meines Unternehmens im Whitepaper Measuring Network (Protokoll herunterladen)\n\t\t\t\t\t<\/a>\n<h2>\n\t\tWhitepaper Details\n\t<\/h2>\n\t\n<p><strong>Digital- und Papierproduktion<\/strong> ein Whitepaper von 32 Seiten (Minimum) f\u00fcr 10 Mitgliedsunternehmen pro Buch (Minimum).<\/p>\n<ul>\n<li>Abruf von Informationen f\u00fcr die mit Ihrem Unternehmen verlinkte Doppelseite (Logo \u2013 Gespr\u00e4chspartner \u2013 Kontakt-E-Mail \u2013 Fachtextinhalt).<\/li>\n<li>Layout &amp; Erstellung des Proofs.<\/li>\n<li>Verf\u00fcgbar in digitalem Format (PDF).<\/li>\n<li>Versand von 5 Exemplaren pro Firma im Buch.<\/li>\n<\/ul>\n\n<ul>\n<li>Format: A5 (148 x 210 mm) mit 32 Seiten (Minimum)<\/li>\n<li>Innenseiten 135g<\/li>\n<li>Abdeckung 300 Gramm, gl\u00e4nzend<\/li>\n<\/ul>\n\t\n5 gedruckte Exemplare<br>\n1 digitale Version<br>\n2 Recto-Verso pro Mitglied\n<p>Zus\u00e4tzliche Nachdrucke Option 3 \u20ac ht \/ Kopie<\/p>\n\t\t\t<a href=\"\" target=\"_self\" role=\"button\" rel=\"noopener\">\n\t\t\t\t\t\t\tLaden Sie das Protokoll herunter\n\t\t\t\t\t<\/a>","protected":false},"excerpt":{"rendered":"<p>MESURE NETWORK WHITE PAPER Das Fachwissen des Measurement Network Von Mitgliedern F\u00fcr Mitglieder Nehmen Sie als Teil des Medienplans an der zweiten Ausgabe des Measurement Network White Papers teil: Laden Sie das Protokoll herunter Das White Paper bietet Mitgliedern die M\u00f6glichkeit: \u2713 zu erstellen ein hochwertiges technisches Dokument \u2026<\/p>","protected":false},"author":685,"featured_media":0,"parent":0,"menu_order":0,"comment_status":"closed","ping_status":"closed","template":"","meta":{"_acf_changed":false,"footnotes":""},"class_list":["post-10828","page","type-page","status-publish","hentry"],"acf":[],"yoast_head":"<!-- This site is optimized with the Yoast SEO plugin v27.5 - https:\/\/yoast.com\/product\/yoast-seo-wordpress\/ -->\n<title>Livre Blanc - R\u00e9seau Mesure<\/title>\n<meta name=\"robots\" content=\"index, follow, max-snippet:-1, max-image-preview:large, max-video-preview:-1\" \/>\n<link rel=\"canonical\" href=\"https:\/\/www.reseau-mesure.com\/de\/livre-blanc\/\" \/>\n<meta property=\"og:locale\" content=\"de_DE\" \/>\n<meta property=\"og:type\" content=\"article\" \/>\n<meta property=\"og:title\" content=\"Livre Blanc - R\u00e9seau Mesure\" \/>\n<meta property=\"og:description\" content=\"LIVRE BLANC DU RESEAU MESURE Les savoir-faire du R\u00e9seau Mesure Par les adh\u00e9rents Pour les adh\u00e9rents Dans le cadre du plan m\u00e9dia participez \u00e0 la seconde \u00e9dition du livre blanc du R\u00e9seau Mesure : T\u00e9l\u00e9chargez le protocole Le livre blanc, c&rsquo;est pour les adh\u00e9rents, l&rsquo;occasion de : \u2713 Cr\u00e9er un document technique \u00e0 forte valeur&hellip;\" \/>\n<meta property=\"og:url\" content=\"https:\/\/www.reseau-mesure.com\/de\/livre-blanc\/\" \/>\n<meta property=\"og:site_name\" content=\"R\u00e9seau Mesure\" \/>\n<meta property=\"article:publisher\" content=\"https:\/\/www.facebook.com\/reseaumesure\/\" \/>\n<meta property=\"article:modified_time\" content=\"2021-02-09T10:22:09+00:00\" \/>\n<meta property=\"og:image\" content=\"https:\/\/www.reseau-mesure.com\/wp-content\/plugins\/bb-plugin\/img\/pixel.png\" \/>\n<meta name=\"twitter:card\" content=\"summary_large_image\" \/>\n<meta name=\"twitter:site\" content=\"@ReseauMesure\" \/>\n<meta name=\"twitter:label1\" content=\"Gesch\u00e4tzte Lesezeit\" \/>\n\t<meta name=\"twitter:data1\" content=\"2\u00a0Minuten\" \/>\n<script type=\"application\/ld+json\" class=\"yoast-schema-graph\">{\"@context\":\"https:\\\/\\\/schema.org\",\"@graph\":[{\"@type\":\"WebPage\",\"@id\":\"https:\\\/\\\/www.reseau-mesure.com\\\/de\\\/livre-blanc\\\/\",\"url\":\"https:\\\/\\\/www.reseau-mesure.com\\\/de\\\/livre-blanc\\\/\",\"name\":\"Livre Blanc - R\u00e9seau Mesure\",\"isPartOf\":{\"@id\":\"https:\\\/\\\/www.reseau-mesure.com\\\/#website\"},\"primaryImageOfPage\":{\"@id\":\"https:\\\/\\\/www.reseau-mesure.com\\\/de\\\/livre-blanc\\\/#primaryimage\"},\"image\":{\"@id\":\"https:\\\/\\\/www.reseau-mesure.com\\\/de\\\/livre-blanc\\\/#primaryimage\"},\"thumbnailUrl\":\"https:\\\/\\\/www.reseau-mesure.com\\\/wp-content\\\/plugins\\\/bb-plugin\\\/img\\\/pixel.png\",\"datePublished\":\"2020-07-21T14:05:27+00:00\",\"dateModified\":\"2021-02-09T10:22:09+00:00\",\"breadcrumb\":{\"@id\":\"https:\\\/\\\/www.reseau-mesure.com\\\/de\\\/livre-blanc\\\/#breadcrumb\"},\"inLanguage\":\"de\",\"potentialAction\":[{\"@type\":\"ReadAction\",\"target\":[\"https:\\\/\\\/www.reseau-mesure.com\\\/de\\\/livre-blanc\\\/\"]}]},{\"@type\":\"ImageObject\",\"inLanguage\":\"de\",\"@id\":\"https:\\\/\\\/www.reseau-mesure.com\\\/de\\\/livre-blanc\\\/#primaryimage\",\"url\":\"https:\\\/\\\/www.reseau-mesure.com\\\/wp-content\\\/plugins\\\/bb-plugin\\\/img\\\/pixel.png\",\"contentUrl\":\"https:\\\/\\\/www.reseau-mesure.com\\\/wp-content\\\/plugins\\\/bb-plugin\\\/img\\\/pixel.png\"},{\"@type\":\"BreadcrumbList\",\"@id\":\"https:\\\/\\\/www.reseau-mesure.com\\\/de\\\/livre-blanc\\\/#breadcrumb\",\"itemListElement\":[{\"@type\":\"ListItem\",\"position\":1,\"name\":\"Accueil\",\"item\":\"https:\\\/\\\/www.reseau-mesure.com\\\/\"},{\"@type\":\"ListItem\",\"position\":2,\"name\":\"Livre Blanc\"}]},{\"@type\":\"WebSite\",\"@id\":\"https:\\\/\\\/www.reseau-mesure.com\\\/#website\",\"url\":\"https:\\\/\\\/www.reseau-mesure.com\\\/\",\"name\":\"R\u00e9seau-Mesure\",\"description\":\"R\u00e9seau Mesure\",\"publisher\":{\"@id\":\"https:\\\/\\\/www.reseau-mesure.com\\\/#organization\"},\"potentialAction\":[{\"@type\":\"SearchAction\",\"target\":{\"@type\":\"EntryPoint\",\"urlTemplate\":\"https:\\\/\\\/www.reseau-mesure.com\\\/?s={search_term_string}\"},\"query-input\":{\"@type\":\"PropertyValueSpecification\",\"valueRequired\":true,\"valueName\":\"search_term_string\"}}],\"inLanguage\":\"de\"},{\"@type\":\"Organization\",\"@id\":\"https:\\\/\\\/www.reseau-mesure.com\\\/#organization\",\"name\":\"R\u00e9seau-Mesure\",\"url\":\"https:\\\/\\\/www.reseau-mesure.com\\\/\",\"logo\":{\"@type\":\"ImageObject\",\"inLanguage\":\"de\",\"@id\":\"https:\\\/\\\/www.reseau-mesure.com\\\/#\\\/schema\\\/logo\\\/image\\\/\",\"url\":\"https:\\\/\\\/www.reseau-mesure.com\\\/wp-content\\\/uploads\\\/2018\\\/02\\\/logo-max.png\",\"contentUrl\":\"https:\\\/\\\/www.reseau-mesure.com\\\/wp-content\\\/uploads\\\/2018\\\/02\\\/logo-max.png\",\"width\":545,\"height\":285,\"caption\":\"R\u00e9seau-Mesure\"},\"image\":{\"@id\":\"https:\\\/\\\/www.reseau-mesure.com\\\/#\\\/schema\\\/logo\\\/image\\\/\"},\"sameAs\":[\"https:\\\/\\\/www.facebook.com\\\/reseaumesure\\\/\",\"https:\\\/\\\/x.com\\\/ReseauMesure\",\"https:\\\/\\\/www.linkedin.com\\\/company\\\/reseau-mesure\\\/\"]}]}<\/script>\n<!-- \/ Yoast SEO plugin. -->","yoast_head_json":{"title":"Livre Blanc - R\u00e9seau Mesure","robots":{"index":"index","follow":"follow","max-snippet":"max-snippet:-1","max-image-preview":"max-image-preview:large","max-video-preview":"max-video-preview:-1"},"canonical":"https:\/\/www.reseau-mesure.com\/de\/livre-blanc\/","og_locale":"de_DE","og_type":"article","og_title":"Livre Blanc - R\u00e9seau Mesure","og_description":"LIVRE BLANC DU RESEAU MESURE Les savoir-faire du R\u00e9seau Mesure Par les adh\u00e9rents Pour les adh\u00e9rents Dans le cadre du plan m\u00e9dia participez \u00e0 la seconde \u00e9dition du livre blanc du R\u00e9seau Mesure : T\u00e9l\u00e9chargez le protocole Le livre blanc, c&rsquo;est pour les adh\u00e9rents, l&rsquo;occasion de : \u2713 Cr\u00e9er un document technique \u00e0 forte valeur&hellip;","og_url":"https:\/\/www.reseau-mesure.com\/de\/livre-blanc\/","og_site_name":"R\u00e9seau Mesure","article_publisher":"https:\/\/www.facebook.com\/reseaumesure\/","article_modified_time":"2021-02-09T10:22:09+00:00","og_image":[{"url":"https:\/\/www.reseau-mesure.com\/wp-content\/plugins\/bb-plugin\/img\/pixel.png","type":"","width":"","height":""}],"twitter_card":"summary_large_image","twitter_site":"@ReseauMesure","twitter_misc":{"Gesch\u00e4tzte Lesezeit":"2\u00a0Minuten"},"schema":{"@context":"https:\/\/schema.org","@graph":[{"@type":"WebPage","@id":"https:\/\/www.reseau-mesure.com\/de\/livre-blanc\/","url":"https:\/\/www.reseau-mesure.com\/de\/livre-blanc\/","name":"Livre Blanc - R\u00e9seau Mesure","isPartOf":{"@id":"https:\/\/www.reseau-mesure.com\/#website"},"primaryImageOfPage":{"@id":"https:\/\/www.reseau-mesure.com\/de\/livre-blanc\/#primaryimage"},"image":{"@id":"https:\/\/www.reseau-mesure.com\/de\/livre-blanc\/#primaryimage"},"thumbnailUrl":"https:\/\/www.reseau-mesure.com\/wp-content\/plugins\/bb-plugin\/img\/pixel.png","datePublished":"2020-07-21T14:05:27+00:00","dateModified":"2021-02-09T10:22:09+00:00","breadcrumb":{"@id":"https:\/\/www.reseau-mesure.com\/de\/livre-blanc\/#breadcrumb"},"inLanguage":"de","potentialAction":[{"@type":"ReadAction","target":["https:\/\/www.reseau-mesure.com\/de\/livre-blanc\/"]}]},{"@type":"ImageObject","inLanguage":"de","@id":"https:\/\/www.reseau-mesure.com\/de\/livre-blanc\/#primaryimage","url":"https:\/\/www.reseau-mesure.com\/wp-content\/plugins\/bb-plugin\/img\/pixel.png","contentUrl":"https:\/\/www.reseau-mesure.com\/wp-content\/plugins\/bb-plugin\/img\/pixel.png"},{"@type":"BreadcrumbList","@id":"https:\/\/www.reseau-mesure.com\/de\/livre-blanc\/#breadcrumb","itemListElement":[{"@type":"ListItem","position":1,"name":"Accueil","item":"https:\/\/www.reseau-mesure.com\/"},{"@type":"ListItem","position":2,"name":"Livre Blanc"}]},{"@type":"WebSite","@id":"https:\/\/www.reseau-mesure.com\/#website","url":"https:\/\/www.reseau-mesure.com\/","name":"Netzwerk-Messung","description":"Netzwerkma\u00dfnahme","publisher":{"@id":"https:\/\/www.reseau-mesure.com\/#organization"},"potentialAction":[{"@type":"SearchAction","target":{"@type":"EntryPoint","urlTemplate":"https:\/\/www.reseau-mesure.com\/?s={search_term_string}"},"query-input":{"@type":"PropertyValueSpecification","valueRequired":true,"valueName":"search_term_string"}}],"inLanguage":"de"},{"@type":"Organization","@id":"https:\/\/www.reseau-mesure.com\/#organization","name":"Netzwerk-Messung","url":"https:\/\/www.reseau-mesure.com\/","logo":{"@type":"ImageObject","inLanguage":"de","@id":"https:\/\/www.reseau-mesure.com\/#\/schema\/logo\/image\/","url":"https:\/\/www.reseau-mesure.com\/wp-content\/uploads\/2018\/02\/logo-max.png","contentUrl":"https:\/\/www.reseau-mesure.com\/wp-content\/uploads\/2018\/02\/logo-max.png","width":545,"height":285,"caption":"R\u00e9seau-Mesure"},"image":{"@id":"https:\/\/www.reseau-mesure.com\/#\/schema\/logo\/image\/"},"sameAs":["https:\/\/www.facebook.com\/reseaumesure\/","https:\/\/x.com\/ReseauMesure","https:\/\/www.linkedin.com\/company\/reseau-mesure\/"]}]}},"_links":{"self":[{"href":"https:\/\/www.reseau-mesure.com\/de\/wp-json\/wp\/v2\/pages\/10828","targetHints":{"allow":["GET"]}}],"collection":[{"href":"https:\/\/www.reseau-mesure.com\/de\/wp-json\/wp\/v2\/pages"}],"about":[{"href":"https:\/\/www.reseau-mesure.com\/de\/wp-json\/wp\/v2\/types\/page"}],"author":[{"embeddable":true,"href":"https:\/\/www.reseau-mesure.com\/de\/wp-json\/wp\/v2\/users\/685"}],"replies":[{"embeddable":true,"href":"https:\/\/www.reseau-mesure.com\/de\/wp-json\/wp\/v2\/comments?post=10828"}],"version-history":[{"count":0,"href":"https:\/\/www.reseau-mesure.com\/de\/wp-json\/wp\/v2\/pages\/10828\/revisions"}],"wp:attachment":[{"href":"https:\/\/www.reseau-mesure.com\/de\/wp-json\/wp\/v2\/media?parent=10828"}],"curies":[{"name":"wp","href":"https:\/\/api.w.org\/{rel}","templated":true}]}}