{"id":10874,"date":"2020-07-23T15:14:33","date_gmt":"2020-07-23T13:14:33","guid":{"rendered":"https:\/\/www.reseau-mesure.com\/?page_id=10874"},"modified":"2020-07-23T16:20:42","modified_gmt":"2020-07-23T14:20:42","slug":"le-reseau-mesure-face-au-covid","status":"publish","type":"page","link":"https:\/\/www.reseau-mesure.com\/de\/le-reseau-mesure-face-au-covid\/","title":{"rendered":"Das Messnetzwerk angesichts von Covid 19"},"content":{"rendered":"<h3>\n\t\tDas COVID-19-Messnetzwerk - Die Masken\n\t<\/h3>\n<h2>\n\t\tVon Mitgliedern F\u00fcr Mitglieder\n\t<\/h2>\n\t\t\t\t<img decoding=\"async\" src=\"https:\/\/www.reseau-mesure.com\/wp-content\/plugins\/bb-plugin\/img\/pixel.png\" alt=\"\" itemprop=\"image\" onerror=\"this.style.display='none'\"  \/>\n\t\t\t\t<img loading=\"lazy\" decoding=\"async\" src=\"https:\/\/www.reseau-mesure.com\/wp-content\/uploads\/2020\/07\/visuel-masque-banniere-300x120.jpg\" alt=\"Visuel masque Banni\u00e8re\" itemprop=\"image\" height=\"120\" width=\"300\" title=\"visuelles Maskenbanner\" onerror=\"this.style.display='none'\"  \/>\n\t<h2><strong>Entdecken Sie eine Ma\u00dfnahme des Messnetzwerks angesichts von COVID 19:<\/strong><\/h2>\n\n\t<meta itemprop=\"url\" content=\"https:\/\/www.reseau-mesure.com\/wp-content\/uploads\/2020\/07\/Estelle_Masque-Musique.mp4\" \/><meta itemprop=\"thumbnail\" content=\"\" \/><div style=\"width: 100px;\" class=\"wp-video\"><video muted class=\"wp-video-shortcode\" id=\"video-10874-1\" width=\"100\" height=\"100\" autoplay preload=\"metadata\" controls=\"controls\"><source type=\"video\/mp4\" src=\"https:\/\/www.reseau-mesure.com\/wp-content\/uploads\/2020\/07\/Estelle_Masque-Musique.mp4?_=1\" \/><a href=\"https:\/\/www.reseau-mesure.com\/wp-content\/uploads\/2020\/07\/Estelle_Masque-Musique.mp4\">https:\/\/www.reseau-mesure.com\/wp-content\/uploads\/2020\/07\/Estelle_Masque-Musique.mp4<\/a><\/video><\/div>\n\t<p>Angesichts dieser Gesundheitskrise schien es uns wichtig zu handeln, um einander zu helfen.<\/p>\n<p>Die Initiative kam von einem unserer Mitglieder, das schon lange mit China zusammenarbeitet.<\/p>\n<p>Die Nachricht kam in 15 Tagen durch und mehr als 140.000 Masken wurden f\u00fcr Mitglieder des Messnetzwerks und Mitglieder von Acsiel, einem Partnerverband, bestellt.<\/p>\n<p>Die Dinge waren nicht einfach:<\/p>\n<p>Wir haben Probleme mit Logistik, Zoll, Lieferzeiten\u2026.<\/p>\n<p>Aber die Mitglieder waren sich einig<\/p>\n<p>3 Mitglieder stimmten zu, Pakete f\u00fcr alle zu erhalten. Wir haben die Sendungen in 8 Sendungen zusammengefasst.<\/p>\n<p>Wir haben endlich 106 Pakete neu verteilt<\/p>\n<p>Heute sind 42 Unternehmen in der Lage, ihre Aktivit\u00e4ten unter ruhigen hygienischen Bedingungen wieder aufzunehmen.<\/p>\n<p>Konkrete Aktion &quot;von Mitgliedern - f\u00fcr Mitglieder!&quot; &quot;&quot;<\/p>","protected":false},"excerpt":{"rendered":"<p>Das Messnetzwerk angesichts von COVID 19 - Masken Von Mitgliedern F\u00fcr Mitglieder Entdecken Sie eine Aktion des Messnetzwerks angesichts von COVID 19: Angesichts dieser Gesundheitskrise erschien es uns wichtig, uns gegenseitig zu helfen. Die Initiative kam von einem unserer Mitglieder, der schon lange mit China zusammenarbeitet.\u2026<\/p>","protected":false},"author":685,"featured_media":0,"parent":0,"menu_order":0,"comment_status":"closed","ping_status":"closed","template":"","meta":{"_acf_changed":false,"footnotes":""},"class_list":["post-10874","page","type-page","status-publish","hentry"],"acf":[],"yoast_head":"<!-- This site is optimized with the Yoast SEO plugin v27.4 - https:\/\/yoast.com\/product\/yoast-seo-wordpress\/ -->\n<title>Le R\u00e9seau Mesure, face au Covid 19 - R\u00e9seau Mesure<\/title>\n<meta name=\"robots\" content=\"index, follow, max-snippet:-1, max-image-preview:large, max-video-preview:-1\" \/>\n<link rel=\"canonical\" href=\"https:\/\/www.reseau-mesure.com\/de\/le-reseau-mesure-face-au-covid\/\" \/>\n<meta property=\"og:locale\" content=\"de_DE\" \/>\n<meta property=\"og:type\" content=\"article\" \/>\n<meta property=\"og:title\" content=\"Le R\u00e9seau Mesure, face au Covid 19 - R\u00e9seau Mesure\" \/>\n<meta property=\"og:description\" content=\"Le R\u00e9seau Mesure face au COVID 19 &#8211; Les masques Par les adh\u00e9rents Pour les adh\u00e9rents D\u00e9couvrez une action du R\u00e9seau Mesure face au COVID 19 : Face \u00e0 cette crise sanitaire il nous a paru important d\u2019agir pour s\u2019aider mutuellement. L\u2019initiative est venue d\u2019un de nos membres qui travaille depuis longtemps avec la Chine.&hellip;\" \/>\n<meta property=\"og:url\" content=\"https:\/\/www.reseau-mesure.com\/de\/le-reseau-mesure-face-au-covid\/\" \/>\n<meta property=\"og:site_name\" content=\"R\u00e9seau Mesure\" \/>\n<meta property=\"article:publisher\" content=\"https:\/\/www.facebook.com\/reseaumesure\/\" \/>\n<meta property=\"article:modified_time\" content=\"2020-07-23T14:20:42+00:00\" \/>\n<meta property=\"og:image\" content=\"https:\/\/www.reseau-mesure.com\/wp-content\/plugins\/bb-plugin\/img\/pixel.png\" \/>\n<meta name=\"twitter:card\" content=\"summary_large_image\" \/>\n<meta name=\"twitter:site\" content=\"@ReseauMesure\" \/>\n<meta name=\"twitter:label1\" content=\"Gesch\u00e4tzte Lesezeit\" \/>\n\t<meta name=\"twitter:data1\" content=\"1\u00a0Minute\" \/>\n<script type=\"application\/ld+json\" class=\"yoast-schema-graph\">{\"@context\":\"https:\\\/\\\/schema.org\",\"@graph\":[{\"@type\":\"WebPage\",\"@id\":\"https:\\\/\\\/www.reseau-mesure.com\\\/en\\\/le-reseau-mesure-face-au-covid\\\/\",\"url\":\"https:\\\/\\\/www.reseau-mesure.com\\\/en\\\/le-reseau-mesure-face-au-covid\\\/\",\"name\":\"Le R\u00e9seau Mesure, face au Covid 19 - R\u00e9seau Mesure\",\"isPartOf\":{\"@id\":\"https:\\\/\\\/www.reseau-mesure.com\\\/#website\"},\"primaryImageOfPage\":{\"@id\":\"https:\\\/\\\/www.reseau-mesure.com\\\/en\\\/le-reseau-mesure-face-au-covid\\\/#primaryimage\"},\"image\":{\"@id\":\"https:\\\/\\\/www.reseau-mesure.com\\\/en\\\/le-reseau-mesure-face-au-covid\\\/#primaryimage\"},\"thumbnailUrl\":\"https:\\\/\\\/www.reseau-mesure.com\\\/wp-content\\\/plugins\\\/bb-plugin\\\/img\\\/pixel.png\",\"datePublished\":\"2020-07-23T13:14:33+00:00\",\"dateModified\":\"2020-07-23T14:20:42+00:00\",\"breadcrumb\":{\"@id\":\"https:\\\/\\\/www.reseau-mesure.com\\\/en\\\/le-reseau-mesure-face-au-covid\\\/#breadcrumb\"},\"inLanguage\":\"de\",\"potentialAction\":[{\"@type\":\"ReadAction\",\"target\":[\"https:\\\/\\\/www.reseau-mesure.com\\\/en\\\/le-reseau-mesure-face-au-covid\\\/\"]}]},{\"@type\":\"ImageObject\",\"inLanguage\":\"de\",\"@id\":\"https:\\\/\\\/www.reseau-mesure.com\\\/en\\\/le-reseau-mesure-face-au-covid\\\/#primaryimage\",\"url\":\"https:\\\/\\\/www.reseau-mesure.com\\\/wp-content\\\/plugins\\\/bb-plugin\\\/img\\\/pixel.png\",\"contentUrl\":\"https:\\\/\\\/www.reseau-mesure.com\\\/wp-content\\\/plugins\\\/bb-plugin\\\/img\\\/pixel.png\"},{\"@type\":\"BreadcrumbList\",\"@id\":\"https:\\\/\\\/www.reseau-mesure.com\\\/en\\\/le-reseau-mesure-face-au-covid\\\/#breadcrumb\",\"itemListElement\":[{\"@type\":\"ListItem\",\"position\":1,\"name\":\"Accueil\",\"item\":\"https:\\\/\\\/www.reseau-mesure.com\\\/\"},{\"@type\":\"ListItem\",\"position\":2,\"name\":\"Le R\u00e9seau Mesure, face au Covid 19\"}]},{\"@type\":\"WebSite\",\"@id\":\"https:\\\/\\\/www.reseau-mesure.com\\\/#website\",\"url\":\"https:\\\/\\\/www.reseau-mesure.com\\\/\",\"name\":\"R\u00e9seau-Mesure\",\"description\":\"R\u00e9seau Mesure\",\"publisher\":{\"@id\":\"https:\\\/\\\/www.reseau-mesure.com\\\/#organization\"},\"potentialAction\":[{\"@type\":\"SearchAction\",\"target\":{\"@type\":\"EntryPoint\",\"urlTemplate\":\"https:\\\/\\\/www.reseau-mesure.com\\\/?s={search_term_string}\"},\"query-input\":{\"@type\":\"PropertyValueSpecification\",\"valueRequired\":true,\"valueName\":\"search_term_string\"}}],\"inLanguage\":\"de\"},{\"@type\":\"Organization\",\"@id\":\"https:\\\/\\\/www.reseau-mesure.com\\\/#organization\",\"name\":\"R\u00e9seau-Mesure\",\"url\":\"https:\\\/\\\/www.reseau-mesure.com\\\/\",\"logo\":{\"@type\":\"ImageObject\",\"inLanguage\":\"de\",\"@id\":\"https:\\\/\\\/www.reseau-mesure.com\\\/#\\\/schema\\\/logo\\\/image\\\/\",\"url\":\"https:\\\/\\\/www.reseau-mesure.com\\\/wp-content\\\/uploads\\\/2018\\\/02\\\/logo-max.png\",\"contentUrl\":\"https:\\\/\\\/www.reseau-mesure.com\\\/wp-content\\\/uploads\\\/2018\\\/02\\\/logo-max.png\",\"width\":545,\"height\":285,\"caption\":\"R\u00e9seau-Mesure\"},\"image\":{\"@id\":\"https:\\\/\\\/www.reseau-mesure.com\\\/#\\\/schema\\\/logo\\\/image\\\/\"},\"sameAs\":[\"https:\\\/\\\/www.facebook.com\\\/reseaumesure\\\/\",\"https:\\\/\\\/x.com\\\/ReseauMesure\",\"https:\\\/\\\/www.linkedin.com\\\/company\\\/reseau-mesure\\\/\"]}]}<\/script>\n<!-- \/ Yoast SEO plugin. -->","yoast_head_json":{"title":"Le R\u00e9seau Mesure, face au Covid 19 - R\u00e9seau Mesure","robots":{"index":"index","follow":"follow","max-snippet":"max-snippet:-1","max-image-preview":"max-image-preview:large","max-video-preview":"max-video-preview:-1"},"canonical":"https:\/\/www.reseau-mesure.com\/de\/le-reseau-mesure-face-au-covid\/","og_locale":"de_DE","og_type":"article","og_title":"Le R\u00e9seau Mesure, face au Covid 19 - R\u00e9seau Mesure","og_description":"Le R\u00e9seau Mesure face au COVID 19 &#8211; Les masques Par les adh\u00e9rents Pour les adh\u00e9rents D\u00e9couvrez une action du R\u00e9seau Mesure face au COVID 19 : Face \u00e0 cette crise sanitaire il nous a paru important d\u2019agir pour s\u2019aider mutuellement. L\u2019initiative est venue d\u2019un de nos membres qui travaille depuis longtemps avec la Chine.&hellip;","og_url":"https:\/\/www.reseau-mesure.com\/de\/le-reseau-mesure-face-au-covid\/","og_site_name":"R\u00e9seau Mesure","article_publisher":"https:\/\/www.facebook.com\/reseaumesure\/","article_modified_time":"2020-07-23T14:20:42+00:00","og_image":[{"url":"https:\/\/www.reseau-mesure.com\/wp-content\/plugins\/bb-plugin\/img\/pixel.png","type":"","width":"","height":""}],"twitter_card":"summary_large_image","twitter_site":"@ReseauMesure","twitter_misc":{"Gesch\u00e4tzte Lesezeit":"1\u00a0Minute"},"schema":{"@context":"https:\/\/schema.org","@graph":[{"@type":"WebPage","@id":"https:\/\/www.reseau-mesure.com\/en\/le-reseau-mesure-face-au-covid\/","url":"https:\/\/www.reseau-mesure.com\/en\/le-reseau-mesure-face-au-covid\/","name":"Le R\u00e9seau Mesure, face au Covid 19 - R\u00e9seau Mesure","isPartOf":{"@id":"https:\/\/www.reseau-mesure.com\/#website"},"primaryImageOfPage":{"@id":"https:\/\/www.reseau-mesure.com\/en\/le-reseau-mesure-face-au-covid\/#primaryimage"},"image":{"@id":"https:\/\/www.reseau-mesure.com\/en\/le-reseau-mesure-face-au-covid\/#primaryimage"},"thumbnailUrl":"https:\/\/www.reseau-mesure.com\/wp-content\/plugins\/bb-plugin\/img\/pixel.png","datePublished":"2020-07-23T13:14:33+00:00","dateModified":"2020-07-23T14:20:42+00:00","breadcrumb":{"@id":"https:\/\/www.reseau-mesure.com\/en\/le-reseau-mesure-face-au-covid\/#breadcrumb"},"inLanguage":"de","potentialAction":[{"@type":"ReadAction","target":["https:\/\/www.reseau-mesure.com\/en\/le-reseau-mesure-face-au-covid\/"]}]},{"@type":"ImageObject","inLanguage":"de","@id":"https:\/\/www.reseau-mesure.com\/en\/le-reseau-mesure-face-au-covid\/#primaryimage","url":"https:\/\/www.reseau-mesure.com\/wp-content\/plugins\/bb-plugin\/img\/pixel.png","contentUrl":"https:\/\/www.reseau-mesure.com\/wp-content\/plugins\/bb-plugin\/img\/pixel.png"},{"@type":"BreadcrumbList","@id":"https:\/\/www.reseau-mesure.com\/en\/le-reseau-mesure-face-au-covid\/#breadcrumb","itemListElement":[{"@type":"ListItem","position":1,"name":"Accueil","item":"https:\/\/www.reseau-mesure.com\/"},{"@type":"ListItem","position":2,"name":"Le R\u00e9seau Mesure, face au Covid 19"}]},{"@type":"WebSite","@id":"https:\/\/www.reseau-mesure.com\/#website","url":"https:\/\/www.reseau-mesure.com\/","name":"Netzwerk-Messung","description":"Netzwerkma\u00dfnahme","publisher":{"@id":"https:\/\/www.reseau-mesure.com\/#organization"},"potentialAction":[{"@type":"SearchAction","target":{"@type":"EntryPoint","urlTemplate":"https:\/\/www.reseau-mesure.com\/?s={search_term_string}"},"query-input":{"@type":"PropertyValueSpecification","valueRequired":true,"valueName":"search_term_string"}}],"inLanguage":"de"},{"@type":"Organization","@id":"https:\/\/www.reseau-mesure.com\/#organization","name":"Netzwerk-Messung","url":"https:\/\/www.reseau-mesure.com\/","logo":{"@type":"ImageObject","inLanguage":"de","@id":"https:\/\/www.reseau-mesure.com\/#\/schema\/logo\/image\/","url":"https:\/\/www.reseau-mesure.com\/wp-content\/uploads\/2018\/02\/logo-max.png","contentUrl":"https:\/\/www.reseau-mesure.com\/wp-content\/uploads\/2018\/02\/logo-max.png","width":545,"height":285,"caption":"R\u00e9seau-Mesure"},"image":{"@id":"https:\/\/www.reseau-mesure.com\/#\/schema\/logo\/image\/"},"sameAs":["https:\/\/www.facebook.com\/reseaumesure\/","https:\/\/x.com\/ReseauMesure","https:\/\/www.linkedin.com\/company\/reseau-mesure\/"]}]}},"_links":{"self":[{"href":"https:\/\/www.reseau-mesure.com\/de\/wp-json\/wp\/v2\/pages\/10874","targetHints":{"allow":["GET"]}}],"collection":[{"href":"https:\/\/www.reseau-mesure.com\/de\/wp-json\/wp\/v2\/pages"}],"about":[{"href":"https:\/\/www.reseau-mesure.com\/de\/wp-json\/wp\/v2\/types\/page"}],"author":[{"embeddable":true,"href":"https:\/\/www.reseau-mesure.com\/de\/wp-json\/wp\/v2\/users\/685"}],"replies":[{"embeddable":true,"href":"https:\/\/www.reseau-mesure.com\/de\/wp-json\/wp\/v2\/comments?post=10874"}],"version-history":[{"count":0,"href":"https:\/\/www.reseau-mesure.com\/de\/wp-json\/wp\/v2\/pages\/10874\/revisions"}],"wp:attachment":[{"href":"https:\/\/www.reseau-mesure.com\/de\/wp-json\/wp\/v2\/media?parent=10874"}],"curies":[{"name":"wp","href":"https:\/\/api.w.org\/{rel}","templated":true}]}}