{"id":109,"date":"2017-11-15T11:56:21","date_gmt":"2017-11-15T10:56:21","guid":{"rendered":"http:\/\/reseau-mesure.fr\/?page_id=109"},"modified":"2025-02-25T10:22:09","modified_gmt":"2025-02-25T09:22:09","slug":"candidat","status":"publish","type":"page","link":"https:\/\/www.reseau-mesure.com\/de\/candidat\/","title":{"rendered":"Anwendung"},"content":{"rendered":"<img loading=\"lazy\" decoding=\"async\" src=\"https:\/\/www.reseau-mesure.com\/wp-content\/uploads\/2018\/10\/AdobeStock_74979239.jpeg\" alt=\"Votre Candidadure\" itemprop=\"image\" height=\"3299\" width=\"4630\" title=\"Anwendungsnetzwerk Ma\u00dfnahme\" onerror=\"this.style.display='none'\"  \/>\n\t\t<h1>\n\t\t\tSenden Sie Ihre Bewerbung: Die effiziente L\u00f6sung f\u00fcr die Jobsuche\n\t\t<\/h1>\n\t<h2>Haben Sie Erfahrung auf dem Gebiet der Messung und m\u00f6chten Ihre Kandidatur Mitgliedern des Messnetzwerks vorschlagen?<\/h2>\n<p>&nbsp;<\/p>\n\t<p>Einfacher geht es nicht. F\u00fcllen Sie einfach das folgende Formular aus.<\/p>\nIhre Bewerbung wird dann 1 Jahr ab dem Datum der Einreichung aufbewahrt.<br \/>\nUm Ihren Lebenslauf zu l\u00f6schen, senden Sie einfach eine E-Mail an <a href=\"mailto: info@reseau-mesure.com\">Netzwerkma\u00dfnahme.<\/a>\nWir achten auf alle eingegangenen Bewerbungen,<br \/>\nMitglieder des Messnetzes k\u00f6nnen die Anwendungen \u00fcber die f\u00fcr sie reservierte Schnittstelle einsehen.<br \/>\nZ\u00f6gern Sie also nicht l\u00e4nger!<br \/>\nBitte geben Sie Ihre Erwartungen, Ihre F\u00e4higkeiten und Ihr Know-how so weit wie m\u00f6glich an, um ein perfektes Angebot zu erstellen.<br \/>\nZ\u00f6gern Sie nicht, unsere Mitglieder direkt zu kontaktieren. Setzen Sie die Chancen zu Ihren Gunsten.\n<p>&nbsp;<\/p>","protected":false},"excerpt":{"rendered":"<p>Senden Sie Ihre Bewerbung: Die effiziente L\u00f6sung, um eine Stelle zu finden Haben Sie Erfahrung auf dem Gebiet der Messung und m\u00f6chten Ihre Bewerbung Mitgliedern des Messnetzwerks vorschlagen? Einfacher geht es nicht. F\u00fcllen Sie einfach das folgende Formular aus. Ihre Bewerbung wird dann 1 Jahr lang bei ...<\/p>","protected":false},"author":685,"featured_media":0,"parent":0,"menu_order":0,"comment_status":"closed","ping_status":"closed","template":"candidat.php","meta":{"_acf_changed":false,"footnotes":""},"class_list":["post-109","page","type-page","status-publish","hentry"],"acf":[],"yoast_head":"<!-- This site is optimized with the Yoast SEO plugin v27.3 - https:\/\/yoast.com\/product\/yoast-seo-wordpress\/ -->\n<title>Candidature - R\u00e9seau Mesure<\/title>\n<meta name=\"description\" content=\"Vous \u00eates \u00e0 la recherche d&#039;un job ou souhaitez changer de carri\u00e8re ? venez deposer votre candidature dans notre CVth\u00e8que r\u00e9serv\u00e9e \u00e0 nos adh\u00e9rents.\" \/>\n<meta name=\"robots\" content=\"index, follow, max-snippet:-1, max-image-preview:large, max-video-preview:-1\" \/>\n<link rel=\"canonical\" href=\"https:\/\/www.reseau-mesure.com\/de\/candidat\/\" \/>\n<meta property=\"og:locale\" content=\"de_DE\" \/>\n<meta property=\"og:type\" content=\"article\" \/>\n<meta property=\"og:title\" content=\"Candidature - R\u00e9seau Mesure\" \/>\n<meta property=\"og:description\" content=\"Vous \u00eates \u00e0 la recherche d&#039;un job ou souhaitez changer de carri\u00e8re ? venez deposer votre candidature dans notre CVth\u00e8que r\u00e9serv\u00e9e \u00e0 nos adh\u00e9rents.\" \/>\n<meta property=\"og:url\" content=\"https:\/\/www.reseau-mesure.com\/de\/candidat\/\" \/>\n<meta property=\"og:site_name\" content=\"R\u00e9seau Mesure\" \/>\n<meta property=\"article:publisher\" content=\"https:\/\/www.facebook.com\/reseaumesure\/\" \/>\n<meta property=\"article:modified_time\" content=\"2025-02-25T09:22:09+00:00\" \/>\n<meta property=\"og:image\" content=\"https:\/\/www.reseau-mesure.com\/wp-content\/uploads\/2018\/10\/AdobeStock_74979239.jpeg\" \/>\n<meta name=\"twitter:card\" content=\"summary_large_image\" \/>\n<meta name=\"twitter:site\" content=\"@ReseauMesure\" \/>\n<meta name=\"twitter:label1\" content=\"Gesch\u00e4tzte Lesezeit\" \/>\n\t<meta name=\"twitter:data1\" content=\"1\u00a0Minute\" \/>\n<script type=\"application\/ld+json\" class=\"yoast-schema-graph\">{\"@context\":\"https:\\\/\\\/schema.org\",\"@graph\":[{\"@type\":\"WebPage\",\"@id\":\"https:\\\/\\\/www.reseau-mesure.com\\\/candidat\\\/\",\"url\":\"https:\\\/\\\/www.reseau-mesure.com\\\/candidat\\\/\",\"name\":\"Candidature - R\u00e9seau Mesure\",\"isPartOf\":{\"@id\":\"https:\\\/\\\/www.reseau-mesure.com\\\/#website\"},\"primaryImageOfPage\":{\"@id\":\"https:\\\/\\\/www.reseau-mesure.com\\\/candidat\\\/#primaryimage\"},\"image\":{\"@id\":\"https:\\\/\\\/www.reseau-mesure.com\\\/candidat\\\/#primaryimage\"},\"thumbnailUrl\":\"https:\\\/\\\/www.reseau-mesure.com\\\/wp-content\\\/uploads\\\/2018\\\/10\\\/AdobeStock_74979239.jpeg\",\"datePublished\":\"2017-11-15T10:56:21+00:00\",\"dateModified\":\"2025-02-25T09:22:09+00:00\",\"description\":\"Vous \u00eates \u00e0 la recherche d'un job ou souhaitez changer de carri\u00e8re ? venez deposer votre candidature dans notre CVth\u00e8que r\u00e9serv\u00e9e \u00e0 nos adh\u00e9rents.\",\"breadcrumb\":{\"@id\":\"https:\\\/\\\/www.reseau-mesure.com\\\/candidat\\\/#breadcrumb\"},\"inLanguage\":\"de\",\"potentialAction\":[{\"@type\":\"ReadAction\",\"target\":[\"https:\\\/\\\/www.reseau-mesure.com\\\/candidat\\\/\"]}]},{\"@type\":\"ImageObject\",\"inLanguage\":\"de\",\"@id\":\"https:\\\/\\\/www.reseau-mesure.com\\\/candidat\\\/#primaryimage\",\"url\":\"https:\\\/\\\/www.reseau-mesure.com\\\/wp-content\\\/uploads\\\/2018\\\/10\\\/AdobeStock_74979239.jpeg\",\"contentUrl\":\"https:\\\/\\\/www.reseau-mesure.com\\\/wp-content\\\/uploads\\\/2018\\\/10\\\/AdobeStock_74979239.jpeg\"},{\"@type\":\"BreadcrumbList\",\"@id\":\"https:\\\/\\\/www.reseau-mesure.com\\\/candidat\\\/#breadcrumb\",\"itemListElement\":[{\"@type\":\"ListItem\",\"position\":1,\"name\":\"Accueil\",\"item\":\"https:\\\/\\\/www.reseau-mesure.com\\\/\"},{\"@type\":\"ListItem\",\"position\":2,\"name\":\"Candidature\"}]},{\"@type\":\"WebSite\",\"@id\":\"https:\\\/\\\/www.reseau-mesure.com\\\/#website\",\"url\":\"https:\\\/\\\/www.reseau-mesure.com\\\/\",\"name\":\"R\u00e9seau-Mesure\",\"description\":\"R\u00e9seau Mesure\",\"publisher\":{\"@id\":\"https:\\\/\\\/www.reseau-mesure.com\\\/#organization\"},\"potentialAction\":[{\"@type\":\"SearchAction\",\"target\":{\"@type\":\"EntryPoint\",\"urlTemplate\":\"https:\\\/\\\/www.reseau-mesure.com\\\/?s={search_term_string}\"},\"query-input\":{\"@type\":\"PropertyValueSpecification\",\"valueRequired\":true,\"valueName\":\"search_term_string\"}}],\"inLanguage\":\"de\"},{\"@type\":\"Organization\",\"@id\":\"https:\\\/\\\/www.reseau-mesure.com\\\/#organization\",\"name\":\"R\u00e9seau-Mesure\",\"url\":\"https:\\\/\\\/www.reseau-mesure.com\\\/\",\"logo\":{\"@type\":\"ImageObject\",\"inLanguage\":\"de\",\"@id\":\"https:\\\/\\\/www.reseau-mesure.com\\\/#\\\/schema\\\/logo\\\/image\\\/\",\"url\":\"https:\\\/\\\/www.reseau-mesure.com\\\/wp-content\\\/uploads\\\/2018\\\/02\\\/logo-max.png\",\"contentUrl\":\"https:\\\/\\\/www.reseau-mesure.com\\\/wp-content\\\/uploads\\\/2018\\\/02\\\/logo-max.png\",\"width\":545,\"height\":285,\"caption\":\"R\u00e9seau-Mesure\"},\"image\":{\"@id\":\"https:\\\/\\\/www.reseau-mesure.com\\\/#\\\/schema\\\/logo\\\/image\\\/\"},\"sameAs\":[\"https:\\\/\\\/www.facebook.com\\\/reseaumesure\\\/\",\"https:\\\/\\\/x.com\\\/ReseauMesure\",\"https:\\\/\\\/www.linkedin.com\\\/company\\\/reseau-mesure\\\/\"]}]}<\/script>\n<!-- \/ Yoast SEO plugin. -->","yoast_head_json":{"title":"Candidature - R\u00e9seau Mesure","description":"Vous \u00eates \u00e0 la recherche d'un job ou souhaitez changer de carri\u00e8re ? venez deposer votre candidature dans notre CVth\u00e8que r\u00e9serv\u00e9e \u00e0 nos adh\u00e9rents.","robots":{"index":"index","follow":"follow","max-snippet":"max-snippet:-1","max-image-preview":"max-image-preview:large","max-video-preview":"max-video-preview:-1"},"canonical":"https:\/\/www.reseau-mesure.com\/de\/candidat\/","og_locale":"de_DE","og_type":"article","og_title":"Candidature - R\u00e9seau Mesure","og_description":"Vous \u00eates \u00e0 la recherche d'un job ou souhaitez changer de carri\u00e8re ? venez deposer votre candidature dans notre CVth\u00e8que r\u00e9serv\u00e9e \u00e0 nos adh\u00e9rents.","og_url":"https:\/\/www.reseau-mesure.com\/de\/candidat\/","og_site_name":"R\u00e9seau Mesure","article_publisher":"https:\/\/www.facebook.com\/reseaumesure\/","article_modified_time":"2025-02-25T09:22:09+00:00","og_image":[{"url":"https:\/\/www.reseau-mesure.com\/wp-content\/uploads\/2018\/10\/AdobeStock_74979239.jpeg","type":"","width":"","height":""}],"twitter_card":"summary_large_image","twitter_site":"@ReseauMesure","twitter_misc":{"Gesch\u00e4tzte Lesezeit":"1\u00a0Minute"},"schema":{"@context":"https:\/\/schema.org","@graph":[{"@type":"WebPage","@id":"https:\/\/www.reseau-mesure.com\/candidat\/","url":"https:\/\/www.reseau-mesure.com\/candidat\/","name":"Candidature - R\u00e9seau Mesure","isPartOf":{"@id":"https:\/\/www.reseau-mesure.com\/#website"},"primaryImageOfPage":{"@id":"https:\/\/www.reseau-mesure.com\/candidat\/#primaryimage"},"image":{"@id":"https:\/\/www.reseau-mesure.com\/candidat\/#primaryimage"},"thumbnailUrl":"https:\/\/www.reseau-mesure.com\/wp-content\/uploads\/2018\/10\/AdobeStock_74979239.jpeg","datePublished":"2017-11-15T10:56:21+00:00","dateModified":"2025-02-25T09:22:09+00:00","description":"Vous \u00eates \u00e0 la recherche d'un job ou souhaitez changer de carri\u00e8re ? venez deposer votre candidature dans notre CVth\u00e8que r\u00e9serv\u00e9e \u00e0 nos adh\u00e9rents.","breadcrumb":{"@id":"https:\/\/www.reseau-mesure.com\/candidat\/#breadcrumb"},"inLanguage":"de","potentialAction":[{"@type":"ReadAction","target":["https:\/\/www.reseau-mesure.com\/candidat\/"]}]},{"@type":"ImageObject","inLanguage":"de","@id":"https:\/\/www.reseau-mesure.com\/candidat\/#primaryimage","url":"https:\/\/www.reseau-mesure.com\/wp-content\/uploads\/2018\/10\/AdobeStock_74979239.jpeg","contentUrl":"https:\/\/www.reseau-mesure.com\/wp-content\/uploads\/2018\/10\/AdobeStock_74979239.jpeg"},{"@type":"BreadcrumbList","@id":"https:\/\/www.reseau-mesure.com\/candidat\/#breadcrumb","itemListElement":[{"@type":"ListItem","position":1,"name":"Accueil","item":"https:\/\/www.reseau-mesure.com\/"},{"@type":"ListItem","position":2,"name":"Candidature"}]},{"@type":"WebSite","@id":"https:\/\/www.reseau-mesure.com\/#website","url":"https:\/\/www.reseau-mesure.com\/","name":"Netzwerk-Messung","description":"Netzwerkma\u00dfnahme","publisher":{"@id":"https:\/\/www.reseau-mesure.com\/#organization"},"potentialAction":[{"@type":"SearchAction","target":{"@type":"EntryPoint","urlTemplate":"https:\/\/www.reseau-mesure.com\/?s={search_term_string}"},"query-input":{"@type":"PropertyValueSpecification","valueRequired":true,"valueName":"search_term_string"}}],"inLanguage":"de"},{"@type":"Organization","@id":"https:\/\/www.reseau-mesure.com\/#organization","name":"Netzwerk-Messung","url":"https:\/\/www.reseau-mesure.com\/","logo":{"@type":"ImageObject","inLanguage":"de","@id":"https:\/\/www.reseau-mesure.com\/#\/schema\/logo\/image\/","url":"https:\/\/www.reseau-mesure.com\/wp-content\/uploads\/2018\/02\/logo-max.png","contentUrl":"https:\/\/www.reseau-mesure.com\/wp-content\/uploads\/2018\/02\/logo-max.png","width":545,"height":285,"caption":"R\u00e9seau-Mesure"},"image":{"@id":"https:\/\/www.reseau-mesure.com\/#\/schema\/logo\/image\/"},"sameAs":["https:\/\/www.facebook.com\/reseaumesure\/","https:\/\/x.com\/ReseauMesure","https:\/\/www.linkedin.com\/company\/reseau-mesure\/"]}]}},"_links":{"self":[{"href":"https:\/\/www.reseau-mesure.com\/de\/wp-json\/wp\/v2\/pages\/109","targetHints":{"allow":["GET"]}}],"collection":[{"href":"https:\/\/www.reseau-mesure.com\/de\/wp-json\/wp\/v2\/pages"}],"about":[{"href":"https:\/\/www.reseau-mesure.com\/de\/wp-json\/wp\/v2\/types\/page"}],"author":[{"embeddable":true,"href":"https:\/\/www.reseau-mesure.com\/de\/wp-json\/wp\/v2\/users\/685"}],"replies":[{"embeddable":true,"href":"https:\/\/www.reseau-mesure.com\/de\/wp-json\/wp\/v2\/comments?post=109"}],"version-history":[{"count":0,"href":"https:\/\/www.reseau-mesure.com\/de\/wp-json\/wp\/v2\/pages\/109\/revisions"}],"wp:attachment":[{"href":"https:\/\/www.reseau-mesure.com\/de\/wp-json\/wp\/v2\/media?parent=109"}],"curies":[{"name":"wp","href":"https:\/\/api.w.org\/{rel}","templated":true}]}}