{"id":10906,"date":"2020-07-24T11:35:45","date_gmt":"2020-07-24T09:35:45","guid":{"rendered":"https:\/\/www.reseau-mesure.com\/?page_id=10906"},"modified":"2021-01-18T12:14:54","modified_gmt":"2021-01-18T11:14:54","slug":"webinar-cem","status":"publish","type":"page","link":"https:\/\/www.reseau-mesure.com\/de\/webinar-cem\/","title":{"rendered":"Webinar mit CEM"},"content":{"rendered":"<h2>\n\t\tDas Webinar\n\t<\/h2>\n<h3>\n\t\tEine neue Art zu verkaufen\n\t<\/h3>\n\t\t\t\t<img decoding=\"async\" src=\"https:\/\/www.reseau-mesure.com\/wp-content\/plugins\/bb-plugin\/img\/pixel.png\" alt=\"\" itemprop=\"image\" onerror=\"this.style.display='none'\"  \/>\n\t\t\t\t<img loading=\"lazy\" decoding=\"async\" src=\"https:\/\/www.reseau-mesure.com\/wp-content\/uploads\/2020\/07\/webinar-300x215.png\" alt=\"Webinar CEM\" itemprop=\"image\" height=\"215\" width=\"300\" title=\"Webinar\" onerror=\"this.style.display='none'\"  \/>\n\t<table>\n<tbody>\n<tr>\n<td>\n<table width=\"100%\">\n<tbody>\n<tr>\n<td>\n<table width=\"100%\">\n<tbody>\n<tr>\n<td>\n<h3>Sie m\u00f6chten ein Webinar veranstalten, sind sich aber nicht sicher, wie Sie es einrichten sollen?<\/h3>\n<h3>Wir sind hier, um dir zu helfen !<\/h3>\n<p>&nbsp;<\/p>\n<table width=\"100%\">\n<tbody>\n<tr>\n<td>Das\u00a0<strong>Webinar<\/strong>\u00a0hat seine bewiesen\u00a0<strong>Effizienz<\/strong>\u00a0mit Ihren Kunden und Kontakten zu interagieren und Ihre Produkte und Ihr Fachwissen zu f\u00f6rdern. In dem speziellen Kontext, den wir durchlaufen, haben wir eine entwickelt\u00a0<strong>Angebot<\/strong><strong>\u00a0angepasst<\/strong>\u00a0was in stattfindet\u00a0<strong>drei Phasen<\/strong>\u00a0:<\/td>\n<\/tr>\n<\/tbody>\n<\/table>\n<p>&nbsp;<\/p>\n1.\u00a0\u00a0\u00a0 <strong>BEF\u00d6RDERUNG<\/strong><br \/>\n\u2013 Banner auf der CEM-Website<br \/>\n\u2013 Einladungen versenden<br \/>\n- technischer Support\n<p>&nbsp;<\/p>\n2.\u00a0\u00a0\u00a0 <strong>PROZESS<\/strong><br \/>\n\u2013 Animation des auf einer Plattform gehosteten Webinars\u00a0<em>Hergestellt in Frankreich<\/em><em><br \/>\n<\/em>\u2013 personalisierte musikalische Haut<br \/>\n\u2013 Organisation von Fragen\/Antworten<br \/>\n\u2013 Einbindung Ihrer Datenfeeds (Folien, Video, pdf etc.) 3.\u00a0\u00a0\u00a0 <strong>\u00dcBERWACHUNG<\/strong><br \/>\n\u2013 Teilnahmestatistik<br \/>\n\u2013 Bereitstellung des Replays (um die Reichweite zu erh\u00f6hen)<\/td>\n<\/tr>\n<tr>\n<td>\n<table width=\"100%\">\n<tbody>\n<tr>\n<td>Profitieren Sie vom Image unseres Supports, unserer Vertriebsst\u00fctzpunkte und der Nachverfolgung im Magazin. Kontaktieren Sie uns f\u00fcr ein kommerzielles Angebot und eine schnelle Einrichtung.<\/td>\n<\/tr>\n<\/tbody>\n<\/table>\n<\/td>\n<\/tr>\n<\/tbody>\n<\/table>\n<\/td>\n<\/tr>\n<\/tbody>\n<\/table>\n<\/td>\n<\/tr>\n<\/tbody>\n<\/table>\n<p><a href=\"mailto:contact@editocom.com\">contact@editocom.com<\/a> - Eine solche. : 09 77 21 81 21<\/p>\n<p>&nbsp;<\/p>\n<table>\n<tbody>\n<tr>\n<td>&nbsp;\n<a href=\"http:\/\/news.editocom.com\/cem\">Erhalten Sie CEM-Morgennachrichten<\/a><\/td>\n<td><strong>Celine Dewaele<\/strong>\n<p>Kundendirektor<\/p>\n<p>Direktes Telefon: +33 (0) 6 07 56 65 02<\/p>\n<p>c.dewaele@editocom.com<\/p>\n11 Jacques Decour Gasse | 93270 Sevran | Frankreich<\/td>\n<\/tr>\n<\/tbody>\n<\/table>","protected":false},"excerpt":{"rendered":"<p>Das Webinar Eine neue Art zu verkaufen Sie m\u00f6chten ein Webinar veranstalten, sind sich aber nicht sicher, wie Sie es einrichten sollen? Wir sind hier, um dir zu helfen ! Das Webinar hat seine Wirksamkeit im Austausch mit Ihren Kunden und Kontakten sowie in der Werbung f\u00fcr Ihre Produkte und Ihr Fachwissen unter Beweis gestellt.\u2026<\/p>","protected":false},"author":685,"featured_media":0,"parent":0,"menu_order":0,"comment_status":"closed","ping_status":"closed","template":"","meta":{"_acf_changed":false,"footnotes":""},"class_list":["post-10906","page","type-page","status-publish","hentry"],"acf":[],"yoast_head":"<!-- This site is optimized with the Yoast SEO plugin v27.5 - https:\/\/yoast.com\/product\/yoast-seo-wordpress\/ -->\n<title>Webinar avec CEM - R\u00e9seau Mesure<\/title>\n<meta name=\"robots\" content=\"index, follow, max-snippet:-1, max-image-preview:large, max-video-preview:-1\" \/>\n<link rel=\"canonical\" href=\"https:\/\/www.reseau-mesure.com\/de\/webinar-cem\/\" \/>\n<meta property=\"og:locale\" content=\"de_DE\" \/>\n<meta property=\"og:type\" content=\"article\" \/>\n<meta property=\"og:title\" content=\"Webinar avec CEM - R\u00e9seau Mesure\" \/>\n<meta property=\"og:description\" content=\"Le Webinar Une nouvelle fa\u00e7on de vendre Vous voulez organiser un webinar, mais vous h\u00e9sitez sur la mani\u00e8re de le mettre en place ? Nous sommes l\u00e0 pour vous aider ! &nbsp; Le\u00a0webinar\u00a0a fait la preuve de son\u00a0efficacit\u00e9\u00a0pour \u00e9changer avec vos clients et contacts et faire la promotion de vos produits et de votre expertise.&hellip;\" \/>\n<meta property=\"og:url\" content=\"https:\/\/www.reseau-mesure.com\/de\/webinar-cem\/\" \/>\n<meta property=\"og:site_name\" content=\"R\u00e9seau Mesure\" \/>\n<meta property=\"article:publisher\" content=\"https:\/\/www.facebook.com\/reseaumesure\/\" \/>\n<meta property=\"article:modified_time\" content=\"2021-01-18T11:14:54+00:00\" \/>\n<meta property=\"og:image\" content=\"https:\/\/www.reseau-mesure.com\/wp-content\/plugins\/bb-plugin\/img\/pixel.png\" \/>\n<meta name=\"twitter:card\" content=\"summary_large_image\" \/>\n<meta name=\"twitter:site\" content=\"@ReseauMesure\" \/>\n<meta name=\"twitter:label1\" content=\"Gesch\u00e4tzte Lesezeit\" \/>\n\t<meta name=\"twitter:data1\" content=\"1\u00a0Minute\" \/>\n<script type=\"application\/ld+json\" class=\"yoast-schema-graph\">{\"@context\":\"https:\\\/\\\/schema.org\",\"@graph\":[{\"@type\":\"WebPage\",\"@id\":\"https:\\\/\\\/www.reseau-mesure.com\\\/de\\\/webinar-cem\\\/\",\"url\":\"https:\\\/\\\/www.reseau-mesure.com\\\/de\\\/webinar-cem\\\/\",\"name\":\"Webinar avec CEM - R\u00e9seau Mesure\",\"isPartOf\":{\"@id\":\"https:\\\/\\\/www.reseau-mesure.com\\\/#website\"},\"primaryImageOfPage\":{\"@id\":\"https:\\\/\\\/www.reseau-mesure.com\\\/de\\\/webinar-cem\\\/#primaryimage\"},\"image\":{\"@id\":\"https:\\\/\\\/www.reseau-mesure.com\\\/de\\\/webinar-cem\\\/#primaryimage\"},\"thumbnailUrl\":\"https:\\\/\\\/www.reseau-mesure.com\\\/wp-content\\\/plugins\\\/bb-plugin\\\/img\\\/pixel.png\",\"datePublished\":\"2020-07-24T09:35:45+00:00\",\"dateModified\":\"2021-01-18T11:14:54+00:00\",\"breadcrumb\":{\"@id\":\"https:\\\/\\\/www.reseau-mesure.com\\\/de\\\/webinar-cem\\\/#breadcrumb\"},\"inLanguage\":\"de\",\"potentialAction\":[{\"@type\":\"ReadAction\",\"target\":[\"https:\\\/\\\/www.reseau-mesure.com\\\/de\\\/webinar-cem\\\/\"]}]},{\"@type\":\"ImageObject\",\"inLanguage\":\"de\",\"@id\":\"https:\\\/\\\/www.reseau-mesure.com\\\/de\\\/webinar-cem\\\/#primaryimage\",\"url\":\"https:\\\/\\\/www.reseau-mesure.com\\\/wp-content\\\/plugins\\\/bb-plugin\\\/img\\\/pixel.png\",\"contentUrl\":\"https:\\\/\\\/www.reseau-mesure.com\\\/wp-content\\\/plugins\\\/bb-plugin\\\/img\\\/pixel.png\"},{\"@type\":\"BreadcrumbList\",\"@id\":\"https:\\\/\\\/www.reseau-mesure.com\\\/de\\\/webinar-cem\\\/#breadcrumb\",\"itemListElement\":[{\"@type\":\"ListItem\",\"position\":1,\"name\":\"Accueil\",\"item\":\"https:\\\/\\\/www.reseau-mesure.com\\\/\"},{\"@type\":\"ListItem\",\"position\":2,\"name\":\"Webinar avec CEM\"}]},{\"@type\":\"WebSite\",\"@id\":\"https:\\\/\\\/www.reseau-mesure.com\\\/#website\",\"url\":\"https:\\\/\\\/www.reseau-mesure.com\\\/\",\"name\":\"R\u00e9seau-Mesure\",\"description\":\"R\u00e9seau Mesure\",\"publisher\":{\"@id\":\"https:\\\/\\\/www.reseau-mesure.com\\\/#organization\"},\"potentialAction\":[{\"@type\":\"SearchAction\",\"target\":{\"@type\":\"EntryPoint\",\"urlTemplate\":\"https:\\\/\\\/www.reseau-mesure.com\\\/?s={search_term_string}\"},\"query-input\":{\"@type\":\"PropertyValueSpecification\",\"valueRequired\":true,\"valueName\":\"search_term_string\"}}],\"inLanguage\":\"de\"},{\"@type\":\"Organization\",\"@id\":\"https:\\\/\\\/www.reseau-mesure.com\\\/#organization\",\"name\":\"R\u00e9seau-Mesure\",\"url\":\"https:\\\/\\\/www.reseau-mesure.com\\\/\",\"logo\":{\"@type\":\"ImageObject\",\"inLanguage\":\"de\",\"@id\":\"https:\\\/\\\/www.reseau-mesure.com\\\/#\\\/schema\\\/logo\\\/image\\\/\",\"url\":\"https:\\\/\\\/www.reseau-mesure.com\\\/wp-content\\\/uploads\\\/2018\\\/02\\\/logo-max.png\",\"contentUrl\":\"https:\\\/\\\/www.reseau-mesure.com\\\/wp-content\\\/uploads\\\/2018\\\/02\\\/logo-max.png\",\"width\":545,\"height\":285,\"caption\":\"R\u00e9seau-Mesure\"},\"image\":{\"@id\":\"https:\\\/\\\/www.reseau-mesure.com\\\/#\\\/schema\\\/logo\\\/image\\\/\"},\"sameAs\":[\"https:\\\/\\\/www.facebook.com\\\/reseaumesure\\\/\",\"https:\\\/\\\/x.com\\\/ReseauMesure\",\"https:\\\/\\\/www.linkedin.com\\\/company\\\/reseau-mesure\\\/\"]}]}<\/script>\n<!-- \/ Yoast SEO plugin. -->","yoast_head_json":{"title":"Webinar avec CEM - R\u00e9seau Mesure","robots":{"index":"index","follow":"follow","max-snippet":"max-snippet:-1","max-image-preview":"max-image-preview:large","max-video-preview":"max-video-preview:-1"},"canonical":"https:\/\/www.reseau-mesure.com\/de\/webinar-cem\/","og_locale":"de_DE","og_type":"article","og_title":"Webinar avec CEM - R\u00e9seau Mesure","og_description":"Le Webinar Une nouvelle fa\u00e7on de vendre Vous voulez organiser un webinar, mais vous h\u00e9sitez sur la mani\u00e8re de le mettre en place ? Nous sommes l\u00e0 pour vous aider ! &nbsp; Le\u00a0webinar\u00a0a fait la preuve de son\u00a0efficacit\u00e9\u00a0pour \u00e9changer avec vos clients et contacts et faire la promotion de vos produits et de votre expertise.&hellip;","og_url":"https:\/\/www.reseau-mesure.com\/de\/webinar-cem\/","og_site_name":"R\u00e9seau Mesure","article_publisher":"https:\/\/www.facebook.com\/reseaumesure\/","article_modified_time":"2021-01-18T11:14:54+00:00","og_image":[{"url":"https:\/\/www.reseau-mesure.com\/wp-content\/plugins\/bb-plugin\/img\/pixel.png","type":"","width":"","height":""}],"twitter_card":"summary_large_image","twitter_site":"@ReseauMesure","twitter_misc":{"Gesch\u00e4tzte Lesezeit":"1\u00a0Minute"},"schema":{"@context":"https:\/\/schema.org","@graph":[{"@type":"WebPage","@id":"https:\/\/www.reseau-mesure.com\/de\/webinar-cem\/","url":"https:\/\/www.reseau-mesure.com\/de\/webinar-cem\/","name":"Webinar avec CEM - R\u00e9seau Mesure","isPartOf":{"@id":"https:\/\/www.reseau-mesure.com\/#website"},"primaryImageOfPage":{"@id":"https:\/\/www.reseau-mesure.com\/de\/webinar-cem\/#primaryimage"},"image":{"@id":"https:\/\/www.reseau-mesure.com\/de\/webinar-cem\/#primaryimage"},"thumbnailUrl":"https:\/\/www.reseau-mesure.com\/wp-content\/plugins\/bb-plugin\/img\/pixel.png","datePublished":"2020-07-24T09:35:45+00:00","dateModified":"2021-01-18T11:14:54+00:00","breadcrumb":{"@id":"https:\/\/www.reseau-mesure.com\/de\/webinar-cem\/#breadcrumb"},"inLanguage":"de","potentialAction":[{"@type":"ReadAction","target":["https:\/\/www.reseau-mesure.com\/de\/webinar-cem\/"]}]},{"@type":"ImageObject","inLanguage":"de","@id":"https:\/\/www.reseau-mesure.com\/de\/webinar-cem\/#primaryimage","url":"https:\/\/www.reseau-mesure.com\/wp-content\/plugins\/bb-plugin\/img\/pixel.png","contentUrl":"https:\/\/www.reseau-mesure.com\/wp-content\/plugins\/bb-plugin\/img\/pixel.png"},{"@type":"BreadcrumbList","@id":"https:\/\/www.reseau-mesure.com\/de\/webinar-cem\/#breadcrumb","itemListElement":[{"@type":"ListItem","position":1,"name":"Accueil","item":"https:\/\/www.reseau-mesure.com\/"},{"@type":"ListItem","position":2,"name":"Webinar avec CEM"}]},{"@type":"WebSite","@id":"https:\/\/www.reseau-mesure.com\/#website","url":"https:\/\/www.reseau-mesure.com\/","name":"Netzwerk-Messung","description":"Netzwerkma\u00dfnahme","publisher":{"@id":"https:\/\/www.reseau-mesure.com\/#organization"},"potentialAction":[{"@type":"SearchAction","target":{"@type":"EntryPoint","urlTemplate":"https:\/\/www.reseau-mesure.com\/?s={search_term_string}"},"query-input":{"@type":"PropertyValueSpecification","valueRequired":true,"valueName":"search_term_string"}}],"inLanguage":"de"},{"@type":"Organization","@id":"https:\/\/www.reseau-mesure.com\/#organization","name":"Netzwerk-Messung","url":"https:\/\/www.reseau-mesure.com\/","logo":{"@type":"ImageObject","inLanguage":"de","@id":"https:\/\/www.reseau-mesure.com\/#\/schema\/logo\/image\/","url":"https:\/\/www.reseau-mesure.com\/wp-content\/uploads\/2018\/02\/logo-max.png","contentUrl":"https:\/\/www.reseau-mesure.com\/wp-content\/uploads\/2018\/02\/logo-max.png","width":545,"height":285,"caption":"R\u00e9seau-Mesure"},"image":{"@id":"https:\/\/www.reseau-mesure.com\/#\/schema\/logo\/image\/"},"sameAs":["https:\/\/www.facebook.com\/reseaumesure\/","https:\/\/x.com\/ReseauMesure","https:\/\/www.linkedin.com\/company\/reseau-mesure\/"]}]}},"_links":{"self":[{"href":"https:\/\/www.reseau-mesure.com\/de\/wp-json\/wp\/v2\/pages\/10906","targetHints":{"allow":["GET"]}}],"collection":[{"href":"https:\/\/www.reseau-mesure.com\/de\/wp-json\/wp\/v2\/pages"}],"about":[{"href":"https:\/\/www.reseau-mesure.com\/de\/wp-json\/wp\/v2\/types\/page"}],"author":[{"embeddable":true,"href":"https:\/\/www.reseau-mesure.com\/de\/wp-json\/wp\/v2\/users\/685"}],"replies":[{"embeddable":true,"href":"https:\/\/www.reseau-mesure.com\/de\/wp-json\/wp\/v2\/comments?post=10906"}],"version-history":[{"count":0,"href":"https:\/\/www.reseau-mesure.com\/de\/wp-json\/wp\/v2\/pages\/10906\/revisions"}],"wp:attachment":[{"href":"https:\/\/www.reseau-mesure.com\/de\/wp-json\/wp\/v2\/media?parent=10906"}],"curies":[{"name":"wp","href":"https:\/\/api.w.org\/{rel}","templated":true}]}}