{"id":11067,"date":"2020-08-26T11:37:20","date_gmt":"2020-08-26T09:37:20","guid":{"rendered":"https:\/\/www.reseau-mesure.com\/?page_id=11067"},"modified":"2021-02-16T11:43:00","modified_gmt":"2021-02-16T10:43:00","slug":"newsletter-20200903","status":"publish","type":"page","link":"https:\/\/www.reseau-mesure.com\/de\/newsletter-20200903\/","title":{"rendered":"Newsletter-20200903"},"content":{"rendered":"<img loading=\"lazy\" decoding=\"async\" src=\"https:\/\/www.reseau-mesure.com\/wp-content\/uploads\/2020\/07\/20ku.jpeg\" alt=\"20ku\" itemprop=\"image\" height=\"300\" width=\"970\" title=\"20ku\" onerror=\"this.style.display='none'\">\n<h1>\n\t\tExpress-Messnetzwerk\n\t<\/h1>\n<h2>\n\t\t03.09.2020\n\t<\/h2>\n<h2>\n\t\tVerwenden Sie Measures Solutions EXPO zur Kommunikation\n\t<\/h2>\n\t\t\t\t<img loading=\"lazy\" decoding=\"async\" src=\"https:\/\/www.reseau-mesure.com\/wp-content\/uploads\/2020\/08\/2020-1.png\" alt=\"2020\" itemprop=\"image\" height=\"590\" width=\"1200\" title=\"2020\" onerror=\"this.style.display='none'\">\n\t\t\t\t<img loading=\"lazy\" decoding=\"async\" src=\"https:\/\/www.reseau-mesure.com\/wp-content\/uploads\/2018\/01\/IMAGE-PARTENAIRES-PLAN-MEDIA.png\" alt=\"PARTENAIRES PLAN MEDIA\" itemprop=\"image\" height=\"745\" width=\"1034\" title=\"MEDIENPLAN-PARTNER\" onerror=\"this.style.display='none'\">\n\t<h3>Messl\u00f6sungen EXPO 2020: Ein Kommunikationsfenster f\u00fcr Mitglieder des Messnetzwerks<\/h3>\n<p><strong>Ma\u00dfnahmen L\u00f6sungen<\/strong> MESSE<strong>2020<\/strong> erm\u00f6glicht das Messnetzwerk<strong>\u201eVerst\u00e4rkung der Kommunikation \u00fcber das Know-how und die Innovationen der Mitglieder.\u201c<\/strong>insbesondere durch seine 16 Presse- und Webpartnerschaften.<\/p>\n<p>&nbsp;<\/p>\n<p><em><strong>Sie k\u00f6nnen von dieser Sichtbarkeit profitieren, indem Sie:<\/strong><\/em><\/p>\n<ul>\n<li>Stellen Sie sicher, dass Sie Ihre aktualisieren <strong>Verzeichnis-Pr\u00e4sentationsblatt <\/strong>vom Verein <a href=\"https:\/\/www.reseau-mesure.com\/de\/annuaire\/\" target=\"_blank\" rel=\"noopener noreferrer\">https:\/\/www.reseau-mesure.com\/annuaire\/<\/a><\/li>\n<li>Senden <strong>Ihre Innovationen<\/strong> \u00fcber <a href=\"https:\/\/www.reseau-mesure.com\/wp-content\/uploads\/2020\/08\/emd2i-formulaire-dinnovation.pdf\" target=\"_blank\" rel=\"noopener noreferrer\">diese Form<\/a> wenn Sie auf der Measures Solutions EXPO ausstellen<\/li>\n<li>Senden Sie Ihre <strong>Innovationen<\/strong> an die verschiedenen Pressepartner nach den in der <strong><a href=\"https:\/\/www.reseau-mesure.com\/wp-content\/uploads\/2020\/03\/PLAN-MEDIA-2020-RESEAU-MESURE.pdf\" target=\"_blank\" rel=\"noopener noreferrer\">Medienplan 2020<\/a><\/strong><\/li>\n<li>Senden Sie uns Ihre Nachrichten, um sie in sozialen Netzwerken weiterzuleiten<\/li>\n<li>Du <a href=\"http:\/\/www.linkedin.com\/company\/reseau-mesure\" target=\"_blank\" rel=\"noopener noreferrer\"><strong>Abonnieren der LinkedIn-Seite<\/strong><\/a> des Messnetzes<\/li>\n<li>Teilnahme an der ersten Ausgabe von <strong><a href=\"https:\/\/www.reseau-mesure.com\/de\/livre-blanc\/\" target=\"_blank\" rel=\"noopener noreferrer\">Whitepaper von Mitgliedern des Measurement Network<\/a>&nbsp;<\/strong><\/li>\n<\/ul>\n<p>&nbsp;<\/p>\n<h2>\n\t\tBereiten Sie sich auf die Erholung nach der Gesundheitskrise vor\n\t<\/h2>\n\t<h3>Wie kann die dynamische Aktivit\u00e4t nach der Krise wieder aufgenommen werden?<\/h3>\n<p>Im Juli 2020 initiierte das Messnetzwerk eine&nbsp;<strong>Informations- und Diskussionsprozess im Kontext des Krisenmanagements im Zusammenhang mit COVID-19<\/strong>.<\/p>\n<p><strong>Es werden mehrere Themen angeboten:<\/strong><\/p>\n<ul>\n<li><strong>Human Resources: Teammanagement, Stressmanagement, Telearbeitsmanagement, Workload Management usw.<\/strong><\/li>\n<li><strong>Finanzierungsl\u00f6sungen: staatliche Beihilfen, Factoring usw.<\/strong><\/li>\n<li><strong>Gesch\u00e4ftsimpulse, wirtschaftliche Entwicklung<\/strong><\/li>\n<li><b>Rechtliche \u2013 gesetzgeberische \u2013 normative Entwicklungen\u2026<\/b><\/li>\n<\/ul>\n<h4>Hast du eine Frage ?<\/h4>\n<p>Konsultieren Sie die Informationen, die regelm\u00e4\u00dfig von den speziellen Arbeitsgruppen aktualisiert werden: <a href=\"https:\/\/www.reseau-mesure.com\/de\/apres-covid-19\/\" target=\"_blank\" rel=\"noopener noreferrer\">https:\/\/www.reseau-mesure.com\/apres-covid-19\/<\/a><\/p>\n<p><em><strong>Z\u00f6gern Sie nicht, uns zu kontaktieren !<\/strong><\/em><\/p>\n\t\t\t\t<img loading=\"lazy\" decoding=\"async\" src=\"https:\/\/www.reseau-mesure.com\/wp-content\/uploads\/2020\/07\/13043-300x300.jpg\" alt=\"Ressources humaines\" itemprop=\"image\" height=\"300\" width=\"300\" title=\"Meeting Icons Flat Set\" onerror=\"this.style.display='none'\">\n\t\t\t<a href=\"https:\/\/www.reseau-mesure.com\/de\/apres-covid-19\/\" target=\"_self\" role=\"button\" rel=\"noopener noreferrer\">\n\t\t\t\t\t\t\tStarten Sie die Aktivit\u00e4t erneut\n\t\t\t\t\t<\/a>\n<h2>\n\t\tPr\u00e4sentieren Sie Ihr Know-how dank des White Papers von R\u00e9seau Mesure\n\t<\/h2>\n\t\t\t\t<img loading=\"lazy\" decoding=\"async\" src=\"https:\/\/www.reseau-mesure.com\/wp-content\/uploads\/2020\/08\/Flyer-livre-blanc-R\u00e9seau-Mesure-212x300.jpg\" alt=\"Flyer livre blanc R\u00e9seau Mesure\" itemprop=\"image\" height=\"300\" width=\"212\" title=\"Flyer Whitepaper Netzwerkmessung\" onerror=\"this.style.display='none'\">\n\t<h2>Warum mit dem Messnetzwerk ein Whitepaper erstellen?<\/h2>\n<ul>\n<li>Aufbauend auf der St\u00e4rke eines Netzwerks und technischen F\u00e4higkeiten.<\/li>\n<li>Zentralisierung der von Mitgliedern des Messnetzwerks kontrollierten Bereiche.<\/li>\n<li>Erstellung eines technischen Dokuments und einer neuen Kommunikationsm\u00f6glichkeit f\u00fcr Mitglieder und f\u00fcr das Messnetzwerk.<\/li>\n<li>Anfragen generieren.<\/li>\n<li>Reduzierung der Kosten f\u00fcr das Schreiben eines White Papers.<\/li>\n<\/ul>\n<p><strong>Tarif des Messnetzes: 250 \u20ac HT \/ Mitglied<\/strong><\/p>\n5 gedruckte Exemplare<br>\n1 digitale Version<br>\n1 Recto-Verso pro Mitglied\n<p>Zus\u00e4tzliche Nachdrucke Option 3 \u20ac ht \/ Kopie<\/p>\n<a role=\"button\" href=\"https:\/\/www.reseau-mesure.com\/de\/livre-blanc\/\" target=\"_self\" rel=\"noopener noreferrer\">LADEN SIE DAS PROTOKOLL HERUNTER<\/a>\n\t\t\t<a href=\"https:\/\/www.reseau-mesure.com\/de\/evenements\/\" target=\"_self\" role=\"button\" rel=\"noopener noreferrer\">\n\t\t\t\t\t\t\tDie komplette Agenda des Messnetzes\n\t\t\t\t\t<\/a>\n\t\t\t\t<img loading=\"lazy\" decoding=\"async\" src=\"https:\/\/www.reseau-mesure.com\/wp-content\/uploads\/2020\/08\/Plan-de-travail-3niveau-300x199.png\" alt=\"Plan de travail 3niveau\" itemprop=\"image\" height=\"199\" width=\"300\" title=\"Arbeitsplatte der 3. Ebene\" onerror=\"this.style.display='none'\">\n\t<p>Lorem ipsum dolor sitzen amet, consectetur adipiscing elit. Donec vel arcu efficitur, egestas augue non, interdum eros. Phasellus accumsan bei Nibh und Rhoncus. Vestibulum pulvinar magna eget nulla maximus, vel accumsan mauris vulputate. Praesent ein feugiat felis, id sagittis elit. Aliquam Sealisque Metus Urna, Eget Pellentesque Tortor Consectetur a. Sed fermentum finibus mi, scelerisque rutrum orci. Phasellus id pretium odio, Lebenslauf vestibulum sem. Suspendisse sed lorem eu orci vulputate tempus ut a massa. Aliquam hendrerit tempus ante ut interdum. Morbi finibus ein odio finibus ornare. Sed convallis mattis dolor sed eleifend.<\/p>\n<h3>\n\t\tSie haben sich uns angeschlossen\n\t<\/h3>\n\t<p>&nbsp;<\/p>\n<p>Lorem ipsum dolor sitzen amet, consectetur adipiscing elit. Donec vel arcu efficitur, egestas augue non, interdum eros. uns ein odio finibus ornare. Sed convallis mattis dolor sed eleifend.<\/p>\n\t\t\t\t<img loading=\"lazy\" decoding=\"async\" src=\"https:\/\/www.reseau-mesure.com\/wp-content\/uploads\/2020\/07\/Logo-Evomesure-BL-Prometo-1-1-300x85.png\" alt=\"Logo-Evomesure-BL-Prometo-1-1.png\" itemprop=\"image\" height=\"85\" width=\"300\" title=\"Logo-Evomesure-BL-Prometo-1-1.png\" onerror=\"this.style.display='none'\">\n\t<p>&nbsp;<\/p>\n<p>Lorem ipsum dolor sitzen amet, consectetur adipiscing elit. Donec vel arcu efficitur, egestas augue non, interdum eros. uns ein odio finibus ornare. Sed convallis mattis dolor sed eleifend.<\/p>\n\t\t\t\t<img loading=\"lazy\" decoding=\"async\" src=\"https:\/\/www.reseau-mesure.com\/wp-content\/uploads\/2020\/08\/Creaform-Ametek_300x300px-1-300x300.jpg\" alt=\"Creaform-Ametek_300x300px\" itemprop=\"image\" height=\"300\" width=\"300\" title=\"Creaform-Ametek_300x300px\" onerror=\"this.style.display='none'\">","protected":false},"excerpt":{"rendered":"<p>R\u00e9seau Mesure Express 03.09.2020 Nutzen Sie Mesures Solutions EXPO zur Kommunikation Holding Measurements Solutions EXPO 2020: ein Kommunikationsfenster f\u00fcr Mitglieder des R\u00e9seau Mesure Mesures Solutions EXPO2020 erm\u00f6glicht es dem R\u00e9seau Mesure, die Kommunikation \u00fcber Know-how und Innovationen der Mitglieder zu intensivieren, insbesondere durch seine 16 Presse und Web-Partnerschaften.\u2026<\/p>","protected":false},"author":685,"featured_media":0,"parent":0,"menu_order":0,"comment_status":"closed","ping_status":"closed","template":"","meta":{"_acf_changed":false,"footnotes":""},"class_list":["post-11067","page","type-page","status-publish","hentry"],"acf":[],"yoast_head":"<!-- This site is optimized with the Yoast SEO plugin v27.5 - https:\/\/yoast.com\/product\/yoast-seo-wordpress\/ -->\n<title>Newsletter-20200903 - R\u00e9seau Mesure<\/title>\n<meta name=\"description\" content=\"Newsletter du mois de septembre 2020. Retrouvez les derni\u00e8res actualit\u00e9s du R\u00e9seau Mesures. Visitez notre site internet \u00e9galement.\" \/>\n<meta name=\"robots\" content=\"index, follow, max-snippet:-1, max-image-preview:large, max-video-preview:-1\" \/>\n<link rel=\"canonical\" href=\"https:\/\/www.reseau-mesure.com\/de\/newsletter-20200903\/\" \/>\n<meta property=\"og:locale\" content=\"de_DE\" \/>\n<meta property=\"og:type\" content=\"article\" \/>\n<meta property=\"og:title\" content=\"Newsletter-20200903 - R\u00e9seau Mesure\" \/>\n<meta property=\"og:description\" content=\"Newsletter du mois de septembre 2020. Retrouvez les derni\u00e8res actualit\u00e9s du R\u00e9seau Mesures. Visitez notre site internet \u00e9galement.\" \/>\n<meta property=\"og:url\" content=\"https:\/\/www.reseau-mesure.com\/de\/newsletter-20200903\/\" \/>\n<meta property=\"og:site_name\" content=\"R\u00e9seau Mesure\" \/>\n<meta property=\"article:publisher\" content=\"https:\/\/www.facebook.com\/reseaumesure\/\" \/>\n<meta property=\"article:modified_time\" content=\"2021-02-16T10:43:00+00:00\" \/>\n<meta property=\"og:image\" content=\"https:\/\/www.reseau-mesure.com\/wp-content\/uploads\/2020\/07\/20ku.jpeg\" \/>\n<meta name=\"twitter:card\" content=\"summary_large_image\" \/>\n<meta name=\"twitter:site\" content=\"@ReseauMesure\" \/>\n<meta name=\"twitter:label1\" content=\"Gesch\u00e4tzte Lesezeit\" \/>\n\t<meta name=\"twitter:data1\" content=\"4\u00a0Minuten\" \/>\n<script type=\"application\/ld+json\" class=\"yoast-schema-graph\">{\"@context\":\"https:\\\/\\\/schema.org\",\"@graph\":[{\"@type\":\"WebPage\",\"@id\":\"https:\\\/\\\/www.reseau-mesure.com\\\/de\\\/newsletter-20200903\\\/\",\"url\":\"https:\\\/\\\/www.reseau-mesure.com\\\/de\\\/newsletter-20200903\\\/\",\"name\":\"Newsletter-20200903 - R\u00e9seau Mesure\",\"isPartOf\":{\"@id\":\"https:\\\/\\\/www.reseau-mesure.com\\\/#website\"},\"primaryImageOfPage\":{\"@id\":\"https:\\\/\\\/www.reseau-mesure.com\\\/de\\\/newsletter-20200903\\\/#primaryimage\"},\"image\":{\"@id\":\"https:\\\/\\\/www.reseau-mesure.com\\\/de\\\/newsletter-20200903\\\/#primaryimage\"},\"thumbnailUrl\":\"https:\\\/\\\/www.reseau-mesure.com\\\/wp-content\\\/uploads\\\/2020\\\/07\\\/20ku.jpeg\",\"datePublished\":\"2020-08-26T09:37:20+00:00\",\"dateModified\":\"2021-02-16T10:43:00+00:00\",\"description\":\"Newsletter du mois de septembre 2020. Retrouvez les derni\u00e8res actualit\u00e9s du R\u00e9seau Mesures. Visitez notre site internet \u00e9galement.\",\"breadcrumb\":{\"@id\":\"https:\\\/\\\/www.reseau-mesure.com\\\/de\\\/newsletter-20200903\\\/#breadcrumb\"},\"inLanguage\":\"de\",\"potentialAction\":[{\"@type\":\"ReadAction\",\"target\":[\"https:\\\/\\\/www.reseau-mesure.com\\\/de\\\/newsletter-20200903\\\/\"]}]},{\"@type\":\"ImageObject\",\"inLanguage\":\"de\",\"@id\":\"https:\\\/\\\/www.reseau-mesure.com\\\/de\\\/newsletter-20200903\\\/#primaryimage\",\"url\":\"https:\\\/\\\/www.reseau-mesure.com\\\/wp-content\\\/uploads\\\/2020\\\/07\\\/20ku.jpeg\",\"contentUrl\":\"https:\\\/\\\/www.reseau-mesure.com\\\/wp-content\\\/uploads\\\/2020\\\/07\\\/20ku.jpeg\"},{\"@type\":\"BreadcrumbList\",\"@id\":\"https:\\\/\\\/www.reseau-mesure.com\\\/de\\\/newsletter-20200903\\\/#breadcrumb\",\"itemListElement\":[{\"@type\":\"ListItem\",\"position\":1,\"name\":\"Accueil\",\"item\":\"https:\\\/\\\/www.reseau-mesure.com\\\/\"},{\"@type\":\"ListItem\",\"position\":2,\"name\":\"Newsletter-20200903\"}]},{\"@type\":\"WebSite\",\"@id\":\"https:\\\/\\\/www.reseau-mesure.com\\\/#website\",\"url\":\"https:\\\/\\\/www.reseau-mesure.com\\\/\",\"name\":\"R\u00e9seau-Mesure\",\"description\":\"R\u00e9seau Mesure\",\"publisher\":{\"@id\":\"https:\\\/\\\/www.reseau-mesure.com\\\/#organization\"},\"potentialAction\":[{\"@type\":\"SearchAction\",\"target\":{\"@type\":\"EntryPoint\",\"urlTemplate\":\"https:\\\/\\\/www.reseau-mesure.com\\\/?s={search_term_string}\"},\"query-input\":{\"@type\":\"PropertyValueSpecification\",\"valueRequired\":true,\"valueName\":\"search_term_string\"}}],\"inLanguage\":\"de\"},{\"@type\":\"Organization\",\"@id\":\"https:\\\/\\\/www.reseau-mesure.com\\\/#organization\",\"name\":\"R\u00e9seau-Mesure\",\"url\":\"https:\\\/\\\/www.reseau-mesure.com\\\/\",\"logo\":{\"@type\":\"ImageObject\",\"inLanguage\":\"de\",\"@id\":\"https:\\\/\\\/www.reseau-mesure.com\\\/#\\\/schema\\\/logo\\\/image\\\/\",\"url\":\"https:\\\/\\\/www.reseau-mesure.com\\\/wp-content\\\/uploads\\\/2018\\\/02\\\/logo-max.png\",\"contentUrl\":\"https:\\\/\\\/www.reseau-mesure.com\\\/wp-content\\\/uploads\\\/2018\\\/02\\\/logo-max.png\",\"width\":545,\"height\":285,\"caption\":\"R\u00e9seau-Mesure\"},\"image\":{\"@id\":\"https:\\\/\\\/www.reseau-mesure.com\\\/#\\\/schema\\\/logo\\\/image\\\/\"},\"sameAs\":[\"https:\\\/\\\/www.facebook.com\\\/reseaumesure\\\/\",\"https:\\\/\\\/x.com\\\/ReseauMesure\",\"https:\\\/\\\/www.linkedin.com\\\/company\\\/reseau-mesure\\\/\"]}]}<\/script>\n<!-- \/ Yoast SEO plugin. -->","yoast_head_json":{"title":"Newsletter-20200903 - R\u00e9seau Mesure","description":"Newsletter du mois de septembre 2020. Retrouvez les derni\u00e8res actualit\u00e9s du R\u00e9seau Mesures. Visitez notre site internet \u00e9galement.","robots":{"index":"index","follow":"follow","max-snippet":"max-snippet:-1","max-image-preview":"max-image-preview:large","max-video-preview":"max-video-preview:-1"},"canonical":"https:\/\/www.reseau-mesure.com\/de\/newsletter-20200903\/","og_locale":"de_DE","og_type":"article","og_title":"Newsletter-20200903 - R\u00e9seau Mesure","og_description":"Newsletter du mois de septembre 2020. Retrouvez les derni\u00e8res actualit\u00e9s du R\u00e9seau Mesures. Visitez notre site internet \u00e9galement.","og_url":"https:\/\/www.reseau-mesure.com\/de\/newsletter-20200903\/","og_site_name":"R\u00e9seau Mesure","article_publisher":"https:\/\/www.facebook.com\/reseaumesure\/","article_modified_time":"2021-02-16T10:43:00+00:00","og_image":[{"url":"https:\/\/www.reseau-mesure.com\/wp-content\/uploads\/2020\/07\/20ku.jpeg","type":"","width":"","height":""}],"twitter_card":"summary_large_image","twitter_site":"@ReseauMesure","twitter_misc":{"Gesch\u00e4tzte Lesezeit":"4\u00a0Minuten"},"schema":{"@context":"https:\/\/schema.org","@graph":[{"@type":"WebPage","@id":"https:\/\/www.reseau-mesure.com\/de\/newsletter-20200903\/","url":"https:\/\/www.reseau-mesure.com\/de\/newsletter-20200903\/","name":"Newsletter-20200903 - R\u00e9seau Mesure","isPartOf":{"@id":"https:\/\/www.reseau-mesure.com\/#website"},"primaryImageOfPage":{"@id":"https:\/\/www.reseau-mesure.com\/de\/newsletter-20200903\/#primaryimage"},"image":{"@id":"https:\/\/www.reseau-mesure.com\/de\/newsletter-20200903\/#primaryimage"},"thumbnailUrl":"https:\/\/www.reseau-mesure.com\/wp-content\/uploads\/2020\/07\/20ku.jpeg","datePublished":"2020-08-26T09:37:20+00:00","dateModified":"2021-02-16T10:43:00+00:00","description":"Newsletter du mois de septembre 2020. Retrouvez les derni\u00e8res actualit\u00e9s du R\u00e9seau Mesures. Visitez notre site internet \u00e9galement.","breadcrumb":{"@id":"https:\/\/www.reseau-mesure.com\/de\/newsletter-20200903\/#breadcrumb"},"inLanguage":"de","potentialAction":[{"@type":"ReadAction","target":["https:\/\/www.reseau-mesure.com\/de\/newsletter-20200903\/"]}]},{"@type":"ImageObject","inLanguage":"de","@id":"https:\/\/www.reseau-mesure.com\/de\/newsletter-20200903\/#primaryimage","url":"https:\/\/www.reseau-mesure.com\/wp-content\/uploads\/2020\/07\/20ku.jpeg","contentUrl":"https:\/\/www.reseau-mesure.com\/wp-content\/uploads\/2020\/07\/20ku.jpeg"},{"@type":"BreadcrumbList","@id":"https:\/\/www.reseau-mesure.com\/de\/newsletter-20200903\/#breadcrumb","itemListElement":[{"@type":"ListItem","position":1,"name":"Accueil","item":"https:\/\/www.reseau-mesure.com\/"},{"@type":"ListItem","position":2,"name":"Newsletter-20200903"}]},{"@type":"WebSite","@id":"https:\/\/www.reseau-mesure.com\/#website","url":"https:\/\/www.reseau-mesure.com\/","name":"Netzwerk-Messung","description":"Netzwerkma\u00dfnahme","publisher":{"@id":"https:\/\/www.reseau-mesure.com\/#organization"},"potentialAction":[{"@type":"SearchAction","target":{"@type":"EntryPoint","urlTemplate":"https:\/\/www.reseau-mesure.com\/?s={search_term_string}"},"query-input":{"@type":"PropertyValueSpecification","valueRequired":true,"valueName":"search_term_string"}}],"inLanguage":"de"},{"@type":"Organization","@id":"https:\/\/www.reseau-mesure.com\/#organization","name":"Netzwerk-Messung","url":"https:\/\/www.reseau-mesure.com\/","logo":{"@type":"ImageObject","inLanguage":"de","@id":"https:\/\/www.reseau-mesure.com\/#\/schema\/logo\/image\/","url":"https:\/\/www.reseau-mesure.com\/wp-content\/uploads\/2018\/02\/logo-max.png","contentUrl":"https:\/\/www.reseau-mesure.com\/wp-content\/uploads\/2018\/02\/logo-max.png","width":545,"height":285,"caption":"R\u00e9seau-Mesure"},"image":{"@id":"https:\/\/www.reseau-mesure.com\/#\/schema\/logo\/image\/"},"sameAs":["https:\/\/www.facebook.com\/reseaumesure\/","https:\/\/x.com\/ReseauMesure","https:\/\/www.linkedin.com\/company\/reseau-mesure\/"]}]}},"_links":{"self":[{"href":"https:\/\/www.reseau-mesure.com\/de\/wp-json\/wp\/v2\/pages\/11067","targetHints":{"allow":["GET"]}}],"collection":[{"href":"https:\/\/www.reseau-mesure.com\/de\/wp-json\/wp\/v2\/pages"}],"about":[{"href":"https:\/\/www.reseau-mesure.com\/de\/wp-json\/wp\/v2\/types\/page"}],"author":[{"embeddable":true,"href":"https:\/\/www.reseau-mesure.com\/de\/wp-json\/wp\/v2\/users\/685"}],"replies":[{"embeddable":true,"href":"https:\/\/www.reseau-mesure.com\/de\/wp-json\/wp\/v2\/comments?post=11067"}],"version-history":[{"count":0,"href":"https:\/\/www.reseau-mesure.com\/de\/wp-json\/wp\/v2\/pages\/11067\/revisions"}],"wp:attachment":[{"href":"https:\/\/www.reseau-mesure.com\/de\/wp-json\/wp\/v2\/media?parent=11067"}],"curies":[{"name":"wp","href":"https:\/\/api.w.org\/{rel}","templated":true}]}}