{"id":11132,"date":"2020-09-01T09:12:21","date_gmt":"2020-09-01T07:12:21","guid":{"rendered":"https:\/\/www.reseau-mesure.com\/?page_id=11132"},"modified":"2020-12-14T13:56:37","modified_gmt":"2020-12-14T12:56:37","slug":"le-reseau-mesure-face-au-covid-port-du-masque-en-entreprise","status":"publish","type":"page","link":"https:\/\/www.reseau-mesure.com\/de\/le-reseau-mesure-face-au-covid-port-du-masque-en-entreprise\/","title":{"rendered":"Tragen einer Maske im Gesch\u00e4ft"},"content":{"rendered":"<h3>\n\t\tDas COVID 19 Messnetzwerk\n\t<\/h3>\n<h2>\n\t\tVon Mitgliedern F\u00fcr Mitglieder\n\t<\/h2>\n\t\t\t\t<img decoding=\"async\" src=\"https:\/\/www.reseau-mesure.com\/wp-content\/plugins\/bb-plugin\/img\/pixel.png\" alt=\"\" itemprop=\"image\" onerror=\"this.style.display='none'\">\n\t<h1><strong>Nationales Protokoll zur Gew\u00e4hrleistung der Gesundheit und Sicherheit der Mitarbeiter des Unternehmens angesichts der COVID-19-Epidemie&nbsp;<\/strong><\/h1>\n\n\t<table width=\"100%\">\n<tbody>\n<tr>\n<td>\n<table width=\"100%\">\n<tbody>\n<tr>\n<td>Dies <a href=\"https:\/\/401q4.r.a.d.sendibm1.com\/mk\/cl\/f\/OVZgRYNz56kYVxnmb6Pvqj2EPJT_CfFMRAKU_j_j3AqFoH1CxinpxwXYWufxj76ZNneFVvFZUDL96fCnfrrdFDCcvre3efyd5EEzx-1SMq1mi8_tRfAr4QEfOzuxL9SS1-qfTQM6SLhTVz1wihXOS7s7eI7V32SGa5tXuZ796tdSMQ2jrIPL8BkFPQ57TP8ZlC-TxUnlLJTvRTnte4YHaefOxIdWXtP9LjAlNWoVOEMmUXV7ljr8LwVFGA4m7JE7S5b4zlDTa-XegLsJuw\">Protokollaktualisierung<\/a> gilt ab dem 1. September und ergibt sich aus einer am 14. August ver\u00f6ffentlichten Stellungnahme des Hohen Rates f\u00fcr \u00f6ffentliche Gesundheit (HCSP) zur \u00dcbertragung des Virus durch Aerosole. In dieser Stellungnahme formulierte die HCSP die Empfehlung des systematischen Tragens von Masken an allen \u00f6ffentlichen und kollektiven privaten geschlossenen Orten.\n<p>&nbsp;<\/p>\n<p>Das <a href=\"https:\/\/401q4.r.a.d.sendibm1.com\/mk\/cl\/f\/9ptHj1TayFupADumxs5FPQdnm7cgrPPtvmbZHls81cZhv0-9mzLFL4X4G6_zZKDvHD85UyuwRUotkPdxmdKAtBl7Y3SF9I7QWuclVIVrmFbmFvCIEgOoXKSwFWpsvLlsYzBSQK59Yt1srHnGMVqnep9Xa-rDWCK-ClO48l4CMDG_IEcSb7x_aTnyhBZg5jEPnTOe828rEcyyHjUZ3tS5GJyMiKlNvYPyYtmWVHNjLgfk-fPFDyYqNOurWiI1iWFDmDbByEAKnbyEnHm9Jg\">Protokoll <\/a>wird daher das Tragen einer Maske in gemeinsamen und geschlossenen R\u00e4umen ab Beginn des Schuljahres systematisch gestalten.<\/p>\n<p>Angesichts der Vielfalt der Organisationen und Arbeitsumgebungen einerseits und der Vielfalt der Verbreitung des Virus in den Gebieten wollte die Regierung jedoch die Ausnahmen und Anpassungen pr\u00fcfen, die am allgemeinen Prinzip des systematischen Tragens des Virus vorgenommen werden k\u00f6nnten. Maske in geschlossenen kollektiven R\u00e4umen. Er wandte sich erneut an die HCSP, die am 28. August eine Stellungnahme zu diesem Thema abgab.<\/p>\n<p>&nbsp;<\/p>\n<p>Auf der Grundlage dieser Stellungnahme legt das neue nationale Protokoll zwei F\u00e4lle fest, f\u00fcr die eine Ausnahme vom Tragen einer Maske gelten kann:<\/p>\n<p>\u2022 Wenn der Mitarbeiter alleine in seinem B\u00fcro arbeitet;<\/p>\n<p>\u2022 In der Werkstatt, da die Mitarbeiter h\u00e4ufig \u00fcberdurchschnittlich viel k\u00f6rperliche Anstrengungen unternehmen m\u00fcssen, sobald die Bel\u00fcftungs- \/ Funktionsbel\u00fcftungsbedingungen den Vorschriften entsprechen und die Anzahl der im Arbeitsbereich anwesenden Personen begrenzt ist. , dass diese Menschen den gr\u00f6\u00dftm\u00f6glichen Abstand zwischen ihnen respektieren und ein Visier tragen.<\/p>\n<p>Der Hinweis erm\u00f6glicht auch eine Entspannung bei gemeinsamen B\u00fcros, insbesondere bei Freifl\u00e4chen: Ein Mitarbeiter, der sich an seinem Arbeitsplatz befindet, kann seine Maske vor\u00fcbergehend entfernen, wenn eine bestimmte Anzahl von Kriterien vorliegt, deren Anzahl je nach Ebene variiert. Zirkulation des Virus in der Abteilung sind gef\u00fcllt. Es ist ausgeschlossen, die Maske den ganzen Tag \u00fcber dauerhaft zu entfernen.<\/p>\n<p>&nbsp;<\/p>\n<p>Bei Aktivit\u00e4ten, die sich als unvereinbar mit dem Tragen einer Maske erweisen w\u00fcrden (z. B. f\u00fcr m\u00fcndliche Eingriffe oder f\u00fcr einen begrenzten Zeitraum in der \u00d6ffentlichkeit auf engstem Raum unter Einhaltung der festgelegten organisatorischen Ma\u00dfnahmen), setzt das Ministerium den Dialog mit fort Sozialpartner, um diese Implementierung zu \u00fcberwachen und L\u00f6sungen zu definieren.<\/p>\n<p>Unternehmen werden ermutigt, im Rahmen des sozialen Dialogs die Methoden zur Anwendung des Protokolls festzulegen und bestimmte Gesch\u00e4ftssituationen zu ber\u00fccksichtigen.<\/p>\n<p>&nbsp;<\/p>\nDieses Protokoll ersetzt das nationale Dekonfinierungsprotokoll und wird schrittweise in Unternehmen implementiert.<\/td>\n<\/tr>\n<\/tbody>\n<\/table>\n<\/td>\n<\/tr>\n<\/tbody>\n<\/table>\n\t\t\t<a href=\"https:\/\/travail-emploi.gouv.fr\/IMG\/pdf\/protocole-national-sante-securite-en-entreprise__31_aout_2020.pdf\" target=\"_self\" role=\"button\" rel=\"noopener noreferrer\">\n\t\t\t\t\t\t\tGreifen Sie auf das Protokoll zu\n\t\t\t\t\t<\/a>","protected":false},"excerpt":{"rendered":"<p>Le R\u00e9seau Mesure face au COVID 19 Par les adh\u00e9rents Pour les adh\u00e9rents Protocole national pour assurer la sant\u00e9 et la s\u00e9curit\u00e9 des salari\u00e9s en entreprise face \u00e0 l\u2019\u00e9pid\u00e9mie de COVID-19&nbsp; Cette mise \u00e0 jour du protocole s\u2019applique \u00e0 compter du 1er septembre.Elle d\u00e9coule d\u2019un avis du Haut Conseil de la sant\u00e9 publique (HCSP), publi\u00e9&hellip;<\/p>","protected":false},"author":685,"featured_media":0,"parent":0,"menu_order":0,"comment_status":"closed","ping_status":"closed","template":"","meta":{"_acf_changed":false,"footnotes":""},"class_list":["post-11132","page","type-page","status-publish","hentry"],"acf":[],"yoast_head":"<!-- This site is optimized with the Yoast SEO plugin v27.3 - https:\/\/yoast.com\/product\/yoast-seo-wordpress\/ -->\n<title>Le port du masque en entreprise - R\u00e9seau Mesure<\/title>\n<meta name=\"robots\" content=\"index, follow, max-snippet:-1, max-image-preview:large, max-video-preview:-1\" \/>\n<link rel=\"canonical\" href=\"https:\/\/www.reseau-mesure.com\/de\/le-reseau-mesure-face-au-covid-port-du-masque-en-entreprise\/\" \/>\n<meta property=\"og:locale\" content=\"de_DE\" \/>\n<meta property=\"og:type\" content=\"article\" \/>\n<meta property=\"og:title\" content=\"Le port du masque en entreprise - R\u00e9seau Mesure\" \/>\n<meta property=\"og:description\" content=\"Le R\u00e9seau Mesure face au COVID 19 Par les adh\u00e9rents Pour les adh\u00e9rents Protocole national pour assurer la sant\u00e9 et la s\u00e9curit\u00e9 des salari\u00e9s en entreprise face \u00e0 l\u2019\u00e9pid\u00e9mie de COVID-19&nbsp; Cette mise \u00e0 jour du protocole s\u2019applique \u00e0 compter du 1er septembre.Elle d\u00e9coule d\u2019un avis du Haut Conseil de la sant\u00e9 publique (HCSP), publi\u00e9&hellip;\" \/>\n<meta property=\"og:url\" content=\"https:\/\/www.reseau-mesure.com\/de\/le-reseau-mesure-face-au-covid-port-du-masque-en-entreprise\/\" \/>\n<meta property=\"og:site_name\" content=\"R\u00e9seau Mesure\" \/>\n<meta property=\"article:publisher\" content=\"https:\/\/www.facebook.com\/reseaumesure\/\" \/>\n<meta property=\"article:modified_time\" content=\"2020-12-14T12:56:37+00:00\" \/>\n<meta property=\"og:image\" content=\"https:\/\/www.reseau-mesure.com\/wp-content\/plugins\/bb-plugin\/img\/pixel.png\" \/>\n<meta name=\"twitter:card\" content=\"summary_large_image\" \/>\n<meta name=\"twitter:site\" content=\"@ReseauMesure\" \/>\n<meta name=\"twitter:label1\" content=\"Gesch\u00e4tzte Lesezeit\" \/>\n\t<meta name=\"twitter:data1\" content=\"2\u00a0Minuten\" \/>\n<script type=\"application\/ld+json\" class=\"yoast-schema-graph\">{\"@context\":\"https:\\\/\\\/schema.org\",\"@graph\":[{\"@type\":\"WebPage\",\"@id\":\"https:\\\/\\\/www.reseau-mesure.com\\\/de\\\/le-reseau-mesure-face-au-covid-port-du-masque-en-entreprise\\\/\",\"url\":\"https:\\\/\\\/www.reseau-mesure.com\\\/de\\\/le-reseau-mesure-face-au-covid-port-du-masque-en-entreprise\\\/\",\"name\":\"Le port du masque en entreprise - R\u00e9seau Mesure\",\"isPartOf\":{\"@id\":\"https:\\\/\\\/www.reseau-mesure.com\\\/#website\"},\"primaryImageOfPage\":{\"@id\":\"https:\\\/\\\/www.reseau-mesure.com\\\/de\\\/le-reseau-mesure-face-au-covid-port-du-masque-en-entreprise\\\/#primaryimage\"},\"image\":{\"@id\":\"https:\\\/\\\/www.reseau-mesure.com\\\/de\\\/le-reseau-mesure-face-au-covid-port-du-masque-en-entreprise\\\/#primaryimage\"},\"thumbnailUrl\":\"https:\\\/\\\/www.reseau-mesure.com\\\/wp-content\\\/plugins\\\/bb-plugin\\\/img\\\/pixel.png\",\"datePublished\":\"2020-09-01T07:12:21+00:00\",\"dateModified\":\"2020-12-14T12:56:37+00:00\",\"breadcrumb\":{\"@id\":\"https:\\\/\\\/www.reseau-mesure.com\\\/de\\\/le-reseau-mesure-face-au-covid-port-du-masque-en-entreprise\\\/#breadcrumb\"},\"inLanguage\":\"de\",\"potentialAction\":[{\"@type\":\"ReadAction\",\"target\":[\"https:\\\/\\\/www.reseau-mesure.com\\\/de\\\/le-reseau-mesure-face-au-covid-port-du-masque-en-entreprise\\\/\"]}]},{\"@type\":\"ImageObject\",\"inLanguage\":\"de\",\"@id\":\"https:\\\/\\\/www.reseau-mesure.com\\\/de\\\/le-reseau-mesure-face-au-covid-port-du-masque-en-entreprise\\\/#primaryimage\",\"url\":\"https:\\\/\\\/www.reseau-mesure.com\\\/wp-content\\\/plugins\\\/bb-plugin\\\/img\\\/pixel.png\",\"contentUrl\":\"https:\\\/\\\/www.reseau-mesure.com\\\/wp-content\\\/plugins\\\/bb-plugin\\\/img\\\/pixel.png\"},{\"@type\":\"BreadcrumbList\",\"@id\":\"https:\\\/\\\/www.reseau-mesure.com\\\/de\\\/le-reseau-mesure-face-au-covid-port-du-masque-en-entreprise\\\/#breadcrumb\",\"itemListElement\":[{\"@type\":\"ListItem\",\"position\":1,\"name\":\"Accueil\",\"item\":\"https:\\\/\\\/www.reseau-mesure.com\\\/\"},{\"@type\":\"ListItem\",\"position\":2,\"name\":\"Le port du masque en entreprise\"}]},{\"@type\":\"WebSite\",\"@id\":\"https:\\\/\\\/www.reseau-mesure.com\\\/#website\",\"url\":\"https:\\\/\\\/www.reseau-mesure.com\\\/\",\"name\":\"R\u00e9seau-Mesure\",\"description\":\"R\u00e9seau Mesure\",\"publisher\":{\"@id\":\"https:\\\/\\\/www.reseau-mesure.com\\\/#organization\"},\"potentialAction\":[{\"@type\":\"SearchAction\",\"target\":{\"@type\":\"EntryPoint\",\"urlTemplate\":\"https:\\\/\\\/www.reseau-mesure.com\\\/?s={search_term_string}\"},\"query-input\":{\"@type\":\"PropertyValueSpecification\",\"valueRequired\":true,\"valueName\":\"search_term_string\"}}],\"inLanguage\":\"de\"},{\"@type\":\"Organization\",\"@id\":\"https:\\\/\\\/www.reseau-mesure.com\\\/#organization\",\"name\":\"R\u00e9seau-Mesure\",\"url\":\"https:\\\/\\\/www.reseau-mesure.com\\\/\",\"logo\":{\"@type\":\"ImageObject\",\"inLanguage\":\"de\",\"@id\":\"https:\\\/\\\/www.reseau-mesure.com\\\/#\\\/schema\\\/logo\\\/image\\\/\",\"url\":\"https:\\\/\\\/www.reseau-mesure.com\\\/wp-content\\\/uploads\\\/2018\\\/02\\\/logo-max.png\",\"contentUrl\":\"https:\\\/\\\/www.reseau-mesure.com\\\/wp-content\\\/uploads\\\/2018\\\/02\\\/logo-max.png\",\"width\":545,\"height\":285,\"caption\":\"R\u00e9seau-Mesure\"},\"image\":{\"@id\":\"https:\\\/\\\/www.reseau-mesure.com\\\/#\\\/schema\\\/logo\\\/image\\\/\"},\"sameAs\":[\"https:\\\/\\\/www.facebook.com\\\/reseaumesure\\\/\",\"https:\\\/\\\/x.com\\\/ReseauMesure\",\"https:\\\/\\\/www.linkedin.com\\\/company\\\/reseau-mesure\\\/\"]}]}<\/script>\n<!-- \/ Yoast SEO plugin. -->","yoast_head_json":{"title":"Le port du masque en entreprise - R\u00e9seau Mesure","robots":{"index":"index","follow":"follow","max-snippet":"max-snippet:-1","max-image-preview":"max-image-preview:large","max-video-preview":"max-video-preview:-1"},"canonical":"https:\/\/www.reseau-mesure.com\/de\/le-reseau-mesure-face-au-covid-port-du-masque-en-entreprise\/","og_locale":"de_DE","og_type":"article","og_title":"Le port du masque en entreprise - R\u00e9seau Mesure","og_description":"Le R\u00e9seau Mesure face au COVID 19 Par les adh\u00e9rents Pour les adh\u00e9rents Protocole national pour assurer la sant\u00e9 et la s\u00e9curit\u00e9 des salari\u00e9s en entreprise face \u00e0 l\u2019\u00e9pid\u00e9mie de COVID-19&nbsp; Cette mise \u00e0 jour du protocole s\u2019applique \u00e0 compter du 1er septembre.Elle d\u00e9coule d\u2019un avis du Haut Conseil de la sant\u00e9 publique (HCSP), publi\u00e9&hellip;","og_url":"https:\/\/www.reseau-mesure.com\/de\/le-reseau-mesure-face-au-covid-port-du-masque-en-entreprise\/","og_site_name":"R\u00e9seau Mesure","article_publisher":"https:\/\/www.facebook.com\/reseaumesure\/","article_modified_time":"2020-12-14T12:56:37+00:00","og_image":[{"url":"https:\/\/www.reseau-mesure.com\/wp-content\/plugins\/bb-plugin\/img\/pixel.png","type":"","width":"","height":""}],"twitter_card":"summary_large_image","twitter_site":"@ReseauMesure","twitter_misc":{"Gesch\u00e4tzte Lesezeit":"2\u00a0Minuten"},"schema":{"@context":"https:\/\/schema.org","@graph":[{"@type":"WebPage","@id":"https:\/\/www.reseau-mesure.com\/de\/le-reseau-mesure-face-au-covid-port-du-masque-en-entreprise\/","url":"https:\/\/www.reseau-mesure.com\/de\/le-reseau-mesure-face-au-covid-port-du-masque-en-entreprise\/","name":"Le port du masque en entreprise - R\u00e9seau Mesure","isPartOf":{"@id":"https:\/\/www.reseau-mesure.com\/#website"},"primaryImageOfPage":{"@id":"https:\/\/www.reseau-mesure.com\/de\/le-reseau-mesure-face-au-covid-port-du-masque-en-entreprise\/#primaryimage"},"image":{"@id":"https:\/\/www.reseau-mesure.com\/de\/le-reseau-mesure-face-au-covid-port-du-masque-en-entreprise\/#primaryimage"},"thumbnailUrl":"https:\/\/www.reseau-mesure.com\/wp-content\/plugins\/bb-plugin\/img\/pixel.png","datePublished":"2020-09-01T07:12:21+00:00","dateModified":"2020-12-14T12:56:37+00:00","breadcrumb":{"@id":"https:\/\/www.reseau-mesure.com\/de\/le-reseau-mesure-face-au-covid-port-du-masque-en-entreprise\/#breadcrumb"},"inLanguage":"de","potentialAction":[{"@type":"ReadAction","target":["https:\/\/www.reseau-mesure.com\/de\/le-reseau-mesure-face-au-covid-port-du-masque-en-entreprise\/"]}]},{"@type":"ImageObject","inLanguage":"de","@id":"https:\/\/www.reseau-mesure.com\/de\/le-reseau-mesure-face-au-covid-port-du-masque-en-entreprise\/#primaryimage","url":"https:\/\/www.reseau-mesure.com\/wp-content\/plugins\/bb-plugin\/img\/pixel.png","contentUrl":"https:\/\/www.reseau-mesure.com\/wp-content\/plugins\/bb-plugin\/img\/pixel.png"},{"@type":"BreadcrumbList","@id":"https:\/\/www.reseau-mesure.com\/de\/le-reseau-mesure-face-au-covid-port-du-masque-en-entreprise\/#breadcrumb","itemListElement":[{"@type":"ListItem","position":1,"name":"Accueil","item":"https:\/\/www.reseau-mesure.com\/"},{"@type":"ListItem","position":2,"name":"Le port du masque en entreprise"}]},{"@type":"WebSite","@id":"https:\/\/www.reseau-mesure.com\/#website","url":"https:\/\/www.reseau-mesure.com\/","name":"Netzwerk-Messung","description":"Netzwerkma\u00dfnahme","publisher":{"@id":"https:\/\/www.reseau-mesure.com\/#organization"},"potentialAction":[{"@type":"SearchAction","target":{"@type":"EntryPoint","urlTemplate":"https:\/\/www.reseau-mesure.com\/?s={search_term_string}"},"query-input":{"@type":"PropertyValueSpecification","valueRequired":true,"valueName":"search_term_string"}}],"inLanguage":"de"},{"@type":"Organization","@id":"https:\/\/www.reseau-mesure.com\/#organization","name":"Netzwerk-Messung","url":"https:\/\/www.reseau-mesure.com\/","logo":{"@type":"ImageObject","inLanguage":"de","@id":"https:\/\/www.reseau-mesure.com\/#\/schema\/logo\/image\/","url":"https:\/\/www.reseau-mesure.com\/wp-content\/uploads\/2018\/02\/logo-max.png","contentUrl":"https:\/\/www.reseau-mesure.com\/wp-content\/uploads\/2018\/02\/logo-max.png","width":545,"height":285,"caption":"R\u00e9seau-Mesure"},"image":{"@id":"https:\/\/www.reseau-mesure.com\/#\/schema\/logo\/image\/"},"sameAs":["https:\/\/www.facebook.com\/reseaumesure\/","https:\/\/x.com\/ReseauMesure","https:\/\/www.linkedin.com\/company\/reseau-mesure\/"]}]}},"_links":{"self":[{"href":"https:\/\/www.reseau-mesure.com\/de\/wp-json\/wp\/v2\/pages\/11132","targetHints":{"allow":["GET"]}}],"collection":[{"href":"https:\/\/www.reseau-mesure.com\/de\/wp-json\/wp\/v2\/pages"}],"about":[{"href":"https:\/\/www.reseau-mesure.com\/de\/wp-json\/wp\/v2\/types\/page"}],"author":[{"embeddable":true,"href":"https:\/\/www.reseau-mesure.com\/de\/wp-json\/wp\/v2\/users\/685"}],"replies":[{"embeddable":true,"href":"https:\/\/www.reseau-mesure.com\/de\/wp-json\/wp\/v2\/comments?post=11132"}],"version-history":[{"count":0,"href":"https:\/\/www.reseau-mesure.com\/de\/wp-json\/wp\/v2\/pages\/11132\/revisions"}],"wp:attachment":[{"href":"https:\/\/www.reseau-mesure.com\/de\/wp-json\/wp\/v2\/media?parent=11132"}],"curies":[{"name":"wp","href":"https:\/\/api.w.org\/{rel}","templated":true}]}}