{"id":11222,"date":"2020-09-30T10:51:42","date_gmt":"2020-09-30T08:51:42","guid":{"rendered":"https:\/\/www.reseau-mesure.com\/?page_id=11222"},"modified":"2020-10-13T09:34:24","modified_gmt":"2020-10-13T07:34:24","slug":"newsletter-20201001","status":"publish","type":"page","link":"https:\/\/www.reseau-mesure.com\/de\/newsletter-20201001\/","title":{"rendered":"Newsletter-20201001"},"content":{"rendered":"<img loading=\"lazy\" decoding=\"async\" src=\"https:\/\/www.reseau-mesure.com\/wp-content\/uploads\/2020\/07\/20ku.jpeg\" alt=\"20ku\" itemprop=\"image\" height=\"300\" width=\"970\" title=\"20ku\" onerror=\"this.style.display='none'\"  \/>\n<h1>\n\t\tExpress-Messnetzwerk\n\t<\/h1>\n<h2>\n\t\t01.10.2020\n\t<\/h2>\n<h2>\n\t\tCIMAX : proposition sponsoring du Manufacturing Digital Innovation (MDI) &#8211; 100% en digital &#8211; 18 novembre 2020\n\t<\/h2>\n\t<p><strong>Welche Technologien haben sich nach der Gesundheitskrise bew\u00e4hrt?<\/strong><\/p>\n<p><strong>Wie kann man sie verbreiten, nachhaltig machen?<\/strong><\/p>\n<p><strong>Welche Investitionen sind in diesem beispiellosen wirtschaftlichen Kontext erforderlich?<\/strong><\/p>\n<p><strong>D\u00e9crypter les technologies qui vont faire la diff\u00e9rence : comment s&rsquo;organiser pour passer le cap et vous r\u00e9inventer ?<\/strong><\/p>\n\t<p>Tarifangebot f\u00fcr Mitglieder des Messnetzes:<\/p>\n<ul>\n<li>GOLD Netzwerkangebot Ma\u00dfnahme: <strong>\u20ac 6.200 exkl.<\/strong> (\u00f6ffentlicher Preis \u20ac 6.900 ohne MwSt.)<\/li>\n<li>SILBER Netzwerkangebot Ma\u00dfnahme: <strong>\u20ac 4.250 zzgl. MwSt.<\/strong> (\u00f6ffentlicher Preis \u20ac 4.550 ohne MwSt.)<\/li>\n<\/ul>\n\t\t\t<a href=\"https:\/\/www.reseau-mesure.com\/wp-content\/uploads\/2020\/09\/MDI_MK_ReseauMesure-2020-09-30.pdf\" target=\"_blank\" role=\"button\" rel=\"noopener noreferrer\">\n\t\t\t\t\t\t\tich entdecke \n\t\t\t\t\t<\/a>\n\t\t\t\t<a href=\"https:\/\/www.reseau-mesure.com\/wp-content\/uploads\/2020\/09\/MDI_MK_ReseauMesure-2020-09-30.pdf\" target=\"_blank\" rel=\"noopener noreferrer\" itemprop=\"url\">\n\t\t\t\t<img loading=\"lazy\" decoding=\"async\" src=\"https:\/\/www.reseau-mesure.com\/wp-content\/uploads\/2020\/09\/Image1.png\" alt=\"CIMAX - MDI 2020\" itemprop=\"image\" height=\"558\" width=\"995\" title=\"CIMAX - MDI 2020\" onerror=\"this.style.display='none'\"  \/>\n\t\t\t\t<\/a>\n\t<p>&nbsp;<\/p>\n<p>Neue Ma\u00dfnahme vorgeschlagen von der <strong>groupe \u00ab\u00a0Communication Digitale\u00a0\u00bb<\/strong><\/p>\n<h2>\n\t\tPOLLUTEC\n\t<\/h2>\n\t<p>&nbsp;<\/p>\n<h2><strong>Verschiebung der POLLUTEC-Ausstellung im Jahr 2021<\/strong><br \/>\n<strong>und Start einer digitalen Veranstaltung 100% vom 1. bis 4. Dezember 2020<\/strong><\/h2>\n<h2><strong>Neue Daten: 5. bis 8. Oktober 2021 - <\/strong><strong>Lyon Eurexpo<\/strong><\/h2>\n<p>&nbsp;<\/p>\n<p>Nach zahlreichen Konsultationen mit seiner Fachwelt hat Reed Expositions France beschlossen, die Pollutec-Messe auf 2021 zu verschieben.<\/p>\n<p>Die COVID-19-Pandemie, die auf nationaler, europ\u00e4ischer und internationaler Ebene immer noch relevant ist, starke wirtschaftliche Auswirkungen auf die Aktivit\u00e4ten vieler Aussteller auf dem Umweltmarkt hat und die Mobilisierung traditioneller Messebesucher ungewiss macht. Die Organisatoren der Pollutec-Show haben schlie\u00dflich beschlossen, die urspr\u00fcnglich vom 1. bis 4. Dezember 2020 geplante Ausgabe im Oktober 2021 zu verschieben.<\/p>\n\t\t\t\t<a href=\"https:\/\/www.pollutec.com\/fr\" target=\"_blank\" rel=\"noopener noreferrer\" itemprop=\"url\">\n\t\t\t\t<img loading=\"lazy\" decoding=\"async\" src=\"https:\/\/www.reseau-mesure.com\/wp-content\/uploads\/2020\/09\/logo-2021.png\" alt=\"POLLUTEC\" itemprop=\"image\" height=\"137\" width=\"315\" title=\"2021 Logo\" onerror=\"this.style.display='none'\"  \/>\n\t\t\t\t<\/a>\n\t<h2>Haben Sie sich f\u00fcr Pollutec 2020 angemeldet?<\/h2>\n<p>Ihre gesamte Anzahlung wird auf die Ausgabe 2021 \u00fcberwiesen und Sie erhalten in K\u00fcrze eine neue Teilnahmeanfrage, die alle Elemente Ihrer Registrierung und Ihre Preise f\u00fcr 2020 enth\u00e4lt. Diese Teilnahmeantrag kann bei Bedarf ge\u00e4ndert werden.<\/p>\n<h2>\n\t\tMasques chirurgicaux d&rsquo;excellente qualit\u00e9 fabriqu\u00e9s en Seine et Marne\n\t<\/h2>\n\t\t\t\t<a href=\"mailto:info@groupefacility.com\" target=\"_blank\" rel=\"noopener noreferrer\" itemprop=\"url\">\n\t\t\t\t<img loading=\"lazy\" decoding=\"async\" src=\"https:\/\/www.reseau-mesure.com\/wp-content\/uploads\/2020\/09\/Image1-1-260x300.png\" alt=\"masque chirugical\" itemprop=\"image\" height=\"300\" width=\"260\" title=\"chirurgische Maske\" onerror=\"this.style.display='none'\"  \/>\n\t\t\t\t<\/a>\n\t<p><b>Ein Mitglied von Geyvo bietet in Frankreich hergestellte chirurgische Masken an<\/b><\/p>\nTechnische Eigenschaften :<br \/>\n\u2022 Materialien:<br \/>\n-Drei Schichten aus Polypropylen<br \/>\n-Elastische Befestigung: Polyurethan, Polyester<br \/>\n-Nasenclip: Polyethylen<br \/>\n\u2022 Farben: wei\u00df<br \/>\n\u2022 Wartung: Wartungsfreies Einwegger\u00e4t.<br \/>\n\u2022 Verpackung: 50 Masken<br \/>\n\u2022 Konformit\u00e4t: EN14683: 2019 Typ II<br \/>\n\u2022 EFB (Bacterial Filtration Efficiency) gleich oder gr\u00f6\u00dfer als 98%.<br \/>\n\u2022 Latexfrei<br \/>\n\u2022 Glasfaserfrei<br \/>\n\u2022 Eine dreischichtige Struktur, die die Filtration von Fremdk\u00f6rpern gew\u00e4hrleistet<br \/>\nvon 0,1 um bis 3 um<br \/>\n\u2022 Mikrobiologische Sauberkeit &lt;30 KBE \/ g<br \/>\n\u2022 Differenzdruck: \u0394 P &lt;40 Pa<br \/>\nFiltration wirksam bei 98% gegen:<br \/>\n-Pollen-Staub-Virus\n\t<p>&nbsp;<\/p>\n<strong>3 Doppelfalten<\/strong><br \/>\nF\u00fcr besseren Komfort\n<strong>Weiche Kante mit abgerundeter Ecke<\/strong><br \/>\nReduziert das Risiko von Reizungen\n<strong>Ein V-f\u00f6rmiges Design<\/strong><br \/>\nReduziert den Abstand zwischen Wange und Maske\n<strong>Komfort elastisch +<\/strong><br \/>\nGew\u00e4hrleistet optimalen Komfort beim Tragen der Maske und vermeidet Beschwerden bei l\u00e4ngerem Gebrauch\n<em><strong>Beschreibung<\/strong><\/em><br \/>\n\u2022 Maske aus drei Schichten Polypropylen<br \/>\n\u2022 Jede Seite der Maske hat ein Gummiband, mit dem die Maske befestigt werden kann<br \/>\nauf dem Gesicht.<br \/>\n\u2022 Extrem leicht und komfortabel.<br \/>\n\u2022 Einweg-Operationsmaske<br \/>\n\u2022 Chirurgische Masken sind Masken, die als Teil der Vorsichtsma\u00dfnahmen verwendet werden<br \/>\nStandards, muss vom Arzt getragen werden, um das sterile Feld zu sch\u00fctzen und<br \/>\nder Patient von Mikroorganismen, die von der Pflegekraft ausgeatmet wurden.\n<h3><\/h3>\n<h3><strong>Mitgliedsrate f\u00fcr das Messnetzwerk: 0,21 \u20ac ohne Steuern pro Maske (Port inbegriffen)<\/strong><\/h3>\n<p>Conditionnement par sachets de 7 ou 50 &#8211; 1 carton minimum par commande<\/p>\n\t\t\t<a href=\"https:\/\/www.reseau-mesure.com\/wp-content\/uploads\/2020\/09\/GROUPE-FACILITY-Fiche-technique-masque-chirurgical-EN14683-Type-II.pdf\" target=\"_blank\" role=\"button\" rel=\"noopener noreferrer\">\n\t\t\t\t\t\t\tIch konsultiere das technische Blatt\n\t\t\t\t\t<\/a>\n\t\t\t<a href=\"mailto:yves.salaun@groupefacility.com\" target=\"_blank\" role=\"button\" rel=\"noopener noreferrer\">\n\t\t\t\t\t\t\tKommerzieller Kontakt\n\t\t\t\t\t<\/a>\n\t\t\t<a href=\"https:\/\/www.reseau-mesure.com\/de\/evenements\/\" target=\"_self\" role=\"button\" rel=\"noopener noreferrer\">\n\t\t\t\t\t\t\tDie komplette Agenda des Messnetzes\n\t\t\t\t\t<\/a>\n\t\t\t\t<img loading=\"lazy\" decoding=\"async\" src=\"https:\/\/www.reseau-mesure.com\/wp-content\/uploads\/2020\/08\/Plan-de-travail-3niveau-300x199.png\" alt=\"Plan de travail 3niveau\" itemprop=\"image\" height=\"199\" width=\"300\" title=\"Arbeitsplatte der 3. Ebene\" onerror=\"this.style.display='none'\"  \/>\n\t<h3>2 Mitglieder des Messnetzwerks haben Schulungen f\u00fcr die Fernverwaltung eingerichtet!<\/h3>\n<p>Warum du nicht ?<\/p>\n<p><strong><a href=\"\/de\/eduflot@reseau-mesure.com\/\">Kontaktiere uns!<\/a><\/strong><\/p>","protected":false},"excerpt":{"rendered":"<p>R\u00e9seau Mesure Express 01.10.2020 CIMAX: Sponsoring-Vorschlag f\u00fcr Manufacturing Digital Innovation (MDI) - 100% en digital - 18. November 2020 Welche Technologien haben sich nach der Gesundheitskrise bew\u00e4hrt? Wie kann man sie verbreiten, nachhaltig machen? Welche Investitionen sind in diesem beispiellosen wirtschaftlichen Kontext erforderlich? Entschl\u00fcsseln Sie die ...<\/p>","protected":false},"author":685,"featured_media":0,"parent":0,"menu_order":0,"comment_status":"closed","ping_status":"closed","template":"","meta":{"_acf_changed":false,"footnotes":""},"class_list":["post-11222","page","type-page","status-publish","hentry"],"acf":[],"yoast_head":"<!-- This site is optimized with the Yoast SEO plugin v27.5 - https:\/\/yoast.com\/product\/yoast-seo-wordpress\/ -->\n<title>Newsletter-20201001 - R\u00e9seau Mesure<\/title>\n<meta name=\"robots\" content=\"index, follow, max-snippet:-1, max-image-preview:large, max-video-preview:-1\" \/>\n<link rel=\"canonical\" href=\"https:\/\/www.reseau-mesure.com\/de\/newsletter-20201001\/\" \/>\n<meta property=\"og:locale\" content=\"de_DE\" \/>\n<meta property=\"og:type\" content=\"article\" \/>\n<meta property=\"og:title\" content=\"Newsletter-20201001 - R\u00e9seau Mesure\" \/>\n<meta property=\"og:description\" content=\"R\u00e9seau Mesure Express 01.10.2020 CIMAX : proposition sponsoring du Manufacturing Digital Innovation (MDI) &#8211; 100% en digital &#8211; 18 novembre 2020 Suite \u00e0 la crise sanitaire quelles technologies ont fait leurs preuves ? Comment les diffuser, les inscrire dans la dur\u00e9e ? Dans ce contexte \u00e9conomique in\u00e9dit, sur quels investissements n\u00e9cessaires miser ? D\u00e9crypter les&hellip;\" \/>\n<meta property=\"og:url\" content=\"https:\/\/www.reseau-mesure.com\/de\/newsletter-20201001\/\" \/>\n<meta property=\"og:site_name\" content=\"R\u00e9seau Mesure\" \/>\n<meta property=\"article:publisher\" content=\"https:\/\/www.facebook.com\/reseaumesure\/\" \/>\n<meta property=\"article:modified_time\" content=\"2020-10-13T07:34:24+00:00\" \/>\n<meta property=\"og:image\" content=\"https:\/\/www.reseau-mesure.com\/wp-content\/uploads\/2020\/07\/20ku.jpeg\" \/>\n<meta name=\"twitter:card\" content=\"summary_large_image\" \/>\n<meta name=\"twitter:site\" content=\"@ReseauMesure\" \/>\n<meta name=\"twitter:label1\" content=\"Gesch\u00e4tzte Lesezeit\" \/>\n\t<meta name=\"twitter:data1\" content=\"3\u00a0Minuten\" \/>\n<script type=\"application\/ld+json\" class=\"yoast-schema-graph\">{\"@context\":\"https:\\\/\\\/schema.org\",\"@graph\":[{\"@type\":\"WebPage\",\"@id\":\"https:\\\/\\\/www.reseau-mesure.com\\\/de\\\/newsletter-20201001\\\/\",\"url\":\"https:\\\/\\\/www.reseau-mesure.com\\\/de\\\/newsletter-20201001\\\/\",\"name\":\"Newsletter-20201001 - R\u00e9seau Mesure\",\"isPartOf\":{\"@id\":\"https:\\\/\\\/www.reseau-mesure.com\\\/#website\"},\"primaryImageOfPage\":{\"@id\":\"https:\\\/\\\/www.reseau-mesure.com\\\/de\\\/newsletter-20201001\\\/#primaryimage\"},\"image\":{\"@id\":\"https:\\\/\\\/www.reseau-mesure.com\\\/de\\\/newsletter-20201001\\\/#primaryimage\"},\"thumbnailUrl\":\"https:\\\/\\\/www.reseau-mesure.com\\\/wp-content\\\/uploads\\\/2020\\\/07\\\/20ku.jpeg\",\"datePublished\":\"2020-09-30T08:51:42+00:00\",\"dateModified\":\"2020-10-13T07:34:24+00:00\",\"breadcrumb\":{\"@id\":\"https:\\\/\\\/www.reseau-mesure.com\\\/de\\\/newsletter-20201001\\\/#breadcrumb\"},\"inLanguage\":\"de\",\"potentialAction\":[{\"@type\":\"ReadAction\",\"target\":[\"https:\\\/\\\/www.reseau-mesure.com\\\/de\\\/newsletter-20201001\\\/\"]}]},{\"@type\":\"ImageObject\",\"inLanguage\":\"de\",\"@id\":\"https:\\\/\\\/www.reseau-mesure.com\\\/de\\\/newsletter-20201001\\\/#primaryimage\",\"url\":\"https:\\\/\\\/www.reseau-mesure.com\\\/wp-content\\\/uploads\\\/2020\\\/07\\\/20ku.jpeg\",\"contentUrl\":\"https:\\\/\\\/www.reseau-mesure.com\\\/wp-content\\\/uploads\\\/2020\\\/07\\\/20ku.jpeg\"},{\"@type\":\"BreadcrumbList\",\"@id\":\"https:\\\/\\\/www.reseau-mesure.com\\\/de\\\/newsletter-20201001\\\/#breadcrumb\",\"itemListElement\":[{\"@type\":\"ListItem\",\"position\":1,\"name\":\"Accueil\",\"item\":\"https:\\\/\\\/www.reseau-mesure.com\\\/\"},{\"@type\":\"ListItem\",\"position\":2,\"name\":\"Newsletter-20201001\"}]},{\"@type\":\"WebSite\",\"@id\":\"https:\\\/\\\/www.reseau-mesure.com\\\/#website\",\"url\":\"https:\\\/\\\/www.reseau-mesure.com\\\/\",\"name\":\"R\u00e9seau-Mesure\",\"description\":\"R\u00e9seau Mesure\",\"publisher\":{\"@id\":\"https:\\\/\\\/www.reseau-mesure.com\\\/#organization\"},\"potentialAction\":[{\"@type\":\"SearchAction\",\"target\":{\"@type\":\"EntryPoint\",\"urlTemplate\":\"https:\\\/\\\/www.reseau-mesure.com\\\/?s={search_term_string}\"},\"query-input\":{\"@type\":\"PropertyValueSpecification\",\"valueRequired\":true,\"valueName\":\"search_term_string\"}}],\"inLanguage\":\"de\"},{\"@type\":\"Organization\",\"@id\":\"https:\\\/\\\/www.reseau-mesure.com\\\/#organization\",\"name\":\"R\u00e9seau-Mesure\",\"url\":\"https:\\\/\\\/www.reseau-mesure.com\\\/\",\"logo\":{\"@type\":\"ImageObject\",\"inLanguage\":\"de\",\"@id\":\"https:\\\/\\\/www.reseau-mesure.com\\\/#\\\/schema\\\/logo\\\/image\\\/\",\"url\":\"https:\\\/\\\/www.reseau-mesure.com\\\/wp-content\\\/uploads\\\/2018\\\/02\\\/logo-max.png\",\"contentUrl\":\"https:\\\/\\\/www.reseau-mesure.com\\\/wp-content\\\/uploads\\\/2018\\\/02\\\/logo-max.png\",\"width\":545,\"height\":285,\"caption\":\"R\u00e9seau-Mesure\"},\"image\":{\"@id\":\"https:\\\/\\\/www.reseau-mesure.com\\\/#\\\/schema\\\/logo\\\/image\\\/\"},\"sameAs\":[\"https:\\\/\\\/www.facebook.com\\\/reseaumesure\\\/\",\"https:\\\/\\\/x.com\\\/ReseauMesure\",\"https:\\\/\\\/www.linkedin.com\\\/company\\\/reseau-mesure\\\/\"]}]}<\/script>\n<!-- \/ Yoast SEO plugin. -->","yoast_head_json":{"title":"Newsletter-20201001 - R\u00e9seau Mesure","robots":{"index":"index","follow":"follow","max-snippet":"max-snippet:-1","max-image-preview":"max-image-preview:large","max-video-preview":"max-video-preview:-1"},"canonical":"https:\/\/www.reseau-mesure.com\/de\/newsletter-20201001\/","og_locale":"de_DE","og_type":"article","og_title":"Newsletter-20201001 - R\u00e9seau Mesure","og_description":"R\u00e9seau Mesure Express 01.10.2020 CIMAX : proposition sponsoring du Manufacturing Digital Innovation (MDI) &#8211; 100% en digital &#8211; 18 novembre 2020 Suite \u00e0 la crise sanitaire quelles technologies ont fait leurs preuves ? Comment les diffuser, les inscrire dans la dur\u00e9e ? Dans ce contexte \u00e9conomique in\u00e9dit, sur quels investissements n\u00e9cessaires miser ? D\u00e9crypter les&hellip;","og_url":"https:\/\/www.reseau-mesure.com\/de\/newsletter-20201001\/","og_site_name":"R\u00e9seau Mesure","article_publisher":"https:\/\/www.facebook.com\/reseaumesure\/","article_modified_time":"2020-10-13T07:34:24+00:00","og_image":[{"url":"https:\/\/www.reseau-mesure.com\/wp-content\/uploads\/2020\/07\/20ku.jpeg","type":"","width":"","height":""}],"twitter_card":"summary_large_image","twitter_site":"@ReseauMesure","twitter_misc":{"Gesch\u00e4tzte Lesezeit":"3\u00a0Minuten"},"schema":{"@context":"https:\/\/schema.org","@graph":[{"@type":"WebPage","@id":"https:\/\/www.reseau-mesure.com\/de\/newsletter-20201001\/","url":"https:\/\/www.reseau-mesure.com\/de\/newsletter-20201001\/","name":"Newsletter-20201001 - R\u00e9seau Mesure","isPartOf":{"@id":"https:\/\/www.reseau-mesure.com\/#website"},"primaryImageOfPage":{"@id":"https:\/\/www.reseau-mesure.com\/de\/newsletter-20201001\/#primaryimage"},"image":{"@id":"https:\/\/www.reseau-mesure.com\/de\/newsletter-20201001\/#primaryimage"},"thumbnailUrl":"https:\/\/www.reseau-mesure.com\/wp-content\/uploads\/2020\/07\/20ku.jpeg","datePublished":"2020-09-30T08:51:42+00:00","dateModified":"2020-10-13T07:34:24+00:00","breadcrumb":{"@id":"https:\/\/www.reseau-mesure.com\/de\/newsletter-20201001\/#breadcrumb"},"inLanguage":"de","potentialAction":[{"@type":"ReadAction","target":["https:\/\/www.reseau-mesure.com\/de\/newsletter-20201001\/"]}]},{"@type":"ImageObject","inLanguage":"de","@id":"https:\/\/www.reseau-mesure.com\/de\/newsletter-20201001\/#primaryimage","url":"https:\/\/www.reseau-mesure.com\/wp-content\/uploads\/2020\/07\/20ku.jpeg","contentUrl":"https:\/\/www.reseau-mesure.com\/wp-content\/uploads\/2020\/07\/20ku.jpeg"},{"@type":"BreadcrumbList","@id":"https:\/\/www.reseau-mesure.com\/de\/newsletter-20201001\/#breadcrumb","itemListElement":[{"@type":"ListItem","position":1,"name":"Accueil","item":"https:\/\/www.reseau-mesure.com\/"},{"@type":"ListItem","position":2,"name":"Newsletter-20201001"}]},{"@type":"WebSite","@id":"https:\/\/www.reseau-mesure.com\/#website","url":"https:\/\/www.reseau-mesure.com\/","name":"Netzwerk-Messung","description":"Netzwerkma\u00dfnahme","publisher":{"@id":"https:\/\/www.reseau-mesure.com\/#organization"},"potentialAction":[{"@type":"SearchAction","target":{"@type":"EntryPoint","urlTemplate":"https:\/\/www.reseau-mesure.com\/?s={search_term_string}"},"query-input":{"@type":"PropertyValueSpecification","valueRequired":true,"valueName":"search_term_string"}}],"inLanguage":"de"},{"@type":"Organization","@id":"https:\/\/www.reseau-mesure.com\/#organization","name":"Netzwerk-Messung","url":"https:\/\/www.reseau-mesure.com\/","logo":{"@type":"ImageObject","inLanguage":"de","@id":"https:\/\/www.reseau-mesure.com\/#\/schema\/logo\/image\/","url":"https:\/\/www.reseau-mesure.com\/wp-content\/uploads\/2018\/02\/logo-max.png","contentUrl":"https:\/\/www.reseau-mesure.com\/wp-content\/uploads\/2018\/02\/logo-max.png","width":545,"height":285,"caption":"R\u00e9seau-Mesure"},"image":{"@id":"https:\/\/www.reseau-mesure.com\/#\/schema\/logo\/image\/"},"sameAs":["https:\/\/www.facebook.com\/reseaumesure\/","https:\/\/x.com\/ReseauMesure","https:\/\/www.linkedin.com\/company\/reseau-mesure\/"]}]}},"_links":{"self":[{"href":"https:\/\/www.reseau-mesure.com\/de\/wp-json\/wp\/v2\/pages\/11222","targetHints":{"allow":["GET"]}}],"collection":[{"href":"https:\/\/www.reseau-mesure.com\/de\/wp-json\/wp\/v2\/pages"}],"about":[{"href":"https:\/\/www.reseau-mesure.com\/de\/wp-json\/wp\/v2\/types\/page"}],"author":[{"embeddable":true,"href":"https:\/\/www.reseau-mesure.com\/de\/wp-json\/wp\/v2\/users\/685"}],"replies":[{"embeddable":true,"href":"https:\/\/www.reseau-mesure.com\/de\/wp-json\/wp\/v2\/comments?post=11222"}],"version-history":[{"count":0,"href":"https:\/\/www.reseau-mesure.com\/de\/wp-json\/wp\/v2\/pages\/11222\/revisions"}],"wp:attachment":[{"href":"https:\/\/www.reseau-mesure.com\/de\/wp-json\/wp\/v2\/media?parent=11222"}],"curies":[{"name":"wp","href":"https:\/\/api.w.org\/{rel}","templated":true}]}}