{"id":11282,"date":"2020-10-07T10:10:54","date_gmt":"2020-10-07T08:10:54","guid":{"rendered":"https:\/\/www.reseau-mesure.com\/?page_id=11282"},"modified":"2020-10-13T17:30:42","modified_gmt":"2020-10-13T15:30:42","slug":"newsletter-20201014","status":"publish","type":"page","link":"https:\/\/www.reseau-mesure.com\/de\/newsletter-20201014\/","title":{"rendered":"Newsletter-20201014"},"content":{"rendered":"<img loading=\"lazy\" decoding=\"async\" src=\"https:\/\/www.reseau-mesure.com\/wp-content\/uploads\/2020\/07\/20ku.jpeg\" alt=\"20ku\" itemprop=\"image\" height=\"300\" width=\"970\" title=\"20ku\" onerror=\"this.style.display='none'\"  \/>\n<h1>\n\t\tExpress-Messnetzwerk\n\t<\/h1>\n<h2>\n\t\t14.10.2020\n\t<\/h2>\n<h2>\n\t\tContribuez \u00e0 la feuille de route du R\u00e9seau Mesure pour 2021 &#8211; 2022\n\t<\/h2>\n\t<p><b>Le Conseil d&rsquo;administration se r\u00e9unira le mercredi 9 d\u00e9cembre prochain pour r\u00e9aliser le bilan de l&rsquo;ann\u00e9e 2020 et finaliser la feuille de route pour 2021 et 2022.<\/b><\/p>\n<p>Das <strong>Netzwerkma\u00dfnahme durch seine Mitglieder, f\u00fcr seine Mitglieder<\/strong> : n&rsquo;h\u00e9sitez pas \u00e0 contribuer \u00e0 ce document strat\u00e9gique en nous transmettant vos remarques, vos id\u00e9es, suggestions &#8230;.<\/p>\n<p>Ein erster Arbeitsschritt wird mit dem B\u00fcro am durchgef\u00fchrt <strong>4. November 2020.<\/strong><\/p>\n<p>&nbsp;<\/p>\n\t\t\t<a href=\"mailto:eduflot@reseau-mesure.com\" target=\"_blank\" role=\"button\" rel=\"noopener noreferrer\">\n\t\t\t\t\t\t\tIch m\u00f6chte einen Vorschlag \/ eine Bemerkung machen\n\t\t\t\t\t<\/a>\n\t\t\t\t<a href=\"https:\/\/www.reseau-mesure.com\/wp-content\/uploads\/2020\/09\/MDI_MK_ReseauMesure-2020-09-30.pdf\" target=\"_blank\" rel=\"noopener noreferrer\" itemprop=\"url\">\n\t\t\t\t<img loading=\"lazy\" decoding=\"async\" src=\"https:\/\/www.reseau-mesure.com\/wp-content\/uploads\/2020\/10\/2106968-300x300.jpg\" alt=\"Construire ensemble\" itemprop=\"image\" height=\"300\" width=\"300\" title=\"Gemeinsam bauen\" onerror=\"this.style.display='none'\"  \/>\n\t\t\t\t<\/a>\n<h2>\n\t\tNeues Training in Zusammenarbeit mit CIFL\n\t<\/h2>\n\t\t\t\t<img loading=\"lazy\" decoding=\"async\" src=\"https:\/\/www.reseau-mesure.com\/wp-content\/uploads\/2018\/09\/CIFL-150x150.jpg\" alt=\"CIFL\" itemprop=\"image\" height=\"150\" width=\"150\" title=\"CIFL\" onerror=\"this.style.display='none'\"  \/>\n\t<p>&nbsp;<\/p>\n<p><strong>Pr\u00e9sentation de la formation &#8211; Mardi 20 octobre de 11 h \u00e0 12 h<\/strong><\/p>\n<p>Teams, Zoom, Go to Webinar ... so viele W\u00f6rter, die w\u00e4hrend der Entbindung h\u00e4ufig vorkommen und h\u00e4ufig verwendet werden, um mit Kunden in Kontakt zu bleiben oder Teams zu verwalten. Eine Reihe von Unternehmen fragen sich derzeit, wie sie ihre Management- und Gesch\u00e4ftspraktiken entwickeln k\u00f6nnen, indem sie diese neuen Kommunikationsmodi auf nachhaltige Weise integrieren. W\u00e4hrend dieses Webinars werden wir versuchen, Qwantiq einige Ideen zur Fernverwaltung mitzuteilen, und wir werden Ihnen die neuen Programme vorstellen, die auf der Website entwickelt wurden\u00a0<strong><u><a href=\"http:\/\/eye.newscifl.com\/c?p=wATNAWbCxBDQwtDS-dDTeNCP0KdA0JTQ2xBvZkLpQMQQaiZ-0N9y0JD0RdC-0KLQwtC0FtC2NNCw2SNodHRwczovL2Zvcm1zLmdsZS9OQ0FISG1tWVdxdVVnZTdNNqQxMDQ5xBDQtNCcdPjQrUU4SdCgPEhX0L5-b9CwsGV5ZS5uZXdzY2lmbC5jb23EFDvm0IDQzNCu0NA26dC_HW5g0IQzeNDDVD3Qyfk\">Management und Fernabsatz<\/a><\/u><\/strong> f\u00fcr unsere Mitglieder!\u00a0 <\/p>\n<p><a href=\"https:\/\/docs.google.com\/forms\/d\/e\/1FAIpQLSdbetlo-W-tWVLtEa1_Fo9JCg_HH4GUXUw19cde7h8ApfBPsw\/viewform\"><em><strong>Bitte melden Sie sich vor dem 16. Oktober an.<\/strong><\/em><\/a><\/p>\n<h2>\n\t\tLa strat\u00e9gie de communication digitale  &#8211;  \u00ab\u00a0E-Formation\u00a0\u00bb &#8211;  Les bases, clefs de la r\u00e9ussite\n\t<\/h2>\n\t<p>&nbsp;<\/p>\n<p>Zwei halbe Tage interaktives Online-Training f\u00fcr\u00a0<strong>Definieren Sie Ihre digitale Kommunikationsstrategie<\/strong>\u00a0basierend auf Ihren Erwartungen und Bed\u00fcrfnissen.<\/p>\n<ul>\n<li>SEO, Inhaltsanalyse \/ Textoptimierung = Schreiben im Web.<\/li>\n<li>Bezahltes SEO mit AdWords: Warum? wann? Wie? &#039;Oder&#039; Was? (und wie viel ?)<\/li>\n<li>Erstellung und Neugestaltung einer Website (die zu vermeidenden Fallen und die Regeln).<\/li>\n<li>Pr\u00e4senz in sozialen Netzwerken\u2026 oder auch nicht.<\/li>\n<li>Klassisches Emaillieren und Automatisierungsemaillieren<\/li>\n<li>Inbound-Marketing...<\/li>\n<\/ul>\n<p>Gehen Sie mit den Schl\u00fcsseln zu einer effektiven Kommunikationsstrategie.<\/p>\n<p>Die Schulung wird von AcomService, Partner des Messnetzwerks und Webspezialist im industriellen Umfeld und insbesondere im Bereich Instrumentierung und Messung, angeboten.<\/p>\n<p>Training f\u00fcr 3 Personen.<\/p>\n<p>Prochaine session en cours de programmation &#8211; <a href=\"mailto:confray@reseau-mesure.com\">Kontaktiere uns!<\/a><\/p>\n\t\t\t\t<a href=\"mailto:info@groupefacility.com\" target=\"_blank\" rel=\"noopener noreferrer\" itemprop=\"url\">\n\t\t\t\t<img loading=\"lazy\" decoding=\"async\" src=\"https:\/\/www.reseau-mesure.com\/wp-content\/uploads\/2018\/02\/communication-digitale.png\" alt=\"communication digitale\" itemprop=\"image\" height=\"238\" width=\"320\" title=\"digitale Kommunikation\" onerror=\"this.style.display='none'\"  \/>\n\t\t\t\t<\/a>\n\t\t\t<a href=\"https:\/\/www.reseau-mesure.com\/de\/formation-strategie-communication-digitale-en-ligne\/\" target=\"_blank\" role=\"button\" rel=\"noopener noreferrer\">\n\t\t\t\t\t\t\tWeitere Informationen\n\t\t\t\t\t<\/a>\n\t\t\t<a href=\"https:\/\/www.reseau-mesure.com\/de\/evenements\/\" target=\"_self\" role=\"button\" rel=\"noopener noreferrer\">\n\t\t\t\t\t\t\tDie komplette Agenda des Messnetzes\n\t\t\t\t\t<\/a>\n\t\t\t\t<img loading=\"lazy\" decoding=\"async\" src=\"https:\/\/www.reseau-mesure.com\/wp-content\/uploads\/2020\/08\/Plan-de-travail-3niveau-300x199.png\" alt=\"Plan de travail 3niveau\" itemprop=\"image\" height=\"199\" width=\"300\" title=\"Arbeitsplatte der 3. Ebene\" onerror=\"this.style.display='none'\"  \/>\n\t<p>La CCI Val d&rsquo;Oise accueillera\u00a0Pierre PELOUZET, M\u00e9diateur des entreprises<\/p>\n<p><strong>Mittwoch, 14. Oktober 2020<\/strong><\/p>\n<p><strong><u>18.00 bis 19.30 Uhr<\/u><\/strong><\/p>\n<p><strong>\u00e0 la CCI de Cergy-Pontoise &#8211; 95<\/strong><\/p>\n<p>f\u00fcr eine au\u00dfergew\u00f6hnliche Sequenz, die der Gesch\u00e4ftsvermittlung gewidmet ist<\/p>\n<p>Compte tenu de la situation sanitaire, le nombre de personnes en pr\u00e9sentiel est limit\u00e9. Aussi, pour permettre au plus grand nombre de suivre et de participer aux \u00e9changes, la CCI propose de participer en direct \u00e0 l&rsquo;\u00e9v\u00e9nement \u00e0 travers le Facebook Live organis\u00e9 par la CCI Val d&rsquo;Oise sur sa page Facebook.<\/p>\n<p><strong>Se joindre \u00e0 l&rsquo;\u00e9v\u00e9nement sur la page Facebook de la CCI 95 <\/strong>:\u00a0 <a href=\"https:\/\/www.facebook.com\/ccivaldoise\">https:\/\/www.facebook.com\/ccivaldoise<\/a>.<\/p>\n<p>Vielen Dank an alle f\u00fcr die Freundlichkeit <a href=\"\/de\/presidence95@cci-paris-idf.fr\/\">Teilnahme best\u00e4tigen<\/a>, von Angesicht zu Angesicht (wenn m\u00f6glich, je nach Verf\u00fcgbarkeit) oder \u00fcber Facebook Live.<\/p>","protected":false},"excerpt":{"rendered":"<p>R\u00e9seau Mesure Express 14.10.2020 Beitrag zur R\u00e9seau Mesure-Roadmap f\u00fcr 2021 - 2022 Der Verwaltungsrat wird am Mittwoch, dem 9. Dezember, zusammentreten, um eine Bestandsaufnahme von 2020 vorzunehmen und die Roadmap f\u00fcr 2021 und 2022 fertigzustellen Das Netzwerk Ma\u00dfnahmen von seinen Mitgliedern, F\u00fcr seine Mitglieder: z\u00f6gern Sie nicht ...<\/p>","protected":false},"author":685,"featured_media":0,"parent":0,"menu_order":0,"comment_status":"closed","ping_status":"closed","template":"","meta":{"_acf_changed":false,"footnotes":""},"class_list":["post-11282","page","type-page","status-publish","hentry"],"acf":[],"yoast_head":"<!-- This site is optimized with the Yoast SEO plugin v27.5 - https:\/\/yoast.com\/product\/yoast-seo-wordpress\/ -->\n<title>Newsletter-20201014 - R\u00e9seau Mesure<\/title>\n<meta name=\"robots\" content=\"index, follow, max-snippet:-1, max-image-preview:large, max-video-preview:-1\" \/>\n<link rel=\"canonical\" href=\"https:\/\/www.reseau-mesure.com\/de\/newsletter-20201014\/\" \/>\n<meta property=\"og:locale\" content=\"de_DE\" \/>\n<meta property=\"og:type\" content=\"article\" \/>\n<meta property=\"og:title\" content=\"Newsletter-20201014 - R\u00e9seau Mesure\" \/>\n<meta property=\"og:description\" content=\"R\u00e9seau Mesure Express 14.10.2020 Contribuez \u00e0 la feuille de route du R\u00e9seau Mesure pour 2021 &#8211; 2022 Le Conseil d&rsquo;administration se r\u00e9unira le mercredi 9 d\u00e9cembre prochain pour r\u00e9aliser le bilan de l&rsquo;ann\u00e9e 2020 et finaliser la feuille de route pour 2021 et 2022. Le R\u00e9seau Mesure Par ses Adh\u00e9rents, Pour ses adh\u00e9rents : n&rsquo;h\u00e9sitez&hellip;\" \/>\n<meta property=\"og:url\" content=\"https:\/\/www.reseau-mesure.com\/de\/newsletter-20201014\/\" \/>\n<meta property=\"og:site_name\" content=\"R\u00e9seau Mesure\" \/>\n<meta property=\"article:publisher\" content=\"https:\/\/www.facebook.com\/reseaumesure\/\" \/>\n<meta property=\"article:modified_time\" content=\"2020-10-13T15:30:42+00:00\" \/>\n<meta property=\"og:image\" content=\"https:\/\/www.reseau-mesure.com\/wp-content\/uploads\/2020\/07\/20ku.jpeg\" \/>\n<meta name=\"twitter:card\" content=\"summary_large_image\" \/>\n<meta name=\"twitter:site\" content=\"@ReseauMesure\" \/>\n<meta name=\"twitter:label1\" content=\"Gesch\u00e4tzte Lesezeit\" \/>\n\t<meta name=\"twitter:data1\" content=\"3\u00a0Minuten\" \/>\n<script type=\"application\/ld+json\" class=\"yoast-schema-graph\">{\"@context\":\"https:\\\/\\\/schema.org\",\"@graph\":[{\"@type\":\"WebPage\",\"@id\":\"https:\\\/\\\/www.reseau-mesure.com\\\/de\\\/newsletter-20201014\\\/\",\"url\":\"https:\\\/\\\/www.reseau-mesure.com\\\/de\\\/newsletter-20201014\\\/\",\"name\":\"Newsletter-20201014 - R\u00e9seau Mesure\",\"isPartOf\":{\"@id\":\"https:\\\/\\\/www.reseau-mesure.com\\\/#website\"},\"primaryImageOfPage\":{\"@id\":\"https:\\\/\\\/www.reseau-mesure.com\\\/de\\\/newsletter-20201014\\\/#primaryimage\"},\"image\":{\"@id\":\"https:\\\/\\\/www.reseau-mesure.com\\\/de\\\/newsletter-20201014\\\/#primaryimage\"},\"thumbnailUrl\":\"https:\\\/\\\/www.reseau-mesure.com\\\/wp-content\\\/uploads\\\/2020\\\/07\\\/20ku.jpeg\",\"datePublished\":\"2020-10-07T08:10:54+00:00\",\"dateModified\":\"2020-10-13T15:30:42+00:00\",\"breadcrumb\":{\"@id\":\"https:\\\/\\\/www.reseau-mesure.com\\\/de\\\/newsletter-20201014\\\/#breadcrumb\"},\"inLanguage\":\"de\",\"potentialAction\":[{\"@type\":\"ReadAction\",\"target\":[\"https:\\\/\\\/www.reseau-mesure.com\\\/de\\\/newsletter-20201014\\\/\"]}]},{\"@type\":\"ImageObject\",\"inLanguage\":\"de\",\"@id\":\"https:\\\/\\\/www.reseau-mesure.com\\\/de\\\/newsletter-20201014\\\/#primaryimage\",\"url\":\"https:\\\/\\\/www.reseau-mesure.com\\\/wp-content\\\/uploads\\\/2020\\\/07\\\/20ku.jpeg\",\"contentUrl\":\"https:\\\/\\\/www.reseau-mesure.com\\\/wp-content\\\/uploads\\\/2020\\\/07\\\/20ku.jpeg\"},{\"@type\":\"BreadcrumbList\",\"@id\":\"https:\\\/\\\/www.reseau-mesure.com\\\/de\\\/newsletter-20201014\\\/#breadcrumb\",\"itemListElement\":[{\"@type\":\"ListItem\",\"position\":1,\"name\":\"Accueil\",\"item\":\"https:\\\/\\\/www.reseau-mesure.com\\\/\"},{\"@type\":\"ListItem\",\"position\":2,\"name\":\"Newsletter-20201014\"}]},{\"@type\":\"WebSite\",\"@id\":\"https:\\\/\\\/www.reseau-mesure.com\\\/#website\",\"url\":\"https:\\\/\\\/www.reseau-mesure.com\\\/\",\"name\":\"R\u00e9seau-Mesure\",\"description\":\"R\u00e9seau Mesure\",\"publisher\":{\"@id\":\"https:\\\/\\\/www.reseau-mesure.com\\\/#organization\"},\"potentialAction\":[{\"@type\":\"SearchAction\",\"target\":{\"@type\":\"EntryPoint\",\"urlTemplate\":\"https:\\\/\\\/www.reseau-mesure.com\\\/?s={search_term_string}\"},\"query-input\":{\"@type\":\"PropertyValueSpecification\",\"valueRequired\":true,\"valueName\":\"search_term_string\"}}],\"inLanguage\":\"de\"},{\"@type\":\"Organization\",\"@id\":\"https:\\\/\\\/www.reseau-mesure.com\\\/#organization\",\"name\":\"R\u00e9seau-Mesure\",\"url\":\"https:\\\/\\\/www.reseau-mesure.com\\\/\",\"logo\":{\"@type\":\"ImageObject\",\"inLanguage\":\"de\",\"@id\":\"https:\\\/\\\/www.reseau-mesure.com\\\/#\\\/schema\\\/logo\\\/image\\\/\",\"url\":\"https:\\\/\\\/www.reseau-mesure.com\\\/wp-content\\\/uploads\\\/2018\\\/02\\\/logo-max.png\",\"contentUrl\":\"https:\\\/\\\/www.reseau-mesure.com\\\/wp-content\\\/uploads\\\/2018\\\/02\\\/logo-max.png\",\"width\":545,\"height\":285,\"caption\":\"R\u00e9seau-Mesure\"},\"image\":{\"@id\":\"https:\\\/\\\/www.reseau-mesure.com\\\/#\\\/schema\\\/logo\\\/image\\\/\"},\"sameAs\":[\"https:\\\/\\\/www.facebook.com\\\/reseaumesure\\\/\",\"https:\\\/\\\/x.com\\\/ReseauMesure\",\"https:\\\/\\\/www.linkedin.com\\\/company\\\/reseau-mesure\\\/\"]}]}<\/script>\n<!-- \/ Yoast SEO plugin. -->","yoast_head_json":{"title":"Newsletter-20201014 - R\u00e9seau Mesure","robots":{"index":"index","follow":"follow","max-snippet":"max-snippet:-1","max-image-preview":"max-image-preview:large","max-video-preview":"max-video-preview:-1"},"canonical":"https:\/\/www.reseau-mesure.com\/de\/newsletter-20201014\/","og_locale":"de_DE","og_type":"article","og_title":"Newsletter-20201014 - R\u00e9seau Mesure","og_description":"R\u00e9seau Mesure Express 14.10.2020 Contribuez \u00e0 la feuille de route du R\u00e9seau Mesure pour 2021 &#8211; 2022 Le Conseil d&rsquo;administration se r\u00e9unira le mercredi 9 d\u00e9cembre prochain pour r\u00e9aliser le bilan de l&rsquo;ann\u00e9e 2020 et finaliser la feuille de route pour 2021 et 2022. Le R\u00e9seau Mesure Par ses Adh\u00e9rents, Pour ses adh\u00e9rents : n&rsquo;h\u00e9sitez&hellip;","og_url":"https:\/\/www.reseau-mesure.com\/de\/newsletter-20201014\/","og_site_name":"R\u00e9seau Mesure","article_publisher":"https:\/\/www.facebook.com\/reseaumesure\/","article_modified_time":"2020-10-13T15:30:42+00:00","og_image":[{"url":"https:\/\/www.reseau-mesure.com\/wp-content\/uploads\/2020\/07\/20ku.jpeg","type":"","width":"","height":""}],"twitter_card":"summary_large_image","twitter_site":"@ReseauMesure","twitter_misc":{"Gesch\u00e4tzte Lesezeit":"3\u00a0Minuten"},"schema":{"@context":"https:\/\/schema.org","@graph":[{"@type":"WebPage","@id":"https:\/\/www.reseau-mesure.com\/de\/newsletter-20201014\/","url":"https:\/\/www.reseau-mesure.com\/de\/newsletter-20201014\/","name":"Newsletter-20201014 - R\u00e9seau Mesure","isPartOf":{"@id":"https:\/\/www.reseau-mesure.com\/#website"},"primaryImageOfPage":{"@id":"https:\/\/www.reseau-mesure.com\/de\/newsletter-20201014\/#primaryimage"},"image":{"@id":"https:\/\/www.reseau-mesure.com\/de\/newsletter-20201014\/#primaryimage"},"thumbnailUrl":"https:\/\/www.reseau-mesure.com\/wp-content\/uploads\/2020\/07\/20ku.jpeg","datePublished":"2020-10-07T08:10:54+00:00","dateModified":"2020-10-13T15:30:42+00:00","breadcrumb":{"@id":"https:\/\/www.reseau-mesure.com\/de\/newsletter-20201014\/#breadcrumb"},"inLanguage":"de","potentialAction":[{"@type":"ReadAction","target":["https:\/\/www.reseau-mesure.com\/de\/newsletter-20201014\/"]}]},{"@type":"ImageObject","inLanguage":"de","@id":"https:\/\/www.reseau-mesure.com\/de\/newsletter-20201014\/#primaryimage","url":"https:\/\/www.reseau-mesure.com\/wp-content\/uploads\/2020\/07\/20ku.jpeg","contentUrl":"https:\/\/www.reseau-mesure.com\/wp-content\/uploads\/2020\/07\/20ku.jpeg"},{"@type":"BreadcrumbList","@id":"https:\/\/www.reseau-mesure.com\/de\/newsletter-20201014\/#breadcrumb","itemListElement":[{"@type":"ListItem","position":1,"name":"Accueil","item":"https:\/\/www.reseau-mesure.com\/"},{"@type":"ListItem","position":2,"name":"Newsletter-20201014"}]},{"@type":"WebSite","@id":"https:\/\/www.reseau-mesure.com\/#website","url":"https:\/\/www.reseau-mesure.com\/","name":"Netzwerk-Messung","description":"Netzwerkma\u00dfnahme","publisher":{"@id":"https:\/\/www.reseau-mesure.com\/#organization"},"potentialAction":[{"@type":"SearchAction","target":{"@type":"EntryPoint","urlTemplate":"https:\/\/www.reseau-mesure.com\/?s={search_term_string}"},"query-input":{"@type":"PropertyValueSpecification","valueRequired":true,"valueName":"search_term_string"}}],"inLanguage":"de"},{"@type":"Organization","@id":"https:\/\/www.reseau-mesure.com\/#organization","name":"Netzwerk-Messung","url":"https:\/\/www.reseau-mesure.com\/","logo":{"@type":"ImageObject","inLanguage":"de","@id":"https:\/\/www.reseau-mesure.com\/#\/schema\/logo\/image\/","url":"https:\/\/www.reseau-mesure.com\/wp-content\/uploads\/2018\/02\/logo-max.png","contentUrl":"https:\/\/www.reseau-mesure.com\/wp-content\/uploads\/2018\/02\/logo-max.png","width":545,"height":285,"caption":"R\u00e9seau-Mesure"},"image":{"@id":"https:\/\/www.reseau-mesure.com\/#\/schema\/logo\/image\/"},"sameAs":["https:\/\/www.facebook.com\/reseaumesure\/","https:\/\/x.com\/ReseauMesure","https:\/\/www.linkedin.com\/company\/reseau-mesure\/"]}]}},"_links":{"self":[{"href":"https:\/\/www.reseau-mesure.com\/de\/wp-json\/wp\/v2\/pages\/11282","targetHints":{"allow":["GET"]}}],"collection":[{"href":"https:\/\/www.reseau-mesure.com\/de\/wp-json\/wp\/v2\/pages"}],"about":[{"href":"https:\/\/www.reseau-mesure.com\/de\/wp-json\/wp\/v2\/types\/page"}],"author":[{"embeddable":true,"href":"https:\/\/www.reseau-mesure.com\/de\/wp-json\/wp\/v2\/users\/685"}],"replies":[{"embeddable":true,"href":"https:\/\/www.reseau-mesure.com\/de\/wp-json\/wp\/v2\/comments?post=11282"}],"version-history":[{"count":0,"href":"https:\/\/www.reseau-mesure.com\/de\/wp-json\/wp\/v2\/pages\/11282\/revisions"}],"wp:attachment":[{"href":"https:\/\/www.reseau-mesure.com\/de\/wp-json\/wp\/v2\/media?parent=11282"}],"curies":[{"name":"wp","href":"https:\/\/api.w.org\/{rel}","templated":true}]}}