{"id":11492,"date":"2020-11-04T09:35:19","date_gmt":"2020-11-04T08:35:19","guid":{"rendered":"https:\/\/www.reseau-mesure.com\/?page_id=11492"},"modified":"2020-11-06T09:19:14","modified_gmt":"2020-11-06T08:19:14","slug":"newsletter-20201112","status":"publish","type":"page","link":"https:\/\/www.reseau-mesure.com\/de\/newsletter-20201112\/","title":{"rendered":"Newsletter-20201112"},"content":{"rendered":"<img loading=\"lazy\" decoding=\"async\" src=\"https:\/\/www.reseau-mesure.com\/wp-content\/uploads\/2020\/07\/20ku.jpeg\" alt=\"20ku\" itemprop=\"image\" height=\"300\" width=\"970\" title=\"20ku\" onerror=\"this.style.display='none'\"  \/>\n<h1>\n\t\tExpress-Messnetzwerk\n\t<\/h1>\n<h2>\n\t\t12.11.2020\n\t<\/h2>\n<h2>\n\t\tNehmen Sie an Meetings teil, die organisiert wurden, um Ihren Cashflow zu konsolidieren\n\t<\/h2>\n\t<table border=\"0\" width=\"350\" cellspacing=\"0\" cellpadding=\"0\" align=\"left\">\n<tbody>\n<tr>\n<td><strong>Behalten Sie die Kontrolle, erhalten Sie den Cashflow und sparen Sie Zeit<\/strong><\/td>\n<\/tr>\n<tr>\n<td height=\"10\"><\/td>\n<\/tr>\n<tr>\n<td>\n<b>N\u00e4chste Videotreffen:<\/b>\n<ul>\n<li><b>Mittwoch, 18. November 2020 - 15:00 Uhr \/ 16:00 Uhr<\/b><\/li>\n<li><b>Dienstag, 24. November 2020 - 10:00 Uhr \/ 11:00 Uhr<\/b><\/li>\n<\/ul>\nIm Rahmen des Krisenmanagements im Zusammenhang mit COVID-19 bietet die Arbeitsgruppe \u201eFinanzierungsl\u00f6sungen\u201c zwei Sitzungen an, um den Aufbau einer Partnerschaft f\u00fcr L\u00f6sungen zu untersuchen:\n<ul>\n<li><strong>Informationen zur finanziellen Gesundheit Ihrer Kunden<\/strong><\/li>\n<li><strong>Kredit Versicherung<\/strong><\/li>\n<li><strong>Factoring<\/strong><\/li>\n<\/ul>\nDiese beiden Treffen werden es uns erm\u00f6glichen, die Angebote von COFACE und BPCE FACTOR am 18.11. Und von BNP Paribas Factor am 24.11. Zu verstehen.\n<\/td>\n<\/tr>\n<tr>\n<td height=\"10\"><\/td>\n<\/tr>\n<tr>\n<td valign=\"top\"><\/td>\n<\/tr>\n<\/tbody>\n<\/table>\n\t\t\t<a href=\"mailto:eduflot@reseau-mesure.com\" target=\"_blank\" role=\"button\" rel=\"noopener noreferrer\">\n\t\t\t\t\t\t\tIch bin interessiert)\n\t\t\t\t\t<\/a>\n\t\t\t\t<a href=\"https:\/\/www.reseau-mesure.com\/wp-content\/uploads\/2020\/09\/MDI_MK_ReseauMesure-2020-09-30.pdf\" target=\"_blank\" rel=\"noopener noreferrer\" itemprop=\"url\">\n\t\t\t\t<img loading=\"lazy\" decoding=\"async\" src=\"https:\/\/www.reseau-mesure.com\/wp-content\/uploads\/2020\/11\/2066-2-scaled.jpg\" alt=\"tresorerie\" itemprop=\"image\" height=\"1707\" width=\"2560\" title=\"Schatzkammer\" onerror=\"this.style.display='none'\"  \/>\n\t\t\t\t<\/a>\n<strong>Stellen Sie Ihre Fragen, finden Sie L\u00f6sungen<br \/>\neffizient und profitabel!<\/strong>\n<h2>\n\t\tTechnische Konferenzen f\u00fcr Besucher der Measures Solutions EXPO werden gestartet\n\t<\/h2>\n\t\t\t\t<img loading=\"lazy\" decoding=\"async\" src=\"https:\/\/www.reseau-mesure.com\/wp-content\/uploads\/2018\/04\/LOGO-MSE.jpg\" alt=\"Mesures Solutions Expo\" itemprop=\"image\" height=\"624\" width=\"1276\" title=\"MSE LOGO\" onerror=\"this.style.display='none'\"  \/>\n\t<p>&nbsp;<\/p>\n<p><b>Die Messe Mesures Solutions EXPO konnte nicht stattfinden, aber mehr als 1200 Besucher hatten sich vorregistriert.<\/b><\/p>\n<p>Bleiben wir mit ihnen in Kontakt!<\/p>\n<p>Das Messnetz bietet ihnen einen Zyklus von technischen Konferenzen an, die von Ausstellern und dem French College of Metrology geleitet werden.<\/p>\n\t\t\t<a href=\"https:\/\/www.reseau-mesure.com\/de\/mesures-solutions-expo-informations-visio-conferences\/\" target=\"_self\" role=\"button\" rel=\"noopener noreferrer\">\n\t\t\t\t\t\t\tFinde mehr heraus ...\n\t\t\t\t\t<\/a>\n<h2>\n\t\tGeben Sie Ihre Meinung zu den vom Measurement Network durchgef\u00fchrten &quot;Kaufaktionen&quot; ab\n\t<\/h2>\n\t<p>&nbsp;<\/p>\n<p><strong>Die Einkaufsgruppe bietet Ihnen viele Aktionen.<\/strong><\/p>\n<p>Das Pooling erm\u00f6glicht es, Partnerschaften in verschiedenen Bereichen aufzubauen und den Mitgliedern die M\u00f6glichkeit zu geben, von Vorzugspreisen zu profitieren, die dank der St\u00e4rke des Netzwerks und der gepoolten Eink\u00e4ufe aufgebaut wurden.<\/p>\n<p><strong>Gepoolte Eink\u00e4ufe sind eine wichtige Einsparungsquelle.<\/strong><\/p>\n<p>Alle Partner finden Sie unter folgendem Link: <a href=\"https:\/\/www.reseau-mesure.com\/de\/achats-mutualises\/\">https:\/\/www.reseau-mesure.com\/achats-mutualises\/<\/a><\/p>\n<p><strong>Die Einkaufsgruppe m\u00f6chte Ihren Standpunkt zu bestehenden Ma\u00dfnahmen und Ihre Erwartungen als Leitfaden f\u00fcr die Entwicklung von Ma\u00dfnahmen f\u00fcr 2021 kennen.<\/strong><\/p>\n\t\t\t<a href=\"https:\/\/webquest.fr\/?m=96584_votre-avis-sur-les-actions-du-groupe-achats\" target=\"_self\" role=\"button\" rel=\"noopener noreferrer\">\n\t\t\t\t\t\tIch beantworte den Fragebogen in 2 Minuten\n\t\t\t\t\t<\/a>\n\t\t\t\t<a href=\"mailto:eduflot@reseau-mesure.com\" target=\"_blank\" rel=\"noopener noreferrer\" itemprop=\"url\">\n\t\t\t\t<img loading=\"lazy\" decoding=\"async\" src=\"https:\/\/www.reseau-mesure.com\/wp-content\/uploads\/2018\/10\/AdobeStock_65933128.jpeg\" alt=\"Achats mutualis\u00e9s du R\u00e9seau Mesure\" itemprop=\"image\" height=\"3696\" width=\"5544\" title=\"Zusammengefasster Einkauf\" onerror=\"this.style.display='none'\"  \/>\n\t\t\t\t<\/a>\n\t\t\t<a href=\"https:\/\/www.reseau-mesure.com\/de\/evenements\/\" target=\"_self\" role=\"button\" rel=\"noopener noreferrer\">\n\t\t\t\t\t\t\tDie komplette Agenda des Messnetzes\n\t\t\t\t\t<\/a>\n\t\t\t\t<img loading=\"lazy\" decoding=\"async\" src=\"https:\/\/www.reseau-mesure.com\/wp-content\/uploads\/2020\/08\/Plan-de-travail-3niveau-300x199.png\" alt=\"Plan de travail 3niveau\" itemprop=\"image\" height=\"199\" width=\"300\" title=\"Arbeitsplatte der 3. Ebene\" onerror=\"this.style.display='none'\"  \/>\n\t\t\t\t<img loading=\"lazy\" decoding=\"async\" src=\"https:\/\/www.reseau-mesure.com\/wp-content\/uploads\/2020\/11\/CIFL_2020_30.png\" alt=\"CIFL\" itemprop=\"image\" height=\"2008\" width=\"3543\" title=\"CIFL_2020_30\" onerror=\"this.style.display='none'\"  \/>\n\t<h4><strong>CIFL bietet 2 neue HR-Workshops an:<\/strong><\/h4>\n<p><strong>Arbeitgeber, Arbeitnehmer, wie geht man mit Bel\u00e4stigungssituationen in einem Unternehmen um?<\/strong><\/p>\n<p><strong>Webinar 1: 17. November <\/strong><strong>14:00 \u2013 15:30 \u2013\u00a0<\/strong><strong>Die Konturen der Bel\u00e4stigung:<\/strong><\/p>\n<ul>\n<li>Definitionen: Was verstehen wir unter moralischer Bel\u00e4stigung, sexueller Bel\u00e4stigung, sexistischen Handlungen, sexuellen \u00dcbergriffen, sexueller Ausstellung, sexistischer Verachtung?<\/li>\n<li>T\u00e4ter und Opfer von Bel\u00e4stigung<\/li>\n<li>Einige statistische Daten<\/li>\n<li>Jurisprudential Illustrationen<\/li>\n<\/ul>\n<p><strong>Pr\u00e4vention des Bel\u00e4stigungsrisikos:<\/strong><\/p>\n<ul>\n<li>Die Verpflichtungen des Arbeitgebers in Bezug auf Risikobewertung und Pr\u00e4vention<\/li>\n<li>Pflichten der Mitarbeiter in Bezug auf die Sicherheit<\/li>\n<li>Interne Tools zur Verhinderung von Bel\u00e4stigung<\/li>\n<li>Die Akteure der Pr\u00e4vention: Manager, CSE, Referenten, Arbeitsarzt und Arbeitsmedizin, Arbeitsaufsichtsbeh\u00f6rde usw.<\/li>\n<\/ul>\n<p><em><strong><u><a href=\"http:\/\/eye.newscifl.com\/c?p=wATNAYnCxBBGBkI88HnQok_Ql3P7IXzQgtDKcMQQ0KfQgNDd0Lkm9dDdT9CP0KfQiX9r61rQ39kjaHR0cHM6Ly9mb3Jtcy5nbGUvdjJGdmN3bWtETGoyc2dHRTmkMTA0OcQQ0MfQ2nLzChYZSNCd0Jly0IvQiNDRfeqwZXllLm5ld3NjaWZsLmNvbcQUO-bQgNDM0K7Q0Dbp0L8dbmDQhDN40MNUPdDJ-Q\">Ich melde mich an<\/a><\/u><\/strong><\/em><\/p>\n<p><strong>Webinar 2: 24. November -\u00a0<\/strong><strong>14.00 - 15.30 Uhr<\/strong><\/p>\n<p><strong>Verwalten eines Berichts oder einer Beschwerde in Bezug auf eine Bel\u00e4stigungssituation:<\/strong><\/p>\n<ul>\n<li>Wie kann sich die Beschwerde manifestieren? Widerrufsrecht, Recht, die CSE zu alarmieren, ...<\/li>\n<li>Schutz von Opfern und Zeugen von Bel\u00e4stigung<\/li>\n<li>Die Verpflichtung zur Durchf\u00fchrung einer internen Untersuchung? Wie? &#039;Oder&#039; Was? Mit wem ? Ergebnis der Umfrage<\/li>\n<li>Die Hypothese der Mediation<\/li>\n<li>Die Verpflichtung, den Bel\u00e4stiger zu bestrafen<\/li>\n<li>Begleiten und unterst\u00fctzen Sie das Opfer<\/li>\n<\/ul>\n<p><strong>\u00a0Die mit einer Bel\u00e4stigungssituation verbundenen Risiken:<\/strong><\/p>\n<ul>\n<li>Rechtliche Schritte vor Arbeitsgerichten und \/ oder vor dem Strafgericht<\/li>\n<li>Die Beweislast<\/li>\n<li>Zivil- und strafrechtliche Sanktionen bei Bel\u00e4stigung<\/li>\n<\/ul>\n<p>\u2022 Andere Risiken: Berufskrankheit, Arbeitsunfall, unentschuldbares Verschulden, Ansehen usw.<\/p>\n<p>&nbsp;<\/p>","protected":false},"excerpt":{"rendered":"<p>R\u00e9seau Mesure Express 12.11.2020 Nehmen Sie an den Meetings teil, die organisiert wurden, um Ihren Cashflow zu konsolidieren. Behalten Sie die Kontrolle, bewahren Sie den Cashflow und sparen Sie Zeit. N\u00e4chste Videotreffen: Mittwoch, 18. November 2020 - 15:00 Uhr \/ 16:00 Uhr Dienstag, 24. November 2020 - 10:00 Uhr \/ 11:00 Uhr COVID-19 Krisenmanagement-Framework, die Gruppe von ...<\/p>","protected":false},"author":685,"featured_media":0,"parent":0,"menu_order":0,"comment_status":"closed","ping_status":"closed","template":"","meta":{"_acf_changed":false,"footnotes":""},"class_list":["post-11492","page","type-page","status-publish","hentry"],"acf":[],"yoast_head":"<!-- This site is optimized with the Yoast SEO plugin v27.5 - https:\/\/yoast.com\/product\/yoast-seo-wordpress\/ -->\n<title>Newsletter-20201112 - R\u00e9seau Mesure<\/title>\n<meta name=\"robots\" content=\"index, follow, max-snippet:-1, max-image-preview:large, max-video-preview:-1\" \/>\n<link rel=\"canonical\" href=\"https:\/\/www.reseau-mesure.com\/de\/newsletter-20201112\/\" \/>\n<meta property=\"og:locale\" content=\"de_DE\" \/>\n<meta property=\"og:type\" content=\"article\" \/>\n<meta property=\"og:title\" content=\"Newsletter-20201112 - R\u00e9seau Mesure\" \/>\n<meta property=\"og:description\" content=\"R\u00e9seau Mesure Express 12.11.2020 Participez aux r\u00e9unions organis\u00e9es pour vous aider \u00e0 consolider votre tr\u00e9sorerie Garder le contr\u00f4le, pr\u00e9server sa tr\u00e9sorerie et gagner du temps Prochaines r\u00e9unions visio : Mercredi 18 novembre 2020 &#8211; 15h00\/16h00 Mardi 24 novembre 2020 &#8211; 10h00\/11h00 Dans le cadre de la gestion de crise li\u00e9e au COVID-19, le groupe de&hellip;\" \/>\n<meta property=\"og:url\" content=\"https:\/\/www.reseau-mesure.com\/de\/newsletter-20201112\/\" \/>\n<meta property=\"og:site_name\" content=\"R\u00e9seau Mesure\" \/>\n<meta property=\"article:publisher\" content=\"https:\/\/www.facebook.com\/reseaumesure\/\" \/>\n<meta property=\"article:modified_time\" content=\"2020-11-06T08:19:14+00:00\" \/>\n<meta property=\"og:image\" content=\"https:\/\/www.reseau-mesure.com\/wp-content\/uploads\/2020\/07\/20ku.jpeg\" \/>\n<meta name=\"twitter:card\" content=\"summary_large_image\" \/>\n<meta name=\"twitter:site\" content=\"@ReseauMesure\" \/>\n<meta name=\"twitter:label1\" content=\"Gesch\u00e4tzte Lesezeit\" \/>\n\t<meta name=\"twitter:data1\" content=\"3\u00a0Minuten\" \/>\n<script type=\"application\/ld+json\" class=\"yoast-schema-graph\">{\"@context\":\"https:\\\/\\\/schema.org\",\"@graph\":[{\"@type\":\"WebPage\",\"@id\":\"https:\\\/\\\/www.reseau-mesure.com\\\/de\\\/newsletter-20201112\\\/\",\"url\":\"https:\\\/\\\/www.reseau-mesure.com\\\/de\\\/newsletter-20201112\\\/\",\"name\":\"Newsletter-20201112 - R\u00e9seau Mesure\",\"isPartOf\":{\"@id\":\"https:\\\/\\\/www.reseau-mesure.com\\\/#website\"},\"primaryImageOfPage\":{\"@id\":\"https:\\\/\\\/www.reseau-mesure.com\\\/de\\\/newsletter-20201112\\\/#primaryimage\"},\"image\":{\"@id\":\"https:\\\/\\\/www.reseau-mesure.com\\\/de\\\/newsletter-20201112\\\/#primaryimage\"},\"thumbnailUrl\":\"https:\\\/\\\/www.reseau-mesure.com\\\/wp-content\\\/uploads\\\/2020\\\/07\\\/20ku.jpeg\",\"datePublished\":\"2020-11-04T08:35:19+00:00\",\"dateModified\":\"2020-11-06T08:19:14+00:00\",\"breadcrumb\":{\"@id\":\"https:\\\/\\\/www.reseau-mesure.com\\\/de\\\/newsletter-20201112\\\/#breadcrumb\"},\"inLanguage\":\"de\",\"potentialAction\":[{\"@type\":\"ReadAction\",\"target\":[\"https:\\\/\\\/www.reseau-mesure.com\\\/de\\\/newsletter-20201112\\\/\"]}]},{\"@type\":\"ImageObject\",\"inLanguage\":\"de\",\"@id\":\"https:\\\/\\\/www.reseau-mesure.com\\\/de\\\/newsletter-20201112\\\/#primaryimage\",\"url\":\"https:\\\/\\\/www.reseau-mesure.com\\\/wp-content\\\/uploads\\\/2020\\\/07\\\/20ku.jpeg\",\"contentUrl\":\"https:\\\/\\\/www.reseau-mesure.com\\\/wp-content\\\/uploads\\\/2020\\\/07\\\/20ku.jpeg\"},{\"@type\":\"BreadcrumbList\",\"@id\":\"https:\\\/\\\/www.reseau-mesure.com\\\/de\\\/newsletter-20201112\\\/#breadcrumb\",\"itemListElement\":[{\"@type\":\"ListItem\",\"position\":1,\"name\":\"Accueil\",\"item\":\"https:\\\/\\\/www.reseau-mesure.com\\\/\"},{\"@type\":\"ListItem\",\"position\":2,\"name\":\"Newsletter-20201112\"}]},{\"@type\":\"WebSite\",\"@id\":\"https:\\\/\\\/www.reseau-mesure.com\\\/#website\",\"url\":\"https:\\\/\\\/www.reseau-mesure.com\\\/\",\"name\":\"R\u00e9seau-Mesure\",\"description\":\"R\u00e9seau Mesure\",\"publisher\":{\"@id\":\"https:\\\/\\\/www.reseau-mesure.com\\\/#organization\"},\"potentialAction\":[{\"@type\":\"SearchAction\",\"target\":{\"@type\":\"EntryPoint\",\"urlTemplate\":\"https:\\\/\\\/www.reseau-mesure.com\\\/?s={search_term_string}\"},\"query-input\":{\"@type\":\"PropertyValueSpecification\",\"valueRequired\":true,\"valueName\":\"search_term_string\"}}],\"inLanguage\":\"de\"},{\"@type\":\"Organization\",\"@id\":\"https:\\\/\\\/www.reseau-mesure.com\\\/#organization\",\"name\":\"R\u00e9seau-Mesure\",\"url\":\"https:\\\/\\\/www.reseau-mesure.com\\\/\",\"logo\":{\"@type\":\"ImageObject\",\"inLanguage\":\"de\",\"@id\":\"https:\\\/\\\/www.reseau-mesure.com\\\/#\\\/schema\\\/logo\\\/image\\\/\",\"url\":\"https:\\\/\\\/www.reseau-mesure.com\\\/wp-content\\\/uploads\\\/2018\\\/02\\\/logo-max.png\",\"contentUrl\":\"https:\\\/\\\/www.reseau-mesure.com\\\/wp-content\\\/uploads\\\/2018\\\/02\\\/logo-max.png\",\"width\":545,\"height\":285,\"caption\":\"R\u00e9seau-Mesure\"},\"image\":{\"@id\":\"https:\\\/\\\/www.reseau-mesure.com\\\/#\\\/schema\\\/logo\\\/image\\\/\"},\"sameAs\":[\"https:\\\/\\\/www.facebook.com\\\/reseaumesure\\\/\",\"https:\\\/\\\/x.com\\\/ReseauMesure\",\"https:\\\/\\\/www.linkedin.com\\\/company\\\/reseau-mesure\\\/\"]}]}<\/script>\n<!-- \/ Yoast SEO plugin. -->","yoast_head_json":{"title":"Newsletter-20201112 - R\u00e9seau Mesure","robots":{"index":"index","follow":"follow","max-snippet":"max-snippet:-1","max-image-preview":"max-image-preview:large","max-video-preview":"max-video-preview:-1"},"canonical":"https:\/\/www.reseau-mesure.com\/de\/newsletter-20201112\/","og_locale":"de_DE","og_type":"article","og_title":"Newsletter-20201112 - R\u00e9seau Mesure","og_description":"R\u00e9seau Mesure Express 12.11.2020 Participez aux r\u00e9unions organis\u00e9es pour vous aider \u00e0 consolider votre tr\u00e9sorerie Garder le contr\u00f4le, pr\u00e9server sa tr\u00e9sorerie et gagner du temps Prochaines r\u00e9unions visio : Mercredi 18 novembre 2020 &#8211; 15h00\/16h00 Mardi 24 novembre 2020 &#8211; 10h00\/11h00 Dans le cadre de la gestion de crise li\u00e9e au COVID-19, le groupe de&hellip;","og_url":"https:\/\/www.reseau-mesure.com\/de\/newsletter-20201112\/","og_site_name":"R\u00e9seau Mesure","article_publisher":"https:\/\/www.facebook.com\/reseaumesure\/","article_modified_time":"2020-11-06T08:19:14+00:00","og_image":[{"url":"https:\/\/www.reseau-mesure.com\/wp-content\/uploads\/2020\/07\/20ku.jpeg","type":"","width":"","height":""}],"twitter_card":"summary_large_image","twitter_site":"@ReseauMesure","twitter_misc":{"Gesch\u00e4tzte Lesezeit":"3\u00a0Minuten"},"schema":{"@context":"https:\/\/schema.org","@graph":[{"@type":"WebPage","@id":"https:\/\/www.reseau-mesure.com\/de\/newsletter-20201112\/","url":"https:\/\/www.reseau-mesure.com\/de\/newsletter-20201112\/","name":"Newsletter-20201112 - R\u00e9seau Mesure","isPartOf":{"@id":"https:\/\/www.reseau-mesure.com\/#website"},"primaryImageOfPage":{"@id":"https:\/\/www.reseau-mesure.com\/de\/newsletter-20201112\/#primaryimage"},"image":{"@id":"https:\/\/www.reseau-mesure.com\/de\/newsletter-20201112\/#primaryimage"},"thumbnailUrl":"https:\/\/www.reseau-mesure.com\/wp-content\/uploads\/2020\/07\/20ku.jpeg","datePublished":"2020-11-04T08:35:19+00:00","dateModified":"2020-11-06T08:19:14+00:00","breadcrumb":{"@id":"https:\/\/www.reseau-mesure.com\/de\/newsletter-20201112\/#breadcrumb"},"inLanguage":"de","potentialAction":[{"@type":"ReadAction","target":["https:\/\/www.reseau-mesure.com\/de\/newsletter-20201112\/"]}]},{"@type":"ImageObject","inLanguage":"de","@id":"https:\/\/www.reseau-mesure.com\/de\/newsletter-20201112\/#primaryimage","url":"https:\/\/www.reseau-mesure.com\/wp-content\/uploads\/2020\/07\/20ku.jpeg","contentUrl":"https:\/\/www.reseau-mesure.com\/wp-content\/uploads\/2020\/07\/20ku.jpeg"},{"@type":"BreadcrumbList","@id":"https:\/\/www.reseau-mesure.com\/de\/newsletter-20201112\/#breadcrumb","itemListElement":[{"@type":"ListItem","position":1,"name":"Accueil","item":"https:\/\/www.reseau-mesure.com\/"},{"@type":"ListItem","position":2,"name":"Newsletter-20201112"}]},{"@type":"WebSite","@id":"https:\/\/www.reseau-mesure.com\/#website","url":"https:\/\/www.reseau-mesure.com\/","name":"Netzwerk-Messung","description":"Netzwerkma\u00dfnahme","publisher":{"@id":"https:\/\/www.reseau-mesure.com\/#organization"},"potentialAction":[{"@type":"SearchAction","target":{"@type":"EntryPoint","urlTemplate":"https:\/\/www.reseau-mesure.com\/?s={search_term_string}"},"query-input":{"@type":"PropertyValueSpecification","valueRequired":true,"valueName":"search_term_string"}}],"inLanguage":"de"},{"@type":"Organization","@id":"https:\/\/www.reseau-mesure.com\/#organization","name":"Netzwerk-Messung","url":"https:\/\/www.reseau-mesure.com\/","logo":{"@type":"ImageObject","inLanguage":"de","@id":"https:\/\/www.reseau-mesure.com\/#\/schema\/logo\/image\/","url":"https:\/\/www.reseau-mesure.com\/wp-content\/uploads\/2018\/02\/logo-max.png","contentUrl":"https:\/\/www.reseau-mesure.com\/wp-content\/uploads\/2018\/02\/logo-max.png","width":545,"height":285,"caption":"R\u00e9seau-Mesure"},"image":{"@id":"https:\/\/www.reseau-mesure.com\/#\/schema\/logo\/image\/"},"sameAs":["https:\/\/www.facebook.com\/reseaumesure\/","https:\/\/x.com\/ReseauMesure","https:\/\/www.linkedin.com\/company\/reseau-mesure\/"]}]}},"_links":{"self":[{"href":"https:\/\/www.reseau-mesure.com\/de\/wp-json\/wp\/v2\/pages\/11492","targetHints":{"allow":["GET"]}}],"collection":[{"href":"https:\/\/www.reseau-mesure.com\/de\/wp-json\/wp\/v2\/pages"}],"about":[{"href":"https:\/\/www.reseau-mesure.com\/de\/wp-json\/wp\/v2\/types\/page"}],"author":[{"embeddable":true,"href":"https:\/\/www.reseau-mesure.com\/de\/wp-json\/wp\/v2\/users\/685"}],"replies":[{"embeddable":true,"href":"https:\/\/www.reseau-mesure.com\/de\/wp-json\/wp\/v2\/comments?post=11492"}],"version-history":[{"count":0,"href":"https:\/\/www.reseau-mesure.com\/de\/wp-json\/wp\/v2\/pages\/11492\/revisions"}],"wp:attachment":[{"href":"https:\/\/www.reseau-mesure.com\/de\/wp-json\/wp\/v2\/media?parent=11492"}],"curies":[{"name":"wp","href":"https:\/\/api.w.org\/{rel}","templated":true}]}}