{"id":11634,"date":"2020-11-26T16:30:20","date_gmt":"2020-11-26T15:30:20","guid":{"rendered":"https:\/\/www.reseau-mesure.com\/?page_id=11634"},"modified":"2021-04-01T17:17:07","modified_gmt":"2021-04-01T15:17:07","slug":"les-rediffusions-des-visio-conferences-des-rdv-de-9h30-de-la-mesure","status":"publish","type":"page","link":"https:\/\/www.reseau-mesure.com\/de\/les-rediffusions-des-visio-conferences-des-rdv-de-9h30-de-la-mesure\/","title":{"rendered":"Wiederholungen von Videokonferenzen des RDV de la Mesure um 9:30 Uhr"},"content":{"rendered":"<img loading=\"lazy\" decoding=\"async\" src=\"https:\/\/www.reseau-mesure.com\/wp-content\/uploads\/2020\/11\/Logo-2-pour-email-300x157.jpg\" alt=\"logo mse rdv de 9h30 - visios\" itemprop=\"image\" height=\"157\" width=\"300\" title=\"Logo 2 f\u00fcr E-Mail\" onerror=\"this.style.display='none'\"  \/>\n\t<p><strong>Laden Sie die technischen Pr\u00e4sentationen herunter oder sehen Sie sich die Konferenzen in Wiederholung an<\/strong> <\/p>\n<p>von <em>&quot;Treffen um 9:30 Uhr&quot;<\/em> von <strong>Ma\u00dfnahmen L\u00f6sungen<\/strong> MESSE.<\/p>\n\t<p>17. November 2020<\/p>\n\n\t\n\t<p>20. November 2020<\/p>\n\n\t\n\t<p>24. November 2020<\/p>\n\n\t\n\t<p>26. November 2020<\/p>\n\n\t\n\t<iframe loading=\"lazy\" title=\"Termin 9:30 Uhr BEAMEX\" width=\"500\" height=\"281\" src=\"https:\/\/www.youtube.com\/embed\/uQWDHHWv0Ho?feature=oembed\" frameborder=\"0\" allow=\"accelerometer; autoplay; clipboard-write; encrypted-media; gyroscope; picture-in-picture\" allowfullscreen><\/iframe>\n\t\t\t\t<a href=\"https:\/\/www.reseau-mesure.com\/wp-content\/uploads\/2020\/11\/EE-20-11-2020-1.pdf\" target=\"_blank\" rel=\"noopener\" itemprop=\"url\">\n\t\t\t\t<img loading=\"lazy\" decoding=\"async\" src=\"https:\/\/www.reseau-mesure.com\/wp-content\/uploads\/2020\/12\/EE-20-11-2020_Page_01.jpg\" alt=\"presentation visio E+E\" itemprop=\"image\" height=\"1080\" width=\"1920\" title=\"E + E - 20-11-2020_Page_01\" onerror=\"this.style.display='none'\"  \/>\n\t\t\t\t<\/a>\n\t<iframe loading=\"lazy\" title=\"Visio-Konferenz &quot;Die Termine um 9:30 Uhr&quot; - TH-Industry - Measurement wird verbunden.\" width=\"500\" height=\"281\" src=\"https:\/\/www.youtube.com\/embed\/BIL7FOL_sYI?feature=oembed\" frameborder=\"0\" allow=\"accelerometer; autoplay; clipboard-write; encrypted-media; gyroscope; picture-in-picture\" allowfullscreen><\/iframe>\n\t<p>&nbsp;<\/p>\n\n\n\n\t<p>1. Dezember 2020<\/p>\n\n\t<p>3. Dezember 2020<\/p>\n\n\t<p>8. Dezember 2020<\/p>\n\n\t<p>11. Dezember 2020<\/p>\n\n\t\n\t\n\t\n\t\n\t\n\n\n\t<iframe loading=\"lazy\" title=\"Das Interesse kombinierter QbD- und PAT-Ans\u00e4tze zur Optimierung und Steuerung Ihrer Fertigungsprozesse.\" width=\"500\" height=\"281\" src=\"https:\/\/www.youtube.com\/embed\/jMDhBJziwPw?feature=oembed\" frameborder=\"0\" allow=\"accelerometer; autoplay; clipboard-write; encrypted-media; gyroscope; picture-in-picture\" allowfullscreen><\/iframe>\n\t<iframe loading=\"lazy\" title=\"Visio-Konferenz: Die &quot;9:30 Uhr RDV&quot; - WIKA\" width=\"500\" height=\"281\" src=\"https:\/\/www.youtube.com\/embed\/krg1MBi7tc0?feature=oembed\" frameborder=\"0\" allow=\"accelerometer; autoplay; clipboard-write; encrypted-media; gyroscope; picture-in-picture\" allowfullscreen><\/iframe>\n\t<iframe loading=\"lazy\" title=\"Mitutoyo - Automatische Programmierung aus einer CAD-Definition.\" width=\"500\" height=\"375\" src=\"https:\/\/www.youtube.com\/embed\/dDeMDZ_HmDg?feature=oembed\" frameborder=\"0\" allow=\"accelerometer; autoplay; clipboard-write; encrypted-media; gyroscope; picture-in-picture\" allowfullscreen><\/iframe>\n\t<p>8. Januar 2021<\/p>\n\n\t\n\t\n\n\t<p>12. Januar 2021<\/p>\n\n\t\n\t\n\n\t<p>21. Januar 2021<\/p>\n\n\t\n\t\n\n\t<p>22. Januar 2021<\/p>\n\n\t\n\t\n\n\t<p>26. Januar 2021<\/p>\n\n\t<strong>Virtuelle Tour durch LNE:<br \/>\n<\/strong><strong> Elektrische Messtechnik.<\/strong>\n\t<p>Pr\u00e4sentation ist verf\u00fcgbar<strong> in der Wiederholung,<\/strong> es bekommen<\/p>\n<p>Kontakt <a href=\"mailto:cedric.jornod@lne.fr\" target=\"_blank\" rel=\"noopener\">die LNE<\/a>.<\/p>\n\t<p>28. Januar 2021<\/p>\n\n\t\n\t<p>Pr\u00e4sentation ist verf\u00fcgbar<strong> in der Wiederholung,<\/strong> es bekommen<\/p>\n<p>Kontakt <a href=\"mailto:webinar@oros.com\">OROS<\/a>.<\/p>\n\t<p>2. Februar 2021<\/p>\n\n\t\n\t\n\t<p>5. Februar 2021<\/p>\n\n\t\n\t\n\t<iframe loading=\"lazy\" title=\"Messung der optischen Faser (Temperatur, Verformung und Vibration).\" width=\"500\" height=\"281\" src=\"https:\/\/www.youtube.com\/embed\/5w9KwuZq96Y?feature=oembed\" frameborder=\"0\" allow=\"accelerometer; autoplay; clipboard-write; encrypted-media; gyroscope; picture-in-picture\" allowfullscreen><\/iframe>\n\t<p>9. Februar 2021<\/p>\n\n\t\n\t<iframe loading=\"lazy\" title=\"Replay RDV 9:30 Uhr - Ber\u00fchrungslose Messung im kontinuierlichen industriellen Prozess\" width=\"500\" height=\"281\" src=\"https:\/\/www.youtube.com\/embed\/r6XohwpO7Vw?feature=oembed\" frameborder=\"0\" allow=\"accelerometer; autoplay; clipboard-write; encrypted-media; gyroscope; picture-in-picture\" allowfullscreen><\/iframe>\n\t<p>4. und 25. Februar 2021<\/p>\n\n\t\n\n\t<p>&nbsp;<\/p>\n\n\n\n\t<p>26. Februar 2021<\/p>\n\n\t\n\t<p>Pr\u00e4sentation ist verf\u00fcgbar<strong> in der Wiederholung,<\/strong> es bekommen<\/p>\n<p>Wenden Sie sich an OPTEL TEXYS.<\/p>\n\t<p>4. M\u00e4rz 2021<\/p>\n\n\t\n\t\n\n\t<p>12. M\u00e4rz 2021<\/p>\n\n\t\n\t\n\t<p>17. M\u00e4rz 2021<\/p>\n\n\t\n\t\n\t<p>18. M\u00e4rz 2021<\/p>\n\n\t\n\t\n\t<p>23. M\u00e4rz 2021<\/p>\n\n\t\n\t\n\t<p>25. M\u00e4rz 2021<\/p>\n\n\t\n\t<p>26. M\u00e4rz 2021<\/p>\n\n\t\n\t\n\t<p>6. April 2021<\/p>\n\n\t\n\t<p>7. Mai 2021<\/p>","protected":false},"excerpt":{"rendered":"<p>Laden Sie die Fachvortr\u00e4ge herunter oder sehen Sie sich die Konferenzen des \u201e9:30 Uhr RDV\u201c der Measures Solutions EXPO als Wiederholung an. 17.11.2020 20.11.2020 24.11.2020 26.11.2020 1. Dez. 2020 3. Dez. 8. Dezember 2020 2020 11. Dez. 2020 08.01.2021 12.01.2021 21.01.2021 22.01.2021\u2026<\/p>","protected":false},"author":349,"featured_media":0,"parent":0,"menu_order":0,"comment_status":"closed","ping_status":"closed","template":"","meta":{"_acf_changed":false,"footnotes":""},"class_list":["post-11634","page","type-page","status-publish","hentry"],"acf":[],"yoast_head":"<!-- This site is optimized with the Yoast SEO plugin v27.3 - https:\/\/yoast.com\/product\/yoast-seo-wordpress\/ -->\n<title>Les Rediffusions des visio-conf\u00e9rences des RDV de 9h30 de la Mesure - R\u00e9seau Mesure<\/title>\n<meta name=\"robots\" content=\"index, follow, max-snippet:-1, max-image-preview:large, max-video-preview:-1\" \/>\n<link rel=\"canonical\" href=\"https:\/\/www.reseau-mesure.com\/de\/les-rediffusions-des-visio-conferences-des-rdv-de-9h30-de-la-mesure\/\" \/>\n<meta property=\"og:locale\" content=\"de_DE\" \/>\n<meta property=\"og:type\" content=\"article\" \/>\n<meta property=\"og:title\" content=\"Les Rediffusions des visio-conf\u00e9rences des RDV de 9h30 de la Mesure - R\u00e9seau Mesure\" \/>\n<meta property=\"og:description\" content=\"T\u00e9l\u00e9chargez les pr\u00e9sentations techniques ou regardez en replay les conf\u00e9rences des \u00ab\u00a0RDV de 9h30\u00a0\u00bb de Mesures Solutions EXPO. 17 nov. 2020 20 nov. 2020 24 nov. 2020 26 nov. 2020 &nbsp; 1er d\u00e9c. 2020 3 d\u00e9c. 2020 8 d\u00e9c. 2020 11 d\u00e9c. 2020 8 janv. 2021 12 janv. 2021 21 janv. 2021 22 janv. 2021&hellip;\" \/>\n<meta property=\"og:url\" content=\"https:\/\/www.reseau-mesure.com\/de\/les-rediffusions-des-visio-conferences-des-rdv-de-9h30-de-la-mesure\/\" \/>\n<meta property=\"og:site_name\" content=\"R\u00e9seau Mesure\" \/>\n<meta property=\"article:publisher\" content=\"https:\/\/www.facebook.com\/reseaumesure\/\" \/>\n<meta property=\"article:modified_time\" content=\"2021-04-01T15:17:07+00:00\" \/>\n<meta property=\"og:image\" content=\"https:\/\/www.reseau-mesure.com\/wp-content\/uploads\/2020\/11\/Logo-2-pour-email-300x157.jpg\" \/>\n<meta name=\"twitter:card\" content=\"summary_large_image\" \/>\n<meta name=\"twitter:site\" content=\"@ReseauMesure\" \/>\n<meta name=\"twitter:label1\" content=\"Gesch\u00e4tzte Lesezeit\" \/>\n\t<meta name=\"twitter:data1\" content=\"1\u00a0Minute\" \/>\n<script type=\"application\/ld+json\" class=\"yoast-schema-graph\">{\"@context\":\"https:\\\/\\\/schema.org\",\"@graph\":[{\"@type\":\"WebPage\",\"@id\":\"https:\\\/\\\/www.reseau-mesure.com\\\/en\\\/les-rediffusions-des-visio-conferences-des-rdv-de-9h30-de-la-mesure\\\/\",\"url\":\"https:\\\/\\\/www.reseau-mesure.com\\\/en\\\/les-rediffusions-des-visio-conferences-des-rdv-de-9h30-de-la-mesure\\\/\",\"name\":\"Les Rediffusions des visio-conf\u00e9rences des RDV de 9h30 de la Mesure - R\u00e9seau Mesure\",\"isPartOf\":{\"@id\":\"https:\\\/\\\/www.reseau-mesure.com\\\/#website\"},\"primaryImageOfPage\":{\"@id\":\"https:\\\/\\\/www.reseau-mesure.com\\\/en\\\/les-rediffusions-des-visio-conferences-des-rdv-de-9h30-de-la-mesure\\\/#primaryimage\"},\"image\":{\"@id\":\"https:\\\/\\\/www.reseau-mesure.com\\\/en\\\/les-rediffusions-des-visio-conferences-des-rdv-de-9h30-de-la-mesure\\\/#primaryimage\"},\"thumbnailUrl\":\"https:\\\/\\\/www.reseau-mesure.com\\\/wp-content\\\/uploads\\\/2020\\\/11\\\/Logo-2-pour-email-300x157.jpg\",\"datePublished\":\"2020-11-26T15:30:20+00:00\",\"dateModified\":\"2021-04-01T15:17:07+00:00\",\"breadcrumb\":{\"@id\":\"https:\\\/\\\/www.reseau-mesure.com\\\/en\\\/les-rediffusions-des-visio-conferences-des-rdv-de-9h30-de-la-mesure\\\/#breadcrumb\"},\"inLanguage\":\"de\",\"potentialAction\":[{\"@type\":\"ReadAction\",\"target\":[\"https:\\\/\\\/www.reseau-mesure.com\\\/en\\\/les-rediffusions-des-visio-conferences-des-rdv-de-9h30-de-la-mesure\\\/\"]}]},{\"@type\":\"ImageObject\",\"inLanguage\":\"de\",\"@id\":\"https:\\\/\\\/www.reseau-mesure.com\\\/en\\\/les-rediffusions-des-visio-conferences-des-rdv-de-9h30-de-la-mesure\\\/#primaryimage\",\"url\":\"https:\\\/\\\/www.reseau-mesure.com\\\/wp-content\\\/uploads\\\/2020\\\/11\\\/Logo-2-pour-email-300x157.jpg\",\"contentUrl\":\"https:\\\/\\\/www.reseau-mesure.com\\\/wp-content\\\/uploads\\\/2020\\\/11\\\/Logo-2-pour-email-300x157.jpg\"},{\"@type\":\"BreadcrumbList\",\"@id\":\"https:\\\/\\\/www.reseau-mesure.com\\\/en\\\/les-rediffusions-des-visio-conferences-des-rdv-de-9h30-de-la-mesure\\\/#breadcrumb\",\"itemListElement\":[{\"@type\":\"ListItem\",\"position\":1,\"name\":\"Accueil\",\"item\":\"https:\\\/\\\/www.reseau-mesure.com\\\/\"},{\"@type\":\"ListItem\",\"position\":2,\"name\":\"Les Rediffusions des visio-conf\u00e9rences des RDV de 9h30 de la Mesure\"}]},{\"@type\":\"WebSite\",\"@id\":\"https:\\\/\\\/www.reseau-mesure.com\\\/#website\",\"url\":\"https:\\\/\\\/www.reseau-mesure.com\\\/\",\"name\":\"R\u00e9seau-Mesure\",\"description\":\"R\u00e9seau Mesure\",\"publisher\":{\"@id\":\"https:\\\/\\\/www.reseau-mesure.com\\\/#organization\"},\"potentialAction\":[{\"@type\":\"SearchAction\",\"target\":{\"@type\":\"EntryPoint\",\"urlTemplate\":\"https:\\\/\\\/www.reseau-mesure.com\\\/?s={search_term_string}\"},\"query-input\":{\"@type\":\"PropertyValueSpecification\",\"valueRequired\":true,\"valueName\":\"search_term_string\"}}],\"inLanguage\":\"de\"},{\"@type\":\"Organization\",\"@id\":\"https:\\\/\\\/www.reseau-mesure.com\\\/#organization\",\"name\":\"R\u00e9seau-Mesure\",\"url\":\"https:\\\/\\\/www.reseau-mesure.com\\\/\",\"logo\":{\"@type\":\"ImageObject\",\"inLanguage\":\"de\",\"@id\":\"https:\\\/\\\/www.reseau-mesure.com\\\/#\\\/schema\\\/logo\\\/image\\\/\",\"url\":\"https:\\\/\\\/www.reseau-mesure.com\\\/wp-content\\\/uploads\\\/2018\\\/02\\\/logo-max.png\",\"contentUrl\":\"https:\\\/\\\/www.reseau-mesure.com\\\/wp-content\\\/uploads\\\/2018\\\/02\\\/logo-max.png\",\"width\":545,\"height\":285,\"caption\":\"R\u00e9seau-Mesure\"},\"image\":{\"@id\":\"https:\\\/\\\/www.reseau-mesure.com\\\/#\\\/schema\\\/logo\\\/image\\\/\"},\"sameAs\":[\"https:\\\/\\\/www.facebook.com\\\/reseaumesure\\\/\",\"https:\\\/\\\/x.com\\\/ReseauMesure\",\"https:\\\/\\\/www.linkedin.com\\\/company\\\/reseau-mesure\\\/\"]}]}<\/script>\n<!-- \/ Yoast SEO plugin. -->","yoast_head_json":{"title":"Les Rediffusions des visio-conf\u00e9rences des RDV de 9h30 de la Mesure - R\u00e9seau Mesure","robots":{"index":"index","follow":"follow","max-snippet":"max-snippet:-1","max-image-preview":"max-image-preview:large","max-video-preview":"max-video-preview:-1"},"canonical":"https:\/\/www.reseau-mesure.com\/de\/les-rediffusions-des-visio-conferences-des-rdv-de-9h30-de-la-mesure\/","og_locale":"de_DE","og_type":"article","og_title":"Les Rediffusions des visio-conf\u00e9rences des RDV de 9h30 de la Mesure - R\u00e9seau Mesure","og_description":"T\u00e9l\u00e9chargez les pr\u00e9sentations techniques ou regardez en replay les conf\u00e9rences des \u00ab\u00a0RDV de 9h30\u00a0\u00bb de Mesures Solutions EXPO. 17 nov. 2020 20 nov. 2020 24 nov. 2020 26 nov. 2020 &nbsp; 1er d\u00e9c. 2020 3 d\u00e9c. 2020 8 d\u00e9c. 2020 11 d\u00e9c. 2020 8 janv. 2021 12 janv. 2021 21 janv. 2021 22 janv. 2021&hellip;","og_url":"https:\/\/www.reseau-mesure.com\/de\/les-rediffusions-des-visio-conferences-des-rdv-de-9h30-de-la-mesure\/","og_site_name":"R\u00e9seau Mesure","article_publisher":"https:\/\/www.facebook.com\/reseaumesure\/","article_modified_time":"2021-04-01T15:17:07+00:00","og_image":[{"url":"https:\/\/www.reseau-mesure.com\/wp-content\/uploads\/2020\/11\/Logo-2-pour-email-300x157.jpg","type":"","width":"","height":""}],"twitter_card":"summary_large_image","twitter_site":"@ReseauMesure","twitter_misc":{"Gesch\u00e4tzte Lesezeit":"1\u00a0Minute"},"schema":{"@context":"https:\/\/schema.org","@graph":[{"@type":"WebPage","@id":"https:\/\/www.reseau-mesure.com\/en\/les-rediffusions-des-visio-conferences-des-rdv-de-9h30-de-la-mesure\/","url":"https:\/\/www.reseau-mesure.com\/en\/les-rediffusions-des-visio-conferences-des-rdv-de-9h30-de-la-mesure\/","name":"Les Rediffusions des visio-conf\u00e9rences des RDV de 9h30 de la Mesure - R\u00e9seau Mesure","isPartOf":{"@id":"https:\/\/www.reseau-mesure.com\/#website"},"primaryImageOfPage":{"@id":"https:\/\/www.reseau-mesure.com\/en\/les-rediffusions-des-visio-conferences-des-rdv-de-9h30-de-la-mesure\/#primaryimage"},"image":{"@id":"https:\/\/www.reseau-mesure.com\/en\/les-rediffusions-des-visio-conferences-des-rdv-de-9h30-de-la-mesure\/#primaryimage"},"thumbnailUrl":"https:\/\/www.reseau-mesure.com\/wp-content\/uploads\/2020\/11\/Logo-2-pour-email-300x157.jpg","datePublished":"2020-11-26T15:30:20+00:00","dateModified":"2021-04-01T15:17:07+00:00","breadcrumb":{"@id":"https:\/\/www.reseau-mesure.com\/en\/les-rediffusions-des-visio-conferences-des-rdv-de-9h30-de-la-mesure\/#breadcrumb"},"inLanguage":"de","potentialAction":[{"@type":"ReadAction","target":["https:\/\/www.reseau-mesure.com\/en\/les-rediffusions-des-visio-conferences-des-rdv-de-9h30-de-la-mesure\/"]}]},{"@type":"ImageObject","inLanguage":"de","@id":"https:\/\/www.reseau-mesure.com\/en\/les-rediffusions-des-visio-conferences-des-rdv-de-9h30-de-la-mesure\/#primaryimage","url":"https:\/\/www.reseau-mesure.com\/wp-content\/uploads\/2020\/11\/Logo-2-pour-email-300x157.jpg","contentUrl":"https:\/\/www.reseau-mesure.com\/wp-content\/uploads\/2020\/11\/Logo-2-pour-email-300x157.jpg"},{"@type":"BreadcrumbList","@id":"https:\/\/www.reseau-mesure.com\/en\/les-rediffusions-des-visio-conferences-des-rdv-de-9h30-de-la-mesure\/#breadcrumb","itemListElement":[{"@type":"ListItem","position":1,"name":"Accueil","item":"https:\/\/www.reseau-mesure.com\/"},{"@type":"ListItem","position":2,"name":"Les Rediffusions des visio-conf\u00e9rences des RDV de 9h30 de la Mesure"}]},{"@type":"WebSite","@id":"https:\/\/www.reseau-mesure.com\/#website","url":"https:\/\/www.reseau-mesure.com\/","name":"Netzwerk-Messung","description":"Netzwerkma\u00dfnahme","publisher":{"@id":"https:\/\/www.reseau-mesure.com\/#organization"},"potentialAction":[{"@type":"SearchAction","target":{"@type":"EntryPoint","urlTemplate":"https:\/\/www.reseau-mesure.com\/?s={search_term_string}"},"query-input":{"@type":"PropertyValueSpecification","valueRequired":true,"valueName":"search_term_string"}}],"inLanguage":"de"},{"@type":"Organization","@id":"https:\/\/www.reseau-mesure.com\/#organization","name":"Netzwerk-Messung","url":"https:\/\/www.reseau-mesure.com\/","logo":{"@type":"ImageObject","inLanguage":"de","@id":"https:\/\/www.reseau-mesure.com\/#\/schema\/logo\/image\/","url":"https:\/\/www.reseau-mesure.com\/wp-content\/uploads\/2018\/02\/logo-max.png","contentUrl":"https:\/\/www.reseau-mesure.com\/wp-content\/uploads\/2018\/02\/logo-max.png","width":545,"height":285,"caption":"R\u00e9seau-Mesure"},"image":{"@id":"https:\/\/www.reseau-mesure.com\/#\/schema\/logo\/image\/"},"sameAs":["https:\/\/www.facebook.com\/reseaumesure\/","https:\/\/x.com\/ReseauMesure","https:\/\/www.linkedin.com\/company\/reseau-mesure\/"]}]}},"_links":{"self":[{"href":"https:\/\/www.reseau-mesure.com\/de\/wp-json\/wp\/v2\/pages\/11634","targetHints":{"allow":["GET"]}}],"collection":[{"href":"https:\/\/www.reseau-mesure.com\/de\/wp-json\/wp\/v2\/pages"}],"about":[{"href":"https:\/\/www.reseau-mesure.com\/de\/wp-json\/wp\/v2\/types\/page"}],"author":[{"embeddable":true,"href":"https:\/\/www.reseau-mesure.com\/de\/wp-json\/wp\/v2\/users\/349"}],"replies":[{"embeddable":true,"href":"https:\/\/www.reseau-mesure.com\/de\/wp-json\/wp\/v2\/comments?post=11634"}],"version-history":[{"count":0,"href":"https:\/\/www.reseau-mesure.com\/de\/wp-json\/wp\/v2\/pages\/11634\/revisions"}],"wp:attachment":[{"href":"https:\/\/www.reseau-mesure.com\/de\/wp-json\/wp\/v2\/media?parent=11634"}],"curies":[{"name":"wp","href":"https:\/\/api.w.org\/{rel}","templated":true}]}}