{"id":11831,"date":"2020-12-10T11:32:31","date_gmt":"2020-12-10T10:32:31","guid":{"rendered":"https:\/\/www.reseau-mesure.com\/?page_id=11831"},"modified":"2020-12-11T08:29:01","modified_gmt":"2020-12-11T07:29:01","slug":"newsletter-20201210","status":"publish","type":"page","link":"https:\/\/www.reseau-mesure.com\/de\/newsletter-20201210\/","title":{"rendered":"Newsletter-20201210"},"content":{"rendered":"<img loading=\"lazy\" decoding=\"async\" src=\"https:\/\/www.reseau-mesure.com\/wp-content\/uploads\/2020\/07\/20ku.jpeg\" alt=\"20ku\" itemprop=\"image\" height=\"300\" width=\"970\" title=\"20ku\" onerror=\"this.style.display='none'\"  \/>\n<h1>\n\t\tExpress-Messnetzwerk\n\t<\/h1>\n<h2>\n\t\t10.12.2020\n\t<\/h2>\n<h2>\n\t\t<a href=\"https:\/\/www.reseau-mesure.com\/de\/livre-les-savoir-faire-du-reseau-mesure-volume-1\/\" title=\"Entdecken Sie den ersten Band &quot;Das Know-how des Messnetzwerks&quot;\" target=\"_self\" rel=\"noopener noreferrer\">\n\t\tD\u00e9couvrez le premier volume \u00ab\u00a0Les savoir faire du R\u00e9seau Mesure \u00a0\u00bb\n\t\t<\/a>\n\t<\/h2>\n\t<h3>La premi\u00e8re \u00e9dition des \u00ab\u00a0S<strong>avoir-faire du R\u00e9seau Mesure\u00a0\u00bb vient de sortir !<\/strong><\/h3>\n<h3><\/h3>\n<h3>Es wird bearbeitet und weit verbreitet, damit Mitglieder, die diese technische Publikation verfasst haben, Sales Leads generieren k\u00f6nnen.<\/h3>\n<p>&nbsp;<\/p>\nDieses Buch richtet sich an alle, die an technischen Prozessen beteiligt sind.<br \/>\nvom Ingenieur zum Techniker, von der Qualit\u00e4t zum Prozess, einschlie\u00dflich<br \/>\npar le contr\u00f4le et la maintenance.\n\u2022 Quelle mesure pour quel objectif, \u00e0 quel co\u00fbt ?<br \/>\n\u2022 Wie und warum werden die Daten verarbeitet?<br \/>\n\u2022 Welche Auswirkungen auf Produktionssysteme?<br \/>\n\u2022 Messung und Wartung?\n<p>&nbsp;<\/p>\n\n<ul>\n<li>S&rsquo;appuyer sur la force d&rsquo;un R\u00e9seau et de comp\u00e9tences techniques.<\/li>\n<li>Zentralisierung der von Mitgliedern des Messnetzwerks kontrollierten Bereiche.<\/li>\n<li>Erstellung eines technischen Dokuments und einer neuen Kommunikationsm\u00f6glichkeit f\u00fcr Mitglieder und f\u00fcr das Messnetzwerk.<\/li>\n<li>Anfragen generieren.<\/li>\n<li>Um die Kosten f\u00fcr das Schreiben eines Whitepapers zu reduzieren.<\/li>\n<\/ul>\n<p>&nbsp;<\/p>\n\t\t\t<a href=\"https:\/\/www.reseau-mesure.com\/de\/protocole-reseau-mesure-livre-blanc\/\" target=\"_blank\" role=\"button\" rel=\"noopener noreferrer\">\n\t\t\t\t\t\t\tIch bin interessiert)\n\t\t\t\t\t<\/a>\n\t\t\t\t<a href=\"https:\/\/www.reseau-mesure.com\/de\/livre-les-savoir-faire-du-reseau-mesure-volume-1\/\" target=\"_blank\" rel=\"noopener noreferrer\" itemprop=\"url\">\n\t\t\t\t<img loading=\"lazy\" decoding=\"async\" src=\"https:\/\/www.reseau-mesure.com\/wp-content\/uploads\/2020\/12\/Pages-de-Les-savoir-faire-du-Reseau-Mesure-Volume-1.jpg\" alt=\"Couverture les savoir-faire du R\u00e9seau Mesure\" itemprop=\"image\" height=\"2481\" width=\"1749\" title=\"Know-how-Seiten des Messnetzwerks - Band 1\" onerror=\"this.style.display='none'\"  \/>\n\t\t\t\t<\/a>\n\t<p>Cliquer sur l&rsquo;image pour t\u00e9l\u00e9charger le document.<\/p>\n<h2>\n\t\t<a href=\"https:\/\/www.reseau-mesure.com\/wp-content\/uploads\/2020\/12\/Presentation-Plan-de-relance-2021.pdf\" title=\"Wiederherstellungsplan 2021\" target=\"_self\" rel=\"noopener noreferrer\">\n\t\tWiederherstellungsplan 2021\n\t\t<\/a>\n\t<\/h2>\n\t\t\t\t<img loading=\"lazy\" decoding=\"async\" src=\"https:\/\/www.reseau-mesure.com\/wp-content\/uploads\/2020\/12\/plans-de-relance-1.png\" alt=\"plans de relance\" itemprop=\"image\" height=\"385\" width=\"693\" title=\"Konjunkturpl\u00e4ne\" onerror=\"this.style.display='none'\"  \/>\n\t<p>&nbsp;<\/p>\n<p><strong>F Iniciativas<\/strong>,\u00a0 vous pr\u00e9sente les plans de relance 2021 et vous propose une m\u00e9thodologie d&rsquo;accompagnement .<\/p>\n<p>Dieser neue Wiederherstellungsplan betrifft drei Komponenten:<\/p>\n<ul>\n<li>Unterst\u00fctzung von <strong>8 strategische Sektoren<\/strong> mit 3 Anmeldetagen 26. Januar 2021, 31. M\u00e4rz 2021 und 1<sup>\u00e4h<\/sup> Juni 2021<\/li>\n<li><strong>Die territoriale Komponente<\/strong> qui concentre tous les secteurs avec des d\u00e9p\u00f4ts de dossiers possibles tout au long de l&rsquo;ann\u00e9e<\/li>\n<li>L&rsquo;Aide \u00e0 l&rsquo;investissement de <strong>transformation vers l&rsquo;industrie du futur<\/strong><\/li>\n<\/ul>\n\t\t\t<a href=\"https:\/\/www.reseau-mesure.com\/wp-content\/uploads\/2020\/12\/Presentation-Plan-de-relance-2021.pdf\" target=\"_self\" role=\"button\" rel=\"noopener noreferrer\">\n\t\t\t\t\t\t\tFinde mehr heraus ...\n\t\t\t\t\t<\/a>\n<h2>\n\t\t<a href=\"https:\/\/www.reseau-mesure.com\/de\/evenements\/\" title=\"Treffen der Gruppe f\u00fcr digitale Kommunikation 19. Januar 2021 - 10.00 \/ 12.00 Uhr\" target=\"_self\" rel=\"noopener noreferrer\">\n\t\tR\u00e9union du groupe communication digitale 19 janvier 2021 &#8211; 10h00\/12h00\n\t\t<\/a>\n\t<\/h2>\n\t<p>&nbsp;<\/p>\n<h3><strong>Nehmen Sie an der Arbeitsgruppe vom 19. Januar teil!<\/strong><\/h3>\n\n<p><strong>\u00a0<\/strong>Welche Kommunikationscodes f\u00fcr soziale Netzwerke?<\/p>\n<p>Quel type de format choisir pour optimiser l&rsquo;utilisation des vid\u00e9os sur les r\u00e9seaux sociaux.<\/p>\n<ul>\n<li>Wie werden Kommunikationsaktionen gemessen?<\/li>\n<\/ul>\n<p>Notamment &#8211; strat\u00e9gies d&#8217;emailings : comment analyser et quantifier les retours ?<\/p>\n<ul>\n<li>W\u00e4hlen Sie eine neue Qualit\u00e4tsprospektdatei f\u00fcr eine E-Mail aus:<\/li>\n<\/ul>\n<p>Wie w\u00e4hle ich eine interessante Datei aus?<\/p>\n<p>&nbsp;<\/p>\n\t\t\t<a href=\"mailto:eduflot@reseau-mesure.com\" target=\"_self\" role=\"button\" rel=\"noopener noreferrer\">\n\t\t\t\t\t\tIch bin interessiert)\n\t\t\t\t\t<\/a>\n\t\t\t\t<a href=\"mailto:eduflot@reseau-mesure.com\" target=\"_blank\" rel=\"noopener noreferrer\" itemprop=\"url\">\n\t\t\t\t<img loading=\"lazy\" decoding=\"async\" src=\"https:\/\/www.reseau-mesure.com\/wp-content\/uploads\/2018\/02\/communication-digitale.png\" alt=\"communication digitale\" itemprop=\"image\" height=\"238\" width=\"320\" title=\"digitale Kommunikation\" onerror=\"this.style.display='none'\"  \/>\n\t\t\t\t<\/a>\n\t\t\t<a href=\"https:\/\/www.reseau-mesure.com\/de\/evenements\/\" target=\"_self\" role=\"button\" rel=\"noopener noreferrer\">\n\t\t\t\t\t\t\tDie komplette Agenda des Messnetzes\n\t\t\t\t\t<\/a>\n\t\t\t\t<img loading=\"lazy\" decoding=\"async\" src=\"https:\/\/www.reseau-mesure.com\/wp-content\/uploads\/2020\/08\/Plan-de-travail-3niveau-300x199.png\" alt=\"Plan de travail 3niveau\" itemprop=\"image\" height=\"199\" width=\"300\" title=\"Arbeitsplatte der 3. Ebene\" onerror=\"this.style.display='none'\"  \/>\n\t<h2>Die B\u00fcros des Messnetzwerks sind vom 24. bis 31. Dezember 2020 geschlossen<\/h2>","protected":false},"excerpt":{"rendered":"<p>R\u00e9seau Mesure Express 10.12.2020 Entdecken Sie den ersten Band \u201eDas Know-how des Messnetzwerks\u201c Die erste Ausgabe des \u201eKnow-hows des Messnetzwerks\u201c wurde gerade ver\u00f6ffentlicht! Es wird bearbeitet und weit verbreitet, damit Mitglieder, die diese technische Publikation verfasst haben, Sales Leads generieren k\u00f6nnen. Dieses Buch ist f\u00fcr ...<\/p>","protected":false},"author":685,"featured_media":0,"parent":0,"menu_order":0,"comment_status":"closed","ping_status":"closed","template":"","meta":{"_acf_changed":false,"footnotes":""},"class_list":["post-11831","page","type-page","status-publish","hentry"],"acf":[],"yoast_head":"<!-- This site is optimized with the Yoast SEO plugin v27.5 - https:\/\/yoast.com\/product\/yoast-seo-wordpress\/ -->\n<title>Newsletter-20201210 - R\u00e9seau Mesure<\/title>\n<meta name=\"robots\" content=\"index, follow, max-snippet:-1, max-image-preview:large, max-video-preview:-1\" \/>\n<link rel=\"canonical\" href=\"https:\/\/www.reseau-mesure.com\/de\/newsletter-20201210\/\" \/>\n<meta property=\"og:locale\" content=\"de_DE\" \/>\n<meta property=\"og:type\" content=\"article\" \/>\n<meta property=\"og:title\" content=\"Newsletter-20201210 - R\u00e9seau Mesure\" \/>\n<meta property=\"og:description\" content=\"R\u00e9seau Mesure Express 10.12.2020 D\u00e9couvrez le premier volume \u00ab\u00a0Les savoir faire du R\u00e9seau Mesure \u00a0\u00bb La premi\u00e8re \u00e9dition des \u00ab\u00a0Savoir-faire du R\u00e9seau Mesure\u00a0\u00bb vient de sortir ! Elle est \u00e9dit\u00e9e et diffus\u00e9e largement afin de permettre aux adh\u00e9rents qui ont r\u00e9dig\u00e9 cette publication technique de g\u00e9n\u00e9rer des leads commerciaux. &nbsp; Ce livre est destin\u00e9 \u00e0&hellip;\" \/>\n<meta property=\"og:url\" content=\"https:\/\/www.reseau-mesure.com\/de\/newsletter-20201210\/\" \/>\n<meta property=\"og:site_name\" content=\"R\u00e9seau Mesure\" \/>\n<meta property=\"article:publisher\" content=\"https:\/\/www.facebook.com\/reseaumesure\/\" \/>\n<meta property=\"article:modified_time\" content=\"2020-12-11T07:29:01+00:00\" \/>\n<meta property=\"og:image\" content=\"https:\/\/www.reseau-mesure.com\/wp-content\/uploads\/2020\/07\/20ku.jpeg\" \/>\n<meta name=\"twitter:card\" content=\"summary_large_image\" \/>\n<meta name=\"twitter:site\" content=\"@ReseauMesure\" \/>\n<meta name=\"twitter:label1\" content=\"Gesch\u00e4tzte Lesezeit\" \/>\n\t<meta name=\"twitter:data1\" content=\"2\u00a0Minuten\" \/>\n<script type=\"application\/ld+json\" class=\"yoast-schema-graph\">{\"@context\":\"https:\\\/\\\/schema.org\",\"@graph\":[{\"@type\":\"WebPage\",\"@id\":\"https:\\\/\\\/www.reseau-mesure.com\\\/de\\\/newsletter-20201210\\\/\",\"url\":\"https:\\\/\\\/www.reseau-mesure.com\\\/de\\\/newsletter-20201210\\\/\",\"name\":\"Newsletter-20201210 - R\u00e9seau Mesure\",\"isPartOf\":{\"@id\":\"https:\\\/\\\/www.reseau-mesure.com\\\/#website\"},\"primaryImageOfPage\":{\"@id\":\"https:\\\/\\\/www.reseau-mesure.com\\\/de\\\/newsletter-20201210\\\/#primaryimage\"},\"image\":{\"@id\":\"https:\\\/\\\/www.reseau-mesure.com\\\/de\\\/newsletter-20201210\\\/#primaryimage\"},\"thumbnailUrl\":\"https:\\\/\\\/www.reseau-mesure.com\\\/wp-content\\\/uploads\\\/2020\\\/07\\\/20ku.jpeg\",\"datePublished\":\"2020-12-10T10:32:31+00:00\",\"dateModified\":\"2020-12-11T07:29:01+00:00\",\"breadcrumb\":{\"@id\":\"https:\\\/\\\/www.reseau-mesure.com\\\/de\\\/newsletter-20201210\\\/#breadcrumb\"},\"inLanguage\":\"de\",\"potentialAction\":[{\"@type\":\"ReadAction\",\"target\":[\"https:\\\/\\\/www.reseau-mesure.com\\\/de\\\/newsletter-20201210\\\/\"]}]},{\"@type\":\"ImageObject\",\"inLanguage\":\"de\",\"@id\":\"https:\\\/\\\/www.reseau-mesure.com\\\/de\\\/newsletter-20201210\\\/#primaryimage\",\"url\":\"https:\\\/\\\/www.reseau-mesure.com\\\/wp-content\\\/uploads\\\/2020\\\/07\\\/20ku.jpeg\",\"contentUrl\":\"https:\\\/\\\/www.reseau-mesure.com\\\/wp-content\\\/uploads\\\/2020\\\/07\\\/20ku.jpeg\"},{\"@type\":\"BreadcrumbList\",\"@id\":\"https:\\\/\\\/www.reseau-mesure.com\\\/de\\\/newsletter-20201210\\\/#breadcrumb\",\"itemListElement\":[{\"@type\":\"ListItem\",\"position\":1,\"name\":\"Accueil\",\"item\":\"https:\\\/\\\/www.reseau-mesure.com\\\/\"},{\"@type\":\"ListItem\",\"position\":2,\"name\":\"Newsletter-20201210\"}]},{\"@type\":\"WebSite\",\"@id\":\"https:\\\/\\\/www.reseau-mesure.com\\\/#website\",\"url\":\"https:\\\/\\\/www.reseau-mesure.com\\\/\",\"name\":\"R\u00e9seau-Mesure\",\"description\":\"R\u00e9seau Mesure\",\"publisher\":{\"@id\":\"https:\\\/\\\/www.reseau-mesure.com\\\/#organization\"},\"potentialAction\":[{\"@type\":\"SearchAction\",\"target\":{\"@type\":\"EntryPoint\",\"urlTemplate\":\"https:\\\/\\\/www.reseau-mesure.com\\\/?s={search_term_string}\"},\"query-input\":{\"@type\":\"PropertyValueSpecification\",\"valueRequired\":true,\"valueName\":\"search_term_string\"}}],\"inLanguage\":\"de\"},{\"@type\":\"Organization\",\"@id\":\"https:\\\/\\\/www.reseau-mesure.com\\\/#organization\",\"name\":\"R\u00e9seau-Mesure\",\"url\":\"https:\\\/\\\/www.reseau-mesure.com\\\/\",\"logo\":{\"@type\":\"ImageObject\",\"inLanguage\":\"de\",\"@id\":\"https:\\\/\\\/www.reseau-mesure.com\\\/#\\\/schema\\\/logo\\\/image\\\/\",\"url\":\"https:\\\/\\\/www.reseau-mesure.com\\\/wp-content\\\/uploads\\\/2018\\\/02\\\/logo-max.png\",\"contentUrl\":\"https:\\\/\\\/www.reseau-mesure.com\\\/wp-content\\\/uploads\\\/2018\\\/02\\\/logo-max.png\",\"width\":545,\"height\":285,\"caption\":\"R\u00e9seau-Mesure\"},\"image\":{\"@id\":\"https:\\\/\\\/www.reseau-mesure.com\\\/#\\\/schema\\\/logo\\\/image\\\/\"},\"sameAs\":[\"https:\\\/\\\/www.facebook.com\\\/reseaumesure\\\/\",\"https:\\\/\\\/x.com\\\/ReseauMesure\",\"https:\\\/\\\/www.linkedin.com\\\/company\\\/reseau-mesure\\\/\"]}]}<\/script>\n<!-- \/ Yoast SEO plugin. -->","yoast_head_json":{"title":"Newsletter-20201210 - R\u00e9seau Mesure","robots":{"index":"index","follow":"follow","max-snippet":"max-snippet:-1","max-image-preview":"max-image-preview:large","max-video-preview":"max-video-preview:-1"},"canonical":"https:\/\/www.reseau-mesure.com\/de\/newsletter-20201210\/","og_locale":"de_DE","og_type":"article","og_title":"Newsletter-20201210 - R\u00e9seau Mesure","og_description":"R\u00e9seau Mesure Express 10.12.2020 D\u00e9couvrez le premier volume \u00ab\u00a0Les savoir faire du R\u00e9seau Mesure \u00a0\u00bb La premi\u00e8re \u00e9dition des \u00ab\u00a0Savoir-faire du R\u00e9seau Mesure\u00a0\u00bb vient de sortir ! Elle est \u00e9dit\u00e9e et diffus\u00e9e largement afin de permettre aux adh\u00e9rents qui ont r\u00e9dig\u00e9 cette publication technique de g\u00e9n\u00e9rer des leads commerciaux. &nbsp; Ce livre est destin\u00e9 \u00e0&hellip;","og_url":"https:\/\/www.reseau-mesure.com\/de\/newsletter-20201210\/","og_site_name":"R\u00e9seau Mesure","article_publisher":"https:\/\/www.facebook.com\/reseaumesure\/","article_modified_time":"2020-12-11T07:29:01+00:00","og_image":[{"url":"https:\/\/www.reseau-mesure.com\/wp-content\/uploads\/2020\/07\/20ku.jpeg","type":"","width":"","height":""}],"twitter_card":"summary_large_image","twitter_site":"@ReseauMesure","twitter_misc":{"Gesch\u00e4tzte Lesezeit":"2\u00a0Minuten"},"schema":{"@context":"https:\/\/schema.org","@graph":[{"@type":"WebPage","@id":"https:\/\/www.reseau-mesure.com\/de\/newsletter-20201210\/","url":"https:\/\/www.reseau-mesure.com\/de\/newsletter-20201210\/","name":"Newsletter-20201210 - R\u00e9seau Mesure","isPartOf":{"@id":"https:\/\/www.reseau-mesure.com\/#website"},"primaryImageOfPage":{"@id":"https:\/\/www.reseau-mesure.com\/de\/newsletter-20201210\/#primaryimage"},"image":{"@id":"https:\/\/www.reseau-mesure.com\/de\/newsletter-20201210\/#primaryimage"},"thumbnailUrl":"https:\/\/www.reseau-mesure.com\/wp-content\/uploads\/2020\/07\/20ku.jpeg","datePublished":"2020-12-10T10:32:31+00:00","dateModified":"2020-12-11T07:29:01+00:00","breadcrumb":{"@id":"https:\/\/www.reseau-mesure.com\/de\/newsletter-20201210\/#breadcrumb"},"inLanguage":"de","potentialAction":[{"@type":"ReadAction","target":["https:\/\/www.reseau-mesure.com\/de\/newsletter-20201210\/"]}]},{"@type":"ImageObject","inLanguage":"de","@id":"https:\/\/www.reseau-mesure.com\/de\/newsletter-20201210\/#primaryimage","url":"https:\/\/www.reseau-mesure.com\/wp-content\/uploads\/2020\/07\/20ku.jpeg","contentUrl":"https:\/\/www.reseau-mesure.com\/wp-content\/uploads\/2020\/07\/20ku.jpeg"},{"@type":"BreadcrumbList","@id":"https:\/\/www.reseau-mesure.com\/de\/newsletter-20201210\/#breadcrumb","itemListElement":[{"@type":"ListItem","position":1,"name":"Accueil","item":"https:\/\/www.reseau-mesure.com\/"},{"@type":"ListItem","position":2,"name":"Newsletter-20201210"}]},{"@type":"WebSite","@id":"https:\/\/www.reseau-mesure.com\/#website","url":"https:\/\/www.reseau-mesure.com\/","name":"Netzwerk-Messung","description":"Netzwerkma\u00dfnahme","publisher":{"@id":"https:\/\/www.reseau-mesure.com\/#organization"},"potentialAction":[{"@type":"SearchAction","target":{"@type":"EntryPoint","urlTemplate":"https:\/\/www.reseau-mesure.com\/?s={search_term_string}"},"query-input":{"@type":"PropertyValueSpecification","valueRequired":true,"valueName":"search_term_string"}}],"inLanguage":"de"},{"@type":"Organization","@id":"https:\/\/www.reseau-mesure.com\/#organization","name":"Netzwerk-Messung","url":"https:\/\/www.reseau-mesure.com\/","logo":{"@type":"ImageObject","inLanguage":"de","@id":"https:\/\/www.reseau-mesure.com\/#\/schema\/logo\/image\/","url":"https:\/\/www.reseau-mesure.com\/wp-content\/uploads\/2018\/02\/logo-max.png","contentUrl":"https:\/\/www.reseau-mesure.com\/wp-content\/uploads\/2018\/02\/logo-max.png","width":545,"height":285,"caption":"R\u00e9seau-Mesure"},"image":{"@id":"https:\/\/www.reseau-mesure.com\/#\/schema\/logo\/image\/"},"sameAs":["https:\/\/www.facebook.com\/reseaumesure\/","https:\/\/x.com\/ReseauMesure","https:\/\/www.linkedin.com\/company\/reseau-mesure\/"]}]}},"_links":{"self":[{"href":"https:\/\/www.reseau-mesure.com\/de\/wp-json\/wp\/v2\/pages\/11831","targetHints":{"allow":["GET"]}}],"collection":[{"href":"https:\/\/www.reseau-mesure.com\/de\/wp-json\/wp\/v2\/pages"}],"about":[{"href":"https:\/\/www.reseau-mesure.com\/de\/wp-json\/wp\/v2\/types\/page"}],"author":[{"embeddable":true,"href":"https:\/\/www.reseau-mesure.com\/de\/wp-json\/wp\/v2\/users\/685"}],"replies":[{"embeddable":true,"href":"https:\/\/www.reseau-mesure.com\/de\/wp-json\/wp\/v2\/comments?post=11831"}],"version-history":[{"count":0,"href":"https:\/\/www.reseau-mesure.com\/de\/wp-json\/wp\/v2\/pages\/11831\/revisions"}],"wp:attachment":[{"href":"https:\/\/www.reseau-mesure.com\/de\/wp-json\/wp\/v2\/media?parent=11831"}],"curies":[{"name":"wp","href":"https:\/\/api.w.org\/{rel}","templated":true}]}}