{"id":11878,"date":"2020-12-14T12:37:24","date_gmt":"2020-12-14T11:37:24","guid":{"rendered":"https:\/\/www.reseau-mesure.com\/?page_id=11878"},"modified":"2023-05-23T09:52:52","modified_gmt":"2023-05-23T07:52:52","slug":"la-formation","status":"publish","type":"page","link":"https:\/\/www.reseau-mesure.com\/de\/la-formation\/","title":{"rendered":"Ausbildung"},"content":{"rendered":"<img loading=\"lazy\" decoding=\"async\" src=\"https:\/\/www.reseau-mesure.com\/wp-content\/uploads\/2020\/12\/fromation.jpg\" alt=\"visuel pour formation\" itemprop=\"image\" height=\"340\" width=\"473\" title=\"K\u00e4se\" onerror=\"this.style.display='none'\">\n\t\t<h1>\n\t\t\tAusbildung\n\t\t<\/h1>\n\t<h2>Entwicklung ist oft mit der Qualit\u00e4t der Ressourcen und der F\u00e4higkeit verbunden, sich an ein sich st\u00e4ndig \u00e4nderndes Umfeld anzupassen.<\/h2>\n\tDie Durchf\u00fchrung der Schulungen wird von einer Mindestteilnehmerzahl abh\u00e4ngig vom Thema abh\u00e4ngig gemacht.<br>\nEs dauert zwischen 1 und 3 Monaten, um auf Anfrage einer Person eine neue Sitzung zu er\u00f6ffnen.\n\n<p>Sie k\u00f6nnen unsere konsultieren <a href=\"https:\/\/www.reseau-mesure.com\/wp-content\/uploads\/2021\/06\/2021-CGV-formationsReseauMesure-v2.pdf\" target=\"_blank\" rel=\"noopener\">Schulungsbedingungen<\/a> und das <a href=\"https:\/\/www.reseau-mesure.com\/wp-content\/uploads\/2021\/04\/Reglement-Interieur-Formations-Reseau-Mesure.pdf\" target=\"_blank\" rel=\"noopener\">Interne Schulungsbestimmungen<\/a>.<\/p>\n\tDas Messnetz, anerkanntes Schulungszentrum, gekennzeichnet mit DataDock und <a href=\"https:\/\/www.reseau-mesure.com\/wp-content\/uploads\/2021\/07\/Certificat-Qualiopi-RESEAU-MESURE-Signe.pdf\" target=\"_blank\" rel=\"noopener\">QUALIOPI-zertifiziert<\/a>,&nbsp;offre aux adh\u00e9rents l&rsquo;opportunit\u00e9 de b\u00e9n\u00e9ficier de formations \u00e0 tarifs pr\u00e9f\u00e9rentiels, construites par les groupes de travail th\u00e9matiques.<br>\n<strong>Nummer des Schulungszentrums 11950510195.<\/strong>\n\n\t\t\t\t<img loading=\"lazy\" decoding=\"async\" src=\"https:\/\/www.reseau-mesure.com\/wp-content\/uploads\/2021\/07\/logo-qualiopi-avec-action-de-formation.png\" alt=\"certification qualiopi action de formation \" itemprop=\"image\" height=\"825\" width=\"980\" title=\"qualiopi-Logo mit Trainingsaktion\" onerror=\"this.style.display='none'\">\n\t\t\t\t<img loading=\"lazy\" decoding=\"async\" src=\"https:\/\/www.reseau-mesure.com\/wp-content\/uploads\/2018\/07\/Picto_datadocke.jpg\" alt=\"Datadock\" itemprop=\"image\" height=\"772\" width=\"716\" title=\"Picto_datadock\" onerror=\"this.style.display='none'\">\n\t\t\t\t<img loading=\"lazy\" decoding=\"async\" src=\"https:\/\/www.reseau-mesure.com\/wp-content\/uploads\/2020\/12\/linkedin.png\" alt=\"logo linkedin pour formation\" itemprop=\"image\" height=\"168\" width=\"300\" title=\"Linkedin\" onerror=\"this.style.display='none'\">\n\t<h2><b>Linkedin: kommunizieren - prospektieren - entwickeln - behalten<\/b><a href=\"https:\/\/www.reseau-mesure.com\/de\/formation-strategie-communication-digitale-en-ligne\/\"><b><br>\n<\/b><\/a><\/h2>\n\n<p>&nbsp;<\/p>\n\n\t<h2><b><em>&quot;E-Training&quot;<\/em><\/b><\/h2>\n\t\t\t\t<img loading=\"lazy\" decoding=\"async\" src=\"https:\/\/www.reseau-mesure.com\/wp-content\/uploads\/2020\/12\/laptop-300x200.png\" alt=\"laptop\" itemprop=\"image\" height=\"200\" width=\"300\" title=\"Laptop\" onerror=\"this.style.display='none'\">\n\t\t\t\t<img loading=\"lazy\" decoding=\"async\" src=\"https:\/\/www.reseau-mesure.com\/wp-content\/uploads\/2020\/12\/communictaion-digitale-300x200.jpg\" alt=\"communication digitale\" itemprop=\"image\" height=\"200\" width=\"300\" title=\"digitale Kommunikation\" onerror=\"this.style.display='none'\">\n\t<h2><b>Die digitale Kommunikationsstrategie: <\/b><b>die Grundlagen, Schl\u00fcssel zum Erfolg<\/b><\/h2>\n<p>Deux demi-journ\u00e9es de&nbsp;formation interactive en ligne pour <strong>Definieren Sie Ihre digitale Kommunikationsstrategie<\/strong> basierend auf Ihren Erwartungen und Bed\u00fcrfnissen.<\/p>\n<p>&nbsp;<\/p>\n\n\t<h2><b><em>&quot;E-Training&quot;&nbsp;<\/em><\/b><\/h2>\n\t\t\t\t<img loading=\"lazy\" decoding=\"async\" src=\"https:\/\/www.reseau-mesure.com\/wp-content\/uploads\/2020\/12\/laptop-300x200.png\" alt=\"laptop\" itemprop=\"image\" height=\"200\" width=\"300\" title=\"Laptop\" onerror=\"this.style.display='none'\">\n\t\t\t\t<img loading=\"lazy\" decoding=\"async\" src=\"https:\/\/www.reseau-mesure.com\/wp-content\/uploads\/2020\/12\/LNE-2021.jpg\" alt=\"visuel formation lne\" itemprop=\"image\" height=\"342\" width=\"732\" title=\"LNE-2021\" onerror=\"this.style.display='none'\">\n\t<h2>Kostenloses E-Learning-Training in Metrologie<\/h2>\n\n<p>Entdecken Sie die Grundlagen der Messtechnik in der Wirtschaft mit <strong>eine individuelle Schulung,<\/strong> vorgeschlagen von LNE, strukturiert um die <strong>Messprozess- und Metrologentools<\/strong>, Teams bilden :<\/p>\n<ul>\n<li>Trainer Video<\/li>\n<li>KMU-Interview<\/li>\n<li>Laborbericht<\/li>\n<li>Zusammenfassende Dokumente zum Herunterladen<\/li>\n<\/ul>\n\n\t<h2><b><em>&quot;E-Training&quot;&nbsp;<\/em><\/b><\/h2>\n\t\t\t\t<img loading=\"lazy\" decoding=\"async\" src=\"https:\/\/www.reseau-mesure.com\/wp-content\/uploads\/2020\/12\/laptop-300x200.png\" alt=\"laptop\" itemprop=\"image\" height=\"200\" width=\"300\" title=\"Laptop\" onerror=\"this.style.display='none'\">\n\t\t\t\t<img loading=\"lazy\" decoding=\"async\" src=\"https:\/\/www.reseau-mesure.com\/wp-content\/uploads\/2020\/12\/Google_Ads_logo.svg_.png\" alt=\"formation ggoome ads\" itemprop=\"image\" height=\"126\" width=\"401\" title=\"Google_Ads_logo.svg\" onerror=\"this.style.display='none'\">\n\t<h2><strong>Die r<\/strong><strong>gesponserte Referenzierung mit Google Ads f\u00fcr Messberufe. Level 1<\/strong><\/h2>\n<p>Cette formation est ouverte pour les d\u00e9butants et pour les personnes qui veulent confirmer les bases.&nbsp; Cette formation est compos\u00e9 d&rsquo;une partie th\u00e9orique et d&rsquo;une partie pratique avec cr\u00e9ation d&rsquo;annonces et mise en ligne avec des comptes de d\u00e9monstration.<\/p>\n\n\t<h2><b><em>&quot;E-Training&quot;&nbsp;<\/em><\/b><\/h2>\n\t\t\t\t<img loading=\"lazy\" decoding=\"async\" src=\"https:\/\/www.reseau-mesure.com\/wp-content\/uploads\/2020\/12\/laptop-300x200.png\" alt=\"laptop\" itemprop=\"image\" height=\"200\" width=\"300\" title=\"Laptop\" onerror=\"this.style.display='none'\">\n\t\t\t\t<img loading=\"lazy\" decoding=\"async\" src=\"https:\/\/www.reseau-mesure.com\/wp-content\/uploads\/2020\/12\/GOOGLE-ADS-1.jpg\" alt=\"GOOGLE ADS\" itemprop=\"image\" height=\"118\" width=\"315\" title=\"GOOGLE ADS\" onerror=\"this.style.display='none'\">\n\t<h2><strong>Google Ads-Ebene 2<\/strong><\/h2>\n<p>Vous avez particip\u00e9 \u00e0 la formations AdWords niveau 1 ou vous \u00eates d\u00e9j\u00e0 utilisateurs novices d&rsquo;AdWords et vos r\u00e9sultats ne vous conviennent pas&nbsp;?<\/p>\n<p>Dieses Training ist f\u00fcr Sie.<\/p>\n\n\t\t\t\t<img loading=\"lazy\" decoding=\"async\" src=\"https:\/\/www.reseau-mesure.com\/wp-content\/uploads\/2020\/12\/seo-ecrire-sur-le-web.jpg\" alt=\"ecrire sur le web -seo\" itemprop=\"image\" height=\"252\" width=\"413\" title=\"SEO-Schreiben im Web\" onerror=\"this.style.display='none'\">\n\t<h2><strong>Schreiben Sie im Web&nbsp;<\/strong><\/h2>\n<p>Profitez d&rsquo;une formation actualis\u00e9e sur comment \u00e9crire sur et pour le web&nbsp;: organiser l&rsquo;information sur un site, l&rsquo;\u00e9criture hypertexte, mettre ou non les accents, ordres des mots, champs s\u00e9mantique\u2026.<\/p>\n<p>Das Training ist praktisch und interaktiv und konzentriert sich auf den Bereich der Messung.<\/p>\n\n\t<h2><b><em>&quot;E-Training&quot;&nbsp;<\/em><\/b><\/h2>\n\t\t\t\t<img loading=\"lazy\" decoding=\"async\" src=\"https:\/\/www.reseau-mesure.com\/wp-content\/uploads\/2020\/12\/laptop-300x200.png\" alt=\"laptop\" itemprop=\"image\" height=\"200\" width=\"300\" title=\"Laptop\" onerror=\"this.style.display='none'\">\n\t\t\t\t<img loading=\"lazy\" decoding=\"async\" src=\"https:\/\/www.reseau-mesure.com\/wp-content\/uploads\/2020\/12\/Centaure-Isometrie.jpg\" alt=\"visuel centaure centre de conduite\" itemprop=\"image\" height=\"500\" width=\"1000\" title=\"Zentauren-Isometrie\" onerror=\"this.style.display='none'\">\n\t<h2><strong><a href=\"https:\/\/www.reseau-mesure.com\/de\/securite-routiere-et-eco-conduite-2\/\">Verkehrssicherheitstraining<\/a>&nbsp;<\/strong><\/h2>\n<p>Dans le cadre des travaux du groupe \u00ab&nbsp;La route et l&rsquo;entreprise&nbsp;\u00bb, le R\u00e9seau Mesure et le CIFL proposent \u00e0 leurs adh\u00e9rents des formations \u00e0 la s\u00e9curit\u00e9 routi\u00e8re \u00e0 tarifs remis\u00e9s.<\/p>\n\n\n\t\t\t\t<img loading=\"lazy\" decoding=\"async\" src=\"https:\/\/www.reseau-mesure.com\/wp-content\/uploads\/2020\/12\/vendre.jpg\" alt=\"formation vendre et manager en distanciel\" itemprop=\"image\" height=\"1357\" width=\"1920\" title=\"Verkauf\" onerror=\"this.style.display='none'\">\n\t<p><strong>F\u00fcr jede Schulung sind 2 Pl\u00e4tze f\u00fcr Mitglieder des Messnetzwerks reserviert<\/strong>, <\/p>\n<p>Warum also nicht genie\u00dfen?<\/p>\n\t<h2><strong>&nbsp;Schulung von Cifl&nbsp;<\/strong><\/h2>\n<p>Die Cifl hat ausgew\u00e4hlte, auf Ihre Berufe abgestimmte Schulungen zu speziell ausgehandelten Tarifen f\u00fcr ihre Mitglieder. Im Rahmen unserer Partnerschaft mit der <a href=\"https:\/\/cifl.com\/\" target=\"_blank\" rel=\"noopener\">Cifl<\/a>bieten wir unseren Mitgliedern die M\u00f6glichkeit, die von ihr angebotenen Schulungen zu den gleichen Konditionen in Anspruch zu nehmen.<\/p>\nDie verschiedenen Themen im Jahr 2021:<br>\n<strong>\u2013 Die Dienstleistung im Labor sicherstellen und verkaufen<\/strong><br>\nVermittlung der F\u00e4higkeit, herausragenden Service zu bieten und zus\u00e4tzliche Services zu verkaufen.<br>\n&#8211;<strong> Digitales und soziales Verkaufen&nbsp;<\/strong><br>\nAnimieren Sie Ihre Kundengemeinschaft, nutzen Sie soziale Netzwerke<br>\n&#8211; <strong>Erfolgreicher Telesales<\/strong><br>\n&#8211; <strong>Animation eines Netzwerks von Wiederverk\u00e4ufern oder Distributoren<br>\n<\/strong>Transf\u00e9rer aux commerciaux toutes les techniques&nbsp;permettant de vendre et faire-vendre aux revendeurs ou distributeurs <strong><br>\n<\/strong>&#8211;<strong> Management und Coaching von Verkaufsteams<br>\n<\/strong>Transmettre aux managers les m\u00e9thodes&nbsp;permettant de faire progresser un commercial en situation de vente<br>\n&#8211; <strong>Im Labor verkaufen und verhandeln (Verbesserungsmodul)<\/strong><br>\nVerleihen Sie die F\u00e4higkeit, die verschiedenen Phasen eines Verkaufsgespr\u00e4chs zu f\u00fchren<br>\n&#8211; <strong>Verteidige seine Preise&nbsp;<\/strong>\n\n\t\t\t<a href=\"mailto:eduflot@reseau-mesure.com\" target=\"_blank\" role=\"button\" rel=\"noopener\">\n\t\t\t\t\t\t\tKontakt und Registrierung\n\t\t\t\t\t<\/a>\n\t\n\t\t\t\t<img loading=\"lazy\" decoding=\"async\" src=\"https:\/\/www.reseau-mesure.com\/wp-content\/uploads\/2020\/12\/poignee-de-main-digitale.jpg\" alt=\"formation vendre en distanciel\" itemprop=\"image\" height=\"1281\" width=\"1920\" title=\"digitaler Handschlag\" onerror=\"this.style.display='none'\">\n\t<h2><strong>Remote Manager<\/strong><\/h2>\n<p>Schulung von 5 Modulen <strong>F\u00fcr alle Manager, die betriebliche Methoden zur Fernverwaltung beherrschen m\u00f6chten<\/strong> und erwerben Sie die damit verbundenen Reflexe.<\/p>\n\n\t<h2><strong>In der Ferne verkaufen<\/strong><\/h2>\n<p>Dieses 5-modulige Training richtet sich an <strong>Alle Verk\u00e4ufer, die Fernverkaufsaktionen durchf\u00fchren m\u00f6chten<\/strong> Nutzung vorhandener technologischer L\u00f6sungen, wobei diesen Ma\u00dfnahmen der h\u00f6chste Mehrwert zukommt. Sie spricht an<strong> auch f\u00fcr Vertriebsleiter, die die Vertriebsmitarbeiter ihres Teams coachen und bei der Einf\u00fchrung von Methoden des Fernabsatzes unterst\u00fctzen m\u00f6chten<\/strong>, indem sie ihnen Benchmarks f\u00fcr Zielkompetenzen anbieten.<\/p>\n\n\t\t\t<a href=\"mailto:eduflot@reseau-mesure.com\" target=\"_blank\" role=\"button\" rel=\"noopener\">\n\t\t\t\t\t\t\tKontakt und Registrierung\n\t\t\t\t\t<\/a>\n\t\t\t\t<img loading=\"lazy\" decoding=\"async\" src=\"https:\/\/www.reseau-mesure.com\/wp-content\/uploads\/2021\/04\/roue-dentee-300x169.jpg\" alt=\"formation sur mesure\" itemprop=\"image\" height=\"169\" width=\"300\" title=\"Zahnrad\" onerror=\"this.style.display='none'\">\n\t<h2><strong>Ma\u00dfgeschneiderte Ausbildung<\/strong><\/h2>\n<p>Finden Sie die spezifische Ausbildung unserer Mitglieder, die auf Messung spezialisiert sind.<\/p>\n\n\t\t\t\t<img loading=\"lazy\" decoding=\"async\" src=\"https:\/\/www.reseau-mesure.com\/wp-content\/uploads\/2021\/03\/verrou-1024x484.jpg\" alt=\"Le R\u00e9seau Mesure\" itemprop=\"image\" height=\"484\" width=\"1024\" title=\"Links zwischen Mitgliedern\" onerror=\"this.style.display='none'\">\n\t<h2><strong>Qualiopi-Zertifizierung&nbsp;<\/strong><\/h2>\n<p>Vous dispensez des formations pour vos clients,&nbsp; \u00e0 compter du <strong>Am 1. Januar 2022 m\u00fcssen sie Qualiopi-zertifiziert sein, um von den OPCOs unterst\u00fctzt zu werden<\/strong>.<\/p>","protected":false},"excerpt":{"rendered":"<p>Weiterbildungsentwicklung ist oft mit der Qualit\u00e4t der Ressourcen und der F\u00e4higkeit verbunden, sich an ein sich st\u00e4ndig \u00e4nderndes Umfeld anzupassen. Die Durchf\u00fchrung der Schulungen ist abh\u00e4ngig vom Thema durch eine Mindestteilnehmerzahl bedingt. Es dauert zwischen 1 und 3 Monaten, um eine neue Sitzung nach ...<\/p>","protected":false},"author":349,"featured_media":0,"parent":0,"menu_order":0,"comment_status":"closed","ping_status":"closed","template":"","meta":{"_acf_changed":false,"footnotes":""},"class_list":["post-11878","page","type-page","status-publish","hentry"],"acf":[],"yoast_head":"<!-- This site is optimized with the Yoast SEO plugin v27.4 - https:\/\/yoast.com\/product\/yoast-seo-wordpress\/ -->\n<title>La formation - R\u00e9seau Mesure<\/title>\n<meta name=\"description\" content=\"Le R\u00e9seau Mesure propose des formations mises en place par le groupe de travail, avec des formateurs sp\u00e9cialis\u00e9s dans chaque domaine %\" \/>\n<meta name=\"robots\" content=\"index, follow, max-snippet:-1, max-image-preview:large, max-video-preview:-1\" \/>\n<link rel=\"canonical\" href=\"https:\/\/www.reseau-mesure.com\/de\/la-formation\/\" \/>\n<meta property=\"og:locale\" content=\"de_DE\" \/>\n<meta property=\"og:type\" content=\"article\" \/>\n<meta property=\"og:title\" content=\"Les formations du R\u00e9seau Mesure\" \/>\n<meta property=\"og:description\" content=\"Actions du groupe formation\" \/>\n<meta property=\"og:url\" content=\"https:\/\/www.reseau-mesure.com\/de\/la-formation\/\" \/>\n<meta property=\"og:site_name\" content=\"R\u00e9seau Mesure\" \/>\n<meta property=\"article:publisher\" content=\"https:\/\/www.facebook.com\/reseaumesure\/\" \/>\n<meta property=\"article:modified_time\" content=\"2023-05-23T07:52:52+00:00\" \/>\n<meta property=\"og:image\" content=\"https:\/\/www.reseau-mesure.com\/wp-content\/uploads\/2020\/12\/fromation.jpg\" \/>\n<meta name=\"twitter:card\" content=\"summary_large_image\" \/>\n<meta name=\"twitter:site\" content=\"@ReseauMesure\" \/>\n<meta name=\"twitter:label1\" content=\"Gesch\u00e4tzte Lesezeit\" \/>\n\t<meta name=\"twitter:data1\" content=\"8\u00a0Minuten\" \/>\n<script type=\"application\/ld+json\" class=\"yoast-schema-graph\">{\"@context\":\"https:\\\/\\\/schema.org\",\"@graph\":[{\"@type\":\"WebPage\",\"@id\":\"https:\\\/\\\/www.reseau-mesure.com\\\/la-formation\\\/\",\"url\":\"https:\\\/\\\/www.reseau-mesure.com\\\/la-formation\\\/\",\"name\":\"La formation - R\u00e9seau Mesure\",\"isPartOf\":{\"@id\":\"https:\\\/\\\/www.reseau-mesure.com\\\/#website\"},\"primaryImageOfPage\":{\"@id\":\"https:\\\/\\\/www.reseau-mesure.com\\\/la-formation\\\/#primaryimage\"},\"image\":{\"@id\":\"https:\\\/\\\/www.reseau-mesure.com\\\/la-formation\\\/#primaryimage\"},\"thumbnailUrl\":\"https:\\\/\\\/www.reseau-mesure.com\\\/wp-content\\\/uploads\\\/2020\\\/12\\\/fromation.jpg\",\"datePublished\":\"2020-12-14T11:37:24+00:00\",\"dateModified\":\"2023-05-23T07:52:52+00:00\",\"description\":\"Le R\u00e9seau Mesure propose des formations mises en place par le groupe de travail, avec des formateurs sp\u00e9cialis\u00e9s dans chaque domaine %\",\"breadcrumb\":{\"@id\":\"https:\\\/\\\/www.reseau-mesure.com\\\/la-formation\\\/#breadcrumb\"},\"inLanguage\":\"de\",\"potentialAction\":[{\"@type\":\"ReadAction\",\"target\":[\"https:\\\/\\\/www.reseau-mesure.com\\\/la-formation\\\/\"]}]},{\"@type\":\"ImageObject\",\"inLanguage\":\"de\",\"@id\":\"https:\\\/\\\/www.reseau-mesure.com\\\/la-formation\\\/#primaryimage\",\"url\":\"https:\\\/\\\/www.reseau-mesure.com\\\/wp-content\\\/uploads\\\/2020\\\/12\\\/fromation.jpg\",\"contentUrl\":\"https:\\\/\\\/www.reseau-mesure.com\\\/wp-content\\\/uploads\\\/2020\\\/12\\\/fromation.jpg\"},{\"@type\":\"BreadcrumbList\",\"@id\":\"https:\\\/\\\/www.reseau-mesure.com\\\/la-formation\\\/#breadcrumb\",\"itemListElement\":[{\"@type\":\"ListItem\",\"position\":1,\"name\":\"Accueil\",\"item\":\"https:\\\/\\\/www.reseau-mesure.com\\\/\"},{\"@type\":\"ListItem\",\"position\":2,\"name\":\"La formation\"}]},{\"@type\":\"WebSite\",\"@id\":\"https:\\\/\\\/www.reseau-mesure.com\\\/#website\",\"url\":\"https:\\\/\\\/www.reseau-mesure.com\\\/\",\"name\":\"R\u00e9seau-Mesure\",\"description\":\"R\u00e9seau Mesure\",\"publisher\":{\"@id\":\"https:\\\/\\\/www.reseau-mesure.com\\\/#organization\"},\"potentialAction\":[{\"@type\":\"SearchAction\",\"target\":{\"@type\":\"EntryPoint\",\"urlTemplate\":\"https:\\\/\\\/www.reseau-mesure.com\\\/?s={search_term_string}\"},\"query-input\":{\"@type\":\"PropertyValueSpecification\",\"valueRequired\":true,\"valueName\":\"search_term_string\"}}],\"inLanguage\":\"de\"},{\"@type\":\"Organization\",\"@id\":\"https:\\\/\\\/www.reseau-mesure.com\\\/#organization\",\"name\":\"R\u00e9seau-Mesure\",\"url\":\"https:\\\/\\\/www.reseau-mesure.com\\\/\",\"logo\":{\"@type\":\"ImageObject\",\"inLanguage\":\"de\",\"@id\":\"https:\\\/\\\/www.reseau-mesure.com\\\/#\\\/schema\\\/logo\\\/image\\\/\",\"url\":\"https:\\\/\\\/www.reseau-mesure.com\\\/wp-content\\\/uploads\\\/2018\\\/02\\\/logo-max.png\",\"contentUrl\":\"https:\\\/\\\/www.reseau-mesure.com\\\/wp-content\\\/uploads\\\/2018\\\/02\\\/logo-max.png\",\"width\":545,\"height\":285,\"caption\":\"R\u00e9seau-Mesure\"},\"image\":{\"@id\":\"https:\\\/\\\/www.reseau-mesure.com\\\/#\\\/schema\\\/logo\\\/image\\\/\"},\"sameAs\":[\"https:\\\/\\\/www.facebook.com\\\/reseaumesure\\\/\",\"https:\\\/\\\/x.com\\\/ReseauMesure\",\"https:\\\/\\\/www.linkedin.com\\\/company\\\/reseau-mesure\\\/\"]}]}<\/script>\n<!-- \/ Yoast SEO plugin. -->","yoast_head_json":{"title":"La formation - R\u00e9seau Mesure","description":"Le R\u00e9seau Mesure propose des formations mises en place par le groupe de travail, avec des formateurs sp\u00e9cialis\u00e9s dans chaque domaine %","robots":{"index":"index","follow":"follow","max-snippet":"max-snippet:-1","max-image-preview":"max-image-preview:large","max-video-preview":"max-video-preview:-1"},"canonical":"https:\/\/www.reseau-mesure.com\/de\/la-formation\/","og_locale":"de_DE","og_type":"article","og_title":"Les formations du R\u00e9seau Mesure","og_description":"Actions du groupe formation","og_url":"https:\/\/www.reseau-mesure.com\/de\/la-formation\/","og_site_name":"R\u00e9seau Mesure","article_publisher":"https:\/\/www.facebook.com\/reseaumesure\/","article_modified_time":"2023-05-23T07:52:52+00:00","og_image":[{"url":"https:\/\/www.reseau-mesure.com\/wp-content\/uploads\/2020\/12\/fromation.jpg","type":"","width":"","height":""}],"twitter_card":"summary_large_image","twitter_site":"@ReseauMesure","twitter_misc":{"Gesch\u00e4tzte Lesezeit":"8\u00a0Minuten"},"schema":{"@context":"https:\/\/schema.org","@graph":[{"@type":"WebPage","@id":"https:\/\/www.reseau-mesure.com\/la-formation\/","url":"https:\/\/www.reseau-mesure.com\/la-formation\/","name":"La formation - R\u00e9seau Mesure","isPartOf":{"@id":"https:\/\/www.reseau-mesure.com\/#website"},"primaryImageOfPage":{"@id":"https:\/\/www.reseau-mesure.com\/la-formation\/#primaryimage"},"image":{"@id":"https:\/\/www.reseau-mesure.com\/la-formation\/#primaryimage"},"thumbnailUrl":"https:\/\/www.reseau-mesure.com\/wp-content\/uploads\/2020\/12\/fromation.jpg","datePublished":"2020-12-14T11:37:24+00:00","dateModified":"2023-05-23T07:52:52+00:00","description":"Le R\u00e9seau Mesure propose des formations mises en place par le groupe de travail, avec des formateurs sp\u00e9cialis\u00e9s dans chaque domaine %","breadcrumb":{"@id":"https:\/\/www.reseau-mesure.com\/la-formation\/#breadcrumb"},"inLanguage":"de","potentialAction":[{"@type":"ReadAction","target":["https:\/\/www.reseau-mesure.com\/la-formation\/"]}]},{"@type":"ImageObject","inLanguage":"de","@id":"https:\/\/www.reseau-mesure.com\/la-formation\/#primaryimage","url":"https:\/\/www.reseau-mesure.com\/wp-content\/uploads\/2020\/12\/fromation.jpg","contentUrl":"https:\/\/www.reseau-mesure.com\/wp-content\/uploads\/2020\/12\/fromation.jpg"},{"@type":"BreadcrumbList","@id":"https:\/\/www.reseau-mesure.com\/la-formation\/#breadcrumb","itemListElement":[{"@type":"ListItem","position":1,"name":"Accueil","item":"https:\/\/www.reseau-mesure.com\/"},{"@type":"ListItem","position":2,"name":"La formation"}]},{"@type":"WebSite","@id":"https:\/\/www.reseau-mesure.com\/#website","url":"https:\/\/www.reseau-mesure.com\/","name":"Netzwerk-Messung","description":"Netzwerkma\u00dfnahme","publisher":{"@id":"https:\/\/www.reseau-mesure.com\/#organization"},"potentialAction":[{"@type":"SearchAction","target":{"@type":"EntryPoint","urlTemplate":"https:\/\/www.reseau-mesure.com\/?s={search_term_string}"},"query-input":{"@type":"PropertyValueSpecification","valueRequired":true,"valueName":"search_term_string"}}],"inLanguage":"de"},{"@type":"Organization","@id":"https:\/\/www.reseau-mesure.com\/#organization","name":"Netzwerk-Messung","url":"https:\/\/www.reseau-mesure.com\/","logo":{"@type":"ImageObject","inLanguage":"de","@id":"https:\/\/www.reseau-mesure.com\/#\/schema\/logo\/image\/","url":"https:\/\/www.reseau-mesure.com\/wp-content\/uploads\/2018\/02\/logo-max.png","contentUrl":"https:\/\/www.reseau-mesure.com\/wp-content\/uploads\/2018\/02\/logo-max.png","width":545,"height":285,"caption":"R\u00e9seau-Mesure"},"image":{"@id":"https:\/\/www.reseau-mesure.com\/#\/schema\/logo\/image\/"},"sameAs":["https:\/\/www.facebook.com\/reseaumesure\/","https:\/\/x.com\/ReseauMesure","https:\/\/www.linkedin.com\/company\/reseau-mesure\/"]}]}},"_links":{"self":[{"href":"https:\/\/www.reseau-mesure.com\/de\/wp-json\/wp\/v2\/pages\/11878","targetHints":{"allow":["GET"]}}],"collection":[{"href":"https:\/\/www.reseau-mesure.com\/de\/wp-json\/wp\/v2\/pages"}],"about":[{"href":"https:\/\/www.reseau-mesure.com\/de\/wp-json\/wp\/v2\/types\/page"}],"author":[{"embeddable":true,"href":"https:\/\/www.reseau-mesure.com\/de\/wp-json\/wp\/v2\/users\/349"}],"replies":[{"embeddable":true,"href":"https:\/\/www.reseau-mesure.com\/de\/wp-json\/wp\/v2\/comments?post=11878"}],"version-history":[{"count":0,"href":"https:\/\/www.reseau-mesure.com\/de\/wp-json\/wp\/v2\/pages\/11878\/revisions"}],"wp:attachment":[{"href":"https:\/\/www.reseau-mesure.com\/de\/wp-json\/wp\/v2\/media?parent=11878"}],"curies":[{"name":"wp","href":"https:\/\/api.w.org\/{rel}","templated":true}]}}