{"id":11937,"date":"2020-12-14T16:51:16","date_gmt":"2020-12-14T15:51:16","guid":{"rendered":"https:\/\/www.reseau-mesure.com\/?page_id=11937"},"modified":"2021-06-17T12:08:16","modified_gmt":"2021-06-17T10:08:16","slug":"formation-google-adwords","status":"publish","type":"page","link":"https:\/\/www.reseau-mesure.com\/de\/formation-google-adwords\/","title":{"rendered":"Google Werbung"},"content":{"rendered":"<img loading=\"lazy\" decoding=\"async\" src=\"https:\/\/www.reseau-mesure.com\/wp-content\/uploads\/2020\/12\/Google_Ads_logo.svg_.png\" alt=\"formation ggoome ads\" itemprop=\"image\" height=\"126\" width=\"401\" title=\"Google_Ads_logo.svg\" onerror=\"this.style.display='none'\"  \/>\n\t<p>&nbsp;<\/p>\n<p>&nbsp;<\/p>\n\n\t\t\t\t<img loading=\"lazy\" decoding=\"async\" src=\"https:\/\/www.reseau-mesure.com\/wp-content\/uploads\/2020\/12\/GOOGLE-ADS-1.jpg\" alt=\"GOOGLE ADS\" itemprop=\"image\" height=\"118\" width=\"315\" title=\"GOOGLE ADS\" onerror=\"this.style.display='none'\"  \/>\n\t<h2><strong>Google Ads-Schulung: <\/strong><strong><em>LEVEL 1<\/em><\/strong><\/h2>\n<h2><strong> Platzierung von r<\/strong><strong>gesponserte SEO mit Google Ads<br \/>\n<\/strong><strong>f\u00fcr Messgesch\u00e4fte.\u00a0<\/strong><\/h2>\n\t<p>&nbsp;<\/p>\n\n\t\t\t\t<img loading=\"lazy\" decoding=\"async\" src=\"https:\/\/www.reseau-mesure.com\/wp-content\/uploads\/2020\/12\/laptop-150x150.png\" alt=\"laptop\" itemprop=\"image\" height=\"150\" width=\"150\" title=\"Laptop\" onerror=\"this.style.display='none'\"  \/>\n\t<p>Nutzen Sie einen Schulungstag zu Google Adwords:<\/p>\n<ul>\n<li><strong>Warum AdWords verwenden?<\/strong><\/li>\n<li><strong>Er\u00f6ffnung eines Google-Kontos<\/strong><\/li>\n<li><strong>Er\u00f6ffnung eines AdWords-Kontos<\/strong><\/li>\n<li><strong>Anlegen eines Administrator-\/Benutzerkontos (f\u00fcr Agenturen)<\/strong><\/li>\n<li><strong>Kampagne erstellen<\/strong>\u00a0:\n<ul>\n<li>Sendedatum<\/li>\n<li>Sendeplan<\/li>\n<li>Keyword-Strategie<\/li>\n<li>Startseiten<\/li>\n<\/ul>\n<\/li>\n<li><strong>Kampagnenoptimierung<\/strong>\u00a0:\n<ul>\n<li>Analyse<\/li>\n<li>Anzeigenoptimierung (Anzeigenerweiterung)<\/li>\n<li>Keyword-Optimierung.<\/li>\n<\/ul>\n<\/li>\n<li><strong>AdWords im Laufe der Zeit<\/strong>.<\/li>\n<\/ul>\n<p>Die Schulung wird von AcomService angeboten, einem Unternehmen, das sich auf digitale Kommunikations- und Internetkommunikationsstrategien f\u00fcr Industrieunternehmen und insbesondere auf Messungen spezialisiert hat.<\/p>\n\n<p>&nbsp;<\/p>\n<h2><\/h2>\n\t\t\t<a href=\"https:\/\/www.reseau-mesure.com\/wp-content\/uploads\/2021\/05\/2021-GoogleAds1-d-presentation-v1.pdf\" target=\"_blank\" role=\"button\" rel=\"noopener\">\n\t\t\t\t\t\t\tPr\u00e4sentation\n\t\t\t\t\t<\/a>\n\t\t\t<a href=\"https:\/\/www.reseau-mesure.com\/wp-content\/uploads\/2021\/05\/2021-GoogleAds1-d-programme-v1.pdf\" target=\"_blank\" role=\"button\" rel=\"noopener\">\n\t\t\t\t\t\t\tProgramm\n\t\t\t\t\t<\/a>\n\t\t\t<a href=\"mailto:confray@reseau-mesure.com\" target=\"_blank\" role=\"button\" rel=\"noopener\">\n\t\t\t\t\t\t\tAbonnementanfrage\n\t\t\t\t\t<\/a>\n\t<h2><strong>Google Ads-Schulung: <em>STUFE 2 \u2013 nur von Angesicht zu Angesicht\u00a0<\/em><\/strong><\/h2>\n<p>Haben Sie an der Ads Level 1-Schulung teilgenommen oder sind Sie bereits neu bei Ads und Ihre Ergebnisse passen nicht zu Ihnen?<\/p>\n<p>Dieses Training ist f\u00fcr Sie.<\/p>\n<p>In Gruppen von maximal 3 Personen arbeiten wir an Ihrer Kampagne, um sie zu analysieren, zu verstehen und zu verbessern.<\/p>\n<p>5 Wochen sp\u00e4ter haben Sie am zweiten Tag die M\u00f6glichkeit, Ihre Kampagne noch einmal zu analysieren und zu optimieren.<\/p>\n\n<p>H\u00f6ren Sie auf, Ihr Anzeigenbudget auszugeben, ohne sicher zu sein, dass es richtig ausgegeben wird.<\/p>\n<p>Vor der Durchf\u00fchrung der Schulung aus der Bestellung ist eine Verz\u00f6gerung von 1 Monat erforderlich.<\/p>\n<p>Schulung von 2 Tagen pro Gruppe von maximal 3 Unternehmen<\/p>\n<p>&nbsp;<\/p>\n\t\t\t<a href=\"https:\/\/www.reseau-mesure.com\/wp-content\/uploads\/2021\/06\/2021-GoogleAds2-p-presentation-v1.pdf\" target=\"_blank\" role=\"button\" rel=\"noopener\">\n\t\t\t\t\t\t\tPr\u00e4sentation\n\t\t\t\t\t<\/a>\n\t\t\t<a href=\"https:\/\/www.reseau-mesure.com\/wp-content\/uploads\/2021\/06\/2021-GoogleAds2-p-programme-v1.pdf\" target=\"_blank\" role=\"button\" rel=\"noopener\">\n\t\t\t\t\t\t\tProgramm\n\t\t\t\t\t<\/a>\n\t\t\t<a href=\"mailto:confray@reseau-mesure.com\" target=\"_blank\" role=\"button\" rel=\"noopener\">\n\t\t\t\t\t\t\tAbonnementanfrage\n\t\t\t\t\t<\/a>","protected":false},"excerpt":{"rendered":"<p>&nbsp; &nbsp; Schulung zu Google Ads: STUFE 1 Etablierung von Sponsored Referencing mit Google Ads f\u00fcr Messgewerke. Nutzen Sie einen Schulungstag zu Google Adwords: Warum AdWords verwenden? Er\u00f6ffnen eines Google-Kontos Er\u00f6ffnen eines Adwords-Kontos Erstellen eines Administrator- \/ Benutzerkontos (f\u00fcr Agenturen) Erstellen einer Kampagne:\u2026<\/p>","protected":false},"author":349,"featured_media":0,"parent":0,"menu_order":0,"comment_status":"closed","ping_status":"closed","template":"","meta":{"_acf_changed":false,"footnotes":""},"class_list":["post-11937","page","type-page","status-publish","hentry"],"acf":[],"yoast_head":"<!-- This site is optimized with the Yoast SEO plugin v27.3 - https:\/\/yoast.com\/product\/yoast-seo-wordpress\/ -->\n<title>Google ADwords - R\u00e9seau Mesure<\/title>\n<meta name=\"robots\" content=\"index, follow, max-snippet:-1, max-image-preview:large, max-video-preview:-1\" \/>\n<link rel=\"canonical\" href=\"https:\/\/www.reseau-mesure.com\/de\/formation-google-adwords\/\" \/>\n<meta property=\"og:locale\" content=\"de_DE\" \/>\n<meta property=\"og:type\" content=\"article\" \/>\n<meta property=\"og:title\" content=\"Google ADwords - R\u00e9seau Mesure\" \/>\n<meta property=\"og:description\" content=\"&nbsp; &nbsp; Formation sur Google Ads: NIVEAU 1 Mise en place du r\u00e9f\u00e9rencement sponsoris\u00e9 avec Google Ads pour les m\u00e9tiers de la mesure.\u00a0 &nbsp; Profitez d&rsquo;une journ\u00e9e de formation sur Google Adwords\u00a0: Pourquoi utiliser Adwords\u00a0? Ouverture d&rsquo;un compte Google Ouverture d&rsquo;un compte Adwords Cr\u00e9ation d&rsquo;un compte administrateur \/ utilisateur (pour les agences) Cr\u00e9ation d&rsquo;une campagne\u00a0:&hellip;\" \/>\n<meta property=\"og:url\" content=\"https:\/\/www.reseau-mesure.com\/de\/formation-google-adwords\/\" \/>\n<meta property=\"og:site_name\" content=\"R\u00e9seau Mesure\" \/>\n<meta property=\"article:publisher\" content=\"https:\/\/www.facebook.com\/reseaumesure\/\" \/>\n<meta property=\"article:modified_time\" content=\"2021-06-17T10:08:16+00:00\" \/>\n<meta property=\"og:image\" content=\"https:\/\/www.reseau-mesure.com\/wp-content\/uploads\/2020\/12\/Google_Ads_logo.svg_.png\" \/>\n<meta name=\"twitter:card\" content=\"summary_large_image\" \/>\n<meta name=\"twitter:site\" content=\"@ReseauMesure\" \/>\n<meta name=\"twitter:label1\" content=\"Gesch\u00e4tzte Lesezeit\" \/>\n\t<meta name=\"twitter:data1\" content=\"1\u00a0Minute\" \/>\n<script type=\"application\/ld+json\" class=\"yoast-schema-graph\">{\"@context\":\"https:\\\/\\\/schema.org\",\"@graph\":[{\"@type\":\"WebPage\",\"@id\":\"https:\\\/\\\/www.reseau-mesure.com\\\/de\\\/formation-google-adwords\\\/\",\"url\":\"https:\\\/\\\/www.reseau-mesure.com\\\/de\\\/formation-google-adwords\\\/\",\"name\":\"Google ADwords - R\u00e9seau Mesure\",\"isPartOf\":{\"@id\":\"https:\\\/\\\/www.reseau-mesure.com\\\/#website\"},\"primaryImageOfPage\":{\"@id\":\"https:\\\/\\\/www.reseau-mesure.com\\\/de\\\/formation-google-adwords\\\/#primaryimage\"},\"image\":{\"@id\":\"https:\\\/\\\/www.reseau-mesure.com\\\/de\\\/formation-google-adwords\\\/#primaryimage\"},\"thumbnailUrl\":\"https:\\\/\\\/www.reseau-mesure.com\\\/wp-content\\\/uploads\\\/2020\\\/12\\\/Google_Ads_logo.svg_.png\",\"datePublished\":\"2020-12-14T15:51:16+00:00\",\"dateModified\":\"2021-06-17T10:08:16+00:00\",\"breadcrumb\":{\"@id\":\"https:\\\/\\\/www.reseau-mesure.com\\\/de\\\/formation-google-adwords\\\/#breadcrumb\"},\"inLanguage\":\"de\",\"potentialAction\":[{\"@type\":\"ReadAction\",\"target\":[\"https:\\\/\\\/www.reseau-mesure.com\\\/de\\\/formation-google-adwords\\\/\"]}]},{\"@type\":\"ImageObject\",\"inLanguage\":\"de\",\"@id\":\"https:\\\/\\\/www.reseau-mesure.com\\\/de\\\/formation-google-adwords\\\/#primaryimage\",\"url\":\"https:\\\/\\\/www.reseau-mesure.com\\\/wp-content\\\/uploads\\\/2020\\\/12\\\/Google_Ads_logo.svg_.png\",\"contentUrl\":\"https:\\\/\\\/www.reseau-mesure.com\\\/wp-content\\\/uploads\\\/2020\\\/12\\\/Google_Ads_logo.svg_.png\"},{\"@type\":\"BreadcrumbList\",\"@id\":\"https:\\\/\\\/www.reseau-mesure.com\\\/de\\\/formation-google-adwords\\\/#breadcrumb\",\"itemListElement\":[{\"@type\":\"ListItem\",\"position\":1,\"name\":\"Accueil\",\"item\":\"https:\\\/\\\/www.reseau-mesure.com\\\/\"},{\"@type\":\"ListItem\",\"position\":2,\"name\":\"Google ADwords\"}]},{\"@type\":\"WebSite\",\"@id\":\"https:\\\/\\\/www.reseau-mesure.com\\\/#website\",\"url\":\"https:\\\/\\\/www.reseau-mesure.com\\\/\",\"name\":\"R\u00e9seau-Mesure\",\"description\":\"R\u00e9seau Mesure\",\"publisher\":{\"@id\":\"https:\\\/\\\/www.reseau-mesure.com\\\/#organization\"},\"potentialAction\":[{\"@type\":\"SearchAction\",\"target\":{\"@type\":\"EntryPoint\",\"urlTemplate\":\"https:\\\/\\\/www.reseau-mesure.com\\\/?s={search_term_string}\"},\"query-input\":{\"@type\":\"PropertyValueSpecification\",\"valueRequired\":true,\"valueName\":\"search_term_string\"}}],\"inLanguage\":\"de\"},{\"@type\":\"Organization\",\"@id\":\"https:\\\/\\\/www.reseau-mesure.com\\\/#organization\",\"name\":\"R\u00e9seau-Mesure\",\"url\":\"https:\\\/\\\/www.reseau-mesure.com\\\/\",\"logo\":{\"@type\":\"ImageObject\",\"inLanguage\":\"de\",\"@id\":\"https:\\\/\\\/www.reseau-mesure.com\\\/#\\\/schema\\\/logo\\\/image\\\/\",\"url\":\"https:\\\/\\\/www.reseau-mesure.com\\\/wp-content\\\/uploads\\\/2018\\\/02\\\/logo-max.png\",\"contentUrl\":\"https:\\\/\\\/www.reseau-mesure.com\\\/wp-content\\\/uploads\\\/2018\\\/02\\\/logo-max.png\",\"width\":545,\"height\":285,\"caption\":\"R\u00e9seau-Mesure\"},\"image\":{\"@id\":\"https:\\\/\\\/www.reseau-mesure.com\\\/#\\\/schema\\\/logo\\\/image\\\/\"},\"sameAs\":[\"https:\\\/\\\/www.facebook.com\\\/reseaumesure\\\/\",\"https:\\\/\\\/x.com\\\/ReseauMesure\",\"https:\\\/\\\/www.linkedin.com\\\/company\\\/reseau-mesure\\\/\"]}]}<\/script>\n<!-- \/ Yoast SEO plugin. -->","yoast_head_json":{"title":"Google ADwords - R\u00e9seau Mesure","robots":{"index":"index","follow":"follow","max-snippet":"max-snippet:-1","max-image-preview":"max-image-preview:large","max-video-preview":"max-video-preview:-1"},"canonical":"https:\/\/www.reseau-mesure.com\/de\/formation-google-adwords\/","og_locale":"de_DE","og_type":"article","og_title":"Google ADwords - R\u00e9seau Mesure","og_description":"&nbsp; &nbsp; Formation sur Google Ads: NIVEAU 1 Mise en place du r\u00e9f\u00e9rencement sponsoris\u00e9 avec Google Ads pour les m\u00e9tiers de la mesure.\u00a0 &nbsp; Profitez d&rsquo;une journ\u00e9e de formation sur Google Adwords\u00a0: Pourquoi utiliser Adwords\u00a0? Ouverture d&rsquo;un compte Google Ouverture d&rsquo;un compte Adwords Cr\u00e9ation d&rsquo;un compte administrateur \/ utilisateur (pour les agences) Cr\u00e9ation d&rsquo;une campagne\u00a0:&hellip;","og_url":"https:\/\/www.reseau-mesure.com\/de\/formation-google-adwords\/","og_site_name":"R\u00e9seau Mesure","article_publisher":"https:\/\/www.facebook.com\/reseaumesure\/","article_modified_time":"2021-06-17T10:08:16+00:00","og_image":[{"url":"https:\/\/www.reseau-mesure.com\/wp-content\/uploads\/2020\/12\/Google_Ads_logo.svg_.png","type":"","width":"","height":""}],"twitter_card":"summary_large_image","twitter_site":"@ReseauMesure","twitter_misc":{"Gesch\u00e4tzte Lesezeit":"1\u00a0Minute"},"schema":{"@context":"https:\/\/schema.org","@graph":[{"@type":"WebPage","@id":"https:\/\/www.reseau-mesure.com\/de\/formation-google-adwords\/","url":"https:\/\/www.reseau-mesure.com\/de\/formation-google-adwords\/","name":"Google ADwords - R\u00e9seau Mesure","isPartOf":{"@id":"https:\/\/www.reseau-mesure.com\/#website"},"primaryImageOfPage":{"@id":"https:\/\/www.reseau-mesure.com\/de\/formation-google-adwords\/#primaryimage"},"image":{"@id":"https:\/\/www.reseau-mesure.com\/de\/formation-google-adwords\/#primaryimage"},"thumbnailUrl":"https:\/\/www.reseau-mesure.com\/wp-content\/uploads\/2020\/12\/Google_Ads_logo.svg_.png","datePublished":"2020-12-14T15:51:16+00:00","dateModified":"2021-06-17T10:08:16+00:00","breadcrumb":{"@id":"https:\/\/www.reseau-mesure.com\/de\/formation-google-adwords\/#breadcrumb"},"inLanguage":"de","potentialAction":[{"@type":"ReadAction","target":["https:\/\/www.reseau-mesure.com\/de\/formation-google-adwords\/"]}]},{"@type":"ImageObject","inLanguage":"de","@id":"https:\/\/www.reseau-mesure.com\/de\/formation-google-adwords\/#primaryimage","url":"https:\/\/www.reseau-mesure.com\/wp-content\/uploads\/2020\/12\/Google_Ads_logo.svg_.png","contentUrl":"https:\/\/www.reseau-mesure.com\/wp-content\/uploads\/2020\/12\/Google_Ads_logo.svg_.png"},{"@type":"BreadcrumbList","@id":"https:\/\/www.reseau-mesure.com\/de\/formation-google-adwords\/#breadcrumb","itemListElement":[{"@type":"ListItem","position":1,"name":"Accueil","item":"https:\/\/www.reseau-mesure.com\/"},{"@type":"ListItem","position":2,"name":"Google ADwords"}]},{"@type":"WebSite","@id":"https:\/\/www.reseau-mesure.com\/#website","url":"https:\/\/www.reseau-mesure.com\/","name":"Netzwerk-Messung","description":"Netzwerkma\u00dfnahme","publisher":{"@id":"https:\/\/www.reseau-mesure.com\/#organization"},"potentialAction":[{"@type":"SearchAction","target":{"@type":"EntryPoint","urlTemplate":"https:\/\/www.reseau-mesure.com\/?s={search_term_string}"},"query-input":{"@type":"PropertyValueSpecification","valueRequired":true,"valueName":"search_term_string"}}],"inLanguage":"de"},{"@type":"Organization","@id":"https:\/\/www.reseau-mesure.com\/#organization","name":"Netzwerk-Messung","url":"https:\/\/www.reseau-mesure.com\/","logo":{"@type":"ImageObject","inLanguage":"de","@id":"https:\/\/www.reseau-mesure.com\/#\/schema\/logo\/image\/","url":"https:\/\/www.reseau-mesure.com\/wp-content\/uploads\/2018\/02\/logo-max.png","contentUrl":"https:\/\/www.reseau-mesure.com\/wp-content\/uploads\/2018\/02\/logo-max.png","width":545,"height":285,"caption":"R\u00e9seau-Mesure"},"image":{"@id":"https:\/\/www.reseau-mesure.com\/#\/schema\/logo\/image\/"},"sameAs":["https:\/\/www.facebook.com\/reseaumesure\/","https:\/\/x.com\/ReseauMesure","https:\/\/www.linkedin.com\/company\/reseau-mesure\/"]}]}},"_links":{"self":[{"href":"https:\/\/www.reseau-mesure.com\/de\/wp-json\/wp\/v2\/pages\/11937","targetHints":{"allow":["GET"]}}],"collection":[{"href":"https:\/\/www.reseau-mesure.com\/de\/wp-json\/wp\/v2\/pages"}],"about":[{"href":"https:\/\/www.reseau-mesure.com\/de\/wp-json\/wp\/v2\/types\/page"}],"author":[{"embeddable":true,"href":"https:\/\/www.reseau-mesure.com\/de\/wp-json\/wp\/v2\/users\/349"}],"replies":[{"embeddable":true,"href":"https:\/\/www.reseau-mesure.com\/de\/wp-json\/wp\/v2\/comments?post=11937"}],"version-history":[{"count":0,"href":"https:\/\/www.reseau-mesure.com\/de\/wp-json\/wp\/v2\/pages\/11937\/revisions"}],"wp:attachment":[{"href":"https:\/\/www.reseau-mesure.com\/de\/wp-json\/wp\/v2\/media?parent=11937"}],"curies":[{"name":"wp","href":"https:\/\/api.w.org\/{rel}","templated":true}]}}