{"id":12039,"date":"2020-12-17T19:25:42","date_gmt":"2020-12-17T18:25:42","guid":{"rendered":"https:\/\/www.reseau-mesure.com\/?page_id=12039"},"modified":"2020-12-21T10:15:26","modified_gmt":"2020-12-21T09:15:26","slug":"diagnostic-de-performance-commerciale","status":"publish","type":"page","link":"https:\/\/www.reseau-mesure.com\/de\/diagnostic-de-performance-commerciale\/","title":{"rendered":"Diagnose der Gesch\u00e4ftsleistung"},"content":{"rendered":"<h2>\n\t\tBUSINESS PERFORMANCE DIAGNOSIS\n\t<\/h2>\n\t<p>&nbsp;<\/p>\n<p>In einem komplizierten Gesundheitskontext fragen sich Unternehmen, wie sie ihre kommerzielle Produktivit\u00e4t optimieren k\u00f6nnen.<\/p>\n<ul>\n<li>Wie sehen Sie aus, wenn Sie die Kunden nicht sehen k\u00f6nnen?<\/li>\n<li>Wie kann man aus der Ferne verkaufen und mit welchen Tools?<\/li>\n<li>Wie verwaltet man die Aktivit\u00e4t von Verk\u00e4ufern?<\/li>\n<li>Wie verwandle ich Z\u00fcchter in J\u00e4ger?<\/li>\n<li>Wie gelingt es, teurer zu verkaufen?<\/li>\n<li>So viele Fragen, mit denen sich unsere Berater besch\u00e4ftigen, allesamt erfahren und Gegenstand zahlreicher Eins\u00e4tze<\/li>\n<\/ul>\n<p>&nbsp;<\/p>\n<h2><\/h2>\n<h2>Diagnoseziele<\/h2>\n<p>&nbsp;<\/p>\n<p>Qwantiq bietet allen Mitgliedern des Messnetzwerks eine kommerzielle Leistungsdiagnose mit Hilfe eines Fragebogens an.<\/p>\n<p>Pragmatisch gesehen hat diese Diagnose bereits vielen Unternehmen erm\u00f6glicht, Leistungshebel schnell zu identifizieren und Ergebnisse zu erzielen. Es ist v\u00f6llig kostenlos und verpflichtet Sie zu nichts.<\/p>\n<p>Mit dieser Diagnose k\u00f6nnen Sie in wenigen Minuten einige Bereiche mit Verbesserungspotenzial identifizieren, wie zum Beispiel:<\/p>\n<ul>\n<li><strong>Ihre F\u00e4higkeit, eingehende Leads zu generieren.<br \/>\n<\/strong>Ihr Wachstum h\u00e4ngt von Ihrer F\u00e4higkeit ab, neue Chancen sowohl bei Kunden als auch bei Interessenten zu erkennen. Mit diesen wenigen Fragen k\u00f6nnen Sie sich zur Effizienz Ihrer Prozesse, Methoden und Werkzeuge positionieren.<\/li>\n<li><strong>Ihre F\u00e4higkeit, neue Kunden zu gewinnen.<\/strong><br \/>\nF\u00fcr bessere Ergebnisse m\u00f6chten Sie mehr Kunden in Ihren Portfolios. Sind Ihre Verk\u00e4ufer f\u00fcr das Rennen ausgeschnitten? Haben sie die richtigen Methoden? Wissen Sie, wie Sie sie verg\u00fcten und verwalten k\u00f6nnen, um ihre Ziele zu erreichen? Mit wenigen Klicks wissen Sie mehr.<\/li>\n<li><strong>Ihre F\u00e4higkeit, Kunden zu entwickeln<\/strong><br \/>\nSie haben bereits genug Kunden, m\u00f6chten aber jedem von ihnen Marktanteile abnehmen. Haben Sie die besten Praktiken, um dies zu erreichen?<\/li>\n<li><strong>Ihre F\u00e4higkeit, neue Produkte auf den Markt zu bringen.<\/strong><br \/>\nSie haben Ihre neuen Produkte endlich fertiggestellt und sind bereit, sie zu vermarkten. Ein Teil des Erfolgs liegt in den H\u00e4nden Ihrer Verk\u00e4ufer. Sind sie so ausgestattet, dass Sie zufrieden sind?<\/li>\n<li><strong>Ihre F\u00e4higkeit, Kunden zu binden<\/strong><br \/>\nSie sehen, dass Ihre Kundenportfolios erodieren. Identifizieren Sie in einigen Fragen, was zu tun ist.<\/li>\n<li><strong>Ihre F\u00e4higkeit, zum richtigen Preis zu verkaufen<\/strong><br \/>\nIhre Kunden verhandeln immer mehr und dies wirkt sich auf Ihre Margen aus. Welche Hebel zu verwenden<br \/>\num den Schuss zu korrigieren<\/li>\n<li><strong>Ihre F\u00e4higkeit, Ihre Vertriebsmitarbeiter ordnungsgem\u00e4\u00df zu verwalten<\/strong><br \/>\nUm ihre Ziele zu erreichen, m\u00fcssen Ihre Verk\u00e4ufer gen\u00fcgend Anstrengungen unternehmen<br \/>\nund am richtigen Ort. Haben Sie die Mittel eingerichtet, um sie zu verwalten?<\/li>\n<li><strong>Ihre F\u00e4higkeit, Engagement zu gewinnen<\/strong><br \/>\nWir alle wissen, dass Motivation eine Quelle des Erfolgs ist, wenn wir wissen, wie man sie kanalisiert. Osten<br \/>\ndas ist dein Fall<\/li>\n<li><strong>Ihre F\u00e4higkeit, sich an den aktuellen Kontext anzupassen und Remote- und physische Termine intelligent zu mischen <\/strong><br \/>\nIst es Ihren Verk\u00e4ufern gelungen, ihr Kundenportfolio oder ihre potenziellen Kunden aus der Ferne, am Telefon oder in Visio zu bearbeiten? Haben Sie es geschafft, Ihr Management anzupassen?<br \/>\nWissen Sie, welchen Schritt des Prozesses Sie aus der Ferne ausf\u00fchren m\u00fcssen? Sind sie effektiv?<\/li>\n<\/ul>\n\t\t\t<a href=\"https:\/\/www.reseau-mesure.com\/wp-content\/uploads\/2020\/12\/2020-12-Reseau-mesure-DIAG.pdf\" target=\"_blank\" role=\"button\" rel=\"noopener noreferrer\">\n\t\t\t\t\t\t\tIch konsultiere die Details des Angebots\n\t\t\t\t\t<\/a>\n\t\t\t<a href=\"https:\/\/fr.surveymonkey.com\/r\/G6Q27PV\" target=\"_blank\" role=\"button\" rel=\"noopener noreferrer\">\n\t\t\t\t\t\t\tIch beantworte hier den Fragebogen\n\t\t\t\t\t<\/a>","protected":false},"excerpt":{"rendered":"<p>DIAGNOSE DER VERKAUFSLEISTUNG In einem komplizierten Gesundheitskontext fragen sich Unternehmen, wie sie ihre Vertriebsproduktivit\u00e4t optimieren k\u00f6nnen. Wie gehen Sie vor, wenn Sie die Kunden nicht sehen k\u00f6nnen? Wie verkaufe ich aus der Ferne und mit welchen Tools? Wie verwaltet man die Aktivit\u00e4t von Verk\u00e4ufern? Wie verwandelt man Z\u00fcchter in J\u00e4ger? Wie? \u201aOder\u2018 Was\u2026<\/p>","protected":false},"author":685,"featured_media":0,"parent":0,"menu_order":0,"comment_status":"closed","ping_status":"closed","template":"","meta":{"_acf_changed":false,"footnotes":""},"class_list":["post-12039","page","type-page","status-publish","hentry"],"acf":[],"yoast_head":"<!-- This site is optimized with the Yoast SEO plugin v27.3 - https:\/\/yoast.com\/product\/yoast-seo-wordpress\/ -->\n<title>Diagnostic de performance commerciale - R\u00e9seau Mesure<\/title>\n<meta name=\"robots\" content=\"index, follow, max-snippet:-1, max-image-preview:large, max-video-preview:-1\" \/>\n<link rel=\"canonical\" href=\"https:\/\/www.reseau-mesure.com\/de\/diagnostic-de-performance-commerciale\/\" \/>\n<meta property=\"og:locale\" content=\"de_DE\" \/>\n<meta property=\"og:type\" content=\"article\" \/>\n<meta property=\"og:title\" content=\"Diagnostic de performance commerciale - R\u00e9seau Mesure\" \/>\n<meta property=\"og:description\" content=\"DIAGNOSTIC DE PERFORMANCE COMMERCIALE &nbsp; Dans un contexte sanitaire compliqu\u00e9, les entreprises s&rsquo;interrogent sur les moyens pour optimiser leur productivit\u00e9 commerciale. Comment prospecter quand on ne peut pas voir les clients ? Comment vendre \u00e0 distance et avec quels outils ? Comment piloter l&rsquo;activit\u00e9 des commerciaux ? Comment transformer des \u00e9leveurs en chasseurs ? Comment&hellip;\" \/>\n<meta property=\"og:url\" content=\"https:\/\/www.reseau-mesure.com\/de\/diagnostic-de-performance-commerciale\/\" \/>\n<meta property=\"og:site_name\" content=\"R\u00e9seau Mesure\" \/>\n<meta property=\"article:publisher\" content=\"https:\/\/www.facebook.com\/reseaumesure\/\" \/>\n<meta property=\"article:modified_time\" content=\"2020-12-21T09:15:26+00:00\" \/>\n<meta name=\"twitter:card\" content=\"summary_large_image\" \/>\n<meta name=\"twitter:site\" content=\"@ReseauMesure\" \/>\n<meta name=\"twitter:label1\" content=\"Gesch\u00e4tzte Lesezeit\" \/>\n\t<meta name=\"twitter:data1\" content=\"2\u00a0Minuten\" \/>\n<script type=\"application\/ld+json\" class=\"yoast-schema-graph\">{\"@context\":\"https:\\\/\\\/schema.org\",\"@graph\":[{\"@type\":\"WebPage\",\"@id\":\"https:\\\/\\\/www.reseau-mesure.com\\\/en\\\/diagnostic-de-performance-commerciale\\\/\",\"url\":\"https:\\\/\\\/www.reseau-mesure.com\\\/en\\\/diagnostic-de-performance-commerciale\\\/\",\"name\":\"Diagnostic de performance commerciale - R\u00e9seau Mesure\",\"isPartOf\":{\"@id\":\"https:\\\/\\\/www.reseau-mesure.com\\\/#website\"},\"datePublished\":\"2020-12-17T18:25:42+00:00\",\"dateModified\":\"2020-12-21T09:15:26+00:00\",\"breadcrumb\":{\"@id\":\"https:\\\/\\\/www.reseau-mesure.com\\\/en\\\/diagnostic-de-performance-commerciale\\\/#breadcrumb\"},\"inLanguage\":\"de\",\"potentialAction\":[{\"@type\":\"ReadAction\",\"target\":[\"https:\\\/\\\/www.reseau-mesure.com\\\/en\\\/diagnostic-de-performance-commerciale\\\/\"]}]},{\"@type\":\"BreadcrumbList\",\"@id\":\"https:\\\/\\\/www.reseau-mesure.com\\\/en\\\/diagnostic-de-performance-commerciale\\\/#breadcrumb\",\"itemListElement\":[{\"@type\":\"ListItem\",\"position\":1,\"name\":\"Accueil\",\"item\":\"https:\\\/\\\/www.reseau-mesure.com\\\/\"},{\"@type\":\"ListItem\",\"position\":2,\"name\":\"Diagnostic de performance commerciale\"}]},{\"@type\":\"WebSite\",\"@id\":\"https:\\\/\\\/www.reseau-mesure.com\\\/#website\",\"url\":\"https:\\\/\\\/www.reseau-mesure.com\\\/\",\"name\":\"R\u00e9seau-Mesure\",\"description\":\"R\u00e9seau Mesure\",\"publisher\":{\"@id\":\"https:\\\/\\\/www.reseau-mesure.com\\\/#organization\"},\"potentialAction\":[{\"@type\":\"SearchAction\",\"target\":{\"@type\":\"EntryPoint\",\"urlTemplate\":\"https:\\\/\\\/www.reseau-mesure.com\\\/?s={search_term_string}\"},\"query-input\":{\"@type\":\"PropertyValueSpecification\",\"valueRequired\":true,\"valueName\":\"search_term_string\"}}],\"inLanguage\":\"de\"},{\"@type\":\"Organization\",\"@id\":\"https:\\\/\\\/www.reseau-mesure.com\\\/#organization\",\"name\":\"R\u00e9seau-Mesure\",\"url\":\"https:\\\/\\\/www.reseau-mesure.com\\\/\",\"logo\":{\"@type\":\"ImageObject\",\"inLanguage\":\"de\",\"@id\":\"https:\\\/\\\/www.reseau-mesure.com\\\/#\\\/schema\\\/logo\\\/image\\\/\",\"url\":\"https:\\\/\\\/www.reseau-mesure.com\\\/wp-content\\\/uploads\\\/2018\\\/02\\\/logo-max.png\",\"contentUrl\":\"https:\\\/\\\/www.reseau-mesure.com\\\/wp-content\\\/uploads\\\/2018\\\/02\\\/logo-max.png\",\"width\":545,\"height\":285,\"caption\":\"R\u00e9seau-Mesure\"},\"image\":{\"@id\":\"https:\\\/\\\/www.reseau-mesure.com\\\/#\\\/schema\\\/logo\\\/image\\\/\"},\"sameAs\":[\"https:\\\/\\\/www.facebook.com\\\/reseaumesure\\\/\",\"https:\\\/\\\/x.com\\\/ReseauMesure\",\"https:\\\/\\\/www.linkedin.com\\\/company\\\/reseau-mesure\\\/\"]}]}<\/script>\n<!-- \/ Yoast SEO plugin. -->","yoast_head_json":{"title":"Diagnostic de performance commerciale - R\u00e9seau Mesure","robots":{"index":"index","follow":"follow","max-snippet":"max-snippet:-1","max-image-preview":"max-image-preview:large","max-video-preview":"max-video-preview:-1"},"canonical":"https:\/\/www.reseau-mesure.com\/de\/diagnostic-de-performance-commerciale\/","og_locale":"de_DE","og_type":"article","og_title":"Diagnostic de performance commerciale - R\u00e9seau Mesure","og_description":"DIAGNOSTIC DE PERFORMANCE COMMERCIALE &nbsp; Dans un contexte sanitaire compliqu\u00e9, les entreprises s&rsquo;interrogent sur les moyens pour optimiser leur productivit\u00e9 commerciale. Comment prospecter quand on ne peut pas voir les clients ? Comment vendre \u00e0 distance et avec quels outils ? Comment piloter l&rsquo;activit\u00e9 des commerciaux ? Comment transformer des \u00e9leveurs en chasseurs ? Comment&hellip;","og_url":"https:\/\/www.reseau-mesure.com\/de\/diagnostic-de-performance-commerciale\/","og_site_name":"R\u00e9seau Mesure","article_publisher":"https:\/\/www.facebook.com\/reseaumesure\/","article_modified_time":"2020-12-21T09:15:26+00:00","twitter_card":"summary_large_image","twitter_site":"@ReseauMesure","twitter_misc":{"Gesch\u00e4tzte Lesezeit":"2\u00a0Minuten"},"schema":{"@context":"https:\/\/schema.org","@graph":[{"@type":"WebPage","@id":"https:\/\/www.reseau-mesure.com\/en\/diagnostic-de-performance-commerciale\/","url":"https:\/\/www.reseau-mesure.com\/en\/diagnostic-de-performance-commerciale\/","name":"Diagnostic de performance commerciale - R\u00e9seau Mesure","isPartOf":{"@id":"https:\/\/www.reseau-mesure.com\/#website"},"datePublished":"2020-12-17T18:25:42+00:00","dateModified":"2020-12-21T09:15:26+00:00","breadcrumb":{"@id":"https:\/\/www.reseau-mesure.com\/en\/diagnostic-de-performance-commerciale\/#breadcrumb"},"inLanguage":"de","potentialAction":[{"@type":"ReadAction","target":["https:\/\/www.reseau-mesure.com\/en\/diagnostic-de-performance-commerciale\/"]}]},{"@type":"BreadcrumbList","@id":"https:\/\/www.reseau-mesure.com\/en\/diagnostic-de-performance-commerciale\/#breadcrumb","itemListElement":[{"@type":"ListItem","position":1,"name":"Accueil","item":"https:\/\/www.reseau-mesure.com\/"},{"@type":"ListItem","position":2,"name":"Diagnostic de performance commerciale"}]},{"@type":"WebSite","@id":"https:\/\/www.reseau-mesure.com\/#website","url":"https:\/\/www.reseau-mesure.com\/","name":"Netzwerk-Messung","description":"Netzwerkma\u00dfnahme","publisher":{"@id":"https:\/\/www.reseau-mesure.com\/#organization"},"potentialAction":[{"@type":"SearchAction","target":{"@type":"EntryPoint","urlTemplate":"https:\/\/www.reseau-mesure.com\/?s={search_term_string}"},"query-input":{"@type":"PropertyValueSpecification","valueRequired":true,"valueName":"search_term_string"}}],"inLanguage":"de"},{"@type":"Organization","@id":"https:\/\/www.reseau-mesure.com\/#organization","name":"Netzwerk-Messung","url":"https:\/\/www.reseau-mesure.com\/","logo":{"@type":"ImageObject","inLanguage":"de","@id":"https:\/\/www.reseau-mesure.com\/#\/schema\/logo\/image\/","url":"https:\/\/www.reseau-mesure.com\/wp-content\/uploads\/2018\/02\/logo-max.png","contentUrl":"https:\/\/www.reseau-mesure.com\/wp-content\/uploads\/2018\/02\/logo-max.png","width":545,"height":285,"caption":"R\u00e9seau-Mesure"},"image":{"@id":"https:\/\/www.reseau-mesure.com\/#\/schema\/logo\/image\/"},"sameAs":["https:\/\/www.facebook.com\/reseaumesure\/","https:\/\/x.com\/ReseauMesure","https:\/\/www.linkedin.com\/company\/reseau-mesure\/"]}]}},"_links":{"self":[{"href":"https:\/\/www.reseau-mesure.com\/de\/wp-json\/wp\/v2\/pages\/12039","targetHints":{"allow":["GET"]}}],"collection":[{"href":"https:\/\/www.reseau-mesure.com\/de\/wp-json\/wp\/v2\/pages"}],"about":[{"href":"https:\/\/www.reseau-mesure.com\/de\/wp-json\/wp\/v2\/types\/page"}],"author":[{"embeddable":true,"href":"https:\/\/www.reseau-mesure.com\/de\/wp-json\/wp\/v2\/users\/685"}],"replies":[{"embeddable":true,"href":"https:\/\/www.reseau-mesure.com\/de\/wp-json\/wp\/v2\/comments?post=12039"}],"version-history":[{"count":0,"href":"https:\/\/www.reseau-mesure.com\/de\/wp-json\/wp\/v2\/pages\/12039\/revisions"}],"wp:attachment":[{"href":"https:\/\/www.reseau-mesure.com\/de\/wp-json\/wp\/v2\/media?parent=12039"}],"curies":[{"name":"wp","href":"https:\/\/api.w.org\/{rel}","templated":true}]}}