{"id":12160,"date":"2020-12-22T17:19:56","date_gmt":"2020-12-22T16:19:56","guid":{"rendered":"https:\/\/www.reseau-mesure.com\/?page_id=12160"},"modified":"2021-06-17T11:46:35","modified_gmt":"2021-06-17T09:46:35","slug":"ecrire-sur-le-web","status":"publish","type":"page","link":"https:\/\/www.reseau-mesure.com\/de\/ecrire-sur-le-web\/","title":{"rendered":"Schreiben Sie im Web"},"content":{"rendered":"<img loading=\"lazy\" decoding=\"async\" src=\"https:\/\/www.reseau-mesure.com\/wp-content\/uploads\/2020\/12\/seo-ecrire-sur-le-web-300x183.jpg\" alt=\"ecrire sur le web -seo\" itemprop=\"image\" height=\"183\" width=\"300\" title=\"SEO-Schreiben im Web\" onerror=\"this.style.display='none'\"  \/>\n\t<p>&nbsp;<\/p>\n\n\t<p>&nbsp;<\/p>\n<table width=\"100%\">\n<tbody>\n<tr>\n<td>\u201eInhalt ist K\u00f6nig\u201c, sagte Bill Gates.\n<p>Wenn dies immer noch zutrifft, m\u00fcssen Sie wissen, wie man f\u00fcr das Web schreibt. Sie schreiben im Internet nicht wie einen Brief.\u00a0<strong>Es gibt genaue Regeln, wichtige Tipps und unaufhaltsame Logik<\/strong>.<\/p>\n<p>Wenn Sie sich von anderen abheben und im Internet besser sein wollen als Ihr Mitbewerber, ist das kein Geheimnis, Sie m\u00fcssen Inhalte erstellen und diese f\u00fcr das Web (nicht nur f\u00fcr Google) optimieren.<\/p>\n<p>Nutzen Sie aktuelle Schulungen zum Schreiben im und f\u00fcr das Web: Informationen auf einer Site organisieren, Hypertext schreiben, Akzente setzen oder nicht, Wortstellungen, semantische Felder\u2026.<\/p>\n<p>Das Training ist praktisch und interaktiv und konzentriert sich auf den Bereich der Messung.<\/p>\n<p>Werden Sie der Meister Ihrer Inhalte und werden Sie im Internet unverzichtbar.<\/p>\n<p>Die Schulung wird von AcomService, Partner des Messnetzwerks und Spezialist f\u00fcr nat\u00fcrliche Referenzierung, angeboten.<\/p>\n<p>&nbsp;<\/p>\n\n<p>&nbsp;<\/p>\n&nbsp;<\/td>\n<\/tr>\n<\/tbody>\n<\/table>\n\t\t\t<a href=\"https:\/\/www.reseau-mesure.com\/wp-content\/uploads\/2021\/06\/2021-06-17-Ecriresurleweb-d-presentation.pdf\" target=\"_blank\" role=\"button\" rel=\"noopener\">\n\t\t\t\t\t\t\tPr\u00e4sentation\n\t\t\t\t\t<\/a>\n\t\t\t<a href=\"https:\/\/www.reseau-mesure.com\/wp-content\/uploads\/2021\/06\/2021-06-17-Ecriresurleweb-d-programme.pdf\" target=\"_blank\" role=\"button\" rel=\"noopener\">\n\t\t\t\t\t\t\tProgramm\n\t\t\t\t\t<\/a>\n\t\t\t<a href=\"mailto:confray@reseau-mesure.com\" target=\"_blank\" role=\"button\" rel=\"noopener\">\n\t\t\t\t\t\t\tAbonnementanfrage\n\t\t\t\t\t<\/a>","protected":false},"excerpt":{"rendered":"<p>&nbsp; &nbsp; \u201eInhalt ist K\u00f6nig\u201c, sagte Bill Gates. Wenn dies immer noch zutrifft, m\u00fcssen Sie wissen, wie man f\u00fcr das Web schreibt. Sie schreiben im Internet nicht wie einen Brief. Es gibt genaue Regeln, wichtige Tipps und eine unaufhaltsame Logik. Wenn Sie sich von der Masse abheben und besser sein wollen als Ihr ...<\/p>","protected":false},"author":349,"featured_media":0,"parent":0,"menu_order":0,"comment_status":"closed","ping_status":"closed","template":"","meta":{"_acf_changed":false,"footnotes":""},"class_list":["post-12160","page","type-page","status-publish","hentry"],"acf":[],"yoast_head":"<!-- This site is optimized with the Yoast SEO plugin v27.3 - https:\/\/yoast.com\/product\/yoast-seo-wordpress\/ -->\n<title>Ecrire sur le Web - R\u00e9seau Mesure<\/title>\n<meta name=\"description\" content=\"Si vous voulez vous diff\u00e9rencier des autres et \u00eatre plus visible, il faut \u00e9crire du contenu optimis\u00e9 pour le web. Soyez efficaces !\" \/>\n<meta name=\"robots\" content=\"index, follow, max-snippet:-1, max-image-preview:large, max-video-preview:-1\" \/>\n<link rel=\"canonical\" href=\"https:\/\/www.reseau-mesure.com\/de\/ecrire-sur-le-web\/\" \/>\n<meta property=\"og:locale\" content=\"de_DE\" \/>\n<meta property=\"og:type\" content=\"article\" \/>\n<meta property=\"og:title\" content=\"Ecrire sur le Web - R\u00e9seau Mesure\" \/>\n<meta property=\"og:description\" content=\"Si vous voulez vous diff\u00e9rencier des autres et \u00eatre plus visible, il faut \u00e9crire du contenu optimis\u00e9 pour le web. Soyez efficaces !\" \/>\n<meta property=\"og:url\" content=\"https:\/\/www.reseau-mesure.com\/de\/ecrire-sur-le-web\/\" \/>\n<meta property=\"og:site_name\" content=\"R\u00e9seau Mesure\" \/>\n<meta property=\"article:publisher\" content=\"https:\/\/www.facebook.com\/reseaumesure\/\" \/>\n<meta property=\"article:modified_time\" content=\"2021-06-17T09:46:35+00:00\" \/>\n<meta property=\"og:image\" content=\"https:\/\/www.reseau-mesure.com\/wp-content\/uploads\/2020\/12\/seo-ecrire-sur-le-web-300x183.jpg\" \/>\n<meta name=\"twitter:card\" content=\"summary_large_image\" \/>\n<meta name=\"twitter:site\" content=\"@ReseauMesure\" \/>\n<meta name=\"twitter:label1\" content=\"Gesch\u00e4tzte Lesezeit\" \/>\n\t<meta name=\"twitter:data1\" content=\"1\u00a0Minute\" \/>\n<script type=\"application\/ld+json\" class=\"yoast-schema-graph\">{\"@context\":\"https:\\\/\\\/schema.org\",\"@graph\":[{\"@type\":\"WebPage\",\"@id\":\"https:\\\/\\\/www.reseau-mesure.com\\\/de\\\/ecrire-sur-le-web\\\/\",\"url\":\"https:\\\/\\\/www.reseau-mesure.com\\\/de\\\/ecrire-sur-le-web\\\/\",\"name\":\"Ecrire sur le Web - R\u00e9seau Mesure\",\"isPartOf\":{\"@id\":\"https:\\\/\\\/www.reseau-mesure.com\\\/#website\"},\"primaryImageOfPage\":{\"@id\":\"https:\\\/\\\/www.reseau-mesure.com\\\/de\\\/ecrire-sur-le-web\\\/#primaryimage\"},\"image\":{\"@id\":\"https:\\\/\\\/www.reseau-mesure.com\\\/de\\\/ecrire-sur-le-web\\\/#primaryimage\"},\"thumbnailUrl\":\"https:\\\/\\\/www.reseau-mesure.com\\\/wp-content\\\/uploads\\\/2020\\\/12\\\/seo-ecrire-sur-le-web-300x183.jpg\",\"datePublished\":\"2020-12-22T16:19:56+00:00\",\"dateModified\":\"2021-06-17T09:46:35+00:00\",\"description\":\"Si vous voulez vous diff\u00e9rencier des autres et \u00eatre plus visible, il faut \u00e9crire du contenu optimis\u00e9 pour le web. Soyez efficaces !\",\"breadcrumb\":{\"@id\":\"https:\\\/\\\/www.reseau-mesure.com\\\/de\\\/ecrire-sur-le-web\\\/#breadcrumb\"},\"inLanguage\":\"de\",\"potentialAction\":[{\"@type\":\"ReadAction\",\"target\":[\"https:\\\/\\\/www.reseau-mesure.com\\\/de\\\/ecrire-sur-le-web\\\/\"]}]},{\"@type\":\"ImageObject\",\"inLanguage\":\"de\",\"@id\":\"https:\\\/\\\/www.reseau-mesure.com\\\/de\\\/ecrire-sur-le-web\\\/#primaryimage\",\"url\":\"https:\\\/\\\/www.reseau-mesure.com\\\/wp-content\\\/uploads\\\/2020\\\/12\\\/seo-ecrire-sur-le-web-300x183.jpg\",\"contentUrl\":\"https:\\\/\\\/www.reseau-mesure.com\\\/wp-content\\\/uploads\\\/2020\\\/12\\\/seo-ecrire-sur-le-web-300x183.jpg\"},{\"@type\":\"BreadcrumbList\",\"@id\":\"https:\\\/\\\/www.reseau-mesure.com\\\/de\\\/ecrire-sur-le-web\\\/#breadcrumb\",\"itemListElement\":[{\"@type\":\"ListItem\",\"position\":1,\"name\":\"Accueil\",\"item\":\"https:\\\/\\\/www.reseau-mesure.com\\\/\"},{\"@type\":\"ListItem\",\"position\":2,\"name\":\"Ecrire sur le Web\"}]},{\"@type\":\"WebSite\",\"@id\":\"https:\\\/\\\/www.reseau-mesure.com\\\/#website\",\"url\":\"https:\\\/\\\/www.reseau-mesure.com\\\/\",\"name\":\"R\u00e9seau-Mesure\",\"description\":\"R\u00e9seau Mesure\",\"publisher\":{\"@id\":\"https:\\\/\\\/www.reseau-mesure.com\\\/#organization\"},\"potentialAction\":[{\"@type\":\"SearchAction\",\"target\":{\"@type\":\"EntryPoint\",\"urlTemplate\":\"https:\\\/\\\/www.reseau-mesure.com\\\/?s={search_term_string}\"},\"query-input\":{\"@type\":\"PropertyValueSpecification\",\"valueRequired\":true,\"valueName\":\"search_term_string\"}}],\"inLanguage\":\"de\"},{\"@type\":\"Organization\",\"@id\":\"https:\\\/\\\/www.reseau-mesure.com\\\/#organization\",\"name\":\"R\u00e9seau-Mesure\",\"url\":\"https:\\\/\\\/www.reseau-mesure.com\\\/\",\"logo\":{\"@type\":\"ImageObject\",\"inLanguage\":\"de\",\"@id\":\"https:\\\/\\\/www.reseau-mesure.com\\\/#\\\/schema\\\/logo\\\/image\\\/\",\"url\":\"https:\\\/\\\/www.reseau-mesure.com\\\/wp-content\\\/uploads\\\/2018\\\/02\\\/logo-max.png\",\"contentUrl\":\"https:\\\/\\\/www.reseau-mesure.com\\\/wp-content\\\/uploads\\\/2018\\\/02\\\/logo-max.png\",\"width\":545,\"height\":285,\"caption\":\"R\u00e9seau-Mesure\"},\"image\":{\"@id\":\"https:\\\/\\\/www.reseau-mesure.com\\\/#\\\/schema\\\/logo\\\/image\\\/\"},\"sameAs\":[\"https:\\\/\\\/www.facebook.com\\\/reseaumesure\\\/\",\"https:\\\/\\\/x.com\\\/ReseauMesure\",\"https:\\\/\\\/www.linkedin.com\\\/company\\\/reseau-mesure\\\/\"]}]}<\/script>\n<!-- \/ Yoast SEO plugin. -->","yoast_head_json":{"title":"Ecrire sur le Web - R\u00e9seau Mesure","description":"Si vous voulez vous diff\u00e9rencier des autres et \u00eatre plus visible, il faut \u00e9crire du contenu optimis\u00e9 pour le web. Soyez efficaces !","robots":{"index":"index","follow":"follow","max-snippet":"max-snippet:-1","max-image-preview":"max-image-preview:large","max-video-preview":"max-video-preview:-1"},"canonical":"https:\/\/www.reseau-mesure.com\/de\/ecrire-sur-le-web\/","og_locale":"de_DE","og_type":"article","og_title":"Ecrire sur le Web - R\u00e9seau Mesure","og_description":"Si vous voulez vous diff\u00e9rencier des autres et \u00eatre plus visible, il faut \u00e9crire du contenu optimis\u00e9 pour le web. Soyez efficaces !","og_url":"https:\/\/www.reseau-mesure.com\/de\/ecrire-sur-le-web\/","og_site_name":"R\u00e9seau Mesure","article_publisher":"https:\/\/www.facebook.com\/reseaumesure\/","article_modified_time":"2021-06-17T09:46:35+00:00","og_image":[{"url":"https:\/\/www.reseau-mesure.com\/wp-content\/uploads\/2020\/12\/seo-ecrire-sur-le-web-300x183.jpg","type":"","width":"","height":""}],"twitter_card":"summary_large_image","twitter_site":"@ReseauMesure","twitter_misc":{"Gesch\u00e4tzte Lesezeit":"1\u00a0Minute"},"schema":{"@context":"https:\/\/schema.org","@graph":[{"@type":"WebPage","@id":"https:\/\/www.reseau-mesure.com\/de\/ecrire-sur-le-web\/","url":"https:\/\/www.reseau-mesure.com\/de\/ecrire-sur-le-web\/","name":"Ecrire sur le Web - R\u00e9seau Mesure","isPartOf":{"@id":"https:\/\/www.reseau-mesure.com\/#website"},"primaryImageOfPage":{"@id":"https:\/\/www.reseau-mesure.com\/de\/ecrire-sur-le-web\/#primaryimage"},"image":{"@id":"https:\/\/www.reseau-mesure.com\/de\/ecrire-sur-le-web\/#primaryimage"},"thumbnailUrl":"https:\/\/www.reseau-mesure.com\/wp-content\/uploads\/2020\/12\/seo-ecrire-sur-le-web-300x183.jpg","datePublished":"2020-12-22T16:19:56+00:00","dateModified":"2021-06-17T09:46:35+00:00","description":"Si vous voulez vous diff\u00e9rencier des autres et \u00eatre plus visible, il faut \u00e9crire du contenu optimis\u00e9 pour le web. Soyez efficaces !","breadcrumb":{"@id":"https:\/\/www.reseau-mesure.com\/de\/ecrire-sur-le-web\/#breadcrumb"},"inLanguage":"de","potentialAction":[{"@type":"ReadAction","target":["https:\/\/www.reseau-mesure.com\/de\/ecrire-sur-le-web\/"]}]},{"@type":"ImageObject","inLanguage":"de","@id":"https:\/\/www.reseau-mesure.com\/de\/ecrire-sur-le-web\/#primaryimage","url":"https:\/\/www.reseau-mesure.com\/wp-content\/uploads\/2020\/12\/seo-ecrire-sur-le-web-300x183.jpg","contentUrl":"https:\/\/www.reseau-mesure.com\/wp-content\/uploads\/2020\/12\/seo-ecrire-sur-le-web-300x183.jpg"},{"@type":"BreadcrumbList","@id":"https:\/\/www.reseau-mesure.com\/de\/ecrire-sur-le-web\/#breadcrumb","itemListElement":[{"@type":"ListItem","position":1,"name":"Accueil","item":"https:\/\/www.reseau-mesure.com\/"},{"@type":"ListItem","position":2,"name":"Ecrire sur le Web"}]},{"@type":"WebSite","@id":"https:\/\/www.reseau-mesure.com\/#website","url":"https:\/\/www.reseau-mesure.com\/","name":"Netzwerk-Messung","description":"Netzwerkma\u00dfnahme","publisher":{"@id":"https:\/\/www.reseau-mesure.com\/#organization"},"potentialAction":[{"@type":"SearchAction","target":{"@type":"EntryPoint","urlTemplate":"https:\/\/www.reseau-mesure.com\/?s={search_term_string}"},"query-input":{"@type":"PropertyValueSpecification","valueRequired":true,"valueName":"search_term_string"}}],"inLanguage":"de"},{"@type":"Organization","@id":"https:\/\/www.reseau-mesure.com\/#organization","name":"Netzwerk-Messung","url":"https:\/\/www.reseau-mesure.com\/","logo":{"@type":"ImageObject","inLanguage":"de","@id":"https:\/\/www.reseau-mesure.com\/#\/schema\/logo\/image\/","url":"https:\/\/www.reseau-mesure.com\/wp-content\/uploads\/2018\/02\/logo-max.png","contentUrl":"https:\/\/www.reseau-mesure.com\/wp-content\/uploads\/2018\/02\/logo-max.png","width":545,"height":285,"caption":"R\u00e9seau-Mesure"},"image":{"@id":"https:\/\/www.reseau-mesure.com\/#\/schema\/logo\/image\/"},"sameAs":["https:\/\/www.facebook.com\/reseaumesure\/","https:\/\/x.com\/ReseauMesure","https:\/\/www.linkedin.com\/company\/reseau-mesure\/"]}]}},"_links":{"self":[{"href":"https:\/\/www.reseau-mesure.com\/de\/wp-json\/wp\/v2\/pages\/12160","targetHints":{"allow":["GET"]}}],"collection":[{"href":"https:\/\/www.reseau-mesure.com\/de\/wp-json\/wp\/v2\/pages"}],"about":[{"href":"https:\/\/www.reseau-mesure.com\/de\/wp-json\/wp\/v2\/types\/page"}],"author":[{"embeddable":true,"href":"https:\/\/www.reseau-mesure.com\/de\/wp-json\/wp\/v2\/users\/349"}],"replies":[{"embeddable":true,"href":"https:\/\/www.reseau-mesure.com\/de\/wp-json\/wp\/v2\/comments?post=12160"}],"version-history":[{"count":0,"href":"https:\/\/www.reseau-mesure.com\/de\/wp-json\/wp\/v2\/pages\/12160\/revisions"}],"wp:attachment":[{"href":"https:\/\/www.reseau-mesure.com\/de\/wp-json\/wp\/v2\/media?parent=12160"}],"curies":[{"name":"wp","href":"https:\/\/api.w.org\/{rel}","templated":true}]}}