{"id":12445,"date":"2021-01-19T15:08:30","date_gmt":"2021-01-19T14:08:30","guid":{"rendered":"https:\/\/www.reseau-mesure.com\/?page_id=12445"},"modified":"2021-02-05T09:41:09","modified_gmt":"2021-02-05T08:41:09","slug":"newsletter-20210121","status":"publish","type":"page","link":"https:\/\/www.reseau-mesure.com\/de\/newsletter-20210121\/","title":{"rendered":"Newsletter-20210121"},"content":{"rendered":"<img loading=\"lazy\" decoding=\"async\" src=\"https:\/\/www.reseau-mesure.com\/wp-content\/uploads\/2020\/07\/20ku.jpeg\" alt=\"20ku\" itemprop=\"image\" height=\"300\" width=\"970\" title=\"20ku\" onerror=\"this.style.display='none'\">\n<h1>\n\t\tExpress-Messnetzwerk\n\t<\/h1>\n<h2>\n\t\t21.01.2021\n\t<\/h2>\n<h2>\n\t\t<a href=\"https:\/\/www.reseau-mesure.com\/de\/measurement-world-2021\/\" title=\"Vereinigung der Messwelt mit Global Industrie vom 7. bis 10. September 2021 in Lyon\" target=\"_self\" rel=\"noopener\">\n\t\tVereinigung der Messwelt mit Global Industrie vom 7. bis 10. September 2021 in Lyon\n\t\t<\/a>\n\t<\/h2>\n\tDie gleichzeitige Veranstaltung von MEASUREMENT WORLD mit dem International Congress of Metrology (CIM) und GLOBAL INDUSTRIE bietet vom 7. bis 10. September 2021 in Lyon ein noch repr\u00e4sentativeres Panorama der Industrie mit einem erweiterten technologischen Angebot, das auf die Industrie der Zukunft ausgerichtet ist . Eine au\u00dfergew\u00f6hnliche Synergie, die zudem den internationalen Charakter dieses Gro\u00dftreffs unterstreicht und die Marktkompetenz der Besucher erweitert.<br>\nDiese f\u00fcr das Jahr 2021 spezifische Situation ist eine Chance f\u00fcr MEASUREMENT WORLD &amp; CIM, vom gesamten \u00d6kosystem und den Anwenderm\u00e4rkten der GLOBAL INDUSTRIE zu profitieren und gleichzeitig a<br>\nwichtigere Medienberichterstattung \u00fcber Ereignisse.<br>\nDans le but de faciliter la circulation des visiteurs, les badges permettront indiff\u00e9remment de passer d&rsquo;un \u00e9v\u00e8nement \u00e0 l&rsquo;autre.\n\t\t\t\t<img loading=\"lazy\" decoding=\"async\" src=\"https:\/\/www.reseau-mesure.com\/wp-content\/uploads\/2021\/01\/CIM-300x145.jpg\" alt=\"CIM\" itemprop=\"image\" height=\"145\" width=\"300\" title=\"CIM\" onerror=\"this.style.display='none'\">\n\t\t\t\t<a href=\"https:\/\/www.reseau-mesure.com\/de\/measurement-world-2021\/\" target=\"_blank\" rel=\"noopener\" itemprop=\"url\">\n\t\t\t\t<img loading=\"lazy\" decoding=\"async\" src=\"https:\/\/www.reseau-mesure.com\/wp-content\/uploads\/2021\/01\/MW-v2-1.png\" alt=\"MW v2\" itemprop=\"image\" height=\"336\" width=\"1384\" title=\"MW v2\" onerror=\"this.style.display='none'\">\n\t\t\t\t<\/a>\n\t\n\t\n<p>&nbsp;<\/p>\n\n\n<h2>\n\t\t<a href=\"https:\/\/www.reseau-mesure.com\/wp-content\/uploads\/2021\/01\/PLAN-MEDIA-2021-RESEAU-MESURE.pdf\" title=\"Profitieren Sie vom Medienplan 2021 des Messnetzwerks\" target=\"_self\" rel=\"noopener\">\n\t\tProfitieren Sie vom Medienplan 2021 des Messnetzwerks\n\t\t<\/a>\n\t<\/h2>\n\t\t\t\t<a href=\"https:\/\/www.reseau-mesure.com\/wp-content\/uploads\/2021\/01\/PLAN-MEDIA-2021-RESEAU-MESURE.pdf\" target=\"_blank\" rel=\"noopener\" itemprop=\"url\">\n\t\t\t\t<img loading=\"lazy\" decoding=\"async\" src=\"https:\/\/www.reseau-mesure.com\/wp-content\/uploads\/2021\/01\/2021-PARTENAIRES-PRESSE.jpg\" alt=\"2021 PARTENAIRES PRESSE\" itemprop=\"image\" height=\"497\" width=\"754\" title=\"2021 PRESSEPARTNER\" onerror=\"this.style.display='none'\">\n\t\t\t\t<\/a>\n\t<h2>Le R\u00e9seau Mesure vous permet d&rsquo;amplifier votre communication avec des budgets ma\u00eetris\u00e9s et de b\u00e9n\u00e9ficier de tarifs pr\u00e9f\u00e9rentiels et d&rsquo;opportunit\u00e9s de communication privil\u00e9gi\u00e9es avec nos 18 partenaires.<\/h2>\n\t<p>Le R\u00e9seau Mesure propose \u00e0 ses adh\u00e9rents d&rsquo;acc\u00e9der \u00e0 plusieurs offres de communication \u00e0 des prix mutualis\u00e9s et de cumuler diff\u00e9rents types de produits m\u00e9dias.<\/p>\n<p>Nos partenaires presse proposent aux adh\u00e9rents R\u00e9seau Mesure&nbsp;:<\/p>\n<ul>\n<li>Des tarifs pr\u00e9f\u00e9rentiels sur toute leur gamme d&rsquo;offres papier et web<\/li>\n<li>Kostenlose Sendungen Ihrer Pressemitteilungen<\/li>\n<\/ul>\n<h2>\n\t\t<a href=\"http:\/\/www.mesures.com\/pdf\/MES_928_zPa_20201027.pdf\" title=\"Ma\u00dfnahmen anbieten\" target=\"_self\" rel=\"noopener\">\n\t\tMa\u00dfnahmen anbieten\n\t\t<\/a>\n\t<\/h2>\n\t<h2><\/h2>\n<h2><\/h2>\n<h2>Offre de d\u00e9but d&rsquo;ann\u00e9e 2021<\/h2>\n\n\n\nPour plus d&rsquo;information, veuillez contacter :<br>\nNathalie Heurlin&nbsp; &#8211; n.heurlin@mesures.com 02 98 27 79 99 06 87\n\t\t\t\t<a href=\"http:\/\/www.mesures.com\/pdf\/MES_928_zPa_20201027.pdf\" target=\"_blank\" rel=\"noopener\" itemprop=\"url\">\n\t\t\t\t<img loading=\"lazy\" decoding=\"async\" src=\"https:\/\/www.reseau-mesure.com\/wp-content\/uploads\/2020\/11\/Une_mesures928-212x300.png\" alt=\"couverture Mesures\" itemprop=\"image\" height=\"300\" width=\"212\" title=\"Deckungsma\u00dfnahmen\" onerror=\"this.style.display='none'\">\n\t\t\t\t<\/a>\n\t\t\t<a href=\"https:\/\/www.reseau-mesure.com\/de\/evenements\/\" target=\"_self\" role=\"button\" rel=\"noopener\">\n\t\t\t\t\t\t\tDie komplette Agenda des Messnetzes\n\t\t\t\t\t<\/a>\n\t\t\t\t<img loading=\"lazy\" decoding=\"async\" src=\"https:\/\/www.reseau-mesure.com\/wp-content\/uploads\/2020\/08\/Plan-de-travail-3niveau-300x199.png\" alt=\"Plan de travail 3niveau\" itemprop=\"image\" height=\"199\" width=\"300\" title=\"Arbeitsplatte der 3. Ebene\" onerror=\"this.style.display='none'\">\n\t\n\n<p>Webinar <strong>Dienstag, 2. Februar 2021<\/strong><strong> von 10:00 bis 12:00 Uhr<\/strong>, inscrivez-vous sur ce lien&nbsp;:<\/p>","protected":false},"excerpt":{"rendered":"<p>R\u00e9seau Mesure Express 21.01.2021 Association de Measurement World \u00e0 Global Industrie \u00e0 Lyon du 7 au 10 septembre 2021 La tenue simultan\u00e9e de MEASUREMENT WORLD avec le Congr\u00e8s International de M\u00e9trologie (CIM) et de GLOBAL INDUSTRIE propose, du 7 au 10 septembre 2021 \u00e0 Lyon, un panorama encore plus repr\u00e9sentatif de l&rsquo;Industrie, avec une offre&hellip;<\/p>","protected":false},"author":685,"featured_media":0,"parent":0,"menu_order":0,"comment_status":"closed","ping_status":"closed","template":"","meta":{"_acf_changed":false,"footnotes":""},"class_list":["post-12445","page","type-page","status-publish","hentry"],"acf":[],"yoast_head":"<!-- This site is optimized with the Yoast SEO plugin v27.5 - https:\/\/yoast.com\/product\/yoast-seo-wordpress\/ -->\n<title>Newsletter-20210121 - R\u00e9seau Mesure<\/title>\n<meta name=\"robots\" content=\"index, follow, max-snippet:-1, max-image-preview:large, max-video-preview:-1\" \/>\n<link rel=\"canonical\" href=\"https:\/\/www.reseau-mesure.com\/de\/newsletter-20210121\/\" \/>\n<meta property=\"og:locale\" content=\"de_DE\" \/>\n<meta property=\"og:type\" content=\"article\" \/>\n<meta property=\"og:title\" content=\"Newsletter-20210121 - R\u00e9seau Mesure\" \/>\n<meta property=\"og:description\" content=\"R\u00e9seau Mesure Express 21.01.2021 Association de Measurement World \u00e0 Global Industrie \u00e0 Lyon du 7 au 10 septembre 2021 La tenue simultan\u00e9e de MEASUREMENT WORLD avec le Congr\u00e8s International de M\u00e9trologie (CIM) et de GLOBAL INDUSTRIE propose, du 7 au 10 septembre 2021 \u00e0 Lyon, un panorama encore plus repr\u00e9sentatif de l&rsquo;Industrie, avec une offre&hellip;\" \/>\n<meta property=\"og:url\" content=\"https:\/\/www.reseau-mesure.com\/de\/newsletter-20210121\/\" \/>\n<meta property=\"og:site_name\" content=\"R\u00e9seau Mesure\" \/>\n<meta property=\"article:publisher\" content=\"https:\/\/www.facebook.com\/reseaumesure\/\" \/>\n<meta property=\"article:modified_time\" content=\"2021-02-05T08:41:09+00:00\" \/>\n<meta property=\"og:image\" content=\"https:\/\/www.reseau-mesure.com\/wp-content\/uploads\/2020\/07\/20ku.jpeg\" \/>\n<meta name=\"twitter:card\" content=\"summary_large_image\" \/>\n<meta name=\"twitter:site\" content=\"@ReseauMesure\" \/>\n<meta name=\"twitter:label1\" content=\"Gesch\u00e4tzte Lesezeit\" \/>\n\t<meta name=\"twitter:data1\" content=\"3\u00a0Minuten\" \/>\n<script type=\"application\/ld+json\" class=\"yoast-schema-graph\">{\"@context\":\"https:\\\/\\\/schema.org\",\"@graph\":[{\"@type\":\"WebPage\",\"@id\":\"https:\\\/\\\/www.reseau-mesure.com\\\/de\\\/newsletter-20210121\\\/\",\"url\":\"https:\\\/\\\/www.reseau-mesure.com\\\/de\\\/newsletter-20210121\\\/\",\"name\":\"Newsletter-20210121 - R\u00e9seau Mesure\",\"isPartOf\":{\"@id\":\"https:\\\/\\\/www.reseau-mesure.com\\\/#website\"},\"primaryImageOfPage\":{\"@id\":\"https:\\\/\\\/www.reseau-mesure.com\\\/de\\\/newsletter-20210121\\\/#primaryimage\"},\"image\":{\"@id\":\"https:\\\/\\\/www.reseau-mesure.com\\\/de\\\/newsletter-20210121\\\/#primaryimage\"},\"thumbnailUrl\":\"https:\\\/\\\/www.reseau-mesure.com\\\/wp-content\\\/uploads\\\/2020\\\/07\\\/20ku.jpeg\",\"datePublished\":\"2021-01-19T14:08:30+00:00\",\"dateModified\":\"2021-02-05T08:41:09+00:00\",\"breadcrumb\":{\"@id\":\"https:\\\/\\\/www.reseau-mesure.com\\\/de\\\/newsletter-20210121\\\/#breadcrumb\"},\"inLanguage\":\"de\",\"potentialAction\":[{\"@type\":\"ReadAction\",\"target\":[\"https:\\\/\\\/www.reseau-mesure.com\\\/de\\\/newsletter-20210121\\\/\"]}]},{\"@type\":\"ImageObject\",\"inLanguage\":\"de\",\"@id\":\"https:\\\/\\\/www.reseau-mesure.com\\\/de\\\/newsletter-20210121\\\/#primaryimage\",\"url\":\"https:\\\/\\\/www.reseau-mesure.com\\\/wp-content\\\/uploads\\\/2020\\\/07\\\/20ku.jpeg\",\"contentUrl\":\"https:\\\/\\\/www.reseau-mesure.com\\\/wp-content\\\/uploads\\\/2020\\\/07\\\/20ku.jpeg\"},{\"@type\":\"BreadcrumbList\",\"@id\":\"https:\\\/\\\/www.reseau-mesure.com\\\/de\\\/newsletter-20210121\\\/#breadcrumb\",\"itemListElement\":[{\"@type\":\"ListItem\",\"position\":1,\"name\":\"Accueil\",\"item\":\"https:\\\/\\\/www.reseau-mesure.com\\\/\"},{\"@type\":\"ListItem\",\"position\":2,\"name\":\"Newsletter-20210121\"}]},{\"@type\":\"WebSite\",\"@id\":\"https:\\\/\\\/www.reseau-mesure.com\\\/#website\",\"url\":\"https:\\\/\\\/www.reseau-mesure.com\\\/\",\"name\":\"R\u00e9seau-Mesure\",\"description\":\"R\u00e9seau Mesure\",\"publisher\":{\"@id\":\"https:\\\/\\\/www.reseau-mesure.com\\\/#organization\"},\"potentialAction\":[{\"@type\":\"SearchAction\",\"target\":{\"@type\":\"EntryPoint\",\"urlTemplate\":\"https:\\\/\\\/www.reseau-mesure.com\\\/?s={search_term_string}\"},\"query-input\":{\"@type\":\"PropertyValueSpecification\",\"valueRequired\":true,\"valueName\":\"search_term_string\"}}],\"inLanguage\":\"de\"},{\"@type\":\"Organization\",\"@id\":\"https:\\\/\\\/www.reseau-mesure.com\\\/#organization\",\"name\":\"R\u00e9seau-Mesure\",\"url\":\"https:\\\/\\\/www.reseau-mesure.com\\\/\",\"logo\":{\"@type\":\"ImageObject\",\"inLanguage\":\"de\",\"@id\":\"https:\\\/\\\/www.reseau-mesure.com\\\/#\\\/schema\\\/logo\\\/image\\\/\",\"url\":\"https:\\\/\\\/www.reseau-mesure.com\\\/wp-content\\\/uploads\\\/2018\\\/02\\\/logo-max.png\",\"contentUrl\":\"https:\\\/\\\/www.reseau-mesure.com\\\/wp-content\\\/uploads\\\/2018\\\/02\\\/logo-max.png\",\"width\":545,\"height\":285,\"caption\":\"R\u00e9seau-Mesure\"},\"image\":{\"@id\":\"https:\\\/\\\/www.reseau-mesure.com\\\/#\\\/schema\\\/logo\\\/image\\\/\"},\"sameAs\":[\"https:\\\/\\\/www.facebook.com\\\/reseaumesure\\\/\",\"https:\\\/\\\/x.com\\\/ReseauMesure\",\"https:\\\/\\\/www.linkedin.com\\\/company\\\/reseau-mesure\\\/\"]}]}<\/script>\n<!-- \/ Yoast SEO plugin. -->","yoast_head_json":{"title":"Newsletter-20210121 - R\u00e9seau Mesure","robots":{"index":"index","follow":"follow","max-snippet":"max-snippet:-1","max-image-preview":"max-image-preview:large","max-video-preview":"max-video-preview:-1"},"canonical":"https:\/\/www.reseau-mesure.com\/de\/newsletter-20210121\/","og_locale":"de_DE","og_type":"article","og_title":"Newsletter-20210121 - R\u00e9seau Mesure","og_description":"R\u00e9seau Mesure Express 21.01.2021 Association de Measurement World \u00e0 Global Industrie \u00e0 Lyon du 7 au 10 septembre 2021 La tenue simultan\u00e9e de MEASUREMENT WORLD avec le Congr\u00e8s International de M\u00e9trologie (CIM) et de GLOBAL INDUSTRIE propose, du 7 au 10 septembre 2021 \u00e0 Lyon, un panorama encore plus repr\u00e9sentatif de l&rsquo;Industrie, avec une offre&hellip;","og_url":"https:\/\/www.reseau-mesure.com\/de\/newsletter-20210121\/","og_site_name":"R\u00e9seau Mesure","article_publisher":"https:\/\/www.facebook.com\/reseaumesure\/","article_modified_time":"2021-02-05T08:41:09+00:00","og_image":[{"url":"https:\/\/www.reseau-mesure.com\/wp-content\/uploads\/2020\/07\/20ku.jpeg","type":"","width":"","height":""}],"twitter_card":"summary_large_image","twitter_site":"@ReseauMesure","twitter_misc":{"Gesch\u00e4tzte Lesezeit":"3\u00a0Minuten"},"schema":{"@context":"https:\/\/schema.org","@graph":[{"@type":"WebPage","@id":"https:\/\/www.reseau-mesure.com\/de\/newsletter-20210121\/","url":"https:\/\/www.reseau-mesure.com\/de\/newsletter-20210121\/","name":"Newsletter-20210121 - R\u00e9seau Mesure","isPartOf":{"@id":"https:\/\/www.reseau-mesure.com\/#website"},"primaryImageOfPage":{"@id":"https:\/\/www.reseau-mesure.com\/de\/newsletter-20210121\/#primaryimage"},"image":{"@id":"https:\/\/www.reseau-mesure.com\/de\/newsletter-20210121\/#primaryimage"},"thumbnailUrl":"https:\/\/www.reseau-mesure.com\/wp-content\/uploads\/2020\/07\/20ku.jpeg","datePublished":"2021-01-19T14:08:30+00:00","dateModified":"2021-02-05T08:41:09+00:00","breadcrumb":{"@id":"https:\/\/www.reseau-mesure.com\/de\/newsletter-20210121\/#breadcrumb"},"inLanguage":"de","potentialAction":[{"@type":"ReadAction","target":["https:\/\/www.reseau-mesure.com\/de\/newsletter-20210121\/"]}]},{"@type":"ImageObject","inLanguage":"de","@id":"https:\/\/www.reseau-mesure.com\/de\/newsletter-20210121\/#primaryimage","url":"https:\/\/www.reseau-mesure.com\/wp-content\/uploads\/2020\/07\/20ku.jpeg","contentUrl":"https:\/\/www.reseau-mesure.com\/wp-content\/uploads\/2020\/07\/20ku.jpeg"},{"@type":"BreadcrumbList","@id":"https:\/\/www.reseau-mesure.com\/de\/newsletter-20210121\/#breadcrumb","itemListElement":[{"@type":"ListItem","position":1,"name":"Accueil","item":"https:\/\/www.reseau-mesure.com\/"},{"@type":"ListItem","position":2,"name":"Newsletter-20210121"}]},{"@type":"WebSite","@id":"https:\/\/www.reseau-mesure.com\/#website","url":"https:\/\/www.reseau-mesure.com\/","name":"Netzwerk-Messung","description":"Netzwerkma\u00dfnahme","publisher":{"@id":"https:\/\/www.reseau-mesure.com\/#organization"},"potentialAction":[{"@type":"SearchAction","target":{"@type":"EntryPoint","urlTemplate":"https:\/\/www.reseau-mesure.com\/?s={search_term_string}"},"query-input":{"@type":"PropertyValueSpecification","valueRequired":true,"valueName":"search_term_string"}}],"inLanguage":"de"},{"@type":"Organization","@id":"https:\/\/www.reseau-mesure.com\/#organization","name":"Netzwerk-Messung","url":"https:\/\/www.reseau-mesure.com\/","logo":{"@type":"ImageObject","inLanguage":"de","@id":"https:\/\/www.reseau-mesure.com\/#\/schema\/logo\/image\/","url":"https:\/\/www.reseau-mesure.com\/wp-content\/uploads\/2018\/02\/logo-max.png","contentUrl":"https:\/\/www.reseau-mesure.com\/wp-content\/uploads\/2018\/02\/logo-max.png","width":545,"height":285,"caption":"R\u00e9seau-Mesure"},"image":{"@id":"https:\/\/www.reseau-mesure.com\/#\/schema\/logo\/image\/"},"sameAs":["https:\/\/www.facebook.com\/reseaumesure\/","https:\/\/x.com\/ReseauMesure","https:\/\/www.linkedin.com\/company\/reseau-mesure\/"]}]}},"_links":{"self":[{"href":"https:\/\/www.reseau-mesure.com\/de\/wp-json\/wp\/v2\/pages\/12445","targetHints":{"allow":["GET"]}}],"collection":[{"href":"https:\/\/www.reseau-mesure.com\/de\/wp-json\/wp\/v2\/pages"}],"about":[{"href":"https:\/\/www.reseau-mesure.com\/de\/wp-json\/wp\/v2\/types\/page"}],"author":[{"embeddable":true,"href":"https:\/\/www.reseau-mesure.com\/de\/wp-json\/wp\/v2\/users\/685"}],"replies":[{"embeddable":true,"href":"https:\/\/www.reseau-mesure.com\/de\/wp-json\/wp\/v2\/comments?post=12445"}],"version-history":[{"count":0,"href":"https:\/\/www.reseau-mesure.com\/de\/wp-json\/wp\/v2\/pages\/12445\/revisions"}],"wp:attachment":[{"href":"https:\/\/www.reseau-mesure.com\/de\/wp-json\/wp\/v2\/media?parent=12445"}],"curies":[{"name":"wp","href":"https:\/\/api.w.org\/{rel}","templated":true}]}}