{"id":12660,"date":"2021-02-09T09:48:26","date_gmt":"2021-02-09T08:48:26","guid":{"rendered":"https:\/\/www.reseau-mesure.com\/?page_id=12660"},"modified":"2021-02-16T11:53:08","modified_gmt":"2021-02-16T10:53:08","slug":"newsletter-20211102","status":"publish","type":"page","link":"https:\/\/www.reseau-mesure.com\/de\/newsletter-20211102\/","title":{"rendered":"Newsletter-20211102"},"content":{"rendered":"<img loading=\"lazy\" decoding=\"async\" src=\"https:\/\/www.reseau-mesure.com\/wp-content\/uploads\/2020\/07\/20ku.jpeg\" alt=\"20ku\" itemprop=\"image\" height=\"300\" width=\"970\" title=\"20ku\" onerror=\"this.style.display='none'\">\n<h1>\n\t\tExpress-Messnetzwerk\n\t<\/h1>\n<h2>\n\t\t11.02.2021\n\t<\/h2>\n<h2>\n\t\t<a href=\"https:\/\/www.reseau-mesure.com\/de\/livre-blanc\/\" title=\"Warum mit dem Messnetzwerk ein Whitepaper erstellen?\" target=\"_self\" rel=\"noopener\">\n\t\tWarum mit dem Messnetzwerk ein Whitepaper erstellen?\n\t\t<\/a>\n\t<\/h2>\n\t<ul>\n<li>Sich auf die St\u00e4rke eines Netzwerks und technische F\u00e4higkeiten zu verlassen.<\/li>\n<li>Zentralisierung der von Mitgliedern des Messnetzwerks kontrollierten Bereiche.<\/li>\n<li>Erstellung eines technischen Dokuments und einer neuen Kommunikationsm\u00f6glichkeit f\u00fcr Mitglieder und f\u00fcr das Messnetzwerk.<\/li>\n<li>Anfragen generieren.<\/li>\n<li>Um die Kosten f\u00fcr das Schreiben eines Whitepapers zu reduzieren.<\/li>\n<\/ul>\n<p>Ein Whitepaper ist ein Referenzdokument, das einem professionellen Thema gewidmet ist. Es hilft, ein Unternehmen als Experten auf seinem Gebiet zu positionieren.<\/p>\n\t<p>&nbsp;<\/p>\n\n<p><strong>Digital- und Papierproduktion<\/strong>&nbsp;ein Whitepaper von 32 Seiten (Minimum) f\u00fcr 10 Mitgliedsunternehmen pro Buch (Minimum).<\/p>\n<ul>\n<li>Abruf von Informationen f\u00fcr die mit Ihrem Unternehmen verlinkte Doppelseite (Logo \u2013 Gespr\u00e4chspartner \u2013 Kontakt-E-Mail \u2013 Fachtextinhalt).<\/li>\n<li>Layout &amp; Erstellung des Proofs.<\/li>\n<li>Verf\u00fcgbar in digitalem Format (PDF).<\/li>\n<li>Versand von 5 Exemplaren pro Firma im Buch.<\/li>\n<\/ul>\n\n<ul>\n<li>Format: A5 (148 x 210 mm) mit 32 Seiten (Minimum)<\/li>\n<li>Innenseiten 135g<\/li>\n<li>Abdeckung 300 Gramm, gl\u00e4nzend<\/li>\n<\/ul>\n<p>&nbsp;<\/p>\n\n5 gedruckte Exemplare<br>\n1 digitale Version<br>\n2 Recto-Verso pro Mitglied\n<p>Zus\u00e4tzliche Nachdrucke Option 3 \u20ac ht \/ Kopie<\/p>\n<a role=\"button\" href=\"https:\/\/www.reseau-mesure.com\/de\/livre-blanc\/\" target=\"_self\" rel=\"noopener\">LADEN SIE DAS PROTOKOLL HERUNTER<\/a>\n\t\t\t\t<a href=\"https:\/\/www.reseau-mesure.com\/de\/livre-blanc\/\" target=\"_blank\" rel=\"noopener\" itemprop=\"url\">\n\t\t\t\t<img loading=\"lazy\" decoding=\"async\" src=\"https:\/\/www.reseau-mesure.com\/wp-content\/uploads\/2020\/12\/Pages-de-Les-savoir-faire-du-Reseau-Mesure-Volume-1.jpg\" alt=\"Couverture les savoir-faire du R\u00e9seau Mesure\" itemprop=\"image\" height=\"2481\" width=\"1749\" title=\"Know-how-Seiten des Messnetzwerks - Band 1\" onerror=\"this.style.display='none'\">\n\t\t\t\t<\/a>\n<h2>\n\t\t<a href=\"https:\/\/www.reseau-mesure.com\/de\/evenements\/qualiopi-webinar-02-02-2021-2\/\" title=\"Qualiopi: Arbeitsgruppe zu dieser obligatorischen Zertifizierung am 01.01.2022\" target=\"_self\" rel=\"noopener\">\n\t\tQualiopi: Arbeitsgruppe zu dieser obligatorischen Zertifizierung am 01.01.2022\n\t\t<\/a>\n\t<\/h2>\n\t\t\t\t<a href=\"https:\/\/www.reseau-mesure.com\/wp-content\/uploads\/2021\/01\/PLAN-MEDIA-2021-RESEAU-MESURE.pdf\" target=\"_blank\" rel=\"noopener\" itemprop=\"url\">\n\t\t\t\t<img loading=\"lazy\" decoding=\"async\" src=\"https:\/\/www.reseau-mesure.com\/wp-content\/uploads\/2021\/01\/logo.png\" alt=\"certification qualiopi\" itemprop=\"image\" height=\"177\" width=\"284\" title=\"Logo\" onerror=\"this.style.display='none'\">\n\t\t\t\t<\/a>\n\t\n\n\n\n<ul>\n<li><strong>Appel \u00e0 1 cabinet d&rsquo;accompagnement Qualiopi&nbsp;?<\/strong><\/li>\n<li><strong>Appel \u00e0 1 cabinet certificateur commun&nbsp;?<\/strong><\/li>\n<li><strong>Echanges d&rsquo;exp\u00e9riences<\/strong><\/li>\n<\/ul>\n\nVous pouvez aussi appeler \u00e0 l&rsquo;aide de votre t\u00e9l\u00e9phone&nbsp;: France: +33 187 210 241<br>\nZugangscode: 661-240-861\n<h2>\n\t\t<a href=\"https:\/\/www.reseau-mesure.com\/wp-content\/uploads\/2021\/02\/Entretiens-professionnels-note-GEYVO-ILE-DE-FRANCE-Pascale-GAYRAL-janvier-2021.docx\" title=\"Das GEYVO kann Sie bei der Durchf\u00fchrung professioneller Interviews unterst\u00fctzen\" target=\"_self\" rel=\"noopener\">\n\t\tDas GEYVO kann Sie bei der Durchf\u00fchrung professioneller Interviews unterst\u00fctzen\n\t\t<\/a>\n\t<\/h2>\n\t<p>Depuis 2014 toute entreprise quelque que soit son effectif, son secteur d&rsquo;activit\u00e9 doit organiser un <strong>professionelles Treffen<\/strong> avec l&rsquo;ensemble de ses collaborateurs.<\/p>\n<p>Dies <strong>entretien obligatoire, se tient tous les 2 ans \u00e0 compter de la date d&#8217;embauche<\/strong> (un bilan r\u00e9capitulatif obligatoire a lieu tous les 6 ans). Il vise notamment \u00e0 accompagner le salari\u00e9 dans ses perspectives d&rsquo;\u00e9volution professionnelle et identifier ses besoins de formation. Les points obligatoirement abord\u00e9s sont consign\u00e9s dans un compte rendu dont le salari\u00e9 conserve \u00e9galement une copie.<\/p>\n<p>Pour l&rsquo;entreprise c&rsquo;est un outil manag\u00e9rial, il constitue le moyen de dresser un \u00e9tat des lieux pr\u00e9cis des comp\u00e9tences et aptitudes des collaborateurs. Il permet de rapprocher les perspectives de carri\u00e8res et les besoins de l&rsquo;entreprise en nouvelles comp\u00e9tences.<\/p>\n<p>L&rsquo;entretien professionnel (qui n&rsquo;est en aucun cas un entretien individuel d&rsquo;\u00e9valuation) est un moment d&rsquo;\u00e9change privil\u00e9gi\u00e9 qui dure en moyenne 1h30. C&rsquo;est un temps d&rsquo;\u00e9coute, de dialogue qui permet aux 2 parties de cr\u00e9er ou recr\u00e9er une relation dont chacun sortira gagnant.<\/p>\n\t\t\t\t<a href=\"http:\/\/www.mesures.com\/pdf\/MES_928_zPa_20201027.pdf\" target=\"_blank\" rel=\"noopener\" itemprop=\"url\">\n\t\t\t\t<img loading=\"lazy\" decoding=\"async\" src=\"https:\/\/www.reseau-mesure.com\/wp-content\/uploads\/2021\/02\/GEYVO-1.png\" alt=\"GEYVO\" itemprop=\"image\" height=\"166\" width=\"303\" title=\"GEYVO\" onerror=\"this.style.display='none'\">\n\t\t\t\t<\/a>\n\t\n<p>Das Measurement Network ist Mitglied von GEYVO und erm\u00f6glicht es Ihnen, von dieser privilegierten Verbindung zu profitieren.<\/p>\n\t\t\t<a href=\"mailto:eduflot@reseau-mesure.com\" target=\"_blank\" role=\"button\" rel=\"noopener\">\n\t\t\t\t\t\t\tIch m\u00f6chte mehr wissen\n\t\t\t\t\t<\/a>\n\t\t\t<a href=\"https:\/\/www.reseau-mesure.com\/de\/evenements\/\" target=\"_self\" role=\"button\" rel=\"noopener\">\n\t\t\t\t\t\t\tDie komplette Agenda des Messnetzes\n\t\t\t\t\t<\/a>\n\t\t\t\t<img loading=\"lazy\" decoding=\"async\" src=\"https:\/\/www.reseau-mesure.com\/wp-content\/uploads\/2020\/08\/Plan-de-travail-3niveau-300x199.png\" alt=\"Plan de travail 3niveau\" itemprop=\"image\" height=\"199\" width=\"300\" title=\"Arbeitsplatte der 3. Ebene\" onerror=\"this.style.display='none'\">\n\t<p>&nbsp;<\/p>\n\n<p>https:\/\/associationdesinterpreneurs.wordpress.com<\/p>\n<p>&nbsp;<\/p>\n<p>&nbsp;<\/p>\n\t<strong>Das Treffen der Dolmetscher<\/strong><br>\nWEBINAR<br>\n<strong>25. Februar 2021 von 14:30 bis 16:00 Uhr<\/strong>\nBeaucoup trop d&rsquo;entreprises et d&rsquo;organismes n&rsquo;ont pas encore saisi la puissance et l&rsquo;efficacit\u00e9 des clusters, pour peu qu&rsquo;on y vienne en acteur et pas seulement en consommateur&#8230; Ce n&rsquo;est<br>\npas une question de taille d&rsquo;entreprise mais plut\u00f4t d&rsquo;une vision autour du partage de la valeur, du travail collaboratif et des vertus de l&rsquo;intelligence collective, dont nous vous parlerons&#8230;<br>\nXavier ROY, Managing Director von France Clusters (https:\/\/franceclusters.fr) und Estelle DUFLOT, Director des Measurement Network Cluster (https:\/\/www.reseau-mesure.com), geben Zeugnis und erl\u00e4utern, wie Sie den Cluster in Ihre Strategie integrieren k\u00f6nnen .\n\n<p>&nbsp;<\/p>","protected":false},"excerpt":{"rendered":"<p>R\u00e9seau Mesure Express 11.02.2021 Pourquoi r\u00e9aliser un livre blanc avec le R\u00e9seau Mesure ? Pour s&rsquo;appuyer sur la force d&rsquo;un R\u00e9seau et de comp\u00e9tences techniques. Pour centraliser les domaines ma\u00eetris\u00e9s par les membres du R\u00e9seau Mesure. Pour cr\u00e9er un document technique et une nouvelle opportunit\u00e9 de communication pour les adh\u00e9rents et pour le R\u00e9seau Mesure.&hellip;<\/p>","protected":false},"author":685,"featured_media":0,"parent":0,"menu_order":0,"comment_status":"closed","ping_status":"closed","template":"","meta":{"_acf_changed":false,"footnotes":""},"class_list":["post-12660","page","type-page","status-publish","hentry"],"acf":[],"yoast_head":"<!-- This site is optimized with the Yoast SEO plugin v27.5 - https:\/\/yoast.com\/product\/yoast-seo-wordpress\/ -->\n<title>Newsletter-20211102 - R\u00e9seau Mesure<\/title>\n<meta name=\"description\" content=\"Newsletter du 11 f\u00e9vrier 2021, d\u00e9couvrez les actions du R\u00e9seau Mesure pour les prochaines semaines, \u00e0 vos agendas !\" \/>\n<meta name=\"robots\" content=\"index, follow, max-snippet:-1, max-image-preview:large, max-video-preview:-1\" \/>\n<link rel=\"canonical\" href=\"https:\/\/www.reseau-mesure.com\/de\/newsletter-20211102\/\" \/>\n<meta property=\"og:locale\" content=\"de_DE\" \/>\n<meta property=\"og:type\" content=\"article\" \/>\n<meta property=\"og:title\" content=\"Newsletter-20211102 - R\u00e9seau Mesure\" \/>\n<meta property=\"og:description\" content=\"Newsletter du 11 f\u00e9vrier 2021, d\u00e9couvrez les actions du R\u00e9seau Mesure pour les prochaines semaines, \u00e0 vos agendas !\" \/>\n<meta property=\"og:url\" content=\"https:\/\/www.reseau-mesure.com\/de\/newsletter-20211102\/\" \/>\n<meta property=\"og:site_name\" content=\"R\u00e9seau Mesure\" \/>\n<meta property=\"article:publisher\" content=\"https:\/\/www.facebook.com\/reseaumesure\/\" \/>\n<meta property=\"article:modified_time\" content=\"2021-02-16T10:53:08+00:00\" \/>\n<meta property=\"og:image\" content=\"https:\/\/www.reseau-mesure.com\/wp-content\/uploads\/2020\/07\/20ku.jpeg\" \/>\n<meta name=\"twitter:card\" content=\"summary_large_image\" \/>\n<meta name=\"twitter:site\" content=\"@ReseauMesure\" \/>\n<meta name=\"twitter:label1\" content=\"Gesch\u00e4tzte Lesezeit\" \/>\n\t<meta name=\"twitter:data1\" content=\"4\u00a0Minuten\" \/>\n<script type=\"application\/ld+json\" class=\"yoast-schema-graph\">{\"@context\":\"https:\\\/\\\/schema.org\",\"@graph\":[{\"@type\":\"WebPage\",\"@id\":\"https:\\\/\\\/www.reseau-mesure.com\\\/de\\\/newsletter-20211102\\\/\",\"url\":\"https:\\\/\\\/www.reseau-mesure.com\\\/de\\\/newsletter-20211102\\\/\",\"name\":\"Newsletter-20211102 - R\u00e9seau Mesure\",\"isPartOf\":{\"@id\":\"https:\\\/\\\/www.reseau-mesure.com\\\/#website\"},\"primaryImageOfPage\":{\"@id\":\"https:\\\/\\\/www.reseau-mesure.com\\\/de\\\/newsletter-20211102\\\/#primaryimage\"},\"image\":{\"@id\":\"https:\\\/\\\/www.reseau-mesure.com\\\/de\\\/newsletter-20211102\\\/#primaryimage\"},\"thumbnailUrl\":\"https:\\\/\\\/www.reseau-mesure.com\\\/wp-content\\\/uploads\\\/2020\\\/07\\\/20ku.jpeg\",\"datePublished\":\"2021-02-09T08:48:26+00:00\",\"dateModified\":\"2021-02-16T10:53:08+00:00\",\"description\":\"Newsletter du 11 f\u00e9vrier 2021, d\u00e9couvrez les actions du R\u00e9seau Mesure pour les prochaines semaines, \u00e0 vos agendas !\",\"breadcrumb\":{\"@id\":\"https:\\\/\\\/www.reseau-mesure.com\\\/de\\\/newsletter-20211102\\\/#breadcrumb\"},\"inLanguage\":\"de\",\"potentialAction\":[{\"@type\":\"ReadAction\",\"target\":[\"https:\\\/\\\/www.reseau-mesure.com\\\/de\\\/newsletter-20211102\\\/\"]}]},{\"@type\":\"ImageObject\",\"inLanguage\":\"de\",\"@id\":\"https:\\\/\\\/www.reseau-mesure.com\\\/de\\\/newsletter-20211102\\\/#primaryimage\",\"url\":\"https:\\\/\\\/www.reseau-mesure.com\\\/wp-content\\\/uploads\\\/2020\\\/07\\\/20ku.jpeg\",\"contentUrl\":\"https:\\\/\\\/www.reseau-mesure.com\\\/wp-content\\\/uploads\\\/2020\\\/07\\\/20ku.jpeg\"},{\"@type\":\"BreadcrumbList\",\"@id\":\"https:\\\/\\\/www.reseau-mesure.com\\\/de\\\/newsletter-20211102\\\/#breadcrumb\",\"itemListElement\":[{\"@type\":\"ListItem\",\"position\":1,\"name\":\"Accueil\",\"item\":\"https:\\\/\\\/www.reseau-mesure.com\\\/\"},{\"@type\":\"ListItem\",\"position\":2,\"name\":\"Newsletter-20211102\"}]},{\"@type\":\"WebSite\",\"@id\":\"https:\\\/\\\/www.reseau-mesure.com\\\/#website\",\"url\":\"https:\\\/\\\/www.reseau-mesure.com\\\/\",\"name\":\"R\u00e9seau-Mesure\",\"description\":\"R\u00e9seau Mesure\",\"publisher\":{\"@id\":\"https:\\\/\\\/www.reseau-mesure.com\\\/#organization\"},\"potentialAction\":[{\"@type\":\"SearchAction\",\"target\":{\"@type\":\"EntryPoint\",\"urlTemplate\":\"https:\\\/\\\/www.reseau-mesure.com\\\/?s={search_term_string}\"},\"query-input\":{\"@type\":\"PropertyValueSpecification\",\"valueRequired\":true,\"valueName\":\"search_term_string\"}}],\"inLanguage\":\"de\"},{\"@type\":\"Organization\",\"@id\":\"https:\\\/\\\/www.reseau-mesure.com\\\/#organization\",\"name\":\"R\u00e9seau-Mesure\",\"url\":\"https:\\\/\\\/www.reseau-mesure.com\\\/\",\"logo\":{\"@type\":\"ImageObject\",\"inLanguage\":\"de\",\"@id\":\"https:\\\/\\\/www.reseau-mesure.com\\\/#\\\/schema\\\/logo\\\/image\\\/\",\"url\":\"https:\\\/\\\/www.reseau-mesure.com\\\/wp-content\\\/uploads\\\/2018\\\/02\\\/logo-max.png\",\"contentUrl\":\"https:\\\/\\\/www.reseau-mesure.com\\\/wp-content\\\/uploads\\\/2018\\\/02\\\/logo-max.png\",\"width\":545,\"height\":285,\"caption\":\"R\u00e9seau-Mesure\"},\"image\":{\"@id\":\"https:\\\/\\\/www.reseau-mesure.com\\\/#\\\/schema\\\/logo\\\/image\\\/\"},\"sameAs\":[\"https:\\\/\\\/www.facebook.com\\\/reseaumesure\\\/\",\"https:\\\/\\\/x.com\\\/ReseauMesure\",\"https:\\\/\\\/www.linkedin.com\\\/company\\\/reseau-mesure\\\/\"]}]}<\/script>\n<!-- \/ Yoast SEO plugin. -->","yoast_head_json":{"title":"Newsletter-20211102 - R\u00e9seau Mesure","description":"Newsletter du 11 f\u00e9vrier 2021, d\u00e9couvrez les actions du R\u00e9seau Mesure pour les prochaines semaines, \u00e0 vos agendas !","robots":{"index":"index","follow":"follow","max-snippet":"max-snippet:-1","max-image-preview":"max-image-preview:large","max-video-preview":"max-video-preview:-1"},"canonical":"https:\/\/www.reseau-mesure.com\/de\/newsletter-20211102\/","og_locale":"de_DE","og_type":"article","og_title":"Newsletter-20211102 - R\u00e9seau Mesure","og_description":"Newsletter du 11 f\u00e9vrier 2021, d\u00e9couvrez les actions du R\u00e9seau Mesure pour les prochaines semaines, \u00e0 vos agendas !","og_url":"https:\/\/www.reseau-mesure.com\/de\/newsletter-20211102\/","og_site_name":"R\u00e9seau Mesure","article_publisher":"https:\/\/www.facebook.com\/reseaumesure\/","article_modified_time":"2021-02-16T10:53:08+00:00","og_image":[{"url":"https:\/\/www.reseau-mesure.com\/wp-content\/uploads\/2020\/07\/20ku.jpeg","type":"","width":"","height":""}],"twitter_card":"summary_large_image","twitter_site":"@ReseauMesure","twitter_misc":{"Gesch\u00e4tzte Lesezeit":"4\u00a0Minuten"},"schema":{"@context":"https:\/\/schema.org","@graph":[{"@type":"WebPage","@id":"https:\/\/www.reseau-mesure.com\/de\/newsletter-20211102\/","url":"https:\/\/www.reseau-mesure.com\/de\/newsletter-20211102\/","name":"Newsletter-20211102 - R\u00e9seau Mesure","isPartOf":{"@id":"https:\/\/www.reseau-mesure.com\/#website"},"primaryImageOfPage":{"@id":"https:\/\/www.reseau-mesure.com\/de\/newsletter-20211102\/#primaryimage"},"image":{"@id":"https:\/\/www.reseau-mesure.com\/de\/newsletter-20211102\/#primaryimage"},"thumbnailUrl":"https:\/\/www.reseau-mesure.com\/wp-content\/uploads\/2020\/07\/20ku.jpeg","datePublished":"2021-02-09T08:48:26+00:00","dateModified":"2021-02-16T10:53:08+00:00","description":"Newsletter du 11 f\u00e9vrier 2021, d\u00e9couvrez les actions du R\u00e9seau Mesure pour les prochaines semaines, \u00e0 vos agendas !","breadcrumb":{"@id":"https:\/\/www.reseau-mesure.com\/de\/newsletter-20211102\/#breadcrumb"},"inLanguage":"de","potentialAction":[{"@type":"ReadAction","target":["https:\/\/www.reseau-mesure.com\/de\/newsletter-20211102\/"]}]},{"@type":"ImageObject","inLanguage":"de","@id":"https:\/\/www.reseau-mesure.com\/de\/newsletter-20211102\/#primaryimage","url":"https:\/\/www.reseau-mesure.com\/wp-content\/uploads\/2020\/07\/20ku.jpeg","contentUrl":"https:\/\/www.reseau-mesure.com\/wp-content\/uploads\/2020\/07\/20ku.jpeg"},{"@type":"BreadcrumbList","@id":"https:\/\/www.reseau-mesure.com\/de\/newsletter-20211102\/#breadcrumb","itemListElement":[{"@type":"ListItem","position":1,"name":"Accueil","item":"https:\/\/www.reseau-mesure.com\/"},{"@type":"ListItem","position":2,"name":"Newsletter-20211102"}]},{"@type":"WebSite","@id":"https:\/\/www.reseau-mesure.com\/#website","url":"https:\/\/www.reseau-mesure.com\/","name":"Netzwerk-Messung","description":"Netzwerkma\u00dfnahme","publisher":{"@id":"https:\/\/www.reseau-mesure.com\/#organization"},"potentialAction":[{"@type":"SearchAction","target":{"@type":"EntryPoint","urlTemplate":"https:\/\/www.reseau-mesure.com\/?s={search_term_string}"},"query-input":{"@type":"PropertyValueSpecification","valueRequired":true,"valueName":"search_term_string"}}],"inLanguage":"de"},{"@type":"Organization","@id":"https:\/\/www.reseau-mesure.com\/#organization","name":"Netzwerk-Messung","url":"https:\/\/www.reseau-mesure.com\/","logo":{"@type":"ImageObject","inLanguage":"de","@id":"https:\/\/www.reseau-mesure.com\/#\/schema\/logo\/image\/","url":"https:\/\/www.reseau-mesure.com\/wp-content\/uploads\/2018\/02\/logo-max.png","contentUrl":"https:\/\/www.reseau-mesure.com\/wp-content\/uploads\/2018\/02\/logo-max.png","width":545,"height":285,"caption":"R\u00e9seau-Mesure"},"image":{"@id":"https:\/\/www.reseau-mesure.com\/#\/schema\/logo\/image\/"},"sameAs":["https:\/\/www.facebook.com\/reseaumesure\/","https:\/\/x.com\/ReseauMesure","https:\/\/www.linkedin.com\/company\/reseau-mesure\/"]}]}},"_links":{"self":[{"href":"https:\/\/www.reseau-mesure.com\/de\/wp-json\/wp\/v2\/pages\/12660","targetHints":{"allow":["GET"]}}],"collection":[{"href":"https:\/\/www.reseau-mesure.com\/de\/wp-json\/wp\/v2\/pages"}],"about":[{"href":"https:\/\/www.reseau-mesure.com\/de\/wp-json\/wp\/v2\/types\/page"}],"author":[{"embeddable":true,"href":"https:\/\/www.reseau-mesure.com\/de\/wp-json\/wp\/v2\/users\/685"}],"replies":[{"embeddable":true,"href":"https:\/\/www.reseau-mesure.com\/de\/wp-json\/wp\/v2\/comments?post=12660"}],"version-history":[{"count":0,"href":"https:\/\/www.reseau-mesure.com\/de\/wp-json\/wp\/v2\/pages\/12660\/revisions"}],"wp:attachment":[{"href":"https:\/\/www.reseau-mesure.com\/de\/wp-json\/wp\/v2\/media?parent=12660"}],"curies":[{"name":"wp","href":"https:\/\/api.w.org\/{rel}","templated":true}]}}