{"id":12758,"date":"2021-02-19T09:50:47","date_gmt":"2021-02-19T08:50:47","guid":{"rendered":"https:\/\/www.reseau-mesure.com\/?page_id=12758"},"modified":"2021-02-25T08:11:58","modified_gmt":"2021-02-25T07:11:58","slug":"reseau-mesure-express-20210225","status":"publish","type":"page","link":"https:\/\/www.reseau-mesure.com\/de\/reseau-mesure-express-20210225\/","title":{"rendered":"Express Measurement Network-20210225"},"content":{"rendered":"<img loading=\"lazy\" decoding=\"async\" src=\"https:\/\/www.reseau-mesure.com\/wp-content\/uploads\/2020\/07\/20ku.jpeg\" alt=\"R\u00e9seau Mesure Express\" itemprop=\"image\" height=\"300\" width=\"970\" title=\"Express Measurement Network Header\" onerror=\"this.style.display='none'\"  \/>\n<h1>\n\t\tExpress-Messnetzwerk\n\t<\/h1>\n<h2>\n\t\t25.02.2021\n\t<\/h2>\n\t<h3><strong>Ein Netzwerk f\u00fcr seine Mitglieder durch seine Mitglieder<\/strong><\/h3>\n\t<p>R\u00e9seau Mesure Express erm\u00f6glicht es den Mitgliedern, die Nachrichten der Vereinigung zu finden.<\/p>\n<h2>\n\t\t<a href=\"https:\/\/www.reseau-mesure.cohttps:\/\/www.reseau-mesure.com\/evenements\/atelier-recrutement-rediger-une-offre\/\" title=\"Rekrutierungsworkshop: Schreiben Sie ein Angebot\" target=\"_self\" rel=\"noopener\">\n\t\tRekrutierungsworkshop: Schreiben Sie ein Angebot\n\t\t<\/a>\n\t<\/h2>\n\tDir es erlauben<strong>Verstehen Sie die guten Praktiken beim Verfassen des Stellenangebots:<\/strong>\n<ul>\n<li>Stellenprofil \/ Steckbrief des gesuchten Kandidaten \/ Darstellung des Unternehmens- und Arbeitgeberverm\u00f6gens, ... anhand von Praxisf\u00e4llen, erg\u00e4nzt durch die Fragen \/ Antworten der Gruppe<\/li>\n<\/ul>\nVorstellung der Apec-Dienste zur Unterst\u00fctzung bei der Angebotserstellung und Vorauswahl der Bewerbungen\n<h3><strong><em>Kostenloser Workshop von APEC<br \/>\nBegrenzt auf 12 Teilnehmer pro Sitzung<\/em><\/strong><\/h3>\n\t<strong>Ein Workshop in einer kleinen Gruppe, um zu lernen, wie man ein erfolgreiches Stellenangebot schreibt.<\/strong>\n<ul>\n<li>Welche Attraktivit\u00e4tsfaktoren m\u00fcssen heute hervorgehoben werden, um Kandidaten anzuziehen?<\/li>\n<li>Praktische \u00dcbung: Einzel- und Gruppenarbeit zu den Attraktivit\u00e4tselementen Ihres Unternehmens<\/li>\n<li>Wie k\u00f6nnen die Ziele, Aufgaben und Aktivit\u00e4ten der zu besetzenden Position beschrieben werden?<\/li>\n<li>Welche Fragen m\u00fcssen Sie sich stellen, um das gew\u00fcnschte Profil zu definieren?<\/li>\n<li>Die neuesten Innovationen, um Ihre Stellenangebote hervorzuheben<\/li>\n<\/ul>\n<p><em><b>Freitag, 5. M\u00e4rz 2021, 11:00 Uhr<\/b><\/em>\u00a0<\/p>\n\n\t\t\t<a href=\"mailto:eduflot@reseau-mesure.com\" target=\"_self\" role=\"button\" rel=\"noopener\">\n\t\t\t\t\t\t\tAnmeldungen\n\t\t\t\t\t<\/a>\n\t\t\t\t<a href=\"https:\/\/www.reseau-mesure.com\/de\/agenda\/\" target=\"_blank\" rel=\"noopener\" itemprop=\"url\">\n\t\t\t\t<img loading=\"lazy\" decoding=\"async\" src=\"https:\/\/www.reseau-mesure.com\/wp-content\/uploads\/2021\/02\/26082-scaled.jpg\" alt=\"Atelier gratuit anim\u00e9 par l'APEC R\u00e9seau Mesure Express recrutement\" itemprop=\"image\" height=\"2253\" width=\"2560\" title=\"Kostenloser Workshop, veranstaltet von APEC R\u00e9seau Mesure Express ActualitesEmployment Recruitment Isometric Background\" onerror=\"this.style.display='none'\"  \/>\n\t\t\t\t<\/a>\n\t\t\t\t<img loading=\"lazy\" decoding=\"async\" src=\"https:\/\/www.reseau-mesure.com\/wp-content\/uploads\/2021\/02\/apec-logo.png\" alt=\"Apec\" itemprop=\"image\" height=\"129\" width=\"389\" title=\"Apec-Logo\" onerror=\"this.style.display='none'\"  \/>\n<h2>\n\t\t<a href=\"https:\/\/www.reseau-mesure.com\/de\/salons\/\" title=\"Measurement World 2021 - die erste Back-to-School-Show!\" target=\"_self\" rel=\"noopener\">\n\t\tMeasurement World 2021 \u2013 die erste Messe im neuen Schuljahr!\n\t\t<\/a>\n\t<\/h2>\n\t\t\t\t<a href=\"https:\/\/www.reseau-mesure.com\/de\/salons\/\" target=\"_blank\" rel=\"noopener\" itemprop=\"url\">\n\t\t\t\t<img loading=\"lazy\" decoding=\"async\" src=\"https:\/\/www.reseau-mesure.com\/wp-content\/uploads\/2021\/02\/4-jours-determinants.png\" alt=\"Measurement World 2021\" itemprop=\"image\" height=\"404\" width=\"1350\" title=\"4 entscheidende Tage\" onerror=\"this.style.display='none'\"  \/>\n\t\t\t\t<\/a>\n\t\t\t\t<a href=\"https:\/\/www.cim2021.com\/\" target=\"_self\" itemprop=\"url\" rel=\"noopener\">\n\t\t\t\t<img loading=\"lazy\" decoding=\"async\" src=\"https:\/\/www.reseau-mesure.com\/wp-content\/uploads\/2021\/02\/2440_MAF_memedate_CIM-2021_FR-300x284.jpg\" alt=\"CIM 2021\" itemprop=\"image\" height=\"284\" width=\"300\" title=\"2440_MAF_memedate_CIM 2021_FR\" onerror=\"this.style.display='none'\"  \/>\n\t\t\t\t<\/a>\n\t<h2>Das internationale Technologietreffen zur Messung<\/h2>\n<h3>MEASUREMENT WORLD ist DAS unverzichtbare Ereignis f\u00fcr einen ganzen Berufsstand, der Spezialisten f\u00fcr ANALYSE, KONTROLLE, OPTIK, PROZESS und VISION zusammenbringt.<\/h3>\nDie gleichzeitige Veranstaltung von MEASUREMENT WORLD mit dem International Congress of Metrology (CIM) und GLOBAL INDUSTRIE bietet vom 7. bis 10. September 2021 in Lyon ein noch repr\u00e4sentativeres Panorama der Industrie mit einem erweiterten technologischen Angebot, das auf die Industrie der Zukunft ausgerichtet ist . Eine au\u00dfergew\u00f6hnliche Synergie, die zudem den internationalen Charakter dieses Gro\u00dftreffs unterstreicht und die Marktkompetenz der Besucher erweitert.<br \/>\nDiese f\u00fcr das Jahr 2021 spezifische Situation ist eine Chance f\u00fcr MEASUREMENT WORLD &amp; CIM, vom gesamten \u00d6kosystem und den Anwenderm\u00e4rkten der GLOBAL INDUSTRIE zu profitieren und gleichzeitig a<br \/>\nwichtigere Medienberichterstattung \u00fcber Ereignisse.<br \/>\nUm die Bewegung der Besucher zu erleichtern, erm\u00f6glichen Ihnen die Ausweise den \u00dcbergang von einer Veranstaltung zur anderen.\n\n<p>&nbsp;<\/p>\n<h2>\n\t\tGesch\u00e4ftsm\u00f6glichkeit in Algerien\n\t<\/h2>\n\t<p>Im Rahmen der Entwicklung seiner T\u00e4tigkeit und seiner Produktionskapazit\u00e4ten sucht ein algerisches Unternehmen, das auf die industrielle Kunststoffherstellung (Preforms) f\u00fcr Abf\u00fcller von Mineralw\u00e4ssern und Getr\u00e4nken (Limonaden, S\u00e4fte usw.) spezialisiert ist, einen franz\u00f6sischen Partner, der in Frankreich t\u00e4tig ist die gleiche Branche.<\/p>\n<p><strong>\u2013 Gesch\u00e4tzte Kosten des Projekts <\/strong><strong>\u2243<\/strong> 4,35 Millionen Euro.<\/p>\n<p><strong>\u2013 Ort des Projekts:<\/strong> Industriegebiet Blida.<\/p>\n<p>Das Unternehmen bleibt offen f\u00fcr jeden Partnerschaftsvorschlag.<\/p>\n<p>Kontakt :<\/p>\n<p><strong>Ryan KADA-\u00a0<\/strong>Tel.: +213 (0) 23 50 70 19 Durchwahl: 134<\/p>\n<p>Mob: +213 (0) 770 747 669 E-Mail: r.kada@cciaf.org<\/p>\n<p>&nbsp;<\/p>\n\t\t\t\t<a href=\"http:\/\/www.mesures.com\/pdf\/MES_928_zPa_20201027.pdf\" target=\"_blank\" rel=\"noopener\" itemprop=\"url\">\n\t\t\t\t<img loading=\"lazy\" decoding=\"async\" src=\"https:\/\/www.reseau-mesure.com\/wp-content\/uploads\/2021\/02\/VISUEL.jpg\" alt=\"R\u00e9seau Mesure Express CCI ALGER\" itemprop=\"image\" height=\"788\" width=\"940\" title=\"CCI ALGIERS\" onerror=\"this.style.display='none'\"  \/>\n\t\t\t\t<\/a>\n\t\n\t\t\t<a href=\"https:\/\/www.reseau-mesure.com\/de\/evenements\/\" target=\"_self\" role=\"button\" rel=\"noopener\">\n\t\t\t\t\t\t\tDie komplette Agenda des Messnetzes\n\t\t\t\t\t<\/a>\n\t\t\t\t<img loading=\"lazy\" decoding=\"async\" src=\"https:\/\/www.reseau-mesure.com\/wp-content\/uploads\/2020\/08\/Plan-de-travail-3niveau.png\" alt=\"R\u00e9seau Mesure Express Actualites\" itemprop=\"image\" height=\"3665\" width=\"5520\" title=\"Express Measurement Network News\" onerror=\"this.style.display='none'\"  \/>\n\t<p>&nbsp;<\/p>\n<h3><strong>Tech&#039;Days | Technologie im Dienste des Sports <\/strong><\/h3>\n\n\n\n<p>&nbsp;<\/p>\n\t<h3><strong>Tech&#039;Days | Technologie im Dienste des Sports <\/strong><\/h3>\n\n<ul>\n<li><strong>Das Interesse an Technologien f\u00fcr eine Sportabteilung, das Beispiel der Urban Community of Cergy-Pontoise \u2013 <\/strong>Anthony FERREIRA \u2013 Leiter des Bereichs Sportger\u00e4te und Projekte, Agglomerationsgemeinschaft Cergy-Pontoise<\/li>\n<li><strong>Wie kann man dank einer neuen virtuellen Fernbedienung in k\u00fcrzester Zeit die meisten Clips von Sportereignissen sehen? \u2013 <\/strong>Boris BORZIC \u2013 Doktor der Informatik, CNRS-Forschungsingenieur im ETIS-Labor; CY Cergy Universit\u00e4t Paris<\/li>\n<li><strong>Das Erasmus + Sport-Programm: eine Gelegenheit, Verbundprojekte zu finanzieren<\/strong> \u2013 Antoine KIEFFER \u2013 Europ\u00e4ischer Finanzierungsberater; EURONOVIA<\/li>\n<li><strong>Wie kann Sport ein Werte- und Motivationsvektor f\u00fcr das Unternehmen sein? die beitr\u00e4ge von digital \u2013 <\/strong>Julien LONGHI \u2013 Professor f\u00fcr Diskursanalyse, IDHN, AGORA, IUF; CY Cergy Universit\u00e4t Paris<\/li>\n<li><strong>Neue Technologien im Dienste der sportlichen Leistung<\/strong> <strong>&#8211; <\/strong><strong>Jean-Francois TATARD<\/strong><strong>, <\/strong><strong>Ex-Spitzensportler (Radfahren und Laufen),<\/strong> Verkaufscoach f\u00fcr ein Unternehmen der pharmazeutischen Industrie (IDEXX), Berater, Redner und Sportcoach<\/li>\n<\/ul>\n\t<h2>R\u00e9seau Mesure Express: Neuigkeiten zum Aktionsplan des Vereins<\/h2>","protected":false},"excerpt":{"rendered":"<p>R\u00e9seau Mesure Express 25.02.2021 Ein Netzwerk f\u00fcr seine Mitglieder, von seinen Mitgliedern R\u00e9seau Mesure Express erm\u00f6glicht es den Mitgliedern, die Neuigkeiten des Verbandes zu finden. Rekrutierungsworkshop: Verfassen eines Angebots Damit Sie bew\u00e4hrte Praktiken beim Verfassen eines Stellenangebots verstehen k\u00f6nnen: Stellenprofil \/ Profil des gesuchten Kandidaten \/ Pr\u00e4sentation des Unternehmens und\u2026<\/p>","protected":false},"author":685,"featured_media":0,"parent":0,"menu_order":0,"comment_status":"closed","ping_status":"closed","template":"","meta":{"_acf_changed":false,"footnotes":""},"class_list":["post-12758","page","type-page","status-publish","hentry"],"acf":[],"yoast_head":"<!-- This site is optimized with the Yoast SEO plugin v27.5 - https:\/\/yoast.com\/product\/yoast-seo-wordpress\/ -->\n<title>R\u00e9seau Mesure Express-20210225 - R\u00e9seau Mesure<\/title>\n<meta name=\"description\" content=\"R\u00e9seau Mesure Express du 25 f\u00e9vrier 2021, d\u00e9couvrez les actions du R\u00e9seau Mesure pour les prochaines semaines, \u00e0 vos agendas !\" \/>\n<meta name=\"robots\" content=\"index, follow, max-snippet:-1, max-image-preview:large, max-video-preview:-1\" \/>\n<link rel=\"canonical\" href=\"https:\/\/www.reseau-mesure.com\/de\/reseau-mesure-express-20210225\/\" \/>\n<meta property=\"og:locale\" content=\"de_DE\" \/>\n<meta property=\"og:type\" content=\"article\" \/>\n<meta property=\"og:title\" content=\"R\u00e9seau Mesure Express-20210225 - R\u00e9seau Mesure\" \/>\n<meta property=\"og:description\" content=\"R\u00e9seau Mesure Express du 25 f\u00e9vrier 2021, d\u00e9couvrez les actions du R\u00e9seau Mesure pour les prochaines semaines, \u00e0 vos agendas !\" \/>\n<meta property=\"og:url\" content=\"https:\/\/www.reseau-mesure.com\/de\/reseau-mesure-express-20210225\/\" \/>\n<meta property=\"og:site_name\" content=\"R\u00e9seau Mesure\" \/>\n<meta property=\"article:publisher\" content=\"https:\/\/www.facebook.com\/reseaumesure\/\" \/>\n<meta property=\"article:modified_time\" content=\"2021-02-25T07:11:58+00:00\" \/>\n<meta property=\"og:image\" content=\"https:\/\/www.reseau-mesure.com\/wp-content\/uploads\/2020\/07\/20ku.jpeg\" \/>\n<meta name=\"twitter:card\" content=\"summary_large_image\" \/>\n<meta name=\"twitter:site\" content=\"@ReseauMesure\" \/>\n<meta name=\"twitter:label1\" content=\"Gesch\u00e4tzte Lesezeit\" \/>\n\t<meta name=\"twitter:data1\" content=\"5\u00a0Minuten\" \/>\n<script type=\"application\/ld+json\" class=\"yoast-schema-graph\">{\"@context\":\"https:\\\/\\\/schema.org\",\"@graph\":[{\"@type\":\"WebPage\",\"@id\":\"https:\\\/\\\/www.reseau-mesure.com\\\/de\\\/reseau-mesure-express-20210225\\\/\",\"url\":\"https:\\\/\\\/www.reseau-mesure.com\\\/de\\\/reseau-mesure-express-20210225\\\/\",\"name\":\"R\u00e9seau Mesure Express-20210225 - R\u00e9seau Mesure\",\"isPartOf\":{\"@id\":\"https:\\\/\\\/www.reseau-mesure.com\\\/#website\"},\"primaryImageOfPage\":{\"@id\":\"https:\\\/\\\/www.reseau-mesure.com\\\/de\\\/reseau-mesure-express-20210225\\\/#primaryimage\"},\"image\":{\"@id\":\"https:\\\/\\\/www.reseau-mesure.com\\\/de\\\/reseau-mesure-express-20210225\\\/#primaryimage\"},\"thumbnailUrl\":\"https:\\\/\\\/www.reseau-mesure.com\\\/wp-content\\\/uploads\\\/2020\\\/07\\\/20ku.jpeg\",\"datePublished\":\"2021-02-19T08:50:47+00:00\",\"dateModified\":\"2021-02-25T07:11:58+00:00\",\"description\":\"R\u00e9seau Mesure Express du 25 f\u00e9vrier 2021, d\u00e9couvrez les actions du R\u00e9seau Mesure pour les prochaines semaines, \u00e0 vos agendas !\",\"breadcrumb\":{\"@id\":\"https:\\\/\\\/www.reseau-mesure.com\\\/de\\\/reseau-mesure-express-20210225\\\/#breadcrumb\"},\"inLanguage\":\"de\",\"potentialAction\":[{\"@type\":\"ReadAction\",\"target\":[\"https:\\\/\\\/www.reseau-mesure.com\\\/de\\\/reseau-mesure-express-20210225\\\/\"]}]},{\"@type\":\"ImageObject\",\"inLanguage\":\"de\",\"@id\":\"https:\\\/\\\/www.reseau-mesure.com\\\/de\\\/reseau-mesure-express-20210225\\\/#primaryimage\",\"url\":\"https:\\\/\\\/www.reseau-mesure.com\\\/wp-content\\\/uploads\\\/2020\\\/07\\\/20ku.jpeg\",\"contentUrl\":\"https:\\\/\\\/www.reseau-mesure.com\\\/wp-content\\\/uploads\\\/2020\\\/07\\\/20ku.jpeg\"},{\"@type\":\"BreadcrumbList\",\"@id\":\"https:\\\/\\\/www.reseau-mesure.com\\\/de\\\/reseau-mesure-express-20210225\\\/#breadcrumb\",\"itemListElement\":[{\"@type\":\"ListItem\",\"position\":1,\"name\":\"Accueil\",\"item\":\"https:\\\/\\\/www.reseau-mesure.com\\\/\"},{\"@type\":\"ListItem\",\"position\":2,\"name\":\"R\u00e9seau Mesure Express-20210225\"}]},{\"@type\":\"WebSite\",\"@id\":\"https:\\\/\\\/www.reseau-mesure.com\\\/#website\",\"url\":\"https:\\\/\\\/www.reseau-mesure.com\\\/\",\"name\":\"R\u00e9seau-Mesure\",\"description\":\"R\u00e9seau Mesure\",\"publisher\":{\"@id\":\"https:\\\/\\\/www.reseau-mesure.com\\\/#organization\"},\"potentialAction\":[{\"@type\":\"SearchAction\",\"target\":{\"@type\":\"EntryPoint\",\"urlTemplate\":\"https:\\\/\\\/www.reseau-mesure.com\\\/?s={search_term_string}\"},\"query-input\":{\"@type\":\"PropertyValueSpecification\",\"valueRequired\":true,\"valueName\":\"search_term_string\"}}],\"inLanguage\":\"de\"},{\"@type\":\"Organization\",\"@id\":\"https:\\\/\\\/www.reseau-mesure.com\\\/#organization\",\"name\":\"R\u00e9seau-Mesure\",\"url\":\"https:\\\/\\\/www.reseau-mesure.com\\\/\",\"logo\":{\"@type\":\"ImageObject\",\"inLanguage\":\"de\",\"@id\":\"https:\\\/\\\/www.reseau-mesure.com\\\/#\\\/schema\\\/logo\\\/image\\\/\",\"url\":\"https:\\\/\\\/www.reseau-mesure.com\\\/wp-content\\\/uploads\\\/2018\\\/02\\\/logo-max.png\",\"contentUrl\":\"https:\\\/\\\/www.reseau-mesure.com\\\/wp-content\\\/uploads\\\/2018\\\/02\\\/logo-max.png\",\"width\":545,\"height\":285,\"caption\":\"R\u00e9seau-Mesure\"},\"image\":{\"@id\":\"https:\\\/\\\/www.reseau-mesure.com\\\/#\\\/schema\\\/logo\\\/image\\\/\"},\"sameAs\":[\"https:\\\/\\\/www.facebook.com\\\/reseaumesure\\\/\",\"https:\\\/\\\/x.com\\\/ReseauMesure\",\"https:\\\/\\\/www.linkedin.com\\\/company\\\/reseau-mesure\\\/\"]}]}<\/script>\n<!-- \/ Yoast SEO plugin. -->","yoast_head_json":{"title":"R\u00e9seau Mesure Express-20210225 - R\u00e9seau Mesure","description":"R\u00e9seau Mesure Express du 25 f\u00e9vrier 2021, d\u00e9couvrez les actions du R\u00e9seau Mesure pour les prochaines semaines, \u00e0 vos agendas !","robots":{"index":"index","follow":"follow","max-snippet":"max-snippet:-1","max-image-preview":"max-image-preview:large","max-video-preview":"max-video-preview:-1"},"canonical":"https:\/\/www.reseau-mesure.com\/de\/reseau-mesure-express-20210225\/","og_locale":"de_DE","og_type":"article","og_title":"R\u00e9seau Mesure Express-20210225 - R\u00e9seau Mesure","og_description":"R\u00e9seau Mesure Express du 25 f\u00e9vrier 2021, d\u00e9couvrez les actions du R\u00e9seau Mesure pour les prochaines semaines, \u00e0 vos agendas !","og_url":"https:\/\/www.reseau-mesure.com\/de\/reseau-mesure-express-20210225\/","og_site_name":"R\u00e9seau Mesure","article_publisher":"https:\/\/www.facebook.com\/reseaumesure\/","article_modified_time":"2021-02-25T07:11:58+00:00","og_image":[{"url":"https:\/\/www.reseau-mesure.com\/wp-content\/uploads\/2020\/07\/20ku.jpeg","type":"","width":"","height":""}],"twitter_card":"summary_large_image","twitter_site":"@ReseauMesure","twitter_misc":{"Gesch\u00e4tzte Lesezeit":"5\u00a0Minuten"},"schema":{"@context":"https:\/\/schema.org","@graph":[{"@type":"WebPage","@id":"https:\/\/www.reseau-mesure.com\/de\/reseau-mesure-express-20210225\/","url":"https:\/\/www.reseau-mesure.com\/de\/reseau-mesure-express-20210225\/","name":"R\u00e9seau Mesure Express-20210225 - R\u00e9seau Mesure","isPartOf":{"@id":"https:\/\/www.reseau-mesure.com\/#website"},"primaryImageOfPage":{"@id":"https:\/\/www.reseau-mesure.com\/de\/reseau-mesure-express-20210225\/#primaryimage"},"image":{"@id":"https:\/\/www.reseau-mesure.com\/de\/reseau-mesure-express-20210225\/#primaryimage"},"thumbnailUrl":"https:\/\/www.reseau-mesure.com\/wp-content\/uploads\/2020\/07\/20ku.jpeg","datePublished":"2021-02-19T08:50:47+00:00","dateModified":"2021-02-25T07:11:58+00:00","description":"R\u00e9seau Mesure Express du 25 f\u00e9vrier 2021, d\u00e9couvrez les actions du R\u00e9seau Mesure pour les prochaines semaines, \u00e0 vos agendas !","breadcrumb":{"@id":"https:\/\/www.reseau-mesure.com\/de\/reseau-mesure-express-20210225\/#breadcrumb"},"inLanguage":"de","potentialAction":[{"@type":"ReadAction","target":["https:\/\/www.reseau-mesure.com\/de\/reseau-mesure-express-20210225\/"]}]},{"@type":"ImageObject","inLanguage":"de","@id":"https:\/\/www.reseau-mesure.com\/de\/reseau-mesure-express-20210225\/#primaryimage","url":"https:\/\/www.reseau-mesure.com\/wp-content\/uploads\/2020\/07\/20ku.jpeg","contentUrl":"https:\/\/www.reseau-mesure.com\/wp-content\/uploads\/2020\/07\/20ku.jpeg"},{"@type":"BreadcrumbList","@id":"https:\/\/www.reseau-mesure.com\/de\/reseau-mesure-express-20210225\/#breadcrumb","itemListElement":[{"@type":"ListItem","position":1,"name":"Accueil","item":"https:\/\/www.reseau-mesure.com\/"},{"@type":"ListItem","position":2,"name":"R\u00e9seau Mesure Express-20210225"}]},{"@type":"WebSite","@id":"https:\/\/www.reseau-mesure.com\/#website","url":"https:\/\/www.reseau-mesure.com\/","name":"Netzwerk-Messung","description":"Netzwerkma\u00dfnahme","publisher":{"@id":"https:\/\/www.reseau-mesure.com\/#organization"},"potentialAction":[{"@type":"SearchAction","target":{"@type":"EntryPoint","urlTemplate":"https:\/\/www.reseau-mesure.com\/?s={search_term_string}"},"query-input":{"@type":"PropertyValueSpecification","valueRequired":true,"valueName":"search_term_string"}}],"inLanguage":"de"},{"@type":"Organization","@id":"https:\/\/www.reseau-mesure.com\/#organization","name":"Netzwerk-Messung","url":"https:\/\/www.reseau-mesure.com\/","logo":{"@type":"ImageObject","inLanguage":"de","@id":"https:\/\/www.reseau-mesure.com\/#\/schema\/logo\/image\/","url":"https:\/\/www.reseau-mesure.com\/wp-content\/uploads\/2018\/02\/logo-max.png","contentUrl":"https:\/\/www.reseau-mesure.com\/wp-content\/uploads\/2018\/02\/logo-max.png","width":545,"height":285,"caption":"R\u00e9seau-Mesure"},"image":{"@id":"https:\/\/www.reseau-mesure.com\/#\/schema\/logo\/image\/"},"sameAs":["https:\/\/www.facebook.com\/reseaumesure\/","https:\/\/x.com\/ReseauMesure","https:\/\/www.linkedin.com\/company\/reseau-mesure\/"]}]}},"_links":{"self":[{"href":"https:\/\/www.reseau-mesure.com\/de\/wp-json\/wp\/v2\/pages\/12758","targetHints":{"allow":["GET"]}}],"collection":[{"href":"https:\/\/www.reseau-mesure.com\/de\/wp-json\/wp\/v2\/pages"}],"about":[{"href":"https:\/\/www.reseau-mesure.com\/de\/wp-json\/wp\/v2\/types\/page"}],"author":[{"embeddable":true,"href":"https:\/\/www.reseau-mesure.com\/de\/wp-json\/wp\/v2\/users\/685"}],"replies":[{"embeddable":true,"href":"https:\/\/www.reseau-mesure.com\/de\/wp-json\/wp\/v2\/comments?post=12758"}],"version-history":[{"count":0,"href":"https:\/\/www.reseau-mesure.com\/de\/wp-json\/wp\/v2\/pages\/12758\/revisions"}],"wp:attachment":[{"href":"https:\/\/www.reseau-mesure.com\/de\/wp-json\/wp\/v2\/media?parent=12758"}],"curies":[{"name":"wp","href":"https:\/\/api.w.org\/{rel}","templated":true}]}}