{"id":12926,"date":"2021-02-25T18:04:52","date_gmt":"2021-02-25T17:04:52","guid":{"rendered":"https:\/\/www.reseau-mesure.com\/?page_id=12926"},"modified":"2026-01-09T11:32:03","modified_gmt":"2026-01-09T10:32:03","slug":"certification-qualiopi","status":"publish","type":"page","link":"https:\/\/www.reseau-mesure.com\/de\/certification-qualiopi\/","title":{"rendered":"Qualiopi-Zertifizierung"},"content":{"rendered":"<p>&nbsp;<\/p>\n<h1><strong>QUALIOPI-ZERTIFIZIERUNG<\/strong><\/h1>\n\t\t\t\t<img decoding=\"async\" src=\"https:\/\/www.reseau-mesure.com\/wp-content\/uploads\/2018\/10\/Sans-titre-1.png\" alt=\"Le R\u00e9seau Mesure\" itemprop=\"image\" height=\"932\" width=\"1774\" title=\"Das Messnetzwerk\" onerror=\"this.style.display='none'\" loading=\"lazy\" \/>\n\t\t\t\t<img decoding=\"async\" src=\"https:\/\/www.reseau-mesure.com\/wp-content\/uploads\/2021\/07\/logo-qualiopi-avec-action-de-formation.png\" alt=\"certification qualiopi action de formation\" itemprop=\"image\" height=\"825\" width=\"980\" title=\"qualiopi-Logo mit Trainingsaktion\" onerror=\"this.style.display='none'\" loading=\"lazy\" \/>\n\tDas Messnetz ist <a href=\"https:\/\/www.reseau-mesure.com\/wp-content\/uploads\/2024\/06\/Certificat-Qualiopi-RM-2024-2027.pdf\" target=\"_blank\" rel=\"noopener\">Qualiopi zertifiziertes Schulungszentrum<\/a>, wodurch die Kosten f\u00fcr die Ausbildung der Auszubildenden von Ihrem OPCO \u00fcbernommen werden k\u00f6nnen.\n<p>Sie bieten Schulungen f\u00fcr Ihre Kunden und<strong> Sie initiieren den Zertifizierungsprozess <\/strong>oder du bist noch nicht bereit daf\u00fcr, <strong>Das Messnetz l\u00e4dt Sie ein, diese Punkte gemeinsam anzugehen<\/strong>, durch die Teilnahme an der engagierten Arbeitsgruppe.<\/p>\n<p>&nbsp;<\/p>\n<p><strong>Wenn Sie sich nicht in den Qualiopi-Prozess einbringen m\u00f6chten, aber lieber von der Zertifizierung des Measurement Network f\u00fcr Ihre angebotenen Schulungen profitieren m\u00f6chten:\u00a0<\/strong><\/p>\n\t\t\t<a href=\"https:\/\/www.reseau-mesure.com\/wp-content\/uploads\/2026\/01\/Protocole-mutualisation-certification-Qualiopi-du-Reseau-Mesure-2026.docx\" target=\"_blank\" rel=\"noopener\">\n\t\t\t\t\t\t\tLaden Sie das Protokoll herunter\n\t\t\t\t\t<\/a>\n\t\t\t<a href=\"https:\/\/www.reseau-mesure.com\/wp-content\/uploads\/2024\/03\/Process-realisation-dune-formation-Qualiopi-avec-RESEAU-MESURE-2024.pdf\" target=\"_blank\" rel=\"noopener\">\n\t\t\t\t\t\t\tLaden Sie das Verfahren herunter\n\t\t\t\t\t<\/a>\n\tQualiopi ist ein Cofrac-Verfahren, das f\u00fcr 3 Jahre und auf einer Aktivit\u00e4tserkl\u00e4rungsnummer gew\u00e4hrt wird.<br \/>\nDer Erhalt von Qualiopi erfordert die Erf\u00fcllung und den Nachweis der Einhaltung von 32 Indikatoren, die von der festgelegt wurden <a href=\"https:\/\/cutt.ly\/qyGwQv7\">RNQ<\/a>. N\u00fctzliche Informationen :<br \/>\n\u201eDatadocked zu sein\u201c vor Beginn der Qualiopi-Formalit\u00e4ten ist von Vorteil, da es ein besseres Verst\u00e4ndnis erm\u00f6glicht und Zeit spart.<br \/>\nDa Sie ein Datadock sind, m\u00fcssen Sie zwischen dem Beginn Ihrer Vorbereitung und der Ausstellung der neuen Zertifizierung zwischen 5 und 6 Monaten rechnen. Z\u00e4hlen Sie andererseits 1 zus\u00e4tzlichen Monat ohne DataDock. Bei Nichtbeachtung ist zudem ein Zeitraum von 3 Monaten zu ber\u00fccksichtigen.\n<em>Jeder Ausbildungsbetrieb (OF) muss einen Wirtschaftspr\u00fcfer ernennen, wenn er 2 der 3 folgenden Kriterien erf\u00fcllt (Art. R6352-9 des Arbeitsgesetzbuchs): \u2013 3 Mitarbeiter mit einem unbefristeten Vertrag \u2013 153.000 \u20ac Umsatz \u2013 230.000 \u20ac in der Bilanz gesamt Diese Kriterien beziehen sich auf die allgemeine T\u00e4tigkeit des Unternehmens und nicht auf die Ausbildungst\u00e4tigkeit und gelten unabh\u00e4ngig von der Rechtsform.<\/em>\n\t<p><strong>Nouveau contr\u00f4le fond\u00e9 sur <a href=\"https:\/\/www.reseau-mesure.com\/wp-content\/uploads\/2025\/09\/GIE-D2OF-Referentiel-controles-qualite-mars-2025.pdf\">Le\u00a0R\u00e9f\u00e9rentiel D\u00b2OF 2025,<\/a> publi\u00e9 le 14 mars 2025, qui structure cette mission autour de\u00a06 crit\u00e8res et 19 indicateurs.<\/strong><\/p>\n\t\t\t\t<img decoding=\"async\" src=\"https:\/\/www.reseau-mesure.com\/wp-content\/uploads\/2025\/09\/Capture-decran-2025-09-01-124255.jpg\" alt=\"diff\u00e8rent mais compl\u00e9mentaire de qualiopi\" itemprop=\"image\" height=\"279\" width=\"892\" title=\"D\u00b2OF\" onerror=\"this.style.display='none'\" loading=\"lazy\" \/>\n\t\t\t<a href=\"https:\/\/www.reseau-mesure.com\/de\/cr-reunions-qualiopi\/\" target=\"_blank\" rel=\"noopener\">\n\t\t\t\t\t\t\tFinden Sie die Protokolle der Sitzungen\n\t\t\t\t\t<\/a>\n\t<h2><strong>Dokumentationsressourcen<\/strong><\/h2>\n<ul>\n<li><a href=\"https:\/\/www.reseau-mesure.com\/wp-content\/uploads\/2021\/02\/Presentation-Qualiopi-Reseau-Mesure-2-2-2021.pdf\" target=\"_blank\" rel=\"noopener\">Qualiopi Pr\u00e4sentation<\/a> der Streithelferin die Firma Dauge Fid\u00e9liance<\/li>\n<li><a href=\"https:\/\/www.reseau-mesure.com\/wp-content\/uploads\/2021\/02\/Synthese-Qualiopi.pdf\" target=\"_blank\" rel=\"noopener\">Zusammenfassung des Qualiopi-Zertifizierungsverfahrens<\/a><\/li>\n<li><a href=\"https:\/\/www.reseau-mesure.com\/wp-content\/uploads\/2024\/03\/guide_de_lecture_qualiopi_v9_du_8_janvier_2024-2.pdf\" target=\"_blank\" rel=\"noopener\">R\u00e9f\u00e9rentiel National Qualit\u00e9 v9<\/a><\/li>\n<\/ul>\n\t\t\t\t<img decoding=\"async\" src=\"https:\/\/www.reseau-mesure.com\/wp-content\/uploads\/2020\/07\/30490-150x150.jpg\" alt=\"Juridique\" itemprop=\"image\" height=\"150\" width=\"150\" title=\"legal im Dienste von Qualiopi\" onerror=\"this.style.display='none'\" loading=\"lazy\" \/>","protected":false},"excerpt":{"rendered":"<p>&nbsp; LA CERTIFICATION QUALIOPI Le R\u00e9seau Mesure est centre de formation certifi\u00e9 Qualiopi,\u00a0 ce qui permet une prise en charge des co\u00fbts de la formation des stagiaires, par votre OPCO. Vous dispensez des formations pour vos clients et vous initiez la d\u00e9marche de certification ou vous n&rsquo;\u00eates pas encore pr\u00eat pour cela, le R\u00e9seau Mesure&hellip;<\/p>","protected":false},"author":349,"featured_media":0,"parent":0,"menu_order":0,"comment_status":"closed","ping_status":"closed","template":"","meta":{"_acf_changed":false,"footnotes":""},"class_list":["post-12926","page","type-page","status-publish","hentry"],"acf":[],"yoast_head":"<!-- This site is optimized with the Yoast SEO plugin v27.3 - https:\/\/yoast.com\/product\/yoast-seo-wordpress\/ -->\n<title>Certification Qualiopi - R\u00e9seau Mesure - Entamez vos d\u00e9marches<\/title>\n<meta name=\"description\" content=\"La Certification QUALIOPI remplace la lab\u00e9lisation Datadock \u00e0 partir du 1\/01\/2022 . Initiez cette d\u00e9marche avec le R\u00e9seau Mesure en 2021.\" \/>\n<meta name=\"robots\" content=\"index, follow, max-snippet:-1, max-image-preview:large, max-video-preview:-1\" \/>\n<link rel=\"canonical\" href=\"https:\/\/www.reseau-mesure.com\/de\/certification-qualiopi\/\" \/>\n<meta property=\"og:locale\" content=\"de_DE\" \/>\n<meta property=\"og:type\" content=\"article\" \/>\n<meta property=\"og:title\" content=\"Certification Qualiopi - R\u00e9seau Mesure - Entamez vos d\u00e9marches\" \/>\n<meta property=\"og:description\" content=\"La Certification QUALIOPI remplace la lab\u00e9lisation Datadock \u00e0 partir du 1\/01\/2022 . Initiez cette d\u00e9marche avec le R\u00e9seau Mesure en 2021.\" \/>\n<meta property=\"og:url\" content=\"https:\/\/www.reseau-mesure.com\/de\/certification-qualiopi\/\" \/>\n<meta property=\"og:site_name\" content=\"R\u00e9seau Mesure\" \/>\n<meta property=\"article:publisher\" content=\"https:\/\/www.facebook.com\/reseaumesure\/\" \/>\n<meta property=\"article:modified_time\" content=\"2026-01-09T10:32:03+00:00\" \/>\n<meta property=\"og:image\" content=\"https:\/\/www.reseau-mesure.com\/wp-content\/uploads\/2018\/10\/Sans-titre-1.png\" \/>\n<meta name=\"twitter:card\" content=\"summary_large_image\" \/>\n<meta name=\"twitter:site\" content=\"@ReseauMesure\" \/>\n<meta name=\"twitter:label1\" content=\"Gesch\u00e4tzte Lesezeit\" \/>\n\t<meta name=\"twitter:data1\" content=\"2\u00a0Minuten\" \/>\n<script type=\"application\/ld+json\" class=\"yoast-schema-graph\">{\"@context\":\"https:\\\/\\\/schema.org\",\"@graph\":[{\"@type\":\"WebPage\",\"@id\":\"https:\\\/\\\/www.reseau-mesure.com\\\/certification-qualiopi\\\/\",\"url\":\"https:\\\/\\\/www.reseau-mesure.com\\\/certification-qualiopi\\\/\",\"name\":\"Certification Qualiopi - R\u00e9seau Mesure - Entamez vos d\u00e9marches\",\"isPartOf\":{\"@id\":\"https:\\\/\\\/www.reseau-mesure.com\\\/#website\"},\"primaryImageOfPage\":{\"@id\":\"https:\\\/\\\/www.reseau-mesure.com\\\/certification-qualiopi\\\/#primaryimage\"},\"image\":{\"@id\":\"https:\\\/\\\/www.reseau-mesure.com\\\/certification-qualiopi\\\/#primaryimage\"},\"thumbnailUrl\":\"https:\\\/\\\/www.reseau-mesure.com\\\/wp-content\\\/uploads\\\/2018\\\/10\\\/Sans-titre-1.png\",\"datePublished\":\"2021-02-25T17:04:52+00:00\",\"dateModified\":\"2026-01-09T10:32:03+00:00\",\"description\":\"La Certification QUALIOPI remplace la lab\u00e9lisation Datadock \u00e0 partir du 1\\\/01\\\/2022 . Initiez cette d\u00e9marche avec le R\u00e9seau Mesure en 2021.\",\"breadcrumb\":{\"@id\":\"https:\\\/\\\/www.reseau-mesure.com\\\/certification-qualiopi\\\/#breadcrumb\"},\"inLanguage\":\"de\",\"potentialAction\":[{\"@type\":\"ReadAction\",\"target\":[\"https:\\\/\\\/www.reseau-mesure.com\\\/certification-qualiopi\\\/\"]}]},{\"@type\":\"ImageObject\",\"inLanguage\":\"de\",\"@id\":\"https:\\\/\\\/www.reseau-mesure.com\\\/certification-qualiopi\\\/#primaryimage\",\"url\":\"https:\\\/\\\/www.reseau-mesure.com\\\/wp-content\\\/uploads\\\/2018\\\/10\\\/Sans-titre-1.png\",\"contentUrl\":\"https:\\\/\\\/www.reseau-mesure.com\\\/wp-content\\\/uploads\\\/2018\\\/10\\\/Sans-titre-1.png\"},{\"@type\":\"BreadcrumbList\",\"@id\":\"https:\\\/\\\/www.reseau-mesure.com\\\/certification-qualiopi\\\/#breadcrumb\",\"itemListElement\":[{\"@type\":\"ListItem\",\"position\":1,\"name\":\"Accueil\",\"item\":\"https:\\\/\\\/www.reseau-mesure.com\\\/\"},{\"@type\":\"ListItem\",\"position\":2,\"name\":\"Certification Qualiopi\"}]},{\"@type\":\"WebSite\",\"@id\":\"https:\\\/\\\/www.reseau-mesure.com\\\/#website\",\"url\":\"https:\\\/\\\/www.reseau-mesure.com\\\/\",\"name\":\"R\u00e9seau-Mesure\",\"description\":\"R\u00e9seau Mesure\",\"publisher\":{\"@id\":\"https:\\\/\\\/www.reseau-mesure.com\\\/#organization\"},\"potentialAction\":[{\"@type\":\"SearchAction\",\"target\":{\"@type\":\"EntryPoint\",\"urlTemplate\":\"https:\\\/\\\/www.reseau-mesure.com\\\/?s={search_term_string}\"},\"query-input\":{\"@type\":\"PropertyValueSpecification\",\"valueRequired\":true,\"valueName\":\"search_term_string\"}}],\"inLanguage\":\"de\"},{\"@type\":\"Organization\",\"@id\":\"https:\\\/\\\/www.reseau-mesure.com\\\/#organization\",\"name\":\"R\u00e9seau-Mesure\",\"url\":\"https:\\\/\\\/www.reseau-mesure.com\\\/\",\"logo\":{\"@type\":\"ImageObject\",\"inLanguage\":\"de\",\"@id\":\"https:\\\/\\\/www.reseau-mesure.com\\\/#\\\/schema\\\/logo\\\/image\\\/\",\"url\":\"https:\\\/\\\/www.reseau-mesure.com\\\/wp-content\\\/uploads\\\/2018\\\/02\\\/logo-max.png\",\"contentUrl\":\"https:\\\/\\\/www.reseau-mesure.com\\\/wp-content\\\/uploads\\\/2018\\\/02\\\/logo-max.png\",\"width\":545,\"height\":285,\"caption\":\"R\u00e9seau-Mesure\"},\"image\":{\"@id\":\"https:\\\/\\\/www.reseau-mesure.com\\\/#\\\/schema\\\/logo\\\/image\\\/\"},\"sameAs\":[\"https:\\\/\\\/www.facebook.com\\\/reseaumesure\\\/\",\"https:\\\/\\\/x.com\\\/ReseauMesure\",\"https:\\\/\\\/www.linkedin.com\\\/company\\\/reseau-mesure\\\/\"]}]}<\/script>\n<!-- \/ Yoast SEO plugin. -->","yoast_head_json":{"title":"Certification Qualiopi - R\u00e9seau Mesure - Entamez vos d\u00e9marches","description":"La Certification QUALIOPI remplace la lab\u00e9lisation Datadock \u00e0 partir du 1\/01\/2022 . Initiez cette d\u00e9marche avec le R\u00e9seau Mesure en 2021.","robots":{"index":"index","follow":"follow","max-snippet":"max-snippet:-1","max-image-preview":"max-image-preview:large","max-video-preview":"max-video-preview:-1"},"canonical":"https:\/\/www.reseau-mesure.com\/de\/certification-qualiopi\/","og_locale":"de_DE","og_type":"article","og_title":"Certification Qualiopi - R\u00e9seau Mesure - Entamez vos d\u00e9marches","og_description":"La Certification QUALIOPI remplace la lab\u00e9lisation Datadock \u00e0 partir du 1\/01\/2022 . Initiez cette d\u00e9marche avec le R\u00e9seau Mesure en 2021.","og_url":"https:\/\/www.reseau-mesure.com\/de\/certification-qualiopi\/","og_site_name":"R\u00e9seau Mesure","article_publisher":"https:\/\/www.facebook.com\/reseaumesure\/","article_modified_time":"2026-01-09T10:32:03+00:00","og_image":[{"url":"https:\/\/www.reseau-mesure.com\/wp-content\/uploads\/2018\/10\/Sans-titre-1.png","type":"","width":"","height":""}],"twitter_card":"summary_large_image","twitter_site":"@ReseauMesure","twitter_misc":{"Gesch\u00e4tzte Lesezeit":"2\u00a0Minuten"},"schema":{"@context":"https:\/\/schema.org","@graph":[{"@type":"WebPage","@id":"https:\/\/www.reseau-mesure.com\/certification-qualiopi\/","url":"https:\/\/www.reseau-mesure.com\/certification-qualiopi\/","name":"Certification Qualiopi - R\u00e9seau Mesure - Entamez vos d\u00e9marches","isPartOf":{"@id":"https:\/\/www.reseau-mesure.com\/#website"},"primaryImageOfPage":{"@id":"https:\/\/www.reseau-mesure.com\/certification-qualiopi\/#primaryimage"},"image":{"@id":"https:\/\/www.reseau-mesure.com\/certification-qualiopi\/#primaryimage"},"thumbnailUrl":"https:\/\/www.reseau-mesure.com\/wp-content\/uploads\/2018\/10\/Sans-titre-1.png","datePublished":"2021-02-25T17:04:52+00:00","dateModified":"2026-01-09T10:32:03+00:00","description":"La Certification QUALIOPI remplace la lab\u00e9lisation Datadock \u00e0 partir du 1\/01\/2022 . Initiez cette d\u00e9marche avec le R\u00e9seau Mesure en 2021.","breadcrumb":{"@id":"https:\/\/www.reseau-mesure.com\/certification-qualiopi\/#breadcrumb"},"inLanguage":"de","potentialAction":[{"@type":"ReadAction","target":["https:\/\/www.reseau-mesure.com\/certification-qualiopi\/"]}]},{"@type":"ImageObject","inLanguage":"de","@id":"https:\/\/www.reseau-mesure.com\/certification-qualiopi\/#primaryimage","url":"https:\/\/www.reseau-mesure.com\/wp-content\/uploads\/2018\/10\/Sans-titre-1.png","contentUrl":"https:\/\/www.reseau-mesure.com\/wp-content\/uploads\/2018\/10\/Sans-titre-1.png"},{"@type":"BreadcrumbList","@id":"https:\/\/www.reseau-mesure.com\/certification-qualiopi\/#breadcrumb","itemListElement":[{"@type":"ListItem","position":1,"name":"Accueil","item":"https:\/\/www.reseau-mesure.com\/"},{"@type":"ListItem","position":2,"name":"Certification Qualiopi"}]},{"@type":"WebSite","@id":"https:\/\/www.reseau-mesure.com\/#website","url":"https:\/\/www.reseau-mesure.com\/","name":"Netzwerk-Messung","description":"Netzwerkma\u00dfnahme","publisher":{"@id":"https:\/\/www.reseau-mesure.com\/#organization"},"potentialAction":[{"@type":"SearchAction","target":{"@type":"EntryPoint","urlTemplate":"https:\/\/www.reseau-mesure.com\/?s={search_term_string}"},"query-input":{"@type":"PropertyValueSpecification","valueRequired":true,"valueName":"search_term_string"}}],"inLanguage":"de"},{"@type":"Organization","@id":"https:\/\/www.reseau-mesure.com\/#organization","name":"Netzwerk-Messung","url":"https:\/\/www.reseau-mesure.com\/","logo":{"@type":"ImageObject","inLanguage":"de","@id":"https:\/\/www.reseau-mesure.com\/#\/schema\/logo\/image\/","url":"https:\/\/www.reseau-mesure.com\/wp-content\/uploads\/2018\/02\/logo-max.png","contentUrl":"https:\/\/www.reseau-mesure.com\/wp-content\/uploads\/2018\/02\/logo-max.png","width":545,"height":285,"caption":"R\u00e9seau-Mesure"},"image":{"@id":"https:\/\/www.reseau-mesure.com\/#\/schema\/logo\/image\/"},"sameAs":["https:\/\/www.facebook.com\/reseaumesure\/","https:\/\/x.com\/ReseauMesure","https:\/\/www.linkedin.com\/company\/reseau-mesure\/"]}]}},"_links":{"self":[{"href":"https:\/\/www.reseau-mesure.com\/de\/wp-json\/wp\/v2\/pages\/12926","targetHints":{"allow":["GET"]}}],"collection":[{"href":"https:\/\/www.reseau-mesure.com\/de\/wp-json\/wp\/v2\/pages"}],"about":[{"href":"https:\/\/www.reseau-mesure.com\/de\/wp-json\/wp\/v2\/types\/page"}],"author":[{"embeddable":true,"href":"https:\/\/www.reseau-mesure.com\/de\/wp-json\/wp\/v2\/users\/349"}],"replies":[{"embeddable":true,"href":"https:\/\/www.reseau-mesure.com\/de\/wp-json\/wp\/v2\/comments?post=12926"}],"version-history":[{"count":0,"href":"https:\/\/www.reseau-mesure.com\/de\/wp-json\/wp\/v2\/pages\/12926\/revisions"}],"wp:attachment":[{"href":"https:\/\/www.reseau-mesure.com\/de\/wp-json\/wp\/v2\/media?parent=12926"}],"curies":[{"name":"wp","href":"https:\/\/api.w.org\/{rel}","templated":true}]}}