{"id":13103,"date":"2021-03-09T17:29:05","date_gmt":"2021-03-09T16:29:05","guid":{"rendered":"https:\/\/www.reseau-mesure.com\/?page_id=13103"},"modified":"2021-03-19T12:18:23","modified_gmt":"2021-03-19T11:18:23","slug":"reseau-mesure-express-20210311","status":"publish","type":"page","link":"https:\/\/www.reseau-mesure.com\/de\/reseau-mesure-express-20210311\/","title":{"rendered":"Express Measurement Network-20210311"},"content":{"rendered":"<img loading=\"lazy\" decoding=\"async\" src=\"https:\/\/www.reseau-mesure.com\/wp-content\/uploads\/2020\/07\/20ku.jpeg\" alt=\"R\u00e9seau Mesure Express\" itemprop=\"image\" height=\"300\" width=\"970\" title=\"Express Measurement Network Header\" onerror=\"this.style.display='none'\">\n<h1>\n\t\tExpress-Messnetzwerk\n\t<\/h1>\n<h2>\n\t\t<a href=\"https:\/\/www.reseau-mesure.com\/de\/le-reseau-mesure-2\/\" title=\"11.03.2021\" target=\"_blank\" rel=\"noopener\">\n\t\t11.03.2021\n\t\t<\/a>\n\t<\/h2>\n\t<h3><strong>Ein Netzwerk f\u00fcr seine Mitglieder durch seine Mitglieder<\/strong><\/h3>\n\t<p>R\u00e9seau Mesure Express erm\u00f6glicht es den Mitgliedern, die Nachrichten der Vereinigung zu finden.<\/p>\n<h2>\n\t\t<a href=\"https:\/\/www.reseau-mesure.com\/de\/evenements\/\" title=\"Manufacturing Digital Innovation: Design und Produktion in einem nachhaltigen Entwicklungsansatz \" target=\"_blank\" rel=\"noopener\">\n\t\tManufacturing Digital Innovation: Design und Produktion in einem nachhaltigen Entwicklungsansatz \n\t\t<\/a>\n\t<\/h2>\n\tAm 13. April 2021 ist Designing and Producing in a Sustainable Development Approach das Thema dieser 2. Ausgabe von Manufacturing Digital Innovation, dem Treffpunkt f\u00fcr industrielle digitale Innovation.\n<h3><\/h3>\n\tWelche Technologien haben sich in einem beispiellosen wirtschaftlichen Kontext bew\u00e4hrt?<br>\nAuf welche Investitionen sollten Sie setzen, die Technologien entschl\u00fcsseln, die den Unterschied ausmachen: Wie organisieren Sie sich, um den Kurs zu bestehen und sich neu zu erfinden?\n<h3>DAS IST DAS THEMA MANUFACTURING DIGITAL INNOVATION<\/h3>\n<ul>\n<li>Ein Tag voller Debatten \u00fcber neue und wichtige Technologien f\u00fcr Hersteller.<\/li>\n<li>Debatten unter der Leitung von Journalisten (CAD Magazine, Jautomatise, Manufacturing TV).<\/li>\n<li>VIP-Publikum, Entscheider der Branche: 400 Teilnehmer im digitalen Live und Replay erwartet (F\u00fchrungskr\u00e4fte und Fachverantwortliche:<br>\nEinkauf, F&amp;E, Methoden, IT, Produktion und Fertigungs- und Betriebsleiter etc.).<\/li>\n<li>5 Hauptthemen, die von Herstellern, Anwendern und Forschungslabors analysiert und entschl\u00fcsselt wurden: eine 360 \u00b0 -Vision f\u00fcr<br>\ndie Entscheidungsfindung beschleunigen.<\/li>\n<li>100% digital: um seinen Fortschritt zu garantieren und das Publikum zu vergr\u00f6\u00dfern.<\/li>\n<li>Ein Videobericht: Zu allen Debatten finden Sie die Videos auf <a href=\"http:\/\/mdi-event.fr\">mdi-event.fr<\/a> und <a href=\"http:\/\/manufacturing.fr\">Fertigung.fr<\/a><\/li>\n<\/ul>\n\n\t\t\t\t<a href=\"https:\/\/vimeo.com\/498068867\" target=\"_blank\" rel=\"noopener\" itemprop=\"url\">\n\t\t\t\t<img loading=\"lazy\" decoding=\"async\" src=\"https:\/\/www.reseau-mesure.com\/wp-content\/uploads\/2021\/03\/13-04-2021.png\" alt=\"Manufacturing Digital Innovation (MDI) 13 04 2021\" itemprop=\"image\" height=\"561\" width=\"995\" title=\"Manufacturing Digital Innovation (MDI) 2021 04 13\" onerror=\"this.style.display='none'\">\n\t\t\t\t<\/a>\n\t\t\t\t<a href=\"https:\/\/www.manufacturingdigitalinnovation.fr\/inscriptions\/\" target=\"_self\" itemprop=\"url\" rel=\"noopener\">\n\t\t\t\t<img loading=\"lazy\" decoding=\"async\" src=\"https:\/\/www.reseau-mesure.com\/wp-content\/uploads\/2021\/03\/13-04-2021-2.png\" alt=\"MDI 13 04 2021\" itemprop=\"image\" height=\"274\" width=\"1062\" title=\"MDI 13 04 2021\" onerror=\"this.style.display='none'\">\n\t\t\t\t<\/a>\n\t\t\t<a href=\"https:\/\/www.manufacturingdigitalinnovation.fr\/wp-content\/uploads\/2021\/02\/MDI21_MK_8_2_21.pdf\" target=\"_blank\" role=\"button\" rel=\"noopener\">\n\t\t\t\t\t\t\tIch bin interessiert)\n\t\t\t\t\t<\/a>\n<h2>\n\t\t<a href=\"https:\/\/www.reseau-mesure.com\/de\/salons\/\" title=\"Measurement World 2021 - die erste Back-to-School-Show!\" target=\"_self\" rel=\"noopener\">\n\t\tMeasurement World 2021 \u2013 die erste Messe im neuen Schuljahr!\n\t\t<\/a>\n\t<\/h2>\n\t\t\t\t<a href=\"https:\/\/www.reseau-mesure.com\/de\/salons\/\" target=\"_blank\" rel=\"noopener\" itemprop=\"url\">\n\t\t\t\t<img loading=\"lazy\" decoding=\"async\" src=\"https:\/\/www.reseau-mesure.com\/wp-content\/uploads\/2021\/02\/4-jours-determinants.png\" alt=\"Measurement World 2021\" itemprop=\"image\" height=\"404\" width=\"1350\" title=\"4 entscheidende Tage\" onerror=\"this.style.display='none'\">\n\t\t\t\t<\/a>\n\t\t\t\t<a href=\"https:\/\/www.cim2021.com\/\" target=\"_self\" itemprop=\"url\" rel=\"noopener\">\n\t\t\t\t<img loading=\"lazy\" decoding=\"async\" src=\"https:\/\/www.reseau-mesure.com\/wp-content\/uploads\/2021\/02\/2440_MAF_memedate_CIM-2021_FR-300x284.jpg\" alt=\"CIM 2021\" itemprop=\"image\" height=\"284\" width=\"300\" title=\"2440_MAF_memedate_CIM 2021_FR\" onerror=\"this.style.display='none'\">\n\t\t\t\t<\/a>\n\t<h2>Das internationale Technologietreffen, das der \u00c4nderung des Messdatums gewidmet ist: vom 6. bis 9. September 2021<\/h2>\n<p>MEASUREMENT WORLD ist DAS unverzichtbare Ereignis f\u00fcr einen ganzen Berufsstand, der Spezialisten f\u00fcr ANALYSE, KONTROLLE, OPTIK, PROZESS und VISION zusammenbringt.<\/p>\nDie gleichzeitige Veranstaltung von MEASUREMENT WORLD mit dem International Congress of Metrology (CIM) und GLOBAL INDUSTRIE bietet vom 6. bis 9. September 2021 in Lyon ein noch repr\u00e4sentativeres Panorama der Industrie mit einem erweiterten technologischen Angebot, das auf die Industrie der Zukunft ausgerichtet ist . Eine au\u00dfergew\u00f6hnliche Synergie, die zudem den internationalen Charakter dieser Gro\u00dfveranstaltung unterstreicht und die Marktkompetenz der Besucher erweitert.<br>\nDiese f\u00fcr das Jahr 2021 spezifische Situation ist eine Chance f\u00fcr MEASUREMENT WORLD &amp; CIM, vom gesamten \u00d6kosystem und den Anwenderm\u00e4rkten der GLOBAL INDUSTRIE zu profitieren und gleichzeitig a<br>\nwichtigere Medienberichterstattung \u00fcber Ereignisse.<br>\nUm die Bewegung der Besucher zu erleichtern, erm\u00f6glichen Ihnen die Ausweise den \u00dcbergang von einer Veranstaltung zur anderen.\n\n<p>&nbsp;<\/p>\n<h2>\n\t\t<a href=\"https:\/\/www.reseau-mesure.com\/de\/evenements\/webinaire-la-mutualisation-des-achats-indirects\/\" title=\"Die B\u00fcndelung indirekter Eink\u00e4ufe\" target=\"_blank\" rel=\"noopener\">\n\t\tDie B\u00fcndelung indirekter Eink\u00e4ufe\n\t\t<\/a>\n\t<\/h2>\n\t<h3><b>Das Messnetzwerk l\u00e4dt Sie ein, am n\u00e4chsten Webinar am teilzunehmen<br>\n&quot;Die B\u00fcndelung indirekter Eink\u00e4ufe&quot;<\/b><\/h3>\n<ul>\n<li><strong>Pr\u00e4sentation der Haxoneo-Einkaufsplattform<\/strong><\/li>\n<li><strong>Pr\u00e4sentation des Gesch\u00e4ftsunterst\u00fctzungs- und Sparplans<\/strong><\/li>\n<\/ul>\n\n<p>Dieser Workshop wird von unserem Partner HAXONEO geleitet <\/p>\n\n\n\t\t\t<a href=\"mailto:eduflot@reseau-mesure.com\" target=\"_blank\" role=\"button\" rel=\"noopener\">\n\t\t\t\t\t\t\tIch melde mich an\n\t\t\t\t\t<\/a>\n\t\t\t\t<a href=\"https:\/\/www.reseau-mesure.com\/de\/evenements\/webinaire-la-mutualisation-des-achats-indirects\/\" target=\"_blank\" rel=\"noopener\" itemprop=\"url\">\n\t\t\t\t<img loading=\"lazy\" decoding=\"async\" src=\"https:\/\/www.reseau-mesure.com\/wp-content\/uploads\/2021\/03\/2066-4-scaled.jpg\" alt=\"La mutualisation des achats indirects\" itemprop=\"image\" height=\"1707\" width=\"2560\" title=\"Die B\u00fcndelung indirekter Eink\u00e4ufe\" onerror=\"this.style.display='none'\">\n\t\t\t\t<\/a>\n\t\t\t<a href=\"https:\/\/www.reseau-mesure.com\/de\/evenements\/\" target=\"_self\" role=\"button\" rel=\"noopener\">\n\t\t\t\t\t\t\tDie komplette Agenda des Messnetzes\n\t\t\t\t\t<\/a>\n\t\t\t\t<img loading=\"lazy\" decoding=\"async\" src=\"https:\/\/www.reseau-mesure.com\/wp-content\/uploads\/2020\/08\/Plan-de-travail-3niveau.png\" alt=\"R\u00e9seau Mesure Express Actualites\" itemprop=\"image\" height=\"3665\" width=\"5520\" title=\"Express Measurement Network News\" onerror=\"this.style.display='none'\">\n\t<p>&nbsp;<\/p>\n\n<p>Der Beitrag von ber\u00fchrungslosen 3D-Messtechnologien im Inspektionsprozess.<\/p>\n<p>&nbsp;<\/p>\n\t<h3><\/h3>\n<h3>Creaform und Metrologic Group organisieren gemeinsam ein Webinar<\/h3>\n<ul>\n<li><em><a href=\"https:\/\/www.creaform3d.com\/fr\">Creaform<\/a><\/em><em>, Weltmarktf\u00fchrer in&nbsp;<a href=\"https:\/\/www.creaform3d.com\/fr\/solutions-de-metrologie\">automatisierte und tragbare 3D-Messl\u00f6sungen<\/a><\/em><em>&nbsp;und Ingenieurdienstleistungen, die gemeinsam mit organisiert werden&nbsp;<a href=\"https:\/\/www.metrologicgroup.com\/fr\/\">Metrologic Group<\/a><\/em><em>, weltweit f\u00fchrender Anbieter von universellen Softwarel\u00f6sungen f\u00fcr die 3D-Messung, ein kostenloses Webinar mit dem Titel Optimieren Sie Ihre Qualit\u00e4tssicherungskette. Dieses Webinar richtet sich an alle Fachleute im Bereich Qualit\u00e4tskontrolle und Qualit\u00e4tssicherung, vom Messtechniker bis zum Produktionsleiter und vom Qualit\u00e4tsmanager bis zum Bediener.<\/em><em>&nbsp;<\/em><em>Diese Pr\u00e4sentation gibt einen \u00dcberblick \u00fcber die von Creaform und der Metrologic Group angebotenen L\u00f6sungen zur Optimierung von Kontrollpl\u00e4nen und zur L\u00f6sung verschiedener industrieller Probleme. Diese Informationsveranstaltung wird von Olivier Longuemare, Creaform Sales Director, und Arnaud Costa, OEM Sales Manager der Metrologic Group, moderiert, beide seit mehr als einem Jahrzehnt Spezialisten f\u00fcr 3D-Messtechnologien.<\/em>&nbsp;<\/li>\n<li><strong><em>&nbsp;<\/em><em>Sie k\u00f6nnen sich also noch heute kostenlos registrieren, indem Sie darauf klicken<a href=\"https:\/\/attendee.gotowebinar.com\/register\/1454755451642699535?source=Reseau-mesure-creaform\"> Verkn\u00fcpfung<\/a><\/em><\/strong><\/li>\n<\/ul>\n\t<h2>R\u00e9seau Mesure Express: Neuigkeiten zum Aktionsplan des Vereins<\/h2>","protected":false},"excerpt":{"rendered":"<p>R\u00e9seau Mesure Express 11.03.2021 Ein Netzwerk f\u00fcr seine Mitglieder \u00fcber seine Mitglieder R\u00e9seau Mesure Express erm\u00f6glicht es Mitgliedern, die neuesten Nachrichten aus dem Verein zu finden. Herstellung digitaler Innovation: Design und Produktion mit einem Ansatz f\u00fcr nachhaltige Entwicklung Am 13. April 2021 wird Design und Produktion mit einem Ansatz f\u00fcr nachhaltige Entwicklung das Thema dieses 2.\u2026<\/p>","protected":false},"author":685,"featured_media":0,"parent":0,"menu_order":0,"comment_status":"closed","ping_status":"closed","template":"","meta":{"_acf_changed":false,"footnotes":""},"class_list":["post-13103","page","type-page","status-publish","hentry"],"acf":[],"yoast_head":"<!-- This site is optimized with the Yoast SEO plugin v27.5 - https:\/\/yoast.com\/product\/yoast-seo-wordpress\/ -->\n<title>R\u00e9seau Mesure Express-20210311 - R\u00e9seau Mesure<\/title>\n<meta name=\"description\" content=\"R\u00e9seau Mesure Express du 25 f\u00e9vrier 2021, d\u00e9couvrez les actions du R\u00e9seau Mesure pour les prochaines semaines, \u00e0 vos agendas !\" \/>\n<meta name=\"robots\" content=\"index, follow, max-snippet:-1, max-image-preview:large, max-video-preview:-1\" \/>\n<link rel=\"canonical\" href=\"https:\/\/www.reseau-mesure.com\/de\/reseau-mesure-express-20210311\/\" \/>\n<meta property=\"og:locale\" content=\"de_DE\" \/>\n<meta property=\"og:type\" content=\"article\" \/>\n<meta property=\"og:title\" content=\"R\u00e9seau Mesure Express-20210311 - R\u00e9seau Mesure\" \/>\n<meta property=\"og:description\" content=\"R\u00e9seau Mesure Express du 25 f\u00e9vrier 2021, d\u00e9couvrez les actions du R\u00e9seau Mesure pour les prochaines semaines, \u00e0 vos agendas !\" \/>\n<meta property=\"og:url\" content=\"https:\/\/www.reseau-mesure.com\/de\/reseau-mesure-express-20210311\/\" \/>\n<meta property=\"og:site_name\" content=\"R\u00e9seau Mesure\" \/>\n<meta property=\"article:publisher\" content=\"https:\/\/www.facebook.com\/reseaumesure\/\" \/>\n<meta property=\"article:modified_time\" content=\"2021-03-19T11:18:23+00:00\" \/>\n<meta property=\"og:image\" content=\"https:\/\/www.reseau-mesure.com\/wp-content\/uploads\/2020\/07\/20ku.jpeg\" \/>\n<meta name=\"twitter:card\" content=\"summary_large_image\" \/>\n<meta name=\"twitter:site\" content=\"@ReseauMesure\" \/>\n<meta name=\"twitter:label1\" content=\"Gesch\u00e4tzte Lesezeit\" \/>\n\t<meta name=\"twitter:data1\" content=\"5\u00a0Minuten\" \/>\n<script type=\"application\/ld+json\" class=\"yoast-schema-graph\">{\"@context\":\"https:\\\/\\\/schema.org\",\"@graph\":[{\"@type\":\"WebPage\",\"@id\":\"https:\\\/\\\/www.reseau-mesure.com\\\/de\\\/reseau-mesure-express-20210311\\\/\",\"url\":\"https:\\\/\\\/www.reseau-mesure.com\\\/de\\\/reseau-mesure-express-20210311\\\/\",\"name\":\"R\u00e9seau Mesure Express-20210311 - R\u00e9seau Mesure\",\"isPartOf\":{\"@id\":\"https:\\\/\\\/www.reseau-mesure.com\\\/#website\"},\"primaryImageOfPage\":{\"@id\":\"https:\\\/\\\/www.reseau-mesure.com\\\/de\\\/reseau-mesure-express-20210311\\\/#primaryimage\"},\"image\":{\"@id\":\"https:\\\/\\\/www.reseau-mesure.com\\\/de\\\/reseau-mesure-express-20210311\\\/#primaryimage\"},\"thumbnailUrl\":\"https:\\\/\\\/www.reseau-mesure.com\\\/wp-content\\\/uploads\\\/2020\\\/07\\\/20ku.jpeg\",\"datePublished\":\"2021-03-09T16:29:05+00:00\",\"dateModified\":\"2021-03-19T11:18:23+00:00\",\"description\":\"R\u00e9seau Mesure Express du 25 f\u00e9vrier 2021, d\u00e9couvrez les actions du R\u00e9seau Mesure pour les prochaines semaines, \u00e0 vos agendas !\",\"breadcrumb\":{\"@id\":\"https:\\\/\\\/www.reseau-mesure.com\\\/de\\\/reseau-mesure-express-20210311\\\/#breadcrumb\"},\"inLanguage\":\"de\",\"potentialAction\":[{\"@type\":\"ReadAction\",\"target\":[\"https:\\\/\\\/www.reseau-mesure.com\\\/de\\\/reseau-mesure-express-20210311\\\/\"]}]},{\"@type\":\"ImageObject\",\"inLanguage\":\"de\",\"@id\":\"https:\\\/\\\/www.reseau-mesure.com\\\/de\\\/reseau-mesure-express-20210311\\\/#primaryimage\",\"url\":\"https:\\\/\\\/www.reseau-mesure.com\\\/wp-content\\\/uploads\\\/2020\\\/07\\\/20ku.jpeg\",\"contentUrl\":\"https:\\\/\\\/www.reseau-mesure.com\\\/wp-content\\\/uploads\\\/2020\\\/07\\\/20ku.jpeg\"},{\"@type\":\"BreadcrumbList\",\"@id\":\"https:\\\/\\\/www.reseau-mesure.com\\\/de\\\/reseau-mesure-express-20210311\\\/#breadcrumb\",\"itemListElement\":[{\"@type\":\"ListItem\",\"position\":1,\"name\":\"Accueil\",\"item\":\"https:\\\/\\\/www.reseau-mesure.com\\\/\"},{\"@type\":\"ListItem\",\"position\":2,\"name\":\"R\u00e9seau Mesure Express-20210311\"}]},{\"@type\":\"WebSite\",\"@id\":\"https:\\\/\\\/www.reseau-mesure.com\\\/#website\",\"url\":\"https:\\\/\\\/www.reseau-mesure.com\\\/\",\"name\":\"R\u00e9seau-Mesure\",\"description\":\"R\u00e9seau Mesure\",\"publisher\":{\"@id\":\"https:\\\/\\\/www.reseau-mesure.com\\\/#organization\"},\"potentialAction\":[{\"@type\":\"SearchAction\",\"target\":{\"@type\":\"EntryPoint\",\"urlTemplate\":\"https:\\\/\\\/www.reseau-mesure.com\\\/?s={search_term_string}\"},\"query-input\":{\"@type\":\"PropertyValueSpecification\",\"valueRequired\":true,\"valueName\":\"search_term_string\"}}],\"inLanguage\":\"de\"},{\"@type\":\"Organization\",\"@id\":\"https:\\\/\\\/www.reseau-mesure.com\\\/#organization\",\"name\":\"R\u00e9seau-Mesure\",\"url\":\"https:\\\/\\\/www.reseau-mesure.com\\\/\",\"logo\":{\"@type\":\"ImageObject\",\"inLanguage\":\"de\",\"@id\":\"https:\\\/\\\/www.reseau-mesure.com\\\/#\\\/schema\\\/logo\\\/image\\\/\",\"url\":\"https:\\\/\\\/www.reseau-mesure.com\\\/wp-content\\\/uploads\\\/2018\\\/02\\\/logo-max.png\",\"contentUrl\":\"https:\\\/\\\/www.reseau-mesure.com\\\/wp-content\\\/uploads\\\/2018\\\/02\\\/logo-max.png\",\"width\":545,\"height\":285,\"caption\":\"R\u00e9seau-Mesure\"},\"image\":{\"@id\":\"https:\\\/\\\/www.reseau-mesure.com\\\/#\\\/schema\\\/logo\\\/image\\\/\"},\"sameAs\":[\"https:\\\/\\\/www.facebook.com\\\/reseaumesure\\\/\",\"https:\\\/\\\/x.com\\\/ReseauMesure\",\"https:\\\/\\\/www.linkedin.com\\\/company\\\/reseau-mesure\\\/\"]}]}<\/script>\n<!-- \/ Yoast SEO plugin. -->","yoast_head_json":{"title":"R\u00e9seau Mesure Express-20210311 - R\u00e9seau Mesure","description":"R\u00e9seau Mesure Express du 25 f\u00e9vrier 2021, d\u00e9couvrez les actions du R\u00e9seau Mesure pour les prochaines semaines, \u00e0 vos agendas !","robots":{"index":"index","follow":"follow","max-snippet":"max-snippet:-1","max-image-preview":"max-image-preview:large","max-video-preview":"max-video-preview:-1"},"canonical":"https:\/\/www.reseau-mesure.com\/de\/reseau-mesure-express-20210311\/","og_locale":"de_DE","og_type":"article","og_title":"R\u00e9seau Mesure Express-20210311 - R\u00e9seau Mesure","og_description":"R\u00e9seau Mesure Express du 25 f\u00e9vrier 2021, d\u00e9couvrez les actions du R\u00e9seau Mesure pour les prochaines semaines, \u00e0 vos agendas !","og_url":"https:\/\/www.reseau-mesure.com\/de\/reseau-mesure-express-20210311\/","og_site_name":"R\u00e9seau Mesure","article_publisher":"https:\/\/www.facebook.com\/reseaumesure\/","article_modified_time":"2021-03-19T11:18:23+00:00","og_image":[{"url":"https:\/\/www.reseau-mesure.com\/wp-content\/uploads\/2020\/07\/20ku.jpeg","type":"","width":"","height":""}],"twitter_card":"summary_large_image","twitter_site":"@ReseauMesure","twitter_misc":{"Gesch\u00e4tzte Lesezeit":"5\u00a0Minuten"},"schema":{"@context":"https:\/\/schema.org","@graph":[{"@type":"WebPage","@id":"https:\/\/www.reseau-mesure.com\/de\/reseau-mesure-express-20210311\/","url":"https:\/\/www.reseau-mesure.com\/de\/reseau-mesure-express-20210311\/","name":"R\u00e9seau Mesure Express-20210311 - R\u00e9seau Mesure","isPartOf":{"@id":"https:\/\/www.reseau-mesure.com\/#website"},"primaryImageOfPage":{"@id":"https:\/\/www.reseau-mesure.com\/de\/reseau-mesure-express-20210311\/#primaryimage"},"image":{"@id":"https:\/\/www.reseau-mesure.com\/de\/reseau-mesure-express-20210311\/#primaryimage"},"thumbnailUrl":"https:\/\/www.reseau-mesure.com\/wp-content\/uploads\/2020\/07\/20ku.jpeg","datePublished":"2021-03-09T16:29:05+00:00","dateModified":"2021-03-19T11:18:23+00:00","description":"R\u00e9seau Mesure Express du 25 f\u00e9vrier 2021, d\u00e9couvrez les actions du R\u00e9seau Mesure pour les prochaines semaines, \u00e0 vos agendas !","breadcrumb":{"@id":"https:\/\/www.reseau-mesure.com\/de\/reseau-mesure-express-20210311\/#breadcrumb"},"inLanguage":"de","potentialAction":[{"@type":"ReadAction","target":["https:\/\/www.reseau-mesure.com\/de\/reseau-mesure-express-20210311\/"]}]},{"@type":"ImageObject","inLanguage":"de","@id":"https:\/\/www.reseau-mesure.com\/de\/reseau-mesure-express-20210311\/#primaryimage","url":"https:\/\/www.reseau-mesure.com\/wp-content\/uploads\/2020\/07\/20ku.jpeg","contentUrl":"https:\/\/www.reseau-mesure.com\/wp-content\/uploads\/2020\/07\/20ku.jpeg"},{"@type":"BreadcrumbList","@id":"https:\/\/www.reseau-mesure.com\/de\/reseau-mesure-express-20210311\/#breadcrumb","itemListElement":[{"@type":"ListItem","position":1,"name":"Accueil","item":"https:\/\/www.reseau-mesure.com\/"},{"@type":"ListItem","position":2,"name":"R\u00e9seau Mesure Express-20210311"}]},{"@type":"WebSite","@id":"https:\/\/www.reseau-mesure.com\/#website","url":"https:\/\/www.reseau-mesure.com\/","name":"Netzwerk-Messung","description":"Netzwerkma\u00dfnahme","publisher":{"@id":"https:\/\/www.reseau-mesure.com\/#organization"},"potentialAction":[{"@type":"SearchAction","target":{"@type":"EntryPoint","urlTemplate":"https:\/\/www.reseau-mesure.com\/?s={search_term_string}"},"query-input":{"@type":"PropertyValueSpecification","valueRequired":true,"valueName":"search_term_string"}}],"inLanguage":"de"},{"@type":"Organization","@id":"https:\/\/www.reseau-mesure.com\/#organization","name":"Netzwerk-Messung","url":"https:\/\/www.reseau-mesure.com\/","logo":{"@type":"ImageObject","inLanguage":"de","@id":"https:\/\/www.reseau-mesure.com\/#\/schema\/logo\/image\/","url":"https:\/\/www.reseau-mesure.com\/wp-content\/uploads\/2018\/02\/logo-max.png","contentUrl":"https:\/\/www.reseau-mesure.com\/wp-content\/uploads\/2018\/02\/logo-max.png","width":545,"height":285,"caption":"R\u00e9seau-Mesure"},"image":{"@id":"https:\/\/www.reseau-mesure.com\/#\/schema\/logo\/image\/"},"sameAs":["https:\/\/www.facebook.com\/reseaumesure\/","https:\/\/x.com\/ReseauMesure","https:\/\/www.linkedin.com\/company\/reseau-mesure\/"]}]}},"_links":{"self":[{"href":"https:\/\/www.reseau-mesure.com\/de\/wp-json\/wp\/v2\/pages\/13103","targetHints":{"allow":["GET"]}}],"collection":[{"href":"https:\/\/www.reseau-mesure.com\/de\/wp-json\/wp\/v2\/pages"}],"about":[{"href":"https:\/\/www.reseau-mesure.com\/de\/wp-json\/wp\/v2\/types\/page"}],"author":[{"embeddable":true,"href":"https:\/\/www.reseau-mesure.com\/de\/wp-json\/wp\/v2\/users\/685"}],"replies":[{"embeddable":true,"href":"https:\/\/www.reseau-mesure.com\/de\/wp-json\/wp\/v2\/comments?post=13103"}],"version-history":[{"count":0,"href":"https:\/\/www.reseau-mesure.com\/de\/wp-json\/wp\/v2\/pages\/13103\/revisions"}],"wp:attachment":[{"href":"https:\/\/www.reseau-mesure.com\/de\/wp-json\/wp\/v2\/media?parent=13103"}],"curies":[{"name":"wp","href":"https:\/\/api.w.org\/{rel}","templated":true}]}}