{"id":13168,"date":"2021-03-15T13:47:01","date_gmt":"2021-03-15T12:47:01","guid":{"rendered":"https:\/\/www.reseau-mesure.com\/?page_id=13168"},"modified":"2021-05-05T15:30:34","modified_gmt":"2021-05-05T13:30:34","slug":"numero-special-cem-mai-2021","status":"publish","type":"page","link":"https:\/\/www.reseau-mesure.com\/de\/numero-special-cem-mai-2021\/","title":{"rendered":"spezielle nummer misst l\u00f6sungen expo"},"content":{"rendered":"<img loading=\"lazy\" decoding=\"async\" src=\"https:\/\/www.reseau-mesure.com\/wp-content\/uploads\/2020\/11\/Logo-2-pour-email-300x157.jpg\" alt=\"logo mse rdv de 9h30 - visios\" itemprop=\"image\" height=\"157\" width=\"300\" title=\"Logo 2 f\u00fcr E-Mail\" onerror=\"this.style.display='none'\"  \/>\n\t<strong>Spezielle Nummer <\/strong>Ma\u00dfnahmen L\u00f6sungen<strong> MESSE<br \/>\n<\/strong>mit <strong>Kontrollt Tests Ma\u00dfnahmen<br \/>\n<\/strong><strong>Mai \/ Juni 2021<\/strong>\n\t\t\t\t<a href=\"https:\/\/www.controles-essais-mesures.fr\/envoi-de-larticle-numero-special-mse-cem\/\" target=\"_blank\" rel=\"noopener\" itemprop=\"url\">\n\t\t\t\t<img loading=\"lazy\" decoding=\"async\" src=\"https:\/\/www.reseau-mesure.com\/wp-content\/uploads\/2021\/03\/couvmse-212x300.jpg\" alt=\"page de couverture num\u00e9ro special cem de mai\" itemprop=\"image\" height=\"300\" width=\"212\" title=\"Startseite\" onerror=\"this.style.display='none'\"  \/>\n\t\t\t\t<\/a>\n\t<p>Diese Ausgabe besteht aus:<\/p>\n<ul>\n<li><strong>technische Inhalte mit dem \u201eRDV de 9h30\u201c von November 2020 bis April 2021 (kostenlos f\u00fcr Referenten)\u00a0<\/strong><\/li>\n<li><strong>und ein Marktfokus und Werbefl\u00e4chen f\u00fcr alle Mitglieder<\/strong><\/li>\n<\/ul>\n<p>Die EXPO-Ausgabe von Special Measurements Solutions wird zus\u00e4tzlich zur Mai \/ Juni 2021-Ausgabe von Measurements Testing mit einem zus\u00e4tzlichen Angebot verteilt, das Mitgliedern des Measuring Network in Form von Paketen vorbehalten ist:<\/p>\n<h3><strong>1 visuelle Seite + 1 Werbe-Redaktionsseite: \u20ac 1.600 exkl. MwSt.<\/strong><br \/>\n<strong>1 halbe Seite visuell + 1 halbe Seite redaktionell (auf derselben Seite): \u20ac 1.200 exkl. MwSt.<\/strong><\/h3>\n\n\n<p>Eine digitale Flip-Through- und herunterladbare Version wird im Austausch f\u00fcr Kontaktdaten auch auf der Website von Contr\u00f4le Essais Measures frei zug\u00e4nglich sein.<\/p>\n<p>Die Sonderausgabe der Measurements Solutions EXPO im Mai wird auch auf Messen ausgestrahlt, die sich mit der Messung des Beginns des Schuljahres im September 2021 befassen.<\/p>\n\n\n<h3><strong>Das Sonderheft Measures Solutions EXPO \u2013 TERMINE<\/strong><\/h3>\n\u25cf Verbreitung mit der Nummer CEM 75: Mai \/ Juni 2021<br \/>\n\u25cf Redaktionsschluss: 5. Mai 2021<br \/>\n\u25cf Anzeigenschluss: 15. Mai 2021<br \/>\n\u25cf Einreichung redaktioneller Elemente: 5. Mai 2021<br \/>\n\u25cf \u00dcbermittlung technischer Werbeelemente: 28. Mai 2021\n<p>&nbsp;<\/p>\n<p>Zusatzoptionen:<\/p>\n\u2013 Schreibhilfe nach einem Interview mit unserer Redaktion: 350 \u20ac zzgl. MwSt<br \/>\n\u2013 gesponserte Inhalte auf der CEM-Website (1 Woche) mit 1 Versand an unsere Basis: 1.000 \u20ac ohne Steuern\n\t\t\t<a href=\"https:\/\/www.reseau-mesure.com\/wp-content\/uploads\/2021\/05\/Nume\u0301ro-spe\u0301cial-MSE-2021-v3.pdf\" target=\"_blank\" role=\"button\" rel=\"noopener\">\n\t\t\t\t\t\t\tEntdecken Sie die Pr\u00e4sentation dieser Sonderausgabe\n\t\t\t\t\t<\/a>\n\t\t\t<a href=\"https:\/\/www.controles-essais-mesures.fr\/envoi-de-larticle-numero-special-mse-cem\/\" target=\"_blank\" role=\"button\" rel=\"noopener\">\n\t\t\t\t\t\t\tPr\u00e4sentieren Sie Ihren technischen Artikel nach Ihrem Meeting um 9:30 Uhr\n\t\t\t\t\t<\/a>\n\t\t\t<a href=\"mailto:eduflot@reseau-mesure.com\" target=\"_blank\" role=\"button\" rel=\"noopener\">\n\t\t\t\t\t\t\teine Frage ? kontaktiere uns\n\t\t\t\t\t<\/a>\n\t<p>Das Mess- und CEM-Netzwerk, eine lange Geschichte\u2026<\/p>\n\u25cf Partner von Anfang an<br \/>\n\u25cf Regelm\u00e4\u00dfige gemeinsame Aktionen<br \/>\n\u25cf Derselbe Wunsch, daran zu arbeiten, Messtechnik und Instrumentierung ins Rampenlicht zu r\u00fccken \u2026<br \/>\n\u25cf Eine spezifische Ma\u00dfnahme zur Umgestaltung von MSE 2020","protected":false},"excerpt":{"rendered":"<p>Sonderausgabe Measurements Solutions EXPO mit Controls Tests Measurements Mai \/ Juni 2021 Diese Ausgabe besteht aus: technischen Inhalten mit dem \u201eRDV de 9h30\u201c von November 2020 bis April 2021 (kostenlos f\u00fcr Referenten) und einem Marktfokus und Werbefl\u00e4chen, die allen Mitgliedern offenstehen Die Sonderausgabe Mesures Solutions EXPO wird\u2026<\/p>","protected":false},"author":349,"featured_media":0,"parent":0,"menu_order":0,"comment_status":"closed","ping_status":"closed","template":"","meta":{"_acf_changed":false,"footnotes":""},"class_list":["post-13168","page","type-page","status-publish","hentry"],"acf":[],"yoast_head":"<!-- This site is optimized with the Yoast SEO plugin v27.5 - https:\/\/yoast.com\/product\/yoast-seo-wordpress\/ -->\n<title>numero special mesures solutions expo - R\u00e9seau Mesure<\/title>\n<meta name=\"description\" content=\"numero special mesures solutions expo avec Contr\u00f4les Essais Mesures Mai 2021 qui sera diffus\u00e9 en suppl\u00e9ment du num\u00e9ro de mai 2021 de CEM.\" \/>\n<meta name=\"robots\" content=\"index, follow, max-snippet:-1, max-image-preview:large, max-video-preview:-1\" \/>\n<link rel=\"canonical\" href=\"https:\/\/www.reseau-mesure.com\/de\/numero-special-cem-mai-2021\/\" \/>\n<meta property=\"og:locale\" content=\"de_DE\" \/>\n<meta property=\"og:type\" content=\"article\" \/>\n<meta property=\"og:title\" content=\"numero special mesures solutions expo - R\u00e9seau Mesure\" \/>\n<meta property=\"og:description\" content=\"numero special mesures solutions expo avec Contr\u00f4les Essais Mesures Mai 2021 qui sera diffus\u00e9 en suppl\u00e9ment du num\u00e9ro de mai 2021 de CEM.\" \/>\n<meta property=\"og:url\" content=\"https:\/\/www.reseau-mesure.com\/de\/numero-special-cem-mai-2021\/\" \/>\n<meta property=\"og:site_name\" content=\"R\u00e9seau Mesure\" \/>\n<meta property=\"article:publisher\" content=\"https:\/\/www.facebook.com\/reseaumesure\/\" \/>\n<meta property=\"article:modified_time\" content=\"2021-05-05T13:30:34+00:00\" \/>\n<meta property=\"og:image\" content=\"https:\/\/www.reseau-mesure.com\/wp-content\/uploads\/2020\/11\/Logo-2-pour-email-300x157.jpg\" \/>\n<meta name=\"twitter:card\" content=\"summary_large_image\" \/>\n<meta name=\"twitter:site\" content=\"@ReseauMesure\" \/>\n<meta name=\"twitter:label1\" content=\"Gesch\u00e4tzte Lesezeit\" \/>\n\t<meta name=\"twitter:data1\" content=\"2\u00a0Minuten\" \/>\n<script type=\"application\/ld+json\" class=\"yoast-schema-graph\">{\"@context\":\"https:\\\/\\\/schema.org\",\"@graph\":[{\"@type\":\"WebPage\",\"@id\":\"https:\\\/\\\/www.reseau-mesure.com\\\/de\\\/numero-special-cem-mai-2021\\\/\",\"url\":\"https:\\\/\\\/www.reseau-mesure.com\\\/de\\\/numero-special-cem-mai-2021\\\/\",\"name\":\"numero special mesures solutions expo - R\u00e9seau Mesure\",\"isPartOf\":{\"@id\":\"https:\\\/\\\/www.reseau-mesure.com\\\/#website\"},\"primaryImageOfPage\":{\"@id\":\"https:\\\/\\\/www.reseau-mesure.com\\\/de\\\/numero-special-cem-mai-2021\\\/#primaryimage\"},\"image\":{\"@id\":\"https:\\\/\\\/www.reseau-mesure.com\\\/de\\\/numero-special-cem-mai-2021\\\/#primaryimage\"},\"thumbnailUrl\":\"https:\\\/\\\/www.reseau-mesure.com\\\/wp-content\\\/uploads\\\/2020\\\/11\\\/Logo-2-pour-email-300x157.jpg\",\"datePublished\":\"2021-03-15T12:47:01+00:00\",\"dateModified\":\"2021-05-05T13:30:34+00:00\",\"description\":\"numero special mesures solutions expo avec Contr\u00f4les Essais Mesures Mai 2021 qui sera diffus\u00e9 en suppl\u00e9ment du num\u00e9ro de mai 2021 de CEM.\",\"breadcrumb\":{\"@id\":\"https:\\\/\\\/www.reseau-mesure.com\\\/de\\\/numero-special-cem-mai-2021\\\/#breadcrumb\"},\"inLanguage\":\"de\",\"potentialAction\":[{\"@type\":\"ReadAction\",\"target\":[\"https:\\\/\\\/www.reseau-mesure.com\\\/de\\\/numero-special-cem-mai-2021\\\/\"]}]},{\"@type\":\"ImageObject\",\"inLanguage\":\"de\",\"@id\":\"https:\\\/\\\/www.reseau-mesure.com\\\/de\\\/numero-special-cem-mai-2021\\\/#primaryimage\",\"url\":\"https:\\\/\\\/www.reseau-mesure.com\\\/wp-content\\\/uploads\\\/2020\\\/11\\\/Logo-2-pour-email-300x157.jpg\",\"contentUrl\":\"https:\\\/\\\/www.reseau-mesure.com\\\/wp-content\\\/uploads\\\/2020\\\/11\\\/Logo-2-pour-email-300x157.jpg\"},{\"@type\":\"BreadcrumbList\",\"@id\":\"https:\\\/\\\/www.reseau-mesure.com\\\/de\\\/numero-special-cem-mai-2021\\\/#breadcrumb\",\"itemListElement\":[{\"@type\":\"ListItem\",\"position\":1,\"name\":\"Accueil\",\"item\":\"https:\\\/\\\/www.reseau-mesure.com\\\/\"},{\"@type\":\"ListItem\",\"position\":2,\"name\":\"numero special mesures solutions expo\"}]},{\"@type\":\"WebSite\",\"@id\":\"https:\\\/\\\/www.reseau-mesure.com\\\/#website\",\"url\":\"https:\\\/\\\/www.reseau-mesure.com\\\/\",\"name\":\"R\u00e9seau-Mesure\",\"description\":\"R\u00e9seau Mesure\",\"publisher\":{\"@id\":\"https:\\\/\\\/www.reseau-mesure.com\\\/#organization\"},\"potentialAction\":[{\"@type\":\"SearchAction\",\"target\":{\"@type\":\"EntryPoint\",\"urlTemplate\":\"https:\\\/\\\/www.reseau-mesure.com\\\/?s={search_term_string}\"},\"query-input\":{\"@type\":\"PropertyValueSpecification\",\"valueRequired\":true,\"valueName\":\"search_term_string\"}}],\"inLanguage\":\"de\"},{\"@type\":\"Organization\",\"@id\":\"https:\\\/\\\/www.reseau-mesure.com\\\/#organization\",\"name\":\"R\u00e9seau-Mesure\",\"url\":\"https:\\\/\\\/www.reseau-mesure.com\\\/\",\"logo\":{\"@type\":\"ImageObject\",\"inLanguage\":\"de\",\"@id\":\"https:\\\/\\\/www.reseau-mesure.com\\\/#\\\/schema\\\/logo\\\/image\\\/\",\"url\":\"https:\\\/\\\/www.reseau-mesure.com\\\/wp-content\\\/uploads\\\/2018\\\/02\\\/logo-max.png\",\"contentUrl\":\"https:\\\/\\\/www.reseau-mesure.com\\\/wp-content\\\/uploads\\\/2018\\\/02\\\/logo-max.png\",\"width\":545,\"height\":285,\"caption\":\"R\u00e9seau-Mesure\"},\"image\":{\"@id\":\"https:\\\/\\\/www.reseau-mesure.com\\\/#\\\/schema\\\/logo\\\/image\\\/\"},\"sameAs\":[\"https:\\\/\\\/www.facebook.com\\\/reseaumesure\\\/\",\"https:\\\/\\\/x.com\\\/ReseauMesure\",\"https:\\\/\\\/www.linkedin.com\\\/company\\\/reseau-mesure\\\/\"]}]}<\/script>\n<!-- \/ Yoast SEO plugin. -->","yoast_head_json":{"title":"numero special mesures solutions expo - R\u00e9seau Mesure","description":"numero special mesures solutions expo avec Contr\u00f4les Essais Mesures Mai 2021 qui sera diffus\u00e9 en suppl\u00e9ment du num\u00e9ro de mai 2021 de CEM.","robots":{"index":"index","follow":"follow","max-snippet":"max-snippet:-1","max-image-preview":"max-image-preview:large","max-video-preview":"max-video-preview:-1"},"canonical":"https:\/\/www.reseau-mesure.com\/de\/numero-special-cem-mai-2021\/","og_locale":"de_DE","og_type":"article","og_title":"numero special mesures solutions expo - R\u00e9seau Mesure","og_description":"numero special mesures solutions expo avec Contr\u00f4les Essais Mesures Mai 2021 qui sera diffus\u00e9 en suppl\u00e9ment du num\u00e9ro de mai 2021 de CEM.","og_url":"https:\/\/www.reseau-mesure.com\/de\/numero-special-cem-mai-2021\/","og_site_name":"R\u00e9seau Mesure","article_publisher":"https:\/\/www.facebook.com\/reseaumesure\/","article_modified_time":"2021-05-05T13:30:34+00:00","og_image":[{"url":"https:\/\/www.reseau-mesure.com\/wp-content\/uploads\/2020\/11\/Logo-2-pour-email-300x157.jpg","type":"","width":"","height":""}],"twitter_card":"summary_large_image","twitter_site":"@ReseauMesure","twitter_misc":{"Gesch\u00e4tzte Lesezeit":"2\u00a0Minuten"},"schema":{"@context":"https:\/\/schema.org","@graph":[{"@type":"WebPage","@id":"https:\/\/www.reseau-mesure.com\/de\/numero-special-cem-mai-2021\/","url":"https:\/\/www.reseau-mesure.com\/de\/numero-special-cem-mai-2021\/","name":"numero special mesures solutions expo - R\u00e9seau Mesure","isPartOf":{"@id":"https:\/\/www.reseau-mesure.com\/#website"},"primaryImageOfPage":{"@id":"https:\/\/www.reseau-mesure.com\/de\/numero-special-cem-mai-2021\/#primaryimage"},"image":{"@id":"https:\/\/www.reseau-mesure.com\/de\/numero-special-cem-mai-2021\/#primaryimage"},"thumbnailUrl":"https:\/\/www.reseau-mesure.com\/wp-content\/uploads\/2020\/11\/Logo-2-pour-email-300x157.jpg","datePublished":"2021-03-15T12:47:01+00:00","dateModified":"2021-05-05T13:30:34+00:00","description":"numero special mesures solutions expo avec Contr\u00f4les Essais Mesures Mai 2021 qui sera diffus\u00e9 en suppl\u00e9ment du num\u00e9ro de mai 2021 de CEM.","breadcrumb":{"@id":"https:\/\/www.reseau-mesure.com\/de\/numero-special-cem-mai-2021\/#breadcrumb"},"inLanguage":"de","potentialAction":[{"@type":"ReadAction","target":["https:\/\/www.reseau-mesure.com\/de\/numero-special-cem-mai-2021\/"]}]},{"@type":"ImageObject","inLanguage":"de","@id":"https:\/\/www.reseau-mesure.com\/de\/numero-special-cem-mai-2021\/#primaryimage","url":"https:\/\/www.reseau-mesure.com\/wp-content\/uploads\/2020\/11\/Logo-2-pour-email-300x157.jpg","contentUrl":"https:\/\/www.reseau-mesure.com\/wp-content\/uploads\/2020\/11\/Logo-2-pour-email-300x157.jpg"},{"@type":"BreadcrumbList","@id":"https:\/\/www.reseau-mesure.com\/de\/numero-special-cem-mai-2021\/#breadcrumb","itemListElement":[{"@type":"ListItem","position":1,"name":"Accueil","item":"https:\/\/www.reseau-mesure.com\/"},{"@type":"ListItem","position":2,"name":"numero special mesures solutions expo"}]},{"@type":"WebSite","@id":"https:\/\/www.reseau-mesure.com\/#website","url":"https:\/\/www.reseau-mesure.com\/","name":"Netzwerk-Messung","description":"Netzwerkma\u00dfnahme","publisher":{"@id":"https:\/\/www.reseau-mesure.com\/#organization"},"potentialAction":[{"@type":"SearchAction","target":{"@type":"EntryPoint","urlTemplate":"https:\/\/www.reseau-mesure.com\/?s={search_term_string}"},"query-input":{"@type":"PropertyValueSpecification","valueRequired":true,"valueName":"search_term_string"}}],"inLanguage":"de"},{"@type":"Organization","@id":"https:\/\/www.reseau-mesure.com\/#organization","name":"Netzwerk-Messung","url":"https:\/\/www.reseau-mesure.com\/","logo":{"@type":"ImageObject","inLanguage":"de","@id":"https:\/\/www.reseau-mesure.com\/#\/schema\/logo\/image\/","url":"https:\/\/www.reseau-mesure.com\/wp-content\/uploads\/2018\/02\/logo-max.png","contentUrl":"https:\/\/www.reseau-mesure.com\/wp-content\/uploads\/2018\/02\/logo-max.png","width":545,"height":285,"caption":"R\u00e9seau-Mesure"},"image":{"@id":"https:\/\/www.reseau-mesure.com\/#\/schema\/logo\/image\/"},"sameAs":["https:\/\/www.facebook.com\/reseaumesure\/","https:\/\/x.com\/ReseauMesure","https:\/\/www.linkedin.com\/company\/reseau-mesure\/"]}]}},"_links":{"self":[{"href":"https:\/\/www.reseau-mesure.com\/de\/wp-json\/wp\/v2\/pages\/13168","targetHints":{"allow":["GET"]}}],"collection":[{"href":"https:\/\/www.reseau-mesure.com\/de\/wp-json\/wp\/v2\/pages"}],"about":[{"href":"https:\/\/www.reseau-mesure.com\/de\/wp-json\/wp\/v2\/types\/page"}],"author":[{"embeddable":true,"href":"https:\/\/www.reseau-mesure.com\/de\/wp-json\/wp\/v2\/users\/349"}],"replies":[{"embeddable":true,"href":"https:\/\/www.reseau-mesure.com\/de\/wp-json\/wp\/v2\/comments?post=13168"}],"version-history":[{"count":0,"href":"https:\/\/www.reseau-mesure.com\/de\/wp-json\/wp\/v2\/pages\/13168\/revisions"}],"wp:attachment":[{"href":"https:\/\/www.reseau-mesure.com\/de\/wp-json\/wp\/v2\/media?parent=13168"}],"curies":[{"name":"wp","href":"https:\/\/api.w.org\/{rel}","templated":true}]}}