{"id":13292,"date":"2021-03-22T17:09:24","date_gmt":"2021-03-22T16:09:24","guid":{"rendered":"https:\/\/www.reseau-mesure.com\/?page_id=13292"},"modified":"2021-03-31T16:40:58","modified_gmt":"2021-03-31T14:40:58","slug":"reseau-mesure-express-20210325","status":"publish","type":"page","link":"https:\/\/www.reseau-mesure.com\/de\/reseau-mesure-express-20210325\/","title":{"rendered":"Express Measurement Network-20210325"},"content":{"rendered":"<img loading=\"lazy\" decoding=\"async\" src=\"https:\/\/www.reseau-mesure.com\/wp-content\/uploads\/2020\/07\/20ku.jpeg\" alt=\"R\u00e9seau Mesure Express\" itemprop=\"image\" height=\"300\" width=\"970\" title=\"Express Measurement Network Header\" onerror=\"this.style.display='none'\"  \/>\n<h1>\n\t\tExpress-Messnetzwerk\n\t<\/h1>\n<h2>\n\t\t<a href=\"https:\/\/www.reseau-mesure.com\/de\/le-reseau-mesure-2\/\" title=\"25.03.2021\" target=\"_blank\" rel=\"noopener\">\n\t\t25.03.2021\n\t\t<\/a>\n\t<\/h2>\n\t<h3><strong>Ein Netzwerk f\u00fcr seine Mitglieder durch seine Mitglieder<\/strong><\/h3>\n\t<p>R\u00e9seau Mesure Express erm\u00f6glicht es den Mitgliedern, die Nachrichten der Vereinigung zu finden.<\/p>\n<h2>\n\t\t<a href=\"https:\/\/www.reseau-mesure.com\/de\/evenements\/\" title=\"Best\u00e4tigen Sie Ihre Teilnahme an den Hauptversammlungen 2021\" target=\"_blank\" rel=\"noopener\">\n\t\tBest\u00e4tigen Sie Ihre Teilnahme an den Hauptversammlungen 2021\n\t\t<\/a>\n\t<\/h2>\n\t<h3>F\u00fcr 2021 sind zwei Generalversammlungen organisiert<\/h3>\n\t<h3>Donnerstag, 15. April, 18.00 Uhr<\/h3>\n\n<ol>\n<li>Obligatorische Bestellung eines Auditors, da das Messnetzwerk Schulungen anbietet<\/li>\n<li>Diverse Fragen<\/li>\n<\/ol>\n<h3>Dienstag, 29. Juni um 16:00 Uhr<\/h3>\n\n<ol>\n<li>T\u00e4tigkeitsbericht 2020\n<ol>\n<li>Der Moralbericht 2020<\/li>\n<li>Finanzbericht 2020<\/li>\n<li>Stimmen Sie \u00fcber Resolutionen ab<\/li>\n<\/ol>\n<\/li>\n<li>Erneuerung des Vorstandes<\/li>\n<li>Pr\u00e4sentation der Roadmap 2021-2022<\/li>\n<li>Aktionsplan 2021<br \/>\nVorl\u00e4ufiger Haushalt 2021<\/li>\n<li>Diverse Fragen<\/li>\n<\/ol>\n\n\t\t\t\t<a href=\"https:\/\/www.reseau-mesure.com\/de\/evenements\/\" target=\"_blank\" rel=\"noopener\" itemprop=\"url\">\n\t\t\t\t<img loading=\"lazy\" decoding=\"async\" src=\"https:\/\/www.reseau-mesure.com\/wp-content\/uploads\/2021\/03\/Wavy_Bus-35_Single-02-1-scaled.jpg\" alt=\"Assembl\u00e9e G\u00e9n\u00e9rale du R\u00e9seau Mesure\" itemprop=\"image\" height=\"2560\" width=\"2560\" title=\"Generalversammlung des Messnetzes\" onerror=\"this.style.display='none'\"  \/>\n\t\t\t\t<\/a>\n\t\t\t<a href=\"mailto:eduflot@reseau-mesure.com\" target=\"_blank\" role=\"button\" rel=\"noopener\">\n\t\t\t\t\t\t\tIch bin verf\u00fcgbar\n\t\t\t\t\t<\/a>\n\t\t\t<a href=\"https:\/\/www.reseau-mesure.com\/wp-content\/uploads\/2021\/03\/POUVOIR-AGO-15-04-2021.doc\" target=\"_blank\" role=\"button\" rel=\"noopener\">\n\t\t\t\t\t\t\tIch gebe meine Vollmacht f\u00fcr die GA vom 15. April\n\t\t\t\t\t<\/a>\n\t\t\t<a href=\"https:\/\/www.reseau-mesure.com\/wp-content\/uploads\/2021\/03\/POUVOIR-AGO-29-06-2021.doc\" target=\"_blank\" role=\"button\" rel=\"noopener\">\n\t\t\t\t\t\t\tIch gebe meine Vollmacht f\u00fcr die GA vom 29. Juni\n\t\t\t\t\t<\/a>\n<h2>\n\t\t<a href=\"https:\/\/www.reseau-mesure.com\/de\/numero-special-cem-mai-2021\/\" title=\"Nutzen Sie exklusive Angebote, um in der speziellen CEM-Ausgabe pr\u00e4sent zu sein\" target=\"_blank\" rel=\"noopener\">\n\t\tNutzen Sie exklusive Angebote, um in der Sonderausgabe von CEM pr\u00e4sent zu sein\n\t\t<\/a>\n\t<\/h2>\n\t\t\t\t<a href=\"https:\/\/www.reseau-mesure.com\/de\/numero-special-cem-mai-2021\/\" target=\"_blank\" rel=\"noopener\" itemprop=\"url\">\n\t\t\t\t<img loading=\"lazy\" decoding=\"async\" src=\"https:\/\/www.reseau-mesure.com\/wp-content\/uploads\/2021\/03\/couvmse-1-scaled.jpg\" alt=\"num\u00e9ro sp\u00e9cial MSE\" itemprop=\"image\" height=\"2560\" width=\"1811\" title=\"MSE Sonderausgabe\" onerror=\"this.style.display='none'\"  \/>\n\t\t\t\t<\/a>\n\t\t\t<a href=\"mailto:eduflot@reseau-mesure.com\" target=\"_blank\" role=\"button\" rel=\"noopener\">\n\t\t\t\t\t\t\tEine Frage ? Kontaktiere uns!\n\t\t\t\t\t<\/a>\n\t<h2><strong>Spezielle Nummer\u00a0<\/strong>Ma\u00dfnahmen L\u00f6sungen<strong> MESSE <\/strong>mit\u00a0<strong>Kontrollt Tests Ma\u00dfnahmen <\/strong><strong>Mai 2021<\/strong><\/h2>\n<p>Diese Ausgabe besteht aus:<\/p>\n<ul>\n<li><strong>technische Inhalte mit dem \u201eRDV de 9h30\u201c von November 2020 bis April 2021 (kostenlos f\u00fcr Referenten)\u00a0<\/strong><\/li>\n<li><strong>und ein Marktfokus und Werbefl\u00e4chen f\u00fcr alle Mitglieder<\/strong><\/li>\n<\/ul>\n<p>Die EXPO-Ausgabe von Special Measure Solutions wird zus\u00e4tzlich zur Ausgabe von Controls and Measurements vom Mai 2021 verteilt. Ein zus\u00e4tzliches Angebot ist Mitgliedern des Measurement Network in Form von Paketen vorbehalten:<\/p>\n<h3><strong>1 visuelle Seite + 1 Werbe-Redaktionsseite: \u20ac 1.600 exkl. MwSt.<\/strong><br \/>\n<strong>1 halbe Seite visuell + 1 halbe Seite redaktionell (auf derselben Seite): \u20ac 1.200 exkl. MwSt.<\/strong><\/h3>\n\n\n<p>Eine digitale Flip-Through- und herunterladbare Version wird im Austausch f\u00fcr Kontaktdaten auch auf der Website von Contr\u00f4le Essais Measures frei zug\u00e4nglich sein.<\/p>\n<p>Die Sonderausgabe der Measurements Solutions EXPO im Mai wird auch auf Messen ausgestrahlt, die sich mit der Messung des Beginns des Schuljahres im September 2021 befassen.<\/p>\n\n\n<h3><strong>Das Sonderheft Measures Solutions EXPO \u2013 TERMINE<\/strong><\/h3>\n\u25cf Sendung mit der Nummer CEM 75: Mai 2021<br \/>\n\u25cf Redaktionsschluss: 9.\u00a0April\u00a02021<br \/>\n\u25cf Anzeigenzusagefrist: 16.\u00a0April\u00a02021<br \/>\n\u25cf Einreichung redaktioneller Elemente: 30. April 2021<br \/>\n\u25cf \u00dcbermittlung technischer Werbeelemente: 7. Mai 2021\n\t<p>Zusatzoptionen:<\/p>\n\u2013 Schreibhilfe nach einem Interview mit unserer Redaktion: 350 \u20ac zzgl. MwSt<br \/>\n\u2013 gesponserte Inhalte auf der CEM-Website (1 Woche) mit 1 Versand an unsere Basis: 1.000 \u20ac ohne Steuern\n<h2>\n\t\t<a href=\"https:\/\/www.weezevent.com\/forum-eau-2\" title=\"Pariser Wasserforum Ile-de-France \" target=\"_blank\" rel=\"noopener\">\n\t\tPariser Wasserforum Ile-de-France \n\t\t<\/a>\n\t<\/h2>\n\t<h2>Forum Eau Paris \u00cele-De-France 2021, organisiert vom Cluster Eau Milieux et Sols<\/h2>\n\n\n13:15 Uhr: Begr\u00fc\u00dfung 13:30 Uhr: Einf\u00fchrung in das Forum und Pr\u00e4sentation des Wasser-Umwelt-Boden-Clusters Paris \u00cele-de-France 13:40 Uhr:\n<ul>\n<li>Feedback aus Erfahrungen oder Bedarfs\u00e4u\u00dferungen der \u00f6ffentlichen Auftraggeber der M\u00e9tropole du Grand Paris.<\/li>\n<li>Innovative Pr\u00e4sentationen von Unternehmen und Forschungszentren, Mitgliedern des Clusters Eau-Milieux-Sols oder Partnern.<\/li>\n<li><strong>6 innovative Themen des st\u00e4dtischen Wassermanagements<\/strong>\n<ul>\n<li>Stadtwasserproduktion und -aufbereitung<\/li>\n<li>Optimierung des Wasserverbrauchs<\/li>\n<li>Material- und Energier\u00fcckgewinnung aus st\u00e4dtischem Wasser<\/li>\n<li>Alternatives Regenwassermanagement<\/li>\n<li>Dynamische Schnittstellen zwischen Regenwasser und st\u00e4dtischen B\u00f6den<\/li>\n<li>Qualit\u00e4t st\u00e4dtischer Gew\u00e4sser<\/li>\n<\/ul>\n<\/li>\n<\/ul>\n18.30 Uhr: Ende des Forums\n\n<p>&nbsp;<\/p>\n\t\t\t<a href=\"https:\/\/www.weezevent.com\/forum-eau-2\" target=\"_blank\" role=\"button\" rel=\"noopener\">\n\t\t\t\t\t\t\tIch melde mich an\n\t\t\t\t\t<\/a>\n\t\t\t\t<a href=\"https:\/\/www.weezevent.com\/forum-eau-2\" target=\"_blank\" rel=\"noopener\" itemprop=\"url\">\n\t\t\t\t<img loading=\"lazy\" decoding=\"async\" src=\"https:\/\/www.reseau-mesure.com\/wp-content\/uploads\/2021\/03\/affiche_680381.thumb53700.1610014570.jpg\" alt=\"Forum Eau IDF 15 Avril 2021 - Apr\u00e8s-Midi\" itemprop=\"image\" height=\"464\" width=\"537\" title=\"poster_680381.thumb53700.1610014570\" onerror=\"this.style.display='none'\"  \/>\n\t\t\t\t<\/a>\n\t<p>* Teilnahmebedingungen:<\/p>\nNehmen Sie an der Veranstaltung teil: Sie ist kostenlos und nach Anmeldung f\u00fcr alle offen.\n<ul>\n<li>Kostenlos f\u00fcr EMS-Cluster-Mitglieder<\/li>\n<li>und <strong>50% f\u00fcr Mitglieder<\/strong> von France Water Team CapDigital <strong>Netzwerkma\u00dfnahme<\/strong> und Graie<\/li>\n<\/ul>\n<p>Preis f\u00fcr die Pr\u00e4sentation Ihrer L\u00f6sung au\u00dferhalb der Mitgliedschaft: 300 Euro inklusive Steuern.<\/p>\nKontakte:\n\n\n\t\t\t<a href=\"https:\/\/www.reseau-mesure.com\/de\/evenements\/\" target=\"_self\" role=\"button\" rel=\"noopener\">\n\t\t\t\t\t\t\tDie komplette Agenda des Messnetzes\n\t\t\t\t\t<\/a>\n\t\t\t\t<img loading=\"lazy\" decoding=\"async\" src=\"https:\/\/www.reseau-mesure.com\/wp-content\/uploads\/2020\/08\/Plan-de-travail-3niveau.png\" alt=\"R\u00e9seau Mesure Express Actualites\" itemprop=\"image\" height=\"3665\" width=\"5520\" title=\"Express Measurement Network News\" onerror=\"this.style.display='none'\"  \/>\n\t\n\t<h3><\/h3>\n<h3>Flash info CCI Algerisch-Franz\u00f6sisch<\/h3>\n<p>Ein algerisches Unternehmen, dessen Projekt die Verarbeitung, Verpackung, lokale Vermarktung und der Export von Obst und Gem\u00fcse und\/oder verarbeiteten Produkten ist, sucht einen Partner im Bereich Agro-Food auf technischer, kaufm\u00e4nnischer Ebene und mit den erforderlichen Mitteln Aktivit\u00e4t.<\/p>\n<ul>\n<li><strong>Projektstandort: <\/strong>Wilaya von Ain Defla (140 km s\u00fcdwestlich von Algier).<\/li>\n<li><strong>Verf\u00fcgbare Infrastruktur: <\/strong>Eine Fl\u00e4che von 8.700 m2, einschlie\u00dflich 2.500 m2, bestehend aus 4 Hangars, 1 Verwaltungsblock, 1 Bohrloch und 1 elektrischen Transformator.<\/li>\n<li><strong>Finanzielle Beitr\u00e4ge: <\/strong>Das Unternehmen verf\u00fcgt \u00fcber ausreichende finanzielle Mittel, um sich an der Finanzierung des im gemeinsamen Einvernehmen mit dem k\u00fcnftigen Partner gew\u00e4hlten Projekts zu beteiligen.<\/li>\n<\/ul>\n\t<h2>R\u00e9seau Mesure Express: Neuigkeiten zum Aktionsplan des Vereins<\/h2>","protected":false},"excerpt":{"rendered":"<p>R\u00e9seau Mesure Express 25.03.2021 Ein Netzwerk f\u00fcr seine Mitglieder, von seinen Mitgliedern R\u00e9seau Mesure Express erm\u00f6glicht es den Mitgliedern, die Neuigkeiten des Verbandes zu finden. Best\u00e4tigen Sie Ihre Teilnahme an den Hauptversammlungen 2021 F\u00fcr 2021 werden am Donnerstag, den 15. April, um 18:00 Uhr zwei Hauptversammlungen organisiert Obligatorische Bestellung eines Wirtschaftspr\u00fcfers aufgrund der Tatsache, dass das Messnetz\u2026<\/p>","protected":false},"author":685,"featured_media":0,"parent":0,"menu_order":0,"comment_status":"closed","ping_status":"closed","template":"","meta":{"_acf_changed":false,"footnotes":""},"class_list":["post-13292","page","type-page","status-publish","hentry"],"acf":[],"yoast_head":"<!-- This site is optimized with the Yoast SEO plugin v27.5 - https:\/\/yoast.com\/product\/yoast-seo-wordpress\/ -->\n<title>R\u00e9seau Mesure Express-20210325 - R\u00e9seau Mesure<\/title>\n<meta name=\"description\" content=\"R\u00e9seau Mesure Express 20210325, confirmez votre participation aux Assembl\u00e9es G\u00e9n\u00e9rales 2021, \u00e0 vos agendas !\" \/>\n<meta name=\"robots\" content=\"index, follow, max-snippet:-1, max-image-preview:large, max-video-preview:-1\" \/>\n<link rel=\"canonical\" href=\"https:\/\/www.reseau-mesure.com\/de\/reseau-mesure-express-20210325\/\" \/>\n<meta property=\"og:locale\" content=\"de_DE\" \/>\n<meta property=\"og:type\" content=\"article\" \/>\n<meta property=\"og:title\" content=\"R\u00e9seau Mesure Express-20210325 - R\u00e9seau Mesure\" \/>\n<meta property=\"og:description\" content=\"R\u00e9seau Mesure Express 20210325, confirmez votre participation aux Assembl\u00e9es G\u00e9n\u00e9rales 2021, \u00e0 vos agendas !\" \/>\n<meta property=\"og:url\" content=\"https:\/\/www.reseau-mesure.com\/de\/reseau-mesure-express-20210325\/\" \/>\n<meta property=\"og:site_name\" content=\"R\u00e9seau Mesure\" \/>\n<meta property=\"article:publisher\" content=\"https:\/\/www.facebook.com\/reseaumesure\/\" \/>\n<meta property=\"article:modified_time\" content=\"2021-03-31T14:40:58+00:00\" \/>\n<meta property=\"og:image\" content=\"https:\/\/www.reseau-mesure.com\/wp-content\/uploads\/2020\/07\/20ku.jpeg\" \/>\n<meta name=\"twitter:card\" content=\"summary_large_image\" \/>\n<meta name=\"twitter:site\" content=\"@ReseauMesure\" \/>\n<meta name=\"twitter:label1\" content=\"Gesch\u00e4tzte Lesezeit\" \/>\n\t<meta name=\"twitter:data1\" content=\"4\u00a0Minuten\" \/>\n<script type=\"application\/ld+json\" class=\"yoast-schema-graph\">{\"@context\":\"https:\\\/\\\/schema.org\",\"@graph\":[{\"@type\":\"WebPage\",\"@id\":\"https:\\\/\\\/www.reseau-mesure.com\\\/reseau-mesure-express-20210325\\\/\",\"url\":\"https:\\\/\\\/www.reseau-mesure.com\\\/reseau-mesure-express-20210325\\\/\",\"name\":\"R\u00e9seau Mesure Express-20210325 - R\u00e9seau Mesure\",\"isPartOf\":{\"@id\":\"https:\\\/\\\/www.reseau-mesure.com\\\/#website\"},\"primaryImageOfPage\":{\"@id\":\"https:\\\/\\\/www.reseau-mesure.com\\\/reseau-mesure-express-20210325\\\/#primaryimage\"},\"image\":{\"@id\":\"https:\\\/\\\/www.reseau-mesure.com\\\/reseau-mesure-express-20210325\\\/#primaryimage\"},\"thumbnailUrl\":\"https:\\\/\\\/www.reseau-mesure.com\\\/wp-content\\\/uploads\\\/2020\\\/07\\\/20ku.jpeg\",\"datePublished\":\"2021-03-22T16:09:24+00:00\",\"dateModified\":\"2021-03-31T14:40:58+00:00\",\"description\":\"R\u00e9seau Mesure Express 20210325, confirmez votre participation aux Assembl\u00e9es G\u00e9n\u00e9rales 2021, \u00e0 vos agendas !\",\"breadcrumb\":{\"@id\":\"https:\\\/\\\/www.reseau-mesure.com\\\/reseau-mesure-express-20210325\\\/#breadcrumb\"},\"inLanguage\":\"de\",\"potentialAction\":[{\"@type\":\"ReadAction\",\"target\":[\"https:\\\/\\\/www.reseau-mesure.com\\\/reseau-mesure-express-20210325\\\/\"]}]},{\"@type\":\"ImageObject\",\"inLanguage\":\"de\",\"@id\":\"https:\\\/\\\/www.reseau-mesure.com\\\/reseau-mesure-express-20210325\\\/#primaryimage\",\"url\":\"https:\\\/\\\/www.reseau-mesure.com\\\/wp-content\\\/uploads\\\/2020\\\/07\\\/20ku.jpeg\",\"contentUrl\":\"https:\\\/\\\/www.reseau-mesure.com\\\/wp-content\\\/uploads\\\/2020\\\/07\\\/20ku.jpeg\"},{\"@type\":\"BreadcrumbList\",\"@id\":\"https:\\\/\\\/www.reseau-mesure.com\\\/reseau-mesure-express-20210325\\\/#breadcrumb\",\"itemListElement\":[{\"@type\":\"ListItem\",\"position\":1,\"name\":\"Accueil\",\"item\":\"https:\\\/\\\/www.reseau-mesure.com\\\/\"},{\"@type\":\"ListItem\",\"position\":2,\"name\":\"R\u00e9seau Mesure Express-20210325\"}]},{\"@type\":\"WebSite\",\"@id\":\"https:\\\/\\\/www.reseau-mesure.com\\\/#website\",\"url\":\"https:\\\/\\\/www.reseau-mesure.com\\\/\",\"name\":\"R\u00e9seau-Mesure\",\"description\":\"R\u00e9seau Mesure\",\"publisher\":{\"@id\":\"https:\\\/\\\/www.reseau-mesure.com\\\/#organization\"},\"potentialAction\":[{\"@type\":\"SearchAction\",\"target\":{\"@type\":\"EntryPoint\",\"urlTemplate\":\"https:\\\/\\\/www.reseau-mesure.com\\\/?s={search_term_string}\"},\"query-input\":{\"@type\":\"PropertyValueSpecification\",\"valueRequired\":true,\"valueName\":\"search_term_string\"}}],\"inLanguage\":\"de\"},{\"@type\":\"Organization\",\"@id\":\"https:\\\/\\\/www.reseau-mesure.com\\\/#organization\",\"name\":\"R\u00e9seau-Mesure\",\"url\":\"https:\\\/\\\/www.reseau-mesure.com\\\/\",\"logo\":{\"@type\":\"ImageObject\",\"inLanguage\":\"de\",\"@id\":\"https:\\\/\\\/www.reseau-mesure.com\\\/#\\\/schema\\\/logo\\\/image\\\/\",\"url\":\"https:\\\/\\\/www.reseau-mesure.com\\\/wp-content\\\/uploads\\\/2018\\\/02\\\/logo-max.png\",\"contentUrl\":\"https:\\\/\\\/www.reseau-mesure.com\\\/wp-content\\\/uploads\\\/2018\\\/02\\\/logo-max.png\",\"width\":545,\"height\":285,\"caption\":\"R\u00e9seau-Mesure\"},\"image\":{\"@id\":\"https:\\\/\\\/www.reseau-mesure.com\\\/#\\\/schema\\\/logo\\\/image\\\/\"},\"sameAs\":[\"https:\\\/\\\/www.facebook.com\\\/reseaumesure\\\/\",\"https:\\\/\\\/x.com\\\/ReseauMesure\",\"https:\\\/\\\/www.linkedin.com\\\/company\\\/reseau-mesure\\\/\"]}]}<\/script>\n<!-- \/ Yoast SEO plugin. -->","yoast_head_json":{"title":"R\u00e9seau Mesure Express-20210325 - R\u00e9seau Mesure","description":"R\u00e9seau Mesure Express 20210325, confirmez votre participation aux Assembl\u00e9es G\u00e9n\u00e9rales 2021, \u00e0 vos agendas !","robots":{"index":"index","follow":"follow","max-snippet":"max-snippet:-1","max-image-preview":"max-image-preview:large","max-video-preview":"max-video-preview:-1"},"canonical":"https:\/\/www.reseau-mesure.com\/de\/reseau-mesure-express-20210325\/","og_locale":"de_DE","og_type":"article","og_title":"R\u00e9seau Mesure Express-20210325 - R\u00e9seau Mesure","og_description":"R\u00e9seau Mesure Express 20210325, confirmez votre participation aux Assembl\u00e9es G\u00e9n\u00e9rales 2021, \u00e0 vos agendas !","og_url":"https:\/\/www.reseau-mesure.com\/de\/reseau-mesure-express-20210325\/","og_site_name":"R\u00e9seau Mesure","article_publisher":"https:\/\/www.facebook.com\/reseaumesure\/","article_modified_time":"2021-03-31T14:40:58+00:00","og_image":[{"url":"https:\/\/www.reseau-mesure.com\/wp-content\/uploads\/2020\/07\/20ku.jpeg","type":"","width":"","height":""}],"twitter_card":"summary_large_image","twitter_site":"@ReseauMesure","twitter_misc":{"Gesch\u00e4tzte Lesezeit":"4\u00a0Minuten"},"schema":{"@context":"https:\/\/schema.org","@graph":[{"@type":"WebPage","@id":"https:\/\/www.reseau-mesure.com\/reseau-mesure-express-20210325\/","url":"https:\/\/www.reseau-mesure.com\/reseau-mesure-express-20210325\/","name":"R\u00e9seau Mesure Express-20210325 - R\u00e9seau Mesure","isPartOf":{"@id":"https:\/\/www.reseau-mesure.com\/#website"},"primaryImageOfPage":{"@id":"https:\/\/www.reseau-mesure.com\/reseau-mesure-express-20210325\/#primaryimage"},"image":{"@id":"https:\/\/www.reseau-mesure.com\/reseau-mesure-express-20210325\/#primaryimage"},"thumbnailUrl":"https:\/\/www.reseau-mesure.com\/wp-content\/uploads\/2020\/07\/20ku.jpeg","datePublished":"2021-03-22T16:09:24+00:00","dateModified":"2021-03-31T14:40:58+00:00","description":"R\u00e9seau Mesure Express 20210325, confirmez votre participation aux Assembl\u00e9es G\u00e9n\u00e9rales 2021, \u00e0 vos agendas !","breadcrumb":{"@id":"https:\/\/www.reseau-mesure.com\/reseau-mesure-express-20210325\/#breadcrumb"},"inLanguage":"de","potentialAction":[{"@type":"ReadAction","target":["https:\/\/www.reseau-mesure.com\/reseau-mesure-express-20210325\/"]}]},{"@type":"ImageObject","inLanguage":"de","@id":"https:\/\/www.reseau-mesure.com\/reseau-mesure-express-20210325\/#primaryimage","url":"https:\/\/www.reseau-mesure.com\/wp-content\/uploads\/2020\/07\/20ku.jpeg","contentUrl":"https:\/\/www.reseau-mesure.com\/wp-content\/uploads\/2020\/07\/20ku.jpeg"},{"@type":"BreadcrumbList","@id":"https:\/\/www.reseau-mesure.com\/reseau-mesure-express-20210325\/#breadcrumb","itemListElement":[{"@type":"ListItem","position":1,"name":"Accueil","item":"https:\/\/www.reseau-mesure.com\/"},{"@type":"ListItem","position":2,"name":"R\u00e9seau Mesure Express-20210325"}]},{"@type":"WebSite","@id":"https:\/\/www.reseau-mesure.com\/#website","url":"https:\/\/www.reseau-mesure.com\/","name":"Netzwerk-Messung","description":"Netzwerkma\u00dfnahme","publisher":{"@id":"https:\/\/www.reseau-mesure.com\/#organization"},"potentialAction":[{"@type":"SearchAction","target":{"@type":"EntryPoint","urlTemplate":"https:\/\/www.reseau-mesure.com\/?s={search_term_string}"},"query-input":{"@type":"PropertyValueSpecification","valueRequired":true,"valueName":"search_term_string"}}],"inLanguage":"de"},{"@type":"Organization","@id":"https:\/\/www.reseau-mesure.com\/#organization","name":"Netzwerk-Messung","url":"https:\/\/www.reseau-mesure.com\/","logo":{"@type":"ImageObject","inLanguage":"de","@id":"https:\/\/www.reseau-mesure.com\/#\/schema\/logo\/image\/","url":"https:\/\/www.reseau-mesure.com\/wp-content\/uploads\/2018\/02\/logo-max.png","contentUrl":"https:\/\/www.reseau-mesure.com\/wp-content\/uploads\/2018\/02\/logo-max.png","width":545,"height":285,"caption":"R\u00e9seau-Mesure"},"image":{"@id":"https:\/\/www.reseau-mesure.com\/#\/schema\/logo\/image\/"},"sameAs":["https:\/\/www.facebook.com\/reseaumesure\/","https:\/\/x.com\/ReseauMesure","https:\/\/www.linkedin.com\/company\/reseau-mesure\/"]}]}},"_links":{"self":[{"href":"https:\/\/www.reseau-mesure.com\/de\/wp-json\/wp\/v2\/pages\/13292","targetHints":{"allow":["GET"]}}],"collection":[{"href":"https:\/\/www.reseau-mesure.com\/de\/wp-json\/wp\/v2\/pages"}],"about":[{"href":"https:\/\/www.reseau-mesure.com\/de\/wp-json\/wp\/v2\/types\/page"}],"author":[{"embeddable":true,"href":"https:\/\/www.reseau-mesure.com\/de\/wp-json\/wp\/v2\/users\/685"}],"replies":[{"embeddable":true,"href":"https:\/\/www.reseau-mesure.com\/de\/wp-json\/wp\/v2\/comments?post=13292"}],"version-history":[{"count":0,"href":"https:\/\/www.reseau-mesure.com\/de\/wp-json\/wp\/v2\/pages\/13292\/revisions"}],"wp:attachment":[{"href":"https:\/\/www.reseau-mesure.com\/de\/wp-json\/wp\/v2\/media?parent=13292"}],"curies":[{"name":"wp","href":"https:\/\/api.w.org\/{rel}","templated":true}]}}