{"id":13409,"date":"2021-03-26T18:18:23","date_gmt":"2021-03-26T17:18:23","guid":{"rendered":"https:\/\/www.reseau-mesure.com\/?page_id=13409"},"modified":"2026-03-10T15:48:00","modified_gmt":"2026-03-10T14:48:00","slug":"actions","status":"publish","type":"page","link":"https:\/\/www.reseau-mesure.com\/de\/actions\/","title":{"rendered":"Aktionen | das Messnetzwerk"},"content":{"rendered":"<h1>\n\t\t\tDie Taten\n\t\t<\/h1>\n<h2>\n\t\t\tDie Umsetzung wertsch\u00f6pfender Synergien. Eine Quelle zus\u00e4tzlicher Einsparungen f\u00fcr die Mitglieder durch geb\u00fcndelte Ma\u00dfnahmen, die von speziellen Arbeitsgruppen verwaltet werden.\t<\/h2>\n\t\t<h2>\n\t\t\tEntdecken Sie die Aktionen des Messnetzwerks\n\t\t<\/h2>\n\t\t\t\t<a href=\"https:\/\/www.reseau-mesure.com\/de\/communication\/\">\n\t\t\t\t\t\n\t\t\t        <h3>Kommunikation<\/h3>\n\t\t\t        <p>Mit dem Messnetzwerk k\u00f6nnen Sie Ihre Kommunikation mit kontrollierten Budgets erweitern.<\/p>\n\t\t\t        Mehr erfahren\n\t\t\t    <\/a>\n\t\t\t\t<a href=\"https:\/\/www.reseau-mesure.com\/de\/salons\/\">\n\t\t\t\t\t\n\t\t\t        <h3>Fachmessen<\/h3>\n\t\t\t        <p>M\u00f6chten Sie Ihre Sichtbarkeit auf Messen zu optimierten Kosten erh\u00f6hen?<\/p>\n\t\t\t        Mehr erfahren\n\t\t\t    <\/a>\n\t\t\t\t<a href=\"https:\/\/www.reseau-mesure.com\/de\/opportunites-marches-et-entreprises\/\">\n\t\t\t\t\t\n\t\t\t        <h3>Markt- und Gesch\u00e4ftsm\u00f6glichkeiten<\/h3>\n\t\t\t        <p>Das Messnetzwerk bietet seinen Mitgliedern verschiedene Entwicklungsm\u00f6glichkeiten.<\/p>\n\t\t\t        Mehr erfahren\n\t\t\t    <\/a>\n\t\t\t\t<a href=\"https:\/\/www.reseau-mesure.com\/de\/achats-mutualises\/\">\n\t\t\t\t\t\n\t\t\t        <h3>Zusammengefasster Einkauf<\/h3>\n\t\t\t        <p>Eine Quelle zus\u00e4tzlicher Einsparungen f\u00fcr Mitglieder durch gepoolte Aktionen, die von speziellen Arbeitsgruppen verwaltet werden.<\/p>\n\t\t\t        Mehr erfahren\n\t\t\t    <\/a>\n\t\t\t\t<a href=\"https:\/\/www.reseau-mesure.com\/de\/la-formation-2022\/\">\n\t\t\t\t\t\n\t\t\t        <h3>Ausbildung<\/h3>\n\t\t\t        <p>Entwicklung h\u00e4ngt oft mit der Qualit\u00e4t der Ressourcen und der F\u00e4higkeit zusammen, sich an ein sich st\u00e4ndig \u00e4nderndes Umfeld anzupassen.<\/p>\n\t\t\t        Mehr erfahren\n\t\t\t    <\/a>\n\t\t\t\t<a href=\"https:\/\/www.reseau-mesure.com\/de\/international\/\">\n\t\t\t\t\t\n\t\t\t        <h3>International<\/h3>\n\t\t\t        <p>Das Messnetzwerk, ein Hebel f\u00fcr den Export!<\/p>\n\t\t\t        Mehr erfahren\n\t\t\t    <\/a>\n\t\t\t\t<a href=\"https:\/\/www.reseau-mesure.com\/de\/securite-routiere-et-eco-conduite-2\/\">\n\t\t\t\t\t\n\t\t\t        <h3>Verkehrssicherheit und umweltfreundliches Fahren<\/h3>\n\t\t\t        <p>Verkehrssicherheit und umweltfreundliches Fahren: Neue Herausforderungen f\u00fcr Unternehmen!<\/p>\n\t\t\t        Mehr erfahren\n\t\t\t    <\/a>\n\t\t\t<a href=\"https:\/\/www.reseau-mesure.com\/de\/evenements\/\" target=\"_self\">\n\t\t\t\t\t\t\tSiehe bevorstehende Veranstaltungen\n\t\t\t\t\t<\/a>\n\t\t\t<a href=\"https:\/\/www.reseau-mesure.com\/de\/comment-adherer\/\" target=\"_self\">\n\t\t\t\t\t\t\tTreten Sie dem Messnetzwerk bei\n\t\t\t\t\t<\/a>","protected":false},"excerpt":{"rendered":"<p>Ma\u00dfnahmen Die Umsetzung wertsch\u00f6pfender Synergien. Eine Quelle zus\u00e4tzlicher Einsparungen f\u00fcr die Mitglieder durch geb\u00fcndelte Ma\u00dfnahmen, die von speziellen Arbeitsgruppen verwaltet werden. Entdecken Sie die Aktionen des Messkommunikationsnetzwerks Das Messnetzwerk erm\u00f6glicht es Ihnen, Ihre Kommunikation mit kontrollierten Budgets zu verst\u00e4rken. Erfahren Sie mehr Ausstellungen Sie m\u00f6chten\u2026<\/p>","protected":false},"author":685,"featured_media":0,"parent":0,"menu_order":0,"comment_status":"closed","ping_status":"closed","template":"","meta":{"_acf_changed":false,"footnotes":""},"class_list":["post-13409","page","type-page","status-publish","hentry"],"acf":[],"yoast_head":"<!-- This site is optimized with the Yoast SEO plugin v27.4 - https:\/\/yoast.com\/product\/yoast-seo-wordpress\/ -->\n<title>Actions | le R\u00e9seau Mesure - R\u00e9seau Mesure<\/title>\n<meta name=\"description\" content=\"D\u00e9couvrez l&#039;ensemble des actions propos\u00e9s par le R\u00e9seau Mesure : Achats, commuications, salons, aide aux chef d&#039;entreprises\" \/>\n<meta name=\"robots\" content=\"index, follow, max-snippet:-1, max-image-preview:large, max-video-preview:-1\" \/>\n<link rel=\"canonical\" href=\"https:\/\/www.reseau-mesure.com\/de\/actions\/\" \/>\n<meta property=\"og:locale\" content=\"de_DE\" \/>\n<meta property=\"og:type\" content=\"article\" \/>\n<meta property=\"og:title\" content=\"Actions | le R\u00e9seau Mesure - R\u00e9seau Mesure\" \/>\n<meta property=\"og:description\" content=\"D\u00e9couvrez l&#039;ensemble des actions propos\u00e9s par le R\u00e9seau Mesure : Achats, commuications, salons, aide aux chef d&#039;entreprises\" \/>\n<meta property=\"og:url\" content=\"https:\/\/www.reseau-mesure.com\/de\/actions\/\" \/>\n<meta property=\"og:site_name\" content=\"R\u00e9seau Mesure\" \/>\n<meta property=\"article:publisher\" content=\"https:\/\/www.facebook.com\/reseaumesure\/\" \/>\n<meta property=\"article:modified_time\" content=\"2026-03-10T14:48:00+00:00\" \/>\n<meta name=\"twitter:card\" content=\"summary_large_image\" \/>\n<meta name=\"twitter:site\" content=\"@ReseauMesure\" \/>\n<meta name=\"twitter:label1\" content=\"Gesch\u00e4tzte Lesezeit\" \/>\n\t<meta name=\"twitter:data1\" content=\"1\u00a0Minute\" \/>\n<script type=\"application\/ld+json\" class=\"yoast-schema-graph\">{\"@context\":\"https:\\\/\\\/schema.org\",\"@graph\":[{\"@type\":\"WebPage\",\"@id\":\"https:\\\/\\\/www.reseau-mesure.com\\\/actions\\\/\",\"url\":\"https:\\\/\\\/www.reseau-mesure.com\\\/actions\\\/\",\"name\":\"Actions | le R\u00e9seau Mesure - R\u00e9seau Mesure\",\"isPartOf\":{\"@id\":\"https:\\\/\\\/www.reseau-mesure.com\\\/#website\"},\"datePublished\":\"2021-03-26T17:18:23+00:00\",\"dateModified\":\"2026-03-10T14:48:00+00:00\",\"description\":\"D\u00e9couvrez l'ensemble des actions propos\u00e9s par le R\u00e9seau Mesure : Achats, commuications, salons, aide aux chef d'entreprises\",\"breadcrumb\":{\"@id\":\"https:\\\/\\\/www.reseau-mesure.com\\\/actions\\\/#breadcrumb\"},\"inLanguage\":\"de\",\"potentialAction\":[{\"@type\":\"ReadAction\",\"target\":[\"https:\\\/\\\/www.reseau-mesure.com\\\/actions\\\/\"]}]},{\"@type\":\"BreadcrumbList\",\"@id\":\"https:\\\/\\\/www.reseau-mesure.com\\\/actions\\\/#breadcrumb\",\"itemListElement\":[{\"@type\":\"ListItem\",\"position\":1,\"name\":\"Accueil\",\"item\":\"https:\\\/\\\/www.reseau-mesure.com\\\/\"},{\"@type\":\"ListItem\",\"position\":2,\"name\":\"Actions | le R\u00e9seau Mesure\"}]},{\"@type\":\"WebSite\",\"@id\":\"https:\\\/\\\/www.reseau-mesure.com\\\/#website\",\"url\":\"https:\\\/\\\/www.reseau-mesure.com\\\/\",\"name\":\"R\u00e9seau-Mesure\",\"description\":\"R\u00e9seau Mesure\",\"publisher\":{\"@id\":\"https:\\\/\\\/www.reseau-mesure.com\\\/#organization\"},\"potentialAction\":[{\"@type\":\"SearchAction\",\"target\":{\"@type\":\"EntryPoint\",\"urlTemplate\":\"https:\\\/\\\/www.reseau-mesure.com\\\/?s={search_term_string}\"},\"query-input\":{\"@type\":\"PropertyValueSpecification\",\"valueRequired\":true,\"valueName\":\"search_term_string\"}}],\"inLanguage\":\"de\"},{\"@type\":\"Organization\",\"@id\":\"https:\\\/\\\/www.reseau-mesure.com\\\/#organization\",\"name\":\"R\u00e9seau-Mesure\",\"url\":\"https:\\\/\\\/www.reseau-mesure.com\\\/\",\"logo\":{\"@type\":\"ImageObject\",\"inLanguage\":\"de\",\"@id\":\"https:\\\/\\\/www.reseau-mesure.com\\\/#\\\/schema\\\/logo\\\/image\\\/\",\"url\":\"https:\\\/\\\/www.reseau-mesure.com\\\/wp-content\\\/uploads\\\/2018\\\/02\\\/logo-max.png\",\"contentUrl\":\"https:\\\/\\\/www.reseau-mesure.com\\\/wp-content\\\/uploads\\\/2018\\\/02\\\/logo-max.png\",\"width\":545,\"height\":285,\"caption\":\"R\u00e9seau-Mesure\"},\"image\":{\"@id\":\"https:\\\/\\\/www.reseau-mesure.com\\\/#\\\/schema\\\/logo\\\/image\\\/\"},\"sameAs\":[\"https:\\\/\\\/www.facebook.com\\\/reseaumesure\\\/\",\"https:\\\/\\\/x.com\\\/ReseauMesure\",\"https:\\\/\\\/www.linkedin.com\\\/company\\\/reseau-mesure\\\/\"]}]}<\/script>\n<!-- \/ Yoast SEO plugin. -->","yoast_head_json":{"title":"Actions | le R\u00e9seau Mesure - R\u00e9seau Mesure","description":"D\u00e9couvrez l'ensemble des actions propos\u00e9s par le R\u00e9seau Mesure : Achats, commuications, salons, aide aux chef d'entreprises","robots":{"index":"index","follow":"follow","max-snippet":"max-snippet:-1","max-image-preview":"max-image-preview:large","max-video-preview":"max-video-preview:-1"},"canonical":"https:\/\/www.reseau-mesure.com\/de\/actions\/","og_locale":"de_DE","og_type":"article","og_title":"Actions | le R\u00e9seau Mesure - R\u00e9seau Mesure","og_description":"D\u00e9couvrez l'ensemble des actions propos\u00e9s par le R\u00e9seau Mesure : Achats, commuications, salons, aide aux chef d'entreprises","og_url":"https:\/\/www.reseau-mesure.com\/de\/actions\/","og_site_name":"R\u00e9seau Mesure","article_publisher":"https:\/\/www.facebook.com\/reseaumesure\/","article_modified_time":"2026-03-10T14:48:00+00:00","twitter_card":"summary_large_image","twitter_site":"@ReseauMesure","twitter_misc":{"Gesch\u00e4tzte Lesezeit":"1\u00a0Minute"},"schema":{"@context":"https:\/\/schema.org","@graph":[{"@type":"WebPage","@id":"https:\/\/www.reseau-mesure.com\/actions\/","url":"https:\/\/www.reseau-mesure.com\/actions\/","name":"Actions | le R\u00e9seau Mesure - R\u00e9seau Mesure","isPartOf":{"@id":"https:\/\/www.reseau-mesure.com\/#website"},"datePublished":"2021-03-26T17:18:23+00:00","dateModified":"2026-03-10T14:48:00+00:00","description":"D\u00e9couvrez l'ensemble des actions propos\u00e9s par le R\u00e9seau Mesure : Achats, commuications, salons, aide aux chef d'entreprises","breadcrumb":{"@id":"https:\/\/www.reseau-mesure.com\/actions\/#breadcrumb"},"inLanguage":"de","potentialAction":[{"@type":"ReadAction","target":["https:\/\/www.reseau-mesure.com\/actions\/"]}]},{"@type":"BreadcrumbList","@id":"https:\/\/www.reseau-mesure.com\/actions\/#breadcrumb","itemListElement":[{"@type":"ListItem","position":1,"name":"Accueil","item":"https:\/\/www.reseau-mesure.com\/"},{"@type":"ListItem","position":2,"name":"Actions | le R\u00e9seau Mesure"}]},{"@type":"WebSite","@id":"https:\/\/www.reseau-mesure.com\/#website","url":"https:\/\/www.reseau-mesure.com\/","name":"Netzwerk-Messung","description":"Netzwerkma\u00dfnahme","publisher":{"@id":"https:\/\/www.reseau-mesure.com\/#organization"},"potentialAction":[{"@type":"SearchAction","target":{"@type":"EntryPoint","urlTemplate":"https:\/\/www.reseau-mesure.com\/?s={search_term_string}"},"query-input":{"@type":"PropertyValueSpecification","valueRequired":true,"valueName":"search_term_string"}}],"inLanguage":"de"},{"@type":"Organization","@id":"https:\/\/www.reseau-mesure.com\/#organization","name":"Netzwerk-Messung","url":"https:\/\/www.reseau-mesure.com\/","logo":{"@type":"ImageObject","inLanguage":"de","@id":"https:\/\/www.reseau-mesure.com\/#\/schema\/logo\/image\/","url":"https:\/\/www.reseau-mesure.com\/wp-content\/uploads\/2018\/02\/logo-max.png","contentUrl":"https:\/\/www.reseau-mesure.com\/wp-content\/uploads\/2018\/02\/logo-max.png","width":545,"height":285,"caption":"R\u00e9seau-Mesure"},"image":{"@id":"https:\/\/www.reseau-mesure.com\/#\/schema\/logo\/image\/"},"sameAs":["https:\/\/www.facebook.com\/reseaumesure\/","https:\/\/x.com\/ReseauMesure","https:\/\/www.linkedin.com\/company\/reseau-mesure\/"]}]}},"_links":{"self":[{"href":"https:\/\/www.reseau-mesure.com\/de\/wp-json\/wp\/v2\/pages\/13409","targetHints":{"allow":["GET"]}}],"collection":[{"href":"https:\/\/www.reseau-mesure.com\/de\/wp-json\/wp\/v2\/pages"}],"about":[{"href":"https:\/\/www.reseau-mesure.com\/de\/wp-json\/wp\/v2\/types\/page"}],"author":[{"embeddable":true,"href":"https:\/\/www.reseau-mesure.com\/de\/wp-json\/wp\/v2\/users\/685"}],"replies":[{"embeddable":true,"href":"https:\/\/www.reseau-mesure.com\/de\/wp-json\/wp\/v2\/comments?post=13409"}],"version-history":[{"count":1,"href":"https:\/\/www.reseau-mesure.com\/de\/wp-json\/wp\/v2\/pages\/13409\/revisions"}],"predecessor-version":[{"id":30282,"href":"https:\/\/www.reseau-mesure.com\/de\/wp-json\/wp\/v2\/pages\/13409\/revisions\/30282"}],"wp:attachment":[{"href":"https:\/\/www.reseau-mesure.com\/de\/wp-json\/wp\/v2\/media?parent=13409"}],"curies":[{"name":"wp","href":"https:\/\/api.w.org\/{rel}","templated":true}]}}