{"id":13500,"date":"2021-04-01T15:33:59","date_gmt":"2021-04-01T13:33:59","guid":{"rendered":"https:\/\/www.reseau-mesure.com\/?page_id=13500"},"modified":"2021-04-14T16:07:02","modified_gmt":"2021-04-14T14:07:02","slug":"reseau-mesure-express-15-avril-2021","status":"publish","type":"page","link":"https:\/\/www.reseau-mesure.com\/de\/reseau-mesure-express-15-avril-2021\/","title":{"rendered":"Express Measurement Network-20210415"},"content":{"rendered":"<img loading=\"lazy\" decoding=\"async\" src=\"https:\/\/www.reseau-mesure.com\/wp-content\/uploads\/2020\/07\/20ku.jpeg\" alt=\"R\u00e9seau Mesure Express\" itemprop=\"image\" height=\"300\" width=\"970\" title=\"Express Measurement Network Header\" onerror=\"this.style.display='none'\">\n<h1>\n\t\tR\u00e9seau Mesure Express 15. April 2021\n\t<\/h1>\n<h2>\n\t\t<a href=\"https:\/\/www.reseau-mesure.com\/de\/le-reseau-mesure-2\/\" title=\"15.04.2021\" target=\"_blank\" rel=\"noopener\">\n\t\t15.04.2021\n\t\t<\/a>\n\t<\/h2>\n\t<h3><strong>Ein Netzwerk f\u00fcr seine Mitglieder durch seine Mitglieder<\/strong><\/h3>\n\t<p>R\u00e9seau Mesure Express 15. April 2021: Mitglieder finden Neuigkeiten aus dem Verein im R\u00e9seau Mesure Express.<\/p>\n<h2>\n\t\t<a href=\"https:\/\/www.reseau-mesure.com\/de\/la-formation\/\" title=\"Nehmen Sie die Digitalisierung und steigern Sie Ihre Gesch\u00e4ftsentwicklung\" target=\"_blank\" rel=\"noopener\">\n\t\tNehmen Sie die Digitalisierung und steigern Sie Ihre Gesch\u00e4ftsentwicklung\n\t\t<\/a>\n\t<\/h2>\n\t<h3>Wachstum ist oft mit der Qualit\u00e4t der Ressourcen und der F\u00e4higkeit verbunden, sich an ein sich st\u00e4ndig \u00e4nderndes Umfeld anzupassen.<\/h3>\n\t<h3><\/h3>\n<p>Das Measurement Network, ein anerkanntes Schulungszentrum mit dem Namen DataDock, bietet Mitgliedern die M\u00f6glichkeit, von Schulungen zu Vorzugspreisen zu profitieren<\/p>\n<p>&nbsp;<\/p>\n<ul>\n<li>\n<ul>\n<li><a href=\"https:\/\/www.reseau-mesure.com\/de\/formation-strategie-communication-digitale-en-ligne\/\">Linkedin: kommunizieren - prospektieren - entwickeln - behalten<\/a><\/li>\n<li><a href=\"https:\/\/www.reseau-mesure.com\/de\/formation-strategie-communication-digitale-en-ligne\/\">Die digitale Kommunikationsstrategie: Grundlagen, Schl\u00fcssel zum Erfolg<\/a><\/li>\n<li><a href=\"https:\/\/www.reseau-mesure.com\/de\/ecrire-sur-le-web\/\">Schreiben Sie im Web<\/a><\/li>\n<li><a href=\"https:\/\/www.reseau-mesure.com\/de\/formation-google-adwords\/\">Gesponserte Referenzierung mit Google Ads f\u00fcr Messgesch\u00e4fte. Level 1 &amp; 2<\/a><\/li>\n<li>&#8230;.<\/li>\n<\/ul>\n<\/li>\n<\/ul>\n<p>&nbsp;<\/p>\n<ul>\n<li>Die Gesundheitskrise zwingt uns, digitale L\u00f6sungen zu entwickeln, die die Vertriebseffektivit\u00e4t unserer Teams st\u00e4rken: Let&#039;s be ready!<\/li>\n<\/ul>\n\t\t\t\t<a href=\"https:\/\/www.reseau-mesure.com\/de\/la-formation\/\" target=\"_blank\" rel=\"noopener\" itemprop=\"url\">\n\t\t\t\t<img loading=\"lazy\" decoding=\"async\" src=\"https:\/\/www.reseau-mesure.com\/wp-content\/uploads\/2021\/02\/Wavy_Bus-40_Single-01-3-300x300.jpg\" alt=\"opportunite commerciale mesure de poussiere\" itemprop=\"image\" height=\"300\" width=\"300\" title=\"Gesch\u00e4ftsm\u00f6glichkeit Staubmessung\" onerror=\"this.style.display='none'\">\n\t\t\t\t<\/a>\n\t\t\t<a href=\"mailto:confray@reseau-mesure.com\" target=\"_blank\" role=\"button\" rel=\"noopener\">\n\t\t\t\t\t\t\tIch bin interessiert)\n\t\t\t\t\t<\/a>\n<h2>\n\t\t<a href=\"https:\/\/www.reseau-mesure.com\/de\/numero-special-cem-mai-2021\/\" title=\"Nutzen Sie exklusive Angebote, um in der speziellen CEM-Ausgabe pr\u00e4sent zu sein\" target=\"_blank\" rel=\"noopener\">\n\t\tNutzen Sie exklusive Angebote, um in der Sonderausgabe von CEM pr\u00e4sent zu sein\n\t\t<\/a>\n\t<\/h2>\n\t\t\t\t<a href=\"https:\/\/www.reseau-mesure.com\/de\/numero-special-cem-mai-2021\/\" target=\"_blank\" rel=\"noopener\" itemprop=\"url\">\n\t\t\t\t<img loading=\"lazy\" decoding=\"async\" src=\"https:\/\/www.reseau-mesure.com\/wp-content\/uploads\/2021\/03\/couvmse-1-scaled.jpg\" alt=\"num\u00e9ro sp\u00e9cial MSE\" itemprop=\"image\" height=\"2560\" width=\"1811\" title=\"MSE Sonderausgabe\" onerror=\"this.style.display='none'\">\n\t\t\t\t<\/a>\n\t<h2><strong>Spezielle Nummer&nbsp;<\/strong>Ma\u00dfnahmen L\u00f6sungen<strong> MESSE <\/strong>mit&nbsp;<strong>Kontrollt Tests Ma\u00dfnahmen <\/strong><strong>Mai 2021<\/strong><\/h2>\n<p>Diese Ausgabe besteht aus:<\/p>\n<ul>\n<li><strong>technische Inhalte mit dem &quot;9:30 Uhr RDV&quot; von November 2020 bis April 2021 (kostenlos f\u00fcr Referenten)&nbsp;<\/strong><\/li>\n<li><strong>und ein Marktfokus und Werbefl\u00e4chen f\u00fcr alle Mitglieder<\/strong><\/li>\n<\/ul>\n<p>Die EXPO-Ausgabe von Special Measure Solutions wird zus\u00e4tzlich zur Ausgabe von Controls and Measurements vom Mai 2021 verteilt. Ein zus\u00e4tzliches Angebot ist Mitgliedern des Measurement Network in Form von Paketen vorbehalten:<\/p>\n<h3><strong>1 visuelle Seite + 1 Werbe-Redaktionsseite: \u20ac 1.600 exkl. MwSt.<\/strong><br>\n<strong>1 halbe Seite visuell + 1 halbe Seite redaktionell (auf derselben Seite): \u20ac 1.200 exkl. MwSt.<\/strong><\/h3>\n\n\n<p>Eine digitale Flip-Through- und herunterladbare Version wird im Austausch f\u00fcr Kontaktdaten auch auf der Website von Contr\u00f4le Essais Measures frei zug\u00e4nglich sein.<\/p>\n<p>Die Sonderausgabe der Measurements Solutions EXPO im Mai wird auch auf Messen ausgestrahlt, die sich mit der Messung des Beginns des Schuljahres im September 2021 befassen.<\/p>\n\n\n<h3><strong>Das Sonderheft der Measures Solutions EXPO - PLANNING<\/strong><\/h3>\n\u25cf Sendung mit der Nummer CEM 75: Mai 2021<br>\n\u25cf Redaktionsschluss: 9.\u00a0April\u00a02021<br>\n\u25cf Anzeigenzusagefrist: 16.\u00a0April\u00a02021<br>\n\u25cf Einreichung redaktioneller Elemente: 30. April 2021<br>\n\u25cf \u00dcbermittlung technischer Werbeelemente: 7. Mai 2021\n\t\t\t<a href=\"mailto:eduflot@reseau-mesure.com\" target=\"_blank\" role=\"button\" rel=\"noopener\">\n\t\t\t\t\t\t\tEine Frage ? Kontaktiere uns!\n\t\t\t\t\t<\/a>\n<h2>\n\t\t<a href=\"https:\/\/www.reseau-mesure.com\/de\/communication\/\" title=\"Nutzen Sie die M\u00f6glichkeiten des Medienplans des Messnetzwerks\" target=\"_blank\" rel=\"noopener\">\n\t\tNutzen Sie die M\u00f6glichkeiten des Medienplans des Messnetzwerks\n\t\t<\/a>\n\t<\/h2>\n\t<h2>Mit dem Messnetz profitieren Sie von Vorzugstarifen und privilegierten Kommunikationsm\u00f6glichkeiten<br>\nmit unseren 18 Partnern.<\/h2>\n\n<p>Unsere Partner bieten Ihnen Sonderkonditionen und <strong>freie Kommunikationsm\u00f6glichkeiten<\/strong> !<\/p>\n<p>Sie haben Fragen zum <strong><a href=\"https:\/\/www.reseau-mesure.com\/wp-content\/uploads\/2021\/01\/PLAN-MEDIA-2021-RESEAU-MESURE.pdf\">Medienplan<\/a> <\/strong>?<\/p>\n\n<p>Die n\u00e4chsten Fristen f\u00fcr die Kommunikation Ihrer Innovationen in den Bereichen, die Mitgliedern des Messnetzwerks gewidmet sind (kostenlose Ver\u00f6ffentlichungen):<\/p>\n<ul>\n<li>CEM - 23. April 2021<\/li>\n<li>MASSNAHMEN - Wie kann die Energieeffizienz einer Produktionsst\u00e4tte verbessert werden? 3D-Laserscanner, ein unendliches Anwendungsfeld - April 2021<\/li>\n<li>Axes Industries - 25. Mai 2021<\/li>\n<li>Le Monde de l&#039;Industrie - April- und Mai-Ausgaben - Sonderausgaben rund um die Welt der Messung, Sensorik und Vision<\/li>\n<li>PEI - Sensoren und Transmitter - Ausr\u00fcstung f\u00fcr die Lebensmittelverarbeitung 1. Juni 2021<\/li>\n<li>&#8230;.<\/li>\n<\/ul>\n\t\t\t<a href=\"https:\/\/www.reseau-mesure.com\/wp-content\/uploads\/2021\/01\/PLAN-MEDIA-2021-RESEAU-MESURE.pdf\" target=\"_blank\" role=\"button\" rel=\"noopener\">\n\t\t\t\t\t\t\tIch habe den Medienplan 2021 gelesen\n\t\t\t\t\t<\/a>\n\t\t\t\t<a href=\"https:\/\/www.reseau-mesure.com\/de\/communication\/\" target=\"_blank\" rel=\"noopener\" itemprop=\"url\">\n\t\t\t\t<img loading=\"lazy\" decoding=\"async\" src=\"https:\/\/www.reseau-mesure.com\/wp-content\/uploads\/2018\/01\/IMAGE-PARTENAIRES-PLAN-MEDIA.png\" alt=\"PARTENAIRES PLAN MEDIA\" itemprop=\"image\" height=\"745\" width=\"1034\" title=\"MEDIENPLAN-PARTNER\" onerror=\"this.style.display='none'\">\n\t\t\t\t<\/a>\n\t\t\t<a href=\"https:\/\/www.reseau-mesure.com\/de\/evenements\/\" target=\"_self\" role=\"button\" rel=\"noopener\">\n\t\t\t\t\t\t\tDie komplette Agenda des Messnetzes\n\t\t\t\t\t<\/a>\n\t\t\t\t<img loading=\"lazy\" decoding=\"async\" src=\"https:\/\/www.reseau-mesure.com\/wp-content\/uploads\/2020\/08\/Plan-de-travail-3niveau.png\" alt=\"R\u00e9seau Mesure Express Actualites\" itemprop=\"image\" height=\"3665\" width=\"5520\" title=\"Express Measurement Network News\" onerror=\"this.style.display='none'\">\n\t\n\t<h3><\/h3>\n\n\n\u2713 Entwickeln Sie ein Zugeh\u00f6rigkeitsgef\u00fchl rund um eine gemeinsame Herausforderung f\u00fcr Ihre Mitarbeiter und Ihre<br>\nPartner<br>\n\u2713 Teilen Sie eine Vision, motivieren Sie Teams<br>\n\u2713 Bewerben Sie Ihre Marke<br>\n\u2713 Pflegen Sie Ihre Beziehungen zu Ihren Kunden\n<blockquote><p>&gt;&gt;<a href=\"https:\/\/www.reseau-mesure.com\/wp-content\/uploads\/2021\/04\/partenariat-transat-JV-3.pdf\">Partnerschaftsdatei<\/a>&lt;&lt;&lt;<\/p><\/blockquote>\nDer Jacques Vabre Transatlantik hat die besten Paare des Ozeanrennens seit 1993 zusammengebracht.<br>\nAbfahrt von Le Havre am 7. November 2021 nach Martinique. F\u00f6rdern Sie die Werte des Hochseerennens in Ihrem Unternehmen oder in Ihrer Gruppe:<br>\n\u2713 F\u00f6rderung von Hartn\u00e4ckigkeit und Belastbarkeit<br>\n\u2713 Mut machen<br>\n\u2713 Leistung f\u00f6rdern, sich selbst \u00fcbertreffen<br>\n\u2713 Teamgeist st\u00e4rken<br>\n\u2713 Bedeutung geben, f\u00fcr ein gemeinsames Projekt mobilisieren<br>\n\u2713 Heben Sie eine technologische Herausforderung, Innovation und Abenteuer hervor\n\t<h2>R\u00e9seau Mesure Express: Neuigkeiten zum Aktionsplan des Vereins<\/h2>","protected":false},"excerpt":{"rendered":"<p>R\u00e9seau Mesure Express 15. April 2021 15.04.2021 Ein Netzwerk f\u00fcr seine Mitglieder \u00fcber seine Mitglieder R\u00e9seau Mesure Express 15. April 2021: Mitglieder finden die neuesten Nachrichten des Vereins in R\u00e9seau Mesure Express. Nehmen Sie die Digitalisierung und verst\u00e4rken Sie Ihre kommerzielle Entwicklung. Wachstum h\u00e4ngt oft von der Qualit\u00e4t der Ressourcen ab und\u2026<\/p>","protected":false},"author":685,"featured_media":0,"parent":0,"menu_order":0,"comment_status":"closed","ping_status":"closed","template":"","meta":{"_acf_changed":false,"footnotes":""},"class_list":["post-13500","page","type-page","status-publish","hentry"],"acf":[],"yoast_head":"<!-- This site is optimized with the Yoast SEO plugin v27.5 - https:\/\/yoast.com\/product\/yoast-seo-wordpress\/ -->\n<title>R\u00e9seau Mesure Express 15 avril 2021 - R\u00e9seau Mesure<\/title>\n<meta name=\"description\" content=\"R\u00e9seau Mesure Express 15 avril 2021 Prenez le tournant de la digitalisation et amplifiez votre d\u00e9veloppement commercial\" \/>\n<meta name=\"robots\" content=\"index, follow, max-snippet:-1, max-image-preview:large, max-video-preview:-1\" \/>\n<link rel=\"canonical\" href=\"https:\/\/www.reseau-mesure.com\/de\/reseau-mesure-express-15-avril-2021\/\" \/>\n<meta property=\"og:locale\" content=\"de_DE\" \/>\n<meta property=\"og:type\" content=\"article\" \/>\n<meta property=\"og:title\" content=\"R\u00e9seau Mesure Express 15 avril 2021 - R\u00e9seau Mesure\" \/>\n<meta property=\"og:description\" content=\"R\u00e9seau Mesure Express 15 avril 2021 Prenez le tournant de la digitalisation et amplifiez votre d\u00e9veloppement commercial\" \/>\n<meta property=\"og:url\" content=\"https:\/\/www.reseau-mesure.com\/de\/reseau-mesure-express-15-avril-2021\/\" \/>\n<meta property=\"og:site_name\" content=\"R\u00e9seau Mesure\" \/>\n<meta property=\"article:publisher\" content=\"https:\/\/www.facebook.com\/reseaumesure\/\" \/>\n<meta property=\"article:modified_time\" content=\"2021-04-14T14:07:02+00:00\" \/>\n<meta property=\"og:image\" content=\"https:\/\/www.reseau-mesure.com\/wp-content\/uploads\/2020\/07\/20ku.jpeg\" \/>\n<meta name=\"twitter:card\" content=\"summary_large_image\" \/>\n<meta name=\"twitter:site\" content=\"@ReseauMesure\" \/>\n<meta name=\"twitter:label1\" content=\"Gesch\u00e4tzte Lesezeit\" \/>\n\t<meta name=\"twitter:data1\" content=\"4\u00a0Minuten\" \/>\n<script type=\"application\/ld+json\" class=\"yoast-schema-graph\">{\"@context\":\"https:\\\/\\\/schema.org\",\"@graph\":[{\"@type\":\"WebPage\",\"@id\":\"https:\\\/\\\/www.reseau-mesure.com\\\/de\\\/reseau-mesure-express-15-avril-2021\\\/\",\"url\":\"https:\\\/\\\/www.reseau-mesure.com\\\/de\\\/reseau-mesure-express-15-avril-2021\\\/\",\"name\":\"R\u00e9seau Mesure Express 15 avril 2021 - R\u00e9seau Mesure\",\"isPartOf\":{\"@id\":\"https:\\\/\\\/www.reseau-mesure.com\\\/#website\"},\"primaryImageOfPage\":{\"@id\":\"https:\\\/\\\/www.reseau-mesure.com\\\/de\\\/reseau-mesure-express-15-avril-2021\\\/#primaryimage\"},\"image\":{\"@id\":\"https:\\\/\\\/www.reseau-mesure.com\\\/de\\\/reseau-mesure-express-15-avril-2021\\\/#primaryimage\"},\"thumbnailUrl\":\"https:\\\/\\\/www.reseau-mesure.com\\\/wp-content\\\/uploads\\\/2020\\\/07\\\/20ku.jpeg\",\"datePublished\":\"2021-04-01T13:33:59+00:00\",\"dateModified\":\"2021-04-14T14:07:02+00:00\",\"description\":\"R\u00e9seau Mesure Express 15 avril 2021 Prenez le tournant de la digitalisation et amplifiez votre d\u00e9veloppement commercial\",\"breadcrumb\":{\"@id\":\"https:\\\/\\\/www.reseau-mesure.com\\\/de\\\/reseau-mesure-express-15-avril-2021\\\/#breadcrumb\"},\"inLanguage\":\"de\",\"potentialAction\":[{\"@type\":\"ReadAction\",\"target\":[\"https:\\\/\\\/www.reseau-mesure.com\\\/de\\\/reseau-mesure-express-15-avril-2021\\\/\"]}]},{\"@type\":\"ImageObject\",\"inLanguage\":\"de\",\"@id\":\"https:\\\/\\\/www.reseau-mesure.com\\\/de\\\/reseau-mesure-express-15-avril-2021\\\/#primaryimage\",\"url\":\"https:\\\/\\\/www.reseau-mesure.com\\\/wp-content\\\/uploads\\\/2020\\\/07\\\/20ku.jpeg\",\"contentUrl\":\"https:\\\/\\\/www.reseau-mesure.com\\\/wp-content\\\/uploads\\\/2020\\\/07\\\/20ku.jpeg\"},{\"@type\":\"BreadcrumbList\",\"@id\":\"https:\\\/\\\/www.reseau-mesure.com\\\/de\\\/reseau-mesure-express-15-avril-2021\\\/#breadcrumb\",\"itemListElement\":[{\"@type\":\"ListItem\",\"position\":1,\"name\":\"Accueil\",\"item\":\"https:\\\/\\\/www.reseau-mesure.com\\\/\"},{\"@type\":\"ListItem\",\"position\":2,\"name\":\"R\u00e9seau Mesure Express-20210415\"}]},{\"@type\":\"WebSite\",\"@id\":\"https:\\\/\\\/www.reseau-mesure.com\\\/#website\",\"url\":\"https:\\\/\\\/www.reseau-mesure.com\\\/\",\"name\":\"R\u00e9seau-Mesure\",\"description\":\"R\u00e9seau Mesure\",\"publisher\":{\"@id\":\"https:\\\/\\\/www.reseau-mesure.com\\\/#organization\"},\"potentialAction\":[{\"@type\":\"SearchAction\",\"target\":{\"@type\":\"EntryPoint\",\"urlTemplate\":\"https:\\\/\\\/www.reseau-mesure.com\\\/?s={search_term_string}\"},\"query-input\":{\"@type\":\"PropertyValueSpecification\",\"valueRequired\":true,\"valueName\":\"search_term_string\"}}],\"inLanguage\":\"de\"},{\"@type\":\"Organization\",\"@id\":\"https:\\\/\\\/www.reseau-mesure.com\\\/#organization\",\"name\":\"R\u00e9seau-Mesure\",\"url\":\"https:\\\/\\\/www.reseau-mesure.com\\\/\",\"logo\":{\"@type\":\"ImageObject\",\"inLanguage\":\"de\",\"@id\":\"https:\\\/\\\/www.reseau-mesure.com\\\/#\\\/schema\\\/logo\\\/image\\\/\",\"url\":\"https:\\\/\\\/www.reseau-mesure.com\\\/wp-content\\\/uploads\\\/2018\\\/02\\\/logo-max.png\",\"contentUrl\":\"https:\\\/\\\/www.reseau-mesure.com\\\/wp-content\\\/uploads\\\/2018\\\/02\\\/logo-max.png\",\"width\":545,\"height\":285,\"caption\":\"R\u00e9seau-Mesure\"},\"image\":{\"@id\":\"https:\\\/\\\/www.reseau-mesure.com\\\/#\\\/schema\\\/logo\\\/image\\\/\"},\"sameAs\":[\"https:\\\/\\\/www.facebook.com\\\/reseaumesure\\\/\",\"https:\\\/\\\/x.com\\\/ReseauMesure\",\"https:\\\/\\\/www.linkedin.com\\\/company\\\/reseau-mesure\\\/\"]}]}<\/script>\n<!-- \/ Yoast SEO plugin. -->","yoast_head_json":{"title":"R\u00e9seau Mesure Express 15 avril 2021 - R\u00e9seau Mesure","description":"R\u00e9seau Mesure Express 15 avril 2021 Prenez le tournant de la digitalisation et amplifiez votre d\u00e9veloppement commercial","robots":{"index":"index","follow":"follow","max-snippet":"max-snippet:-1","max-image-preview":"max-image-preview:large","max-video-preview":"max-video-preview:-1"},"canonical":"https:\/\/www.reseau-mesure.com\/de\/reseau-mesure-express-15-avril-2021\/","og_locale":"de_DE","og_type":"article","og_title":"R\u00e9seau Mesure Express 15 avril 2021 - R\u00e9seau Mesure","og_description":"R\u00e9seau Mesure Express 15 avril 2021 Prenez le tournant de la digitalisation et amplifiez votre d\u00e9veloppement commercial","og_url":"https:\/\/www.reseau-mesure.com\/de\/reseau-mesure-express-15-avril-2021\/","og_site_name":"R\u00e9seau Mesure","article_publisher":"https:\/\/www.facebook.com\/reseaumesure\/","article_modified_time":"2021-04-14T14:07:02+00:00","og_image":[{"url":"https:\/\/www.reseau-mesure.com\/wp-content\/uploads\/2020\/07\/20ku.jpeg","type":"","width":"","height":""}],"twitter_card":"summary_large_image","twitter_site":"@ReseauMesure","twitter_misc":{"Gesch\u00e4tzte Lesezeit":"4\u00a0Minuten"},"schema":{"@context":"https:\/\/schema.org","@graph":[{"@type":"WebPage","@id":"https:\/\/www.reseau-mesure.com\/de\/reseau-mesure-express-15-avril-2021\/","url":"https:\/\/www.reseau-mesure.com\/de\/reseau-mesure-express-15-avril-2021\/","name":"R\u00e9seau Mesure Express 15 avril 2021 - R\u00e9seau Mesure","isPartOf":{"@id":"https:\/\/www.reseau-mesure.com\/#website"},"primaryImageOfPage":{"@id":"https:\/\/www.reseau-mesure.com\/de\/reseau-mesure-express-15-avril-2021\/#primaryimage"},"image":{"@id":"https:\/\/www.reseau-mesure.com\/de\/reseau-mesure-express-15-avril-2021\/#primaryimage"},"thumbnailUrl":"https:\/\/www.reseau-mesure.com\/wp-content\/uploads\/2020\/07\/20ku.jpeg","datePublished":"2021-04-01T13:33:59+00:00","dateModified":"2021-04-14T14:07:02+00:00","description":"R\u00e9seau Mesure Express 15 avril 2021 Prenez le tournant de la digitalisation et amplifiez votre d\u00e9veloppement commercial","breadcrumb":{"@id":"https:\/\/www.reseau-mesure.com\/de\/reseau-mesure-express-15-avril-2021\/#breadcrumb"},"inLanguage":"de","potentialAction":[{"@type":"ReadAction","target":["https:\/\/www.reseau-mesure.com\/de\/reseau-mesure-express-15-avril-2021\/"]}]},{"@type":"ImageObject","inLanguage":"de","@id":"https:\/\/www.reseau-mesure.com\/de\/reseau-mesure-express-15-avril-2021\/#primaryimage","url":"https:\/\/www.reseau-mesure.com\/wp-content\/uploads\/2020\/07\/20ku.jpeg","contentUrl":"https:\/\/www.reseau-mesure.com\/wp-content\/uploads\/2020\/07\/20ku.jpeg"},{"@type":"BreadcrumbList","@id":"https:\/\/www.reseau-mesure.com\/de\/reseau-mesure-express-15-avril-2021\/#breadcrumb","itemListElement":[{"@type":"ListItem","position":1,"name":"Accueil","item":"https:\/\/www.reseau-mesure.com\/"},{"@type":"ListItem","position":2,"name":"R\u00e9seau Mesure Express-20210415"}]},{"@type":"WebSite","@id":"https:\/\/www.reseau-mesure.com\/#website","url":"https:\/\/www.reseau-mesure.com\/","name":"Netzwerk-Messung","description":"Netzwerkma\u00dfnahme","publisher":{"@id":"https:\/\/www.reseau-mesure.com\/#organization"},"potentialAction":[{"@type":"SearchAction","target":{"@type":"EntryPoint","urlTemplate":"https:\/\/www.reseau-mesure.com\/?s={search_term_string}"},"query-input":{"@type":"PropertyValueSpecification","valueRequired":true,"valueName":"search_term_string"}}],"inLanguage":"de"},{"@type":"Organization","@id":"https:\/\/www.reseau-mesure.com\/#organization","name":"Netzwerk-Messung","url":"https:\/\/www.reseau-mesure.com\/","logo":{"@type":"ImageObject","inLanguage":"de","@id":"https:\/\/www.reseau-mesure.com\/#\/schema\/logo\/image\/","url":"https:\/\/www.reseau-mesure.com\/wp-content\/uploads\/2018\/02\/logo-max.png","contentUrl":"https:\/\/www.reseau-mesure.com\/wp-content\/uploads\/2018\/02\/logo-max.png","width":545,"height":285,"caption":"R\u00e9seau-Mesure"},"image":{"@id":"https:\/\/www.reseau-mesure.com\/#\/schema\/logo\/image\/"},"sameAs":["https:\/\/www.facebook.com\/reseaumesure\/","https:\/\/x.com\/ReseauMesure","https:\/\/www.linkedin.com\/company\/reseau-mesure\/"]}]}},"_links":{"self":[{"href":"https:\/\/www.reseau-mesure.com\/de\/wp-json\/wp\/v2\/pages\/13500","targetHints":{"allow":["GET"]}}],"collection":[{"href":"https:\/\/www.reseau-mesure.com\/de\/wp-json\/wp\/v2\/pages"}],"about":[{"href":"https:\/\/www.reseau-mesure.com\/de\/wp-json\/wp\/v2\/types\/page"}],"author":[{"embeddable":true,"href":"https:\/\/www.reseau-mesure.com\/de\/wp-json\/wp\/v2\/users\/685"}],"replies":[{"embeddable":true,"href":"https:\/\/www.reseau-mesure.com\/de\/wp-json\/wp\/v2\/comments?post=13500"}],"version-history":[{"count":0,"href":"https:\/\/www.reseau-mesure.com\/de\/wp-json\/wp\/v2\/pages\/13500\/revisions"}],"wp:attachment":[{"href":"https:\/\/www.reseau-mesure.com\/de\/wp-json\/wp\/v2\/media?parent=13500"}],"curies":[{"name":"wp","href":"https:\/\/api.w.org\/{rel}","templated":true}]}}