{"id":13544,"date":"2021-04-08T16:25:42","date_gmt":"2021-04-08T14:25:42","guid":{"rendered":"https:\/\/www.reseau-mesure.com\/?page_id=13544"},"modified":"2021-05-04T16:17:59","modified_gmt":"2021-05-04T14:17:59","slug":"formation-cartographie-denceinte-visulog","status":"publish","type":"page","link":"https:\/\/www.reseau-mesure.com\/de\/formation-cartographie-denceinte-visulog\/","title":{"rendered":"Geh\u00e4usezuordnung mit FD5 und Visulog"},"content":{"rendered":"<img loading=\"lazy\" decoding=\"async\" src=\"https:\/\/www.reseau-mesure.com\/wp-content\/uploads\/2018\/02\/AOIP-2016-300x103.jpg\" alt=\"aoip\" itemprop=\"image\" height=\"103\" width=\"300\" title=\"aoip\" onerror=\"this.style.display='none'\"  \/>\n\t\t\t\t<img loading=\"lazy\" decoding=\"async\" src=\"https:\/\/www.reseau-mesure.com\/wp-content\/uploads\/2021\/04\/VISULOG_Visualisation-panel_2-150x150-1.jpg\" alt=\"formation visulog aopi\" itemprop=\"image\" height=\"150\" width=\"150\" title=\"VISULOG_Visualization-panel_2-150x150\" onerror=\"this.style.display='none'\"  \/>\n\t<p>&nbsp;<\/p>\n\n\t<table width=\"100%\">\n<tbody>\n<tr>\n<td>\n<ul>\n<li>\n<ul>\n<li>\n<ul>\n<li>\n<ul>\n<li>Programmieren Sie eine Steuereinheit entsprechend dem Sensortyp<\/li>\n<li>Verwenden Sie die Module und passen Sie die Programme an, indem Sie Visulog programmieren<\/li>\n<li>Geben Sie Sondenunsicherheiten und Geh\u00e4usespezifikationen ein<\/li>\n<li>Verwenden Sie die 9-Wege- und 15-Wege-Mapping-Module<\/li>\n<li>Verwenden Sie die Module in Temperatur und Luftfeuchtigkeit<\/li>\n<li>W\u00e4hlen Sie einen Messbereich und verwenden Sie die Ergebnisse<\/li>\n<li>Bearbeiten Sie einen Kalibrierungsbericht<\/li>\n<li>Einen Mapping-Kalibrierungsbericht verstehen und erkl\u00e4ren<\/li>\n<\/ul>\n<\/li>\n<\/ul>\n<\/li>\n<\/ul>\n<\/li>\n<\/ul>\n<p>Die Schulung wird von AOIP durchgef\u00fchrt, einem Spezialisten f\u00fcr Motorinstrumentierungs- und -steuerungsl\u00f6sungen mit weltbekannter Leistung.<\/p>\n\n<p><strong>Anzahl der Auszubildenden pro Sitzung:<\/strong> Schulung exklusiv f\u00fcr ein Unternehmen.<\/p>\n\n<strong>Das Programm kann an die Bed\u00fcrfnisse des Auszubildenden angepasst werden.<\/strong><\/td>\n<\/tr>\n<tr>\n<td><\/td>\n<\/tr>\n<\/tbody>\n<\/table>\n\t\t\t<a href=\"https:\/\/www.reseau-mesure.com\/wp-content\/uploads\/2021\/04\/2021-Cartographie-denceinte-presentation.pdf\" target=\"_blank\" role=\"button\" rel=\"noopener\">\n\t\t\t\t\t\t\tPr\u00e4sentation\n\t\t\t\t\t<\/a>\n\t\t\t<a href=\"https:\/\/www.reseau-mesure.com\/wp-content\/uploads\/2021\/05\/2021-03-F4-Cartographie-denceinte-programme.pdf\" target=\"_blank\" role=\"button\" rel=\"noopener\">\n\t\t\t\t\t\t\tProgrammtyp\n\t\t\t\t\t<\/a>\n\t\t\t<a href=\"mailto:confray@reseau-mesure.com\" target=\"_blank\" role=\"button\" rel=\"noopener\">\n\t\t\t\t\t\t\tAbonnementanfrage\n\t\t\t\t\t<\/a>","protected":false},"excerpt":{"rendered":"<p>&nbsp; Programmieren Sie eine Steuereinheit entsprechend dem Sensortyp. Verwenden Sie die Module und passen Sie die Programme an, indem Sie Visulog programmieren. Geben Sie die Unsicherheiten der Sonden und die Spezifikationen der Geh\u00e4use ein. Verwenden Sie die 9-Kanal- und 15-Kanal-Mapping-Module Messbereich\u2026<\/p>","protected":false},"author":349,"featured_media":0,"parent":0,"menu_order":0,"comment_status":"closed","ping_status":"closed","template":"","meta":{"_acf_changed":false,"footnotes":""},"class_list":["post-13544","page","type-page","status-publish","hentry"],"acf":[],"yoast_head":"<!-- This site is optimized with the Yoast SEO plugin v27.5 - https:\/\/yoast.com\/product\/yoast-seo-wordpress\/ -->\n<title>Formation - La cartographie d&#039;enceinte avec FD5 et Visulog - R\u00e9seau Mesure<\/title>\n<meta name=\"description\" content=\"Formation cartographie pour les clients d&#039;AOIP. - Prise en main et logique d\u2019utilisation d\u2019une FD5 -Etude du fonctionnement du module\" \/>\n<meta name=\"robots\" content=\"index, follow, max-snippet:-1, max-image-preview:large, max-video-preview:-1\" \/>\n<link rel=\"canonical\" href=\"https:\/\/www.reseau-mesure.com\/de\/formation-cartographie-denceinte-visulog\/\" \/>\n<meta property=\"og:locale\" content=\"de_DE\" \/>\n<meta property=\"og:type\" content=\"article\" \/>\n<meta property=\"og:title\" content=\"Formation - La cartographie d&#039;enceinte avec FD5 et Visulog - R\u00e9seau Mesure\" \/>\n<meta property=\"og:description\" content=\"Formation cartographie pour les clients d&#039;AOIP. - Prise en main et logique d\u2019utilisation d\u2019une FD5 -Etude du fonctionnement du module\" \/>\n<meta property=\"og:url\" content=\"https:\/\/www.reseau-mesure.com\/de\/formation-cartographie-denceinte-visulog\/\" \/>\n<meta property=\"og:site_name\" content=\"R\u00e9seau Mesure\" \/>\n<meta property=\"article:publisher\" content=\"https:\/\/www.facebook.com\/reseaumesure\/\" \/>\n<meta property=\"article:modified_time\" content=\"2021-05-04T14:17:59+00:00\" \/>\n<meta property=\"og:image\" content=\"https:\/\/www.reseau-mesure.com\/wp-content\/uploads\/2018\/02\/AOIP-2016-300x103.jpg\" \/>\n<meta name=\"twitter:card\" content=\"summary_large_image\" \/>\n<meta name=\"twitter:site\" content=\"@ReseauMesure\" \/>\n<meta name=\"twitter:label1\" content=\"Gesch\u00e4tzte Lesezeit\" \/>\n\t<meta name=\"twitter:data1\" content=\"2\u00a0Minuten\" \/>\n<script type=\"application\/ld+json\" class=\"yoast-schema-graph\">{\"@context\":\"https:\\\/\\\/schema.org\",\"@graph\":[{\"@type\":\"WebPage\",\"@id\":\"https:\\\/\\\/www.reseau-mesure.com\\\/formation-cartographie-denceinte-visulog\\\/\",\"url\":\"https:\\\/\\\/www.reseau-mesure.com\\\/formation-cartographie-denceinte-visulog\\\/\",\"name\":\"Formation - La cartographie d'enceinte avec FD5 et Visulog - R\u00e9seau Mesure\",\"isPartOf\":{\"@id\":\"https:\\\/\\\/www.reseau-mesure.com\\\/#website\"},\"primaryImageOfPage\":{\"@id\":\"https:\\\/\\\/www.reseau-mesure.com\\\/formation-cartographie-denceinte-visulog\\\/#primaryimage\"},\"image\":{\"@id\":\"https:\\\/\\\/www.reseau-mesure.com\\\/formation-cartographie-denceinte-visulog\\\/#primaryimage\"},\"thumbnailUrl\":\"https:\\\/\\\/www.reseau-mesure.com\\\/wp-content\\\/uploads\\\/2018\\\/02\\\/AOIP-2016-300x103.jpg\",\"datePublished\":\"2021-04-08T14:25:42+00:00\",\"dateModified\":\"2021-05-04T14:17:59+00:00\",\"description\":\"Formation cartographie pour les clients d'AOIP. - Prise en main et logique d\u2019utilisation d\u2019une FD5 -Etude du fonctionnement du module\",\"breadcrumb\":{\"@id\":\"https:\\\/\\\/www.reseau-mesure.com\\\/formation-cartographie-denceinte-visulog\\\/#breadcrumb\"},\"inLanguage\":\"de\",\"potentialAction\":[{\"@type\":\"ReadAction\",\"target\":[\"https:\\\/\\\/www.reseau-mesure.com\\\/formation-cartographie-denceinte-visulog\\\/\"]}]},{\"@type\":\"ImageObject\",\"inLanguage\":\"de\",\"@id\":\"https:\\\/\\\/www.reseau-mesure.com\\\/formation-cartographie-denceinte-visulog\\\/#primaryimage\",\"url\":\"https:\\\/\\\/www.reseau-mesure.com\\\/wp-content\\\/uploads\\\/2018\\\/02\\\/AOIP-2016-300x103.jpg\",\"contentUrl\":\"https:\\\/\\\/www.reseau-mesure.com\\\/wp-content\\\/uploads\\\/2018\\\/02\\\/AOIP-2016-300x103.jpg\"},{\"@type\":\"BreadcrumbList\",\"@id\":\"https:\\\/\\\/www.reseau-mesure.com\\\/formation-cartographie-denceinte-visulog\\\/#breadcrumb\",\"itemListElement\":[{\"@type\":\"ListItem\",\"position\":1,\"name\":\"Accueil\",\"item\":\"https:\\\/\\\/www.reseau-mesure.com\\\/\"},{\"@type\":\"ListItem\",\"position\":2,\"name\":\"La cartographie d&rsquo;enceinte avec FD5 et Visulog\"}]},{\"@type\":\"WebSite\",\"@id\":\"https:\\\/\\\/www.reseau-mesure.com\\\/#website\",\"url\":\"https:\\\/\\\/www.reseau-mesure.com\\\/\",\"name\":\"R\u00e9seau-Mesure\",\"description\":\"R\u00e9seau Mesure\",\"publisher\":{\"@id\":\"https:\\\/\\\/www.reseau-mesure.com\\\/#organization\"},\"potentialAction\":[{\"@type\":\"SearchAction\",\"target\":{\"@type\":\"EntryPoint\",\"urlTemplate\":\"https:\\\/\\\/www.reseau-mesure.com\\\/?s={search_term_string}\"},\"query-input\":{\"@type\":\"PropertyValueSpecification\",\"valueRequired\":true,\"valueName\":\"search_term_string\"}}],\"inLanguage\":\"de\"},{\"@type\":\"Organization\",\"@id\":\"https:\\\/\\\/www.reseau-mesure.com\\\/#organization\",\"name\":\"R\u00e9seau-Mesure\",\"url\":\"https:\\\/\\\/www.reseau-mesure.com\\\/\",\"logo\":{\"@type\":\"ImageObject\",\"inLanguage\":\"de\",\"@id\":\"https:\\\/\\\/www.reseau-mesure.com\\\/#\\\/schema\\\/logo\\\/image\\\/\",\"url\":\"https:\\\/\\\/www.reseau-mesure.com\\\/wp-content\\\/uploads\\\/2018\\\/02\\\/logo-max.png\",\"contentUrl\":\"https:\\\/\\\/www.reseau-mesure.com\\\/wp-content\\\/uploads\\\/2018\\\/02\\\/logo-max.png\",\"width\":545,\"height\":285,\"caption\":\"R\u00e9seau-Mesure\"},\"image\":{\"@id\":\"https:\\\/\\\/www.reseau-mesure.com\\\/#\\\/schema\\\/logo\\\/image\\\/\"},\"sameAs\":[\"https:\\\/\\\/www.facebook.com\\\/reseaumesure\\\/\",\"https:\\\/\\\/x.com\\\/ReseauMesure\",\"https:\\\/\\\/www.linkedin.com\\\/company\\\/reseau-mesure\\\/\"]}]}<\/script>\n<!-- \/ Yoast SEO plugin. -->","yoast_head_json":{"title":"Formation - La cartographie d'enceinte avec FD5 et Visulog - R\u00e9seau Mesure","description":"Formation cartographie pour les clients d'AOIP. - Prise en main et logique d\u2019utilisation d\u2019une FD5 -Etude du fonctionnement du module","robots":{"index":"index","follow":"follow","max-snippet":"max-snippet:-1","max-image-preview":"max-image-preview:large","max-video-preview":"max-video-preview:-1"},"canonical":"https:\/\/www.reseau-mesure.com\/de\/formation-cartographie-denceinte-visulog\/","og_locale":"de_DE","og_type":"article","og_title":"Formation - La cartographie d'enceinte avec FD5 et Visulog - R\u00e9seau Mesure","og_description":"Formation cartographie pour les clients d'AOIP. - Prise en main et logique d\u2019utilisation d\u2019une FD5 -Etude du fonctionnement du module","og_url":"https:\/\/www.reseau-mesure.com\/de\/formation-cartographie-denceinte-visulog\/","og_site_name":"R\u00e9seau Mesure","article_publisher":"https:\/\/www.facebook.com\/reseaumesure\/","article_modified_time":"2021-05-04T14:17:59+00:00","og_image":[{"url":"https:\/\/www.reseau-mesure.com\/wp-content\/uploads\/2018\/02\/AOIP-2016-300x103.jpg","type":"","width":"","height":""}],"twitter_card":"summary_large_image","twitter_site":"@ReseauMesure","twitter_misc":{"Gesch\u00e4tzte Lesezeit":"2\u00a0Minuten"},"schema":{"@context":"https:\/\/schema.org","@graph":[{"@type":"WebPage","@id":"https:\/\/www.reseau-mesure.com\/formation-cartographie-denceinte-visulog\/","url":"https:\/\/www.reseau-mesure.com\/formation-cartographie-denceinte-visulog\/","name":"Formation - La cartographie d'enceinte avec FD5 et Visulog - R\u00e9seau Mesure","isPartOf":{"@id":"https:\/\/www.reseau-mesure.com\/#website"},"primaryImageOfPage":{"@id":"https:\/\/www.reseau-mesure.com\/formation-cartographie-denceinte-visulog\/#primaryimage"},"image":{"@id":"https:\/\/www.reseau-mesure.com\/formation-cartographie-denceinte-visulog\/#primaryimage"},"thumbnailUrl":"https:\/\/www.reseau-mesure.com\/wp-content\/uploads\/2018\/02\/AOIP-2016-300x103.jpg","datePublished":"2021-04-08T14:25:42+00:00","dateModified":"2021-05-04T14:17:59+00:00","description":"Formation cartographie pour les clients d'AOIP. - Prise en main et logique d\u2019utilisation d\u2019une FD5 -Etude du fonctionnement du module","breadcrumb":{"@id":"https:\/\/www.reseau-mesure.com\/formation-cartographie-denceinte-visulog\/#breadcrumb"},"inLanguage":"de","potentialAction":[{"@type":"ReadAction","target":["https:\/\/www.reseau-mesure.com\/formation-cartographie-denceinte-visulog\/"]}]},{"@type":"ImageObject","inLanguage":"de","@id":"https:\/\/www.reseau-mesure.com\/formation-cartographie-denceinte-visulog\/#primaryimage","url":"https:\/\/www.reseau-mesure.com\/wp-content\/uploads\/2018\/02\/AOIP-2016-300x103.jpg","contentUrl":"https:\/\/www.reseau-mesure.com\/wp-content\/uploads\/2018\/02\/AOIP-2016-300x103.jpg"},{"@type":"BreadcrumbList","@id":"https:\/\/www.reseau-mesure.com\/formation-cartographie-denceinte-visulog\/#breadcrumb","itemListElement":[{"@type":"ListItem","position":1,"name":"Accueil","item":"https:\/\/www.reseau-mesure.com\/"},{"@type":"ListItem","position":2,"name":"La cartographie d&rsquo;enceinte avec FD5 et Visulog"}]},{"@type":"WebSite","@id":"https:\/\/www.reseau-mesure.com\/#website","url":"https:\/\/www.reseau-mesure.com\/","name":"Netzwerk-Messung","description":"Netzwerkma\u00dfnahme","publisher":{"@id":"https:\/\/www.reseau-mesure.com\/#organization"},"potentialAction":[{"@type":"SearchAction","target":{"@type":"EntryPoint","urlTemplate":"https:\/\/www.reseau-mesure.com\/?s={search_term_string}"},"query-input":{"@type":"PropertyValueSpecification","valueRequired":true,"valueName":"search_term_string"}}],"inLanguage":"de"},{"@type":"Organization","@id":"https:\/\/www.reseau-mesure.com\/#organization","name":"Netzwerk-Messung","url":"https:\/\/www.reseau-mesure.com\/","logo":{"@type":"ImageObject","inLanguage":"de","@id":"https:\/\/www.reseau-mesure.com\/#\/schema\/logo\/image\/","url":"https:\/\/www.reseau-mesure.com\/wp-content\/uploads\/2018\/02\/logo-max.png","contentUrl":"https:\/\/www.reseau-mesure.com\/wp-content\/uploads\/2018\/02\/logo-max.png","width":545,"height":285,"caption":"R\u00e9seau-Mesure"},"image":{"@id":"https:\/\/www.reseau-mesure.com\/#\/schema\/logo\/image\/"},"sameAs":["https:\/\/www.facebook.com\/reseaumesure\/","https:\/\/x.com\/ReseauMesure","https:\/\/www.linkedin.com\/company\/reseau-mesure\/"]}]}},"_links":{"self":[{"href":"https:\/\/www.reseau-mesure.com\/de\/wp-json\/wp\/v2\/pages\/13544","targetHints":{"allow":["GET"]}}],"collection":[{"href":"https:\/\/www.reseau-mesure.com\/de\/wp-json\/wp\/v2\/pages"}],"about":[{"href":"https:\/\/www.reseau-mesure.com\/de\/wp-json\/wp\/v2\/types\/page"}],"author":[{"embeddable":true,"href":"https:\/\/www.reseau-mesure.com\/de\/wp-json\/wp\/v2\/users\/349"}],"replies":[{"embeddable":true,"href":"https:\/\/www.reseau-mesure.com\/de\/wp-json\/wp\/v2\/comments?post=13544"}],"version-history":[{"count":0,"href":"https:\/\/www.reseau-mesure.com\/de\/wp-json\/wp\/v2\/pages\/13544\/revisions"}],"wp:attachment":[{"href":"https:\/\/www.reseau-mesure.com\/de\/wp-json\/wp\/v2\/media?parent=13544"}],"curies":[{"name":"wp","href":"https:\/\/api.w.org\/{rel}","templated":true}]}}