{"id":13762,"date":"2021-04-27T17:17:57","date_gmt":"2021-04-27T15:17:57","guid":{"rendered":"https:\/\/www.reseau-mesure.com\/?page_id=13762"},"modified":"2021-05-04T18:04:37","modified_gmt":"2021-05-04T16:04:37","slug":"cim-2021-lyon","status":"publish","type":"page","link":"https:\/\/www.reseau-mesure.com\/de\/cim-2021-lyon\/","title":{"rendered":"CIM 2021"},"content":{"rendered":"<h1>\n\t\tCIM 2021\n\t<\/h1>\n\t\t\t\t<a href=\"https:\/\/www.cim2021.com\/\" target=\"_blank\" rel=\"noopener\" itemprop=\"url\">\n\t\t\t\t<img loading=\"lazy\" decoding=\"async\" src=\"https:\/\/www.reseau-mesure.com\/wp-content\/uploads\/2021\/04\/Communique-de-presse-CIM2021-20-avril-GB.jpg\" alt=\"CIM\" itemprop=\"image\" height=\"249\" width=\"1200\" title=\"Pressemitteilung CIM2021 - 20. April - GB\" onerror=\"this.style.display='none'\"  \/>\n\t\t\t\t<\/a>\n\t<h1>Vertrauen Sie Ihren Messungen!<\/h1>\n<h2><strong>CIM2021-Programm<\/strong><\/h2>\n<p>&nbsp;<\/p>\n<p>Das <strong>Der Internationale Metrologiekongress findet vom 7. bis 9. September in Lyon statt <\/strong>, in Partnerschaft mit der Ausstellung <a href=\"https:\/\/www.reseau-mesure.com\/de\/measurement-world-2021-lyon\/\"><strong>Messwelt<\/strong> <\/a>an den gleichen Daten und Orten wie die Show<a href=\"https:\/\/global-industrie.com\/fr\"> Globale Industrie<\/a>.<\/p>\n<p>Der Kongress widmet sich bew\u00e4hrten industriellen Praktiken und F&amp;E in Bezug auf Messungen, Analysen und Tests: Dieses einzigartige Treffen ist das Treffen zwischen Wissenschaft, Industrie und institutionellen Organisationen der Metrologie.<\/p>\n<p>\u201eIn diesem Jahr j\u00e4hrt sich diese gro\u00dfartige Serie zum 20. Mal und es geht mehr denn je um aktuelle Trends und einen Vorgeschmack auf zuk\u00fcnftige Innovationen. Die drei Anwendungsbereiche repr\u00e4sentieren die gro\u00dfen globalen Herausforderungen. Die Metrologie-Community ist an der Entwicklung von L\u00f6sungen zur Bew\u00e4ltigung dieser Herausforderungen beteiligt, einschlie\u00dflich der Gew\u00e4hrleistung, dass wir den Messungen vertrauen k\u00f6nnen. \u00bb<\/p>\n<p>Sascha Eichtaedt, PTB (Deutschland) und Daniel Jullien, Digiplant Consulting (Frankreich), Co-Vorsitzende von CIM2021<\/p>\n\n\n<ul>\n<li><strong>Industrie 4.0, Green Deal und Gesundheit\u00a0<\/strong>: Das sind die 3 Anwendungsachsen 2021<\/li>\n<li>Die Umsetzung von CIM2021 wird auch eine Gelegenheit f\u00fcr neue Erfahrungen mit sein <strong>ein Teil der Hybridisierung<\/strong>Konferenzvideos sowie Live-Videos werden auf einer speziellen Plattform verf\u00fcgbar sein.<\/li>\n<li>EIN <strong>Metrology Village <\/strong>innerhalb von Measurement World und im ersten Jahr mit Global Industrie verbunden. Die Themen der Industrie der Zukunft sind allgegenw\u00e4rtig. Die Ausstellung bietet somit neue M\u00f6glichkeiten, Fachleute zu treffen, die zu \u201eguten\u201c L\u00f6sungen f\u00fchren.<\/li>\n<\/ul>\n<p>&nbsp;<\/p>\n\n\n<p>Dies ist eine Gelegenheit, sich \u00fcber die j\u00fcngsten Fortschritte in verschiedenen technischen Bereichen zu informieren:<\/p>\n<ul>\n<li>Mechanik, Elektromagnetismus, Str\u00f6mung, Temperatur, Photonik, Chemie, Biologie, aber auch Daten, KI, Statistik, Quantentechnologien\u2026<\/li>\n<li>sowie zu Mess- und Qualit\u00e4tsprozessen, Messunsicherheiten, Akkreditierung, Compliance und Risiken, Kostenoptimierung etc.<\/li>\n<\/ul>\n<p>&nbsp;<\/p>\n<p>Die 6 runden Tische sind wie folgt:<\/p>\n<ul>\n<li>Metrologie bei <strong>das digitale Zeitalter<\/strong><\/li>\n<li>Die Rolle von <strong>internationale Organisationen Metrologie und Qualit\u00e4t<\/strong> im \u00dcbergang 4.0<\/li>\n<li>Die Herausforderungen von <strong>Messungen vor Ort<\/strong><\/li>\n<li><strong>Gesundheit und Messtechnik<\/strong> : eine gemeinsame Herausforderung<\/li>\n<li><strong>Industrieemissionen<\/strong> : der Beitrag der Messtechnik zur Erf\u00fcllung neuer Anforderungen<\/li>\n<li>Das <strong>Metrologie der Zukunft<\/strong> : welche F\u00e4higkeiten?<\/li>\n<\/ul>\n<p>&nbsp;<\/p>\n<p>Das Publikum besteht aus Teilnehmern aus 45 L\u00e4ndern:<\/p>\n<ul>\n<li><strong>70% aus der Industrie<\/strong>, alle Sektoren und Labors<\/li>\n<li>30% von Referenzorganisationen, Bildung und Forschung<\/li>\n<\/ul>\n\n<p>&nbsp;<\/p>\n\n<p>Das CIM wird vom French College of Metrology mit Unterst\u00fctzung von:<\/p>\n<p>BEA METROLOGIE, BIPM, CETIAT, CETIM, COFRAC, DIGIPLANTISCHE BERATUNG, EUROP\u00c4ISCHE AKKREDITIERUNG, EURAMET, BEWERTUNG (GB), INERIS, PTB (DE), LNE, NPL (GB), NCSLi (USA), OIML, STELLANTIS (SPF BE), STIL Marposs, TRESCAL, UNIVERSIT\u00c4T BURGUND.<\/p>\n<p>Das CIM wird finanziell von BIPM, EURAMET, LNE, TRESCAL, CETIAT und POLYWORKS Europa unterst\u00fctzt.<\/p>\n<p>&nbsp;<\/p>\n<h2><strong>Am CIM teilnehmen ist:<\/strong><\/h2>\n<ul>\n<li>Krawatte <strong>eine echte Beziehung<\/strong> professionell mit Kollegen und entwickeln Sie Ihr Netzwerk<\/li>\n<li>Verstehen Sie den Entscheidungsbeitrag der Messtechnik in industriellen Prozessen<\/li>\n<li>Entdecken Sie die Technologien und L\u00f6sungen f\u00fcr das t\u00e4gliche Leben von morgen<\/li>\n<\/ul>\n<p>&nbsp;<\/p>\n<p><u>Kontakt <\/u>:<\/p>\n<p>04 67 06 20 36<\/p>\n\n\n\t\t\t<a href=\"https:\/\/www.reseau-mesure.com\/wp-content\/uploads\/2021\/05\/Demande-de-participation-MW-LYON-2021-FR-6-9-sept.pdf\" target=\"_blank\" role=\"button\" rel=\"noopener\">\n\t\t\t\t\t\t\tMEASUREMENT WORLD REGISTRIERUNGSDATEI\n\t\t\t\t\t<\/a>\n\t\t\t<a href=\"https:\/\/www.measurement-world.com\/fr\/presentation\" target=\"_self\" role=\"button\" rel=\"noopener\">\n\t\t\t\t\t\t\tMelden Sie sich bei Measurement World an\n\t\t\t\t\t<\/a>","protected":false},"excerpt":{"rendered":"<p>CIM 2021 Vertrauen Sie Ihren Messungen! CIM2021-Programm Der Internationale Kongress f\u00fcr Metrologie findet vom 7. bis 9. September in Lyon in Partnerschaft mit der Messe Measurement World am gleichen Datum und Ort wie die Global Industrie Exhibition statt. Der Kongress widmet sich guten industriellen Praktiken und F&amp;E\u2026<\/p>","protected":false},"author":685,"featured_media":0,"parent":0,"menu_order":0,"comment_status":"closed","ping_status":"closed","template":"","meta":{"_acf_changed":false,"footnotes":""},"class_list":["post-13762","page","type-page","status-publish","hentry"],"acf":[],"yoast_head":"<!-- This site is optimized with the Yoast SEO plugin v27.4 - https:\/\/yoast.com\/product\/yoast-seo-wordpress\/ -->\n<title>CIM 2021 - Lyon - R\u00e9seau Mesure<\/title>\n<meta name=\"description\" content=\"Faites confiance \u00e0 vos Mesures ! Programme du CIM2021 Le Congr\u00e8s International de M\u00e9trologie aura lieu du 7 au 9 septembre \u00e0 Lyon (France), ), en partenariat avec l\u2019exposition Measurement World aux m\u00eames dates et lieu que le salon Global industrie.\" \/>\n<meta name=\"robots\" content=\"index, follow, max-snippet:-1, max-image-preview:large, max-video-preview:-1\" \/>\n<link rel=\"canonical\" href=\"https:\/\/www.reseau-mesure.com\/de\/cim-2021-lyon\/\" \/>\n<meta property=\"og:locale\" content=\"de_DE\" \/>\n<meta property=\"og:type\" content=\"article\" \/>\n<meta property=\"og:title\" content=\"CIM 2021 - Lyon - R\u00e9seau Mesure\" \/>\n<meta property=\"og:description\" content=\"Faites confiance \u00e0 vos Mesures ! Programme du CIM2021 Le Congr\u00e8s International de M\u00e9trologie aura lieu du 7 au 9 septembre \u00e0 Lyon (France), ), en partenariat avec l\u2019exposition Measurement World aux m\u00eames dates et lieu que le salon Global industrie.\" \/>\n<meta property=\"og:url\" content=\"https:\/\/www.reseau-mesure.com\/de\/cim-2021-lyon\/\" \/>\n<meta property=\"og:site_name\" content=\"R\u00e9seau Mesure\" \/>\n<meta property=\"article:publisher\" content=\"https:\/\/www.facebook.com\/reseaumesure\/\" \/>\n<meta property=\"article:modified_time\" content=\"2021-05-04T16:04:37+00:00\" \/>\n<meta property=\"og:image\" content=\"https:\/\/www.reseau-mesure.com\/wp-content\/uploads\/2021\/04\/Communique-de-presse-CIM2021-20-avril-GB.jpg\" \/>\n<meta name=\"twitter:card\" content=\"summary_large_image\" \/>\n<meta name=\"twitter:site\" content=\"@ReseauMesure\" \/>\n<meta name=\"twitter:label1\" content=\"Gesch\u00e4tzte Lesezeit\" \/>\n\t<meta name=\"twitter:data1\" content=\"2\u00a0Minuten\" \/>\n<script type=\"application\/ld+json\" class=\"yoast-schema-graph\">{\"@context\":\"https:\\\/\\\/schema.org\",\"@graph\":[{\"@type\":\"WebPage\",\"@id\":\"https:\\\/\\\/www.reseau-mesure.com\\\/de\\\/cim-2021-lyon\\\/\",\"url\":\"https:\\\/\\\/www.reseau-mesure.com\\\/de\\\/cim-2021-lyon\\\/\",\"name\":\"CIM 2021 - Lyon - R\u00e9seau Mesure\",\"isPartOf\":{\"@id\":\"https:\\\/\\\/www.reseau-mesure.com\\\/#website\"},\"primaryImageOfPage\":{\"@id\":\"https:\\\/\\\/www.reseau-mesure.com\\\/de\\\/cim-2021-lyon\\\/#primaryimage\"},\"image\":{\"@id\":\"https:\\\/\\\/www.reseau-mesure.com\\\/de\\\/cim-2021-lyon\\\/#primaryimage\"},\"thumbnailUrl\":\"https:\\\/\\\/www.reseau-mesure.com\\\/wp-content\\\/uploads\\\/2021\\\/04\\\/Communique-de-presse-CIM2021-20-avril-GB.jpg\",\"datePublished\":\"2021-04-27T15:17:57+00:00\",\"dateModified\":\"2021-05-04T16:04:37+00:00\",\"description\":\"Faites confiance \u00e0 vos Mesures ! Programme du CIM2021 Le Congr\u00e8s International de M\u00e9trologie aura lieu du 7 au 9 septembre \u00e0 Lyon (France), ), en partenariat avec l\u2019exposition Measurement World aux m\u00eames dates et lieu que le salon Global industrie.\",\"breadcrumb\":{\"@id\":\"https:\\\/\\\/www.reseau-mesure.com\\\/de\\\/cim-2021-lyon\\\/#breadcrumb\"},\"inLanguage\":\"de\",\"potentialAction\":[{\"@type\":\"ReadAction\",\"target\":[\"https:\\\/\\\/www.reseau-mesure.com\\\/de\\\/cim-2021-lyon\\\/\"]}]},{\"@type\":\"ImageObject\",\"inLanguage\":\"de\",\"@id\":\"https:\\\/\\\/www.reseau-mesure.com\\\/de\\\/cim-2021-lyon\\\/#primaryimage\",\"url\":\"https:\\\/\\\/www.reseau-mesure.com\\\/wp-content\\\/uploads\\\/2021\\\/04\\\/Communique-de-presse-CIM2021-20-avril-GB.jpg\",\"contentUrl\":\"https:\\\/\\\/www.reseau-mesure.com\\\/wp-content\\\/uploads\\\/2021\\\/04\\\/Communique-de-presse-CIM2021-20-avril-GB.jpg\"},{\"@type\":\"BreadcrumbList\",\"@id\":\"https:\\\/\\\/www.reseau-mesure.com\\\/de\\\/cim-2021-lyon\\\/#breadcrumb\",\"itemListElement\":[{\"@type\":\"ListItem\",\"position\":1,\"name\":\"Accueil\",\"item\":\"https:\\\/\\\/www.reseau-mesure.com\\\/\"},{\"@type\":\"ListItem\",\"position\":2,\"name\":\"CIM 2021\"}]},{\"@type\":\"WebSite\",\"@id\":\"https:\\\/\\\/www.reseau-mesure.com\\\/#website\",\"url\":\"https:\\\/\\\/www.reseau-mesure.com\\\/\",\"name\":\"R\u00e9seau-Mesure\",\"description\":\"R\u00e9seau Mesure\",\"publisher\":{\"@id\":\"https:\\\/\\\/www.reseau-mesure.com\\\/#organization\"},\"potentialAction\":[{\"@type\":\"SearchAction\",\"target\":{\"@type\":\"EntryPoint\",\"urlTemplate\":\"https:\\\/\\\/www.reseau-mesure.com\\\/?s={search_term_string}\"},\"query-input\":{\"@type\":\"PropertyValueSpecification\",\"valueRequired\":true,\"valueName\":\"search_term_string\"}}],\"inLanguage\":\"de\"},{\"@type\":\"Organization\",\"@id\":\"https:\\\/\\\/www.reseau-mesure.com\\\/#organization\",\"name\":\"R\u00e9seau-Mesure\",\"url\":\"https:\\\/\\\/www.reseau-mesure.com\\\/\",\"logo\":{\"@type\":\"ImageObject\",\"inLanguage\":\"de\",\"@id\":\"https:\\\/\\\/www.reseau-mesure.com\\\/#\\\/schema\\\/logo\\\/image\\\/\",\"url\":\"https:\\\/\\\/www.reseau-mesure.com\\\/wp-content\\\/uploads\\\/2018\\\/02\\\/logo-max.png\",\"contentUrl\":\"https:\\\/\\\/www.reseau-mesure.com\\\/wp-content\\\/uploads\\\/2018\\\/02\\\/logo-max.png\",\"width\":545,\"height\":285,\"caption\":\"R\u00e9seau-Mesure\"},\"image\":{\"@id\":\"https:\\\/\\\/www.reseau-mesure.com\\\/#\\\/schema\\\/logo\\\/image\\\/\"},\"sameAs\":[\"https:\\\/\\\/www.facebook.com\\\/reseaumesure\\\/\",\"https:\\\/\\\/x.com\\\/ReseauMesure\",\"https:\\\/\\\/www.linkedin.com\\\/company\\\/reseau-mesure\\\/\"]}]}<\/script>\n<!-- \/ Yoast SEO plugin. -->","yoast_head_json":{"title":"CIM 2021 - Lyon - R\u00e9seau Mesure","description":"Faites confiance \u00e0 vos Mesures ! Programme du CIM2021 Le Congr\u00e8s International de M\u00e9trologie aura lieu du 7 au 9 septembre \u00e0 Lyon (France), ), en partenariat avec l\u2019exposition Measurement World aux m\u00eames dates et lieu que le salon Global industrie.","robots":{"index":"index","follow":"follow","max-snippet":"max-snippet:-1","max-image-preview":"max-image-preview:large","max-video-preview":"max-video-preview:-1"},"canonical":"https:\/\/www.reseau-mesure.com\/de\/cim-2021-lyon\/","og_locale":"de_DE","og_type":"article","og_title":"CIM 2021 - Lyon - R\u00e9seau Mesure","og_description":"Faites confiance \u00e0 vos Mesures ! Programme du CIM2021 Le Congr\u00e8s International de M\u00e9trologie aura lieu du 7 au 9 septembre \u00e0 Lyon (France), ), en partenariat avec l\u2019exposition Measurement World aux m\u00eames dates et lieu que le salon Global industrie.","og_url":"https:\/\/www.reseau-mesure.com\/de\/cim-2021-lyon\/","og_site_name":"R\u00e9seau Mesure","article_publisher":"https:\/\/www.facebook.com\/reseaumesure\/","article_modified_time":"2021-05-04T16:04:37+00:00","og_image":[{"url":"https:\/\/www.reseau-mesure.com\/wp-content\/uploads\/2021\/04\/Communique-de-presse-CIM2021-20-avril-GB.jpg","type":"","width":"","height":""}],"twitter_card":"summary_large_image","twitter_site":"@ReseauMesure","twitter_misc":{"Gesch\u00e4tzte Lesezeit":"2\u00a0Minuten"},"schema":{"@context":"https:\/\/schema.org","@graph":[{"@type":"WebPage","@id":"https:\/\/www.reseau-mesure.com\/de\/cim-2021-lyon\/","url":"https:\/\/www.reseau-mesure.com\/de\/cim-2021-lyon\/","name":"CIM 2021 - Lyon - R\u00e9seau Mesure","isPartOf":{"@id":"https:\/\/www.reseau-mesure.com\/#website"},"primaryImageOfPage":{"@id":"https:\/\/www.reseau-mesure.com\/de\/cim-2021-lyon\/#primaryimage"},"image":{"@id":"https:\/\/www.reseau-mesure.com\/de\/cim-2021-lyon\/#primaryimage"},"thumbnailUrl":"https:\/\/www.reseau-mesure.com\/wp-content\/uploads\/2021\/04\/Communique-de-presse-CIM2021-20-avril-GB.jpg","datePublished":"2021-04-27T15:17:57+00:00","dateModified":"2021-05-04T16:04:37+00:00","description":"Faites confiance \u00e0 vos Mesures ! Programme du CIM2021 Le Congr\u00e8s International de M\u00e9trologie aura lieu du 7 au 9 septembre \u00e0 Lyon (France), ), en partenariat avec l\u2019exposition Measurement World aux m\u00eames dates et lieu que le salon Global industrie.","breadcrumb":{"@id":"https:\/\/www.reseau-mesure.com\/de\/cim-2021-lyon\/#breadcrumb"},"inLanguage":"de","potentialAction":[{"@type":"ReadAction","target":["https:\/\/www.reseau-mesure.com\/de\/cim-2021-lyon\/"]}]},{"@type":"ImageObject","inLanguage":"de","@id":"https:\/\/www.reseau-mesure.com\/de\/cim-2021-lyon\/#primaryimage","url":"https:\/\/www.reseau-mesure.com\/wp-content\/uploads\/2021\/04\/Communique-de-presse-CIM2021-20-avril-GB.jpg","contentUrl":"https:\/\/www.reseau-mesure.com\/wp-content\/uploads\/2021\/04\/Communique-de-presse-CIM2021-20-avril-GB.jpg"},{"@type":"BreadcrumbList","@id":"https:\/\/www.reseau-mesure.com\/de\/cim-2021-lyon\/#breadcrumb","itemListElement":[{"@type":"ListItem","position":1,"name":"Accueil","item":"https:\/\/www.reseau-mesure.com\/"},{"@type":"ListItem","position":2,"name":"CIM 2021"}]},{"@type":"WebSite","@id":"https:\/\/www.reseau-mesure.com\/#website","url":"https:\/\/www.reseau-mesure.com\/","name":"Netzwerk-Messung","description":"Netzwerkma\u00dfnahme","publisher":{"@id":"https:\/\/www.reseau-mesure.com\/#organization"},"potentialAction":[{"@type":"SearchAction","target":{"@type":"EntryPoint","urlTemplate":"https:\/\/www.reseau-mesure.com\/?s={search_term_string}"},"query-input":{"@type":"PropertyValueSpecification","valueRequired":true,"valueName":"search_term_string"}}],"inLanguage":"de"},{"@type":"Organization","@id":"https:\/\/www.reseau-mesure.com\/#organization","name":"Netzwerk-Messung","url":"https:\/\/www.reseau-mesure.com\/","logo":{"@type":"ImageObject","inLanguage":"de","@id":"https:\/\/www.reseau-mesure.com\/#\/schema\/logo\/image\/","url":"https:\/\/www.reseau-mesure.com\/wp-content\/uploads\/2018\/02\/logo-max.png","contentUrl":"https:\/\/www.reseau-mesure.com\/wp-content\/uploads\/2018\/02\/logo-max.png","width":545,"height":285,"caption":"R\u00e9seau-Mesure"},"image":{"@id":"https:\/\/www.reseau-mesure.com\/#\/schema\/logo\/image\/"},"sameAs":["https:\/\/www.facebook.com\/reseaumesure\/","https:\/\/x.com\/ReseauMesure","https:\/\/www.linkedin.com\/company\/reseau-mesure\/"]}]}},"_links":{"self":[{"href":"https:\/\/www.reseau-mesure.com\/de\/wp-json\/wp\/v2\/pages\/13762","targetHints":{"allow":["GET"]}}],"collection":[{"href":"https:\/\/www.reseau-mesure.com\/de\/wp-json\/wp\/v2\/pages"}],"about":[{"href":"https:\/\/www.reseau-mesure.com\/de\/wp-json\/wp\/v2\/types\/page"}],"author":[{"embeddable":true,"href":"https:\/\/www.reseau-mesure.com\/de\/wp-json\/wp\/v2\/users\/685"}],"replies":[{"embeddable":true,"href":"https:\/\/www.reseau-mesure.com\/de\/wp-json\/wp\/v2\/comments?post=13762"}],"version-history":[{"count":0,"href":"https:\/\/www.reseau-mesure.com\/de\/wp-json\/wp\/v2\/pages\/13762\/revisions"}],"wp:attachment":[{"href":"https:\/\/www.reseau-mesure.com\/de\/wp-json\/wp\/v2\/media?parent=13762"}],"curies":[{"name":"wp","href":"https:\/\/api.w.org\/{rel}","templated":true}]}}