{"id":13996,"date":"2021-05-20T09:23:52","date_gmt":"2021-05-20T07:23:52","guid":{"rendered":"https:\/\/www.reseau-mesure.com\/?page_id=13996"},"modified":"2021-05-27T10:58:11","modified_gmt":"2021-05-27T08:58:11","slug":"reseau-mesure-express-27-mai-2021","status":"publish","type":"page","link":"https:\/\/www.reseau-mesure.com\/de\/reseau-mesure-express-27-mai-2021\/","title":{"rendered":"Express Measurement Network-20210527"},"content":{"rendered":"<img loading=\"lazy\" decoding=\"async\" src=\"https:\/\/www.reseau-mesure.com\/wp-content\/uploads\/2020\/07\/20ku.jpeg\" alt=\"R\u00e9seau Mesure Express\" itemprop=\"image\" height=\"300\" width=\"970\" title=\"Express Measurement Network Header\" onerror=\"this.style.display='none'\"  \/>\n<h1>\n\t\tR\u00e9seau Mesure Express 27. Mai 2021\n\t<\/h1>\n<h2>\n\t\t<a href=\"https:\/\/www.reseau-mesure.com\/de\/le-reseau-mesure-2\/\" title=\"27.05.2021\" target=\"_blank\" rel=\"noopener\">\n\t\t27.05.2021\n\t\t<\/a>\n\t<\/h2>\n\t<h3><strong>Ein Netzwerk f\u00fcr seine Mitglieder durch seine Mitglieder<\/strong><\/h3>\n\t<p>R\u00e9seau Mesure Express 27. Mai 2021: Mitglieder k\u00f6nnen die Neuigkeiten des Vereins in R\u00e9seau Mesure Express finden, insbesondere das Programm f\u00fcr die Monate Mai und Juni.<\/p>\n<p>So wurden die Generalversammlung, das Webinar zur Dematerialisierung, das ASTELAB-Treffen, der Marokko-Workshop usw.<\/p>\n<h2>\n\t\t<a href=\"https:\/\/www.reseau-mesure.com\/de\/\" title=\"Kombinierte Hauptversammlung - 29. Juni 2021 um 16.00 Uhr\" target=\"_blank\" rel=\"noopener\">\n\t\tKombinierte Hauptversammlung \u2013 29. Juni 2021 um 16:00 Uhr\n\t\t<\/a>\n\t<\/h2>\n\t<h2><strong>Haben Sie Ihre Teilnahme best\u00e4tigt?<\/strong><\/h2>\n\t<p>&nbsp;<\/p>\n<p>Am Ende der letzten Sitzung des Verwaltungsrats wurde beschlossen, eine Erh\u00f6hung der Anzahl der Verwaltungsratsmitglieder vorzuschlagen.<\/p>\n\n\n\n<ol>\n<li>\u00c4nderung von Artikel 9 der Statuten<\/li>\n<\/ol>\n\n<ol>\n<li>T\u00e4tigkeitsbericht 2020<\/li>\n<li>Erneuerung des Vorstandes<\/li>\n<li>Pr\u00e4sentation der Roadmap 2021-2022<\/li>\n<li>Aktionsplan 2021<br \/>\nund vorl\u00e4ufiger Haushalt 2021<\/li>\n<li>Diverse Fragen<\/li>\n<\/ol>\n<p>Sie finden per Link die <strong><a href=\"https:\/\/www.reseau-mesure.com\/wp-content\/uploads\/2021\/05\/CONVOCATION-AGE-AGO-JUIN-2021.docx\">Ladung<\/a><\/strong> ebenso gut wie :<\/p>\n<ul>\n<li>Das <a href=\"https:\/\/www.reseau-mesure.com\/wp-content\/uploads\/2021\/05\/STATUTS-2018.pdf\">Statuten<\/a>,<\/li>\n<li><strong><a href=\"https:\/\/www.reseau-mesure.com\/wp-content\/uploads\/2021\/05\/CONVOCATION-AGE-AGO-JUIN-2021.docx\">Das Anfrageformular<\/a><\/strong> wenn du dem beitreten willst <strong>Vorstand des Vereins,<\/strong><\/li>\n<li>Und der <strong><a href=\"https:\/\/www.reseau-mesure.com\/wp-content\/uploads\/2021\/05\/CONVOCATION-AGE-AGO-JUIN-2021.docx\">Leistung<\/a> <\/strong>wenn Sie keine M\u00f6glichkeit haben, Ihre Stimme abzugeben <strong>garantieren, dass das erforderliche Quorum f\u00fcr die Abhaltung dieser obligatorischen Sitzungen erreicht wird<\/strong>.<\/li>\n<\/ul>\n\n\t\t\t\t<a href=\"mailto:eduflot@reseau-mesure.com\" target=\"_blank\" rel=\"noopener\" itemprop=\"url\">\n\t\t\t\t<img loading=\"lazy\" decoding=\"async\" src=\"https:\/\/www.reseau-mesure.com\/wp-content\/uploads\/2021\/05\/20944685-1-scaled.jpg\" alt=\"Assembl\u00e9e G\u00e9n\u00e9rale R\u00e9seau Mesure 29 juin 2021\" itemprop=\"image\" height=\"2560\" width=\"2560\" title=\"Netzwerkma\u00dfnahme der Generalversammlung 29. Juni 2021\" onerror=\"this.style.display='none'\"  \/>\n\t\t\t\t<\/a>\n\t\t\t<a href=\"mailto:eduflot@reseau-mesure.com\" target=\"_blank\" role=\"button\" rel=\"noopener\">\n\t\t\t\t\t\t\tIch best\u00e4tige meine Teilnahme\n\t\t\t\t\t<\/a>\n<h2>\n\t\t<a href=\"mailto:eduflot@reseau-mesure.com\" title=\"Webinar: Dematerialisierung, Ziel 2023\" target=\"_blank\" rel=\"noopener\">\n\t\tWebinar: Dematerialisierung, Ziel 2023\n\t\t<\/a>\n\t<\/h2>\n\t\t\t\t<a href=\"mailto:eduflot@reseau-mesure.com\" target=\"_blank\" rel=\"noopener\" itemprop=\"url\">\n\t\t\t\t<img loading=\"lazy\" decoding=\"async\" src=\"https:\/\/www.reseau-mesure.com\/wp-content\/uploads\/2021\/05\/Image1.jpg\" alt=\"Webinaire : D\u00e9mat\u00e9rialisation, objectif 2023\" itemprop=\"image\" height=\"207\" width=\"546\" title=\"Webinar: Dematerialisierung, Ziel 2023\" onerror=\"this.style.display='none'\"  \/>\n\t\t\t\t<\/a>\n\t\t\t<a href=\"mailto:eduflot@reseau-mesure.com\" target=\"_blank\" role=\"button\" rel=\"noopener\">\n\t\t\t\t\t\t\tAnmeldungen\n\t\t\t\t\t<\/a>\n\t<p>&nbsp;<\/p>\n<p>Dematerialisierte Rechnungen, auch E-Rechnungen oder elektronische Rechnungen genannt, werden <strong>obligatorisch<\/strong> von dem <strong>1. Januar 2023<\/strong> (Finanzgesetz 2020).<\/p>\nDas Ziel ist daher <strong>Systematisierung der Verwendung elektronischer Rechnungen<\/strong> bei Transaktionen zwischen Fachleuten ab 2023. Um Sie besser darauf vorzubereiten, bietet Ihnen das Mesure-Netzwerk a <strong>exklusives Webinar<\/strong>in Partnerschaft mit Haxoneo, einer Einkaufsgruppe f\u00fcr KMU.\n<p>Also, Donnerstag <strong>24. Juni<\/strong> n\u00e4chste <strong>10 bis 11:30 Uhr<\/strong>werden Sie die folgenden Themen diskutieren:<\/p>\n<ul>\n<li><strong>Warum<\/strong> dieses Gesetz \u00fcber die Entmaterialisierung von Rechnungen?<\/li>\n<li>Was sind die <strong>Auswirkungen<\/strong> f\u00fcr mein Gesch\u00e4ft?<\/li>\n<li>Was sind die <strong>Gewinne<\/strong> f\u00fcr mein Gesch\u00e4ft?<\/li>\n<li>was ist <strong>obligatorisch<\/strong> bis zum 1. Januar 2023?<\/li>\n<li>Was <strong>Plattform<\/strong> sich daf\u00fcr entscheiden, meine Rechnungen zu entmaterialisieren?<\/li>\n<\/ul>\n<h2>\n\t\t<a href=\"http:\/\/www.aste.asso.fr\/fr\/pag-1209331-INSCRIPTION-AUX-JOURNEES-DES-ESSAIS-ET-DE-LA-SIMULATION---ASTELAB-2021.html\" title=\"ASTELAB 2021 vom 30. Juni bis 2. Juli bei BARP (33) in Zusammenarbeit mit CEA CESTA und NAFEMS\" target=\"_blank\" rel=\"noopener\">\n\t\tASTELAB 2021 vom 30. Juni bis 2. Juli bei BARP (33) in Zusammenarbeit mit CEA CESTA und NAFEMS\n\t\t<\/a>\n\t<\/h2>\n\t<p>&nbsp;<\/p>\n\n<ul>\n<li><strong>Messungen, Korrelationen, Berechnungen und Simulationen<\/strong><\/li>\n<li><strong>Elektromobilit\u00e4t<\/strong><\/li>\n<li><strong>Vibrations-, 3D-Messungen, 3D- und MIMO-Analysen<\/strong><\/li>\n<li><strong>\u00a0Testmethoden<\/strong><\/li>\n<li><strong>Sensoren<\/strong><\/li>\n<\/ul>\n\n<p>&nbsp;<\/p>\n\nASTE-Mitglieder: 550 \u20ac zzgl. MwSt. (660 \u20ac inkl. MwSt.)<br \/>\nNicht-ASTE-Mitglieder: 620 \u20ac ohne MwSt. (744 \u20ac mit MwSt.)\n\n\t\t\t<a href=\"https:\/\/www.reseau-mesure.com\/wp-content\/uploads\/2021\/05\/PROGRAMME-ASTELAB-2021.docx\" target=\"_blank\" role=\"button\" rel=\"noopener\">\n\t\t\t\t\t\t\tVolles Programm\n\t\t\t\t\t<\/a>\n\t\t\t\t<a href=\"http:\/\/www.aste.asso.fr\/fr\/pag-1209331-INSCRIPTION-AUX-JOURNEES-DES-ESSAIS-ET-DE-LA-SIMULATION---ASTELAB-2021.html\" target=\"_blank\" rel=\"noopener\" itemprop=\"url\">\n\t\t\t\t<img loading=\"lazy\" decoding=\"async\" src=\"https:\/\/www.reseau-mesure.com\/wp-content\/uploads\/2021\/05\/ASTELAB-2021-1024x720.jpg\" alt=\"ASTELAB 2021\" itemprop=\"image\" height=\"720\" width=\"1024\" title=\"ASTELAB 2021\" onerror=\"this.style.display='none'\"  \/>\n\t\t\t\t<\/a>\n\t\t\t<a href=\"https:\/\/www.reseau-mesure.com\/wp-content\/uploads\/2021\/05\/BULLETIN-INSCRIPTION-POUR-LES-EXPOSANTS-ASTELAB-2021.pdf\" target=\"_blank\" role=\"button\" rel=\"noopener\">\n\t\t\t\t\t\t\tREGISTRIERUNGSFORMULAR F\u00dcR AUSSTELLER ASTELAB 2021\n\t\t\t\t\t<\/a>\n\t\t\t<a href=\"https:\/\/www.reseau-mesure.com\/wp-content\/uploads\/2021\/05\/Bulletin-inscription-colloque-ASTELAB-2021.pdf\" target=\"_blank\" role=\"button\" rel=\"noopener\">\n\t\t\t\t\t\t\tAnmeldeformular f\u00fcr die Konferenz ASTELAB 2021\n\t\t\t\t\t<\/a>\n\t\t\t<a href=\"https:\/\/www.reseau-mesure.com\/de\/evenements\/\" target=\"_self\" role=\"button\" rel=\"noopener\">\n\t\t\t\t\t\t\tDie komplette Agenda des Messnetzes\n\t\t\t\t\t<\/a>\n\t\t\t\t<a href=\"https:\/\/www.reseau-mesure.com\/de\/evenements\/\" target=\"_blank\" rel=\"noopener\" itemprop=\"url\">\n\t\t\t\t<img loading=\"lazy\" decoding=\"async\" src=\"https:\/\/www.reseau-mesure.com\/wp-content\/uploads\/2020\/08\/Plan-de-travail-3niveau.png\" alt=\"R\u00e9seau Mesure Express Actualites\" itemprop=\"image\" height=\"3665\" width=\"5520\" title=\"Express Measurement Network News\" onerror=\"this.style.display='none'\"  \/>\n\t\t\t\t<\/a>\n\t<h1>Marokko Werkstatt<\/h1>\n\t\n<p>Dieses Treffen wird per Videokonferenz am abgehalten <b>Donnerstag, 3. Juni 2021, 11:00 Uhr<\/b>.<\/p>\n\n\n\n\n\n\n<p>&nbsp;<\/p>\n<p>Sie k\u00f6nnen sich bei registrieren <a href=\"\/de\/eduflot@reseau-mesure.com\/\">Estelle DUFLOT<\/a>.<\/p>\n\t<h2>R\u00e9seau Mesure Express: Neuigkeiten zum Aktionsplan des Vereins<\/h2>","protected":false},"excerpt":{"rendered":"<p>R\u00e9seau Mesure Express 27. Mai 2021 27. Mai 2021 Ein Netzwerk f\u00fcr seine Mitglieder \u00fcber seine Mitglieder R\u00e9seau Mesure Express 27. Mai 2021: Mitglieder finden die Nachrichten des Vereins in R\u00e9seau Mesure Express, insbesondere das Programm f\u00fcr die Monate Mai und Juni . So die Generalversammlung, das Webinar zur Dematerialisierung, das ASTELAB-Treffen, der Workshop ...<\/p>","protected":false},"author":685,"featured_media":0,"parent":0,"menu_order":0,"comment_status":"closed","ping_status":"closed","template":"","meta":{"_acf_changed":false,"footnotes":""},"class_list":["post-13996","page","type-page","status-publish","hentry"],"acf":[],"yoast_head":"<!-- This site is optimized with the Yoast SEO plugin v27.4 - https:\/\/yoast.com\/product\/yoast-seo-wordpress\/ -->\n<title>R\u00e9seau Mesure Express 27 mai 2021 - R\u00e9seau Mesure<\/title>\n<meta name=\"description\" content=\"R\u00e9seau Mesure Express 27 mai 2021. Finalisez votre participation pour l&#039;assembl\u00e9e g\u00e9n\u00e9rale du 29 juin 2021\" \/>\n<meta name=\"robots\" content=\"index, follow, max-snippet:-1, max-image-preview:large, max-video-preview:-1\" \/>\n<link rel=\"canonical\" href=\"https:\/\/www.reseau-mesure.com\/de\/reseau-mesure-express-27-mai-2021\/\" \/>\n<meta property=\"og:locale\" content=\"de_DE\" \/>\n<meta property=\"og:type\" content=\"article\" \/>\n<meta property=\"og:title\" content=\"R\u00e9seau Mesure Express 27 mai 2021 - R\u00e9seau Mesure\" \/>\n<meta property=\"og:description\" content=\"R\u00e9seau Mesure Express 27 mai 2021. Finalisez votre participation pour l&#039;assembl\u00e9e g\u00e9n\u00e9rale du 29 juin 2021\" \/>\n<meta property=\"og:url\" content=\"https:\/\/www.reseau-mesure.com\/de\/reseau-mesure-express-27-mai-2021\/\" \/>\n<meta property=\"og:site_name\" content=\"R\u00e9seau Mesure\" \/>\n<meta property=\"article:publisher\" content=\"https:\/\/www.facebook.com\/reseaumesure\/\" \/>\n<meta property=\"article:modified_time\" content=\"2021-05-27T08:58:11+00:00\" \/>\n<meta property=\"og:image\" content=\"https:\/\/www.reseau-mesure.com\/wp-content\/uploads\/2020\/07\/20ku.jpeg\" \/>\n<meta name=\"twitter:card\" content=\"summary_large_image\" \/>\n<meta name=\"twitter:site\" content=\"@ReseauMesure\" \/>\n<meta name=\"twitter:label1\" content=\"Gesch\u00e4tzte Lesezeit\" \/>\n\t<meta name=\"twitter:data1\" content=\"3\u00a0Minuten\" \/>\n<script type=\"application\/ld+json\" class=\"yoast-schema-graph\">{\"@context\":\"https:\\\/\\\/schema.org\",\"@graph\":[{\"@type\":\"WebPage\",\"@id\":\"https:\\\/\\\/www.reseau-mesure.com\\\/de\\\/reseau-mesure-express-27-mai-2021\\\/\",\"url\":\"https:\\\/\\\/www.reseau-mesure.com\\\/de\\\/reseau-mesure-express-27-mai-2021\\\/\",\"name\":\"R\u00e9seau Mesure Express 27 mai 2021 - R\u00e9seau Mesure\",\"isPartOf\":{\"@id\":\"https:\\\/\\\/www.reseau-mesure.com\\\/#website\"},\"primaryImageOfPage\":{\"@id\":\"https:\\\/\\\/www.reseau-mesure.com\\\/de\\\/reseau-mesure-express-27-mai-2021\\\/#primaryimage\"},\"image\":{\"@id\":\"https:\\\/\\\/www.reseau-mesure.com\\\/de\\\/reseau-mesure-express-27-mai-2021\\\/#primaryimage\"},\"thumbnailUrl\":\"https:\\\/\\\/www.reseau-mesure.com\\\/wp-content\\\/uploads\\\/2020\\\/07\\\/20ku.jpeg\",\"datePublished\":\"2021-05-20T07:23:52+00:00\",\"dateModified\":\"2021-05-27T08:58:11+00:00\",\"description\":\"R\u00e9seau Mesure Express 27 mai 2021. Finalisez votre participation pour l'assembl\u00e9e g\u00e9n\u00e9rale du 29 juin 2021\",\"breadcrumb\":{\"@id\":\"https:\\\/\\\/www.reseau-mesure.com\\\/de\\\/reseau-mesure-express-27-mai-2021\\\/#breadcrumb\"},\"inLanguage\":\"de\",\"potentialAction\":[{\"@type\":\"ReadAction\",\"target\":[\"https:\\\/\\\/www.reseau-mesure.com\\\/de\\\/reseau-mesure-express-27-mai-2021\\\/\"]}]},{\"@type\":\"ImageObject\",\"inLanguage\":\"de\",\"@id\":\"https:\\\/\\\/www.reseau-mesure.com\\\/de\\\/reseau-mesure-express-27-mai-2021\\\/#primaryimage\",\"url\":\"https:\\\/\\\/www.reseau-mesure.com\\\/wp-content\\\/uploads\\\/2020\\\/07\\\/20ku.jpeg\",\"contentUrl\":\"https:\\\/\\\/www.reseau-mesure.com\\\/wp-content\\\/uploads\\\/2020\\\/07\\\/20ku.jpeg\"},{\"@type\":\"BreadcrumbList\",\"@id\":\"https:\\\/\\\/www.reseau-mesure.com\\\/de\\\/reseau-mesure-express-27-mai-2021\\\/#breadcrumb\",\"itemListElement\":[{\"@type\":\"ListItem\",\"position\":1,\"name\":\"Accueil\",\"item\":\"https:\\\/\\\/www.reseau-mesure.com\\\/\"},{\"@type\":\"ListItem\",\"position\":2,\"name\":\"R\u00e9seau Mesure Express-20210527\"}]},{\"@type\":\"WebSite\",\"@id\":\"https:\\\/\\\/www.reseau-mesure.com\\\/#website\",\"url\":\"https:\\\/\\\/www.reseau-mesure.com\\\/\",\"name\":\"R\u00e9seau-Mesure\",\"description\":\"R\u00e9seau Mesure\",\"publisher\":{\"@id\":\"https:\\\/\\\/www.reseau-mesure.com\\\/#organization\"},\"potentialAction\":[{\"@type\":\"SearchAction\",\"target\":{\"@type\":\"EntryPoint\",\"urlTemplate\":\"https:\\\/\\\/www.reseau-mesure.com\\\/?s={search_term_string}\"},\"query-input\":{\"@type\":\"PropertyValueSpecification\",\"valueRequired\":true,\"valueName\":\"search_term_string\"}}],\"inLanguage\":\"de\"},{\"@type\":\"Organization\",\"@id\":\"https:\\\/\\\/www.reseau-mesure.com\\\/#organization\",\"name\":\"R\u00e9seau-Mesure\",\"url\":\"https:\\\/\\\/www.reseau-mesure.com\\\/\",\"logo\":{\"@type\":\"ImageObject\",\"inLanguage\":\"de\",\"@id\":\"https:\\\/\\\/www.reseau-mesure.com\\\/#\\\/schema\\\/logo\\\/image\\\/\",\"url\":\"https:\\\/\\\/www.reseau-mesure.com\\\/wp-content\\\/uploads\\\/2018\\\/02\\\/logo-max.png\",\"contentUrl\":\"https:\\\/\\\/www.reseau-mesure.com\\\/wp-content\\\/uploads\\\/2018\\\/02\\\/logo-max.png\",\"width\":545,\"height\":285,\"caption\":\"R\u00e9seau-Mesure\"},\"image\":{\"@id\":\"https:\\\/\\\/www.reseau-mesure.com\\\/#\\\/schema\\\/logo\\\/image\\\/\"},\"sameAs\":[\"https:\\\/\\\/www.facebook.com\\\/reseaumesure\\\/\",\"https:\\\/\\\/x.com\\\/ReseauMesure\",\"https:\\\/\\\/www.linkedin.com\\\/company\\\/reseau-mesure\\\/\"]}]}<\/script>\n<!-- \/ Yoast SEO plugin. -->","yoast_head_json":{"title":"R\u00e9seau Mesure Express 27 mai 2021 - R\u00e9seau Mesure","description":"R\u00e9seau Mesure Express 27 mai 2021. Finalisez votre participation pour l'assembl\u00e9e g\u00e9n\u00e9rale du 29 juin 2021","robots":{"index":"index","follow":"follow","max-snippet":"max-snippet:-1","max-image-preview":"max-image-preview:large","max-video-preview":"max-video-preview:-1"},"canonical":"https:\/\/www.reseau-mesure.com\/de\/reseau-mesure-express-27-mai-2021\/","og_locale":"de_DE","og_type":"article","og_title":"R\u00e9seau Mesure Express 27 mai 2021 - R\u00e9seau Mesure","og_description":"R\u00e9seau Mesure Express 27 mai 2021. Finalisez votre participation pour l'assembl\u00e9e g\u00e9n\u00e9rale du 29 juin 2021","og_url":"https:\/\/www.reseau-mesure.com\/de\/reseau-mesure-express-27-mai-2021\/","og_site_name":"R\u00e9seau Mesure","article_publisher":"https:\/\/www.facebook.com\/reseaumesure\/","article_modified_time":"2021-05-27T08:58:11+00:00","og_image":[{"url":"https:\/\/www.reseau-mesure.com\/wp-content\/uploads\/2020\/07\/20ku.jpeg","type":"","width":"","height":""}],"twitter_card":"summary_large_image","twitter_site":"@ReseauMesure","twitter_misc":{"Gesch\u00e4tzte Lesezeit":"3\u00a0Minuten"},"schema":{"@context":"https:\/\/schema.org","@graph":[{"@type":"WebPage","@id":"https:\/\/www.reseau-mesure.com\/de\/reseau-mesure-express-27-mai-2021\/","url":"https:\/\/www.reseau-mesure.com\/de\/reseau-mesure-express-27-mai-2021\/","name":"R\u00e9seau Mesure Express 27 mai 2021 - R\u00e9seau Mesure","isPartOf":{"@id":"https:\/\/www.reseau-mesure.com\/#website"},"primaryImageOfPage":{"@id":"https:\/\/www.reseau-mesure.com\/de\/reseau-mesure-express-27-mai-2021\/#primaryimage"},"image":{"@id":"https:\/\/www.reseau-mesure.com\/de\/reseau-mesure-express-27-mai-2021\/#primaryimage"},"thumbnailUrl":"https:\/\/www.reseau-mesure.com\/wp-content\/uploads\/2020\/07\/20ku.jpeg","datePublished":"2021-05-20T07:23:52+00:00","dateModified":"2021-05-27T08:58:11+00:00","description":"R\u00e9seau Mesure Express 27 mai 2021. Finalisez votre participation pour l'assembl\u00e9e g\u00e9n\u00e9rale du 29 juin 2021","breadcrumb":{"@id":"https:\/\/www.reseau-mesure.com\/de\/reseau-mesure-express-27-mai-2021\/#breadcrumb"},"inLanguage":"de","potentialAction":[{"@type":"ReadAction","target":["https:\/\/www.reseau-mesure.com\/de\/reseau-mesure-express-27-mai-2021\/"]}]},{"@type":"ImageObject","inLanguage":"de","@id":"https:\/\/www.reseau-mesure.com\/de\/reseau-mesure-express-27-mai-2021\/#primaryimage","url":"https:\/\/www.reseau-mesure.com\/wp-content\/uploads\/2020\/07\/20ku.jpeg","contentUrl":"https:\/\/www.reseau-mesure.com\/wp-content\/uploads\/2020\/07\/20ku.jpeg"},{"@type":"BreadcrumbList","@id":"https:\/\/www.reseau-mesure.com\/de\/reseau-mesure-express-27-mai-2021\/#breadcrumb","itemListElement":[{"@type":"ListItem","position":1,"name":"Accueil","item":"https:\/\/www.reseau-mesure.com\/"},{"@type":"ListItem","position":2,"name":"R\u00e9seau Mesure Express-20210527"}]},{"@type":"WebSite","@id":"https:\/\/www.reseau-mesure.com\/#website","url":"https:\/\/www.reseau-mesure.com\/","name":"Netzwerk-Messung","description":"Netzwerkma\u00dfnahme","publisher":{"@id":"https:\/\/www.reseau-mesure.com\/#organization"},"potentialAction":[{"@type":"SearchAction","target":{"@type":"EntryPoint","urlTemplate":"https:\/\/www.reseau-mesure.com\/?s={search_term_string}"},"query-input":{"@type":"PropertyValueSpecification","valueRequired":true,"valueName":"search_term_string"}}],"inLanguage":"de"},{"@type":"Organization","@id":"https:\/\/www.reseau-mesure.com\/#organization","name":"Netzwerk-Messung","url":"https:\/\/www.reseau-mesure.com\/","logo":{"@type":"ImageObject","inLanguage":"de","@id":"https:\/\/www.reseau-mesure.com\/#\/schema\/logo\/image\/","url":"https:\/\/www.reseau-mesure.com\/wp-content\/uploads\/2018\/02\/logo-max.png","contentUrl":"https:\/\/www.reseau-mesure.com\/wp-content\/uploads\/2018\/02\/logo-max.png","width":545,"height":285,"caption":"R\u00e9seau-Mesure"},"image":{"@id":"https:\/\/www.reseau-mesure.com\/#\/schema\/logo\/image\/"},"sameAs":["https:\/\/www.facebook.com\/reseaumesure\/","https:\/\/x.com\/ReseauMesure","https:\/\/www.linkedin.com\/company\/reseau-mesure\/"]}]}},"_links":{"self":[{"href":"https:\/\/www.reseau-mesure.com\/de\/wp-json\/wp\/v2\/pages\/13996","targetHints":{"allow":["GET"]}}],"collection":[{"href":"https:\/\/www.reseau-mesure.com\/de\/wp-json\/wp\/v2\/pages"}],"about":[{"href":"https:\/\/www.reseau-mesure.com\/de\/wp-json\/wp\/v2\/types\/page"}],"author":[{"embeddable":true,"href":"https:\/\/www.reseau-mesure.com\/de\/wp-json\/wp\/v2\/users\/685"}],"replies":[{"embeddable":true,"href":"https:\/\/www.reseau-mesure.com\/de\/wp-json\/wp\/v2\/comments?post=13996"}],"version-history":[{"count":0,"href":"https:\/\/www.reseau-mesure.com\/de\/wp-json\/wp\/v2\/pages\/13996\/revisions"}],"wp:attachment":[{"href":"https:\/\/www.reseau-mesure.com\/de\/wp-json\/wp\/v2\/media?parent=13996"}],"curies":[{"name":"wp","href":"https:\/\/api.w.org\/{rel}","templated":true}]}}