{"id":14061,"date":"2021-05-28T16:30:25","date_gmt":"2021-05-28T14:30:25","guid":{"rendered":"https:\/\/www.reseau-mesure.com\/?page_id=14061"},"modified":"2026-03-06T06:51:04","modified_gmt":"2026-03-06T05:51:04","slug":"tnt-2","status":"publish","type":"page","link":"https:\/\/www.reseau-mesure.com\/de\/tnt-2\/","title":{"rendered":"TNT"},"content":{"rendered":"<figure itemscope itemtype=\"https:\/\/schema.org\/ImageObject\">\n\t\t\t\t<img decoding=\"async\" src=\"https:\/\/www.reseau-mesure.com\/wp-content\/uploads\/2022\/01\/FedEx.jpg\" alt=\"logo fedex\" height=\"250\" width=\"260\" title=\"Fedex\" onerror=\"this.style.display='none'\" loading=\"lazy\" \/>\n\t<\/figure>\n<figure itemscope itemtype=\"https:\/\/schema.org\/ImageObject\">\n\t\t\t\t<img decoding=\"async\" src=\"https:\/\/www.reseau-mesure.com\/wp-content\/uploads\/2019\/04\/TNT-taille-web.jpg\" alt=\"TNT FEDEX\" height=\"179\" width=\"320\" title=\"TNT FEDEX\" onerror=\"this.style.display='none'\" loading=\"lazy\" \/>\n\t<\/figure>\n\t<h1><strong>PARTNERSCHAFT IM MESSNETZWERK - TNT \/ FEDEX<\/strong><\/h1>\n<p>&nbsp;<\/p>\n<p>&nbsp;<\/p>\n<p>The Measurement Network ist eine Partnerschaft mit TNT-FEDEX f\u00fcr Paketsendungen eingegangen.<\/p>\n<p>Das Messnetzwerk bietet seinen Mitgliedern die M\u00f6glichkeit, Ressourcen zu b\u00fcndeln und Eink\u00e4ufe au\u00dferhalb der Produktion zu optimieren, um den besten Service zu erhalten und die Kosten zu senken.<\/p>\n<p>Dieses Angebot gilt auch f\u00fcr CIFL- und Acsiel-Mitglieder. Das Angebot von TNT-FEDEX wurde von der Messnetzwerk-Arbeitsgruppe ausgew\u00e4hlt und erm\u00f6glicht allen Mitgliedsunternehmen, von Vorzugstarifen f\u00fcr nationale und internationale Paketsendungen und auf Paletten zu profitieren.<\/p>\n<p>Sie k\u00f6nnen die Preise konsultieren <b>auf Anfrage unter <a href=\"mailto:admin@reseau-mesure.com\">Netzwerkmessung .<\/a><\/b><\/p>\n<p>Si vous souhaitez b\u00e9n\u00e9ficier de cette offre tarifaire, il suffit de compl\u00e9ter le protocole et le transmettre au <a href=\"mailto:eduflot@reseau-mesure.com\">Netzwerkma\u00dfnahme<\/a>. Die Vertr\u00e4ge (oder \u00c4nderungen, wenn Sie bereits TNT-Kunde sind) werden Ihnen dann zur Unterzeichnung zugesandt, damit Sie dem Rahmenvertrag von TNT-FEDEX\/Measurement Network beigef\u00fcgt werden k\u00f6nnen.<\/p>\n<p>Es ist keine minimale oder maximale Versandgrenze erforderlich, der Vertrag ist nicht exklusiv und l\u00f6st keine Rechnungsstellung aus, wenn keine Sendung f\u00fcr TNT-FEDEX erfolgt.<\/p>\n\t\t\t<a href=\"https:\/\/www.reseau-mesure.com\/wp-content\/uploads\/2022\/02\/TNT-FR-SPS-PSF-Process-Expedition.docx\"  target=\"_blank\" rel=\"noopener\">\n\t\t\t\t\t\t\tSPS-Verfahren\n\t\t\t\t\t<\/a>","protected":false},"excerpt":{"rendered":"<p>PARTNERSCHAFT DES MEASURING NETWORK \u2013 TNT\/FEDEX Das Measurement Network hat eine Partnerschaft mit TNT-FEDEX f\u00fcr Paketsendungen aufgebaut. Das Messnetzwerk bietet seinen Mitgliedern die M\u00f6glichkeit, Ressourcen zu b\u00fcndeln und produktionsfremde Eink\u00e4ufe zu optimieren, um den besten Service zu erhalten und Kosten zu senken. Dieses Angebot gilt auch\u2026<\/p>","protected":false},"author":685,"featured_media":0,"parent":0,"menu_order":0,"comment_status":"closed","ping_status":"closed","template":"","meta":{"_acf_changed":false,"footnotes":""},"class_list":["post-14061","page","type-page","status-publish","hentry"],"acf":[],"yoast_head":"<!-- This site is optimized with the Yoast SEO plugin v27.4 - https:\/\/yoast.com\/product\/yoast-seo-wordpress\/ -->\n<title>TNT - R\u00e9seau Mesure<\/title>\n<meta name=\"description\" content=\"Partenariat TNT\/FEDEX avec le R\u00e9seau Mesure. B\u00e9n\u00e9ficiez de tarifs privil\u00e9gi\u00e9s pour les envois de colis au national et \u00e0 l&#039;international.\" \/>\n<meta name=\"robots\" content=\"index, follow, max-snippet:-1, max-image-preview:large, max-video-preview:-1\" \/>\n<link rel=\"canonical\" href=\"https:\/\/www.reseau-mesure.com\/de\/tnt-2\/\" \/>\n<meta property=\"og:locale\" content=\"de_DE\" \/>\n<meta property=\"og:type\" content=\"article\" \/>\n<meta property=\"og:title\" content=\"TNT - R\u00e9seau Mesure\" \/>\n<meta property=\"og:description\" content=\"Partenariat TNT\/FEDEX avec le R\u00e9seau Mesure. B\u00e9n\u00e9ficiez de tarifs privil\u00e9gi\u00e9s pour les envois de colis au national et \u00e0 l&#039;international.\" \/>\n<meta property=\"og:url\" content=\"https:\/\/www.reseau-mesure.com\/de\/tnt-2\/\" \/>\n<meta property=\"og:site_name\" content=\"R\u00e9seau Mesure\" \/>\n<meta property=\"article:publisher\" content=\"https:\/\/www.facebook.com\/reseaumesure\/\" \/>\n<meta property=\"article:modified_time\" content=\"2026-03-06T05:51:04+00:00\" \/>\n<meta property=\"og:image\" content=\"https:\/\/www.reseau-mesure.com\/wp-content\/uploads\/2022\/01\/FedEx.jpg\" \/>\n<meta name=\"twitter:card\" content=\"summary_large_image\" \/>\n<meta name=\"twitter:site\" content=\"@ReseauMesure\" \/>\n<meta name=\"twitter:label1\" content=\"Gesch\u00e4tzte Lesezeit\" \/>\n\t<meta name=\"twitter:data1\" content=\"2\u00a0Minuten\" \/>\n<script type=\"application\/ld+json\" class=\"yoast-schema-graph\">{\"@context\":\"https:\\\/\\\/schema.org\",\"@graph\":[{\"@type\":\"WebPage\",\"@id\":\"https:\\\/\\\/www.reseau-mesure.com\\\/tnt-2\\\/\",\"url\":\"https:\\\/\\\/www.reseau-mesure.com\\\/tnt-2\\\/\",\"name\":\"TNT - R\u00e9seau Mesure\",\"isPartOf\":{\"@id\":\"https:\\\/\\\/www.reseau-mesure.com\\\/#website\"},\"primaryImageOfPage\":{\"@id\":\"https:\\\/\\\/www.reseau-mesure.com\\\/tnt-2\\\/#primaryimage\"},\"image\":{\"@id\":\"https:\\\/\\\/www.reseau-mesure.com\\\/tnt-2\\\/#primaryimage\"},\"thumbnailUrl\":\"https:\\\/\\\/www.reseau-mesure.com\\\/wp-content\\\/uploads\\\/2022\\\/01\\\/FedEx.jpg\",\"datePublished\":\"2021-05-28T14:30:25+00:00\",\"dateModified\":\"2026-03-06T05:51:04+00:00\",\"description\":\"Partenariat TNT\\\/FEDEX avec le R\u00e9seau Mesure. B\u00e9n\u00e9ficiez de tarifs privil\u00e9gi\u00e9s pour les envois de colis au national et \u00e0 l'international.\",\"breadcrumb\":{\"@id\":\"https:\\\/\\\/www.reseau-mesure.com\\\/tnt-2\\\/#breadcrumb\"},\"inLanguage\":\"de\",\"potentialAction\":[{\"@type\":\"ReadAction\",\"target\":[\"https:\\\/\\\/www.reseau-mesure.com\\\/tnt-2\\\/\"]}]},{\"@type\":\"ImageObject\",\"inLanguage\":\"de\",\"@id\":\"https:\\\/\\\/www.reseau-mesure.com\\\/tnt-2\\\/#primaryimage\",\"url\":\"https:\\\/\\\/www.reseau-mesure.com\\\/wp-content\\\/uploads\\\/2022\\\/01\\\/FedEx.jpg\",\"contentUrl\":\"https:\\\/\\\/www.reseau-mesure.com\\\/wp-content\\\/uploads\\\/2022\\\/01\\\/FedEx.jpg\"},{\"@type\":\"BreadcrumbList\",\"@id\":\"https:\\\/\\\/www.reseau-mesure.com\\\/tnt-2\\\/#breadcrumb\",\"itemListElement\":[{\"@type\":\"ListItem\",\"position\":1,\"name\":\"Accueil\",\"item\":\"https:\\\/\\\/www.reseau-mesure.com\\\/\"},{\"@type\":\"ListItem\",\"position\":2,\"name\":\"TNT\"}]},{\"@type\":\"WebSite\",\"@id\":\"https:\\\/\\\/www.reseau-mesure.com\\\/#website\",\"url\":\"https:\\\/\\\/www.reseau-mesure.com\\\/\",\"name\":\"R\u00e9seau-Mesure\",\"description\":\"R\u00e9seau Mesure\",\"publisher\":{\"@id\":\"https:\\\/\\\/www.reseau-mesure.com\\\/#organization\"},\"potentialAction\":[{\"@type\":\"SearchAction\",\"target\":{\"@type\":\"EntryPoint\",\"urlTemplate\":\"https:\\\/\\\/www.reseau-mesure.com\\\/?s={search_term_string}\"},\"query-input\":{\"@type\":\"PropertyValueSpecification\",\"valueRequired\":true,\"valueName\":\"search_term_string\"}}],\"inLanguage\":\"de\"},{\"@type\":\"Organization\",\"@id\":\"https:\\\/\\\/www.reseau-mesure.com\\\/#organization\",\"name\":\"R\u00e9seau-Mesure\",\"url\":\"https:\\\/\\\/www.reseau-mesure.com\\\/\",\"logo\":{\"@type\":\"ImageObject\",\"inLanguage\":\"de\",\"@id\":\"https:\\\/\\\/www.reseau-mesure.com\\\/#\\\/schema\\\/logo\\\/image\\\/\",\"url\":\"https:\\\/\\\/www.reseau-mesure.com\\\/wp-content\\\/uploads\\\/2018\\\/02\\\/logo-max.png\",\"contentUrl\":\"https:\\\/\\\/www.reseau-mesure.com\\\/wp-content\\\/uploads\\\/2018\\\/02\\\/logo-max.png\",\"width\":545,\"height\":285,\"caption\":\"R\u00e9seau-Mesure\"},\"image\":{\"@id\":\"https:\\\/\\\/www.reseau-mesure.com\\\/#\\\/schema\\\/logo\\\/image\\\/\"},\"sameAs\":[\"https:\\\/\\\/www.facebook.com\\\/reseaumesure\\\/\",\"https:\\\/\\\/x.com\\\/ReseauMesure\",\"https:\\\/\\\/www.linkedin.com\\\/company\\\/reseau-mesure\\\/\"]}]}<\/script>\n<!-- \/ Yoast SEO plugin. -->","yoast_head_json":{"title":"TNT - R\u00e9seau Mesure","description":"Partenariat TNT\/FEDEX avec le R\u00e9seau Mesure. B\u00e9n\u00e9ficiez de tarifs privil\u00e9gi\u00e9s pour les envois de colis au national et \u00e0 l'international.","robots":{"index":"index","follow":"follow","max-snippet":"max-snippet:-1","max-image-preview":"max-image-preview:large","max-video-preview":"max-video-preview:-1"},"canonical":"https:\/\/www.reseau-mesure.com\/de\/tnt-2\/","og_locale":"de_DE","og_type":"article","og_title":"TNT - R\u00e9seau Mesure","og_description":"Partenariat TNT\/FEDEX avec le R\u00e9seau Mesure. B\u00e9n\u00e9ficiez de tarifs privil\u00e9gi\u00e9s pour les envois de colis au national et \u00e0 l'international.","og_url":"https:\/\/www.reseau-mesure.com\/de\/tnt-2\/","og_site_name":"R\u00e9seau Mesure","article_publisher":"https:\/\/www.facebook.com\/reseaumesure\/","article_modified_time":"2026-03-06T05:51:04+00:00","og_image":[{"url":"https:\/\/www.reseau-mesure.com\/wp-content\/uploads\/2022\/01\/FedEx.jpg","type":"","width":"","height":""}],"twitter_card":"summary_large_image","twitter_site":"@ReseauMesure","twitter_misc":{"Gesch\u00e4tzte Lesezeit":"2\u00a0Minuten"},"schema":{"@context":"https:\/\/schema.org","@graph":[{"@type":"WebPage","@id":"https:\/\/www.reseau-mesure.com\/tnt-2\/","url":"https:\/\/www.reseau-mesure.com\/tnt-2\/","name":"TNT - R\u00e9seau Mesure","isPartOf":{"@id":"https:\/\/www.reseau-mesure.com\/#website"},"primaryImageOfPage":{"@id":"https:\/\/www.reseau-mesure.com\/tnt-2\/#primaryimage"},"image":{"@id":"https:\/\/www.reseau-mesure.com\/tnt-2\/#primaryimage"},"thumbnailUrl":"https:\/\/www.reseau-mesure.com\/wp-content\/uploads\/2022\/01\/FedEx.jpg","datePublished":"2021-05-28T14:30:25+00:00","dateModified":"2026-03-06T05:51:04+00:00","description":"Partenariat TNT\/FEDEX avec le R\u00e9seau Mesure. B\u00e9n\u00e9ficiez de tarifs privil\u00e9gi\u00e9s pour les envois de colis au national et \u00e0 l'international.","breadcrumb":{"@id":"https:\/\/www.reseau-mesure.com\/tnt-2\/#breadcrumb"},"inLanguage":"de","potentialAction":[{"@type":"ReadAction","target":["https:\/\/www.reseau-mesure.com\/tnt-2\/"]}]},{"@type":"ImageObject","inLanguage":"de","@id":"https:\/\/www.reseau-mesure.com\/tnt-2\/#primaryimage","url":"https:\/\/www.reseau-mesure.com\/wp-content\/uploads\/2022\/01\/FedEx.jpg","contentUrl":"https:\/\/www.reseau-mesure.com\/wp-content\/uploads\/2022\/01\/FedEx.jpg"},{"@type":"BreadcrumbList","@id":"https:\/\/www.reseau-mesure.com\/tnt-2\/#breadcrumb","itemListElement":[{"@type":"ListItem","position":1,"name":"Accueil","item":"https:\/\/www.reseau-mesure.com\/"},{"@type":"ListItem","position":2,"name":"TNT"}]},{"@type":"WebSite","@id":"https:\/\/www.reseau-mesure.com\/#website","url":"https:\/\/www.reseau-mesure.com\/","name":"Netzwerk-Messung","description":"Netzwerkma\u00dfnahme","publisher":{"@id":"https:\/\/www.reseau-mesure.com\/#organization"},"potentialAction":[{"@type":"SearchAction","target":{"@type":"EntryPoint","urlTemplate":"https:\/\/www.reseau-mesure.com\/?s={search_term_string}"},"query-input":{"@type":"PropertyValueSpecification","valueRequired":true,"valueName":"search_term_string"}}],"inLanguage":"de"},{"@type":"Organization","@id":"https:\/\/www.reseau-mesure.com\/#organization","name":"Netzwerk-Messung","url":"https:\/\/www.reseau-mesure.com\/","logo":{"@type":"ImageObject","inLanguage":"de","@id":"https:\/\/www.reseau-mesure.com\/#\/schema\/logo\/image\/","url":"https:\/\/www.reseau-mesure.com\/wp-content\/uploads\/2018\/02\/logo-max.png","contentUrl":"https:\/\/www.reseau-mesure.com\/wp-content\/uploads\/2018\/02\/logo-max.png","width":545,"height":285,"caption":"R\u00e9seau-Mesure"},"image":{"@id":"https:\/\/www.reseau-mesure.com\/#\/schema\/logo\/image\/"},"sameAs":["https:\/\/www.facebook.com\/reseaumesure\/","https:\/\/x.com\/ReseauMesure","https:\/\/www.linkedin.com\/company\/reseau-mesure\/"]}]}},"_links":{"self":[{"href":"https:\/\/www.reseau-mesure.com\/de\/wp-json\/wp\/v2\/pages\/14061","targetHints":{"allow":["GET"]}}],"collection":[{"href":"https:\/\/www.reseau-mesure.com\/de\/wp-json\/wp\/v2\/pages"}],"about":[{"href":"https:\/\/www.reseau-mesure.com\/de\/wp-json\/wp\/v2\/types\/page"}],"author":[{"embeddable":true,"href":"https:\/\/www.reseau-mesure.com\/de\/wp-json\/wp\/v2\/users\/685"}],"replies":[{"embeddable":true,"href":"https:\/\/www.reseau-mesure.com\/de\/wp-json\/wp\/v2\/comments?post=14061"}],"version-history":[{"count":1,"href":"https:\/\/www.reseau-mesure.com\/de\/wp-json\/wp\/v2\/pages\/14061\/revisions"}],"predecessor-version":[{"id":30223,"href":"https:\/\/www.reseau-mesure.com\/de\/wp-json\/wp\/v2\/pages\/14061\/revisions\/30223"}],"wp:attachment":[{"href":"https:\/\/www.reseau-mesure.com\/de\/wp-json\/wp\/v2\/media?parent=14061"}],"curies":[{"name":"wp","href":"https:\/\/api.w.org\/{rel}","templated":true}]}}