{"id":14906,"date":"2021-09-15T21:36:38","date_gmt":"2021-09-15T19:36:38","guid":{"rendered":"https:\/\/www.reseau-mesure.com\/?page_id=14906"},"modified":"2021-09-15T21:58:57","modified_gmt":"2021-09-15T19:58:57","slug":"reseau-mesure-express-16-septembre-2021","status":"publish","type":"page","link":"https:\/\/www.reseau-mesure.com\/de\/reseau-mesure-express-16-septembre-2021\/","title":{"rendered":"Express-Messnetzwerk-20210916"},"content":{"rendered":"<img loading=\"lazy\" decoding=\"async\" src=\"https:\/\/www.reseau-mesure.com\/wp-content\/uploads\/2020\/07\/20ku.jpeg\" alt=\"R\u00e9seau Mesure Express\" itemprop=\"image\" height=\"300\" width=\"970\" title=\"Express Measurement Network Header\" onerror=\"this.style.display='none'\">\n<h1>\n\t\tExpress Measurement Network 16. September 2021\n\t<\/h1>\n<h2>\n\t\t<a href=\"https:\/\/www.reseau-mesure.com\/de\/le-reseau-mesure-2\/\" title=\"16.09.2021\" target=\"_blank\" rel=\"noopener\">\n\t\t16.09.2021\n\t\t<\/a>\n\t<\/h2>\n\t<h3><strong>Ein Netzwerk f\u00fcr seine Mitglieder durch seine Mitglieder<\/strong><\/h3>\n\t<p>R\u00e9seau Mesure Express 16. September 2021: Mitglieder k\u00f6nnen die Neuigkeiten des Verbandes in R\u00e9seau Mesure Express finden.<\/p>\n<p>Der Zeitplan f\u00fcr September<\/p>\n<h2>\n\t\t<a href=\"https:\/\/www.reseau-mesure.com\/de\/\" title=\"Qualiopi: Zertifizierung f\u00fcr Mitglieder des Messnetzwerks\" target=\"_blank\" rel=\"noopener\">\n\t\tQualiopi: Zertifizierung f\u00fcr Mitglieder des Messnetzwerks\n\t\t<\/a>\n\t<\/h2>\n\t<h2>Das Messnetz bietet Ihnen mehrere Aktionen an<\/h2>\n\t<p>Das sechste Arbeitstreffen f\u00fcr Mitglieder, die eine Qualiopi-Zertifizierung erhalten m\u00f6chten, findet statt <a href=\"https:\/\/www.reseau-mesure.com\/de\/evenements\/reunion-de-travail-qualiopi-2021-septembre-24\/\">Freitag, 24. September um 9:30 Uhr<\/a>.<\/p>\n\n<p>Damit Ihre Kunden ab dem 1. Januar 2022 ihren OPCO um finanzielle Unterst\u00fctzung f\u00fcr die von Ihnen angebotenen Schulungen bitten k\u00f6nnen, m\u00fcssen Sie Qualiopi-zertifiziert sein oder Ihre Schulung muss von einem Qualiopi-zertifizierten Schulungszentrum durchgef\u00fchrt werden.<\/p>\n\n\n<strong>1- Jahresformel f\u00fcr 600 \u20ac f\u00fcr 4 Schulungstage + 125 \u20ac f\u00fcr jeden weiteren Tag<\/strong><br>\nVor jeder Sitzung wird ein Z\u00e4hlbogen f\u00fcr die absolvierten Schulungstage ausgef\u00fcllt und unterschrieben. Beginn der Jahresformel am Tag der 1. Ausbildung.<br>\n\u2013 Rechnungsstellung von 600 \u20ac exkl. MwSt. bei Unterzeichnung des Protokolls<br>\nSobald die 4 Tage der Formel verwendet wurden:<br>\n\u2013 Vor jeder Schulung muss ein Kostenvoranschlag an das Measurement Network gesendet werden, wobei der Betrag um 125 \u20ac ohne Steuern\/Schulungstag im Vergleich zum Kundensatz reduziert wird.<br>\n\u2013 Das Messnetz erstellt den Vertrag zuhanden des Kunden.<br>\n\u2013 Die Rechnungsstellung erfolgt am Ende jeder Schulung.\n<strong>2- Verwaltungskosten in H\u00f6he von 20% der Gesamtfakturierung der Schulung<\/strong><br>\n\u2013 Vor jeder Schulung muss ein Kostenvoranschlag mit einem um 20% reduzierten Betrag im Vergleich zum Kundenpreis an das Measurement Network gesendet werden.<br>\n\u2013 Das Messnetz erstellt den Vertrag f\u00fcr den Endkunden.<br>\n\u2013 Die Rechnungsstellung erfolgt am Ende jeder Schulung.\n<p>&nbsp;<\/p>\n\t\t\t\t<a href=\"https:\/\/www.reseau-mesure.com\/de\/certification-qualiopi\/\" target=\"_blank\" rel=\"noopener\" itemprop=\"url\">\n\t\t\t\t<img loading=\"lazy\" decoding=\"async\" src=\"https:\/\/www.reseau-mesure.com\/wp-content\/uploads\/2021\/07\/logo-qualiopi-avec-action-de-formation.png\" alt=\"certification qualiopi action de formation\" itemprop=\"image\" height=\"825\" width=\"980\" title=\"qualiopi-Logo mit Trainingsaktion\" onerror=\"this.style.display='none'\">\n\t\t\t\t<\/a>\n\t\n<h2>\n\t\t<a href=\"https:\/\/www.reseau-mesure.com\/de\/evenements\/point-juridique-sur-le-teletravail-et-le-pass-sanitaire\/\" title=\"Entwicklung der Gesch\u00e4ftsmethoden nach der Gesundheitskrise\" target=\"_blank\" rel=\"noopener\">\n\t\tEntwicklung der Gesch\u00e4ftsmethoden nach der Gesundheitskrise\n\t\t<\/a>\n\t<\/h2>\n\t\t\t\t<a href=\"https:\/\/www.reseau-mesure.com\/de\/apres-covid-19\/\" target=\"_blank\" rel=\"noopener\" itemprop=\"url\">\n\t\t\t\t<img loading=\"lazy\" decoding=\"async\" src=\"https:\/\/www.reseau-mesure.com\/wp-content\/uploads\/2020\/07\/13043-scaled.jpg\" alt=\"Ressources humaines\" itemprop=\"image\" height=\"2560\" width=\"2560\" title=\"Meeting Icons Flat Set\" onerror=\"this.style.display='none'\">\n\t\t\t\t<\/a>\n\t<p>&nbsp;<\/p>\n<h2><strong>Die COVID-Krise hat uns veranlasst, unsere Arbeitsweise in Unternehmen weiterzuentwickeln<\/strong><\/h2>\n<p>Ihnen werden mehrere Ma\u00dfnahmen vorgeschlagen:<\/p>\n<ul>\n<li><a href=\"https:\/\/www.reseau-mesure.com\/de\/evenements\/reseau-mesure-groupe-rh-reunion-11\/\"><strong>Eine HR-Arbeitsgruppe<\/strong><\/a> Dies gibt Ihnen die M\u00f6glichkeit, Ihre bew\u00e4hrten Verfahren auszutauschen und die Entwicklung der Gesundheitssituation und ihre Folgen in den Einrichtungen zu diskutieren. <strong><em>N\u00e4chstes Treffen am 28. Oktober um 9:00 Uhr.<\/em><\/strong><\/li>\n<\/ul>\n<p>&nbsp;<\/p>\n<ul>\n<li>Ein Kalender von <strong><em><a href=\"https:\/\/eye.newscifl.fr\/c?p=wAbNAnnDxBA90I5-ENCW90tL0L7n0LLQyFhoRWTEEAhbE1fQq9DcSynQoffQkxVKPNC8-NlBaHR0cHM6Ly9jaWZsLmNvbS9tZWRpYS9tZWRpYS9DYWxlbmRyaWVyRm9ybWF0aW9uc0NJRkwyMDIxMjAyMi5wZGa4NWFjYjU1ZDZiODViNTMyYmNhMTQ4OWUztnpLVzlzR1FWUzU2bzY4NTRoWlFNM3fAtkJ5OElQcmw2UWRTVWFjME1GUTU3Y1GvZXllLm5ld3NjaWZsLmZyxBQfM37QmDHmQEJtMHgk4tCa0Nw2NtDX0MhJ\" data-link-id=\"CFsTV6vcSymh95MVSjy8-A\"> kaufm\u00e4nnische Ausbildung<\/a><\/em><\/strong> animiert von QWANTIQ mit dem CIFL. <strong>Ferntraining (3 oder 5 Module \u00e0 90 Minuten):<\/strong><\/li>\n<\/ul>\n<p>\u2013 Prospektion und Terminvereinbarung<\/p>\n<p>\u2013 Erfolgreich im Telesales<\/p>\n<p>\u2013 Remote-Manager<\/p>\n<p>\u2013 Aus der Ferne verkaufen<\/p>\n<p>\u2013 Verteidigen Sie seine Preise<\/p>\n<p>\u2013 Management von Handelsaktionen<\/p>\n\n<p>&nbsp;<\/p>\n<ul>\n<li>\n\nIm Rahmen unserer Kreuzvereinbarung mit CIFL bieten wir Ihnen einen Workshop an <em><strong>Dienstag, 28. September um 16:00 Uhr<\/strong><\/em><\/li>\n<\/ul>\n<h2>\n\t\t<a href=\"https:\/\/www.reseau-mesure.com\/de\/evenements\/cleantech-business-meeting-maroc\/\" title=\"Cleantech Business Meeting Marokko: Wassersektor\" target=\"_blank\" rel=\"noopener\">\n\t\tCleantech Business Meeting Marokko: Wassersektor\n\t\t<\/a>\n\t<\/h2>\n\t<strong>Im Rahmen der Entwicklung neuer Projekte arbeitet das OFFICE NATIONAL DE L&#039;ELECTICITE ET DE L&#039;EAU mit der franz\u00f6sischen Industrie- und Handelskammer von Marokko (CFCIM) zusammen, um neue franz\u00f6sische Unternehmen zu finden, die an den afrikanischen L\u00e4ndern interessiert sind Trinkwassererzeugung und fl\u00fcssige Sanit\u00e4rversorgung.<\/strong>\n<strong>Trinkwasserprojekt:<\/strong>\n<ul>\n<li>\u00dcberwachungs-\/Kontrollsysteme f\u00fcr Dioxine und Furane;<\/li>\n<li>Verst\u00e4rkung der Trinkwasserproduktion im Oujda-Taourirt-System aus dem Mohamed V \u2013 Machraa Hammadi-Komplex zu einem Preis von 1,2 Milliarden DH einschlie\u00dflich Steuern;<\/li>\n<li>Verst\u00e4rkung der Trinkwasserversorgung in Mekn\u00e8s vom Ouljate-Soltane-Staudamm zu einem Preis von 1 Milliarde DH inklusive Steuern;<\/li>\n<li>Verst\u00e4rkung der Trinkwasserversorgung der St\u00e4dte Laattaouia, ElKelaa des Sraghna und benachbarter Zentren aus dem Rocade-Bew\u00e4sserungskanal f\u00fcr 345 MDH inkl. MwSt.;<\/li>\n<li>St\u00e4rkung und Sicherung der Trinkwasserversorgung der Stadt Taza und der Region durch den Bab Louta-Staudamm zu einem Preis von 420 MDH inklusive Steuern;<\/li>\n<li>Verst\u00e4rkung der Trinkwasserversorgung der St\u00e4dte Rommani und Oulm\u00e8s durch den zuk\u00fcnftigen Tiddas-Staudamm f\u00fcr 300 MDH inkl. MwSt.;<\/li>\n<li>Verst\u00e4rkung der Trinkwasserversorgung der Stadt Es-semara durch Vollentsalzung zu einem Preis von 80 MDH inkl. MwSt.;<\/li>\n<li>Realisierung einer Meerwasserentnahme zur Verst\u00e4rkung der Trinkwasserversorgung der Stadt Laayoune durch Entsalzung f\u00fcr Kosten von 300 MDH inkl. MwSt<\/li>\n<li>Bed\u00fcrfnisse :<\/li>\n<li>Ingenieur-, Konstruktions- und Beratungsb\u00fcros, Ausr\u00fcstung (Beh\u00e4lter, Ventile, Rohre, St\u00fctzschellen, Rohrleitungen, Ventile usw.) Chemische Produkte f\u00fcr die Wasseraufbereitung; technischer Assistent, Entsalzungsanlagen.<\/li>\n<\/ul>\n<strong>Fl\u00fcssigkeitssanierungsprojekt:<\/strong>\n<ul>\n<li>Realisierung einer Kl\u00e4ranlage f\u00fcr die St\u00e4dte Ksar Sghir und Ksar Majaz zum Preis von 46 MDH inkl. MwSt.;<\/li>\n<li>Realisierung der Schlammtrocknung aus der Kl\u00e4ranlage der Stadt Nadore zu einem Preis von 35 MDH inkl. MwSt.;<\/li>\n<li>Bau eines Abwasserentsorgungsnetzes und einer Kl\u00e4ranlage f\u00fcr die Stadt Sidi Bouathmane zu einem Preis von 35 MDH inklusive Steuern;<\/li>\n<li>Verst\u00e4rkung des Abwasserentsorgungsnetzes der Stadt Guercif und Fertigstellung der Erweiterung der Kl\u00e4ranlage zu einem Preis von 48 MDH inklusive Steuern;<\/li>\n<li>Sanierung und Erweiterung des Abwassernetzes der Stadt Boulemane und Bau einer neuen Kl\u00e4ranlage zu einem Preis von 60 MDH inklusive Steuern;<\/li>\n<li>Sanierung und Erweiterung des Fl\u00fcssigsanierungsnetzes der Stadt Tiznit und Abschluss der Erweiterung und Sanierung der Kl\u00e4ranlage zu einem Preis von 102,5 MDH einschlie\u00dflich Steuern<\/li>\n<\/ul>\n<p>&nbsp;<\/p>\n\t\t\t\t<a href=\"https:\/\/www.reseau-mesure.com\/de\/evenements\/cleantech-business-meeting-maroc\/\" target=\"_blank\" rel=\"noopener\" itemprop=\"url\">\n\t\t\t\t<img loading=\"lazy\" decoding=\"async\" src=\"https:\/\/www.reseau-mesure.com\/wp-content\/uploads\/2021\/07\/Linkedin-webinaire-eau-2.jpg\" alt=\"Cleantech Business Meeting secteur de l'eau\" itemprop=\"image\" height=\"628\" width=\"1200\" title=\"Linkedin-Webinar-Wasser-2\" onerror=\"this.style.display='none'\">\n\t\t\t\t<\/a>\n\t<h1>Cleantech Business Meeting: Wasserwirtschaft<\/h1>\n<strong>Bed\u00fcrfnisse :<\/strong>\n<ul>\n<li>Technische Unterst\u00fctzung ; kosteng\u00fcnstige h\u00e4usliche Abwasserbehandlungssysteme, energieeffiziente Abwasserbehandlungssysteme; Technologien zur Kl\u00e4rschlammtrocknung.<\/li>\n<\/ul>\n<p>&nbsp;<\/p>\n<strong>Auf dem Programm dieses virtuellen Treffens:<\/strong>\n<ul>\n<li>Registrierung und \u00dcbermittlung von Bewerbungsunterlagen;<\/li>\n<li>Teilnahme am Online-Meeting mit Vertretern marokkanischer Auftragnehmer;<\/li>\n<li>Organisation von BtoB-Meetings mit den von den Auftraggebern ausgew\u00e4hlten Unternehmen, je nach Verf\u00fcgbarkeit.<\/li>\n<\/ul>\n<strong>Kontakt :&nbsp;<\/strong>\nMeriem FARIS<br>\nCleantech-Sektormanager<br>\nCFCIM Pole \u2013 Team Frankreich Export<br>\nMail: mfaris@cfcim.org Mobil: (+212) (0) 662 16 23 84<br>\nDirekt: (+212) (0) 522 43 96 27\n\t\t\t<a href=\"https:\/\/www.reseau-mesure.com\/de\/evenements\/\" target=\"_self\" role=\"button\" rel=\"noopener\">\n\t\t\t\t\t\t\tDie komplette Agenda des Messnetzes\n\t\t\t\t\t<\/a>\n\t\t\t\t<a href=\"https:\/\/www.reseau-mesure.com\/de\/evenements\/\" target=\"_blank\" rel=\"noopener\" itemprop=\"url\">\n\t\t\t\t<img loading=\"lazy\" decoding=\"async\" src=\"https:\/\/www.reseau-mesure.com\/wp-content\/uploads\/2020\/08\/Plan-de-travail-3niveau.png\" alt=\"R\u00e9seau Mesure Express Actualites\" itemprop=\"image\" height=\"3665\" width=\"5520\" title=\"Express Measurement Network News\" onerror=\"this.style.display='none'\">\n\t\t\t\t<\/a>\n\t<h1>Brause-Lounge<\/h1>\n\t\n\n<p>Er\u00f6ffnung der Schau in Anwesenheit von<\/p>\n<p>Xavier DELARUE, stellvertretender Pr\u00e4fekt f\u00fcr Chancengleichheit<\/p>\n<p>&amp;<\/p>\n<p>Alexandra DUBLANCHE, Vizepr\u00e4sidentin des Regionalrats der Ile-de-France<\/p>\n<p>&nbsp;<\/p>\n\n\t<h2>R\u00e9seau Mesure Express: Neuigkeiten zum Aktionsplan des Vereins<\/h2>","protected":false},"excerpt":{"rendered":"<p>R\u00e9seau Mesure Express 16.09.2021 16.09.2021 Ein Netzwerk f\u00fcr seine Mitglieder durch seine Mitglieder R\u00e9seau Mesure Express 16.09.2021: Mitglieder finden Neuigkeiten aus dem Verein im R\u00e9seau Mesure Express. Die September-Agenda von Qualiopi: Zertifizierung f\u00fcr Mitglieder des Messnetzes Das Messnetz bietet mehrere Aktionen ...<\/p>","protected":false},"author":720,"featured_media":0,"parent":0,"menu_order":0,"comment_status":"closed","ping_status":"closed","template":"","meta":{"_acf_changed":false,"footnotes":""},"class_list":["post-14906","page","type-page","status-publish","hentry"],"acf":[],"yoast_head":"<!-- This site is optimized with the Yoast SEO plugin v27.3 - https:\/\/yoast.com\/product\/yoast-seo-wordpress\/ -->\n<title>R\u00e9seau Mesure Express 16 septembre 2021 - R\u00e9seau Mesure<\/title>\n<meta name=\"description\" content=\"R\u00e9seau Mesure Express 16 septembre 2021. Les rendez-vous de septembre et octobre. Un r\u00e9seau par les adh\u00e9rents pour les adh\u00e9rents.\" \/>\n<meta name=\"robots\" content=\"index, follow, max-snippet:-1, max-image-preview:large, max-video-preview:-1\" \/>\n<link rel=\"canonical\" href=\"https:\/\/www.reseau-mesure.com\/de\/reseau-mesure-express-16-septembre-2021\/\" \/>\n<meta property=\"og:locale\" content=\"de_DE\" \/>\n<meta property=\"og:type\" content=\"article\" \/>\n<meta property=\"og:title\" content=\"R\u00e9seau Mesure Express 16 septembre 2021 - R\u00e9seau Mesure\" \/>\n<meta property=\"og:description\" content=\"R\u00e9seau Mesure Express 16 septembre 2021. Les rendez-vous de septembre et octobre. Un r\u00e9seau par les adh\u00e9rents pour les adh\u00e9rents.\" \/>\n<meta property=\"og:url\" content=\"https:\/\/www.reseau-mesure.com\/de\/reseau-mesure-express-16-septembre-2021\/\" \/>\n<meta property=\"og:site_name\" content=\"R\u00e9seau Mesure\" \/>\n<meta property=\"article:publisher\" content=\"https:\/\/www.facebook.com\/reseaumesure\/\" \/>\n<meta property=\"article:modified_time\" content=\"2021-09-15T19:58:57+00:00\" \/>\n<meta property=\"og:image\" content=\"https:\/\/www.reseau-mesure.com\/wp-content\/uploads\/2020\/07\/20ku.jpeg\" \/>\n<meta name=\"twitter:card\" content=\"summary_large_image\" \/>\n<meta name=\"twitter:site\" content=\"@ReseauMesure\" \/>\n<meta name=\"twitter:label1\" content=\"Gesch\u00e4tzte Lesezeit\" \/>\n\t<meta name=\"twitter:data1\" content=\"6\u00a0Minuten\" \/>\n<script type=\"application\/ld+json\" class=\"yoast-schema-graph\">{\"@context\":\"https:\\\/\\\/schema.org\",\"@graph\":[{\"@type\":\"WebPage\",\"@id\":\"https:\\\/\\\/www.reseau-mesure.com\\\/de\\\/reseau-mesure-express-16-septembre-2021\\\/\",\"url\":\"https:\\\/\\\/www.reseau-mesure.com\\\/de\\\/reseau-mesure-express-16-septembre-2021\\\/\",\"name\":\"R\u00e9seau Mesure Express 16 septembre 2021 - R\u00e9seau Mesure\",\"isPartOf\":{\"@id\":\"https:\\\/\\\/www.reseau-mesure.com\\\/#website\"},\"primaryImageOfPage\":{\"@id\":\"https:\\\/\\\/www.reseau-mesure.com\\\/de\\\/reseau-mesure-express-16-septembre-2021\\\/#primaryimage\"},\"image\":{\"@id\":\"https:\\\/\\\/www.reseau-mesure.com\\\/de\\\/reseau-mesure-express-16-septembre-2021\\\/#primaryimage\"},\"thumbnailUrl\":\"https:\\\/\\\/www.reseau-mesure.com\\\/wp-content\\\/uploads\\\/2020\\\/07\\\/20ku.jpeg\",\"datePublished\":\"2021-09-15T19:36:38+00:00\",\"dateModified\":\"2021-09-15T19:58:57+00:00\",\"description\":\"R\u00e9seau Mesure Express 16 septembre 2021. Les rendez-vous de septembre et octobre. Un r\u00e9seau par les adh\u00e9rents pour les adh\u00e9rents.\",\"breadcrumb\":{\"@id\":\"https:\\\/\\\/www.reseau-mesure.com\\\/de\\\/reseau-mesure-express-16-septembre-2021\\\/#breadcrumb\"},\"inLanguage\":\"de\",\"potentialAction\":[{\"@type\":\"ReadAction\",\"target\":[\"https:\\\/\\\/www.reseau-mesure.com\\\/de\\\/reseau-mesure-express-16-septembre-2021\\\/\"]}]},{\"@type\":\"ImageObject\",\"inLanguage\":\"de\",\"@id\":\"https:\\\/\\\/www.reseau-mesure.com\\\/de\\\/reseau-mesure-express-16-septembre-2021\\\/#primaryimage\",\"url\":\"https:\\\/\\\/www.reseau-mesure.com\\\/wp-content\\\/uploads\\\/2020\\\/07\\\/20ku.jpeg\",\"contentUrl\":\"https:\\\/\\\/www.reseau-mesure.com\\\/wp-content\\\/uploads\\\/2020\\\/07\\\/20ku.jpeg\"},{\"@type\":\"BreadcrumbList\",\"@id\":\"https:\\\/\\\/www.reseau-mesure.com\\\/de\\\/reseau-mesure-express-16-septembre-2021\\\/#breadcrumb\",\"itemListElement\":[{\"@type\":\"ListItem\",\"position\":1,\"name\":\"Accueil\",\"item\":\"https:\\\/\\\/www.reseau-mesure.com\\\/\"},{\"@type\":\"ListItem\",\"position\":2,\"name\":\"R\u00e9seau Mesure Express-20210916\"}]},{\"@type\":\"WebSite\",\"@id\":\"https:\\\/\\\/www.reseau-mesure.com\\\/#website\",\"url\":\"https:\\\/\\\/www.reseau-mesure.com\\\/\",\"name\":\"R\u00e9seau-Mesure\",\"description\":\"R\u00e9seau Mesure\",\"publisher\":{\"@id\":\"https:\\\/\\\/www.reseau-mesure.com\\\/#organization\"},\"potentialAction\":[{\"@type\":\"SearchAction\",\"target\":{\"@type\":\"EntryPoint\",\"urlTemplate\":\"https:\\\/\\\/www.reseau-mesure.com\\\/?s={search_term_string}\"},\"query-input\":{\"@type\":\"PropertyValueSpecification\",\"valueRequired\":true,\"valueName\":\"search_term_string\"}}],\"inLanguage\":\"de\"},{\"@type\":\"Organization\",\"@id\":\"https:\\\/\\\/www.reseau-mesure.com\\\/#organization\",\"name\":\"R\u00e9seau-Mesure\",\"url\":\"https:\\\/\\\/www.reseau-mesure.com\\\/\",\"logo\":{\"@type\":\"ImageObject\",\"inLanguage\":\"de\",\"@id\":\"https:\\\/\\\/www.reseau-mesure.com\\\/#\\\/schema\\\/logo\\\/image\\\/\",\"url\":\"https:\\\/\\\/www.reseau-mesure.com\\\/wp-content\\\/uploads\\\/2018\\\/02\\\/logo-max.png\",\"contentUrl\":\"https:\\\/\\\/www.reseau-mesure.com\\\/wp-content\\\/uploads\\\/2018\\\/02\\\/logo-max.png\",\"width\":545,\"height\":285,\"caption\":\"R\u00e9seau-Mesure\"},\"image\":{\"@id\":\"https:\\\/\\\/www.reseau-mesure.com\\\/#\\\/schema\\\/logo\\\/image\\\/\"},\"sameAs\":[\"https:\\\/\\\/www.facebook.com\\\/reseaumesure\\\/\",\"https:\\\/\\\/x.com\\\/ReseauMesure\",\"https:\\\/\\\/www.linkedin.com\\\/company\\\/reseau-mesure\\\/\"]}]}<\/script>\n<!-- \/ Yoast SEO plugin. -->","yoast_head_json":{"title":"R\u00e9seau Mesure Express 16 septembre 2021 - R\u00e9seau Mesure","description":"R\u00e9seau Mesure Express 16 septembre 2021. Les rendez-vous de septembre et octobre. Un r\u00e9seau par les adh\u00e9rents pour les adh\u00e9rents.","robots":{"index":"index","follow":"follow","max-snippet":"max-snippet:-1","max-image-preview":"max-image-preview:large","max-video-preview":"max-video-preview:-1"},"canonical":"https:\/\/www.reseau-mesure.com\/de\/reseau-mesure-express-16-septembre-2021\/","og_locale":"de_DE","og_type":"article","og_title":"R\u00e9seau Mesure Express 16 septembre 2021 - R\u00e9seau Mesure","og_description":"R\u00e9seau Mesure Express 16 septembre 2021. Les rendez-vous de septembre et octobre. Un r\u00e9seau par les adh\u00e9rents pour les adh\u00e9rents.","og_url":"https:\/\/www.reseau-mesure.com\/de\/reseau-mesure-express-16-septembre-2021\/","og_site_name":"R\u00e9seau Mesure","article_publisher":"https:\/\/www.facebook.com\/reseaumesure\/","article_modified_time":"2021-09-15T19:58:57+00:00","og_image":[{"url":"https:\/\/www.reseau-mesure.com\/wp-content\/uploads\/2020\/07\/20ku.jpeg","type":"","width":"","height":""}],"twitter_card":"summary_large_image","twitter_site":"@ReseauMesure","twitter_misc":{"Gesch\u00e4tzte Lesezeit":"6\u00a0Minuten"},"schema":{"@context":"https:\/\/schema.org","@graph":[{"@type":"WebPage","@id":"https:\/\/www.reseau-mesure.com\/de\/reseau-mesure-express-16-septembre-2021\/","url":"https:\/\/www.reseau-mesure.com\/de\/reseau-mesure-express-16-septembre-2021\/","name":"R\u00e9seau Mesure Express 16 septembre 2021 - R\u00e9seau Mesure","isPartOf":{"@id":"https:\/\/www.reseau-mesure.com\/#website"},"primaryImageOfPage":{"@id":"https:\/\/www.reseau-mesure.com\/de\/reseau-mesure-express-16-septembre-2021\/#primaryimage"},"image":{"@id":"https:\/\/www.reseau-mesure.com\/de\/reseau-mesure-express-16-septembre-2021\/#primaryimage"},"thumbnailUrl":"https:\/\/www.reseau-mesure.com\/wp-content\/uploads\/2020\/07\/20ku.jpeg","datePublished":"2021-09-15T19:36:38+00:00","dateModified":"2021-09-15T19:58:57+00:00","description":"R\u00e9seau Mesure Express 16 septembre 2021. Les rendez-vous de septembre et octobre. Un r\u00e9seau par les adh\u00e9rents pour les adh\u00e9rents.","breadcrumb":{"@id":"https:\/\/www.reseau-mesure.com\/de\/reseau-mesure-express-16-septembre-2021\/#breadcrumb"},"inLanguage":"de","potentialAction":[{"@type":"ReadAction","target":["https:\/\/www.reseau-mesure.com\/de\/reseau-mesure-express-16-septembre-2021\/"]}]},{"@type":"ImageObject","inLanguage":"de","@id":"https:\/\/www.reseau-mesure.com\/de\/reseau-mesure-express-16-septembre-2021\/#primaryimage","url":"https:\/\/www.reseau-mesure.com\/wp-content\/uploads\/2020\/07\/20ku.jpeg","contentUrl":"https:\/\/www.reseau-mesure.com\/wp-content\/uploads\/2020\/07\/20ku.jpeg"},{"@type":"BreadcrumbList","@id":"https:\/\/www.reseau-mesure.com\/de\/reseau-mesure-express-16-septembre-2021\/#breadcrumb","itemListElement":[{"@type":"ListItem","position":1,"name":"Accueil","item":"https:\/\/www.reseau-mesure.com\/"},{"@type":"ListItem","position":2,"name":"R\u00e9seau Mesure Express-20210916"}]},{"@type":"WebSite","@id":"https:\/\/www.reseau-mesure.com\/#website","url":"https:\/\/www.reseau-mesure.com\/","name":"Netzwerk-Messung","description":"Netzwerkma\u00dfnahme","publisher":{"@id":"https:\/\/www.reseau-mesure.com\/#organization"},"potentialAction":[{"@type":"SearchAction","target":{"@type":"EntryPoint","urlTemplate":"https:\/\/www.reseau-mesure.com\/?s={search_term_string}"},"query-input":{"@type":"PropertyValueSpecification","valueRequired":true,"valueName":"search_term_string"}}],"inLanguage":"de"},{"@type":"Organization","@id":"https:\/\/www.reseau-mesure.com\/#organization","name":"Netzwerk-Messung","url":"https:\/\/www.reseau-mesure.com\/","logo":{"@type":"ImageObject","inLanguage":"de","@id":"https:\/\/www.reseau-mesure.com\/#\/schema\/logo\/image\/","url":"https:\/\/www.reseau-mesure.com\/wp-content\/uploads\/2018\/02\/logo-max.png","contentUrl":"https:\/\/www.reseau-mesure.com\/wp-content\/uploads\/2018\/02\/logo-max.png","width":545,"height":285,"caption":"R\u00e9seau-Mesure"},"image":{"@id":"https:\/\/www.reseau-mesure.com\/#\/schema\/logo\/image\/"},"sameAs":["https:\/\/www.facebook.com\/reseaumesure\/","https:\/\/x.com\/ReseauMesure","https:\/\/www.linkedin.com\/company\/reseau-mesure\/"]}]}},"_links":{"self":[{"href":"https:\/\/www.reseau-mesure.com\/de\/wp-json\/wp\/v2\/pages\/14906","targetHints":{"allow":["GET"]}}],"collection":[{"href":"https:\/\/www.reseau-mesure.com\/de\/wp-json\/wp\/v2\/pages"}],"about":[{"href":"https:\/\/www.reseau-mesure.com\/de\/wp-json\/wp\/v2\/types\/page"}],"author":[{"embeddable":true,"href":"https:\/\/www.reseau-mesure.com\/de\/wp-json\/wp\/v2\/users\/720"}],"replies":[{"embeddable":true,"href":"https:\/\/www.reseau-mesure.com\/de\/wp-json\/wp\/v2\/comments?post=14906"}],"version-history":[{"count":0,"href":"https:\/\/www.reseau-mesure.com\/de\/wp-json\/wp\/v2\/pages\/14906\/revisions"}],"wp:attachment":[{"href":"https:\/\/www.reseau-mesure.com\/de\/wp-json\/wp\/v2\/media?parent=14906"}],"curies":[{"name":"wp","href":"https:\/\/api.w.org\/{rel}","templated":true}]}}