{"id":14953,"date":"2021-09-23T11:51:50","date_gmt":"2021-09-23T09:51:50","guid":{"rendered":"https:\/\/www.reseau-mesure.com\/?page_id=14953"},"modified":"2021-09-29T17:23:27","modified_gmt":"2021-09-29T15:23:27","slug":"simpel","status":"publish","type":"page","link":"https:\/\/www.reseau-mesure.com\/de\/simpel\/","title":{"rendered":"CLEODIS SIMPEL"},"content":{"rendered":"<h1><strong>\u00a0PARTNERSCHAFT IM MESSNETZWERK - CLEODIS - SIMPEL ANGEBOT<\/strong><\/h1>\n\n<p>&nbsp;<\/p>\n<p>Das Measurement Network hat eine Partnerschaft mit <a href=\"https:\/\/www.cleodis.com\/\">CLEODIS<\/a> um Ihre langfristigen Miet- und Abo-Angebote zu entwickeln: SIMPEL-Angebot.<\/p>\n<p>Ziel ist es, Mitgliedsunternehmen bei der Transformation ihres Modells zu unterst\u00fctzen; vom transaktionalen Verkauf zu einer Dienstleistungs\u00f6konomie zu wechseln und damit neue Markterwartungen zu erf\u00fcllen.<\/p>\n<h2>Bieten Sie Ihren Kunden neue Dienste an, indem Sie Ihre langfristigen Miet- und Abonnementangebote entwickeln<\/h2>\n\n<h2>SIMPEL BEGLEITET SIE: FINANZIERUNG UND VERWALTUNG VON 100% DES NUTZUNGSANGEBOT <\/h2>\n<ol>\n<li>SIMPEL entwickelt mit Ihnen ma\u00dfgeschneiderte Angebote, die auf das Gesch\u00e4ft Ihrer Kunden zugeschnitten sind.<\/li>\n<li>Sie kassieren beim Verkauf von Produkten und Dienstleistungen.<\/li>\n<li>SIMPEL verwaltet Vertr\u00e4ge direkt.<\/li>\n<li>Das finanzielle Risiko tr\u00e4gt SIMPEL.<\/li>\n<\/ol>\n<p>&nbsp;<\/p>\n<h3>Vermietung, eine Achse der Entwicklung Ihres Umsatzes<\/h3>\n<p>&nbsp;<\/p>\n\n<p>&nbsp;<\/p>\n<p>&nbsp;<\/p>\n<h2>INNOVATION UND VERMARKTUNG IHRER VERMIETUNGSPRODUKTE!<\/h2>\n<p>&nbsp;<\/p>\n\n<p>1.Integrieren Sie einen &quot;Mieten&quot;-Button auf allen Ihren Produktseiten.<\/p>\n<p>2. Gestalten Sie die Customer Journey einfach und schnell.<\/p>\n<p>3. Outsourcing des Vertragsmanagements.<\/p>\n<h2><b>WERTSCH\u00d6PFUNGSBEREICHE<\/b><\/h2>\n<p>&nbsp;<\/p>\n\n<p>&nbsp;<\/p>\n<p>&nbsp;<\/p>\n<h4><strong>Dank des Messnetzes profitieren Sie von privilegierten Konditionen:<\/strong><\/h4>\n\n<p>Es wird Mitgliedern des Messnetzwerks angeboten <strong>EINE 12 MONATE KOSTENLOSE ZEIT<\/strong> f\u00fcr das START- und FLUX-Angebot (ohne Optionen).<\/p>\n<p>Wenn Sie von diesem Tarifangebot profitieren m\u00f6chten, einfach ausf\u00fcllen <a href=\"https:\/\/www.reseau-mesure.com\/wp-content\/uploads\/2021\/09\/Protocole-CLEODIS-SIMPEL-Reseau-Mesure.pdf\">das Protokoll<\/a> und senden Sie es an <a href=\"mailto:eduflot@reseau-mesure.com\">Netzwerkma\u00dfnahme<\/a>.<\/p>\n\t\t\t<a href=\"https:\/\/www.reseau-mesure.com\/wp-content\/uploads\/2021\/09\/Protocole-CLEODIS-SIMPEL-Reseau-Mesure.pdf\" target=\"_blank\" role=\"button\" rel=\"noopener\">\n\t\t\t\t\t\t\tLaden Sie das Protokoll herunter\n\t\t\t\t\t<\/a>","protected":false},"excerpt":{"rendered":"<p>\u00a0MESURE NETWORK PARTNERSHIP - CLEODIS - SIMPEL ANGEBOT Das Measurement Network hat eine Partnerschaft mit CLEODIS geschlossen, um Ihre langfristigen Miet- und Abonnementangebote zu entwickeln: das SIMPEL-Angebot. Ziel ist es, Mitgliedsunternehmen bei der Transformation ihres Modells zu unterst\u00fctzen; vom transaktionalen Verkauf zu einer \u00d6konomie \u00fcbergehen ...<\/p>","protected":false},"author":720,"featured_media":0,"parent":0,"menu_order":0,"comment_status":"closed","ping_status":"closed","template":"","meta":{"_acf_changed":false,"footnotes":""},"class_list":["post-14953","page","type-page","status-publish","hentry"],"acf":[],"yoast_head":"<!-- This site is optimized with the Yoast SEO plugin v27.3 - https:\/\/yoast.com\/product\/yoast-seo-wordpress\/ -->\n<title>CLEODIS SIMPEL - R\u00e9seau Mesure<\/title>\n<meta name=\"description\" content=\"Partenariat CLEODIS -SIMPEL avec le R\u00e9seau Mesure. B\u00e9n\u00e9ficiez de tarifs privil\u00e9gi\u00e9s pour des offres de location.\" \/>\n<meta name=\"robots\" content=\"index, follow, max-snippet:-1, max-image-preview:large, max-video-preview:-1\" \/>\n<link rel=\"canonical\" href=\"https:\/\/www.reseau-mesure.com\/de\/simpel\/\" \/>\n<meta property=\"og:locale\" content=\"de_DE\" \/>\n<meta property=\"og:type\" content=\"article\" \/>\n<meta property=\"og:title\" content=\"CLEODIS SIMPEL - R\u00e9seau Mesure\" \/>\n<meta property=\"og:description\" content=\"Partenariat CLEODIS -SIMPEL avec le R\u00e9seau Mesure. B\u00e9n\u00e9ficiez de tarifs privil\u00e9gi\u00e9s pour des offres de location.\" \/>\n<meta property=\"og:url\" content=\"https:\/\/www.reseau-mesure.com\/de\/simpel\/\" \/>\n<meta property=\"og:site_name\" content=\"R\u00e9seau Mesure\" \/>\n<meta property=\"article:publisher\" content=\"https:\/\/www.facebook.com\/reseaumesure\/\" \/>\n<meta property=\"article:modified_time\" content=\"2021-09-29T15:23:27+00:00\" \/>\n<meta name=\"twitter:card\" content=\"summary_large_image\" \/>\n<meta name=\"twitter:site\" content=\"@ReseauMesure\" \/>\n<meta name=\"twitter:label1\" content=\"Gesch\u00e4tzte Lesezeit\" \/>\n\t<meta name=\"twitter:data1\" content=\"1\u00a0Minute\" \/>\n<script type=\"application\/ld+json\" class=\"yoast-schema-graph\">{\"@context\":\"https:\\\/\\\/schema.org\",\"@graph\":[{\"@type\":\"WebPage\",\"@id\":\"https:\\\/\\\/www.reseau-mesure.com\\\/simpel\\\/\",\"url\":\"https:\\\/\\\/www.reseau-mesure.com\\\/simpel\\\/\",\"name\":\"CLEODIS SIMPEL - R\u00e9seau Mesure\",\"isPartOf\":{\"@id\":\"https:\\\/\\\/www.reseau-mesure.com\\\/#website\"},\"datePublished\":\"2021-09-23T09:51:50+00:00\",\"dateModified\":\"2021-09-29T15:23:27+00:00\",\"description\":\"Partenariat CLEODIS -SIMPEL avec le R\u00e9seau Mesure. B\u00e9n\u00e9ficiez de tarifs privil\u00e9gi\u00e9s pour des offres de location.\",\"breadcrumb\":{\"@id\":\"https:\\\/\\\/www.reseau-mesure.com\\\/simpel\\\/#breadcrumb\"},\"inLanguage\":\"de\",\"potentialAction\":[{\"@type\":\"ReadAction\",\"target\":[\"https:\\\/\\\/www.reseau-mesure.com\\\/simpel\\\/\"]}]},{\"@type\":\"BreadcrumbList\",\"@id\":\"https:\\\/\\\/www.reseau-mesure.com\\\/simpel\\\/#breadcrumb\",\"itemListElement\":[{\"@type\":\"ListItem\",\"position\":1,\"name\":\"Accueil\",\"item\":\"https:\\\/\\\/www.reseau-mesure.com\\\/\"},{\"@type\":\"ListItem\",\"position\":2,\"name\":\"CLEODIS SIMPEL\"}]},{\"@type\":\"WebSite\",\"@id\":\"https:\\\/\\\/www.reseau-mesure.com\\\/#website\",\"url\":\"https:\\\/\\\/www.reseau-mesure.com\\\/\",\"name\":\"R\u00e9seau-Mesure\",\"description\":\"R\u00e9seau Mesure\",\"publisher\":{\"@id\":\"https:\\\/\\\/www.reseau-mesure.com\\\/#organization\"},\"potentialAction\":[{\"@type\":\"SearchAction\",\"target\":{\"@type\":\"EntryPoint\",\"urlTemplate\":\"https:\\\/\\\/www.reseau-mesure.com\\\/?s={search_term_string}\"},\"query-input\":{\"@type\":\"PropertyValueSpecification\",\"valueRequired\":true,\"valueName\":\"search_term_string\"}}],\"inLanguage\":\"de\"},{\"@type\":\"Organization\",\"@id\":\"https:\\\/\\\/www.reseau-mesure.com\\\/#organization\",\"name\":\"R\u00e9seau-Mesure\",\"url\":\"https:\\\/\\\/www.reseau-mesure.com\\\/\",\"logo\":{\"@type\":\"ImageObject\",\"inLanguage\":\"de\",\"@id\":\"https:\\\/\\\/www.reseau-mesure.com\\\/#\\\/schema\\\/logo\\\/image\\\/\",\"url\":\"https:\\\/\\\/www.reseau-mesure.com\\\/wp-content\\\/uploads\\\/2018\\\/02\\\/logo-max.png\",\"contentUrl\":\"https:\\\/\\\/www.reseau-mesure.com\\\/wp-content\\\/uploads\\\/2018\\\/02\\\/logo-max.png\",\"width\":545,\"height\":285,\"caption\":\"R\u00e9seau-Mesure\"},\"image\":{\"@id\":\"https:\\\/\\\/www.reseau-mesure.com\\\/#\\\/schema\\\/logo\\\/image\\\/\"},\"sameAs\":[\"https:\\\/\\\/www.facebook.com\\\/reseaumesure\\\/\",\"https:\\\/\\\/x.com\\\/ReseauMesure\",\"https:\\\/\\\/www.linkedin.com\\\/company\\\/reseau-mesure\\\/\"]}]}<\/script>\n<!-- \/ Yoast SEO plugin. -->","yoast_head_json":{"title":"CLEODIS SIMPEL - R\u00e9seau Mesure","description":"Partenariat CLEODIS -SIMPEL avec le R\u00e9seau Mesure. B\u00e9n\u00e9ficiez de tarifs privil\u00e9gi\u00e9s pour des offres de location.","robots":{"index":"index","follow":"follow","max-snippet":"max-snippet:-1","max-image-preview":"max-image-preview:large","max-video-preview":"max-video-preview:-1"},"canonical":"https:\/\/www.reseau-mesure.com\/de\/simpel\/","og_locale":"de_DE","og_type":"article","og_title":"CLEODIS SIMPEL - R\u00e9seau Mesure","og_description":"Partenariat CLEODIS -SIMPEL avec le R\u00e9seau Mesure. B\u00e9n\u00e9ficiez de tarifs privil\u00e9gi\u00e9s pour des offres de location.","og_url":"https:\/\/www.reseau-mesure.com\/de\/simpel\/","og_site_name":"R\u00e9seau Mesure","article_publisher":"https:\/\/www.facebook.com\/reseaumesure\/","article_modified_time":"2021-09-29T15:23:27+00:00","twitter_card":"summary_large_image","twitter_site":"@ReseauMesure","twitter_misc":{"Gesch\u00e4tzte Lesezeit":"1\u00a0Minute"},"schema":{"@context":"https:\/\/schema.org","@graph":[{"@type":"WebPage","@id":"https:\/\/www.reseau-mesure.com\/simpel\/","url":"https:\/\/www.reseau-mesure.com\/simpel\/","name":"CLEODIS SIMPEL - R\u00e9seau Mesure","isPartOf":{"@id":"https:\/\/www.reseau-mesure.com\/#website"},"datePublished":"2021-09-23T09:51:50+00:00","dateModified":"2021-09-29T15:23:27+00:00","description":"Partenariat CLEODIS -SIMPEL avec le R\u00e9seau Mesure. B\u00e9n\u00e9ficiez de tarifs privil\u00e9gi\u00e9s pour des offres de location.","breadcrumb":{"@id":"https:\/\/www.reseau-mesure.com\/simpel\/#breadcrumb"},"inLanguage":"de","potentialAction":[{"@type":"ReadAction","target":["https:\/\/www.reseau-mesure.com\/simpel\/"]}]},{"@type":"BreadcrumbList","@id":"https:\/\/www.reseau-mesure.com\/simpel\/#breadcrumb","itemListElement":[{"@type":"ListItem","position":1,"name":"Accueil","item":"https:\/\/www.reseau-mesure.com\/"},{"@type":"ListItem","position":2,"name":"CLEODIS SIMPEL"}]},{"@type":"WebSite","@id":"https:\/\/www.reseau-mesure.com\/#website","url":"https:\/\/www.reseau-mesure.com\/","name":"Netzwerk-Messung","description":"Netzwerkma\u00dfnahme","publisher":{"@id":"https:\/\/www.reseau-mesure.com\/#organization"},"potentialAction":[{"@type":"SearchAction","target":{"@type":"EntryPoint","urlTemplate":"https:\/\/www.reseau-mesure.com\/?s={search_term_string}"},"query-input":{"@type":"PropertyValueSpecification","valueRequired":true,"valueName":"search_term_string"}}],"inLanguage":"de"},{"@type":"Organization","@id":"https:\/\/www.reseau-mesure.com\/#organization","name":"Netzwerk-Messung","url":"https:\/\/www.reseau-mesure.com\/","logo":{"@type":"ImageObject","inLanguage":"de","@id":"https:\/\/www.reseau-mesure.com\/#\/schema\/logo\/image\/","url":"https:\/\/www.reseau-mesure.com\/wp-content\/uploads\/2018\/02\/logo-max.png","contentUrl":"https:\/\/www.reseau-mesure.com\/wp-content\/uploads\/2018\/02\/logo-max.png","width":545,"height":285,"caption":"R\u00e9seau-Mesure"},"image":{"@id":"https:\/\/www.reseau-mesure.com\/#\/schema\/logo\/image\/"},"sameAs":["https:\/\/www.facebook.com\/reseaumesure\/","https:\/\/x.com\/ReseauMesure","https:\/\/www.linkedin.com\/company\/reseau-mesure\/"]}]}},"_links":{"self":[{"href":"https:\/\/www.reseau-mesure.com\/de\/wp-json\/wp\/v2\/pages\/14953","targetHints":{"allow":["GET"]}}],"collection":[{"href":"https:\/\/www.reseau-mesure.com\/de\/wp-json\/wp\/v2\/pages"}],"about":[{"href":"https:\/\/www.reseau-mesure.com\/de\/wp-json\/wp\/v2\/types\/page"}],"author":[{"embeddable":true,"href":"https:\/\/www.reseau-mesure.com\/de\/wp-json\/wp\/v2\/users\/720"}],"replies":[{"embeddable":true,"href":"https:\/\/www.reseau-mesure.com\/de\/wp-json\/wp\/v2\/comments?post=14953"}],"version-history":[{"count":0,"href":"https:\/\/www.reseau-mesure.com\/de\/wp-json\/wp\/v2\/pages\/14953\/revisions"}],"wp:attachment":[{"href":"https:\/\/www.reseau-mesure.com\/de\/wp-json\/wp\/v2\/media?parent=14953"}],"curies":[{"name":"wp","href":"https:\/\/api.w.org\/{rel}","templated":true}]}}