{"id":15174,"date":"2021-10-27T11:41:29","date_gmt":"2021-10-27T09:41:29","guid":{"rendered":"https:\/\/www.reseau-mesure.com\/?page_id=15174"},"modified":"2021-10-27T17:33:44","modified_gmt":"2021-10-27T15:33:44","slug":"reseau-mesure-express-28-octobre-2021","status":"publish","type":"page","link":"https:\/\/www.reseau-mesure.com\/de\/reseau-mesure-express-28-octobre-2021\/","title":{"rendered":"Express-Messnetzwerk-20211028"},"content":{"rendered":"<img loading=\"lazy\" decoding=\"async\" src=\"https:\/\/www.reseau-mesure.com\/wp-content\/uploads\/2020\/07\/20ku.jpeg\" alt=\"R\u00e9seau Mesure Express\" itemprop=\"image\" height=\"300\" width=\"970\" title=\"Express Measurement Network Header\" onerror=\"this.style.display='none'\">\n<h1>\n\t\tExpress Measurement Network 28. Oktober 2021\n\t<\/h1>\n<h2>\n\t\t<a href=\"https:\/\/www.reseau-mesure.com\/de\/le-reseau-mesure-2\/\" title=\"28.10.2021\" target=\"_blank\" rel=\"noopener\">\n\t\t28.10.2021\n\t\t<\/a>\n\t<\/h2>\n\t<h3><strong>Ein Netzwerk f\u00fcr seine Mitglieder durch seine Mitglieder<\/strong><\/h3>\n\t<p>R\u00e9seau Mesure Express 28 octobre 2021 : les adh\u00e9rents peuvent retrouver l&rsquo;actualit\u00e9 de l&rsquo;association dans R\u00e9seau Mesure Express.<\/p>\n<p>Entwickeln Sie Ihre Kommunikation, um neue M\u00e4rkte zu erreichen.<\/p>\n<h2>\n\t\t<a href=\"https:\/\/mesures-solutions-expo.fr\/\" title=\"Buchen Sie Ihren Platz auf der Mesures Solutions EXPO 2022\" target=\"_blank\" rel=\"noopener\">\n\t\tBuchen Sie Ihren Platz auf der Mesures Solutions EXPO 2022\n\t\t<\/a>\n\t<\/h2>\n\t<h1><strong>Die St\u00e4rke des Messnetzwerks zum Nutzen der Messakteure.<\/strong><\/h1>\n\t<p>&nbsp;<\/p>\n<p>Diese Veranstaltung, die aus dem Willen der Mitglieder des Messnetzwerks hervorgegangen ist, wird seit 20216 in Partnerschaft mit der organisiert <strong>Franz\u00f6sisches College f\u00fcr Metrologie<\/strong> (CFM) et plusieurs acteurs de la formation, du recrutement et de la communication. En un seul lieu, il pr\u00e9sentera l&rsquo;exhaustivit\u00e9 de l&rsquo;offre de la Mesure, du monde de la recherche \u00e0 celui de la production, des solutions actuelles aux perspectives futures.<\/p>\n\n\n<ul>\n<li><strong>300 Marken vertreten durch 130 Aussteller<\/strong><\/li>\n<li><strong>Der CFM-Partner der MSE 2022 in Lyon<\/strong><\/li>\n<li><strong>L&rsquo;innovation au c\u0153ur de <\/strong><strong>Ma\u00dfnahmen L\u00f6sungen <\/strong>MESSE<strong>2022 <\/strong><\/li>\n<li><strong>Ein Arbeits- und Ausbildungsplatz<\/strong><\/li>\n<\/ul>\n\n\n\t\t\t\t<a href=\"https:\/\/mesures-solutions-expo.fr\/\" target=\"_blank\" rel=\"noopener\" itemprop=\"url\">\n\t\t\t\t<img loading=\"lazy\" decoding=\"async\" src=\"https:\/\/www.reseau-mesure.com\/wp-content\/uploads\/2021\/10\/logo-mse-2022-v.cso_.jpg\" alt=\"Mesures Solutions EXPO 2022\" itemprop=\"image\" height=\"563\" width=\"1046\" title=\"mse 2022-Logo\" onerror=\"this.style.display='none'\">\n\t\t\t\t<\/a>\n\t\t\t<a href=\"https:\/\/mesures-solutions-expo.fr\/inscription\/\" target=\"_blank\" role=\"button\" rel=\"noopener\">\n\t\t\t\t\t\t\tAnmeldungen\n\t\t\t\t\t<\/a>\n<h2>\n\t\t<a href=\"https:\/\/www.reseau-mesure.com\/de\/evenements\/ibs-2021-le-salon\/\" title=\"Eine neue Zeitschrift f\u00fcr Mitglieder des Measurement Network\" target=\"_blank\" rel=\"noopener\">\n\t\tEine neue Zeitschrift f\u00fcr Mitglieder des Measurement Network\n\t\t<\/a>\n\t<\/h2>\n\t\t\t\t<a href=\"https:\/\/www.ibs-event.com\/\" target=\"_blank\" rel=\"noopener\" itemprop=\"url\">\n\t\t\t\t<img loading=\"lazy\" decoding=\"async\" src=\"https:\/\/www.reseau-mesure.com\/wp-content\/uploads\/2021\/10\/Courrier-Kit-media-2022.jpg\" alt=\"CFP\" itemprop=\"image\" height=\"1604\" width=\"1110\" title=\"CFP\" onerror=\"this.style.display='none'\">\n\t\t\t\t<\/a>\n\t<p>&nbsp;<\/p>\n\n<p>La revue CFP &#8211; Chaud Froid Performance, pr\u00e9pare pour son num\u00e9ro de d\u00e9cembre une enqu\u00eate produits consacr\u00e9e \u00e0 la mesure et l&rsquo;instrumentation dans le g\u00e9nie climatique. CPF publiera un panorama des outils de mesure et de contr\u00f4le des param\u00e8tres essentiels au bon fonctionnement des installations de chauffage et d&rsquo;eau chaude sanitaire, \u00e9l\u00e9ments indispensables \u00e0 la ma\u00eetrise de l&rsquo;efficacit\u00e9 \u00e9nerg\u00e9tique des b\u00e2timents en optimisant les consommations.<\/p>\n<p>CFP ist die Fachzeitschrift f\u00fcr HLK- und Sanit\u00e4rtechnik-Profis,<\/p>\n<p>La Revue CFP, diffus\u00e9e sur abonnement, s&rsquo;adresse aux&nbsp;prescripteurs, bureaux d&rsquo;\u00e9tudes (BE) et entreprises d&rsquo;installation en g\u00e9nie climatique,<\/p>\n<p>Die Auflage betr\u00e4gt 3,4 oder mehr als 50.000 Leser pro Ausgabe,<\/p>\n<p>L&rsquo;\u00e9dition num\u00e9rique enrichie de CFP est envoy\u00e9e chaque mois par mail \u00e0 nos lecteurs<\/p>\n<p>Pour information, voici le lien vers la version num\u00e9rique du dernier num\u00e9ro&nbsp;:<\/p>\n\n<p>Identifiant :&nbsp; cfp 858 offert &#8211; Mot de passe : N2vm4NvV5<\/p>\n<p><strong>V\u00e9ronique Maille<\/strong> sera ravie d&rsquo;adresser une proposition commerciale adapt\u00e9e aux adh\u00e9rents du R\u00e9seau Mesure pour une insertion publicitaire \u00e0 cette occasion.<\/p>\n\n<p>Werbedirektor<\/p>\n<p>CFP-\u00dcberpr\u00fcfung<\/p>\n<p>6, passage Tenaille &#8211; 75014 Paris<\/p>\n<p>Tel.&nbsp; + 33 (0) 1 45 40 31 44\/M. + 33 (0) 6 78 17 58 84<\/p>\n\n\n\n\n\t\t\t<a href=\"https:\/\/www.reseau-mesure.com\/wp-content\/uploads\/2021\/10\/CFP-Kit-media-2021.pdf\" target=\"_blank\" role=\"button\" rel=\"noopener\">\n\t\t\t\t\t\t\tLaden Sie das Medienkit 2021 herunter\n\t\t\t\t\t<\/a>\n<h2>\n\t\t<a href=\"https:\/\/clusterems.org\/valorisation-des-eaux-urbaines-16-septembre-2021\/\" title=\"Info Chimie Magazin und Industrie Pharma\" target=\"_blank\" rel=\"noopener\">\n\t\tInfo Chimie Magazin und Industrie Pharma\n\t\t<\/a>\n\t<\/h2>\n\t\n<p>&nbsp;<\/p>\nLe Guide des Fournisseurs est le r\u00e9pertoire des mat\u00e9riels, des \u00e9quipements et des services destin\u00e9s \u00e0 l&rsquo;industrie chimique, parachimique et pharmaceutique.<br>\nC&rsquo;est l&rsquo;outil de travail indispensable pour les directions de la production, des achats, de l&rsquo;entretien, de la s\u00e9curit\u00e9 et des ventes.\n\n<p>Das <strong>PACKPR\u00c4SENZ<\/strong> (siehe Seite 2):<\/p>\n<p><strong>Ihr Logo<\/strong> in 1 bis 20 Rubriken w\u00e4hrend <strong>1 Jahr f\u00fcr 495 \u20ac exkl. Mwst.<\/strong> dh 45% Rabatt.<\/p>\n<p>Kontakt :<\/p>\n\n<p>Account Manager<\/p>\n\n<p>&nbsp;<\/p>\n\n\t\t\t\t<a href=\"https:\/\/www.weezevent.com\/valorisation-eaux-urbaines-bassins-et-piscines-infiltration-sols-retension\" target=\"_blank\" rel=\"noopener\" itemprop=\"url\">\n\t\t\t\t<img loading=\"lazy\" decoding=\"async\" src=\"https:\/\/www.reseau-mesure.com\/wp-content\/uploads\/2021\/10\/visuel-guide-des-fournisseurs.jpg\" alt=\"visuel guide des fournisseurs\" itemprop=\"image\" height=\"380\" width=\"295\" title=\"visueller Lieferantenleitfaden\" onerror=\"this.style.display='none'\">\n\t\t\t\t<\/a>\n\t\t\t<a href=\"https:\/\/www.reseau-mesure.com\/wp-content\/uploads\/2021\/10\/Quest2022_V3.pdf\" target=\"_blank\" role=\"button\" rel=\"noopener\">\n\t\t\t\t\t\t\tT\u00e9l\u00e9chargez l&rsquo;offre compl\u00e8te\n\t\t\t\t\t<\/a>\n\t\t\t<a href=\"https:\/\/www.reseau-mesure.com\/de\/evenements\/\" target=\"_self\" role=\"button\" rel=\"noopener\">\n\t\t\t\t\t\t\tDie komplette Agenda des Messnetzes\n\t\t\t\t\t<\/a>\n\t\t\t\t<a href=\"https:\/\/www.reseau-mesure.com\/de\/evenements\/\" target=\"_blank\" rel=\"noopener\" itemprop=\"url\">\n\t\t\t\t<img loading=\"lazy\" decoding=\"async\" src=\"https:\/\/www.reseau-mesure.com\/wp-content\/uploads\/2020\/08\/Plan-de-travail-3niveau.png\" alt=\"R\u00e9seau Mesure Express Actualites\" itemprop=\"image\" height=\"3665\" width=\"5520\" title=\"Express Measurement Network News\" onerror=\"this.style.display='none'\">\n\t\t\t\t<\/a>\n\t<h1>Neuer Kontakt<\/h1>\n\t<h3>TNT-Rahmenvertrag<\/h3>\n<p>&nbsp;<\/p>\n<p>A noter que le r\u00e9f\u00e9rent de notre contrat cadre TNT n&rsquo;est plus Daniel Bensimon mais Charles Da Conceicao<\/p>\n<p>Charles DA CONCEICAO<\/p>\n<p>charles.da-conceicao@fedex.com<\/p>\n<p>National Account Executive<\/p>\n<p>+33(0) 1 43 53 54 14 | Mobil: +33(0) 6 30 52 79 60<\/p>\n<p>FedEx Express DE | 13 JB Preux Gang | 94140 Alfortville | Frankreich | fedex.com<\/p>\n\n\n\t<h2>R\u00e9seau Mesure Express: Neuigkeiten zum Aktionsplan des Vereins<\/h2>\n<h1>\n\t\tExpress Measurement Network 28. Oktober 2021\n\t<\/h1>","protected":false},"excerpt":{"rendered":"<p>R\u00e9seau Mesure Express 28. Oktober 2021 28. Oktober 2021 Ein Netzwerk f\u00fcr seine Mitglieder durch seine Mitglieder R\u00e9seau Mesure Express 28. Oktober 2021: Mitglieder k\u00f6nnen Neuigkeiten aus dem Verein im R\u00e9seau Mesure Express erfahren. Entwickeln Sie Ihre Kommunikation, um neue M\u00e4rkte zu erreichen. Reservieren Sie Ihren Platz auf der Measurements Solutions EXPO 2022 Die St\u00e4rke des Messnetzwerks ...<\/p>","protected":false},"author":720,"featured_media":0,"parent":0,"menu_order":0,"comment_status":"closed","ping_status":"closed","template":"","meta":{"_acf_changed":false,"footnotes":""},"class_list":["post-15174","page","type-page","status-publish","hentry"],"acf":[],"yoast_head":"<!-- This site is optimized with the Yoast SEO plugin v27.4 - https:\/\/yoast.com\/product\/yoast-seo-wordpress\/ -->\n<title>R\u00e9seau Mesure Express 28 octobre 2021 - R\u00e9seau Mesure<\/title>\n<meta name=\"description\" content=\"R\u00e9seau Mesure Express 28 octobre septembre 2021. D\u00e9veloppez votre communication pour acc\u00e9der \u00e0 de nouveaux march\u00e9s\" \/>\n<meta name=\"robots\" content=\"index, follow, max-snippet:-1, max-image-preview:large, max-video-preview:-1\" \/>\n<link rel=\"canonical\" href=\"https:\/\/www.reseau-mesure.com\/de\/reseau-mesure-express-28-octobre-2021\/\" \/>\n<meta property=\"og:locale\" content=\"de_DE\" \/>\n<meta property=\"og:type\" content=\"article\" \/>\n<meta property=\"og:title\" content=\"R\u00e9seau Mesure Express 28 octobre 2021 - R\u00e9seau Mesure\" \/>\n<meta property=\"og:description\" content=\"R\u00e9seau Mesure Express 28 octobre septembre 2021. D\u00e9veloppez votre communication pour acc\u00e9der \u00e0 de nouveaux march\u00e9s\" \/>\n<meta property=\"og:url\" content=\"https:\/\/www.reseau-mesure.com\/de\/reseau-mesure-express-28-octobre-2021\/\" \/>\n<meta property=\"og:site_name\" content=\"R\u00e9seau Mesure\" \/>\n<meta property=\"article:publisher\" content=\"https:\/\/www.facebook.com\/reseaumesure\/\" \/>\n<meta property=\"article:modified_time\" content=\"2021-10-27T15:33:44+00:00\" \/>\n<meta property=\"og:image\" content=\"https:\/\/www.reseau-mesure.com\/wp-content\/uploads\/2020\/07\/20ku.jpeg\" \/>\n<meta name=\"twitter:card\" content=\"summary_large_image\" \/>\n<meta name=\"twitter:site\" content=\"@ReseauMesure\" \/>\n<meta name=\"twitter:label1\" content=\"Gesch\u00e4tzte Lesezeit\" \/>\n\t<meta name=\"twitter:data1\" content=\"4\u00a0Minuten\" \/>\n<script type=\"application\/ld+json\" class=\"yoast-schema-graph\">{\"@context\":\"https:\\\/\\\/schema.org\",\"@graph\":[{\"@type\":\"WebPage\",\"@id\":\"https:\\\/\\\/www.reseau-mesure.com\\\/reseau-mesure-express-28-octobre-2021\\\/\",\"url\":\"https:\\\/\\\/www.reseau-mesure.com\\\/reseau-mesure-express-28-octobre-2021\\\/\",\"name\":\"R\u00e9seau Mesure Express 28 octobre 2021 - R\u00e9seau Mesure\",\"isPartOf\":{\"@id\":\"https:\\\/\\\/www.reseau-mesure.com\\\/#website\"},\"primaryImageOfPage\":{\"@id\":\"https:\\\/\\\/www.reseau-mesure.com\\\/reseau-mesure-express-28-octobre-2021\\\/#primaryimage\"},\"image\":{\"@id\":\"https:\\\/\\\/www.reseau-mesure.com\\\/reseau-mesure-express-28-octobre-2021\\\/#primaryimage\"},\"thumbnailUrl\":\"https:\\\/\\\/www.reseau-mesure.com\\\/wp-content\\\/uploads\\\/2020\\\/07\\\/20ku.jpeg\",\"datePublished\":\"2021-10-27T09:41:29+00:00\",\"dateModified\":\"2021-10-27T15:33:44+00:00\",\"description\":\"R\u00e9seau Mesure Express 28 octobre septembre 2021. D\u00e9veloppez votre communication pour acc\u00e9der \u00e0 de nouveaux march\u00e9s\",\"breadcrumb\":{\"@id\":\"https:\\\/\\\/www.reseau-mesure.com\\\/reseau-mesure-express-28-octobre-2021\\\/#breadcrumb\"},\"inLanguage\":\"de\",\"potentialAction\":[{\"@type\":\"ReadAction\",\"target\":[\"https:\\\/\\\/www.reseau-mesure.com\\\/reseau-mesure-express-28-octobre-2021\\\/\"]}]},{\"@type\":\"ImageObject\",\"inLanguage\":\"de\",\"@id\":\"https:\\\/\\\/www.reseau-mesure.com\\\/reseau-mesure-express-28-octobre-2021\\\/#primaryimage\",\"url\":\"https:\\\/\\\/www.reseau-mesure.com\\\/wp-content\\\/uploads\\\/2020\\\/07\\\/20ku.jpeg\",\"contentUrl\":\"https:\\\/\\\/www.reseau-mesure.com\\\/wp-content\\\/uploads\\\/2020\\\/07\\\/20ku.jpeg\"},{\"@type\":\"BreadcrumbList\",\"@id\":\"https:\\\/\\\/www.reseau-mesure.com\\\/reseau-mesure-express-28-octobre-2021\\\/#breadcrumb\",\"itemListElement\":[{\"@type\":\"ListItem\",\"position\":1,\"name\":\"Accueil\",\"item\":\"https:\\\/\\\/www.reseau-mesure.com\\\/\"},{\"@type\":\"ListItem\",\"position\":2,\"name\":\"R\u00e9seau Mesure Express-20211028\"}]},{\"@type\":\"WebSite\",\"@id\":\"https:\\\/\\\/www.reseau-mesure.com\\\/#website\",\"url\":\"https:\\\/\\\/www.reseau-mesure.com\\\/\",\"name\":\"R\u00e9seau-Mesure\",\"description\":\"R\u00e9seau Mesure\",\"publisher\":{\"@id\":\"https:\\\/\\\/www.reseau-mesure.com\\\/#organization\"},\"potentialAction\":[{\"@type\":\"SearchAction\",\"target\":{\"@type\":\"EntryPoint\",\"urlTemplate\":\"https:\\\/\\\/www.reseau-mesure.com\\\/?s={search_term_string}\"},\"query-input\":{\"@type\":\"PropertyValueSpecification\",\"valueRequired\":true,\"valueName\":\"search_term_string\"}}],\"inLanguage\":\"de\"},{\"@type\":\"Organization\",\"@id\":\"https:\\\/\\\/www.reseau-mesure.com\\\/#organization\",\"name\":\"R\u00e9seau-Mesure\",\"url\":\"https:\\\/\\\/www.reseau-mesure.com\\\/\",\"logo\":{\"@type\":\"ImageObject\",\"inLanguage\":\"de\",\"@id\":\"https:\\\/\\\/www.reseau-mesure.com\\\/#\\\/schema\\\/logo\\\/image\\\/\",\"url\":\"https:\\\/\\\/www.reseau-mesure.com\\\/wp-content\\\/uploads\\\/2018\\\/02\\\/logo-max.png\",\"contentUrl\":\"https:\\\/\\\/www.reseau-mesure.com\\\/wp-content\\\/uploads\\\/2018\\\/02\\\/logo-max.png\",\"width\":545,\"height\":285,\"caption\":\"R\u00e9seau-Mesure\"},\"image\":{\"@id\":\"https:\\\/\\\/www.reseau-mesure.com\\\/#\\\/schema\\\/logo\\\/image\\\/\"},\"sameAs\":[\"https:\\\/\\\/www.facebook.com\\\/reseaumesure\\\/\",\"https:\\\/\\\/x.com\\\/ReseauMesure\",\"https:\\\/\\\/www.linkedin.com\\\/company\\\/reseau-mesure\\\/\"]}]}<\/script>\n<!-- \/ Yoast SEO plugin. -->","yoast_head_json":{"title":"R\u00e9seau Mesure Express 28 octobre 2021 - R\u00e9seau Mesure","description":"R\u00e9seau Mesure Express 28 octobre septembre 2021. D\u00e9veloppez votre communication pour acc\u00e9der \u00e0 de nouveaux march\u00e9s","robots":{"index":"index","follow":"follow","max-snippet":"max-snippet:-1","max-image-preview":"max-image-preview:large","max-video-preview":"max-video-preview:-1"},"canonical":"https:\/\/www.reseau-mesure.com\/de\/reseau-mesure-express-28-octobre-2021\/","og_locale":"de_DE","og_type":"article","og_title":"R\u00e9seau Mesure Express 28 octobre 2021 - R\u00e9seau Mesure","og_description":"R\u00e9seau Mesure Express 28 octobre septembre 2021. D\u00e9veloppez votre communication pour acc\u00e9der \u00e0 de nouveaux march\u00e9s","og_url":"https:\/\/www.reseau-mesure.com\/de\/reseau-mesure-express-28-octobre-2021\/","og_site_name":"R\u00e9seau Mesure","article_publisher":"https:\/\/www.facebook.com\/reseaumesure\/","article_modified_time":"2021-10-27T15:33:44+00:00","og_image":[{"url":"https:\/\/www.reseau-mesure.com\/wp-content\/uploads\/2020\/07\/20ku.jpeg","type":"","width":"","height":""}],"twitter_card":"summary_large_image","twitter_site":"@ReseauMesure","twitter_misc":{"Gesch\u00e4tzte Lesezeit":"4\u00a0Minuten"},"schema":{"@context":"https:\/\/schema.org","@graph":[{"@type":"WebPage","@id":"https:\/\/www.reseau-mesure.com\/reseau-mesure-express-28-octobre-2021\/","url":"https:\/\/www.reseau-mesure.com\/reseau-mesure-express-28-octobre-2021\/","name":"R\u00e9seau Mesure Express 28 octobre 2021 - R\u00e9seau Mesure","isPartOf":{"@id":"https:\/\/www.reseau-mesure.com\/#website"},"primaryImageOfPage":{"@id":"https:\/\/www.reseau-mesure.com\/reseau-mesure-express-28-octobre-2021\/#primaryimage"},"image":{"@id":"https:\/\/www.reseau-mesure.com\/reseau-mesure-express-28-octobre-2021\/#primaryimage"},"thumbnailUrl":"https:\/\/www.reseau-mesure.com\/wp-content\/uploads\/2020\/07\/20ku.jpeg","datePublished":"2021-10-27T09:41:29+00:00","dateModified":"2021-10-27T15:33:44+00:00","description":"R\u00e9seau Mesure Express 28 octobre septembre 2021. D\u00e9veloppez votre communication pour acc\u00e9der \u00e0 de nouveaux march\u00e9s","breadcrumb":{"@id":"https:\/\/www.reseau-mesure.com\/reseau-mesure-express-28-octobre-2021\/#breadcrumb"},"inLanguage":"de","potentialAction":[{"@type":"ReadAction","target":["https:\/\/www.reseau-mesure.com\/reseau-mesure-express-28-octobre-2021\/"]}]},{"@type":"ImageObject","inLanguage":"de","@id":"https:\/\/www.reseau-mesure.com\/reseau-mesure-express-28-octobre-2021\/#primaryimage","url":"https:\/\/www.reseau-mesure.com\/wp-content\/uploads\/2020\/07\/20ku.jpeg","contentUrl":"https:\/\/www.reseau-mesure.com\/wp-content\/uploads\/2020\/07\/20ku.jpeg"},{"@type":"BreadcrumbList","@id":"https:\/\/www.reseau-mesure.com\/reseau-mesure-express-28-octobre-2021\/#breadcrumb","itemListElement":[{"@type":"ListItem","position":1,"name":"Accueil","item":"https:\/\/www.reseau-mesure.com\/"},{"@type":"ListItem","position":2,"name":"R\u00e9seau Mesure Express-20211028"}]},{"@type":"WebSite","@id":"https:\/\/www.reseau-mesure.com\/#website","url":"https:\/\/www.reseau-mesure.com\/","name":"Netzwerk-Messung","description":"Netzwerkma\u00dfnahme","publisher":{"@id":"https:\/\/www.reseau-mesure.com\/#organization"},"potentialAction":[{"@type":"SearchAction","target":{"@type":"EntryPoint","urlTemplate":"https:\/\/www.reseau-mesure.com\/?s={search_term_string}"},"query-input":{"@type":"PropertyValueSpecification","valueRequired":true,"valueName":"search_term_string"}}],"inLanguage":"de"},{"@type":"Organization","@id":"https:\/\/www.reseau-mesure.com\/#organization","name":"Netzwerk-Messung","url":"https:\/\/www.reseau-mesure.com\/","logo":{"@type":"ImageObject","inLanguage":"de","@id":"https:\/\/www.reseau-mesure.com\/#\/schema\/logo\/image\/","url":"https:\/\/www.reseau-mesure.com\/wp-content\/uploads\/2018\/02\/logo-max.png","contentUrl":"https:\/\/www.reseau-mesure.com\/wp-content\/uploads\/2018\/02\/logo-max.png","width":545,"height":285,"caption":"R\u00e9seau-Mesure"},"image":{"@id":"https:\/\/www.reseau-mesure.com\/#\/schema\/logo\/image\/"},"sameAs":["https:\/\/www.facebook.com\/reseaumesure\/","https:\/\/x.com\/ReseauMesure","https:\/\/www.linkedin.com\/company\/reseau-mesure\/"]}]}},"_links":{"self":[{"href":"https:\/\/www.reseau-mesure.com\/de\/wp-json\/wp\/v2\/pages\/15174","targetHints":{"allow":["GET"]}}],"collection":[{"href":"https:\/\/www.reseau-mesure.com\/de\/wp-json\/wp\/v2\/pages"}],"about":[{"href":"https:\/\/www.reseau-mesure.com\/de\/wp-json\/wp\/v2\/types\/page"}],"author":[{"embeddable":true,"href":"https:\/\/www.reseau-mesure.com\/de\/wp-json\/wp\/v2\/users\/720"}],"replies":[{"embeddable":true,"href":"https:\/\/www.reseau-mesure.com\/de\/wp-json\/wp\/v2\/comments?post=15174"}],"version-history":[{"count":0,"href":"https:\/\/www.reseau-mesure.com\/de\/wp-json\/wp\/v2\/pages\/15174\/revisions"}],"wp:attachment":[{"href":"https:\/\/www.reseau-mesure.com\/de\/wp-json\/wp\/v2\/media?parent=15174"}],"curies":[{"name":"wp","href":"https:\/\/api.w.org\/{rel}","templated":true}]}}