{"id":15246,"date":"2021-11-12T17:10:01","date_gmt":"2021-11-12T16:10:01","guid":{"rendered":"https:\/\/www.reseau-mesure.com\/?page_id=15246"},"modified":"2025-11-13T15:03:31","modified_gmt":"2025-11-13T14:03:31","slug":"formation-linkedin-le-recrutement","status":"publish","type":"page","link":"https:\/\/www.reseau-mesure.com\/de\/formation-linkedin-le-recrutement\/","title":{"rendered":"LinkedIn: EINSTELLUNG"},"content":{"rendered":"<img decoding=\"async\" src=\"https:\/\/www.reseau-mesure.com\/wp-content\/uploads\/2020\/12\/linkedin.png\" alt=\"logo linkedin pour formation\" itemprop=\"image\" height=\"168\" width=\"300\" title=\"Linkedin\" onerror=\"this.style.display='none'\" loading=\"lazy\" \/>\n\t<p>&nbsp;<\/p>\n<p><strong><em>E-Training<\/em><\/strong><\/p>\n\t\t\t\t<img decoding=\"async\" src=\"https:\/\/www.reseau-mesure.com\/wp-content\/uploads\/2020\/12\/laptop-150x150.png\" alt=\"laptop\" itemprop=\"image\" height=\"150\" width=\"150\" title=\"Laptop\" onerror=\"this.style.display='none'\" loading=\"lazy\" \/>\n\t<p>&nbsp;<\/p>\n<p><b>LinkedIn: Rekrutierung\u00a0<\/b><\/p>\n\t<table width=\"100%\">\n<tbody>\n<tr>\n<td>Diese Ausbildung erm\u00f6glicht Ihnen:\n<p>\u2013 Finden Sie Talente einfacher, insbesondere mit der LinkedIn-Suchmaschine.<\/p>\n<p>\u2013 Stellenangebote und attraktive Ank\u00fcndigungen in Form von Beitr\u00e4gen auf LinkedIn ver\u00f6ffentlichen.<\/p>\n<p>\u2013 wissen, wie Sie Ihre Mitarbeiter und Ihr Unternehmen auf LinkedIn besser bewerten k\u00f6nnen.<\/p>\n<p>Die Schulung wird von G. Mancel, Partner des Measurement Network und LinkedIn-Spezialist, durchgef\u00fchrt.<\/p>\n<p><b>R\u00e9seau Mesure ist ein Qualiopi-zertifiziertes Schulungszentrum, das Unterst\u00fctzung durch Ihr OPCO erm\u00f6glicht.<\/b><\/p>\n<p><strong>Anzahl der Auszubildenden pro Sitzung:<\/strong>\u00a0 Mini 3 Personen. \/ max. 5 Personen.<\/p>\n<strong>Wertungen 2023: <\/strong>5\u00a0stagiaires &#8211; <em>moyenne bas\u00e9e sur l&rsquo;atteinte des objectifs, la p\u00e9dagogie et l&rsquo;organisation: 19.2\/20 &#8211; atteinte des objectifs : 18.4\/20<br \/>\n<\/em><strong>Evaluations 2024: <\/strong>2\u00a0stagiaires &#8211; <em>moyenne bas\u00e9e sur l&rsquo;atteinte des objectifs, la p\u00e9dagogie et l&rsquo;organisation: 8\/10 &#8211; atteinte des objectifs : 8.25\/1<\/em><em>0<\/em>\n<p><strong>N\u00e4chste Sitzung <\/strong>: <a href=\"https:\/\/www.reseau-mesure.com\/de\/la-formation-rm\/\" target=\"_blank\" rel=\"noopener\">consultez le planning<\/a>. Nous programmons les dates en fonction de vos demandes, alors n&rsquo;h\u00e9sitez pas \u00e0 <a href=\"mailto:confray@reseau-mesure.com\">Kontaktiere uns<\/a> !\u00a0<\/p>\n&nbsp;<\/td>\n<\/tr>\n<tr>\n\n<\/tr>\n<\/tbody>\n<\/table>\n\t\t\t<a href=\"https:\/\/www.reseau-mesure.com\/wp-content\/uploads\/2024\/02\/2026-Linkedin-recrutement-presentation.pdf\" target=\"_blank\" rel=\"noopener\">\n\t\t\t\t\t\t\tPr\u00e4sentation\n\t\t\t\t\t<\/a>\n\t\t\t<a href=\"https:\/\/www.reseau-mesure.com\/wp-content\/uploads\/2025\/11\/2026-Linkedin-Recrutement-programme-apres-midi.pdf\" target=\"_blank\" rel=\"noopener\">\n\t\t\t\t\t\t\tProgramm\n\t\t\t\t\t<\/a>\n\t\t\t<a href=\"mailto:confray@reseau-mesure.com\" target=\"_blank\" rel=\"noopener\">\n\t\t\t\t\t\t\tAbonnementanfrage\n\t\t\t\t\t<\/a>","protected":false},"excerpt":{"rendered":"<p>&nbsp; E-Training LinkedIn: Personalbeschaffung Mit diesem Training k\u00f6nnen Sie: \u2013 Talente einfacher finden, insbesondere mit der LinkedIn-Suchmaschine. \u2013 Stellenangebote und attraktive Ank\u00fcndigungen in Form von Beitr\u00e4gen auf LinkedIn ver\u00f6ffentlichen. \u2013 wissen, wie Sie Ihre Mitarbeiter und Ihr Unternehmen auf LinkedIn besser bewerten k\u00f6nnen. Es werden Schulungen angeboten \u2026<\/p>","protected":false},"author":349,"featured_media":0,"parent":0,"menu_order":0,"comment_status":"closed","ping_status":"closed","template":"","meta":{"_acf_changed":false,"footnotes":""},"class_list":["post-15246","page","type-page","status-publish","hentry"],"acf":[],"yoast_head":"<!-- This site is optimized with the Yoast SEO plugin v27.4 - https:\/\/yoast.com\/product\/yoast-seo-wordpress\/ -->\n<title>Formation - LinkedIn: LE RECRUTEMENT - R\u00e9seau Mesure<\/title>\n<meta name=\"description\" content=\"La formation LinkedIn : le recrutement est un module qui vous apprends \u00e0 utiliser LinkedIn pour recruter et valoriser votre entreprise.\" \/>\n<meta name=\"robots\" content=\"index, follow, max-snippet:-1, max-image-preview:large, max-video-preview:-1\" \/>\n<link rel=\"canonical\" href=\"https:\/\/www.reseau-mesure.com\/de\/formation-linkedin-le-recrutement\/\" \/>\n<meta property=\"og:locale\" content=\"de_DE\" \/>\n<meta property=\"og:type\" content=\"article\" \/>\n<meta property=\"og:title\" content=\"Formation - LinkedIn: LE RECRUTEMENT - R\u00e9seau Mesure\" \/>\n<meta property=\"og:description\" content=\"La formation LinkedIn : le recrutement est un module qui vous apprends \u00e0 utiliser LinkedIn pour recruter et valoriser votre entreprise.\" \/>\n<meta property=\"og:url\" content=\"https:\/\/www.reseau-mesure.com\/de\/formation-linkedin-le-recrutement\/\" \/>\n<meta property=\"og:site_name\" content=\"R\u00e9seau Mesure\" \/>\n<meta property=\"article:publisher\" content=\"https:\/\/www.facebook.com\/reseaumesure\/\" \/>\n<meta property=\"article:modified_time\" content=\"2025-11-13T14:03:31+00:00\" \/>\n<meta property=\"og:image\" content=\"https:\/\/www.reseau-mesure.com\/wp-content\/uploads\/2020\/12\/linkedin.png\" \/>\n<meta name=\"twitter:card\" content=\"summary_large_image\" \/>\n<meta name=\"twitter:site\" content=\"@ReseauMesure\" \/>\n<meta name=\"twitter:label1\" content=\"Gesch\u00e4tzte Lesezeit\" \/>\n\t<meta name=\"twitter:data1\" content=\"1\u00a0Minute\" \/>\n<script type=\"application\/ld+json\" class=\"yoast-schema-graph\">{\"@context\":\"https:\\\/\\\/schema.org\",\"@graph\":[{\"@type\":\"WebPage\",\"@id\":\"https:\\\/\\\/www.reseau-mesure.com\\\/formation-linkedin-le-recrutement\\\/\",\"url\":\"https:\\\/\\\/www.reseau-mesure.com\\\/formation-linkedin-le-recrutement\\\/\",\"name\":\"Formation - LinkedIn: LE RECRUTEMENT - R\u00e9seau Mesure\",\"isPartOf\":{\"@id\":\"https:\\\/\\\/www.reseau-mesure.com\\\/#website\"},\"primaryImageOfPage\":{\"@id\":\"https:\\\/\\\/www.reseau-mesure.com\\\/formation-linkedin-le-recrutement\\\/#primaryimage\"},\"image\":{\"@id\":\"https:\\\/\\\/www.reseau-mesure.com\\\/formation-linkedin-le-recrutement\\\/#primaryimage\"},\"thumbnailUrl\":\"https:\\\/\\\/www.reseau-mesure.com\\\/wp-content\\\/uploads\\\/2020\\\/12\\\/linkedin.png\",\"datePublished\":\"2021-11-12T16:10:01+00:00\",\"dateModified\":\"2025-11-13T14:03:31+00:00\",\"description\":\"La formation LinkedIn : le recrutement est un module qui vous apprends \u00e0 utiliser LinkedIn pour recruter et valoriser votre entreprise.\",\"breadcrumb\":{\"@id\":\"https:\\\/\\\/www.reseau-mesure.com\\\/formation-linkedin-le-recrutement\\\/#breadcrumb\"},\"inLanguage\":\"de\",\"potentialAction\":[{\"@type\":\"ReadAction\",\"target\":[\"https:\\\/\\\/www.reseau-mesure.com\\\/formation-linkedin-le-recrutement\\\/\"]}]},{\"@type\":\"ImageObject\",\"inLanguage\":\"de\",\"@id\":\"https:\\\/\\\/www.reseau-mesure.com\\\/formation-linkedin-le-recrutement\\\/#primaryimage\",\"url\":\"https:\\\/\\\/www.reseau-mesure.com\\\/wp-content\\\/uploads\\\/2020\\\/12\\\/linkedin.png\",\"contentUrl\":\"https:\\\/\\\/www.reseau-mesure.com\\\/wp-content\\\/uploads\\\/2020\\\/12\\\/linkedin.png\"},{\"@type\":\"BreadcrumbList\",\"@id\":\"https:\\\/\\\/www.reseau-mesure.com\\\/formation-linkedin-le-recrutement\\\/#breadcrumb\",\"itemListElement\":[{\"@type\":\"ListItem\",\"position\":1,\"name\":\"Accueil\",\"item\":\"https:\\\/\\\/www.reseau-mesure.com\\\/\"},{\"@type\":\"ListItem\",\"position\":2,\"name\":\"LinkedIn: LE RECRUTEMENT\"}]},{\"@type\":\"WebSite\",\"@id\":\"https:\\\/\\\/www.reseau-mesure.com\\\/#website\",\"url\":\"https:\\\/\\\/www.reseau-mesure.com\\\/\",\"name\":\"R\u00e9seau-Mesure\",\"description\":\"R\u00e9seau Mesure\",\"publisher\":{\"@id\":\"https:\\\/\\\/www.reseau-mesure.com\\\/#organization\"},\"potentialAction\":[{\"@type\":\"SearchAction\",\"target\":{\"@type\":\"EntryPoint\",\"urlTemplate\":\"https:\\\/\\\/www.reseau-mesure.com\\\/?s={search_term_string}\"},\"query-input\":{\"@type\":\"PropertyValueSpecification\",\"valueRequired\":true,\"valueName\":\"search_term_string\"}}],\"inLanguage\":\"de\"},{\"@type\":\"Organization\",\"@id\":\"https:\\\/\\\/www.reseau-mesure.com\\\/#organization\",\"name\":\"R\u00e9seau-Mesure\",\"url\":\"https:\\\/\\\/www.reseau-mesure.com\\\/\",\"logo\":{\"@type\":\"ImageObject\",\"inLanguage\":\"de\",\"@id\":\"https:\\\/\\\/www.reseau-mesure.com\\\/#\\\/schema\\\/logo\\\/image\\\/\",\"url\":\"https:\\\/\\\/www.reseau-mesure.com\\\/wp-content\\\/uploads\\\/2018\\\/02\\\/logo-max.png\",\"contentUrl\":\"https:\\\/\\\/www.reseau-mesure.com\\\/wp-content\\\/uploads\\\/2018\\\/02\\\/logo-max.png\",\"width\":545,\"height\":285,\"caption\":\"R\u00e9seau-Mesure\"},\"image\":{\"@id\":\"https:\\\/\\\/www.reseau-mesure.com\\\/#\\\/schema\\\/logo\\\/image\\\/\"},\"sameAs\":[\"https:\\\/\\\/www.facebook.com\\\/reseaumesure\\\/\",\"https:\\\/\\\/x.com\\\/ReseauMesure\",\"https:\\\/\\\/www.linkedin.com\\\/company\\\/reseau-mesure\\\/\"]}]}<\/script>\n<!-- \/ Yoast SEO plugin. -->","yoast_head_json":{"title":"Formation - LinkedIn: LE RECRUTEMENT - R\u00e9seau Mesure","description":"La formation LinkedIn : le recrutement est un module qui vous apprends \u00e0 utiliser LinkedIn pour recruter et valoriser votre entreprise.","robots":{"index":"index","follow":"follow","max-snippet":"max-snippet:-1","max-image-preview":"max-image-preview:large","max-video-preview":"max-video-preview:-1"},"canonical":"https:\/\/www.reseau-mesure.com\/de\/formation-linkedin-le-recrutement\/","og_locale":"de_DE","og_type":"article","og_title":"Formation - LinkedIn: LE RECRUTEMENT - R\u00e9seau Mesure","og_description":"La formation LinkedIn : le recrutement est un module qui vous apprends \u00e0 utiliser LinkedIn pour recruter et valoriser votre entreprise.","og_url":"https:\/\/www.reseau-mesure.com\/de\/formation-linkedin-le-recrutement\/","og_site_name":"R\u00e9seau Mesure","article_publisher":"https:\/\/www.facebook.com\/reseaumesure\/","article_modified_time":"2025-11-13T14:03:31+00:00","og_image":[{"url":"https:\/\/www.reseau-mesure.com\/wp-content\/uploads\/2020\/12\/linkedin.png","type":"","width":"","height":""}],"twitter_card":"summary_large_image","twitter_site":"@ReseauMesure","twitter_misc":{"Gesch\u00e4tzte Lesezeit":"1\u00a0Minute"},"schema":{"@context":"https:\/\/schema.org","@graph":[{"@type":"WebPage","@id":"https:\/\/www.reseau-mesure.com\/formation-linkedin-le-recrutement\/","url":"https:\/\/www.reseau-mesure.com\/formation-linkedin-le-recrutement\/","name":"Formation - LinkedIn: LE RECRUTEMENT - R\u00e9seau Mesure","isPartOf":{"@id":"https:\/\/www.reseau-mesure.com\/#website"},"primaryImageOfPage":{"@id":"https:\/\/www.reseau-mesure.com\/formation-linkedin-le-recrutement\/#primaryimage"},"image":{"@id":"https:\/\/www.reseau-mesure.com\/formation-linkedin-le-recrutement\/#primaryimage"},"thumbnailUrl":"https:\/\/www.reseau-mesure.com\/wp-content\/uploads\/2020\/12\/linkedin.png","datePublished":"2021-11-12T16:10:01+00:00","dateModified":"2025-11-13T14:03:31+00:00","description":"La formation LinkedIn : le recrutement est un module qui vous apprends \u00e0 utiliser LinkedIn pour recruter et valoriser votre entreprise.","breadcrumb":{"@id":"https:\/\/www.reseau-mesure.com\/formation-linkedin-le-recrutement\/#breadcrumb"},"inLanguage":"de","potentialAction":[{"@type":"ReadAction","target":["https:\/\/www.reseau-mesure.com\/formation-linkedin-le-recrutement\/"]}]},{"@type":"ImageObject","inLanguage":"de","@id":"https:\/\/www.reseau-mesure.com\/formation-linkedin-le-recrutement\/#primaryimage","url":"https:\/\/www.reseau-mesure.com\/wp-content\/uploads\/2020\/12\/linkedin.png","contentUrl":"https:\/\/www.reseau-mesure.com\/wp-content\/uploads\/2020\/12\/linkedin.png"},{"@type":"BreadcrumbList","@id":"https:\/\/www.reseau-mesure.com\/formation-linkedin-le-recrutement\/#breadcrumb","itemListElement":[{"@type":"ListItem","position":1,"name":"Accueil","item":"https:\/\/www.reseau-mesure.com\/"},{"@type":"ListItem","position":2,"name":"LinkedIn: LE RECRUTEMENT"}]},{"@type":"WebSite","@id":"https:\/\/www.reseau-mesure.com\/#website","url":"https:\/\/www.reseau-mesure.com\/","name":"Netzwerk-Messung","description":"Netzwerkma\u00dfnahme","publisher":{"@id":"https:\/\/www.reseau-mesure.com\/#organization"},"potentialAction":[{"@type":"SearchAction","target":{"@type":"EntryPoint","urlTemplate":"https:\/\/www.reseau-mesure.com\/?s={search_term_string}"},"query-input":{"@type":"PropertyValueSpecification","valueRequired":true,"valueName":"search_term_string"}}],"inLanguage":"de"},{"@type":"Organization","@id":"https:\/\/www.reseau-mesure.com\/#organization","name":"Netzwerk-Messung","url":"https:\/\/www.reseau-mesure.com\/","logo":{"@type":"ImageObject","inLanguage":"de","@id":"https:\/\/www.reseau-mesure.com\/#\/schema\/logo\/image\/","url":"https:\/\/www.reseau-mesure.com\/wp-content\/uploads\/2018\/02\/logo-max.png","contentUrl":"https:\/\/www.reseau-mesure.com\/wp-content\/uploads\/2018\/02\/logo-max.png","width":545,"height":285,"caption":"R\u00e9seau-Mesure"},"image":{"@id":"https:\/\/www.reseau-mesure.com\/#\/schema\/logo\/image\/"},"sameAs":["https:\/\/www.facebook.com\/reseaumesure\/","https:\/\/x.com\/ReseauMesure","https:\/\/www.linkedin.com\/company\/reseau-mesure\/"]}]}},"_links":{"self":[{"href":"https:\/\/www.reseau-mesure.com\/de\/wp-json\/wp\/v2\/pages\/15246","targetHints":{"allow":["GET"]}}],"collection":[{"href":"https:\/\/www.reseau-mesure.com\/de\/wp-json\/wp\/v2\/pages"}],"about":[{"href":"https:\/\/www.reseau-mesure.com\/de\/wp-json\/wp\/v2\/types\/page"}],"author":[{"embeddable":true,"href":"https:\/\/www.reseau-mesure.com\/de\/wp-json\/wp\/v2\/users\/349"}],"replies":[{"embeddable":true,"href":"https:\/\/www.reseau-mesure.com\/de\/wp-json\/wp\/v2\/comments?post=15246"}],"version-history":[{"count":0,"href":"https:\/\/www.reseau-mesure.com\/de\/wp-json\/wp\/v2\/pages\/15246\/revisions"}],"wp:attachment":[{"href":"https:\/\/www.reseau-mesure.com\/de\/wp-json\/wp\/v2\/media?parent=15246"}],"curies":[{"name":"wp","href":"https:\/\/api.w.org\/{rel}","templated":true}]}}