{"id":15276,"date":"2021-11-17T12:15:43","date_gmt":"2021-11-17T11:15:43","guid":{"rendered":"https:\/\/www.reseau-mesure.com\/?page_id=15276"},"modified":"2021-11-17T17:38:49","modified_gmt":"2021-11-17T16:38:49","slug":"reseau-mesure-express-18-novembre-2021","status":"publish","type":"page","link":"https:\/\/www.reseau-mesure.com\/de\/reseau-mesure-express-18-novembre-2021\/","title":{"rendered":"Express-Messnetzwerk-2021118"},"content":{"rendered":"<img loading=\"lazy\" decoding=\"async\" src=\"https:\/\/www.reseau-mesure.com\/wp-content\/uploads\/2020\/07\/20ku.jpeg\" alt=\"R\u00e9seau Mesure Express\" itemprop=\"image\" height=\"300\" width=\"970\" title=\"Express Measurement Network Header\" onerror=\"this.style.display='none'\">\n<h1>\n\t\tExpress Measurement Network 18. November 2021\n\t<\/h1>\n<h2>\n\t\t<a href=\"https:\/\/www.reseau-mesure.com\/de\/le-reseau-mesure-2\/\" title=\"18.11.2021\" target=\"_blank\" rel=\"noopener\">\n\t\t18.11.2021\n\t\t<\/a>\n\t<\/h2>\n\t<h3><strong>Ein Netzwerk f\u00fcr seine Mitglieder durch seine Mitglieder<\/strong><\/h3>\n\t<p>R\u00e9seau Mesure Express 18 novembre 2021 : les adh\u00e9rents peuvent retrouver l&rsquo;actualit\u00e9 de l&rsquo;association dans R\u00e9seau Mesure Express.<\/p>\n<p>Training: eine Gelegenheit, Teams zu halten und ihre F\u00e4higkeiten zu verbessern.<\/p>\n<h2>\n\t\tWie k\u00f6nnen Sie Ihre Gesch\u00e4ftsleistung verbessern?\n\t<\/h2>\n\t<h1>Nehmen Sie an den kommerziellen Schulungen teil, die Mitgliedern des Messnetzwerks angeboten werden<\/h1>\n\t<p>&nbsp;<\/p>\n<p>Entwicklung ist oft mit der Qualit\u00e4t der Ressourcen und der F\u00e4higkeit verbunden, sich an ein sich st\u00e4ndig \u00e4nderndes Umfeld anzupassen.<\/p>\nUne journ\u00e9e de formation et d&rsquo;\u00e9changes est propos\u00e9e<br>\n<strong>Freitag, 26.11<\/strong> von Angesicht zu Angesicht in Paris.\n\n<em>Morgen :<\/em>&nbsp;<b>Wie k\u00f6nnen Sie Hybridverk\u00e4ufe besser steuern, um Ihre kommerzielle Entwicklung zu f\u00f6rdern?<br>\n<\/b>Hybridverkauf oder wie man den pers\u00f6nlichen Verkauf und den Fernverkauf klug kombiniert, um die Produktivit\u00e4t zu steigern.\n<em>Nachmittag :<\/em> <b>Wie integrieren Sie die Messtechnik in die Bewertung Ihrer L\u00f6sung?<br>\n<\/b>Informationen zu den Grundlagen der Messtechnik. Besser verstehen und informieren, um einen Verkauf zu t\u00e4tigen.\n<strong>Freitag, 26. November 2021-&nbsp;<\/strong><strong>de 9h30 \u00e0 17h00 &#8211;&nbsp;<\/strong><b>bei LNE<\/b>\n<em><strong>Journ\u00e9e offerte aux adh\u00e9rents &#8211; Il reste 2 places disponibles<\/strong><\/em>\n\t\t\t\t<a href=\"https:\/\/www.reseau-mesure.com\/de\/la-formation-2022\/\" target=\"_blank\" rel=\"noopener\" itemprop=\"url\">\n\t\t\t\t<img loading=\"lazy\" decoding=\"async\" src=\"https:\/\/www.reseau-mesure.com\/wp-content\/uploads\/2020\/12\/fromation.jpg\" alt=\"visuel pour formation\" itemprop=\"image\" height=\"340\" width=\"473\" title=\"Ausbildung\" onerror=\"this.style.display='none'\">\n\t\t\t\t<\/a>\n\t\t\t<a href=\"mailto:eduflot@reseau-mesure.com\" target=\"_blank\" role=\"button\" rel=\"noopener\">\n\t\t\t\t\t\t\tAnmeldungen\n\t\t\t\t\t<\/a>\n<h2>\n\t\t<a href=\"https:\/\/www.reseau-mesure.com\/de\/evenements\/ibs-2021-le-salon\/\" title=\"Drei neue Module, die Mitgliedern angeboten werden, um Ihre Nutzung von Linkedin zu optimieren\" target=\"_blank\" rel=\"noopener\">\n\t\tDrei neue Module, die Mitgliedern angeboten werden, um Ihre Nutzung von Linkedin zu optimieren\n\t\t<\/a>\n\t<\/h2>\n\t\t\t\t<a href=\"https:\/\/www.reseau-mesure.com\/de\/la-formation-2022\/\" target=\"_blank\" rel=\"noopener\" itemprop=\"url\">\n\t\t\t\t<img loading=\"lazy\" decoding=\"async\" src=\"https:\/\/www.reseau-mesure.com\/wp-content\/uploads\/2020\/12\/linkedin.png\" alt=\"logo linkedin pour formation\" itemprop=\"image\" height=\"168\" width=\"300\" title=\"Linkedin\" onerror=\"this.style.display='none'\">\n\t\t\t\t<\/a>\n\t\n<p>Die Ausbildung erfolgt durch <a href=\"https:\/\/www.linkedin.com\/in\/gregorymancel\/?originalSubdomain=fr\">G.Mancel<\/a>, Measurement Network-Partner und LinkedIn-Spezialist.<\/p>\n\n<p><strong>Anzahl der Auszubildenden pro Sitzung:<\/strong>&nbsp; Mini 4 Pers. \/ max. 6 Pers.<\/p>\n<p>&nbsp;<\/p>\n\n\t\t\t<a href=\"mailto:confray@reseau-mesure.com\" target=\"_blank\" role=\"button\" rel=\"noopener\">\n\t\t\t\t\t\t\tAnmeldungen\n\t\t\t\t\t<\/a>\n\t<p>&nbsp;<\/p>\n<h3><strong>DAS<\/strong><strong>&nbsp;PROSPEKTION<\/strong><\/h3>\n<p>Meistern Sie Ihre E-Reputation und seien Sie aktiv<\/p>\n<ul>\n<li><em><strong>Verwenden Sie die erweiterte Suche, Boolesche Operatoren und Filter<\/strong><\/em><br>\n<em><strong>Entdecken Sie andere Prospektionstechniken<\/strong><\/em><br>\n<em><strong>Social Selling besser verstehen und beherrschen<\/strong><\/em><\/li>\n<\/ul>\n<p>N\u00e4chste Sitzung: <em><strong>Donnerstag, 3. Februar 2022<\/strong> <\/em>&#8211; visio<\/p>\n<h3><b>REKRUTIERUNG<\/b><\/h3>\n<ul>\n<li><em><strong>Finden Sie Talente auf LinkedIn.<\/strong><\/em><br>\n<em><strong>Pflegen Sie Beziehungen zu potenziellen Kandidaten.<\/strong><\/em><br>\n<em><strong>Achten Sie auf Ihre Arbeitgebermarke.<\/strong><\/em><br>\n<em><strong>Ver\u00f6ffentlichen Sie Stellenangebote und erstellen Sie einen Termin auf seiner LinkedIn-Seite.<\/strong><\/em><\/li>\n<\/ul>\n<p>Prochaine session&nbsp;:<em><strong>&nbsp;Lundi 7&nbsp;F\u00e9vrier <\/strong><strong>2022<\/strong><\/em>&#8211; visio<\/p>\n<h3><b>BEZAHLTE WERBUNG<\/b><\/h3>\n<ul>\n<li><em><strong>Kennen Sie die verschiedenen Arten von Werbung auf LinkedIn<br>\n<\/strong><\/em><em><strong>Entdecken Sie Campaign Manager<br>\n<\/strong><\/em><em><strong>Erstellen Sie ein Konto und eine Werbekampagne<\/strong><\/em><\/li>\n<\/ul>\n<p>&nbsp;<\/p>\n<h2>\n\t\t<a href=\"https:\/\/www.reseau-mesure.com\/de\/la-formation-2022\/\" title=\"Eine neue Arbeitsgruppe widmet sich der Ausbildung\" target=\"_blank\" rel=\"noopener\">\n\t\tEine neue Arbeitsgruppe widmet sich der Ausbildung\n\t\t<\/a>\n\t<\/h2>\n\t\nEine neue&nbsp;<strong>Arbeitsgruppe f\u00fcr Ausbildung<\/strong>&nbsp;gestartet wird, wird es um drei Achsen gelenkt:\n<strong>Das Measurement Network als Ausbildungsorganisation<\/strong>\n&#8211; Choix des th\u00e8mes de formation\n&#8211; Recrutement des formateurs\n<strong>Die Beziehung zu Post-Bac-Schulen<\/strong>\n- Partnerschaften<br>\n- Aktionsplan\n<strong>So finden Sie Werkzeuge<\/strong>\n<strong>junge Leute vorher anleiten&nbsp;<\/strong><strong>Abitur?<\/strong>\n&#8211; Faire d\u00e9couvrir le monde de la mesure\n&#8211; D\u00e9velopper l&rsquo;int\u00e9r\u00eat des jeunes\n<p>&nbsp;<\/p>\n\t\t\t\t<a href=\"https:\/\/www.reseau-mesure.com\/de\/la-formation-2022\/\" target=\"_blank\" rel=\"noopener\" itemprop=\"url\">\n\t\t\t\t<img loading=\"lazy\" decoding=\"async\" src=\"https:\/\/www.reseau-mesure.com\/wp-content\/uploads\/2018\/02\/46455_bonhomme_reunion2-300x300.jpg\" alt=\"groupes de travail\" itemprop=\"image\" height=\"300\" width=\"300\" title=\"Arbeitsgruppen\" onerror=\"this.style.display='none'\">\n\t\t\t\t<\/a>\n\t<strong>M\u00f6chten Sie dieser neuen Gruppe beitreten?<\/strong>\nVielen Dank f\u00fcr Ihre Kontaktaufnahme mit Estelle Duflot\n<a href=\"mailto:eduflot@reseau-mesure.com?subject=Groupe%20de%20travail%20formation\">eduflot@reseau-mesure.com <\/a>06 51 05 08 80\n<p>&nbsp;<\/p>\n\t\t\t<a href=\"https:\/\/www.reseau-mesure.com\/de\/evenements\/\" target=\"_self\" role=\"button\" rel=\"noopener\">\n\t\t\t\t\t\t\tDie komplette Agenda des Messnetzes\n\t\t\t\t\t<\/a>\n\t\t\t\t<a href=\"https:\/\/www.reseau-mesure.com\/de\/evenements\/\" target=\"_blank\" rel=\"noopener\" itemprop=\"url\">\n\t\t\t\t<img loading=\"lazy\" decoding=\"async\" src=\"https:\/\/www.reseau-mesure.com\/wp-content\/uploads\/2020\/08\/Plan-de-travail-3niveau.png\" alt=\"R\u00e9seau Mesure Express Actualites\" itemprop=\"image\" height=\"3665\" width=\"5520\" title=\"Express Measurement Network News\" onerror=\"this.style.display='none'\">\n\t\t\t\t<\/a>\n\t<h1>Qualiopi-Zertifizierung<\/h1>\n\t<p>&nbsp;<\/p>\n<p>&nbsp;<\/p>\n<p>Vous dispensez des formations pour vos clients,&nbsp; \u00e0 compter du&nbsp;1er janvier 2022 elles devront \u00eatre <strong>Qualiopi-zertifiziert<\/strong> von den OPCOs unterst\u00fctzt werden.<\/p>\n<ul>\n<li><strong>Sie leiten den Zertifizierungsprozess ein <\/strong>ou vous n&rsquo;\u00eates pas encore pr\u00eat pour cela, le R\u00e9seau Mesure vous propose d&rsquo;aborder ces points ensemble.<\/li>\n<li><strong>Wenn Sie nicht am Qualiopi-Prozess teilnehmen m\u00f6chten <\/strong>Mais <strong>lieber von der Measurement Network Zertifizierung profitieren <\/strong>pour les formations que vous dispensez : c&rsquo;est possible .<\/li>\n<\/ul>\n<p>Contact : Claire Onfray &#8211; confray@reseau-mesure.com 09 54 64 45 56<\/p>\n\t<h2>R\u00e9seau Mesure Express: Neuigkeiten zum Aktionsplan des Vereins<\/h2>\n<h1>\n\t\tExpress Measurement Network 18. November 2021\n\t<\/h1>","protected":false},"excerpt":{"rendered":"<p>R\u00e9seau Mesure Express 18. November 2021 18. November 2021 Ein Netzwerk f\u00fcr seine Mitglieder durch seine Mitglieder R\u00e9seau Mesure Express 18. November 2021: Mitglieder k\u00f6nnen Neuigkeiten aus dem Verein im R\u00e9seau Mesure Express erfahren. Training: eine Gelegenheit, Teams zu halten und ihre F\u00e4higkeiten zu verbessern. Wie entwickeln Sie Ihre Vertriebsleistung? Sich beteiligen ...<\/p>","protected":false},"author":720,"featured_media":0,"parent":0,"menu_order":0,"comment_status":"closed","ping_status":"closed","template":"","meta":{"_acf_changed":false,"footnotes":""},"class_list":["post-15276","page","type-page","status-publish","hentry"],"acf":[],"yoast_head":"<!-- This site is optimized with the Yoast SEO plugin v27.5 - https:\/\/yoast.com\/product\/yoast-seo-wordpress\/ -->\n<title>R\u00e9seau Mesure Express 18 novembre 2021 - R\u00e9seau Mesure<\/title>\n<meta name=\"description\" content=\"R\u00e9seau Mesure Express 18 novembre 2021. La formation : une opportunit\u00e9 pour fid\u00e9liser les \u00e9quipes et les faire monter en comp\u00e9tences.\" \/>\n<meta name=\"robots\" content=\"index, follow, max-snippet:-1, max-image-preview:large, max-video-preview:-1\" \/>\n<link rel=\"canonical\" href=\"https:\/\/www.reseau-mesure.com\/de\/reseau-mesure-express-18-novembre-2021\/\" \/>\n<meta property=\"og:locale\" content=\"de_DE\" \/>\n<meta property=\"og:type\" content=\"article\" \/>\n<meta property=\"og:title\" content=\"R\u00e9seau Mesure Express 18 novembre 2021 - R\u00e9seau Mesure\" \/>\n<meta property=\"og:description\" content=\"R\u00e9seau Mesure Express 18 novembre 2021. La formation : une opportunit\u00e9 pour fid\u00e9liser les \u00e9quipes et les faire monter en comp\u00e9tences.\" \/>\n<meta property=\"og:url\" content=\"https:\/\/www.reseau-mesure.com\/de\/reseau-mesure-express-18-novembre-2021\/\" \/>\n<meta property=\"og:site_name\" content=\"R\u00e9seau Mesure\" \/>\n<meta property=\"article:publisher\" content=\"https:\/\/www.facebook.com\/reseaumesure\/\" \/>\n<meta property=\"article:modified_time\" content=\"2021-11-17T16:38:49+00:00\" \/>\n<meta property=\"og:image\" content=\"https:\/\/www.reseau-mesure.com\/wp-content\/uploads\/2020\/07\/20ku.jpeg\" \/>\n<meta name=\"twitter:card\" content=\"summary_large_image\" \/>\n<meta name=\"twitter:site\" content=\"@ReseauMesure\" \/>\n<meta name=\"twitter:label1\" content=\"Gesch\u00e4tzte Lesezeit\" \/>\n\t<meta name=\"twitter:data1\" content=\"4\u00a0Minuten\" \/>\n<script type=\"application\/ld+json\" class=\"yoast-schema-graph\">{\"@context\":\"https:\\\/\\\/schema.org\",\"@graph\":[{\"@type\":\"WebPage\",\"@id\":\"https:\\\/\\\/www.reseau-mesure.com\\\/de\\\/reseau-mesure-express-18-novembre-2021\\\/\",\"url\":\"https:\\\/\\\/www.reseau-mesure.com\\\/de\\\/reseau-mesure-express-18-novembre-2021\\\/\",\"name\":\"R\u00e9seau Mesure Express 18 novembre 2021 - R\u00e9seau Mesure\",\"isPartOf\":{\"@id\":\"https:\\\/\\\/www.reseau-mesure.com\\\/#website\"},\"primaryImageOfPage\":{\"@id\":\"https:\\\/\\\/www.reseau-mesure.com\\\/de\\\/reseau-mesure-express-18-novembre-2021\\\/#primaryimage\"},\"image\":{\"@id\":\"https:\\\/\\\/www.reseau-mesure.com\\\/de\\\/reseau-mesure-express-18-novembre-2021\\\/#primaryimage\"},\"thumbnailUrl\":\"https:\\\/\\\/www.reseau-mesure.com\\\/wp-content\\\/uploads\\\/2020\\\/07\\\/20ku.jpeg\",\"datePublished\":\"2021-11-17T11:15:43+00:00\",\"dateModified\":\"2021-11-17T16:38:49+00:00\",\"description\":\"R\u00e9seau Mesure Express 18 novembre 2021. La formation : une opportunit\u00e9 pour fid\u00e9liser les \u00e9quipes et les faire monter en comp\u00e9tences.\",\"breadcrumb\":{\"@id\":\"https:\\\/\\\/www.reseau-mesure.com\\\/de\\\/reseau-mesure-express-18-novembre-2021\\\/#breadcrumb\"},\"inLanguage\":\"de\",\"potentialAction\":[{\"@type\":\"ReadAction\",\"target\":[\"https:\\\/\\\/www.reseau-mesure.com\\\/de\\\/reseau-mesure-express-18-novembre-2021\\\/\"]}]},{\"@type\":\"ImageObject\",\"inLanguage\":\"de\",\"@id\":\"https:\\\/\\\/www.reseau-mesure.com\\\/de\\\/reseau-mesure-express-18-novembre-2021\\\/#primaryimage\",\"url\":\"https:\\\/\\\/www.reseau-mesure.com\\\/wp-content\\\/uploads\\\/2020\\\/07\\\/20ku.jpeg\",\"contentUrl\":\"https:\\\/\\\/www.reseau-mesure.com\\\/wp-content\\\/uploads\\\/2020\\\/07\\\/20ku.jpeg\"},{\"@type\":\"BreadcrumbList\",\"@id\":\"https:\\\/\\\/www.reseau-mesure.com\\\/de\\\/reseau-mesure-express-18-novembre-2021\\\/#breadcrumb\",\"itemListElement\":[{\"@type\":\"ListItem\",\"position\":1,\"name\":\"Accueil\",\"item\":\"https:\\\/\\\/www.reseau-mesure.com\\\/\"},{\"@type\":\"ListItem\",\"position\":2,\"name\":\"R\u00e9seau Mesure Express-20211118\"}]},{\"@type\":\"WebSite\",\"@id\":\"https:\\\/\\\/www.reseau-mesure.com\\\/#website\",\"url\":\"https:\\\/\\\/www.reseau-mesure.com\\\/\",\"name\":\"R\u00e9seau-Mesure\",\"description\":\"R\u00e9seau Mesure\",\"publisher\":{\"@id\":\"https:\\\/\\\/www.reseau-mesure.com\\\/#organization\"},\"potentialAction\":[{\"@type\":\"SearchAction\",\"target\":{\"@type\":\"EntryPoint\",\"urlTemplate\":\"https:\\\/\\\/www.reseau-mesure.com\\\/?s={search_term_string}\"},\"query-input\":{\"@type\":\"PropertyValueSpecification\",\"valueRequired\":true,\"valueName\":\"search_term_string\"}}],\"inLanguage\":\"de\"},{\"@type\":\"Organization\",\"@id\":\"https:\\\/\\\/www.reseau-mesure.com\\\/#organization\",\"name\":\"R\u00e9seau-Mesure\",\"url\":\"https:\\\/\\\/www.reseau-mesure.com\\\/\",\"logo\":{\"@type\":\"ImageObject\",\"inLanguage\":\"de\",\"@id\":\"https:\\\/\\\/www.reseau-mesure.com\\\/#\\\/schema\\\/logo\\\/image\\\/\",\"url\":\"https:\\\/\\\/www.reseau-mesure.com\\\/wp-content\\\/uploads\\\/2018\\\/02\\\/logo-max.png\",\"contentUrl\":\"https:\\\/\\\/www.reseau-mesure.com\\\/wp-content\\\/uploads\\\/2018\\\/02\\\/logo-max.png\",\"width\":545,\"height\":285,\"caption\":\"R\u00e9seau-Mesure\"},\"image\":{\"@id\":\"https:\\\/\\\/www.reseau-mesure.com\\\/#\\\/schema\\\/logo\\\/image\\\/\"},\"sameAs\":[\"https:\\\/\\\/www.facebook.com\\\/reseaumesure\\\/\",\"https:\\\/\\\/x.com\\\/ReseauMesure\",\"https:\\\/\\\/www.linkedin.com\\\/company\\\/reseau-mesure\\\/\"]}]}<\/script>\n<!-- \/ Yoast SEO plugin. -->","yoast_head_json":{"title":"R\u00e9seau Mesure Express 18 novembre 2021 - R\u00e9seau Mesure","description":"R\u00e9seau Mesure Express 18 novembre 2021. La formation : une opportunit\u00e9 pour fid\u00e9liser les \u00e9quipes et les faire monter en comp\u00e9tences.","robots":{"index":"index","follow":"follow","max-snippet":"max-snippet:-1","max-image-preview":"max-image-preview:large","max-video-preview":"max-video-preview:-1"},"canonical":"https:\/\/www.reseau-mesure.com\/de\/reseau-mesure-express-18-novembre-2021\/","og_locale":"de_DE","og_type":"article","og_title":"R\u00e9seau Mesure Express 18 novembre 2021 - R\u00e9seau Mesure","og_description":"R\u00e9seau Mesure Express 18 novembre 2021. La formation : une opportunit\u00e9 pour fid\u00e9liser les \u00e9quipes et les faire monter en comp\u00e9tences.","og_url":"https:\/\/www.reseau-mesure.com\/de\/reseau-mesure-express-18-novembre-2021\/","og_site_name":"R\u00e9seau Mesure","article_publisher":"https:\/\/www.facebook.com\/reseaumesure\/","article_modified_time":"2021-11-17T16:38:49+00:00","og_image":[{"url":"https:\/\/www.reseau-mesure.com\/wp-content\/uploads\/2020\/07\/20ku.jpeg","type":"","width":"","height":""}],"twitter_card":"summary_large_image","twitter_site":"@ReseauMesure","twitter_misc":{"Gesch\u00e4tzte Lesezeit":"4\u00a0Minuten"},"schema":{"@context":"https:\/\/schema.org","@graph":[{"@type":"WebPage","@id":"https:\/\/www.reseau-mesure.com\/de\/reseau-mesure-express-18-novembre-2021\/","url":"https:\/\/www.reseau-mesure.com\/de\/reseau-mesure-express-18-novembre-2021\/","name":"R\u00e9seau Mesure Express 18 novembre 2021 - R\u00e9seau Mesure","isPartOf":{"@id":"https:\/\/www.reseau-mesure.com\/#website"},"primaryImageOfPage":{"@id":"https:\/\/www.reseau-mesure.com\/de\/reseau-mesure-express-18-novembre-2021\/#primaryimage"},"image":{"@id":"https:\/\/www.reseau-mesure.com\/de\/reseau-mesure-express-18-novembre-2021\/#primaryimage"},"thumbnailUrl":"https:\/\/www.reseau-mesure.com\/wp-content\/uploads\/2020\/07\/20ku.jpeg","datePublished":"2021-11-17T11:15:43+00:00","dateModified":"2021-11-17T16:38:49+00:00","description":"R\u00e9seau Mesure Express 18 novembre 2021. La formation : une opportunit\u00e9 pour fid\u00e9liser les \u00e9quipes et les faire monter en comp\u00e9tences.","breadcrumb":{"@id":"https:\/\/www.reseau-mesure.com\/de\/reseau-mesure-express-18-novembre-2021\/#breadcrumb"},"inLanguage":"de","potentialAction":[{"@type":"ReadAction","target":["https:\/\/www.reseau-mesure.com\/de\/reseau-mesure-express-18-novembre-2021\/"]}]},{"@type":"ImageObject","inLanguage":"de","@id":"https:\/\/www.reseau-mesure.com\/de\/reseau-mesure-express-18-novembre-2021\/#primaryimage","url":"https:\/\/www.reseau-mesure.com\/wp-content\/uploads\/2020\/07\/20ku.jpeg","contentUrl":"https:\/\/www.reseau-mesure.com\/wp-content\/uploads\/2020\/07\/20ku.jpeg"},{"@type":"BreadcrumbList","@id":"https:\/\/www.reseau-mesure.com\/de\/reseau-mesure-express-18-novembre-2021\/#breadcrumb","itemListElement":[{"@type":"ListItem","position":1,"name":"Accueil","item":"https:\/\/www.reseau-mesure.com\/"},{"@type":"ListItem","position":2,"name":"R\u00e9seau Mesure Express-20211118"}]},{"@type":"WebSite","@id":"https:\/\/www.reseau-mesure.com\/#website","url":"https:\/\/www.reseau-mesure.com\/","name":"Netzwerk-Messung","description":"Netzwerkma\u00dfnahme","publisher":{"@id":"https:\/\/www.reseau-mesure.com\/#organization"},"potentialAction":[{"@type":"SearchAction","target":{"@type":"EntryPoint","urlTemplate":"https:\/\/www.reseau-mesure.com\/?s={search_term_string}"},"query-input":{"@type":"PropertyValueSpecification","valueRequired":true,"valueName":"search_term_string"}}],"inLanguage":"de"},{"@type":"Organization","@id":"https:\/\/www.reseau-mesure.com\/#organization","name":"Netzwerk-Messung","url":"https:\/\/www.reseau-mesure.com\/","logo":{"@type":"ImageObject","inLanguage":"de","@id":"https:\/\/www.reseau-mesure.com\/#\/schema\/logo\/image\/","url":"https:\/\/www.reseau-mesure.com\/wp-content\/uploads\/2018\/02\/logo-max.png","contentUrl":"https:\/\/www.reseau-mesure.com\/wp-content\/uploads\/2018\/02\/logo-max.png","width":545,"height":285,"caption":"R\u00e9seau-Mesure"},"image":{"@id":"https:\/\/www.reseau-mesure.com\/#\/schema\/logo\/image\/"},"sameAs":["https:\/\/www.facebook.com\/reseaumesure\/","https:\/\/x.com\/ReseauMesure","https:\/\/www.linkedin.com\/company\/reseau-mesure\/"]}]}},"_links":{"self":[{"href":"https:\/\/www.reseau-mesure.com\/de\/wp-json\/wp\/v2\/pages\/15276","targetHints":{"allow":["GET"]}}],"collection":[{"href":"https:\/\/www.reseau-mesure.com\/de\/wp-json\/wp\/v2\/pages"}],"about":[{"href":"https:\/\/www.reseau-mesure.com\/de\/wp-json\/wp\/v2\/types\/page"}],"author":[{"embeddable":true,"href":"https:\/\/www.reseau-mesure.com\/de\/wp-json\/wp\/v2\/users\/720"}],"replies":[{"embeddable":true,"href":"https:\/\/www.reseau-mesure.com\/de\/wp-json\/wp\/v2\/comments?post=15276"}],"version-history":[{"count":0,"href":"https:\/\/www.reseau-mesure.com\/de\/wp-json\/wp\/v2\/pages\/15276\/revisions"}],"wp:attachment":[{"href":"https:\/\/www.reseau-mesure.com\/de\/wp-json\/wp\/v2\/media?parent=15276"}],"curies":[{"name":"wp","href":"https:\/\/api.w.org\/{rel}","templated":true}]}}