{"id":15479,"date":"2021-12-09T16:24:24","date_gmt":"2021-12-09T15:24:24","guid":{"rendered":"https:\/\/www.reseau-mesure.com\/?page_id=15479"},"modified":"2024-04-11T07:43:36","modified_gmt":"2024-04-11T05:43:36","slug":"formation-lintelligence-artificielle","status":"publish","type":"page","link":"https:\/\/www.reseau-mesure.com\/de\/formation-lintelligence-artificielle\/","title":{"rendered":"K\u00fcnstliche Intelligenz"},"content":{"rendered":"<img loading=\"lazy\" decoding=\"async\" src=\"https:\/\/www.reseau-mesure.com\/wp-content\/uploads\/2021\/11\/artificial-intelligence-g5c06de65c_1920-300x200.jpg\" alt=\"formation intelligence artificielle\" itemprop=\"image\" height=\"200\" width=\"300\" title=\"k\u00fcnstliche-intelligenz-g5c06de65c_1920\" onerror=\"this.style.display='none'\"  \/>\n\t<p>&nbsp;<\/p>\n<p><strong><em>E-Training<\/em><\/strong><\/p>\n\t\t\t\t<img loading=\"lazy\" decoding=\"async\" src=\"https:\/\/www.reseau-mesure.com\/wp-content\/uploads\/2020\/12\/laptop-150x150.png\" alt=\"laptop\" itemprop=\"image\" height=\"150\" width=\"150\" title=\"Laptop\" onerror=\"this.style.display='none'\"  \/>\n\t<p><b>Das i<\/b><b>Intelligenz<\/b><b> K\u00fcnstliche \u2013 (Modul 1) Initiation\u00a0<\/b><\/p>\n\t<table width=\"100%\">\n<tbody>\n<tr>\n<td><b>Ziel der Schulung zum Thema K\u00fcnstliche Intelligenz ist es, den Messakteuren einen ersten Wissensstand zu vermitteln, der f\u00fcr eine tiefergehende Auseinandersetzung mit Werkzeugen und Konzepten erforderlich ist.<\/b>\n<p>Das vorgeschlagene Programm:<\/p>\n<ul>\n<li>\n<ul>\n<li>\n<ul>\n<li>\n<ul>\n<li>Die Geschichte von KI und Data Science.<\/li>\n<li>KI und Data Science: Unterschiede und Synergien.<\/li>\n<li>Die Grundkonzepte der KI und warum dar\u00fcber heute so viel geredet wird.<\/li>\n<li>M\u00f6gliche Anwendungen im Bereich Wirtschaft und Messtechnik (Veranschaulichung durch Beispiele).<\/li>\n<li>Die Vorteile\/Nachteile\/Einschr\u00e4nkungen der Verwendung von KI.<\/li>\n<li>Die Akteure und ein kurzer \u00dcberblick \u00fcber die Tools.<\/li>\n<\/ul>\n<\/li>\n<\/ul>\n<\/li>\n<\/ul>\n<\/li>\n<\/ul>\n<p>Die Schulung wird von Herrn Rosa, Partner des Messnetzwerks und KI-Experte mit Spezialisierung auf Messen und Pr\u00fcfen, durchgef\u00fchrt.<\/p>\n<p><b>R\u00e9seau Mesure ist ein Qualiopi-zertifiziertes Schulungszentrum, das Unterst\u00fctzung durch Ihr OPCO erm\u00f6glicht.<\/b><\/p>\n<p><strong>Anzahl der Auszubildenden pro Sitzung:<\/strong>\u00a0 Mini 4 Pers. \/ max. 6 Pers.<\/p>\n<strong>Auswertungen 2022<\/strong> : 4 participants &#8211;\u00a0<em>moyenne bas\u00e9e sur l&rsquo;atteinte des objectifs, la p\u00e9dagogie et l&rsquo;organisation: <\/em><em>17\/20<\/em><br \/>\n<strong>Bewertung 2023<\/strong> : 4 participants &#8211; <em>moyenne bas\u00e9e sur l&rsquo;atteinte des objectifs, la p\u00e9dagogie et l&rsquo;organisation: <\/em><em>12.5\/20<\/em>\n<p><strong>N\u00e4chste Sitzung <\/strong>: <strong>\u00a0<\/strong>Wir planen die Termine nach Ihren W\u00fcnschen, also z\u00f6gern Sie nicht <a href=\"mailto:confray@reseau-mesure.com\">Kontaktiere uns<\/a> !\u00a0<\/p>\n&nbsp;<\/td>\n<\/tr>\n<tr>\n\n<\/tr>\n<tr>\n\n<\/tr>\n<\/tbody>\n<\/table>\n\t\t\t<a href=\"https:\/\/www.reseau-mesure.com\/wp-content\/uploads\/2024\/03\/2024-IA-initiation-presentation-v1.pdf\" target=\"_blank\" rel=\"noopener\">\n\t\t\t\t\t\t\tPr\u00e4sentation\n\t\t\t\t\t<\/a>\n\t\t\t<a href=\"https:\/\/www.reseau-mesure.com\/wp-content\/uploads\/2024\/03\/2024-IA-initiation-programme-v1.pdf\" target=\"_blank\" rel=\"noopener\">\n\t\t\t\t\t\t\tProgramm\n\t\t\t\t\t<\/a>\n\t\t\t<a href=\"mailto:confray@reseau-mesure.com\" target=\"_blank\" rel=\"noopener\">\n\t\t\t\t\t\t\tAbonnementanfrage\n\t\t\t\t\t<\/a>\n\t<p>&nbsp;<\/p>\n<p><b>Das i<\/b><b>Intelligenz<\/b><b> K\u00fcnstlich \u2013 (Modul 2) Verbesserung\u00a0<\/b><\/p>\n\t<table width=\"100%\">\n<tbody>\n<tr>\n<td><b>Ziel der Schulung zur K\u00fcnstlichen Intelligenz Level 2 ist es, Messakteure in die Lage zu versetzen, sich Kenntnisse \u00fcber die verf\u00fcgbaren Werkzeuge und die erwarteten Ergebnisse anzueignen, um diese nutzen zu k\u00f6nnen.<\/b>\n<p>Das vorgeschlagene Programm:<\/p>\n<ul>\n<li>\n<ul>\n<li>\n<ul>\n<li>\n<ul>\n<li>Erinnerung an Modul 1<\/li>\n<li>erste grundlegende Werkzeuge: Anaconda<\/li>\n<li>die mathematischen Prinzipien des \u00fcberwachten Lernens<\/li>\n<li>ein Paket von Algorithmen<\/li>\n<li>die verschiedenen Tools und die Erstellung von Programmen<\/li>\n<\/ul>\n<\/li>\n<\/ul>\n<\/li>\n<\/ul>\n<\/li>\n<\/ul>\n<p>Die Schulung wird von Herrn Rosa, Partner des Messnetzwerks und KI-Experte mit Spezialisierung auf Messen und Pr\u00fcfen, durchgef\u00fchrt.<\/p>\n<p><b>R\u00e9seau Mesure ist ein Qualiopi-zertifiziertes Schulungszentrum, das Unterst\u00fctzung durch Ihr OPCO erm\u00f6glicht.<\/b><\/p>\n<p><strong>Anzahl der Auszubildenden pro Sitzung:<\/strong>\u00a0 Mini 4 Pers. \/ max. 6 Pers.<\/p>\n<p><strong>N\u00e4chste Sitzung <\/strong>: <strong>\u00a0<\/strong>Wir planen die Termine nach Ihren W\u00fcnschen, also z\u00f6gern Sie nicht <a href=\"mailto:confray@reseau-mesure.com\">Kontaktiere uns<\/a> !\u00a0<\/p>\n&nbsp;<\/td>\n<\/tr>\n<tr>\n\n<\/tr>\n<tr>\n\n<\/tr>\n<\/tbody>\n<\/table>\n\t\t\t<a href=\"https:\/\/www.reseau-mesure.com\/wp-content\/uploads\/2023\/04\/2023-IA-perfectionnement-presentation-v1.pdf\" target=\"_blank\" rel=\"noopener\">\n\t\t\t\t\t\t\tPr\u00e4sentation\n\t\t\t\t\t<\/a>\n\t\t\t<a href=\"https:\/\/www.reseau-mesure.com\/wp-content\/uploads\/2023\/04\/2023-IA-niveau-2-programme-sur-1.5-jrs.pdf\" target=\"_blank\" rel=\"noopener\">\n\t\t\t\t\t\t\tProgramm\n\t\t\t\t\t<\/a>\n\t\t\t<a href=\"mailto:confray@reseau-mesure.com\" target=\"_blank\" rel=\"noopener\">\n\t\t\t\t\t\t\tAbonnementanfrage\n\t\t\t\t\t<\/a>","protected":false},"excerpt":{"rendered":"<p>&nbsp; E-Training K\u00fcnstliche Intelligenz \u2013 (Modul 1) Einf\u00fchrungstraining zu K\u00fcnstlicher Intelligenz zielt darauf ab, Messakteuren einen ersten Wissensstand zu vermitteln, der f\u00fcr eine tiefergehende Auseinandersetzung mit Werkzeugen und Konzepten erforderlich ist. Das vorgeschlagene Programm: Die Geschichte von KI und Datenwissenschaft. KI und Daten\u2026<\/p>","protected":false},"author":349,"featured_media":0,"parent":0,"menu_order":0,"comment_status":"closed","ping_status":"closed","template":"","meta":{"_acf_changed":false,"footnotes":""},"class_list":["post-15479","page","type-page","status-publish","hentry"],"acf":[],"yoast_head":"<!-- This site is optimized with the Yoast SEO plugin v27.3 - https:\/\/yoast.com\/product\/yoast-seo-wordpress\/ -->\n<title>Formation - L&#039;Intelligence Artificielle - R\u00e9seau Mesure<\/title>\n<meta name=\"description\" content=\"Formation sur l&#039;intelligence artificielle, pour comprendre les concepts de base et les applications dans le domaine de la mesure.\" \/>\n<meta name=\"robots\" content=\"index, follow, max-snippet:-1, max-image-preview:large, max-video-preview:-1\" \/>\n<link rel=\"canonical\" href=\"https:\/\/www.reseau-mesure.com\/de\/formation-lintelligence-artificielle\/\" \/>\n<meta property=\"og:locale\" content=\"de_DE\" \/>\n<meta property=\"og:type\" content=\"article\" \/>\n<meta property=\"og:title\" content=\"Formation - L&#039;Intelligence Artificielle - R\u00e9seau Mesure\" \/>\n<meta property=\"og:description\" content=\"Formation sur l&#039;intelligence artificielle, pour comprendre les concepts de base et les applications dans le domaine de la mesure.\" \/>\n<meta property=\"og:url\" content=\"https:\/\/www.reseau-mesure.com\/de\/formation-lintelligence-artificielle\/\" \/>\n<meta property=\"og:site_name\" content=\"R\u00e9seau Mesure\" \/>\n<meta property=\"article:publisher\" content=\"https:\/\/www.facebook.com\/reseaumesure\/\" \/>\n<meta property=\"article:modified_time\" content=\"2024-04-11T05:43:36+00:00\" \/>\n<meta property=\"og:image\" content=\"https:\/\/www.reseau-mesure.com\/wp-content\/uploads\/2021\/11\/artificial-intelligence-g5c06de65c_1920-300x200.jpg\" \/>\n<meta name=\"twitter:card\" content=\"summary_large_image\" \/>\n<meta name=\"twitter:site\" content=\"@ReseauMesure\" \/>\n<meta name=\"twitter:label1\" content=\"Gesch\u00e4tzte Lesezeit\" \/>\n\t<meta name=\"twitter:data1\" content=\"2\u00a0Minuten\" \/>\n<script type=\"application\/ld+json\" class=\"yoast-schema-graph\">{\"@context\":\"https:\\\/\\\/schema.org\",\"@graph\":[{\"@type\":\"WebPage\",\"@id\":\"https:\\\/\\\/www.reseau-mesure.com\\\/formation-lintelligence-artificielle\\\/\",\"url\":\"https:\\\/\\\/www.reseau-mesure.com\\\/formation-lintelligence-artificielle\\\/\",\"name\":\"Formation - L'Intelligence Artificielle - R\u00e9seau Mesure\",\"isPartOf\":{\"@id\":\"https:\\\/\\\/www.reseau-mesure.com\\\/#website\"},\"primaryImageOfPage\":{\"@id\":\"https:\\\/\\\/www.reseau-mesure.com\\\/formation-lintelligence-artificielle\\\/#primaryimage\"},\"image\":{\"@id\":\"https:\\\/\\\/www.reseau-mesure.com\\\/formation-lintelligence-artificielle\\\/#primaryimage\"},\"thumbnailUrl\":\"https:\\\/\\\/www.reseau-mesure.com\\\/wp-content\\\/uploads\\\/2021\\\/11\\\/artificial-intelligence-g5c06de65c_1920-300x200.jpg\",\"datePublished\":\"2021-12-09T15:24:24+00:00\",\"dateModified\":\"2024-04-11T05:43:36+00:00\",\"description\":\"Formation sur l'intelligence artificielle, pour comprendre les concepts de base et les applications dans le domaine de la mesure.\",\"breadcrumb\":{\"@id\":\"https:\\\/\\\/www.reseau-mesure.com\\\/formation-lintelligence-artificielle\\\/#breadcrumb\"},\"inLanguage\":\"de\",\"potentialAction\":[{\"@type\":\"ReadAction\",\"target\":[\"https:\\\/\\\/www.reseau-mesure.com\\\/formation-lintelligence-artificielle\\\/\"]}]},{\"@type\":\"ImageObject\",\"inLanguage\":\"de\",\"@id\":\"https:\\\/\\\/www.reseau-mesure.com\\\/formation-lintelligence-artificielle\\\/#primaryimage\",\"url\":\"https:\\\/\\\/www.reseau-mesure.com\\\/wp-content\\\/uploads\\\/2021\\\/11\\\/artificial-intelligence-g5c06de65c_1920-300x200.jpg\",\"contentUrl\":\"https:\\\/\\\/www.reseau-mesure.com\\\/wp-content\\\/uploads\\\/2021\\\/11\\\/artificial-intelligence-g5c06de65c_1920-300x200.jpg\"},{\"@type\":\"BreadcrumbList\",\"@id\":\"https:\\\/\\\/www.reseau-mesure.com\\\/formation-lintelligence-artificielle\\\/#breadcrumb\",\"itemListElement\":[{\"@type\":\"ListItem\",\"position\":1,\"name\":\"Accueil\",\"item\":\"https:\\\/\\\/www.reseau-mesure.com\\\/\"},{\"@type\":\"ListItem\",\"position\":2,\"name\":\"L&rsquo;Intelligence Artificielle\"}]},{\"@type\":\"WebSite\",\"@id\":\"https:\\\/\\\/www.reseau-mesure.com\\\/#website\",\"url\":\"https:\\\/\\\/www.reseau-mesure.com\\\/\",\"name\":\"R\u00e9seau-Mesure\",\"description\":\"R\u00e9seau Mesure\",\"publisher\":{\"@id\":\"https:\\\/\\\/www.reseau-mesure.com\\\/#organization\"},\"potentialAction\":[{\"@type\":\"SearchAction\",\"target\":{\"@type\":\"EntryPoint\",\"urlTemplate\":\"https:\\\/\\\/www.reseau-mesure.com\\\/?s={search_term_string}\"},\"query-input\":{\"@type\":\"PropertyValueSpecification\",\"valueRequired\":true,\"valueName\":\"search_term_string\"}}],\"inLanguage\":\"de\"},{\"@type\":\"Organization\",\"@id\":\"https:\\\/\\\/www.reseau-mesure.com\\\/#organization\",\"name\":\"R\u00e9seau-Mesure\",\"url\":\"https:\\\/\\\/www.reseau-mesure.com\\\/\",\"logo\":{\"@type\":\"ImageObject\",\"inLanguage\":\"de\",\"@id\":\"https:\\\/\\\/www.reseau-mesure.com\\\/#\\\/schema\\\/logo\\\/image\\\/\",\"url\":\"https:\\\/\\\/www.reseau-mesure.com\\\/wp-content\\\/uploads\\\/2018\\\/02\\\/logo-max.png\",\"contentUrl\":\"https:\\\/\\\/www.reseau-mesure.com\\\/wp-content\\\/uploads\\\/2018\\\/02\\\/logo-max.png\",\"width\":545,\"height\":285,\"caption\":\"R\u00e9seau-Mesure\"},\"image\":{\"@id\":\"https:\\\/\\\/www.reseau-mesure.com\\\/#\\\/schema\\\/logo\\\/image\\\/\"},\"sameAs\":[\"https:\\\/\\\/www.facebook.com\\\/reseaumesure\\\/\",\"https:\\\/\\\/x.com\\\/ReseauMesure\",\"https:\\\/\\\/www.linkedin.com\\\/company\\\/reseau-mesure\\\/\"]}]}<\/script>\n<!-- \/ Yoast SEO plugin. -->","yoast_head_json":{"title":"Formation - L'Intelligence Artificielle - R\u00e9seau Mesure","description":"Formation sur l'intelligence artificielle, pour comprendre les concepts de base et les applications dans le domaine de la mesure.","robots":{"index":"index","follow":"follow","max-snippet":"max-snippet:-1","max-image-preview":"max-image-preview:large","max-video-preview":"max-video-preview:-1"},"canonical":"https:\/\/www.reseau-mesure.com\/de\/formation-lintelligence-artificielle\/","og_locale":"de_DE","og_type":"article","og_title":"Formation - L'Intelligence Artificielle - R\u00e9seau Mesure","og_description":"Formation sur l'intelligence artificielle, pour comprendre les concepts de base et les applications dans le domaine de la mesure.","og_url":"https:\/\/www.reseau-mesure.com\/de\/formation-lintelligence-artificielle\/","og_site_name":"R\u00e9seau Mesure","article_publisher":"https:\/\/www.facebook.com\/reseaumesure\/","article_modified_time":"2024-04-11T05:43:36+00:00","og_image":[{"url":"https:\/\/www.reseau-mesure.com\/wp-content\/uploads\/2021\/11\/artificial-intelligence-g5c06de65c_1920-300x200.jpg","type":"","width":"","height":""}],"twitter_card":"summary_large_image","twitter_site":"@ReseauMesure","twitter_misc":{"Gesch\u00e4tzte Lesezeit":"2\u00a0Minuten"},"schema":{"@context":"https:\/\/schema.org","@graph":[{"@type":"WebPage","@id":"https:\/\/www.reseau-mesure.com\/formation-lintelligence-artificielle\/","url":"https:\/\/www.reseau-mesure.com\/formation-lintelligence-artificielle\/","name":"Formation - L'Intelligence Artificielle - R\u00e9seau Mesure","isPartOf":{"@id":"https:\/\/www.reseau-mesure.com\/#website"},"primaryImageOfPage":{"@id":"https:\/\/www.reseau-mesure.com\/formation-lintelligence-artificielle\/#primaryimage"},"image":{"@id":"https:\/\/www.reseau-mesure.com\/formation-lintelligence-artificielle\/#primaryimage"},"thumbnailUrl":"https:\/\/www.reseau-mesure.com\/wp-content\/uploads\/2021\/11\/artificial-intelligence-g5c06de65c_1920-300x200.jpg","datePublished":"2021-12-09T15:24:24+00:00","dateModified":"2024-04-11T05:43:36+00:00","description":"Formation sur l'intelligence artificielle, pour comprendre les concepts de base et les applications dans le domaine de la mesure.","breadcrumb":{"@id":"https:\/\/www.reseau-mesure.com\/formation-lintelligence-artificielle\/#breadcrumb"},"inLanguage":"de","potentialAction":[{"@type":"ReadAction","target":["https:\/\/www.reseau-mesure.com\/formation-lintelligence-artificielle\/"]}]},{"@type":"ImageObject","inLanguage":"de","@id":"https:\/\/www.reseau-mesure.com\/formation-lintelligence-artificielle\/#primaryimage","url":"https:\/\/www.reseau-mesure.com\/wp-content\/uploads\/2021\/11\/artificial-intelligence-g5c06de65c_1920-300x200.jpg","contentUrl":"https:\/\/www.reseau-mesure.com\/wp-content\/uploads\/2021\/11\/artificial-intelligence-g5c06de65c_1920-300x200.jpg"},{"@type":"BreadcrumbList","@id":"https:\/\/www.reseau-mesure.com\/formation-lintelligence-artificielle\/#breadcrumb","itemListElement":[{"@type":"ListItem","position":1,"name":"Accueil","item":"https:\/\/www.reseau-mesure.com\/"},{"@type":"ListItem","position":2,"name":"L&rsquo;Intelligence Artificielle"}]},{"@type":"WebSite","@id":"https:\/\/www.reseau-mesure.com\/#website","url":"https:\/\/www.reseau-mesure.com\/","name":"Netzwerk-Messung","description":"Netzwerkma\u00dfnahme","publisher":{"@id":"https:\/\/www.reseau-mesure.com\/#organization"},"potentialAction":[{"@type":"SearchAction","target":{"@type":"EntryPoint","urlTemplate":"https:\/\/www.reseau-mesure.com\/?s={search_term_string}"},"query-input":{"@type":"PropertyValueSpecification","valueRequired":true,"valueName":"search_term_string"}}],"inLanguage":"de"},{"@type":"Organization","@id":"https:\/\/www.reseau-mesure.com\/#organization","name":"Netzwerk-Messung","url":"https:\/\/www.reseau-mesure.com\/","logo":{"@type":"ImageObject","inLanguage":"de","@id":"https:\/\/www.reseau-mesure.com\/#\/schema\/logo\/image\/","url":"https:\/\/www.reseau-mesure.com\/wp-content\/uploads\/2018\/02\/logo-max.png","contentUrl":"https:\/\/www.reseau-mesure.com\/wp-content\/uploads\/2018\/02\/logo-max.png","width":545,"height":285,"caption":"R\u00e9seau-Mesure"},"image":{"@id":"https:\/\/www.reseau-mesure.com\/#\/schema\/logo\/image\/"},"sameAs":["https:\/\/www.facebook.com\/reseaumesure\/","https:\/\/x.com\/ReseauMesure","https:\/\/www.linkedin.com\/company\/reseau-mesure\/"]}]}},"_links":{"self":[{"href":"https:\/\/www.reseau-mesure.com\/de\/wp-json\/wp\/v2\/pages\/15479","targetHints":{"allow":["GET"]}}],"collection":[{"href":"https:\/\/www.reseau-mesure.com\/de\/wp-json\/wp\/v2\/pages"}],"about":[{"href":"https:\/\/www.reseau-mesure.com\/de\/wp-json\/wp\/v2\/types\/page"}],"author":[{"embeddable":true,"href":"https:\/\/www.reseau-mesure.com\/de\/wp-json\/wp\/v2\/users\/349"}],"replies":[{"embeddable":true,"href":"https:\/\/www.reseau-mesure.com\/de\/wp-json\/wp\/v2\/comments?post=15479"}],"version-history":[{"count":0,"href":"https:\/\/www.reseau-mesure.com\/de\/wp-json\/wp\/v2\/pages\/15479\/revisions"}],"wp:attachment":[{"href":"https:\/\/www.reseau-mesure.com\/de\/wp-json\/wp\/v2\/media?parent=15479"}],"curies":[{"name":"wp","href":"https:\/\/api.w.org\/{rel}","templated":true}]}}