{"id":15501,"date":"2021-12-13T14:56:28","date_gmt":"2021-12-13T13:56:28","guid":{"rendered":"https:\/\/www.reseau-mesure.com\/?page_id=15501"},"modified":"2021-12-13T15:01:07","modified_gmt":"2021-12-13T14:01:07","slug":"reseau-mesure-express-16-decembre-2021","status":"publish","type":"page","link":"https:\/\/www.reseau-mesure.com\/de\/reseau-mesure-express-16-decembre-2021\/","title":{"rendered":"Express-Messnetzwerk-20211216"},"content":{"rendered":"<img loading=\"lazy\" decoding=\"async\" src=\"https:\/\/www.reseau-mesure.com\/wp-content\/uploads\/2020\/07\/20ku.jpeg\" alt=\"R\u00e9seau Mesure Express\" itemprop=\"image\" height=\"300\" width=\"970\" title=\"Express Measurement Network Header\" onerror=\"this.style.display='none'\"  \/>\n<h1>\n\t\tExpress Measurement Network 16. Dezember 2021\n\t<\/h1>\n<h2>\n\t\t<a href=\"https:\/\/www.reseau-mesure.com\/de\/le-reseau-mesure-2\/\" title=\"16.12.2021\" target=\"_blank\" rel=\"noopener\">\n\t\t16.12.2021\n\t\t<\/a>\n\t<\/h2>\n\t<h3><strong>Ein Netzwerk f\u00fcr seine Mitglieder durch seine Mitglieder<\/strong><\/h3>\n\t<p>R\u00e9seau Mesure Express 16 d\u00e9cembre 2021 : Nous vous souhaitons de belles f\u00eates de fin d&rsquo;ann\u00e9e<\/p>\n<h2>\n\t\tNous vous souhaitons de belles f\u00eates de fin d&rsquo;ann\u00e9e\n\t<\/h2>\n\t<h1>Das Wort des Pr\u00e4sidenten<\/h1>\n\t<p>&nbsp;<\/p>\n<p>&nbsp;<\/p>\n<p>Liebe Mitglieder, liebe Mitglieder,<\/p>\n<p>Nous venons de traverser une nouvelle ann\u00e9e atypique. Je tiens \u00e0 remercier chacun d&rsquo;entre vous pour votre implication et votre dynamisme qui ont permis \u00e0 l&rsquo;association de d\u00e9velopper un plan d&rsquo;actions en phase avec l&rsquo;air du temps tout en assurant la p\u00e9rennit\u00e9 financi\u00e8re de notre structure.<\/p>\n<p>Les challenges ont \u00e9t\u00e9 nombreux\u00a0: redonner une dynamique aux salons professionnels, faire \u00e9voluer nos partenariats en fonction des besoins et des contraintes, coupler le digital et le pr\u00e9sentiel &#8230;..<\/p>\n<p>Nous avons eu le plaisir de nous retrouver enfin \u00e0 l&rsquo;occasion de plusieurs salons professionnels, d&rsquo;une formation au LNE et de r\u00e9unions et rendez-vous qui nous ont permis de maintenir une convivialit\u00e9 si ch\u00e8re \u00e0 notre fonctionnement.<\/p>\n<p>Nous sommes heureux que la majorit\u00e9 d&rsquo;entre vous ait r\u00e9ussi \u00e0 sortir renforc\u00e9e de cette crise sanitaire qui a fortement impact\u00e9 nos modes de fonctionnement. La difficult\u00e9 pour, tous reste cependant le manque de visibilit\u00e9 sur l&rsquo;\u00e9volution \u00e9conomique, sociale et sanitaire.\u00a0Nous devons plus que jamais rester unis et innovants. 12 Nouveaux membre nous ont rejoint cette ann\u00e9e\u00a0: Acomesures, Aequo Ltd, Apico, Franck Dureand Eirl, Etalonair, Evolutia, G\u00e9odesie Maintenance Services, Gom\u00e9trologie, Izitec, Lettel, Mydis, et Werth Messtechnik France.<\/p>\n<p>Nous continuons \u00e0 garder les fondamentaux du R\u00e9seau Mesure tout en affinant notre vision : un r\u00e9seau dynamique qui permet d&rsquo;augmenter la comp\u00e9titivit\u00e9 des entreprises de la mesure dans un cadre convivial.<\/p>\n<p>L&rsquo;ensemble des administrateurs, l&rsquo;\u00e9quipe d&rsquo;animation et moi-m\u00eame restons \u00e0 votre \u00e9coute pour vous accompagner au quotidien et d\u00e9velopper les actions qui r\u00e9pondent \u00e0 vos probl\u00e9matiques et vos attentes.<\/p>\n<p>Dans ce contexte si sp\u00e9cifique, il est important de se ressourcer aupr\u00e8s des siens et de profiter pleinement de ces f\u00eates de fin d&rsquo;ann\u00e9e.<\/p>\n<p>Ich w\u00fcnsche Ihnen allen ein frohes Weihnachtsfest und ein angenehmes Silvester. Wir freuen uns darauf, uns 2022 f\u00fcr neue Projekte wiederzusehen.<\/p>\n<p>&nbsp;<\/p>\n<p>Sch\u00f6n f\u00fcr dich,<\/p>\n<p>&nbsp;<\/p>\n<p>Claunel Massies \u2013 WIKA Instruments<\/p>\n<p>Pr\u00e4sident des Messnetzes<\/p>\n\t\t\t\t<a href=\"https:\/\/www.reseau-mesure.com\/de\/\" target=\"_blank\" rel=\"noopener\" itemprop=\"url\">\n\t\t\t\t<img loading=\"lazy\" decoding=\"async\" src=\"https:\/\/www.reseau-mesure.com\/wp-content\/uploads\/2021\/12\/522-scaled.jpg\" alt=\"No\u00ebl\" itemprop=\"image\" height=\"1124\" width=\"2560\" title=\"Weihnachten\" onerror=\"this.style.display='none'\"  \/>\n\t\t\t\t<\/a>\n\t\t\t\t<img decoding=\"async\" src=\"https:\/\/www.reseau-mesure.com\/wp-content\/plugins\/bb-plugin\/img\/pixel.png\" alt=\"\" itemprop=\"image\" onerror=\"this.style.display='none'\"  \/>\n\t\t\t\t<img loading=\"lazy\" decoding=\"async\" src=\"https:\/\/www.reseau-mesure.com\/wp-content\/uploads\/2021\/07\/2021-portrait.jpg\" alt=\"Claunel Massies\" itemprop=\"image\" height=\"411\" width=\"371\" title=\"Claudel Massies 2021 Portr\u00e4t\" onerror=\"this.style.display='none'\"  \/>\n\t\t\t\t<img loading=\"lazy\" decoding=\"async\" src=\"https:\/\/www.reseau-mesure.com\/wp-content\/uploads\/2021\/12\/logo-reseau-mesure-vectorise.png\" alt=\"logo reseau mesure vectoris\u00e9\" itemprop=\"image\" height=\"933\" width=\"1775\" title=\"vektorisiertes Messnetz-Logo\" onerror=\"this.style.display='none'\"  \/>\n\t\t\t<a href=\"https:\/\/www.reseau-mesure.com\/de\/evenements\/\" target=\"_self\" role=\"button\" rel=\"noopener\">\n\t\t\t\t\t\t\tDie komplette Agenda des Messnetzes\n\t\t\t\t\t<\/a>\n\t\t\t\t<a href=\"https:\/\/www.reseau-mesure.com\/de\/evenements\/\" target=\"_blank\" rel=\"noopener\" itemprop=\"url\">\n\t\t\t\t<img loading=\"lazy\" decoding=\"async\" src=\"https:\/\/www.reseau-mesure.com\/wp-content\/uploads\/2020\/08\/Plan-de-travail-3niveau.png\" alt=\"R\u00e9seau Mesure Express Actualites\" itemprop=\"image\" height=\"3665\" width=\"5520\" title=\"Express Measurement Network News\" onerror=\"this.style.display='none'\"  \/>\n\t\t\t\t<\/a>\n\t<h2>Caf\u00e9 visio RH<\/h2>\n\t<h1>Treffen wir uns auf einen HR-Videokaffee<\/h1>\n<p>Donnerstag, 13. Januar von 9:00 bis 10:00 Uhr<img decoding=\"async\" src=\"Caf\u00e9 visio RH\" alt=\"\" \/><img loading=\"lazy\" decoding=\"async\" src=\"https:\/\/www.reseau-mesure.com\/wp-content\/uploads\/2021\/12\/laptop.jpg\" alt=\"\" width=\"266\" height=\"177\" \/><\/p>\n<p>Contact : Estelle Duflot\u00a0 &#8211; eduflot@reseau-mesure.com<\/p>\n<p>&nbsp;<\/p>\n\t<h2>R\u00e9seau Mesure Express: Neuigkeiten zum Aktionsplan des Vereins<\/h2>\n<h1>\n\t\t<a href=\"https:\/\/www.reseau-mesure.com\/de\/\" title=\"Express Measurement Network 16. Dezember 2021\" target=\"_blank\" rel=\"noopener\">\n\t\tExpress Measurement Network 16. Dezember 2021\n\t\t<\/a>\n\t<\/h1>","protected":false},"excerpt":{"rendered":"<p>R\u00e9seau Mesure Express 16. Dezember 2021 16. Dezember 2021 Ein Netzwerk f\u00fcr seine Mitglieder, durch seine Mitglieder R\u00e9seau Mesure Express 16. Dezember 2021: Wir w\u00fcnschen Ihnen einen sch\u00f6nen Jahresabschluss Wir w\u00fcnschen Ihnen einen sch\u00f6nen Jahresabschluss Ein Wort des Pr\u00e4sidenten Liebe Mitglieder, liebe Mitglieder, Wir haben gerade eine ...<\/p>","protected":false},"author":720,"featured_media":0,"parent":0,"menu_order":0,"comment_status":"closed","ping_status":"closed","template":"","meta":{"_acf_changed":false,"footnotes":""},"class_list":["post-15501","page","type-page","status-publish","hentry"],"acf":[],"yoast_head":"<!-- This site is optimized with the Yoast SEO plugin v27.5 - https:\/\/yoast.com\/product\/yoast-seo-wordpress\/ -->\n<title>R\u00e9seau Mesure Express 16 d\u00e9cembre 2021 - R\u00e9seau Mesure<\/title>\n<meta name=\"description\" content=\"R\u00e9seau Mesure Express 16 d\u00e9cembre novembre 2021. Nous vous souhaitons de belles f\u00eates de fin d&#039;ann\u00e9e 2021.\" \/>\n<meta name=\"robots\" content=\"index, follow, max-snippet:-1, max-image-preview:large, max-video-preview:-1\" \/>\n<link rel=\"canonical\" href=\"https:\/\/www.reseau-mesure.com\/de\/reseau-mesure-express-16-decembre-2021\/\" \/>\n<meta property=\"og:locale\" content=\"de_DE\" \/>\n<meta property=\"og:type\" content=\"article\" \/>\n<meta property=\"og:title\" content=\"R\u00e9seau Mesure Express 16 d\u00e9cembre 2021 - R\u00e9seau Mesure\" \/>\n<meta property=\"og:description\" content=\"R\u00e9seau Mesure Express 16 d\u00e9cembre novembre 2021. Nous vous souhaitons de belles f\u00eates de fin d&#039;ann\u00e9e 2021.\" \/>\n<meta property=\"og:url\" content=\"https:\/\/www.reseau-mesure.com\/de\/reseau-mesure-express-16-decembre-2021\/\" \/>\n<meta property=\"og:site_name\" content=\"R\u00e9seau Mesure\" \/>\n<meta property=\"article:publisher\" content=\"https:\/\/www.facebook.com\/reseaumesure\/\" \/>\n<meta property=\"article:modified_time\" content=\"2021-12-13T14:01:07+00:00\" \/>\n<meta property=\"og:image\" content=\"https:\/\/www.reseau-mesure.com\/wp-content\/uploads\/2020\/07\/20ku.jpeg\" \/>\n<meta name=\"twitter:card\" content=\"summary_large_image\" \/>\n<meta name=\"twitter:site\" content=\"@ReseauMesure\" \/>\n<meta name=\"twitter:label1\" content=\"Gesch\u00e4tzte Lesezeit\" \/>\n\t<meta name=\"twitter:data1\" content=\"4\u00a0Minuten\" \/>\n<script type=\"application\/ld+json\" class=\"yoast-schema-graph\">{\"@context\":\"https:\\\/\\\/schema.org\",\"@graph\":[{\"@type\":\"WebPage\",\"@id\":\"https:\\\/\\\/www.reseau-mesure.com\\\/reseau-mesure-express-16-decembre-2021\\\/\",\"url\":\"https:\\\/\\\/www.reseau-mesure.com\\\/reseau-mesure-express-16-decembre-2021\\\/\",\"name\":\"R\u00e9seau Mesure Express 16 d\u00e9cembre 2021 - R\u00e9seau Mesure\",\"isPartOf\":{\"@id\":\"https:\\\/\\\/www.reseau-mesure.com\\\/#website\"},\"primaryImageOfPage\":{\"@id\":\"https:\\\/\\\/www.reseau-mesure.com\\\/reseau-mesure-express-16-decembre-2021\\\/#primaryimage\"},\"image\":{\"@id\":\"https:\\\/\\\/www.reseau-mesure.com\\\/reseau-mesure-express-16-decembre-2021\\\/#primaryimage\"},\"thumbnailUrl\":\"https:\\\/\\\/www.reseau-mesure.com\\\/wp-content\\\/uploads\\\/2020\\\/07\\\/20ku.jpeg\",\"datePublished\":\"2021-12-13T13:56:28+00:00\",\"dateModified\":\"2021-12-13T14:01:07+00:00\",\"description\":\"R\u00e9seau Mesure Express 16 d\u00e9cembre novembre 2021. Nous vous souhaitons de belles f\u00eates de fin d'ann\u00e9e 2021.\",\"breadcrumb\":{\"@id\":\"https:\\\/\\\/www.reseau-mesure.com\\\/reseau-mesure-express-16-decembre-2021\\\/#breadcrumb\"},\"inLanguage\":\"de\",\"potentialAction\":[{\"@type\":\"ReadAction\",\"target\":[\"https:\\\/\\\/www.reseau-mesure.com\\\/reseau-mesure-express-16-decembre-2021\\\/\"]}]},{\"@type\":\"ImageObject\",\"inLanguage\":\"de\",\"@id\":\"https:\\\/\\\/www.reseau-mesure.com\\\/reseau-mesure-express-16-decembre-2021\\\/#primaryimage\",\"url\":\"https:\\\/\\\/www.reseau-mesure.com\\\/wp-content\\\/uploads\\\/2020\\\/07\\\/20ku.jpeg\",\"contentUrl\":\"https:\\\/\\\/www.reseau-mesure.com\\\/wp-content\\\/uploads\\\/2020\\\/07\\\/20ku.jpeg\"},{\"@type\":\"BreadcrumbList\",\"@id\":\"https:\\\/\\\/www.reseau-mesure.com\\\/reseau-mesure-express-16-decembre-2021\\\/#breadcrumb\",\"itemListElement\":[{\"@type\":\"ListItem\",\"position\":1,\"name\":\"Accueil\",\"item\":\"https:\\\/\\\/www.reseau-mesure.com\\\/\"},{\"@type\":\"ListItem\",\"position\":2,\"name\":\"R\u00e9seau Mesure Express-20211216\"}]},{\"@type\":\"WebSite\",\"@id\":\"https:\\\/\\\/www.reseau-mesure.com\\\/#website\",\"url\":\"https:\\\/\\\/www.reseau-mesure.com\\\/\",\"name\":\"R\u00e9seau-Mesure\",\"description\":\"R\u00e9seau Mesure\",\"publisher\":{\"@id\":\"https:\\\/\\\/www.reseau-mesure.com\\\/#organization\"},\"potentialAction\":[{\"@type\":\"SearchAction\",\"target\":{\"@type\":\"EntryPoint\",\"urlTemplate\":\"https:\\\/\\\/www.reseau-mesure.com\\\/?s={search_term_string}\"},\"query-input\":{\"@type\":\"PropertyValueSpecification\",\"valueRequired\":true,\"valueName\":\"search_term_string\"}}],\"inLanguage\":\"de\"},{\"@type\":\"Organization\",\"@id\":\"https:\\\/\\\/www.reseau-mesure.com\\\/#organization\",\"name\":\"R\u00e9seau-Mesure\",\"url\":\"https:\\\/\\\/www.reseau-mesure.com\\\/\",\"logo\":{\"@type\":\"ImageObject\",\"inLanguage\":\"de\",\"@id\":\"https:\\\/\\\/www.reseau-mesure.com\\\/#\\\/schema\\\/logo\\\/image\\\/\",\"url\":\"https:\\\/\\\/www.reseau-mesure.com\\\/wp-content\\\/uploads\\\/2018\\\/02\\\/logo-max.png\",\"contentUrl\":\"https:\\\/\\\/www.reseau-mesure.com\\\/wp-content\\\/uploads\\\/2018\\\/02\\\/logo-max.png\",\"width\":545,\"height\":285,\"caption\":\"R\u00e9seau-Mesure\"},\"image\":{\"@id\":\"https:\\\/\\\/www.reseau-mesure.com\\\/#\\\/schema\\\/logo\\\/image\\\/\"},\"sameAs\":[\"https:\\\/\\\/www.facebook.com\\\/reseaumesure\\\/\",\"https:\\\/\\\/x.com\\\/ReseauMesure\",\"https:\\\/\\\/www.linkedin.com\\\/company\\\/reseau-mesure\\\/\"]}]}<\/script>\n<!-- \/ Yoast SEO plugin. -->","yoast_head_json":{"title":"R\u00e9seau Mesure Express 16 d\u00e9cembre 2021 - R\u00e9seau Mesure","description":"R\u00e9seau Mesure Express 16 d\u00e9cembre novembre 2021. Nous vous souhaitons de belles f\u00eates de fin d'ann\u00e9e 2021.","robots":{"index":"index","follow":"follow","max-snippet":"max-snippet:-1","max-image-preview":"max-image-preview:large","max-video-preview":"max-video-preview:-1"},"canonical":"https:\/\/www.reseau-mesure.com\/de\/reseau-mesure-express-16-decembre-2021\/","og_locale":"de_DE","og_type":"article","og_title":"R\u00e9seau Mesure Express 16 d\u00e9cembre 2021 - R\u00e9seau Mesure","og_description":"R\u00e9seau Mesure Express 16 d\u00e9cembre novembre 2021. Nous vous souhaitons de belles f\u00eates de fin d'ann\u00e9e 2021.","og_url":"https:\/\/www.reseau-mesure.com\/de\/reseau-mesure-express-16-decembre-2021\/","og_site_name":"R\u00e9seau Mesure","article_publisher":"https:\/\/www.facebook.com\/reseaumesure\/","article_modified_time":"2021-12-13T14:01:07+00:00","og_image":[{"url":"https:\/\/www.reseau-mesure.com\/wp-content\/uploads\/2020\/07\/20ku.jpeg","type":"","width":"","height":""}],"twitter_card":"summary_large_image","twitter_site":"@ReseauMesure","twitter_misc":{"Gesch\u00e4tzte Lesezeit":"4\u00a0Minuten"},"schema":{"@context":"https:\/\/schema.org","@graph":[{"@type":"WebPage","@id":"https:\/\/www.reseau-mesure.com\/reseau-mesure-express-16-decembre-2021\/","url":"https:\/\/www.reseau-mesure.com\/reseau-mesure-express-16-decembre-2021\/","name":"R\u00e9seau Mesure Express 16 d\u00e9cembre 2021 - R\u00e9seau Mesure","isPartOf":{"@id":"https:\/\/www.reseau-mesure.com\/#website"},"primaryImageOfPage":{"@id":"https:\/\/www.reseau-mesure.com\/reseau-mesure-express-16-decembre-2021\/#primaryimage"},"image":{"@id":"https:\/\/www.reseau-mesure.com\/reseau-mesure-express-16-decembre-2021\/#primaryimage"},"thumbnailUrl":"https:\/\/www.reseau-mesure.com\/wp-content\/uploads\/2020\/07\/20ku.jpeg","datePublished":"2021-12-13T13:56:28+00:00","dateModified":"2021-12-13T14:01:07+00:00","description":"R\u00e9seau Mesure Express 16 d\u00e9cembre novembre 2021. Nous vous souhaitons de belles f\u00eates de fin d'ann\u00e9e 2021.","breadcrumb":{"@id":"https:\/\/www.reseau-mesure.com\/reseau-mesure-express-16-decembre-2021\/#breadcrumb"},"inLanguage":"de","potentialAction":[{"@type":"ReadAction","target":["https:\/\/www.reseau-mesure.com\/reseau-mesure-express-16-decembre-2021\/"]}]},{"@type":"ImageObject","inLanguage":"de","@id":"https:\/\/www.reseau-mesure.com\/reseau-mesure-express-16-decembre-2021\/#primaryimage","url":"https:\/\/www.reseau-mesure.com\/wp-content\/uploads\/2020\/07\/20ku.jpeg","contentUrl":"https:\/\/www.reseau-mesure.com\/wp-content\/uploads\/2020\/07\/20ku.jpeg"},{"@type":"BreadcrumbList","@id":"https:\/\/www.reseau-mesure.com\/reseau-mesure-express-16-decembre-2021\/#breadcrumb","itemListElement":[{"@type":"ListItem","position":1,"name":"Accueil","item":"https:\/\/www.reseau-mesure.com\/"},{"@type":"ListItem","position":2,"name":"R\u00e9seau Mesure Express-20211216"}]},{"@type":"WebSite","@id":"https:\/\/www.reseau-mesure.com\/#website","url":"https:\/\/www.reseau-mesure.com\/","name":"Netzwerk-Messung","description":"Netzwerkma\u00dfnahme","publisher":{"@id":"https:\/\/www.reseau-mesure.com\/#organization"},"potentialAction":[{"@type":"SearchAction","target":{"@type":"EntryPoint","urlTemplate":"https:\/\/www.reseau-mesure.com\/?s={search_term_string}"},"query-input":{"@type":"PropertyValueSpecification","valueRequired":true,"valueName":"search_term_string"}}],"inLanguage":"de"},{"@type":"Organization","@id":"https:\/\/www.reseau-mesure.com\/#organization","name":"Netzwerk-Messung","url":"https:\/\/www.reseau-mesure.com\/","logo":{"@type":"ImageObject","inLanguage":"de","@id":"https:\/\/www.reseau-mesure.com\/#\/schema\/logo\/image\/","url":"https:\/\/www.reseau-mesure.com\/wp-content\/uploads\/2018\/02\/logo-max.png","contentUrl":"https:\/\/www.reseau-mesure.com\/wp-content\/uploads\/2018\/02\/logo-max.png","width":545,"height":285,"caption":"R\u00e9seau-Mesure"},"image":{"@id":"https:\/\/www.reseau-mesure.com\/#\/schema\/logo\/image\/"},"sameAs":["https:\/\/www.facebook.com\/reseaumesure\/","https:\/\/x.com\/ReseauMesure","https:\/\/www.linkedin.com\/company\/reseau-mesure\/"]}]}},"_links":{"self":[{"href":"https:\/\/www.reseau-mesure.com\/de\/wp-json\/wp\/v2\/pages\/15501","targetHints":{"allow":["GET"]}}],"collection":[{"href":"https:\/\/www.reseau-mesure.com\/de\/wp-json\/wp\/v2\/pages"}],"about":[{"href":"https:\/\/www.reseau-mesure.com\/de\/wp-json\/wp\/v2\/types\/page"}],"author":[{"embeddable":true,"href":"https:\/\/www.reseau-mesure.com\/de\/wp-json\/wp\/v2\/users\/720"}],"replies":[{"embeddable":true,"href":"https:\/\/www.reseau-mesure.com\/de\/wp-json\/wp\/v2\/comments?post=15501"}],"version-history":[{"count":0,"href":"https:\/\/www.reseau-mesure.com\/de\/wp-json\/wp\/v2\/pages\/15501\/revisions"}],"wp:attachment":[{"href":"https:\/\/www.reseau-mesure.com\/de\/wp-json\/wp\/v2\/media?parent=15501"}],"curies":[{"name":"wp","href":"https:\/\/api.w.org\/{rel}","templated":true}]}}