{"id":15527,"date":"2021-12-14T12:14:00","date_gmt":"2021-12-14T11:14:00","guid":{"rendered":"https:\/\/www.reseau-mesure.com\/?page_id=15527"},"modified":"2025-03-10T14:52:26","modified_gmt":"2025-03-10T13:52:26","slug":"winwerth-analyse-d-image","status":"publish","type":"page","link":"https:\/\/www.reseau-mesure.com\/de\/winwerth-analyse-d-image\/","title":{"rendered":"WinWerth Bildanalyse"},"content":{"rendered":"<a href=\"https:\/\/mpihome.com\/fr\/\"  target=\"_blank\" rel=\"noopener\"  itemprop=\"url\">\n\t\t\t\t<img loading=\"lazy\" decoding=\"async\" src=\"https:\/\/www.reseau-mesure.com\/wp-content\/uploads\/2021\/12\/WERTH-300x203.png\" alt=\"logo werth france adh\u00e9rent du R\u00e9seau Mesure\" itemprop=\"image\" height=\"203\" width=\"300\" title=\"WERTH\" onerror=\"this.style.display='none'\"  \/>\n\t\t\t\t<\/a>\n\t<p>&nbsp;<\/p>\n<p><b>WinWerth Analyse d&rsquo;image &#8211; BASE ET PEFECTIONNEMENT\u00a0<\/b><\/p>\n\t<p>&nbsp;<\/p>\n<table width=\"100%\">\n<tbody>\n<tr>\n<td><strong>Cette formation s&rsquo;adresse \u00e0 tout nouvel utilisateur, qui souhaite utiliser de fa\u00e7on autonome la machine \u00e0 mesurer optique, que ce soit en mesure manuelle ou en programmation.<\/strong>\n<p>Die Ausbildung wird durchgef\u00fchrt von <a href=\"https:\/\/www.reseau-mesure.com\/de\/adherent\/werth-messtechnik-france\/\" target=\"_blank\" rel=\"noopener\">Werth Messtechnik Frankreich<\/a>, Spezialist f\u00fcr Dimensions- und dreidimensionale Messungen.<\/p>\n<p><b>R\u00e9seau Mesure wird als QUALIOPI-zertifiziertes Schulungszentrum bezeichnet, das die Unterst\u00fctzung durch Ihren OPCO erm\u00f6glicht.<\/b><\/p>\n<p><strong>Anzahl der Auszubildenden pro Sitzung:<\/strong> Schulung exklusiv f\u00fcr ein Unternehmen.<\/p>\nSatisfaction 2022:\u00a0 8 stagiaires &#8211; <em>moyenne bas\u00e9e sur l&rsquo;atteinte des objectifs, la p\u00e9dagogie et l&rsquo;organisation<\/em>:\u00a0 <em>18,3\/20<\/em><br \/>\nSatisfaction 2023: 9 stagiaires &#8211; <em>moyenne bas\u00e9e sur l&rsquo;atteinte des objectifs, la p\u00e9dagogie et l&rsquo;organisation<\/em>:\u00a0 <em>18.3\/20<\/em><br \/>\nSatisfaction 2024: 3 stagiaires &#8211; <em>moyenne bas\u00e9e sur l&rsquo;atteinte des objectifs, la p\u00e9dagogie et l&rsquo;organisation<\/em>:\u00a0 <em> 19.8\/20 &#8211; atteinte des objectifs:\u00a0 \u00a020\/20<br \/>\n<\/em>Satisfaction 2025: 3 stagiaires &#8211; <em>moyenne bas\u00e9e sur l&rsquo;atteinte des objectifs, la p\u00e9dagogie et l&rsquo;organisation<\/em>:\u00a0 9.6<em>\/10 &#8211; atteinte des objectifs:\u00a0 \u00a09.4\/10<\/em>\n<p><strong>Die Schulungstermine sind mit dem Trainer der Firma Werth abzustimmen.\u00a0<\/strong><\/p>\n<strong>Das Programm kann an die Bed\u00fcrfnisse des Unternehmens angepasst werden.<\/strong><\/td>\n<\/tr>\n<tr>\n\n<\/tr>\n<\/tbody>\n<\/table>\n\t\t\t<a href=\"https:\/\/www.reseau-mesure.com\/wp-content\/uploads\/2021\/12\/Formation-de-base-WinWerth-Analyse-Image-Presentation.pdf\" target=\"_blank\" rel=\"noopener\">\n\t\t\t\t\t\t\tPr\u00e4sentation\n\t\t\t\t\t<\/a>\n\t\t\t<a href=\"https:\/\/www.reseau-mesure.com\/wp-content\/uploads\/2021\/12\/Formation-de-base-WinWerth-Analyse-Image-Programme.pdf\" target=\"_blank\" rel=\"noopener\">\n\t\t\t\t\t\t\tProgrammtyp\n\t\t\t\t\t<\/a>\n\t\t\t<a href=\"mailto:alexandre.morvan@werthfrance.com\" target=\"_blank\" rel=\"noopener\">\n\t\t\t\t\t\t\tAbonnementanfrage\n\t\t\t\t\t<\/a>","protected":false},"excerpt":{"rendered":"<p>&nbsp; WinWerth Analyse d&rsquo;image &#8211; BASE ET PEFECTIONNEMENT\u00a0 &nbsp; Cette formation s&rsquo;adresse \u00e0 tout nouvel utilisateur, qui souhaite utiliser de fa\u00e7on autonome la machine \u00e0 mesurer optique, que ce soit en mesure manuelle ou en programmation. La formation sera assur\u00e9e par Werth Messtechnik France, sp\u00e9cialiste de Mesures dimensionnelles et tridimensionnelles. R\u00e9seau Mesure est r\u00e9f\u00e9renc\u00e9 centre&hellip;<\/p>","protected":false},"author":349,"featured_media":0,"parent":0,"menu_order":0,"comment_status":"closed","ping_status":"closed","template":"","meta":{"_acf_changed":false,"footnotes":""},"class_list":["post-15527","page","type-page","status-publish","hentry"],"acf":[],"yoast_head":"<!-- This site is optimized with the Yoast SEO plugin v27.4 - https:\/\/yoast.com\/product\/yoast-seo-wordpress\/ -->\n<title>Formation - WinWerth Analyse d&#039;image - R\u00e9seau Mesure<\/title>\n<meta name=\"description\" content=\"Formation Winwerth Analyse d&#039;image pour une prise en main du logiciel Winwerth et \u00eatre capable de mesurer une pi\u00e8ce\" \/>\n<meta name=\"robots\" content=\"index, follow, max-snippet:-1, max-image-preview:large, max-video-preview:-1\" \/>\n<link rel=\"canonical\" href=\"https:\/\/www.reseau-mesure.com\/de\/winwerth-analyse-d-image\/\" \/>\n<meta property=\"og:locale\" content=\"de_DE\" \/>\n<meta property=\"og:type\" content=\"article\" \/>\n<meta property=\"og:title\" content=\"Formation - WinWerth Analyse d&#039;image - R\u00e9seau Mesure\" \/>\n<meta property=\"og:description\" content=\"Formation Winwerth Analyse d&#039;image pour une prise en main du logiciel Winwerth et \u00eatre capable de mesurer une pi\u00e8ce\" \/>\n<meta property=\"og:url\" content=\"https:\/\/www.reseau-mesure.com\/de\/winwerth-analyse-d-image\/\" \/>\n<meta property=\"og:site_name\" content=\"R\u00e9seau Mesure\" \/>\n<meta property=\"article:publisher\" content=\"https:\/\/www.facebook.com\/reseaumesure\/\" \/>\n<meta property=\"article:modified_time\" content=\"2025-03-10T13:52:26+00:00\" \/>\n<meta property=\"og:image\" content=\"https:\/\/www.reseau-mesure.com\/wp-content\/uploads\/2021\/12\/WERTH-300x203.png\" \/>\n<meta name=\"twitter:card\" content=\"summary_large_image\" \/>\n<meta name=\"twitter:site\" content=\"@ReseauMesure\" \/>\n<meta name=\"twitter:label1\" content=\"Gesch\u00e4tzte Lesezeit\" \/>\n\t<meta name=\"twitter:data1\" content=\"1\u00a0Minute\" \/>\n<script type=\"application\/ld+json\" class=\"yoast-schema-graph\">{\"@context\":\"https:\\\/\\\/schema.org\",\"@graph\":[{\"@type\":\"WebPage\",\"@id\":\"https:\\\/\\\/www.reseau-mesure.com\\\/winwerth-analyse-d-image\\\/\",\"url\":\"https:\\\/\\\/www.reseau-mesure.com\\\/winwerth-analyse-d-image\\\/\",\"name\":\"Formation - WinWerth Analyse d'image - R\u00e9seau Mesure\",\"isPartOf\":{\"@id\":\"https:\\\/\\\/www.reseau-mesure.com\\\/#website\"},\"primaryImageOfPage\":{\"@id\":\"https:\\\/\\\/www.reseau-mesure.com\\\/winwerth-analyse-d-image\\\/#primaryimage\"},\"image\":{\"@id\":\"https:\\\/\\\/www.reseau-mesure.com\\\/winwerth-analyse-d-image\\\/#primaryimage\"},\"thumbnailUrl\":\"https:\\\/\\\/www.reseau-mesure.com\\\/wp-content\\\/uploads\\\/2021\\\/12\\\/WERTH-300x203.png\",\"datePublished\":\"2021-12-14T11:14:00+00:00\",\"dateModified\":\"2025-03-10T13:52:26+00:00\",\"description\":\"Formation Winwerth Analyse d'image pour une prise en main du logiciel Winwerth et \u00eatre capable de mesurer une pi\u00e8ce\",\"breadcrumb\":{\"@id\":\"https:\\\/\\\/www.reseau-mesure.com\\\/winwerth-analyse-d-image\\\/#breadcrumb\"},\"inLanguage\":\"de\",\"potentialAction\":[{\"@type\":\"ReadAction\",\"target\":[\"https:\\\/\\\/www.reseau-mesure.com\\\/winwerth-analyse-d-image\\\/\"]}]},{\"@type\":\"ImageObject\",\"inLanguage\":\"de\",\"@id\":\"https:\\\/\\\/www.reseau-mesure.com\\\/winwerth-analyse-d-image\\\/#primaryimage\",\"url\":\"https:\\\/\\\/www.reseau-mesure.com\\\/wp-content\\\/uploads\\\/2021\\\/12\\\/WERTH-300x203.png\",\"contentUrl\":\"https:\\\/\\\/www.reseau-mesure.com\\\/wp-content\\\/uploads\\\/2021\\\/12\\\/WERTH-300x203.png\"},{\"@type\":\"BreadcrumbList\",\"@id\":\"https:\\\/\\\/www.reseau-mesure.com\\\/winwerth-analyse-d-image\\\/#breadcrumb\",\"itemListElement\":[{\"@type\":\"ListItem\",\"position\":1,\"name\":\"Accueil\",\"item\":\"https:\\\/\\\/www.reseau-mesure.com\\\/\"},{\"@type\":\"ListItem\",\"position\":2,\"name\":\"WinWerth Analyse d&rsquo;image\"}]},{\"@type\":\"WebSite\",\"@id\":\"https:\\\/\\\/www.reseau-mesure.com\\\/#website\",\"url\":\"https:\\\/\\\/www.reseau-mesure.com\\\/\",\"name\":\"R\u00e9seau-Mesure\",\"description\":\"R\u00e9seau Mesure\",\"publisher\":{\"@id\":\"https:\\\/\\\/www.reseau-mesure.com\\\/#organization\"},\"potentialAction\":[{\"@type\":\"SearchAction\",\"target\":{\"@type\":\"EntryPoint\",\"urlTemplate\":\"https:\\\/\\\/www.reseau-mesure.com\\\/?s={search_term_string}\"},\"query-input\":{\"@type\":\"PropertyValueSpecification\",\"valueRequired\":true,\"valueName\":\"search_term_string\"}}],\"inLanguage\":\"de\"},{\"@type\":\"Organization\",\"@id\":\"https:\\\/\\\/www.reseau-mesure.com\\\/#organization\",\"name\":\"R\u00e9seau-Mesure\",\"url\":\"https:\\\/\\\/www.reseau-mesure.com\\\/\",\"logo\":{\"@type\":\"ImageObject\",\"inLanguage\":\"de\",\"@id\":\"https:\\\/\\\/www.reseau-mesure.com\\\/#\\\/schema\\\/logo\\\/image\\\/\",\"url\":\"https:\\\/\\\/www.reseau-mesure.com\\\/wp-content\\\/uploads\\\/2018\\\/02\\\/logo-max.png\",\"contentUrl\":\"https:\\\/\\\/www.reseau-mesure.com\\\/wp-content\\\/uploads\\\/2018\\\/02\\\/logo-max.png\",\"width\":545,\"height\":285,\"caption\":\"R\u00e9seau-Mesure\"},\"image\":{\"@id\":\"https:\\\/\\\/www.reseau-mesure.com\\\/#\\\/schema\\\/logo\\\/image\\\/\"},\"sameAs\":[\"https:\\\/\\\/www.facebook.com\\\/reseaumesure\\\/\",\"https:\\\/\\\/x.com\\\/ReseauMesure\",\"https:\\\/\\\/www.linkedin.com\\\/company\\\/reseau-mesure\\\/\"]}]}<\/script>\n<!-- \/ Yoast SEO plugin. -->","yoast_head_json":{"title":"Formation - WinWerth Analyse d'image - R\u00e9seau Mesure","description":"Formation Winwerth Analyse d'image pour une prise en main du logiciel Winwerth et \u00eatre capable de mesurer une pi\u00e8ce","robots":{"index":"index","follow":"follow","max-snippet":"max-snippet:-1","max-image-preview":"max-image-preview:large","max-video-preview":"max-video-preview:-1"},"canonical":"https:\/\/www.reseau-mesure.com\/de\/winwerth-analyse-d-image\/","og_locale":"de_DE","og_type":"article","og_title":"Formation - WinWerth Analyse d'image - R\u00e9seau Mesure","og_description":"Formation Winwerth Analyse d'image pour une prise en main du logiciel Winwerth et \u00eatre capable de mesurer une pi\u00e8ce","og_url":"https:\/\/www.reseau-mesure.com\/de\/winwerth-analyse-d-image\/","og_site_name":"R\u00e9seau Mesure","article_publisher":"https:\/\/www.facebook.com\/reseaumesure\/","article_modified_time":"2025-03-10T13:52:26+00:00","og_image":[{"url":"https:\/\/www.reseau-mesure.com\/wp-content\/uploads\/2021\/12\/WERTH-300x203.png","type":"","width":"","height":""}],"twitter_card":"summary_large_image","twitter_site":"@ReseauMesure","twitter_misc":{"Gesch\u00e4tzte Lesezeit":"1\u00a0Minute"},"schema":{"@context":"https:\/\/schema.org","@graph":[{"@type":"WebPage","@id":"https:\/\/www.reseau-mesure.com\/winwerth-analyse-d-image\/","url":"https:\/\/www.reseau-mesure.com\/winwerth-analyse-d-image\/","name":"Formation - WinWerth Analyse d'image - R\u00e9seau Mesure","isPartOf":{"@id":"https:\/\/www.reseau-mesure.com\/#website"},"primaryImageOfPage":{"@id":"https:\/\/www.reseau-mesure.com\/winwerth-analyse-d-image\/#primaryimage"},"image":{"@id":"https:\/\/www.reseau-mesure.com\/winwerth-analyse-d-image\/#primaryimage"},"thumbnailUrl":"https:\/\/www.reseau-mesure.com\/wp-content\/uploads\/2021\/12\/WERTH-300x203.png","datePublished":"2021-12-14T11:14:00+00:00","dateModified":"2025-03-10T13:52:26+00:00","description":"Formation Winwerth Analyse d'image pour une prise en main du logiciel Winwerth et \u00eatre capable de mesurer une pi\u00e8ce","breadcrumb":{"@id":"https:\/\/www.reseau-mesure.com\/winwerth-analyse-d-image\/#breadcrumb"},"inLanguage":"de","potentialAction":[{"@type":"ReadAction","target":["https:\/\/www.reseau-mesure.com\/winwerth-analyse-d-image\/"]}]},{"@type":"ImageObject","inLanguage":"de","@id":"https:\/\/www.reseau-mesure.com\/winwerth-analyse-d-image\/#primaryimage","url":"https:\/\/www.reseau-mesure.com\/wp-content\/uploads\/2021\/12\/WERTH-300x203.png","contentUrl":"https:\/\/www.reseau-mesure.com\/wp-content\/uploads\/2021\/12\/WERTH-300x203.png"},{"@type":"BreadcrumbList","@id":"https:\/\/www.reseau-mesure.com\/winwerth-analyse-d-image\/#breadcrumb","itemListElement":[{"@type":"ListItem","position":1,"name":"Accueil","item":"https:\/\/www.reseau-mesure.com\/"},{"@type":"ListItem","position":2,"name":"WinWerth Analyse d&rsquo;image"}]},{"@type":"WebSite","@id":"https:\/\/www.reseau-mesure.com\/#website","url":"https:\/\/www.reseau-mesure.com\/","name":"Netzwerk-Messung","description":"Netzwerkma\u00dfnahme","publisher":{"@id":"https:\/\/www.reseau-mesure.com\/#organization"},"potentialAction":[{"@type":"SearchAction","target":{"@type":"EntryPoint","urlTemplate":"https:\/\/www.reseau-mesure.com\/?s={search_term_string}"},"query-input":{"@type":"PropertyValueSpecification","valueRequired":true,"valueName":"search_term_string"}}],"inLanguage":"de"},{"@type":"Organization","@id":"https:\/\/www.reseau-mesure.com\/#organization","name":"Netzwerk-Messung","url":"https:\/\/www.reseau-mesure.com\/","logo":{"@type":"ImageObject","inLanguage":"de","@id":"https:\/\/www.reseau-mesure.com\/#\/schema\/logo\/image\/","url":"https:\/\/www.reseau-mesure.com\/wp-content\/uploads\/2018\/02\/logo-max.png","contentUrl":"https:\/\/www.reseau-mesure.com\/wp-content\/uploads\/2018\/02\/logo-max.png","width":545,"height":285,"caption":"R\u00e9seau-Mesure"},"image":{"@id":"https:\/\/www.reseau-mesure.com\/#\/schema\/logo\/image\/"},"sameAs":["https:\/\/www.facebook.com\/reseaumesure\/","https:\/\/x.com\/ReseauMesure","https:\/\/www.linkedin.com\/company\/reseau-mesure\/"]}]}},"_links":{"self":[{"href":"https:\/\/www.reseau-mesure.com\/de\/wp-json\/wp\/v2\/pages\/15527","targetHints":{"allow":["GET"]}}],"collection":[{"href":"https:\/\/www.reseau-mesure.com\/de\/wp-json\/wp\/v2\/pages"}],"about":[{"href":"https:\/\/www.reseau-mesure.com\/de\/wp-json\/wp\/v2\/types\/page"}],"author":[{"embeddable":true,"href":"https:\/\/www.reseau-mesure.com\/de\/wp-json\/wp\/v2\/users\/349"}],"replies":[{"embeddable":true,"href":"https:\/\/www.reseau-mesure.com\/de\/wp-json\/wp\/v2\/comments?post=15527"}],"version-history":[{"count":0,"href":"https:\/\/www.reseau-mesure.com\/de\/wp-json\/wp\/v2\/pages\/15527\/revisions"}],"wp:attachment":[{"href":"https:\/\/www.reseau-mesure.com\/de\/wp-json\/wp\/v2\/media?parent=15527"}],"curies":[{"name":"wp","href":"https:\/\/api.w.org\/{rel}","templated":true}]}}