{"id":15921,"date":"2022-01-28T15:23:51","date_gmt":"2022-01-28T14:23:51","guid":{"rendered":"https:\/\/www.reseau-mesure.com\/?page_id=15921"},"modified":"2025-06-20T14:00:59","modified_gmt":"2025-06-20T12:00:59","slug":"tolerancement-geometrique-eurotek","status":"publish","type":"page","link":"https:\/\/www.reseau-mesure.com\/de\/tolerancement-geometrique-eurotek\/","title":{"rendered":"Tol\u00e9rancement g\u00e9om\u00e9trique &#8211; Eurotek"},"content":{"rendered":"<p><a href=\"https:\/\/eurotek-france.fr\/\" target=\"_blank\" rel=\"noopener\" itemprop=\"url\">\n\t\t\t\t<\/a><\/p>\n\n\n\n<figure class=\"wp-block-image\"><a href=\"https:\/\/eurotek-france.fr\/\" target=\"_blank\" rel=\"noopener\"><img decoding=\"async\" src=\"https:\/\/www.reseau-mesure.com\/wp-content\/uploads\/2018\/03\/EUROTEK.jpg\" alt=\"EUROTEK.jpg\" title=\"EUROTEK.jpg\"\/><\/a><\/figure>\n\n\n\n\n\n<p><\/p>\n\n\n\n<p>&nbsp;<\/p>\n\n\n\n<p><b>TOLERANCEMENT GEOMETRIQUE<\/b><\/p>\n\n\n\n<p>&nbsp;<\/p>\n\n\n\n<figure class=\"wp-block-table\"><table class=\"has-fixed-layout\"><tbody><tr><td><strong>Diese Schulung richtet sich an jeden Messtechniker, der selbstst\u00e4ndig eine Ma\u00dfkontrolle durchf\u00fchren und die auf einer dreidimensionalen Messmaschine durchgef\u00fchrten Messungen nutzen m\u00f6chte.<\/strong>\n<p>Die Ausbildung wird durchgef\u00fchrt von <a href=\"https:\/\/www.reseau-mesure.com\/de\/adherent\/eurotek\/\">EUROTEK<\/a>, sp\u00e9cialiste&nbsp;dans le domaine de la m\u00e9trologie tridimensionnelle.<\/p>\n<p><b>R\u00e9seau Mesure wird als QUALIOPI-zertifiziertes Schulungszentrum bezeichnet, das die Unterst\u00fctzung durch Ihren OPCO erm\u00f6glicht.<\/b><\/p>\n<p><strong>Anzahl der Auszubildenden pro Sitzung:<\/strong> Schulung exklusiv f\u00fcr ein Unternehmen.<\/p>\n<em><strong>Bewertung 2022:<\/strong>&nbsp; 3 stagiaires &#8211; Note moyenne : 15.5\/20<\/em><br>\n<em><strong>Evaluation 2025<\/strong> :&nbsp; 4 stagiaires &#8211;&nbsp; moyenne bas\u00e9e sur l&rsquo;atteinte des objectifs, la p\u00e9dagogie et l&rsquo;organisation:&nbsp; 10\/10 &#8211; atteinte des objectifs:&nbsp; &nbsp;10\/10<\/em>\n<p><strong>Die Schulungstermine sind mit dem Trainer von Eurotek abzustimmen.&nbsp;<\/strong><\/p>\n<strong>Das Programm kann an die Bed\u00fcrfnisse des Unternehmens angepasst werden.<\/strong><\/td><\/tr><\/tbody><\/table><\/figure>\n\n\n\n<p><a href=\"https:\/\/www.reseau-mesure.com\/wp-content\/uploads\/2022\/01\/presentation-Metrolog-X4-v1.pdf\" target=\"_blank\" rel=\"noopener\">\n\t\t\t\t\t\t\tPr\u00e4sentation\n\t\t\t\t\t<\/a><a href=\"https:\/\/www.reseau-mesure.com\/wp-content\/uploads\/2022\/01\/programme-Metrolog-X4.pdf\" target=\"_blank\" rel=\"noopener\">\n\t\t\t\t\t\t\tProgrammtyp\n\t\t\t\t\t<\/a><a href=\"mailto:m.tregaro@eurotek-france.com\" target=\"_blank\" rel=\"noopener\">\n\t\t\t\t\t\t\tAbonnementanfrage\n\t\t\t\t\t<\/a><\/p>","protected":false},"excerpt":{"rendered":"<p>&nbsp; TOLERANCEMENT GEOMETRIQUE &nbsp; Cette formation s&rsquo;adresse \u00e0 tout m\u00e9trologue qui souhaite \u00eatre autonome pour r\u00e9aliser un contr\u00f4le dimensionnel et exploiter les mesures r\u00e9alis\u00e9es sur Machine \u00e0 Mesurer Tridimensionnelle. La formation sera assur\u00e9e par EUROTEK, sp\u00e9cialiste&nbsp;dans le domaine de la m\u00e9trologie tridimensionnelle. R\u00e9seau Mesure est r\u00e9f\u00e9renc\u00e9 centre de formation certifi\u00e9 QUALIOPI permettant une prise en&hellip;<\/p>","protected":false},"author":349,"featured_media":0,"parent":0,"menu_order":0,"comment_status":"closed","ping_status":"closed","template":"","meta":{"_acf_changed":false,"footnotes":""},"class_list":["post-15921","page","type-page","status-publish","hentry"],"acf":[],"yoast_head":"<!-- This site is optimized with the Yoast SEO plugin v27.3 - https:\/\/yoast.com\/product\/yoast-seo-wordpress\/ -->\n<title>Formation - Tol\u00e9rancement g\u00e9om\u00e9trique - Eurotek - R\u00e9seau Mesure<\/title>\n<meta name=\"description\" content=\"Formation metrolog X4 pour r\u00e9aliser un contr\u00f4le dimensionnel et exploiter les mesures r\u00e9alis\u00e9es sur Machine \u00e0 Mesurer Tridimensionnelle.\" \/>\n<meta name=\"robots\" content=\"index, follow, max-snippet:-1, max-image-preview:large, max-video-preview:-1\" \/>\n<link rel=\"canonical\" href=\"https:\/\/www.reseau-mesure.com\/de\/tolerancement-geometrique-eurotek\/\" \/>\n<meta property=\"og:locale\" content=\"de_DE\" \/>\n<meta property=\"og:type\" content=\"article\" \/>\n<meta property=\"og:title\" content=\"Formation - Tol\u00e9rancement g\u00e9om\u00e9trique - Eurotek - R\u00e9seau Mesure\" \/>\n<meta property=\"og:description\" content=\"Formation metrolog X4 pour r\u00e9aliser un contr\u00f4le dimensionnel et exploiter les mesures r\u00e9alis\u00e9es sur Machine \u00e0 Mesurer Tridimensionnelle.\" \/>\n<meta property=\"og:url\" content=\"https:\/\/www.reseau-mesure.com\/de\/tolerancement-geometrique-eurotek\/\" \/>\n<meta property=\"og:site_name\" content=\"R\u00e9seau Mesure\" \/>\n<meta property=\"article:publisher\" content=\"https:\/\/www.facebook.com\/reseaumesure\/\" \/>\n<meta property=\"article:modified_time\" content=\"2025-06-20T12:00:59+00:00\" \/>\n<meta property=\"og:image\" content=\"https:\/\/www.reseau-mesure.com\/wp-content\/uploads\/2018\/03\/EUROTEK.jpg\" \/>\n<meta name=\"twitter:card\" content=\"summary_large_image\" \/>\n<meta name=\"twitter:site\" content=\"@ReseauMesure\" \/>\n<meta name=\"twitter:label1\" content=\"Gesch\u00e4tzte Lesezeit\" \/>\n\t<meta name=\"twitter:data1\" content=\"1\u00a0Minute\" \/>\n<script type=\"application\/ld+json\" class=\"yoast-schema-graph\">{\"@context\":\"https:\\\/\\\/schema.org\",\"@graph\":[{\"@type\":\"WebPage\",\"@id\":\"https:\\\/\\\/www.reseau-mesure.com\\\/tolerancement-geometrique-eurotek\\\/\",\"url\":\"https:\\\/\\\/www.reseau-mesure.com\\\/tolerancement-geometrique-eurotek\\\/\",\"name\":\"Formation - Tol\u00e9rancement g\u00e9om\u00e9trique - Eurotek - R\u00e9seau Mesure\",\"isPartOf\":{\"@id\":\"https:\\\/\\\/www.reseau-mesure.com\\\/#website\"},\"primaryImageOfPage\":{\"@id\":\"https:\\\/\\\/www.reseau-mesure.com\\\/tolerancement-geometrique-eurotek\\\/#primaryimage\"},\"image\":{\"@id\":\"https:\\\/\\\/www.reseau-mesure.com\\\/tolerancement-geometrique-eurotek\\\/#primaryimage\"},\"thumbnailUrl\":\"https:\\\/\\\/www.reseau-mesure.com\\\/wp-content\\\/uploads\\\/2018\\\/03\\\/EUROTEK.jpg\",\"datePublished\":\"2022-01-28T14:23:51+00:00\",\"dateModified\":\"2025-06-20T12:00:59+00:00\",\"description\":\"Formation metrolog X4 pour r\u00e9aliser un contr\u00f4le dimensionnel et exploiter les mesures r\u00e9alis\u00e9es sur Machine \u00e0 Mesurer Tridimensionnelle.\",\"breadcrumb\":{\"@id\":\"https:\\\/\\\/www.reseau-mesure.com\\\/tolerancement-geometrique-eurotek\\\/#breadcrumb\"},\"inLanguage\":\"de\",\"potentialAction\":[{\"@type\":\"ReadAction\",\"target\":[\"https:\\\/\\\/www.reseau-mesure.com\\\/tolerancement-geometrique-eurotek\\\/\"]}]},{\"@type\":\"ImageObject\",\"inLanguage\":\"de\",\"@id\":\"https:\\\/\\\/www.reseau-mesure.com\\\/tolerancement-geometrique-eurotek\\\/#primaryimage\",\"url\":\"https:\\\/\\\/www.reseau-mesure.com\\\/wp-content\\\/uploads\\\/2018\\\/03\\\/EUROTEK.jpg\",\"contentUrl\":\"https:\\\/\\\/www.reseau-mesure.com\\\/wp-content\\\/uploads\\\/2018\\\/03\\\/EUROTEK.jpg\"},{\"@type\":\"BreadcrumbList\",\"@id\":\"https:\\\/\\\/www.reseau-mesure.com\\\/tolerancement-geometrique-eurotek\\\/#breadcrumb\",\"itemListElement\":[{\"@type\":\"ListItem\",\"position\":1,\"name\":\"Accueil\",\"item\":\"https:\\\/\\\/www.reseau-mesure.com\\\/\"},{\"@type\":\"ListItem\",\"position\":2,\"name\":\"Tol\u00e9rancement g\u00e9om\u00e9trique &#8211; Eurotek\"}]},{\"@type\":\"WebSite\",\"@id\":\"https:\\\/\\\/www.reseau-mesure.com\\\/#website\",\"url\":\"https:\\\/\\\/www.reseau-mesure.com\\\/\",\"name\":\"R\u00e9seau-Mesure\",\"description\":\"R\u00e9seau Mesure\",\"publisher\":{\"@id\":\"https:\\\/\\\/www.reseau-mesure.com\\\/#organization\"},\"potentialAction\":[{\"@type\":\"SearchAction\",\"target\":{\"@type\":\"EntryPoint\",\"urlTemplate\":\"https:\\\/\\\/www.reseau-mesure.com\\\/?s={search_term_string}\"},\"query-input\":{\"@type\":\"PropertyValueSpecification\",\"valueRequired\":true,\"valueName\":\"search_term_string\"}}],\"inLanguage\":\"de\"},{\"@type\":\"Organization\",\"@id\":\"https:\\\/\\\/www.reseau-mesure.com\\\/#organization\",\"name\":\"R\u00e9seau-Mesure\",\"url\":\"https:\\\/\\\/www.reseau-mesure.com\\\/\",\"logo\":{\"@type\":\"ImageObject\",\"inLanguage\":\"de\",\"@id\":\"https:\\\/\\\/www.reseau-mesure.com\\\/#\\\/schema\\\/logo\\\/image\\\/\",\"url\":\"https:\\\/\\\/www.reseau-mesure.com\\\/wp-content\\\/uploads\\\/2018\\\/02\\\/logo-max.png\",\"contentUrl\":\"https:\\\/\\\/www.reseau-mesure.com\\\/wp-content\\\/uploads\\\/2018\\\/02\\\/logo-max.png\",\"width\":545,\"height\":285,\"caption\":\"R\u00e9seau-Mesure\"},\"image\":{\"@id\":\"https:\\\/\\\/www.reseau-mesure.com\\\/#\\\/schema\\\/logo\\\/image\\\/\"},\"sameAs\":[\"https:\\\/\\\/www.facebook.com\\\/reseaumesure\\\/\",\"https:\\\/\\\/x.com\\\/ReseauMesure\",\"https:\\\/\\\/www.linkedin.com\\\/company\\\/reseau-mesure\\\/\"]}]}<\/script>\n<!-- \/ Yoast SEO plugin. -->","yoast_head_json":{"title":"Formation - Tol\u00e9rancement g\u00e9om\u00e9trique - Eurotek - R\u00e9seau Mesure","description":"Formation metrolog X4 pour r\u00e9aliser un contr\u00f4le dimensionnel et exploiter les mesures r\u00e9alis\u00e9es sur Machine \u00e0 Mesurer Tridimensionnelle.","robots":{"index":"index","follow":"follow","max-snippet":"max-snippet:-1","max-image-preview":"max-image-preview:large","max-video-preview":"max-video-preview:-1"},"canonical":"https:\/\/www.reseau-mesure.com\/de\/tolerancement-geometrique-eurotek\/","og_locale":"de_DE","og_type":"article","og_title":"Formation - Tol\u00e9rancement g\u00e9om\u00e9trique - Eurotek - R\u00e9seau Mesure","og_description":"Formation metrolog X4 pour r\u00e9aliser un contr\u00f4le dimensionnel et exploiter les mesures r\u00e9alis\u00e9es sur Machine \u00e0 Mesurer Tridimensionnelle.","og_url":"https:\/\/www.reseau-mesure.com\/de\/tolerancement-geometrique-eurotek\/","og_site_name":"R\u00e9seau Mesure","article_publisher":"https:\/\/www.facebook.com\/reseaumesure\/","article_modified_time":"2025-06-20T12:00:59+00:00","og_image":[{"url":"https:\/\/www.reseau-mesure.com\/wp-content\/uploads\/2018\/03\/EUROTEK.jpg","type":"","width":"","height":""}],"twitter_card":"summary_large_image","twitter_site":"@ReseauMesure","twitter_misc":{"Gesch\u00e4tzte Lesezeit":"1\u00a0Minute"},"schema":{"@context":"https:\/\/schema.org","@graph":[{"@type":"WebPage","@id":"https:\/\/www.reseau-mesure.com\/tolerancement-geometrique-eurotek\/","url":"https:\/\/www.reseau-mesure.com\/tolerancement-geometrique-eurotek\/","name":"Formation - Tol\u00e9rancement g\u00e9om\u00e9trique - Eurotek - R\u00e9seau Mesure","isPartOf":{"@id":"https:\/\/www.reseau-mesure.com\/#website"},"primaryImageOfPage":{"@id":"https:\/\/www.reseau-mesure.com\/tolerancement-geometrique-eurotek\/#primaryimage"},"image":{"@id":"https:\/\/www.reseau-mesure.com\/tolerancement-geometrique-eurotek\/#primaryimage"},"thumbnailUrl":"https:\/\/www.reseau-mesure.com\/wp-content\/uploads\/2018\/03\/EUROTEK.jpg","datePublished":"2022-01-28T14:23:51+00:00","dateModified":"2025-06-20T12:00:59+00:00","description":"Formation metrolog X4 pour r\u00e9aliser un contr\u00f4le dimensionnel et exploiter les mesures r\u00e9alis\u00e9es sur Machine \u00e0 Mesurer Tridimensionnelle.","breadcrumb":{"@id":"https:\/\/www.reseau-mesure.com\/tolerancement-geometrique-eurotek\/#breadcrumb"},"inLanguage":"de","potentialAction":[{"@type":"ReadAction","target":["https:\/\/www.reseau-mesure.com\/tolerancement-geometrique-eurotek\/"]}]},{"@type":"ImageObject","inLanguage":"de","@id":"https:\/\/www.reseau-mesure.com\/tolerancement-geometrique-eurotek\/#primaryimage","url":"https:\/\/www.reseau-mesure.com\/wp-content\/uploads\/2018\/03\/EUROTEK.jpg","contentUrl":"https:\/\/www.reseau-mesure.com\/wp-content\/uploads\/2018\/03\/EUROTEK.jpg"},{"@type":"BreadcrumbList","@id":"https:\/\/www.reseau-mesure.com\/tolerancement-geometrique-eurotek\/#breadcrumb","itemListElement":[{"@type":"ListItem","position":1,"name":"Accueil","item":"https:\/\/www.reseau-mesure.com\/"},{"@type":"ListItem","position":2,"name":"Tol\u00e9rancement g\u00e9om\u00e9trique &#8211; Eurotek"}]},{"@type":"WebSite","@id":"https:\/\/www.reseau-mesure.com\/#website","url":"https:\/\/www.reseau-mesure.com\/","name":"Netzwerk-Messung","description":"Netzwerkma\u00dfnahme","publisher":{"@id":"https:\/\/www.reseau-mesure.com\/#organization"},"potentialAction":[{"@type":"SearchAction","target":{"@type":"EntryPoint","urlTemplate":"https:\/\/www.reseau-mesure.com\/?s={search_term_string}"},"query-input":{"@type":"PropertyValueSpecification","valueRequired":true,"valueName":"search_term_string"}}],"inLanguage":"de"},{"@type":"Organization","@id":"https:\/\/www.reseau-mesure.com\/#organization","name":"Netzwerk-Messung","url":"https:\/\/www.reseau-mesure.com\/","logo":{"@type":"ImageObject","inLanguage":"de","@id":"https:\/\/www.reseau-mesure.com\/#\/schema\/logo\/image\/","url":"https:\/\/www.reseau-mesure.com\/wp-content\/uploads\/2018\/02\/logo-max.png","contentUrl":"https:\/\/www.reseau-mesure.com\/wp-content\/uploads\/2018\/02\/logo-max.png","width":545,"height":285,"caption":"R\u00e9seau-Mesure"},"image":{"@id":"https:\/\/www.reseau-mesure.com\/#\/schema\/logo\/image\/"},"sameAs":["https:\/\/www.facebook.com\/reseaumesure\/","https:\/\/x.com\/ReseauMesure","https:\/\/www.linkedin.com\/company\/reseau-mesure\/"]}]}},"_links":{"self":[{"href":"https:\/\/www.reseau-mesure.com\/de\/wp-json\/wp\/v2\/pages\/15921","targetHints":{"allow":["GET"]}}],"collection":[{"href":"https:\/\/www.reseau-mesure.com\/de\/wp-json\/wp\/v2\/pages"}],"about":[{"href":"https:\/\/www.reseau-mesure.com\/de\/wp-json\/wp\/v2\/types\/page"}],"author":[{"embeddable":true,"href":"https:\/\/www.reseau-mesure.com\/de\/wp-json\/wp\/v2\/users\/349"}],"replies":[{"embeddable":true,"href":"https:\/\/www.reseau-mesure.com\/de\/wp-json\/wp\/v2\/comments?post=15921"}],"version-history":[{"count":0,"href":"https:\/\/www.reseau-mesure.com\/de\/wp-json\/wp\/v2\/pages\/15921\/revisions"}],"wp:attachment":[{"href":"https:\/\/www.reseau-mesure.com\/de\/wp-json\/wp\/v2\/media?parent=15921"}],"curies":[{"name":"wp","href":"https:\/\/api.w.org\/{rel}","templated":true}]}}