{"id":16206,"date":"2022-02-23T10:22:07","date_gmt":"2022-02-23T09:22:07","guid":{"rendered":"https:\/\/www.reseau-mesure.com\/?page_id=16206"},"modified":"2022-02-23T11:12:31","modified_gmt":"2022-02-23T10:12:31","slug":"reseau-mesure-express-24-fevrier-2022","status":"publish","type":"page","link":"https:\/\/www.reseau-mesure.com\/de\/reseau-mesure-express-24-fevrier-2022\/","title":{"rendered":"Network Measurement Express-20220224"},"content":{"rendered":"<img loading=\"lazy\" decoding=\"async\" src=\"https:\/\/www.reseau-mesure.com\/wp-content\/uploads\/2020\/07\/20ku.jpeg\" alt=\"R\u00e9seau Mesure Express\" itemprop=\"image\" height=\"300\" width=\"970\" title=\"Express Measurement Network Header\" onerror=\"this.style.display='none'\"  \/>\n<h1>\n\t\tExpress Measurement Network 24. Februar 2022\n\t<\/h1>\n<h2>\n\t\t<a href=\"https:\/\/www.reseau-mesure.com\/de\/le-reseau-mesure-2\/\" title=\"24.02.2022\" target=\"_blank\" rel=\"noopener\">\n\t\t24.02.2022\n\t\t<\/a>\n\t<\/h2>\n\t<h3><strong>Ein Netzwerk f\u00fcr seine Mitglieder durch seine Mitglieder<\/strong><\/h3>\n\t<p>R\u00e9seau Mesure Express 24 f\u00e9vrier 2022 : les adh\u00e9rents peuvent retrouver l&rsquo;actualit\u00e9 de l&rsquo;association dans R\u00e9seau Mesure Express.<\/p>\n<p>Kommunizieren Sie, um sich besser zu entwickeln.<\/p>\n<h2>\n\t\t<a href=\"https:\/\/www.lmdindustrie.com\/\" title=\"Le Monde de l&#039;Industrie, vous permet de suivre l'actualit\u00e9 en temps r\u00e9el\" target=\"_blank\" rel=\"noopener\">\n\t\tLe Monde de l&rsquo;Industrie, vous permet de suivre l&rsquo;actualit\u00e9 en temps r\u00e9el\n\t\t<\/a>\n\t<\/h2>\n\t<h2>Kommunizieren, um zu wachsen<\/h2>\n\t<p>&nbsp;<\/p>\n<p><strong>Le Monde de l&rsquo;Industrie<\/strong>, vous permet de suivre l&rsquo;actualit\u00e9 en temps r\u00e9el gr\u00e2ce \u00e0 son<a href=\"https:\/\/www.lmdindustrie.com\/\"><strong><em> Webseite.<\/em><\/strong><\/a>\u00a0Neuigkeiten, kommende Technologien, exklusive Angebote, Marktentwicklungen, Unternehmensbewegungen und die wichtigsten Branchentreffen. EIN <a href=\"https:\/\/www.lmdindustrie.com\/fr\/rubriques_produits.php\"><strong><em>Telefonbuch<\/em><\/strong><em><strong> Produkte<\/strong><\/em>\u00a0<\/a> und ein <em><strong><a href=\"http:\/\/www.lmdindustrie.com\/fr\/nouveautes.php\">Katalograum<\/a><\/strong><\/em> geben Ihnen die M\u00f6glichkeit, Ihre Produkte zu referenzieren und mit K\u00e4ufern und Planern von Industrieprodukten und -ausr\u00fcstungen in Kontakt zu treten.<\/p>\n<p><strong>Le Monde de l&rsquo;Industrie<\/strong> ver\u00f6ffentlicht auch a <strong><em>Newsletter<\/em><\/strong><strong><em> \u00a0monatlich <\/em><\/strong>verteilt an 30.000 qualifizierte Abonnenten mit immer neuen produzierten Produkten, aber auch thematischen Dateien und Messeberichten.<\/p>\n<p>Mit thematischen Newslettern erreichen Sie ausschlie\u00dflich Ingenieure und Techniker aus diesen Branchen, die ein gewisses Interesse an diesen Produkten gezeigt haben:<\/p>\n<ul>\n<li><a href=\"https:\/\/www.lmdindustrie.com\/newsletter\/HS\/Industrie4.0\/181\/newsletter-202102-HS-Industrie4.0-181.html\">Industrie 4.0<\/a><\/li>\n<li><a href=\"http:\/\/www.lmdindustrie.com\/newsletter\/HS\/Moteurs\/2\/newsletter-201810-HS-Moteurs-0002.html\">Motoren und mechanische Komponenten<\/a><\/li>\n<li><a href=\"https:\/\/www.lmdindustrie.com\/newsletter\/HS\/Mesure\/185\/newsletter-202104-HS-Mesure-Controle-Vision-185.html\">Messung, Sensoren und industrielle Bildverarbeitung<\/a><\/li>\n<li><a href=\"http:\/\/www.lmdindustrie.com\/newsletter\/HS\/Securite\/2\/newsletter-201811-HS-Securite-0002.html\">Sicherheit und industrielle Umgebung<\/a><\/li>\n<li><a href=\"https:\/\/www.lmdindustrie.com\/newsletter\/HS\/Connectique\/187\/newsletter-202107-HS-Connecteurs-187.html\">Elektrische Anschl\u00fcsse und Ausr\u00fcstung<\/a><\/li>\n<\/ul>\n<p>&nbsp;<\/p>\n\t\t\t\t<a href=\"https:\/\/www.lmdindustrie.com\/\" target=\"_blank\" rel=\"noopener\" itemprop=\"url\">\n\t\t\t\t<img loading=\"lazy\" decoding=\"async\" src=\"https:\/\/www.reseau-mesure.com\/wp-content\/uploads\/2022\/02\/le-monde-de-l-industrie.jpg\" alt=\"le monde de l industrie\" itemprop=\"image\" height=\"82\" width=\"207\" title=\"die Welt der Industrie\" onerror=\"this.style.display='none'\"  \/>\n\t\t\t\t<\/a>\n\t<p>&nbsp;<\/p>\n<p>Vous avez enfin la possibilit\u00e9 de louer notre fichier d&rsquo;abonn\u00e9s de 30 000 abonn\u00e9s pour faire des <strong><em>Solo-Mailing-Aktionen <\/em><\/strong>um Ihre Produkte zu bewerben.<\/p>\n<p><em><strong>Pour plus d&rsquo;informations n&rsquo;h\u00e9sitez pas \u00e0 contacter : \u00a0Richard Hoang r.hoang@lmdindustrie.com<\/strong><\/em><\/p>\n<h2>\n\t\t<a href=\"https:\/\/www.reseau-mesure.com\/de\/la-formation-2022\/\" title=\"Entwickeln Sie Ihre Sichtbarkeit in sozialen Netzwerken \" target=\"_blank\" rel=\"noopener\">\n\t\tEntwickeln Sie Ihre Sichtbarkeit in sozialen Netzwerken \n\t\t<\/a>\n\t<\/h2>\n\t\t\t\t<a href=\"https:\/\/www.reseau-mesure.com\/de\/la-formation-2022\/\" target=\"_blank\" rel=\"noopener\" itemprop=\"url\">\n\t\t\t\t<img loading=\"lazy\" decoding=\"async\" src=\"https:\/\/www.reseau-mesure.com\/wp-content\/uploads\/2020\/12\/linkedin.png\" alt=\"logo linkedin pour formation\" itemprop=\"image\" height=\"168\" width=\"300\" title=\"Linkedin\" onerror=\"this.style.display='none'\"  \/>\n\t\t\t\t<\/a>\n\t\n<p>&nbsp;<\/p>\n<p><b>Prospection &#8211; Recrutement &#8211; Publicit\u00e9<\/b><\/p>\n\t\t\t<a href=\"mailto:confray@reseau-mesure.com\" target=\"_blank\" role=\"button\" rel=\"noopener\">\n\t\t\t\t\t\t\tAnmeldungen\n\t\t\t\t\t<\/a>\n\t\t\t\t<a href=\"https:\/\/www.reseau-mesure.com\/de\/la-formation-2022\/\" target=\"_blank\" rel=\"noopener\" itemprop=\"url\">\n\t\t\t\t<img loading=\"lazy\" decoding=\"async\" src=\"https:\/\/www.reseau-mesure.com\/wp-content\/uploads\/2018\/01\/reseau.jpg\" alt=\"Adh\u00e9rer au R\u00e9seau Mesure\" itemprop=\"image\" height=\"266\" width=\"400\" title=\"Treten Sie dem Messnetzwerk bei\" onerror=\"this.style.display='none'\"  \/>\n\t\t\t\t<\/a>\n\t<p>&nbsp;<\/p>\n<p>&nbsp;<\/p>\n<p><strong>LinkedIn-Schulung: PROSPECTION lernt, Ihre E-Reputation zu beherrschen und aktiv zu sein und die Funktionen von Linkedin zu kennen.<\/strong><\/p>\n<p>Die Suche auf LinkedIn mag auf den ersten Blick einfacher erscheinen als die Suche \u00fcber das Telefon ...<\/p>\n<p>Doch hinter dieser \u201evereinfachten\u201c Erscheinung verbergen sich alle Feinheiten des \u201eersten menschlichen Kontakts\u201c, was auf LinkedIn nicht einfacher ist als anderswo ...<\/p>\n<ul>\n<li>Meistern Sie Ihre E-Reputation und seien Sie aktiv<\/li>\n<li>Verwenden Sie die erweiterte Suche, boolesche Operatoren und Filter<\/li>\n<li>Entdecken Sie andere Prospektionstechniken<\/li>\n<li>Social Selling besser verstehen und beherrschen<\/li>\n<li>\n<ul>\n<li>\n<ul>\n\n<\/ul>\n<\/li>\n<\/ul>\n<\/li>\n<\/ul>\n<p><strong>La formation LinkedIn : LE RECRUTEMENT c&rsquo;est trouver des talents plus facilement avec le moteur de recherche, publier des offres d&#8217;emploi attractives et valoriser son entreprise.<\/strong><\/p>\n<ul>\n<li>Haben Sie ein erfolgreiches Recruiter-Profil.<\/li>\n<li>Finden Sie Talente auf LinkedIn.<\/li>\n<li>Pflegen Sie Beziehungen zu potenziellen Kandidaten.<\/li>\n<li>Achten Sie auf Ihre Arbeitgebermarke.<\/li>\n<li>Ver\u00f6ffentlichen Sie Stellenangebote und erstellen Sie einen Termin auf seiner LinkedIn-Seite.<\/li>\n<li>\n<ul>\n<li>\n<ul>\n\n<\/ul>\n<\/li>\n<\/ul>\n<\/li>\n<\/ul>\n<p><strong>La formation LinkedIn : LA PUBLICITE PAYANTE c&rsquo;est comprendre l&rsquo;int\u00e9r\u00eat ou non de la publicit\u00e9 payante sur LinkedIn et comment optimiser sa visibilit\u00e9.<\/strong><\/p>\n<ul>\n<li>Kennen Sie die verschiedenen Arten von Werbung auf LinkedIn<\/li>\n<li>Entdecken Sie Campaign Manager<\/li>\n<li>Erstellen Sie ein Konto und eine Werbekampagne<\/li>\n<\/ul>\n<p>&nbsp;<\/p>\n<p>Die Ausbildung erfolgt durch <a href=\"https:\/\/www.linkedin.com\/in\/gregorymancel\/\">G.Mancel<\/a>, Measurement Network-Partner und LinkedIn-Spezialist.<\/p>\n<p><b>R\u00e9seau Mesure ist ein Qualiopi-zertifiziertes Schulungszentrum, das Unterst\u00fctzung durch Ihr OPCO erm\u00f6glicht.<\/b><\/p>\n<p>&nbsp;<\/p>\n<h2>\n\t\t<a href=\"https:\/\/www.reseau-mesure.com\/de\/communication\/\" title=\"Profitieren Sie vom Mediaplan 2022 des Measurement Network\" target=\"_blank\" rel=\"noopener\">\n\t\tProfitieren Sie vom Mediaplan 2022 des Measurement Network\n\t\t<\/a>\n\t<\/h2>\n<h2><b>Verst\u00e4rken Sie die Kommunikation mit kontrollierten Budgets.<\/b><\/h2>\n<em>\u201eDank des Messnetzwerks konnte ich davon profitieren\u00a0<b>sehr wettbewerbsf\u00e4hige Preise\u00a0<\/b>zu entwickeln\u00a0<b>Sichtweite<\/b>\u00a0meiner Firma und meiner Produkte auf industriellen Webportalen. Au\u00dferdem kann ich\u00a0<b>kostenlos \u00fcbertragen\u00a0<\/b>Informationen, die in der Fachpresse im Rahmen der Partnerschaften des R\u00e9seau Mesure Media Plan, I, weitergegeben werden\u00a0<b>Reduzieren Sie daher meine Kosten\u00a0<\/b>von Werbepublikationen. &quot;&quot;<\/em><br \/>\n<strong><em>Christophe Bracon - WIMESURE<\/em><\/strong>\n<h2><b>Eine eigene Arbeitsgruppe<\/b><\/h2>\n<ul>\n<li>Entwicklung eines Trainingsplans f\u00fcr Mitglieder<\/li>\n<li>Ein Erfahrungsaustausch<\/li>\n<li>Interventionen mit Spezialisten zur Entwicklung Ihres digitalen Aktionsplans<\/li>\n<\/ul>\n<p><strong>N\u00e4chstes Treffen: Dienstag, 5. April 2022 - 10:00\/12:00<\/strong><\/p>\n<h2><b>Kommunikation f\u00fcr Mitglieder auf der Website des Measurement Network und auf LinkedIn<\/b><\/h2>\n<ul>\n<li>Erweitern Sie Ihre SEO<\/li>\n<li>Entwickeln Sie Ihr Image<\/li>\n<\/ul>\n<h2><b>Verst\u00e4rkte digitale Kommunikation dank des Mediaplans des Messnetzwerks<\/b><\/h2>\n<p>&nbsp;<\/p>\n\t\t\t\t<a href=\"https:\/\/www.reseau-mesure.com\/de\/communication\/\" target=\"_blank\" rel=\"noopener\" itemprop=\"url\">\n\t\t\t\t<img loading=\"lazy\" decoding=\"async\" src=\"https:\/\/www.reseau-mesure.com\/wp-content\/uploads\/2022\/02\/2022-PARTENAIRES-PRESSE.png\" alt=\"2022 PARTENAIRES PRESSE\" itemprop=\"image\" height=\"563\" width=\"828\" title=\"2022 PRESSEPARTNER\" onerror=\"this.style.display='none'\"  \/>\n\t\t\t\t<\/a>\n\t\t\t<a href=\"https:\/\/www.reseau-mesure.com\/wp-content\/uploads\/2021\/06\/PLAN-MEDIA-2022-RESEAU-MESURE.pdf\" target=\"_blank\" role=\"button\" rel=\"noopener\">\n\t\t\t\t\t\t\tKonsultieren Sie den Medienplan\n\t\t\t\t\t<\/a>\n\t<p>&nbsp;<\/p>\n<p>Das Measurement Network bietet Ihnen die M\u00f6glichkeit, von kostenloser Kommunikation oder zu ausgehandelten Preisen mit 19 Presse- und Webpartnern zu profitieren<\/p>\n\t\t\t<a href=\"https:\/\/www.reseau-mesure.com\/de\/evenements\/\" target=\"_self\" role=\"button\" rel=\"noopener\">\n\t\t\t\t\t\t\tDie komplette Agenda des Messnetzes\n\t\t\t\t\t<\/a>\n\t\t\t\t<a href=\"https:\/\/www.reseau-mesure.com\/de\/evenements\/\" target=\"_blank\" rel=\"noopener\" itemprop=\"url\">\n\t\t\t\t<img loading=\"lazy\" decoding=\"async\" src=\"https:\/\/www.reseau-mesure.com\/wp-content\/uploads\/2020\/08\/Plan-de-travail-3niveau.png\" alt=\"R\u00e9seau Mesure Express Actualites\" itemprop=\"image\" height=\"3665\" width=\"5520\" title=\"Express Measurement Network News\" onerror=\"this.style.display='none'\"  \/>\n\t\t\t\t<\/a>\n\t<h2><strong>Kommunikation f\u00fcr Mitglieder<\/strong><\/h2>\n\t<p>&nbsp;<\/p>\n<h1>Verwenden Sie die Website des Measurement Network, um Ihre SEO zu verbessern<\/h1>\n<ul>\n<li>N&rsquo;h\u00e9sitez pas \u00e0 nous transmettre <strong>deine Neuigkeiten<\/strong>, wir werden es weitergeben <strong>auf der <a href=\"https:\/\/www.reseau-mesure.com\/de\/\">erste Seite der Website des Messnetzes<\/a> und auf L<a href=\"https:\/\/www.linkedin.com\/company\/reseau-mesure\/\">eingef\u00e4rbt<\/a>.<\/strong><\/li>\n<li>Denken Sie daran, Ihre zu setzen<strong> <a href=\"https:\/\/www.reseau-mesure.com\/de\/annuaire\/\">Verzeichnisblatt<\/a><\/strong> \u00e0 jour, l&rsquo;annuaire est l&rsquo;espace le plus consult\u00e9 sur le site du R\u00e9seau Mesure.<\/li>\n<li>M\u00f6chten Sie wissen, dass Sie Mitglied des Messnetzwerks sind? Verwenden Sie die<strong><a href=\"https:\/\/www.reseau-mesure.com\/wp-content\/uploads\/2022\/02\/LOGIadherents2.jpg\"> eigenes Logo<\/a> in Ihrer Kommunikation oder auf Ihrer Website<\/strong> !<\/li>\n<\/ul>\n\t<h2>R\u00e9seau Mesure Express: Neuigkeiten zum Aktionsplan des Vereins<\/h2>\n<h1>\n\t\t<a href=\"https:\/\/www.reseau-mesure.com\/de\/\" title=\"Express Measurement Network 24. Februar 2022\" target=\"_blank\" rel=\"noopener\">\n\t\tExpress Measurement Network 24. Februar 2022\n\t\t<\/a>\n\t<\/h1>","protected":false},"excerpt":{"rendered":"<p>R\u00e9seau Mesure Express 24 f\u00e9vrier 2022 24.02.2022 Un r\u00e9seau pour ses adh\u00e9rents, par ses adh\u00e9rents R\u00e9seau Mesure Express 24 f\u00e9vrier 2022 : les adh\u00e9rents peuvent retrouver l&rsquo;actualit\u00e9 de l&rsquo;association dans R\u00e9seau Mesure Express. Communiquer pour mieux se d\u00e9velopper. Le Monde de l&rsquo;Industrie, vous permet de suivre l&rsquo;actualit\u00e9 en temps r\u00e9el Communiquer pour se d\u00e9velopper &nbsp;&hellip;<\/p>","protected":false},"author":720,"featured_media":0,"parent":0,"menu_order":0,"comment_status":"closed","ping_status":"closed","template":"","meta":{"_acf_changed":false,"footnotes":""},"class_list":["post-16206","page","type-page","status-publish","hentry"],"acf":[],"yoast_head":"<!-- This site is optimized with the Yoast SEO plugin v27.3 - https:\/\/yoast.com\/product\/yoast-seo-wordpress\/ -->\n<title>R\u00e9seau Mesure Express 24 f\u00e9vrier 2022 - R\u00e9seau Mesure<\/title>\n<meta name=\"description\" content=\"R\u00e9seau Mesure Express 24 f\u00e9vrier 2022. Le Monde de l&#039;Industrie, vous permet de suivre l\u2019actualit\u00e9 en temps r\u00e9el.\" \/>\n<meta name=\"robots\" content=\"index, follow, max-snippet:-1, max-image-preview:large, max-video-preview:-1\" \/>\n<link rel=\"canonical\" href=\"https:\/\/www.reseau-mesure.com\/de\/reseau-mesure-express-24-fevrier-2022\/\" \/>\n<meta property=\"og:locale\" content=\"de_DE\" \/>\n<meta property=\"og:type\" content=\"article\" \/>\n<meta property=\"og:title\" content=\"R\u00e9seau Mesure Express 24 f\u00e9vrier 2022 - R\u00e9seau Mesure\" \/>\n<meta property=\"og:description\" content=\"R\u00e9seau Mesure Express 24 f\u00e9vrier 2022. Le Monde de l&#039;Industrie, vous permet de suivre l\u2019actualit\u00e9 en temps r\u00e9el.\" \/>\n<meta property=\"og:url\" content=\"https:\/\/www.reseau-mesure.com\/de\/reseau-mesure-express-24-fevrier-2022\/\" \/>\n<meta property=\"og:site_name\" content=\"R\u00e9seau Mesure\" \/>\n<meta property=\"article:publisher\" content=\"https:\/\/www.facebook.com\/reseaumesure\/\" \/>\n<meta property=\"article:modified_time\" content=\"2022-02-23T10:12:31+00:00\" \/>\n<meta property=\"og:image\" content=\"https:\/\/www.reseau-mesure.com\/wp-content\/uploads\/2020\/07\/20ku.jpeg\" \/>\n<meta name=\"twitter:card\" content=\"summary_large_image\" \/>\n<meta name=\"twitter:site\" content=\"@ReseauMesure\" \/>\n<meta name=\"twitter:label1\" content=\"Gesch\u00e4tzte Lesezeit\" \/>\n\t<meta name=\"twitter:data1\" content=\"5\u00a0Minuten\" \/>\n<script type=\"application\/ld+json\" class=\"yoast-schema-graph\">{\"@context\":\"https:\\\/\\\/schema.org\",\"@graph\":[{\"@type\":\"WebPage\",\"@id\":\"https:\\\/\\\/www.reseau-mesure.com\\\/reseau-mesure-express-24-fevrier-2022\\\/\",\"url\":\"https:\\\/\\\/www.reseau-mesure.com\\\/reseau-mesure-express-24-fevrier-2022\\\/\",\"name\":\"R\u00e9seau Mesure Express 24 f\u00e9vrier 2022 - R\u00e9seau Mesure\",\"isPartOf\":{\"@id\":\"https:\\\/\\\/www.reseau-mesure.com\\\/#website\"},\"primaryImageOfPage\":{\"@id\":\"https:\\\/\\\/www.reseau-mesure.com\\\/reseau-mesure-express-24-fevrier-2022\\\/#primaryimage\"},\"image\":{\"@id\":\"https:\\\/\\\/www.reseau-mesure.com\\\/reseau-mesure-express-24-fevrier-2022\\\/#primaryimage\"},\"thumbnailUrl\":\"https:\\\/\\\/www.reseau-mesure.com\\\/wp-content\\\/uploads\\\/2020\\\/07\\\/20ku.jpeg\",\"datePublished\":\"2022-02-23T09:22:07+00:00\",\"dateModified\":\"2022-02-23T10:12:31+00:00\",\"description\":\"R\u00e9seau Mesure Express 24 f\u00e9vrier 2022. Le Monde de l'Industrie, vous permet de suivre l\u2019actualit\u00e9 en temps r\u00e9el.\",\"breadcrumb\":{\"@id\":\"https:\\\/\\\/www.reseau-mesure.com\\\/reseau-mesure-express-24-fevrier-2022\\\/#breadcrumb\"},\"inLanguage\":\"de\",\"potentialAction\":[{\"@type\":\"ReadAction\",\"target\":[\"https:\\\/\\\/www.reseau-mesure.com\\\/reseau-mesure-express-24-fevrier-2022\\\/\"]}]},{\"@type\":\"ImageObject\",\"inLanguage\":\"de\",\"@id\":\"https:\\\/\\\/www.reseau-mesure.com\\\/reseau-mesure-express-24-fevrier-2022\\\/#primaryimage\",\"url\":\"https:\\\/\\\/www.reseau-mesure.com\\\/wp-content\\\/uploads\\\/2020\\\/07\\\/20ku.jpeg\",\"contentUrl\":\"https:\\\/\\\/www.reseau-mesure.com\\\/wp-content\\\/uploads\\\/2020\\\/07\\\/20ku.jpeg\"},{\"@type\":\"BreadcrumbList\",\"@id\":\"https:\\\/\\\/www.reseau-mesure.com\\\/reseau-mesure-express-24-fevrier-2022\\\/#breadcrumb\",\"itemListElement\":[{\"@type\":\"ListItem\",\"position\":1,\"name\":\"Accueil\",\"item\":\"https:\\\/\\\/www.reseau-mesure.com\\\/\"},{\"@type\":\"ListItem\",\"position\":2,\"name\":\"R\u00e9seau Mesure Express-20220224\"}]},{\"@type\":\"WebSite\",\"@id\":\"https:\\\/\\\/www.reseau-mesure.com\\\/#website\",\"url\":\"https:\\\/\\\/www.reseau-mesure.com\\\/\",\"name\":\"R\u00e9seau-Mesure\",\"description\":\"R\u00e9seau Mesure\",\"publisher\":{\"@id\":\"https:\\\/\\\/www.reseau-mesure.com\\\/#organization\"},\"potentialAction\":[{\"@type\":\"SearchAction\",\"target\":{\"@type\":\"EntryPoint\",\"urlTemplate\":\"https:\\\/\\\/www.reseau-mesure.com\\\/?s={search_term_string}\"},\"query-input\":{\"@type\":\"PropertyValueSpecification\",\"valueRequired\":true,\"valueName\":\"search_term_string\"}}],\"inLanguage\":\"de\"},{\"@type\":\"Organization\",\"@id\":\"https:\\\/\\\/www.reseau-mesure.com\\\/#organization\",\"name\":\"R\u00e9seau-Mesure\",\"url\":\"https:\\\/\\\/www.reseau-mesure.com\\\/\",\"logo\":{\"@type\":\"ImageObject\",\"inLanguage\":\"de\",\"@id\":\"https:\\\/\\\/www.reseau-mesure.com\\\/#\\\/schema\\\/logo\\\/image\\\/\",\"url\":\"https:\\\/\\\/www.reseau-mesure.com\\\/wp-content\\\/uploads\\\/2018\\\/02\\\/logo-max.png\",\"contentUrl\":\"https:\\\/\\\/www.reseau-mesure.com\\\/wp-content\\\/uploads\\\/2018\\\/02\\\/logo-max.png\",\"width\":545,\"height\":285,\"caption\":\"R\u00e9seau-Mesure\"},\"image\":{\"@id\":\"https:\\\/\\\/www.reseau-mesure.com\\\/#\\\/schema\\\/logo\\\/image\\\/\"},\"sameAs\":[\"https:\\\/\\\/www.facebook.com\\\/reseaumesure\\\/\",\"https:\\\/\\\/x.com\\\/ReseauMesure\",\"https:\\\/\\\/www.linkedin.com\\\/company\\\/reseau-mesure\\\/\"]}]}<\/script>\n<!-- \/ Yoast SEO plugin. -->","yoast_head_json":{"title":"R\u00e9seau Mesure Express 24 f\u00e9vrier 2022 - R\u00e9seau Mesure","description":"R\u00e9seau Mesure Express 24 f\u00e9vrier 2022. Le Monde de l'Industrie, vous permet de suivre l\u2019actualit\u00e9 en temps r\u00e9el.","robots":{"index":"index","follow":"follow","max-snippet":"max-snippet:-1","max-image-preview":"max-image-preview:large","max-video-preview":"max-video-preview:-1"},"canonical":"https:\/\/www.reseau-mesure.com\/de\/reseau-mesure-express-24-fevrier-2022\/","og_locale":"de_DE","og_type":"article","og_title":"R\u00e9seau Mesure Express 24 f\u00e9vrier 2022 - R\u00e9seau Mesure","og_description":"R\u00e9seau Mesure Express 24 f\u00e9vrier 2022. Le Monde de l'Industrie, vous permet de suivre l\u2019actualit\u00e9 en temps r\u00e9el.","og_url":"https:\/\/www.reseau-mesure.com\/de\/reseau-mesure-express-24-fevrier-2022\/","og_site_name":"R\u00e9seau Mesure","article_publisher":"https:\/\/www.facebook.com\/reseaumesure\/","article_modified_time":"2022-02-23T10:12:31+00:00","og_image":[{"url":"https:\/\/www.reseau-mesure.com\/wp-content\/uploads\/2020\/07\/20ku.jpeg","type":"","width":"","height":""}],"twitter_card":"summary_large_image","twitter_site":"@ReseauMesure","twitter_misc":{"Gesch\u00e4tzte Lesezeit":"5\u00a0Minuten"},"schema":{"@context":"https:\/\/schema.org","@graph":[{"@type":"WebPage","@id":"https:\/\/www.reseau-mesure.com\/reseau-mesure-express-24-fevrier-2022\/","url":"https:\/\/www.reseau-mesure.com\/reseau-mesure-express-24-fevrier-2022\/","name":"R\u00e9seau Mesure Express 24 f\u00e9vrier 2022 - R\u00e9seau Mesure","isPartOf":{"@id":"https:\/\/www.reseau-mesure.com\/#website"},"primaryImageOfPage":{"@id":"https:\/\/www.reseau-mesure.com\/reseau-mesure-express-24-fevrier-2022\/#primaryimage"},"image":{"@id":"https:\/\/www.reseau-mesure.com\/reseau-mesure-express-24-fevrier-2022\/#primaryimage"},"thumbnailUrl":"https:\/\/www.reseau-mesure.com\/wp-content\/uploads\/2020\/07\/20ku.jpeg","datePublished":"2022-02-23T09:22:07+00:00","dateModified":"2022-02-23T10:12:31+00:00","description":"R\u00e9seau Mesure Express 24 f\u00e9vrier 2022. Le Monde de l'Industrie, vous permet de suivre l\u2019actualit\u00e9 en temps r\u00e9el.","breadcrumb":{"@id":"https:\/\/www.reseau-mesure.com\/reseau-mesure-express-24-fevrier-2022\/#breadcrumb"},"inLanguage":"de","potentialAction":[{"@type":"ReadAction","target":["https:\/\/www.reseau-mesure.com\/reseau-mesure-express-24-fevrier-2022\/"]}]},{"@type":"ImageObject","inLanguage":"de","@id":"https:\/\/www.reseau-mesure.com\/reseau-mesure-express-24-fevrier-2022\/#primaryimage","url":"https:\/\/www.reseau-mesure.com\/wp-content\/uploads\/2020\/07\/20ku.jpeg","contentUrl":"https:\/\/www.reseau-mesure.com\/wp-content\/uploads\/2020\/07\/20ku.jpeg"},{"@type":"BreadcrumbList","@id":"https:\/\/www.reseau-mesure.com\/reseau-mesure-express-24-fevrier-2022\/#breadcrumb","itemListElement":[{"@type":"ListItem","position":1,"name":"Accueil","item":"https:\/\/www.reseau-mesure.com\/"},{"@type":"ListItem","position":2,"name":"R\u00e9seau Mesure Express-20220224"}]},{"@type":"WebSite","@id":"https:\/\/www.reseau-mesure.com\/#website","url":"https:\/\/www.reseau-mesure.com\/","name":"Netzwerk-Messung","description":"Netzwerkma\u00dfnahme","publisher":{"@id":"https:\/\/www.reseau-mesure.com\/#organization"},"potentialAction":[{"@type":"SearchAction","target":{"@type":"EntryPoint","urlTemplate":"https:\/\/www.reseau-mesure.com\/?s={search_term_string}"},"query-input":{"@type":"PropertyValueSpecification","valueRequired":true,"valueName":"search_term_string"}}],"inLanguage":"de"},{"@type":"Organization","@id":"https:\/\/www.reseau-mesure.com\/#organization","name":"Netzwerk-Messung","url":"https:\/\/www.reseau-mesure.com\/","logo":{"@type":"ImageObject","inLanguage":"de","@id":"https:\/\/www.reseau-mesure.com\/#\/schema\/logo\/image\/","url":"https:\/\/www.reseau-mesure.com\/wp-content\/uploads\/2018\/02\/logo-max.png","contentUrl":"https:\/\/www.reseau-mesure.com\/wp-content\/uploads\/2018\/02\/logo-max.png","width":545,"height":285,"caption":"R\u00e9seau-Mesure"},"image":{"@id":"https:\/\/www.reseau-mesure.com\/#\/schema\/logo\/image\/"},"sameAs":["https:\/\/www.facebook.com\/reseaumesure\/","https:\/\/x.com\/ReseauMesure","https:\/\/www.linkedin.com\/company\/reseau-mesure\/"]}]}},"_links":{"self":[{"href":"https:\/\/www.reseau-mesure.com\/de\/wp-json\/wp\/v2\/pages\/16206","targetHints":{"allow":["GET"]}}],"collection":[{"href":"https:\/\/www.reseau-mesure.com\/de\/wp-json\/wp\/v2\/pages"}],"about":[{"href":"https:\/\/www.reseau-mesure.com\/de\/wp-json\/wp\/v2\/types\/page"}],"author":[{"embeddable":true,"href":"https:\/\/www.reseau-mesure.com\/de\/wp-json\/wp\/v2\/users\/720"}],"replies":[{"embeddable":true,"href":"https:\/\/www.reseau-mesure.com\/de\/wp-json\/wp\/v2\/comments?post=16206"}],"version-history":[{"count":0,"href":"https:\/\/www.reseau-mesure.com\/de\/wp-json\/wp\/v2\/pages\/16206\/revisions"}],"wp:attachment":[{"href":"https:\/\/www.reseau-mesure.com\/de\/wp-json\/wp\/v2\/media?parent=16206"}],"curies":[{"name":"wp","href":"https:\/\/api.w.org\/{rel}","templated":true}]}}