{"id":16423,"date":"2022-03-14T15:01:05","date_gmt":"2022-03-14T14:01:05","guid":{"rendered":"https:\/\/www.reseau-mesure.com\/?page_id=16423"},"modified":"2022-03-21T12:32:49","modified_gmt":"2022-03-21T11:32:49","slug":"acquisition-enregistrement-apico","status":"publish","type":"page","link":"https:\/\/www.reseau-mesure.com\/de\/acquisition-enregistrement-apico\/","title":{"rendered":"Datenerfassung und Aufzeichnung \u2013 APICO"},"content":{"rendered":"<a href=\"https:\/\/www.apico.eu\/\" target=\"_blank\" rel=\"noopener\" itemprop=\"url\">\n\t\t\t\t<img loading=\"lazy\" decoding=\"async\" src=\"https:\/\/www.reseau-mesure.com\/wp-content\/uploads\/2021\/12\/APICO.jpg\" alt=\"APICO\" itemprop=\"image\" height=\"118\" width=\"344\" title=\"APICO\" onerror=\"this.style.display='none'\"  \/>\n\t\t\t\t<\/a>\n\t<p>&nbsp;<\/p>\n<h1><b>Datenerfassung und Aufzeichnung<\/b><\/h1>\n<h2><strong>Programmierung, Aufzeichnung und Datenverarbeitung mit einem der Rekorder DAS 30\/50\/60\/220\/240\/800\/1700<\/strong><\/h2>\n\t<p>&nbsp;<\/p>\n<table width=\"100%\">\n<tbody>\n<tr>\n<td><strong>Dieses Training richtet sich an alle Besitzer eines Rekorders der DAS-Reihe, die alle Funktionen schnell kennenlernen und eine Datenaufzeichnung mit deren Verarbeitung durchf\u00fchren m\u00f6chten.<\/strong>\n<p><strong>Technischer Serviceleiter, Ingenieur, Techniker \u2013 Einsteiger oder mit Ahnung<\/strong><\/p>\n<p>Die Ausbildung wird durchgef\u00fchrt von <a href=\"https:\/\/www.reseau-mesure.com\/de\/adherent\/eurotek\/\">APICO<\/a>, Spezialist f\u00fcr industrielle Sensoren und Messger\u00e4te.<\/p>\n<p>&nbsp;<\/p>\n<p><b>R\u00e9seau Mesure wird als QUALIOPI-zertifiziertes Schulungszentrum bezeichnet, das die Unterst\u00fctzung durch Ihren OPCO erm\u00f6glicht.<\/b><\/p>\n<p><strong>Anzahl der Auszubildenden pro Sitzung:<\/strong> Schulung exklusiv f\u00fcr ein Unternehmen.<\/p>\n<p><strong>Die Schulungstermine sind mit dem Trainer der Firma APICO abzustimmen.\u00a0<\/strong><\/p>\n<strong>Das Programm kann an die Bed\u00fcrfnisse des Unternehmens angepasst werden.<\/strong><\/td>\n<\/tr>\n<tr>\n\n<\/tr>\n<\/tbody>\n<\/table>\n\t\t\t<a href=\"https:\/\/www.reseau-mesure.com\/wp-content\/uploads\/2022\/03\/Presentation-acquisition-programme-enregsitrement-sur-DAS-2022-v1.pdf\" target=\"_blank\" role=\"button\" rel=\"noopener\">\n\t\t\t\t\t\t\tPr\u00e4sentation\n\t\t\t\t\t<\/a>\n\t\t\t<a href=\"https:\/\/www.reseau-mesure.com\/wp-content\/uploads\/2022\/03\/programme-acquisition-programme-enregistrement-DAS-2022.v1.pdf\" target=\"_blank\" role=\"button\" rel=\"noopener\">\n\t\t\t\t\t\t\tProgrammtyp\n\t\t\t\t\t<\/a>\n\t\t\t<a href=\"mailto:info@apico.eu\" target=\"_blank\" role=\"button\" rel=\"noopener\">\n\t\t\t\t\t\t\tAbonnementanfrage\n\t\t\t\t\t<\/a>","protected":false},"excerpt":{"rendered":"<p>&nbsp; Datenerfassung und Aufzeichnung Programmierung, Aufzeichnung und Datenverarbeitung mit einem der DAS 30\/50\/60\/220\/240\/800\/1700 Recorder Diese Schulung richtet sich an alle Besitzer eines DAS Range Recorders, die alle Funktionen schnell kennen lernen m\u00f6chten und mit ihrer Verarbeitung einen Datensatz erstellen. Technischer Serviceleiter, Ingenieur,\u2026<\/p>","protected":false},"author":720,"featured_media":0,"parent":0,"menu_order":0,"comment_status":"closed","ping_status":"closed","template":"","meta":{"_acf_changed":false,"footnotes":""},"class_list":["post-16423","page","type-page","status-publish","hentry"],"acf":[],"yoast_head":"<!-- This site is optimized with the Yoast SEO plugin v27.5 - https:\/\/yoast.com\/product\/yoast-seo-wordpress\/ -->\n<title>Formation - Acquisition et enregistrement de donn\u00e9es - APICO - R\u00e9seau Mesure<\/title>\n<meta name=\"description\" content=\"La formation sur l&#039;acquisition et enregistrement de donn\u00e9es APICO003-SEFR : programmation, enregistrement et traitement des donn\u00e9es.\" \/>\n<meta name=\"robots\" content=\"index, follow, max-snippet:-1, max-image-preview:large, max-video-preview:-1\" \/>\n<link rel=\"canonical\" href=\"https:\/\/www.reseau-mesure.com\/de\/acquisition-enregistrement-apico\/\" \/>\n<meta property=\"og:locale\" content=\"de_DE\" \/>\n<meta property=\"og:type\" content=\"article\" \/>\n<meta property=\"og:title\" content=\"Formation - Acquisition et enregistrement de donn\u00e9es - APICO - R\u00e9seau Mesure\" \/>\n<meta property=\"og:description\" content=\"La formation sur l&#039;acquisition et enregistrement de donn\u00e9es APICO003-SEFR : programmation, enregistrement et traitement des donn\u00e9es.\" \/>\n<meta property=\"og:url\" content=\"https:\/\/www.reseau-mesure.com\/de\/acquisition-enregistrement-apico\/\" \/>\n<meta property=\"og:site_name\" content=\"R\u00e9seau Mesure\" \/>\n<meta property=\"article:publisher\" content=\"https:\/\/www.facebook.com\/reseaumesure\/\" \/>\n<meta property=\"article:modified_time\" content=\"2022-03-21T11:32:49+00:00\" \/>\n<meta property=\"og:image\" content=\"https:\/\/www.reseau-mesure.com\/wp-content\/uploads\/2021\/12\/APICO.jpg\" \/>\n<meta name=\"twitter:card\" content=\"summary_large_image\" \/>\n<meta name=\"twitter:site\" content=\"@ReseauMesure\" \/>\n<meta name=\"twitter:label1\" content=\"Gesch\u00e4tzte Lesezeit\" \/>\n\t<meta name=\"twitter:data1\" content=\"1\u00a0Minute\" \/>\n<script type=\"application\/ld+json\" class=\"yoast-schema-graph\">{\"@context\":\"https:\\\/\\\/schema.org\",\"@graph\":[{\"@type\":\"WebPage\",\"@id\":\"https:\\\/\\\/www.reseau-mesure.com\\\/acquisition-enregistrement-apico\\\/\",\"url\":\"https:\\\/\\\/www.reseau-mesure.com\\\/acquisition-enregistrement-apico\\\/\",\"name\":\"Formation - Acquisition et enregistrement de donn\u00e9es - APICO - R\u00e9seau Mesure\",\"isPartOf\":{\"@id\":\"https:\\\/\\\/www.reseau-mesure.com\\\/#website\"},\"primaryImageOfPage\":{\"@id\":\"https:\\\/\\\/www.reseau-mesure.com\\\/acquisition-enregistrement-apico\\\/#primaryimage\"},\"image\":{\"@id\":\"https:\\\/\\\/www.reseau-mesure.com\\\/acquisition-enregistrement-apico\\\/#primaryimage\"},\"thumbnailUrl\":\"https:\\\/\\\/www.reseau-mesure.com\\\/wp-content\\\/uploads\\\/2021\\\/12\\\/APICO.jpg\",\"datePublished\":\"2022-03-14T14:01:05+00:00\",\"dateModified\":\"2022-03-21T11:32:49+00:00\",\"description\":\"La formation sur l'acquisition et enregistrement de donn\u00e9es APICO003-SEFR : programmation, enregistrement et traitement des donn\u00e9es.\",\"breadcrumb\":{\"@id\":\"https:\\\/\\\/www.reseau-mesure.com\\\/acquisition-enregistrement-apico\\\/#breadcrumb\"},\"inLanguage\":\"de\",\"potentialAction\":[{\"@type\":\"ReadAction\",\"target\":[\"https:\\\/\\\/www.reseau-mesure.com\\\/acquisition-enregistrement-apico\\\/\"]}]},{\"@type\":\"ImageObject\",\"inLanguage\":\"de\",\"@id\":\"https:\\\/\\\/www.reseau-mesure.com\\\/acquisition-enregistrement-apico\\\/#primaryimage\",\"url\":\"https:\\\/\\\/www.reseau-mesure.com\\\/wp-content\\\/uploads\\\/2021\\\/12\\\/APICO.jpg\",\"contentUrl\":\"https:\\\/\\\/www.reseau-mesure.com\\\/wp-content\\\/uploads\\\/2021\\\/12\\\/APICO.jpg\"},{\"@type\":\"BreadcrumbList\",\"@id\":\"https:\\\/\\\/www.reseau-mesure.com\\\/acquisition-enregistrement-apico\\\/#breadcrumb\",\"itemListElement\":[{\"@type\":\"ListItem\",\"position\":1,\"name\":\"Accueil\",\"item\":\"https:\\\/\\\/www.reseau-mesure.com\\\/\"},{\"@type\":\"ListItem\",\"position\":2,\"name\":\"Acquisition et enregistrement de donn\u00e9es &#8211; APICO\"}]},{\"@type\":\"WebSite\",\"@id\":\"https:\\\/\\\/www.reseau-mesure.com\\\/#website\",\"url\":\"https:\\\/\\\/www.reseau-mesure.com\\\/\",\"name\":\"R\u00e9seau-Mesure\",\"description\":\"R\u00e9seau Mesure\",\"publisher\":{\"@id\":\"https:\\\/\\\/www.reseau-mesure.com\\\/#organization\"},\"potentialAction\":[{\"@type\":\"SearchAction\",\"target\":{\"@type\":\"EntryPoint\",\"urlTemplate\":\"https:\\\/\\\/www.reseau-mesure.com\\\/?s={search_term_string}\"},\"query-input\":{\"@type\":\"PropertyValueSpecification\",\"valueRequired\":true,\"valueName\":\"search_term_string\"}}],\"inLanguage\":\"de\"},{\"@type\":\"Organization\",\"@id\":\"https:\\\/\\\/www.reseau-mesure.com\\\/#organization\",\"name\":\"R\u00e9seau-Mesure\",\"url\":\"https:\\\/\\\/www.reseau-mesure.com\\\/\",\"logo\":{\"@type\":\"ImageObject\",\"inLanguage\":\"de\",\"@id\":\"https:\\\/\\\/www.reseau-mesure.com\\\/#\\\/schema\\\/logo\\\/image\\\/\",\"url\":\"https:\\\/\\\/www.reseau-mesure.com\\\/wp-content\\\/uploads\\\/2018\\\/02\\\/logo-max.png\",\"contentUrl\":\"https:\\\/\\\/www.reseau-mesure.com\\\/wp-content\\\/uploads\\\/2018\\\/02\\\/logo-max.png\",\"width\":545,\"height\":285,\"caption\":\"R\u00e9seau-Mesure\"},\"image\":{\"@id\":\"https:\\\/\\\/www.reseau-mesure.com\\\/#\\\/schema\\\/logo\\\/image\\\/\"},\"sameAs\":[\"https:\\\/\\\/www.facebook.com\\\/reseaumesure\\\/\",\"https:\\\/\\\/x.com\\\/ReseauMesure\",\"https:\\\/\\\/www.linkedin.com\\\/company\\\/reseau-mesure\\\/\"]}]}<\/script>\n<!-- \/ Yoast SEO plugin. -->","yoast_head_json":{"title":"Formation - Acquisition et enregistrement de donn\u00e9es - APICO - R\u00e9seau Mesure","description":"La formation sur l'acquisition et enregistrement de donn\u00e9es APICO003-SEFR : programmation, enregistrement et traitement des donn\u00e9es.","robots":{"index":"index","follow":"follow","max-snippet":"max-snippet:-1","max-image-preview":"max-image-preview:large","max-video-preview":"max-video-preview:-1"},"canonical":"https:\/\/www.reseau-mesure.com\/de\/acquisition-enregistrement-apico\/","og_locale":"de_DE","og_type":"article","og_title":"Formation - Acquisition et enregistrement de donn\u00e9es - APICO - R\u00e9seau Mesure","og_description":"La formation sur l'acquisition et enregistrement de donn\u00e9es APICO003-SEFR : programmation, enregistrement et traitement des donn\u00e9es.","og_url":"https:\/\/www.reseau-mesure.com\/de\/acquisition-enregistrement-apico\/","og_site_name":"R\u00e9seau Mesure","article_publisher":"https:\/\/www.facebook.com\/reseaumesure\/","article_modified_time":"2022-03-21T11:32:49+00:00","og_image":[{"url":"https:\/\/www.reseau-mesure.com\/wp-content\/uploads\/2021\/12\/APICO.jpg","type":"","width":"","height":""}],"twitter_card":"summary_large_image","twitter_site":"@ReseauMesure","twitter_misc":{"Gesch\u00e4tzte Lesezeit":"1\u00a0Minute"},"schema":{"@context":"https:\/\/schema.org","@graph":[{"@type":"WebPage","@id":"https:\/\/www.reseau-mesure.com\/acquisition-enregistrement-apico\/","url":"https:\/\/www.reseau-mesure.com\/acquisition-enregistrement-apico\/","name":"Formation - Acquisition et enregistrement de donn\u00e9es - APICO - R\u00e9seau Mesure","isPartOf":{"@id":"https:\/\/www.reseau-mesure.com\/#website"},"primaryImageOfPage":{"@id":"https:\/\/www.reseau-mesure.com\/acquisition-enregistrement-apico\/#primaryimage"},"image":{"@id":"https:\/\/www.reseau-mesure.com\/acquisition-enregistrement-apico\/#primaryimage"},"thumbnailUrl":"https:\/\/www.reseau-mesure.com\/wp-content\/uploads\/2021\/12\/APICO.jpg","datePublished":"2022-03-14T14:01:05+00:00","dateModified":"2022-03-21T11:32:49+00:00","description":"La formation sur l'acquisition et enregistrement de donn\u00e9es APICO003-SEFR : programmation, enregistrement et traitement des donn\u00e9es.","breadcrumb":{"@id":"https:\/\/www.reseau-mesure.com\/acquisition-enregistrement-apico\/#breadcrumb"},"inLanguage":"de","potentialAction":[{"@type":"ReadAction","target":["https:\/\/www.reseau-mesure.com\/acquisition-enregistrement-apico\/"]}]},{"@type":"ImageObject","inLanguage":"de","@id":"https:\/\/www.reseau-mesure.com\/acquisition-enregistrement-apico\/#primaryimage","url":"https:\/\/www.reseau-mesure.com\/wp-content\/uploads\/2021\/12\/APICO.jpg","contentUrl":"https:\/\/www.reseau-mesure.com\/wp-content\/uploads\/2021\/12\/APICO.jpg"},{"@type":"BreadcrumbList","@id":"https:\/\/www.reseau-mesure.com\/acquisition-enregistrement-apico\/#breadcrumb","itemListElement":[{"@type":"ListItem","position":1,"name":"Accueil","item":"https:\/\/www.reseau-mesure.com\/"},{"@type":"ListItem","position":2,"name":"Acquisition et enregistrement de donn\u00e9es &#8211; APICO"}]},{"@type":"WebSite","@id":"https:\/\/www.reseau-mesure.com\/#website","url":"https:\/\/www.reseau-mesure.com\/","name":"Netzwerk-Messung","description":"Netzwerkma\u00dfnahme","publisher":{"@id":"https:\/\/www.reseau-mesure.com\/#organization"},"potentialAction":[{"@type":"SearchAction","target":{"@type":"EntryPoint","urlTemplate":"https:\/\/www.reseau-mesure.com\/?s={search_term_string}"},"query-input":{"@type":"PropertyValueSpecification","valueRequired":true,"valueName":"search_term_string"}}],"inLanguage":"de"},{"@type":"Organization","@id":"https:\/\/www.reseau-mesure.com\/#organization","name":"Netzwerk-Messung","url":"https:\/\/www.reseau-mesure.com\/","logo":{"@type":"ImageObject","inLanguage":"de","@id":"https:\/\/www.reseau-mesure.com\/#\/schema\/logo\/image\/","url":"https:\/\/www.reseau-mesure.com\/wp-content\/uploads\/2018\/02\/logo-max.png","contentUrl":"https:\/\/www.reseau-mesure.com\/wp-content\/uploads\/2018\/02\/logo-max.png","width":545,"height":285,"caption":"R\u00e9seau-Mesure"},"image":{"@id":"https:\/\/www.reseau-mesure.com\/#\/schema\/logo\/image\/"},"sameAs":["https:\/\/www.facebook.com\/reseaumesure\/","https:\/\/x.com\/ReseauMesure","https:\/\/www.linkedin.com\/company\/reseau-mesure\/"]}]}},"_links":{"self":[{"href":"https:\/\/www.reseau-mesure.com\/de\/wp-json\/wp\/v2\/pages\/16423","targetHints":{"allow":["GET"]}}],"collection":[{"href":"https:\/\/www.reseau-mesure.com\/de\/wp-json\/wp\/v2\/pages"}],"about":[{"href":"https:\/\/www.reseau-mesure.com\/de\/wp-json\/wp\/v2\/types\/page"}],"author":[{"embeddable":true,"href":"https:\/\/www.reseau-mesure.com\/de\/wp-json\/wp\/v2\/users\/720"}],"replies":[{"embeddable":true,"href":"https:\/\/www.reseau-mesure.com\/de\/wp-json\/wp\/v2\/comments?post=16423"}],"version-history":[{"count":0,"href":"https:\/\/www.reseau-mesure.com\/de\/wp-json\/wp\/v2\/pages\/16423\/revisions"}],"wp:attachment":[{"href":"https:\/\/www.reseau-mesure.com\/de\/wp-json\/wp\/v2\/media?parent=16423"}],"curies":[{"name":"wp","href":"https:\/\/api.w.org\/{rel}","templated":true}]}}