{"id":16557,"date":"2022-03-25T17:28:55","date_gmt":"2022-03-25T16:28:55","guid":{"rendered":"https:\/\/www.reseau-mesure.com\/?page_id=16557"},"modified":"2025-11-12T11:43:43","modified_gmt":"2025-11-12T10:43:43","slug":"linkedin-organiser-sa-veille-et-bien-publier","status":"publish","type":"page","link":"https:\/\/www.reseau-mesure.com\/de\/linkedin-organiser-sa-veille-et-bien-publier\/","title":{"rendered":"LinkedIn: Organisieren Sie Ihre Uhr und ver\u00f6ffentlichen Sie gut."},"content":{"rendered":"<img decoding=\"async\" src=\"https:\/\/www.reseau-mesure.com\/wp-content\/uploads\/2020\/12\/linkedin.png\" alt=\"logo linkedin pour formation\" itemprop=\"image\" height=\"168\" width=\"300\" title=\"Linkedin\" onerror=\"this.style.display='none'\" loading=\"lazy\" \/>\n\t<p>&nbsp;<\/p>\n<p><strong><em>E-Training<\/em><\/strong><\/p>\n\t\t\t\t<img decoding=\"async\" src=\"https:\/\/www.reseau-mesure.com\/wp-content\/uploads\/2020\/12\/laptop-150x150.png\" alt=\"laptop\" itemprop=\"image\" height=\"150\" width=\"150\" title=\"Laptop\" onerror=\"this.style.display='none'\" loading=\"lazy\" \/>\n\t<p>&nbsp;<\/p>\n<p><b>LinkedIn\u00a0: Organiser sa veille et bien publier\u00a0<\/b><\/p>\n\t<p>Ein 3-st\u00fcndiges Remote-Modul, ein interaktives Training <strong>um bew\u00e4hrte Verfahren f\u00fcr eine gute Ver\u00f6ffentlichung und die verschiedenen M\u00f6glichkeiten zur Organisation Ihrer \u00dcberwachung zu entdecken<\/strong><b>\u00a0Auf Linkedin.<\/b><\/p>\n<table width=\"100%\">\n<tbody>\n<tr>\n<td>\n<ul>\n<li>kennen die verschiedenen M\u00f6glichkeiten, Ihr Monitoring auf LinkedIn zu organisieren<\/li>\n<li>Beherrschen Sie die Techniken zur Optimierung Ihrer Seite und entwickeln Sie die Community dieser Seite<\/li>\n<li>Entdecken Sie Best Practices f\u00fcr eine gute Ver\u00f6ffentlichung auf Ihrer Seite und\/oder Ihrem Profil<\/li>\n<li>wissen, wie man eine relevante Inhaltsstrategie f\u00fcr Ihre Seite einrichtet.<\/li>\n<\/ul>\n<p>Die Schulung wird von G. Mancel, Partner des Measurement Network und LinkedIn-Spezialist, durchgef\u00fchrt.<\/p>\n<p><b>R\u00e9seau Mesure ist ein Qualiopi-zertifiziertes Schulungszentrum, das Unterst\u00fctzung durch Ihr OPCO erm\u00f6glicht.<\/b><\/p>\n<p><strong>Anzahl der Auszubildenden pro Sitzung:<\/strong>\u00a0 mindestens 4 Pers. \/ maximal 5 Personen<\/p>\n<p>N\u00e4chste Sitzung: <a href=\"https:\/\/www.reseau-mesure.com\/de\/la-formation-rm\/\" target=\"_blank\" rel=\"noopener\">consultez le planning<\/a> &#8211; Nous planifions les dates en fonction de vos demandes, alors n&rsquo;h\u00e9sitez pas \u00e0 <a href=\"mailto:confray@reseau-mesure.com\">Kontaktiere uns<\/a> !\u00a0<\/p>\n<strong>E.<em>valuation 2022<\/em><\/strong><em> : 21 participants\u00a0 &#8211; moyenne bas\u00e9e sur l&rsquo;atteinte des objectifs, la p\u00e9dagogie et l&rsquo;organisation :\u00a0 18.2\/20\u00a0<\/em><br \/>\n<em><strong>Bewertung 2023<\/strong> : 8 participants &#8211; moyenne bas\u00e9e sur l&rsquo;atteinte des objectifs, la p\u00e9dagogie et l&rsquo;organisation:\u00a0 19.2\/20<br \/>\n<strong>Evaluation 2025<\/strong> : 4 participants &#8211; moyenne bas\u00e9e sur l&rsquo;atteinte des objectifs, la p\u00e9dagogie et l&rsquo;organisation:\u00a0 9\/10\u00a0 &#8211; Atteinte des objectifs :\u00a0 9.8\/10\u00a0<\/em><\/td>\n<\/tr>\n<tr>\n\n<\/tr>\n<tr>\n\n<\/tr>\n<\/tbody>\n<\/table>\n\t\t\t<a href=\"https:\/\/www.reseau-mesure.com\/wp-content\/uploads\/2025\/11\/2026-Linkedin-organiser-sa-veille-bien-publier-presentation.pdf\" target=\"_blank\" rel=\"noopener\">\n\t\t\t\t\t\t\tPr\u00e4sentation\n\t\t\t\t\t<\/a>\n\t\t\t<a href=\"https:\/\/www.reseau-mesure.com\/wp-content\/uploads\/2025\/11\/2025-linkedin-organiser-sa-veille-programme.pdf\" target=\"_blank\" rel=\"noopener\">\n\t\t\t\t\t\t\tProgramm\n\t\t\t\t\t<\/a>\n\t\t\t<a href=\"mailto:confray@reseau-mesure.com\" target=\"_blank\" rel=\"noopener\">\n\t\t\t\t\t\t\tAbonnementanfrage\n\t\t\t\t\t<\/a>","protected":false},"excerpt":{"rendered":"<p>&nbsp; E-formation &nbsp; LinkedIn\u00a0: Organiser sa veille et bien publier\u00a0 Un module de 3h en distanciel, une formation interactive pour d\u00e9couvrir les bonnes pratiques pour bien publier et les diff\u00e9rentes fa\u00e7ons d&rsquo;organiser sa veille\u00a0sur LinkedIn. connaitre les diff\u00e9rentes facons d&rsquo;organiser sa veille sur Linkedin maitriser les techniques pour optimiser sa page et d\u00e9velopper la communaut\u00e9&hellip;<\/p>","protected":false},"author":349,"featured_media":0,"parent":0,"menu_order":0,"comment_status":"closed","ping_status":"closed","template":"","meta":{"_acf_changed":false,"footnotes":""},"class_list":["post-16557","page","type-page","status-publish","hentry"],"acf":[],"yoast_head":"<!-- This site is optimized with the Yoast SEO plugin v27.3 - https:\/\/yoast.com\/product\/yoast-seo-wordpress\/ -->\n<title>Formation - LinkedIn: Organiser sa veille et bien publier. - R\u00e9seau Mesure<\/title>\n<meta name=\"description\" content=\"LinkedIn: Organiser sa veille et bien publier. Utilisez les r\u00e9seaux sociaux pour se faire connaitre et valoriser votre entreprise.\" \/>\n<meta name=\"robots\" content=\"index, follow, max-snippet:-1, max-image-preview:large, max-video-preview:-1\" \/>\n<link rel=\"canonical\" href=\"https:\/\/www.reseau-mesure.com\/de\/linkedin-organiser-sa-veille-et-bien-publier\/\" \/>\n<meta property=\"og:locale\" content=\"de_DE\" \/>\n<meta property=\"og:type\" content=\"article\" \/>\n<meta property=\"og:title\" content=\"Formation - LinkedIn: Organiser sa veille et bien publier. - R\u00e9seau Mesure\" \/>\n<meta property=\"og:description\" content=\"LinkedIn: Organiser sa veille et bien publier. Utilisez les r\u00e9seaux sociaux pour se faire connaitre et valoriser votre entreprise.\" \/>\n<meta property=\"og:url\" content=\"https:\/\/www.reseau-mesure.com\/de\/linkedin-organiser-sa-veille-et-bien-publier\/\" \/>\n<meta property=\"og:site_name\" content=\"R\u00e9seau Mesure\" \/>\n<meta property=\"article:publisher\" content=\"https:\/\/www.facebook.com\/reseaumesure\/\" \/>\n<meta property=\"article:modified_time\" content=\"2025-11-12T10:43:43+00:00\" \/>\n<meta property=\"og:image\" content=\"https:\/\/www.reseau-mesure.com\/wp-content\/uploads\/2020\/12\/linkedin.png\" \/>\n<meta name=\"twitter:card\" content=\"summary_large_image\" \/>\n<meta name=\"twitter:site\" content=\"@ReseauMesure\" \/>\n<meta name=\"twitter:label1\" content=\"Gesch\u00e4tzte Lesezeit\" \/>\n\t<meta name=\"twitter:data1\" content=\"1\u00a0Minute\" \/>\n<script type=\"application\/ld+json\" class=\"yoast-schema-graph\">{\"@context\":\"https:\\\/\\\/schema.org\",\"@graph\":[{\"@type\":\"WebPage\",\"@id\":\"https:\\\/\\\/www.reseau-mesure.com\\\/linkedin-organiser-sa-veille-et-bien-publier\\\/\",\"url\":\"https:\\\/\\\/www.reseau-mesure.com\\\/linkedin-organiser-sa-veille-et-bien-publier\\\/\",\"name\":\"Formation - LinkedIn: Organiser sa veille et bien publier. - R\u00e9seau Mesure\",\"isPartOf\":{\"@id\":\"https:\\\/\\\/www.reseau-mesure.com\\\/#website\"},\"primaryImageOfPage\":{\"@id\":\"https:\\\/\\\/www.reseau-mesure.com\\\/linkedin-organiser-sa-veille-et-bien-publier\\\/#primaryimage\"},\"image\":{\"@id\":\"https:\\\/\\\/www.reseau-mesure.com\\\/linkedin-organiser-sa-veille-et-bien-publier\\\/#primaryimage\"},\"thumbnailUrl\":\"https:\\\/\\\/www.reseau-mesure.com\\\/wp-content\\\/uploads\\\/2020\\\/12\\\/linkedin.png\",\"datePublished\":\"2022-03-25T16:28:55+00:00\",\"dateModified\":\"2025-11-12T10:43:43+00:00\",\"description\":\"LinkedIn: Organiser sa veille et bien publier. Utilisez les r\u00e9seaux sociaux pour se faire connaitre et valoriser votre entreprise.\",\"breadcrumb\":{\"@id\":\"https:\\\/\\\/www.reseau-mesure.com\\\/linkedin-organiser-sa-veille-et-bien-publier\\\/#breadcrumb\"},\"inLanguage\":\"de\",\"potentialAction\":[{\"@type\":\"ReadAction\",\"target\":[\"https:\\\/\\\/www.reseau-mesure.com\\\/linkedin-organiser-sa-veille-et-bien-publier\\\/\"]}]},{\"@type\":\"ImageObject\",\"inLanguage\":\"de\",\"@id\":\"https:\\\/\\\/www.reseau-mesure.com\\\/linkedin-organiser-sa-veille-et-bien-publier\\\/#primaryimage\",\"url\":\"https:\\\/\\\/www.reseau-mesure.com\\\/wp-content\\\/uploads\\\/2020\\\/12\\\/linkedin.png\",\"contentUrl\":\"https:\\\/\\\/www.reseau-mesure.com\\\/wp-content\\\/uploads\\\/2020\\\/12\\\/linkedin.png\"},{\"@type\":\"BreadcrumbList\",\"@id\":\"https:\\\/\\\/www.reseau-mesure.com\\\/linkedin-organiser-sa-veille-et-bien-publier\\\/#breadcrumb\",\"itemListElement\":[{\"@type\":\"ListItem\",\"position\":1,\"name\":\"Accueil\",\"item\":\"https:\\\/\\\/www.reseau-mesure.com\\\/\"},{\"@type\":\"ListItem\",\"position\":2,\"name\":\"LinkedIn: Organiser sa veille et bien publier.\"}]},{\"@type\":\"WebSite\",\"@id\":\"https:\\\/\\\/www.reseau-mesure.com\\\/#website\",\"url\":\"https:\\\/\\\/www.reseau-mesure.com\\\/\",\"name\":\"R\u00e9seau-Mesure\",\"description\":\"R\u00e9seau Mesure\",\"publisher\":{\"@id\":\"https:\\\/\\\/www.reseau-mesure.com\\\/#organization\"},\"potentialAction\":[{\"@type\":\"SearchAction\",\"target\":{\"@type\":\"EntryPoint\",\"urlTemplate\":\"https:\\\/\\\/www.reseau-mesure.com\\\/?s={search_term_string}\"},\"query-input\":{\"@type\":\"PropertyValueSpecification\",\"valueRequired\":true,\"valueName\":\"search_term_string\"}}],\"inLanguage\":\"de\"},{\"@type\":\"Organization\",\"@id\":\"https:\\\/\\\/www.reseau-mesure.com\\\/#organization\",\"name\":\"R\u00e9seau-Mesure\",\"url\":\"https:\\\/\\\/www.reseau-mesure.com\\\/\",\"logo\":{\"@type\":\"ImageObject\",\"inLanguage\":\"de\",\"@id\":\"https:\\\/\\\/www.reseau-mesure.com\\\/#\\\/schema\\\/logo\\\/image\\\/\",\"url\":\"https:\\\/\\\/www.reseau-mesure.com\\\/wp-content\\\/uploads\\\/2018\\\/02\\\/logo-max.png\",\"contentUrl\":\"https:\\\/\\\/www.reseau-mesure.com\\\/wp-content\\\/uploads\\\/2018\\\/02\\\/logo-max.png\",\"width\":545,\"height\":285,\"caption\":\"R\u00e9seau-Mesure\"},\"image\":{\"@id\":\"https:\\\/\\\/www.reseau-mesure.com\\\/#\\\/schema\\\/logo\\\/image\\\/\"},\"sameAs\":[\"https:\\\/\\\/www.facebook.com\\\/reseaumesure\\\/\",\"https:\\\/\\\/x.com\\\/ReseauMesure\",\"https:\\\/\\\/www.linkedin.com\\\/company\\\/reseau-mesure\\\/\"]}]}<\/script>\n<!-- \/ Yoast SEO plugin. -->","yoast_head_json":{"title":"Formation - LinkedIn: Organiser sa veille et bien publier. - R\u00e9seau Mesure","description":"LinkedIn: Organiser sa veille et bien publier. Utilisez les r\u00e9seaux sociaux pour se faire connaitre et valoriser votre entreprise.","robots":{"index":"index","follow":"follow","max-snippet":"max-snippet:-1","max-image-preview":"max-image-preview:large","max-video-preview":"max-video-preview:-1"},"canonical":"https:\/\/www.reseau-mesure.com\/de\/linkedin-organiser-sa-veille-et-bien-publier\/","og_locale":"de_DE","og_type":"article","og_title":"Formation - LinkedIn: Organiser sa veille et bien publier. - R\u00e9seau Mesure","og_description":"LinkedIn: Organiser sa veille et bien publier. Utilisez les r\u00e9seaux sociaux pour se faire connaitre et valoriser votre entreprise.","og_url":"https:\/\/www.reseau-mesure.com\/de\/linkedin-organiser-sa-veille-et-bien-publier\/","og_site_name":"R\u00e9seau Mesure","article_publisher":"https:\/\/www.facebook.com\/reseaumesure\/","article_modified_time":"2025-11-12T10:43:43+00:00","og_image":[{"url":"https:\/\/www.reseau-mesure.com\/wp-content\/uploads\/2020\/12\/linkedin.png","type":"","width":"","height":""}],"twitter_card":"summary_large_image","twitter_site":"@ReseauMesure","twitter_misc":{"Gesch\u00e4tzte Lesezeit":"1\u00a0Minute"},"schema":{"@context":"https:\/\/schema.org","@graph":[{"@type":"WebPage","@id":"https:\/\/www.reseau-mesure.com\/linkedin-organiser-sa-veille-et-bien-publier\/","url":"https:\/\/www.reseau-mesure.com\/linkedin-organiser-sa-veille-et-bien-publier\/","name":"Formation - LinkedIn: Organiser sa veille et bien publier. - R\u00e9seau Mesure","isPartOf":{"@id":"https:\/\/www.reseau-mesure.com\/#website"},"primaryImageOfPage":{"@id":"https:\/\/www.reseau-mesure.com\/linkedin-organiser-sa-veille-et-bien-publier\/#primaryimage"},"image":{"@id":"https:\/\/www.reseau-mesure.com\/linkedin-organiser-sa-veille-et-bien-publier\/#primaryimage"},"thumbnailUrl":"https:\/\/www.reseau-mesure.com\/wp-content\/uploads\/2020\/12\/linkedin.png","datePublished":"2022-03-25T16:28:55+00:00","dateModified":"2025-11-12T10:43:43+00:00","description":"LinkedIn: Organiser sa veille et bien publier. Utilisez les r\u00e9seaux sociaux pour se faire connaitre et valoriser votre entreprise.","breadcrumb":{"@id":"https:\/\/www.reseau-mesure.com\/linkedin-organiser-sa-veille-et-bien-publier\/#breadcrumb"},"inLanguage":"de","potentialAction":[{"@type":"ReadAction","target":["https:\/\/www.reseau-mesure.com\/linkedin-organiser-sa-veille-et-bien-publier\/"]}]},{"@type":"ImageObject","inLanguage":"de","@id":"https:\/\/www.reseau-mesure.com\/linkedin-organiser-sa-veille-et-bien-publier\/#primaryimage","url":"https:\/\/www.reseau-mesure.com\/wp-content\/uploads\/2020\/12\/linkedin.png","contentUrl":"https:\/\/www.reseau-mesure.com\/wp-content\/uploads\/2020\/12\/linkedin.png"},{"@type":"BreadcrumbList","@id":"https:\/\/www.reseau-mesure.com\/linkedin-organiser-sa-veille-et-bien-publier\/#breadcrumb","itemListElement":[{"@type":"ListItem","position":1,"name":"Accueil","item":"https:\/\/www.reseau-mesure.com\/"},{"@type":"ListItem","position":2,"name":"LinkedIn: Organiser sa veille et bien publier."}]},{"@type":"WebSite","@id":"https:\/\/www.reseau-mesure.com\/#website","url":"https:\/\/www.reseau-mesure.com\/","name":"Netzwerk-Messung","description":"Netzwerkma\u00dfnahme","publisher":{"@id":"https:\/\/www.reseau-mesure.com\/#organization"},"potentialAction":[{"@type":"SearchAction","target":{"@type":"EntryPoint","urlTemplate":"https:\/\/www.reseau-mesure.com\/?s={search_term_string}"},"query-input":{"@type":"PropertyValueSpecification","valueRequired":true,"valueName":"search_term_string"}}],"inLanguage":"de"},{"@type":"Organization","@id":"https:\/\/www.reseau-mesure.com\/#organization","name":"Netzwerk-Messung","url":"https:\/\/www.reseau-mesure.com\/","logo":{"@type":"ImageObject","inLanguage":"de","@id":"https:\/\/www.reseau-mesure.com\/#\/schema\/logo\/image\/","url":"https:\/\/www.reseau-mesure.com\/wp-content\/uploads\/2018\/02\/logo-max.png","contentUrl":"https:\/\/www.reseau-mesure.com\/wp-content\/uploads\/2018\/02\/logo-max.png","width":545,"height":285,"caption":"R\u00e9seau-Mesure"},"image":{"@id":"https:\/\/www.reseau-mesure.com\/#\/schema\/logo\/image\/"},"sameAs":["https:\/\/www.facebook.com\/reseaumesure\/","https:\/\/x.com\/ReseauMesure","https:\/\/www.linkedin.com\/company\/reseau-mesure\/"]}]}},"_links":{"self":[{"href":"https:\/\/www.reseau-mesure.com\/de\/wp-json\/wp\/v2\/pages\/16557","targetHints":{"allow":["GET"]}}],"collection":[{"href":"https:\/\/www.reseau-mesure.com\/de\/wp-json\/wp\/v2\/pages"}],"about":[{"href":"https:\/\/www.reseau-mesure.com\/de\/wp-json\/wp\/v2\/types\/page"}],"author":[{"embeddable":true,"href":"https:\/\/www.reseau-mesure.com\/de\/wp-json\/wp\/v2\/users\/349"}],"replies":[{"embeddable":true,"href":"https:\/\/www.reseau-mesure.com\/de\/wp-json\/wp\/v2\/comments?post=16557"}],"version-history":[{"count":0,"href":"https:\/\/www.reseau-mesure.com\/de\/wp-json\/wp\/v2\/pages\/16557\/revisions"}],"wp:attachment":[{"href":"https:\/\/www.reseau-mesure.com\/de\/wp-json\/wp\/v2\/media?parent=16557"}],"curies":[{"name":"wp","href":"https:\/\/api.w.org\/{rel}","templated":true}]}}