{"id":16617,"date":"2022-04-04T11:34:25","date_gmt":"2022-04-04T09:34:25","guid":{"rendered":"https:\/\/www.reseau-mesure.com\/?page_id=16617"},"modified":"2022-07-20T16:58:06","modified_gmt":"2022-07-20T14:58:06","slug":"toutes-les-formations-de-bruker-axs","status":"publish","type":"page","link":"https:\/\/www.reseau-mesure.com\/de\/toutes-les-formations-de-bruker-axs\/","title":{"rendered":"Alle BRUKER AXS Schulungen"},"content":{"rendered":"<a href=\"https:\/\/www.bruker.com\/fr\/products-and-solutions\/mr.html\" target=\"_blank\" rel=\"noopener\" itemprop=\"url\">\n\t\t\t\t<img loading=\"lazy\" decoding=\"async\" src=\"https:\/\/www.reseau-mesure.com\/wp-content\/uploads\/2022\/02\/BRUKER-logo_rgb_300dpi-300x160.png\" alt=\"BRUKER logo_rgb_300dpi\" itemprop=\"image\" height=\"160\" width=\"300\" title=\"BRUKER logo_rgb_300dpi\" onerror=\"this.style.display='none'\"  \/>\n\t\t\t\t<\/a>\n\t<p>&nbsp;<\/p>\n<p><b>Les formations sur mesure propos\u00e9es par Bruker &#8211; AXS\u00a0<\/b><\/p>\n\t<p><strong>S8 TIGER Quantitative und semiquantitative Analyse\u00a0<\/strong><\/p>\n\t<p><strong>S8 TIGER 1st-Level-Wartung<\/strong><\/p>\n<p>&nbsp;<\/p>\n\t<p><strong>S2 PUMA - Quantitative Analyse<\/strong><\/p>\n<p>&nbsp;<\/p>\n\t<p><strong>S2 PUMA - Halbquantitative Analyse<\/strong><\/p>\n<p>&nbsp;<\/p>\n\t<p><strong>S2 PUMA \u2013 Quantitative und halbquantitative Analyse<\/strong><\/p>\n<p>&nbsp;<\/p>\n\t\t\t<a href=\"https:\/\/www.reseau-mesure.com\/de\/s8-tiger-analyse-quantitative-et-semiquantitative\/\" target=\"_blank\" role=\"button\" rel=\"noopener\">\n\t\t\t\t\t\t\tEntdecken Sie diese Ausbildung\n\t\t\t\t\t<\/a>\n\t\t\t<a href=\"https:\/\/www.reseau-mesure.com\/de\/s8-tiger-maintenance-1er-niveau-bruker-axs\/\" target=\"_blank\" role=\"button\" rel=\"noopener\">\n\t\t\t\t\t\t\tEntdecken Sie diese Ausbildung\n\t\t\t\t\t<\/a>\n\t\t\t<a href=\"https:\/\/www.reseau-mesure.com\/de\/s2-puma-analyse-quantitative-bruker-axs\/\" target=\"_blank\" role=\"button\" rel=\"noopener\">\n\t\t\t\t\t\t\tEntdecken Sie diese Ausbildung\n\t\t\t\t\t<\/a>\n\t\t\t<a href=\"https:\/\/www.reseau-mesure.com\/de\/s2-puma-analyse-semi-quantitative-bruker-axs\/\" target=\"_blank\" role=\"button\" rel=\"noopener\">\n\t\t\t\t\t\t\tEntdecken Sie diese Ausbildung\n\t\t\t\t\t<\/a>\n\t\t\t<a href=\"https:\/\/www.reseau-mesure.com\/de\/s2-puma-analyse-quantitative-et-semi-quantitative-bruker-axs\/\" target=\"_blank\" role=\"button\" rel=\"noopener\">\n\t\t\t\t\t\t\tEntdecken Sie diese Ausbildung\n\t\t\t\t\t<\/a>","protected":false},"excerpt":{"rendered":"<p>&nbsp; Ma\u00dfgeschneidertes Schulungsangebot von Bruker \u2013 AXS S8 TIGER Quantitative und semiquantitative Analyse S8 TIGER Maintenance 1st level S2 PUMA \u2013 Quantitative Analyse S2 PUMA \u2013 Semiquantitative Analyse S2 PUMA \u2013 Quantitative und semiquantitative Analyse Entdecken Sie diese Schulung Entdecken Sie diese Schulung Entdecken dieses Training Entdecken Sie dieses Training Entdecken Sie das\u2026<\/p>","protected":false},"author":349,"featured_media":0,"parent":0,"menu_order":0,"comment_status":"closed","ping_status":"closed","template":"","meta":{"_acf_changed":false,"footnotes":""},"class_list":["post-16617","page","type-page","status-publish","hentry"],"acf":[],"yoast_head":"<!-- This site is optimized with the Yoast SEO plugin v27.4 - https:\/\/yoast.com\/product\/yoast-seo-wordpress\/ -->\n<title>Formation - Toutes les formations de BRUKER AXS - R\u00e9seau Mesure<\/title>\n<meta name=\"description\" content=\"Les formations de BRUKER Pr\u00e9dictions quantitatives par moindres carr\u00e9s partiels (PLS) en proche infrarouge avec le RESEAU MESURE\" \/>\n<meta name=\"robots\" content=\"index, follow, max-snippet:-1, max-image-preview:large, max-video-preview:-1\" \/>\n<link rel=\"canonical\" href=\"https:\/\/www.reseau-mesure.com\/de\/toutes-les-formations-de-bruker-axs\/\" \/>\n<meta property=\"og:locale\" content=\"de_DE\" \/>\n<meta property=\"og:type\" content=\"article\" \/>\n<meta property=\"og:title\" content=\"Formation - Toutes les formations de BRUKER AXS - R\u00e9seau Mesure\" \/>\n<meta property=\"og:description\" content=\"Les formations de BRUKER Pr\u00e9dictions quantitatives par moindres carr\u00e9s partiels (PLS) en proche infrarouge avec le RESEAU MESURE\" \/>\n<meta property=\"og:url\" content=\"https:\/\/www.reseau-mesure.com\/de\/toutes-les-formations-de-bruker-axs\/\" \/>\n<meta property=\"og:site_name\" content=\"R\u00e9seau Mesure\" \/>\n<meta property=\"article:publisher\" content=\"https:\/\/www.facebook.com\/reseaumesure\/\" \/>\n<meta property=\"article:modified_time\" content=\"2022-07-20T14:58:06+00:00\" \/>\n<meta property=\"og:image\" content=\"https:\/\/www.reseau-mesure.com\/wp-content\/uploads\/2022\/02\/BRUKER-logo_rgb_300dpi-300x160.png\" \/>\n<meta name=\"twitter:card\" content=\"summary_large_image\" \/>\n<meta name=\"twitter:site\" content=\"@ReseauMesure\" \/>\n<meta name=\"twitter:label1\" content=\"Gesch\u00e4tzte Lesezeit\" \/>\n\t<meta name=\"twitter:data1\" content=\"1\u00a0Minute\" \/>\n<script type=\"application\/ld+json\" class=\"yoast-schema-graph\">{\"@context\":\"https:\\\/\\\/schema.org\",\"@graph\":[{\"@type\":\"WebPage\",\"@id\":\"https:\\\/\\\/www.reseau-mesure.com\\\/toutes-les-formations-de-bruker-axs\\\/\",\"url\":\"https:\\\/\\\/www.reseau-mesure.com\\\/toutes-les-formations-de-bruker-axs\\\/\",\"name\":\"Formation - Toutes les formations de BRUKER AXS - R\u00e9seau Mesure\",\"isPartOf\":{\"@id\":\"https:\\\/\\\/www.reseau-mesure.com\\\/#website\"},\"primaryImageOfPage\":{\"@id\":\"https:\\\/\\\/www.reseau-mesure.com\\\/toutes-les-formations-de-bruker-axs\\\/#primaryimage\"},\"image\":{\"@id\":\"https:\\\/\\\/www.reseau-mesure.com\\\/toutes-les-formations-de-bruker-axs\\\/#primaryimage\"},\"thumbnailUrl\":\"https:\\\/\\\/www.reseau-mesure.com\\\/wp-content\\\/uploads\\\/2022\\\/02\\\/BRUKER-logo_rgb_300dpi-300x160.png\",\"datePublished\":\"2022-04-04T09:34:25+00:00\",\"dateModified\":\"2022-07-20T14:58:06+00:00\",\"description\":\"Les formations de BRUKER Pr\u00e9dictions quantitatives par moindres carr\u00e9s partiels (PLS) en proche infrarouge avec le RESEAU MESURE\",\"breadcrumb\":{\"@id\":\"https:\\\/\\\/www.reseau-mesure.com\\\/toutes-les-formations-de-bruker-axs\\\/#breadcrumb\"},\"inLanguage\":\"de\",\"potentialAction\":[{\"@type\":\"ReadAction\",\"target\":[\"https:\\\/\\\/www.reseau-mesure.com\\\/toutes-les-formations-de-bruker-axs\\\/\"]}]},{\"@type\":\"ImageObject\",\"inLanguage\":\"de\",\"@id\":\"https:\\\/\\\/www.reseau-mesure.com\\\/toutes-les-formations-de-bruker-axs\\\/#primaryimage\",\"url\":\"https:\\\/\\\/www.reseau-mesure.com\\\/wp-content\\\/uploads\\\/2022\\\/02\\\/BRUKER-logo_rgb_300dpi-300x160.png\",\"contentUrl\":\"https:\\\/\\\/www.reseau-mesure.com\\\/wp-content\\\/uploads\\\/2022\\\/02\\\/BRUKER-logo_rgb_300dpi-300x160.png\"},{\"@type\":\"BreadcrumbList\",\"@id\":\"https:\\\/\\\/www.reseau-mesure.com\\\/toutes-les-formations-de-bruker-axs\\\/#breadcrumb\",\"itemListElement\":[{\"@type\":\"ListItem\",\"position\":1,\"name\":\"Accueil\",\"item\":\"https:\\\/\\\/www.reseau-mesure.com\\\/\"},{\"@type\":\"ListItem\",\"position\":2,\"name\":\"Toutes les formations de BRUKER AXS\"}]},{\"@type\":\"WebSite\",\"@id\":\"https:\\\/\\\/www.reseau-mesure.com\\\/#website\",\"url\":\"https:\\\/\\\/www.reseau-mesure.com\\\/\",\"name\":\"R\u00e9seau-Mesure\",\"description\":\"R\u00e9seau Mesure\",\"publisher\":{\"@id\":\"https:\\\/\\\/www.reseau-mesure.com\\\/#organization\"},\"potentialAction\":[{\"@type\":\"SearchAction\",\"target\":{\"@type\":\"EntryPoint\",\"urlTemplate\":\"https:\\\/\\\/www.reseau-mesure.com\\\/?s={search_term_string}\"},\"query-input\":{\"@type\":\"PropertyValueSpecification\",\"valueRequired\":true,\"valueName\":\"search_term_string\"}}],\"inLanguage\":\"de\"},{\"@type\":\"Organization\",\"@id\":\"https:\\\/\\\/www.reseau-mesure.com\\\/#organization\",\"name\":\"R\u00e9seau-Mesure\",\"url\":\"https:\\\/\\\/www.reseau-mesure.com\\\/\",\"logo\":{\"@type\":\"ImageObject\",\"inLanguage\":\"de\",\"@id\":\"https:\\\/\\\/www.reseau-mesure.com\\\/#\\\/schema\\\/logo\\\/image\\\/\",\"url\":\"https:\\\/\\\/www.reseau-mesure.com\\\/wp-content\\\/uploads\\\/2018\\\/02\\\/logo-max.png\",\"contentUrl\":\"https:\\\/\\\/www.reseau-mesure.com\\\/wp-content\\\/uploads\\\/2018\\\/02\\\/logo-max.png\",\"width\":545,\"height\":285,\"caption\":\"R\u00e9seau-Mesure\"},\"image\":{\"@id\":\"https:\\\/\\\/www.reseau-mesure.com\\\/#\\\/schema\\\/logo\\\/image\\\/\"},\"sameAs\":[\"https:\\\/\\\/www.facebook.com\\\/reseaumesure\\\/\",\"https:\\\/\\\/x.com\\\/ReseauMesure\",\"https:\\\/\\\/www.linkedin.com\\\/company\\\/reseau-mesure\\\/\"]}]}<\/script>\n<!-- \/ Yoast SEO plugin. -->","yoast_head_json":{"title":"Formation - Toutes les formations de BRUKER AXS - R\u00e9seau Mesure","description":"Les formations de BRUKER Pr\u00e9dictions quantitatives par moindres carr\u00e9s partiels (PLS) en proche infrarouge avec le RESEAU MESURE","robots":{"index":"index","follow":"follow","max-snippet":"max-snippet:-1","max-image-preview":"max-image-preview:large","max-video-preview":"max-video-preview:-1"},"canonical":"https:\/\/www.reseau-mesure.com\/de\/toutes-les-formations-de-bruker-axs\/","og_locale":"de_DE","og_type":"article","og_title":"Formation - Toutes les formations de BRUKER AXS - R\u00e9seau Mesure","og_description":"Les formations de BRUKER Pr\u00e9dictions quantitatives par moindres carr\u00e9s partiels (PLS) en proche infrarouge avec le RESEAU MESURE","og_url":"https:\/\/www.reseau-mesure.com\/de\/toutes-les-formations-de-bruker-axs\/","og_site_name":"R\u00e9seau Mesure","article_publisher":"https:\/\/www.facebook.com\/reseaumesure\/","article_modified_time":"2022-07-20T14:58:06+00:00","og_image":[{"url":"https:\/\/www.reseau-mesure.com\/wp-content\/uploads\/2022\/02\/BRUKER-logo_rgb_300dpi-300x160.png","type":"","width":"","height":""}],"twitter_card":"summary_large_image","twitter_site":"@ReseauMesure","twitter_misc":{"Gesch\u00e4tzte Lesezeit":"1\u00a0Minute"},"schema":{"@context":"https:\/\/schema.org","@graph":[{"@type":"WebPage","@id":"https:\/\/www.reseau-mesure.com\/toutes-les-formations-de-bruker-axs\/","url":"https:\/\/www.reseau-mesure.com\/toutes-les-formations-de-bruker-axs\/","name":"Formation - Toutes les formations de BRUKER AXS - R\u00e9seau Mesure","isPartOf":{"@id":"https:\/\/www.reseau-mesure.com\/#website"},"primaryImageOfPage":{"@id":"https:\/\/www.reseau-mesure.com\/toutes-les-formations-de-bruker-axs\/#primaryimage"},"image":{"@id":"https:\/\/www.reseau-mesure.com\/toutes-les-formations-de-bruker-axs\/#primaryimage"},"thumbnailUrl":"https:\/\/www.reseau-mesure.com\/wp-content\/uploads\/2022\/02\/BRUKER-logo_rgb_300dpi-300x160.png","datePublished":"2022-04-04T09:34:25+00:00","dateModified":"2022-07-20T14:58:06+00:00","description":"Les formations de BRUKER Pr\u00e9dictions quantitatives par moindres carr\u00e9s partiels (PLS) en proche infrarouge avec le RESEAU MESURE","breadcrumb":{"@id":"https:\/\/www.reseau-mesure.com\/toutes-les-formations-de-bruker-axs\/#breadcrumb"},"inLanguage":"de","potentialAction":[{"@type":"ReadAction","target":["https:\/\/www.reseau-mesure.com\/toutes-les-formations-de-bruker-axs\/"]}]},{"@type":"ImageObject","inLanguage":"de","@id":"https:\/\/www.reseau-mesure.com\/toutes-les-formations-de-bruker-axs\/#primaryimage","url":"https:\/\/www.reseau-mesure.com\/wp-content\/uploads\/2022\/02\/BRUKER-logo_rgb_300dpi-300x160.png","contentUrl":"https:\/\/www.reseau-mesure.com\/wp-content\/uploads\/2022\/02\/BRUKER-logo_rgb_300dpi-300x160.png"},{"@type":"BreadcrumbList","@id":"https:\/\/www.reseau-mesure.com\/toutes-les-formations-de-bruker-axs\/#breadcrumb","itemListElement":[{"@type":"ListItem","position":1,"name":"Accueil","item":"https:\/\/www.reseau-mesure.com\/"},{"@type":"ListItem","position":2,"name":"Toutes les formations de BRUKER AXS"}]},{"@type":"WebSite","@id":"https:\/\/www.reseau-mesure.com\/#website","url":"https:\/\/www.reseau-mesure.com\/","name":"Netzwerk-Messung","description":"Netzwerkma\u00dfnahme","publisher":{"@id":"https:\/\/www.reseau-mesure.com\/#organization"},"potentialAction":[{"@type":"SearchAction","target":{"@type":"EntryPoint","urlTemplate":"https:\/\/www.reseau-mesure.com\/?s={search_term_string}"},"query-input":{"@type":"PropertyValueSpecification","valueRequired":true,"valueName":"search_term_string"}}],"inLanguage":"de"},{"@type":"Organization","@id":"https:\/\/www.reseau-mesure.com\/#organization","name":"Netzwerk-Messung","url":"https:\/\/www.reseau-mesure.com\/","logo":{"@type":"ImageObject","inLanguage":"de","@id":"https:\/\/www.reseau-mesure.com\/#\/schema\/logo\/image\/","url":"https:\/\/www.reseau-mesure.com\/wp-content\/uploads\/2018\/02\/logo-max.png","contentUrl":"https:\/\/www.reseau-mesure.com\/wp-content\/uploads\/2018\/02\/logo-max.png","width":545,"height":285,"caption":"R\u00e9seau-Mesure"},"image":{"@id":"https:\/\/www.reseau-mesure.com\/#\/schema\/logo\/image\/"},"sameAs":["https:\/\/www.facebook.com\/reseaumesure\/","https:\/\/x.com\/ReseauMesure","https:\/\/www.linkedin.com\/company\/reseau-mesure\/"]}]}},"_links":{"self":[{"href":"https:\/\/www.reseau-mesure.com\/de\/wp-json\/wp\/v2\/pages\/16617","targetHints":{"allow":["GET"]}}],"collection":[{"href":"https:\/\/www.reseau-mesure.com\/de\/wp-json\/wp\/v2\/pages"}],"about":[{"href":"https:\/\/www.reseau-mesure.com\/de\/wp-json\/wp\/v2\/types\/page"}],"author":[{"embeddable":true,"href":"https:\/\/www.reseau-mesure.com\/de\/wp-json\/wp\/v2\/users\/349"}],"replies":[{"embeddable":true,"href":"https:\/\/www.reseau-mesure.com\/de\/wp-json\/wp\/v2\/comments?post=16617"}],"version-history":[{"count":0,"href":"https:\/\/www.reseau-mesure.com\/de\/wp-json\/wp\/v2\/pages\/16617\/revisions"}],"wp:attachment":[{"href":"https:\/\/www.reseau-mesure.com\/de\/wp-json\/wp\/v2\/media?parent=16617"}],"curies":[{"name":"wp","href":"https:\/\/api.w.org\/{rel}","templated":true}]}}