{"id":16741,"date":"2022-04-15T15:36:32","date_gmt":"2022-04-15T13:36:32","guid":{"rendered":"https:\/\/www.reseau-mesure.com\/?page_id=16741"},"modified":"2023-01-20T17:12:44","modified_gmt":"2023-01-20T16:12:44","slug":"mieux-se-connaitre-pour-mieux-communiquer-talena","status":"publish","type":"page","link":"https:\/\/www.reseau-mesure.com\/de\/mieux-se-connaitre-pour-mieux-communiquer-talena\/","title":{"rendered":"Lernen Sie sich besser kennen, um besser zu kommunizieren - Talena"},"content":{"rendered":"<a href=\"https:\/\/www.bruker.com\/fr\/products-and-solutions\/mr.html\" target=\"_blank\" rel=\"noopener\" itemprop=\"url\">\n\t\t\t\t<img loading=\"lazy\" decoding=\"async\" src=\"https:\/\/www.reseau-mesure.com\/wp-content\/uploads\/2022\/04\/talena-300x143.jpg\" alt=\"talena\" itemprop=\"image\" height=\"143\" width=\"300\" title=\"Talena\" onerror=\"this.style.display='none'\"  \/>\n\t\t\t\t<\/a>\n\t<p>&nbsp;<\/p>\n<h1><strong>Lernen Sie sich besser kennen, um besser zu kommunizieren<\/strong><\/h1>\n\t<p>&nbsp;<\/p>\n<table width=\"100%\">\n<tbody>\n<tr>\n<td><strong>Dieses Training richtet sich an alle, die daran interessiert sind, die Auswirkungen emotionaler und relationaler Intelligenz in der Zusammenarbeit zu reflektieren. Dieses im Team durchgef\u00fchrte Training erm\u00f6glicht es den Teilnehmern, gemeinsame Bezugspunkte in der Kommunikation zu schaffen.<\/strong>\n<p><b>R\u00e9seau Mesure wird als QUALIOPI-zertifiziertes Schulungszentrum bezeichnet, das die Unterst\u00fctzung durch Ihren OPCO erm\u00f6glicht.<\/b><\/p>\n<p><strong>Anzahl der Auszubildenden pro Sitzung:<\/strong> Schulung exklusiv f\u00fcr ein Unternehmen.<\/p>\n<p><strong>Die Schulungstermine sind mit dem Trainer der Firma TALENA abzustimmen.\u00a0<\/strong><\/p>\n<p>evaluation 2022 : 7 stagiaires &#8211; 19.1\/20<\/p>\n<strong>Das Programm kann an die Bed\u00fcrfnisse des Unternehmens angepasst werden.<\/strong><\/td>\n<\/tr>\n<tr>\n\n<\/tr>\n<\/tbody>\n<\/table>\n\t\t\t<a href=\"https:\/\/www.reseau-mesure.com\/wp-content\/uploads\/2022\/04\/Presentation-Mieux-se-connaitre-afin-de-mieux-communiquer-v1-2022.pdf\" target=\"_blank\" role=\"button\" rel=\"noopener\">\n\t\t\t\t\t\t\tPr\u00e4sentation\n\t\t\t\t\t<\/a>\n\t\t\t<a href=\"https:\/\/www.reseau-mesure.com\/wp-content\/uploads\/2021\/06\/progr-Mieux-se-connaitre-mieux-communiquer-v1-2022.pdf\" target=\"_blank\" role=\"button\" rel=\"noopener\">\n\t\t\t\t\t\t\tProgrammtyp\n\t\t\t\t\t<\/a>\n\t\t\t<a href=\"mailto:aklawson@talena-management.com\" target=\"_blank\" role=\"button\" rel=\"noopener\">\n\t\t\t\t\t\t\tAbonnementanfrage\n\t\t\t\t\t<\/a>","protected":false},"excerpt":{"rendered":"<p>&nbsp; Sich besser kennenlernen, um besser zu kommunizieren Dieses Training richtet sich an alle, die daran interessiert sind, die Auswirkungen emotionaler und relationaler Intelligenz in der Zusammenarbeit zu reflektieren. Dieses im Team durchgef\u00fchrte Training erm\u00f6glicht es den Teilnehmern, gemeinsame Bezugspunkte in der Kommunikation zu schaffen. Messnetz wird referenziert\u2026<\/p>","protected":false},"author":349,"featured_media":0,"parent":0,"menu_order":0,"comment_status":"closed","ping_status":"closed","template":"","meta":{"_acf_changed":false,"footnotes":""},"class_list":["post-16741","page","type-page","status-publish","hentry"],"acf":[],"yoast_head":"<!-- This site is optimized with the Yoast SEO plugin v27.3 - https:\/\/yoast.com\/product\/yoast-seo-wordpress\/ -->\n<title>Formation - Mieux se conna\u00eetre pour mieux communiquer-Talena - R\u00e9seau Mesure<\/title>\n<meta name=\"description\" content=\"Mieux se conna\u00eetre pour mieux communiquer identifier les principaux freins \u00e0 la coop\u00e9ration afin de mieux les r\u00e9guler\" \/>\n<meta name=\"robots\" content=\"index, follow, max-snippet:-1, max-image-preview:large, max-video-preview:-1\" \/>\n<link rel=\"canonical\" href=\"https:\/\/www.reseau-mesure.com\/de\/mieux-se-connaitre-pour-mieux-communiquer-talena\/\" \/>\n<meta property=\"og:locale\" content=\"de_DE\" \/>\n<meta property=\"og:type\" content=\"article\" \/>\n<meta property=\"og:title\" content=\"Formation - Mieux se conna\u00eetre pour mieux communiquer-Talena - R\u00e9seau Mesure\" \/>\n<meta property=\"og:description\" content=\"Mieux se conna\u00eetre pour mieux communiquer identifier les principaux freins \u00e0 la coop\u00e9ration afin de mieux les r\u00e9guler\" \/>\n<meta property=\"og:url\" content=\"https:\/\/www.reseau-mesure.com\/de\/mieux-se-connaitre-pour-mieux-communiquer-talena\/\" \/>\n<meta property=\"og:site_name\" content=\"R\u00e9seau Mesure\" \/>\n<meta property=\"article:publisher\" content=\"https:\/\/www.facebook.com\/reseaumesure\/\" \/>\n<meta property=\"article:modified_time\" content=\"2023-01-20T16:12:44+00:00\" \/>\n<meta property=\"og:image\" content=\"https:\/\/www.reseau-mesure.com\/wp-content\/uploads\/2022\/04\/talena-300x143.jpg\" \/>\n<meta name=\"twitter:card\" content=\"summary_large_image\" \/>\n<meta name=\"twitter:site\" content=\"@ReseauMesure\" \/>\n<meta name=\"twitter:label1\" content=\"Gesch\u00e4tzte Lesezeit\" \/>\n\t<meta name=\"twitter:data1\" content=\"1\u00a0Minute\" \/>\n<script type=\"application\/ld+json\" class=\"yoast-schema-graph\">{\"@context\":\"https:\\\/\\\/schema.org\",\"@graph\":[{\"@type\":\"WebPage\",\"@id\":\"https:\\\/\\\/www.reseau-mesure.com\\\/mieux-se-connaitre-pour-mieux-communiquer-talena\\\/\",\"url\":\"https:\\\/\\\/www.reseau-mesure.com\\\/mieux-se-connaitre-pour-mieux-communiquer-talena\\\/\",\"name\":\"Formation - Mieux se conna\u00eetre pour mieux communiquer-Talena - R\u00e9seau Mesure\",\"isPartOf\":{\"@id\":\"https:\\\/\\\/www.reseau-mesure.com\\\/#website\"},\"primaryImageOfPage\":{\"@id\":\"https:\\\/\\\/www.reseau-mesure.com\\\/mieux-se-connaitre-pour-mieux-communiquer-talena\\\/#primaryimage\"},\"image\":{\"@id\":\"https:\\\/\\\/www.reseau-mesure.com\\\/mieux-se-connaitre-pour-mieux-communiquer-talena\\\/#primaryimage\"},\"thumbnailUrl\":\"https:\\\/\\\/www.reseau-mesure.com\\\/wp-content\\\/uploads\\\/2022\\\/04\\\/talena-300x143.jpg\",\"datePublished\":\"2022-04-15T13:36:32+00:00\",\"dateModified\":\"2023-01-20T16:12:44+00:00\",\"description\":\"Mieux se conna\u00eetre pour mieux communiquer identifier les principaux freins \u00e0 la coop\u00e9ration afin de mieux les r\u00e9guler\",\"breadcrumb\":{\"@id\":\"https:\\\/\\\/www.reseau-mesure.com\\\/mieux-se-connaitre-pour-mieux-communiquer-talena\\\/#breadcrumb\"},\"inLanguage\":\"de\",\"potentialAction\":[{\"@type\":\"ReadAction\",\"target\":[\"https:\\\/\\\/www.reseau-mesure.com\\\/mieux-se-connaitre-pour-mieux-communiquer-talena\\\/\"]}]},{\"@type\":\"ImageObject\",\"inLanguage\":\"de\",\"@id\":\"https:\\\/\\\/www.reseau-mesure.com\\\/mieux-se-connaitre-pour-mieux-communiquer-talena\\\/#primaryimage\",\"url\":\"https:\\\/\\\/www.reseau-mesure.com\\\/wp-content\\\/uploads\\\/2022\\\/04\\\/talena-300x143.jpg\",\"contentUrl\":\"https:\\\/\\\/www.reseau-mesure.com\\\/wp-content\\\/uploads\\\/2022\\\/04\\\/talena-300x143.jpg\"},{\"@type\":\"BreadcrumbList\",\"@id\":\"https:\\\/\\\/www.reseau-mesure.com\\\/mieux-se-connaitre-pour-mieux-communiquer-talena\\\/#breadcrumb\",\"itemListElement\":[{\"@type\":\"ListItem\",\"position\":1,\"name\":\"Accueil\",\"item\":\"https:\\\/\\\/www.reseau-mesure.com\\\/\"},{\"@type\":\"ListItem\",\"position\":2,\"name\":\"Mieux se conna\u00eetre pour mieux communiquer-Talena\"}]},{\"@type\":\"WebSite\",\"@id\":\"https:\\\/\\\/www.reseau-mesure.com\\\/#website\",\"url\":\"https:\\\/\\\/www.reseau-mesure.com\\\/\",\"name\":\"R\u00e9seau-Mesure\",\"description\":\"R\u00e9seau Mesure\",\"publisher\":{\"@id\":\"https:\\\/\\\/www.reseau-mesure.com\\\/#organization\"},\"potentialAction\":[{\"@type\":\"SearchAction\",\"target\":{\"@type\":\"EntryPoint\",\"urlTemplate\":\"https:\\\/\\\/www.reseau-mesure.com\\\/?s={search_term_string}\"},\"query-input\":{\"@type\":\"PropertyValueSpecification\",\"valueRequired\":true,\"valueName\":\"search_term_string\"}}],\"inLanguage\":\"de\"},{\"@type\":\"Organization\",\"@id\":\"https:\\\/\\\/www.reseau-mesure.com\\\/#organization\",\"name\":\"R\u00e9seau-Mesure\",\"url\":\"https:\\\/\\\/www.reseau-mesure.com\\\/\",\"logo\":{\"@type\":\"ImageObject\",\"inLanguage\":\"de\",\"@id\":\"https:\\\/\\\/www.reseau-mesure.com\\\/#\\\/schema\\\/logo\\\/image\\\/\",\"url\":\"https:\\\/\\\/www.reseau-mesure.com\\\/wp-content\\\/uploads\\\/2018\\\/02\\\/logo-max.png\",\"contentUrl\":\"https:\\\/\\\/www.reseau-mesure.com\\\/wp-content\\\/uploads\\\/2018\\\/02\\\/logo-max.png\",\"width\":545,\"height\":285,\"caption\":\"R\u00e9seau-Mesure\"},\"image\":{\"@id\":\"https:\\\/\\\/www.reseau-mesure.com\\\/#\\\/schema\\\/logo\\\/image\\\/\"},\"sameAs\":[\"https:\\\/\\\/www.facebook.com\\\/reseaumesure\\\/\",\"https:\\\/\\\/x.com\\\/ReseauMesure\",\"https:\\\/\\\/www.linkedin.com\\\/company\\\/reseau-mesure\\\/\"]}]}<\/script>\n<!-- \/ Yoast SEO plugin. -->","yoast_head_json":{"title":"Formation - Mieux se conna\u00eetre pour mieux communiquer-Talena - R\u00e9seau Mesure","description":"Mieux se conna\u00eetre pour mieux communiquer identifier les principaux freins \u00e0 la coop\u00e9ration afin de mieux les r\u00e9guler","robots":{"index":"index","follow":"follow","max-snippet":"max-snippet:-1","max-image-preview":"max-image-preview:large","max-video-preview":"max-video-preview:-1"},"canonical":"https:\/\/www.reseau-mesure.com\/de\/mieux-se-connaitre-pour-mieux-communiquer-talena\/","og_locale":"de_DE","og_type":"article","og_title":"Formation - Mieux se conna\u00eetre pour mieux communiquer-Talena - R\u00e9seau Mesure","og_description":"Mieux se conna\u00eetre pour mieux communiquer identifier les principaux freins \u00e0 la coop\u00e9ration afin de mieux les r\u00e9guler","og_url":"https:\/\/www.reseau-mesure.com\/de\/mieux-se-connaitre-pour-mieux-communiquer-talena\/","og_site_name":"R\u00e9seau Mesure","article_publisher":"https:\/\/www.facebook.com\/reseaumesure\/","article_modified_time":"2023-01-20T16:12:44+00:00","og_image":[{"url":"https:\/\/www.reseau-mesure.com\/wp-content\/uploads\/2022\/04\/talena-300x143.jpg","type":"","width":"","height":""}],"twitter_card":"summary_large_image","twitter_site":"@ReseauMesure","twitter_misc":{"Gesch\u00e4tzte Lesezeit":"1\u00a0Minute"},"schema":{"@context":"https:\/\/schema.org","@graph":[{"@type":"WebPage","@id":"https:\/\/www.reseau-mesure.com\/mieux-se-connaitre-pour-mieux-communiquer-talena\/","url":"https:\/\/www.reseau-mesure.com\/mieux-se-connaitre-pour-mieux-communiquer-talena\/","name":"Formation - Mieux se conna\u00eetre pour mieux communiquer-Talena - R\u00e9seau Mesure","isPartOf":{"@id":"https:\/\/www.reseau-mesure.com\/#website"},"primaryImageOfPage":{"@id":"https:\/\/www.reseau-mesure.com\/mieux-se-connaitre-pour-mieux-communiquer-talena\/#primaryimage"},"image":{"@id":"https:\/\/www.reseau-mesure.com\/mieux-se-connaitre-pour-mieux-communiquer-talena\/#primaryimage"},"thumbnailUrl":"https:\/\/www.reseau-mesure.com\/wp-content\/uploads\/2022\/04\/talena-300x143.jpg","datePublished":"2022-04-15T13:36:32+00:00","dateModified":"2023-01-20T16:12:44+00:00","description":"Mieux se conna\u00eetre pour mieux communiquer identifier les principaux freins \u00e0 la coop\u00e9ration afin de mieux les r\u00e9guler","breadcrumb":{"@id":"https:\/\/www.reseau-mesure.com\/mieux-se-connaitre-pour-mieux-communiquer-talena\/#breadcrumb"},"inLanguage":"de","potentialAction":[{"@type":"ReadAction","target":["https:\/\/www.reseau-mesure.com\/mieux-se-connaitre-pour-mieux-communiquer-talena\/"]}]},{"@type":"ImageObject","inLanguage":"de","@id":"https:\/\/www.reseau-mesure.com\/mieux-se-connaitre-pour-mieux-communiquer-talena\/#primaryimage","url":"https:\/\/www.reseau-mesure.com\/wp-content\/uploads\/2022\/04\/talena-300x143.jpg","contentUrl":"https:\/\/www.reseau-mesure.com\/wp-content\/uploads\/2022\/04\/talena-300x143.jpg"},{"@type":"BreadcrumbList","@id":"https:\/\/www.reseau-mesure.com\/mieux-se-connaitre-pour-mieux-communiquer-talena\/#breadcrumb","itemListElement":[{"@type":"ListItem","position":1,"name":"Accueil","item":"https:\/\/www.reseau-mesure.com\/"},{"@type":"ListItem","position":2,"name":"Mieux se conna\u00eetre pour mieux communiquer-Talena"}]},{"@type":"WebSite","@id":"https:\/\/www.reseau-mesure.com\/#website","url":"https:\/\/www.reseau-mesure.com\/","name":"Netzwerk-Messung","description":"Netzwerkma\u00dfnahme","publisher":{"@id":"https:\/\/www.reseau-mesure.com\/#organization"},"potentialAction":[{"@type":"SearchAction","target":{"@type":"EntryPoint","urlTemplate":"https:\/\/www.reseau-mesure.com\/?s={search_term_string}"},"query-input":{"@type":"PropertyValueSpecification","valueRequired":true,"valueName":"search_term_string"}}],"inLanguage":"de"},{"@type":"Organization","@id":"https:\/\/www.reseau-mesure.com\/#organization","name":"Netzwerk-Messung","url":"https:\/\/www.reseau-mesure.com\/","logo":{"@type":"ImageObject","inLanguage":"de","@id":"https:\/\/www.reseau-mesure.com\/#\/schema\/logo\/image\/","url":"https:\/\/www.reseau-mesure.com\/wp-content\/uploads\/2018\/02\/logo-max.png","contentUrl":"https:\/\/www.reseau-mesure.com\/wp-content\/uploads\/2018\/02\/logo-max.png","width":545,"height":285,"caption":"R\u00e9seau-Mesure"},"image":{"@id":"https:\/\/www.reseau-mesure.com\/#\/schema\/logo\/image\/"},"sameAs":["https:\/\/www.facebook.com\/reseaumesure\/","https:\/\/x.com\/ReseauMesure","https:\/\/www.linkedin.com\/company\/reseau-mesure\/"]}]}},"_links":{"self":[{"href":"https:\/\/www.reseau-mesure.com\/de\/wp-json\/wp\/v2\/pages\/16741","targetHints":{"allow":["GET"]}}],"collection":[{"href":"https:\/\/www.reseau-mesure.com\/de\/wp-json\/wp\/v2\/pages"}],"about":[{"href":"https:\/\/www.reseau-mesure.com\/de\/wp-json\/wp\/v2\/types\/page"}],"author":[{"embeddable":true,"href":"https:\/\/www.reseau-mesure.com\/de\/wp-json\/wp\/v2\/users\/349"}],"replies":[{"embeddable":true,"href":"https:\/\/www.reseau-mesure.com\/de\/wp-json\/wp\/v2\/comments?post=16741"}],"version-history":[{"count":0,"href":"https:\/\/www.reseau-mesure.com\/de\/wp-json\/wp\/v2\/pages\/16741\/revisions"}],"wp:attachment":[{"href":"https:\/\/www.reseau-mesure.com\/de\/wp-json\/wp\/v2\/media?parent=16741"}],"curies":[{"name":"wp","href":"https:\/\/api.w.org\/{rel}","templated":true}]}}