{"id":16914,"date":"2022-05-09T10:49:11","date_gmt":"2022-05-09T08:49:11","guid":{"rendered":"https:\/\/www.reseau-mesure.com\/?page_id=16914"},"modified":"2023-10-20T17:29:29","modified_gmt":"2023-10-20T15:29:29","slug":"toutes-les-formations-de-thermokrasia","status":"publish","type":"page","link":"https:\/\/www.reseau-mesure.com\/de\/toutes-les-formations-de-thermokrasia\/","title":{"rendered":"Alle Thermokrasia-Kurse"},"content":{"rendered":"<a href=\"https:\/\/www.reseau-mesure.com\/de\/toutes-les-formations-de-thermokrasia\/\" target=\"_blank\" rel=\"noopener\" itemprop=\"url\">\n\t\t\t\t<img loading=\"lazy\" decoding=\"async\" src=\"https:\/\/www.reseau-mesure.com\/wp-content\/uploads\/2022\/05\/thermokrasia-265x300.png\" alt=\"thermokrasia\" itemprop=\"image\" height=\"300\" width=\"265\" title=\"Thermokrasie\" onerror=\"this.style.display='none'\"  \/>\n\t\t\t\t<\/a>\n\t<p>&nbsp;<\/p>\n<p><b>Ma\u00dfgeschneiderte Schulungen von Thermokrasia\u00a0<\/b><\/p>\n\t<p><strong>Infrarot-Thermografie f\u00fcr die Industrie: Stufe 1<\/strong><\/p>\n\t<p><strong>Infrarot-Thermografie f\u00fcr die Industrie: Stufe 2<\/strong><\/p>\n\t<p><strong>Infrarot-Thermografie f\u00fcr die Industrie: Stufe 3<\/strong><\/p>\n\t\t\t<a href=\"https:\/\/www.reseau-mesure.com\/de\/thermographie-infrarouge-pour-lindustrie-les-bases-et-bonnes-pratiques\/\" target=\"_blank\" rel=\"noopener\">\n\t\t\t\t\t\t\tEntdecken Sie diese Ausbildung\n\t\t\t\t\t<\/a>\n\t\t\t<a href=\"https:\/\/www.reseau-mesure.com\/de\/thermographie-infrarouge-pour-lindustrie-niveau-2\/\" target=\"_blank\" rel=\"noopener\">\n\t\t\t\t\t\t\tEntdecken Sie diese Ausbildung\n\t\t\t\t\t<\/a>\n\t\t\t<a href=\"https:\/\/www.reseau-mesure.com\/de\/thermographie-infrarouge-pour-lindustrie-niveau-3\/\" target=\"_blank\" rel=\"noopener\">\n\t\t\t\t\t\t\tEntdecken Sie diese Ausbildung\n\t\t\t\t\t<\/a>","protected":false},"excerpt":{"rendered":"<p>&nbsp; Ma\u00dfgeschneiderte Schulungen von Thermokrasia Infrarot-Thermografie f\u00fcr die Industrie: Stufe 1 Infrarot-Thermografie f\u00fcr die Industrie: Stufe 2 Infrarot-Thermografie f\u00fcr die Industrie: Stufe 3 Entdecken Sie diese Schulung. Entdecken Sie diese Schulung. Entdecken Sie diese Schulung<\/p>","protected":false},"author":349,"featured_media":0,"parent":0,"menu_order":0,"comment_status":"closed","ping_status":"closed","template":"","meta":{"_acf_changed":false,"footnotes":""},"class_list":["post-16914","page","type-page","status-publish","hentry"],"acf":[],"yoast_head":"<!-- This site is optimized with the Yoast SEO plugin v27.4 - https:\/\/yoast.com\/product\/yoast-seo-wordpress\/ -->\n<title>Formation - Toutes les formations de Thermokrasia - R\u00e9seau Mesure<\/title>\n<meta name=\"description\" content=\"Toutes les formations de Thermokrasia, adh\u00e9rent du Reseau Mesure pour la thermographie infrarouge pour l&#039;industrie\" \/>\n<meta name=\"robots\" content=\"index, follow, max-snippet:-1, max-image-preview:large, max-video-preview:-1\" \/>\n<link rel=\"canonical\" href=\"https:\/\/www.reseau-mesure.com\/de\/toutes-les-formations-de-thermokrasia\/\" \/>\n<meta property=\"og:locale\" content=\"de_DE\" \/>\n<meta property=\"og:type\" content=\"article\" \/>\n<meta property=\"og:title\" content=\"Formation - Toutes les formations de Thermokrasia - R\u00e9seau Mesure\" \/>\n<meta property=\"og:description\" content=\"Toutes les formations de Thermokrasia, adh\u00e9rent du Reseau Mesure pour la thermographie infrarouge pour l&#039;industrie\" \/>\n<meta property=\"og:url\" content=\"https:\/\/www.reseau-mesure.com\/de\/toutes-les-formations-de-thermokrasia\/\" \/>\n<meta property=\"og:site_name\" content=\"R\u00e9seau Mesure\" \/>\n<meta property=\"article:publisher\" content=\"https:\/\/www.facebook.com\/reseaumesure\/\" \/>\n<meta property=\"article:modified_time\" content=\"2023-10-20T15:29:29+00:00\" \/>\n<meta property=\"og:image\" content=\"https:\/\/www.reseau-mesure.com\/wp-content\/uploads\/2022\/05\/thermokrasia-265x300.png\" \/>\n<meta name=\"twitter:card\" content=\"summary_large_image\" \/>\n<meta name=\"twitter:site\" content=\"@ReseauMesure\" \/>\n<meta name=\"twitter:label1\" content=\"Gesch\u00e4tzte Lesezeit\" \/>\n\t<meta name=\"twitter:data1\" content=\"1\u00a0Minute\" \/>\n<script type=\"application\/ld+json\" class=\"yoast-schema-graph\">{\"@context\":\"https:\\\/\\\/schema.org\",\"@graph\":[{\"@type\":\"WebPage\",\"@id\":\"https:\\\/\\\/www.reseau-mesure.com\\\/toutes-les-formations-de-thermokrasia\\\/\",\"url\":\"https:\\\/\\\/www.reseau-mesure.com\\\/toutes-les-formations-de-thermokrasia\\\/\",\"name\":\"Formation - Toutes les formations de Thermokrasia - R\u00e9seau Mesure\",\"isPartOf\":{\"@id\":\"https:\\\/\\\/www.reseau-mesure.com\\\/#website\"},\"primaryImageOfPage\":{\"@id\":\"https:\\\/\\\/www.reseau-mesure.com\\\/toutes-les-formations-de-thermokrasia\\\/#primaryimage\"},\"image\":{\"@id\":\"https:\\\/\\\/www.reseau-mesure.com\\\/toutes-les-formations-de-thermokrasia\\\/#primaryimage\"},\"thumbnailUrl\":\"https:\\\/\\\/www.reseau-mesure.com\\\/wp-content\\\/uploads\\\/2022\\\/05\\\/thermokrasia-265x300.png\",\"datePublished\":\"2022-05-09T08:49:11+00:00\",\"dateModified\":\"2023-10-20T15:29:29+00:00\",\"description\":\"Toutes les formations de Thermokrasia, adh\u00e9rent du Reseau Mesure pour la thermographie infrarouge pour l'industrie\",\"breadcrumb\":{\"@id\":\"https:\\\/\\\/www.reseau-mesure.com\\\/toutes-les-formations-de-thermokrasia\\\/#breadcrumb\"},\"inLanguage\":\"de\",\"potentialAction\":[{\"@type\":\"ReadAction\",\"target\":[\"https:\\\/\\\/www.reseau-mesure.com\\\/toutes-les-formations-de-thermokrasia\\\/\"]}]},{\"@type\":\"ImageObject\",\"inLanguage\":\"de\",\"@id\":\"https:\\\/\\\/www.reseau-mesure.com\\\/toutes-les-formations-de-thermokrasia\\\/#primaryimage\",\"url\":\"https:\\\/\\\/www.reseau-mesure.com\\\/wp-content\\\/uploads\\\/2022\\\/05\\\/thermokrasia-265x300.png\",\"contentUrl\":\"https:\\\/\\\/www.reseau-mesure.com\\\/wp-content\\\/uploads\\\/2022\\\/05\\\/thermokrasia-265x300.png\"},{\"@type\":\"BreadcrumbList\",\"@id\":\"https:\\\/\\\/www.reseau-mesure.com\\\/toutes-les-formations-de-thermokrasia\\\/#breadcrumb\",\"itemListElement\":[{\"@type\":\"ListItem\",\"position\":1,\"name\":\"Accueil\",\"item\":\"https:\\\/\\\/www.reseau-mesure.com\\\/\"},{\"@type\":\"ListItem\",\"position\":2,\"name\":\"Toutes les formations de Thermokrasia\"}]},{\"@type\":\"WebSite\",\"@id\":\"https:\\\/\\\/www.reseau-mesure.com\\\/#website\",\"url\":\"https:\\\/\\\/www.reseau-mesure.com\\\/\",\"name\":\"R\u00e9seau-Mesure\",\"description\":\"R\u00e9seau Mesure\",\"publisher\":{\"@id\":\"https:\\\/\\\/www.reseau-mesure.com\\\/#organization\"},\"potentialAction\":[{\"@type\":\"SearchAction\",\"target\":{\"@type\":\"EntryPoint\",\"urlTemplate\":\"https:\\\/\\\/www.reseau-mesure.com\\\/?s={search_term_string}\"},\"query-input\":{\"@type\":\"PropertyValueSpecification\",\"valueRequired\":true,\"valueName\":\"search_term_string\"}}],\"inLanguage\":\"de\"},{\"@type\":\"Organization\",\"@id\":\"https:\\\/\\\/www.reseau-mesure.com\\\/#organization\",\"name\":\"R\u00e9seau-Mesure\",\"url\":\"https:\\\/\\\/www.reseau-mesure.com\\\/\",\"logo\":{\"@type\":\"ImageObject\",\"inLanguage\":\"de\",\"@id\":\"https:\\\/\\\/www.reseau-mesure.com\\\/#\\\/schema\\\/logo\\\/image\\\/\",\"url\":\"https:\\\/\\\/www.reseau-mesure.com\\\/wp-content\\\/uploads\\\/2018\\\/02\\\/logo-max.png\",\"contentUrl\":\"https:\\\/\\\/www.reseau-mesure.com\\\/wp-content\\\/uploads\\\/2018\\\/02\\\/logo-max.png\",\"width\":545,\"height\":285,\"caption\":\"R\u00e9seau-Mesure\"},\"image\":{\"@id\":\"https:\\\/\\\/www.reseau-mesure.com\\\/#\\\/schema\\\/logo\\\/image\\\/\"},\"sameAs\":[\"https:\\\/\\\/www.facebook.com\\\/reseaumesure\\\/\",\"https:\\\/\\\/x.com\\\/ReseauMesure\",\"https:\\\/\\\/www.linkedin.com\\\/company\\\/reseau-mesure\\\/\"]}]}<\/script>\n<!-- \/ Yoast SEO plugin. -->","yoast_head_json":{"title":"Formation - Toutes les formations de Thermokrasia - R\u00e9seau Mesure","description":"Toutes les formations de Thermokrasia, adh\u00e9rent du Reseau Mesure pour la thermographie infrarouge pour l'industrie","robots":{"index":"index","follow":"follow","max-snippet":"max-snippet:-1","max-image-preview":"max-image-preview:large","max-video-preview":"max-video-preview:-1"},"canonical":"https:\/\/www.reseau-mesure.com\/de\/toutes-les-formations-de-thermokrasia\/","og_locale":"de_DE","og_type":"article","og_title":"Formation - Toutes les formations de Thermokrasia - R\u00e9seau Mesure","og_description":"Toutes les formations de Thermokrasia, adh\u00e9rent du Reseau Mesure pour la thermographie infrarouge pour l'industrie","og_url":"https:\/\/www.reseau-mesure.com\/de\/toutes-les-formations-de-thermokrasia\/","og_site_name":"R\u00e9seau Mesure","article_publisher":"https:\/\/www.facebook.com\/reseaumesure\/","article_modified_time":"2023-10-20T15:29:29+00:00","og_image":[{"url":"https:\/\/www.reseau-mesure.com\/wp-content\/uploads\/2022\/05\/thermokrasia-265x300.png","type":"","width":"","height":""}],"twitter_card":"summary_large_image","twitter_site":"@ReseauMesure","twitter_misc":{"Gesch\u00e4tzte Lesezeit":"1\u00a0Minute"},"schema":{"@context":"https:\/\/schema.org","@graph":[{"@type":"WebPage","@id":"https:\/\/www.reseau-mesure.com\/toutes-les-formations-de-thermokrasia\/","url":"https:\/\/www.reseau-mesure.com\/toutes-les-formations-de-thermokrasia\/","name":"Formation - Toutes les formations de Thermokrasia - R\u00e9seau Mesure","isPartOf":{"@id":"https:\/\/www.reseau-mesure.com\/#website"},"primaryImageOfPage":{"@id":"https:\/\/www.reseau-mesure.com\/toutes-les-formations-de-thermokrasia\/#primaryimage"},"image":{"@id":"https:\/\/www.reseau-mesure.com\/toutes-les-formations-de-thermokrasia\/#primaryimage"},"thumbnailUrl":"https:\/\/www.reseau-mesure.com\/wp-content\/uploads\/2022\/05\/thermokrasia-265x300.png","datePublished":"2022-05-09T08:49:11+00:00","dateModified":"2023-10-20T15:29:29+00:00","description":"Toutes les formations de Thermokrasia, adh\u00e9rent du Reseau Mesure pour la thermographie infrarouge pour l'industrie","breadcrumb":{"@id":"https:\/\/www.reseau-mesure.com\/toutes-les-formations-de-thermokrasia\/#breadcrumb"},"inLanguage":"de","potentialAction":[{"@type":"ReadAction","target":["https:\/\/www.reseau-mesure.com\/toutes-les-formations-de-thermokrasia\/"]}]},{"@type":"ImageObject","inLanguage":"de","@id":"https:\/\/www.reseau-mesure.com\/toutes-les-formations-de-thermokrasia\/#primaryimage","url":"https:\/\/www.reseau-mesure.com\/wp-content\/uploads\/2022\/05\/thermokrasia-265x300.png","contentUrl":"https:\/\/www.reseau-mesure.com\/wp-content\/uploads\/2022\/05\/thermokrasia-265x300.png"},{"@type":"BreadcrumbList","@id":"https:\/\/www.reseau-mesure.com\/toutes-les-formations-de-thermokrasia\/#breadcrumb","itemListElement":[{"@type":"ListItem","position":1,"name":"Accueil","item":"https:\/\/www.reseau-mesure.com\/"},{"@type":"ListItem","position":2,"name":"Toutes les formations de Thermokrasia"}]},{"@type":"WebSite","@id":"https:\/\/www.reseau-mesure.com\/#website","url":"https:\/\/www.reseau-mesure.com\/","name":"Netzwerk-Messung","description":"Netzwerkma\u00dfnahme","publisher":{"@id":"https:\/\/www.reseau-mesure.com\/#organization"},"potentialAction":[{"@type":"SearchAction","target":{"@type":"EntryPoint","urlTemplate":"https:\/\/www.reseau-mesure.com\/?s={search_term_string}"},"query-input":{"@type":"PropertyValueSpecification","valueRequired":true,"valueName":"search_term_string"}}],"inLanguage":"de"},{"@type":"Organization","@id":"https:\/\/www.reseau-mesure.com\/#organization","name":"Netzwerk-Messung","url":"https:\/\/www.reseau-mesure.com\/","logo":{"@type":"ImageObject","inLanguage":"de","@id":"https:\/\/www.reseau-mesure.com\/#\/schema\/logo\/image\/","url":"https:\/\/www.reseau-mesure.com\/wp-content\/uploads\/2018\/02\/logo-max.png","contentUrl":"https:\/\/www.reseau-mesure.com\/wp-content\/uploads\/2018\/02\/logo-max.png","width":545,"height":285,"caption":"R\u00e9seau-Mesure"},"image":{"@id":"https:\/\/www.reseau-mesure.com\/#\/schema\/logo\/image\/"},"sameAs":["https:\/\/www.facebook.com\/reseaumesure\/","https:\/\/x.com\/ReseauMesure","https:\/\/www.linkedin.com\/company\/reseau-mesure\/"]}]}},"_links":{"self":[{"href":"https:\/\/www.reseau-mesure.com\/de\/wp-json\/wp\/v2\/pages\/16914","targetHints":{"allow":["GET"]}}],"collection":[{"href":"https:\/\/www.reseau-mesure.com\/de\/wp-json\/wp\/v2\/pages"}],"about":[{"href":"https:\/\/www.reseau-mesure.com\/de\/wp-json\/wp\/v2\/types\/page"}],"author":[{"embeddable":true,"href":"https:\/\/www.reseau-mesure.com\/de\/wp-json\/wp\/v2\/users\/349"}],"replies":[{"embeddable":true,"href":"https:\/\/www.reseau-mesure.com\/de\/wp-json\/wp\/v2\/comments?post=16914"}],"version-history":[{"count":0,"href":"https:\/\/www.reseau-mesure.com\/de\/wp-json\/wp\/v2\/pages\/16914\/revisions"}],"wp:attachment":[{"href":"https:\/\/www.reseau-mesure.com\/de\/wp-json\/wp\/v2\/media?parent=16914"}],"curies":[{"name":"wp","href":"https:\/\/api.w.org\/{rel}","templated":true}]}}