{"id":17285,"date":"2022-08-23T14:27:02","date_gmt":"2022-08-23T12:27:02","guid":{"rendered":"https:\/\/www.reseau-mesure.com\/?page_id=17285"},"modified":"2025-11-27T14:50:54","modified_gmt":"2025-11-27T13:50:54","slug":"formation-spectroscopie-irtf-et-logiciel-opus-bruker","status":"publish","type":"page","link":"https:\/\/www.reseau-mesure.com\/de\/formation-spectroscopie-irtf-et-logiciel-opus-bruker\/","title":{"rendered":"FTIR-Spektroskopie-Training und OPUS-Software \u2013 Bruker"},"content":{"rendered":"<a href=\"https:\/\/www.bruker.com\/fr\/products-and-solutions\/mr.html\"  target=\"_blank\" rel=\"noopener\"  itemprop=\"url\">\n\t\t\t\t<img decoding=\"async\" src=\"https:\/\/www.reseau-mesure.com\/wp-content\/uploads\/2022\/02\/BRUKER-logo_rgb_300dpi-300x160.png\" alt=\"BRUKER logo_rgb_300dpi\" itemprop=\"image\" height=\"160\" width=\"300\" title=\"BRUKER logo_rgb_300dpi\" onerror=\"this.style.display='none'\" loading=\"lazy\" \/>\n\t\t\t\t<\/a>\n\t<p>&nbsp;<\/p>\n<h1><strong>FTIR-Spektroskopie und OPUS-Software<\/strong><\/h1>\n\t<p>&nbsp;<\/p>\n<table width=\"100%\">\n<tbody>\n<tr>\n<td><strong>Dieses Training richtet sich an alle Benutzer, die die OPUS-Software auf einem Bruker-Infrarotspektrometer optimal nutzen m\u00f6chten.<\/strong>\n<p><b>R\u00e9seau Mesure wird als QUALIOPI-zertifiziertes Schulungszentrum bezeichnet, das die Unterst\u00fctzung durch Ihren OPCO erm\u00f6glicht.<\/b><\/p>\n<p><strong>Anzahl der Auszubildenden pro Sitzung:<\/strong> Schulung exklusiv f\u00fcr ein Unternehmen.<\/p>\n<p><strong>Die Schulungstermine sind mit dem Trainer der Firma Bruker abzustimmen.\u00a0<\/strong><\/p>\n<p><strong>Das Programm kann an die Bed\u00fcrfnisse des Unternehmens angepasst werden.<\/strong><\/p>\nEvaluations 2022 : 3 stagiaires &#8211; <em>moyenne bas\u00e9e sur l&rsquo;atteinte des objectifs, la p\u00e9dagogie et l&rsquo;organisation<\/em>: <em>19.6\/20<br \/>\n<\/em>Evaluations 2024 : 7\u00a0stagiaires &#8211;\u00a0<em>moyenne bas\u00e9e sur l&rsquo;atteinte des objectifs, la p\u00e9dagogie et l&rsquo;organisation<\/em>:\u00a0 9,40\/10 &#8211; <em>\u00a0atteinte des objectifs:\u00a0 \u00a09,40\/10<br \/>\n<strong>Evaluations 2025 : <\/strong>1 stagiaire &#8211;\u00a0moyenne bas\u00e9e sur l&rsquo;atteinte des objectifs, la p\u00e9dagogie et l&rsquo;organisation:\u00a0 10\/10 &#8211; \u00a0atteinte des objectifs:\u00a0 10\/10<br \/>\n<\/em><\/td>\n<\/tr>\n<tr>\n\n<\/tr>\n<\/tbody>\n<\/table>\n\t\t\t<a href=\"https:\/\/www.reseau-mesure.com\/wp-content\/uploads\/2022\/08\/presentation-SPECTROSCOPIE-IRTF-et-logiciel-OPUS.docx\" target=\"_blank\" rel=\"noopener\">\n\t\t\t\t\t\t\tPr\u00e4sentation\n\t\t\t\t\t<\/a>\n\t\t\t<a href=\"https:\/\/www.reseau-mesure.com\/wp-content\/uploads\/2022\/08\/programme-SPECTROSCOPIE-IRTF-et-logiciel-OPUS.docx\" target=\"_blank\" rel=\"noopener\">\n\t\t\t\t\t\t\tProgrammtyp\n\t\t\t\t\t<\/a>\n\t\t\t<a href=\"mailto:Catherine.Rebier@bruker.com\" target=\"_blank\" rel=\"noopener\">\n\t\t\t\t\t\t\tAbonnementanfrage\n\t\t\t\t\t<\/a>","protected":false},"excerpt":{"rendered":"<p>&nbsp; FTIR-Spektroskopie und OPUS-Software Dieses Training richtet sich an alle Benutzer, die die OPUS-Software auf einem Bruker-Infrarotspektrometer optimal nutzen m\u00f6chten. R\u00e9seau Mesure wird als QUALIOPI-zertifiziertes Schulungszentrum bezeichnet, das Unterst\u00fctzung durch Ihren OPCO erm\u00f6glicht. Anzahl der Auszubildenden pro Sitzung: Ausbildung exklusiv f\u00fcr ein Unternehmen. Das\u2026<\/p>","protected":false},"author":349,"featured_media":0,"parent":0,"menu_order":0,"comment_status":"closed","ping_status":"closed","template":"","meta":{"_acf_changed":false,"footnotes":""},"class_list":["post-17285","page","type-page","status-publish","hentry"],"acf":[],"yoast_head":"<!-- This site is optimized with the Yoast SEO plugin v27.3 - https:\/\/yoast.com\/product\/yoast-seo-wordpress\/ -->\n<title>Formation - Formation Spectroscopie IRTF et logiciel OPUS - Bruker - R\u00e9seau Mesure<\/title>\n<meta name=\"description\" content=\"formation Spectroscopie IRTF et logiciel OPUS - vous souhaitez tirer le maximum d\u2019information de vos acquisitions avec le logiciel OPUS.\" \/>\n<meta name=\"robots\" content=\"index, follow, max-snippet:-1, max-image-preview:large, max-video-preview:-1\" \/>\n<link rel=\"canonical\" href=\"https:\/\/www.reseau-mesure.com\/de\/formation-spectroscopie-irtf-et-logiciel-opus-bruker\/\" \/>\n<meta property=\"og:locale\" content=\"de_DE\" \/>\n<meta property=\"og:type\" content=\"article\" \/>\n<meta property=\"og:title\" content=\"Formation - Formation Spectroscopie IRTF et logiciel OPUS - Bruker - R\u00e9seau Mesure\" \/>\n<meta property=\"og:description\" content=\"formation Spectroscopie IRTF et logiciel OPUS - vous souhaitez tirer le maximum d\u2019information de vos acquisitions avec le logiciel OPUS.\" \/>\n<meta property=\"og:url\" content=\"https:\/\/www.reseau-mesure.com\/de\/formation-spectroscopie-irtf-et-logiciel-opus-bruker\/\" \/>\n<meta property=\"og:site_name\" content=\"R\u00e9seau Mesure\" \/>\n<meta property=\"article:publisher\" content=\"https:\/\/www.facebook.com\/reseaumesure\/\" \/>\n<meta property=\"article:modified_time\" content=\"2025-11-27T13:50:54+00:00\" \/>\n<meta property=\"og:image\" content=\"https:\/\/www.reseau-mesure.com\/wp-content\/uploads\/2022\/02\/BRUKER-logo_rgb_300dpi-300x160.png\" \/>\n<meta name=\"twitter:card\" content=\"summary_large_image\" \/>\n<meta name=\"twitter:site\" content=\"@ReseauMesure\" \/>\n<meta name=\"twitter:label1\" content=\"Gesch\u00e4tzte Lesezeit\" \/>\n\t<meta name=\"twitter:data1\" content=\"1\u00a0Minute\" \/>\n<script type=\"application\/ld+json\" class=\"yoast-schema-graph\">{\"@context\":\"https:\\\/\\\/schema.org\",\"@graph\":[{\"@type\":\"WebPage\",\"@id\":\"https:\\\/\\\/www.reseau-mesure.com\\\/formation-spectroscopie-irtf-et-logiciel-opus-bruker\\\/\",\"url\":\"https:\\\/\\\/www.reseau-mesure.com\\\/formation-spectroscopie-irtf-et-logiciel-opus-bruker\\\/\",\"name\":\"Formation - Formation Spectroscopie IRTF et logiciel OPUS - Bruker - R\u00e9seau Mesure\",\"isPartOf\":{\"@id\":\"https:\\\/\\\/www.reseau-mesure.com\\\/#website\"},\"primaryImageOfPage\":{\"@id\":\"https:\\\/\\\/www.reseau-mesure.com\\\/formation-spectroscopie-irtf-et-logiciel-opus-bruker\\\/#primaryimage\"},\"image\":{\"@id\":\"https:\\\/\\\/www.reseau-mesure.com\\\/formation-spectroscopie-irtf-et-logiciel-opus-bruker\\\/#primaryimage\"},\"thumbnailUrl\":\"https:\\\/\\\/www.reseau-mesure.com\\\/wp-content\\\/uploads\\\/2022\\\/02\\\/BRUKER-logo_rgb_300dpi-300x160.png\",\"datePublished\":\"2022-08-23T12:27:02+00:00\",\"dateModified\":\"2025-11-27T13:50:54+00:00\",\"description\":\"formation Spectroscopie IRTF et logiciel OPUS - vous souhaitez tirer le maximum d\u2019information de vos acquisitions avec le logiciel OPUS.\",\"breadcrumb\":{\"@id\":\"https:\\\/\\\/www.reseau-mesure.com\\\/formation-spectroscopie-irtf-et-logiciel-opus-bruker\\\/#breadcrumb\"},\"inLanguage\":\"de\",\"potentialAction\":[{\"@type\":\"ReadAction\",\"target\":[\"https:\\\/\\\/www.reseau-mesure.com\\\/formation-spectroscopie-irtf-et-logiciel-opus-bruker\\\/\"]}]},{\"@type\":\"ImageObject\",\"inLanguage\":\"de\",\"@id\":\"https:\\\/\\\/www.reseau-mesure.com\\\/formation-spectroscopie-irtf-et-logiciel-opus-bruker\\\/#primaryimage\",\"url\":\"https:\\\/\\\/www.reseau-mesure.com\\\/wp-content\\\/uploads\\\/2022\\\/02\\\/BRUKER-logo_rgb_300dpi-300x160.png\",\"contentUrl\":\"https:\\\/\\\/www.reseau-mesure.com\\\/wp-content\\\/uploads\\\/2022\\\/02\\\/BRUKER-logo_rgb_300dpi-300x160.png\"},{\"@type\":\"BreadcrumbList\",\"@id\":\"https:\\\/\\\/www.reseau-mesure.com\\\/formation-spectroscopie-irtf-et-logiciel-opus-bruker\\\/#breadcrumb\",\"itemListElement\":[{\"@type\":\"ListItem\",\"position\":1,\"name\":\"Accueil\",\"item\":\"https:\\\/\\\/www.reseau-mesure.com\\\/\"},{\"@type\":\"ListItem\",\"position\":2,\"name\":\"Formation Spectroscopie IRTF et logiciel OPUS &#8211; Bruker\"}]},{\"@type\":\"WebSite\",\"@id\":\"https:\\\/\\\/www.reseau-mesure.com\\\/#website\",\"url\":\"https:\\\/\\\/www.reseau-mesure.com\\\/\",\"name\":\"R\u00e9seau-Mesure\",\"description\":\"R\u00e9seau Mesure\",\"publisher\":{\"@id\":\"https:\\\/\\\/www.reseau-mesure.com\\\/#organization\"},\"potentialAction\":[{\"@type\":\"SearchAction\",\"target\":{\"@type\":\"EntryPoint\",\"urlTemplate\":\"https:\\\/\\\/www.reseau-mesure.com\\\/?s={search_term_string}\"},\"query-input\":{\"@type\":\"PropertyValueSpecification\",\"valueRequired\":true,\"valueName\":\"search_term_string\"}}],\"inLanguage\":\"de\"},{\"@type\":\"Organization\",\"@id\":\"https:\\\/\\\/www.reseau-mesure.com\\\/#organization\",\"name\":\"R\u00e9seau-Mesure\",\"url\":\"https:\\\/\\\/www.reseau-mesure.com\\\/\",\"logo\":{\"@type\":\"ImageObject\",\"inLanguage\":\"de\",\"@id\":\"https:\\\/\\\/www.reseau-mesure.com\\\/#\\\/schema\\\/logo\\\/image\\\/\",\"url\":\"https:\\\/\\\/www.reseau-mesure.com\\\/wp-content\\\/uploads\\\/2018\\\/02\\\/logo-max.png\",\"contentUrl\":\"https:\\\/\\\/www.reseau-mesure.com\\\/wp-content\\\/uploads\\\/2018\\\/02\\\/logo-max.png\",\"width\":545,\"height\":285,\"caption\":\"R\u00e9seau-Mesure\"},\"image\":{\"@id\":\"https:\\\/\\\/www.reseau-mesure.com\\\/#\\\/schema\\\/logo\\\/image\\\/\"},\"sameAs\":[\"https:\\\/\\\/www.facebook.com\\\/reseaumesure\\\/\",\"https:\\\/\\\/x.com\\\/ReseauMesure\",\"https:\\\/\\\/www.linkedin.com\\\/company\\\/reseau-mesure\\\/\"]}]}<\/script>\n<!-- \/ Yoast SEO plugin. -->","yoast_head_json":{"title":"Formation - Formation Spectroscopie IRTF et logiciel OPUS - Bruker - R\u00e9seau Mesure","description":"formation Spectroscopie IRTF et logiciel OPUS - vous souhaitez tirer le maximum d\u2019information de vos acquisitions avec le logiciel OPUS.","robots":{"index":"index","follow":"follow","max-snippet":"max-snippet:-1","max-image-preview":"max-image-preview:large","max-video-preview":"max-video-preview:-1"},"canonical":"https:\/\/www.reseau-mesure.com\/de\/formation-spectroscopie-irtf-et-logiciel-opus-bruker\/","og_locale":"de_DE","og_type":"article","og_title":"Formation - Formation Spectroscopie IRTF et logiciel OPUS - Bruker - R\u00e9seau Mesure","og_description":"formation Spectroscopie IRTF et logiciel OPUS - vous souhaitez tirer le maximum d\u2019information de vos acquisitions avec le logiciel OPUS.","og_url":"https:\/\/www.reseau-mesure.com\/de\/formation-spectroscopie-irtf-et-logiciel-opus-bruker\/","og_site_name":"R\u00e9seau Mesure","article_publisher":"https:\/\/www.facebook.com\/reseaumesure\/","article_modified_time":"2025-11-27T13:50:54+00:00","og_image":[{"url":"https:\/\/www.reseau-mesure.com\/wp-content\/uploads\/2022\/02\/BRUKER-logo_rgb_300dpi-300x160.png","type":"","width":"","height":""}],"twitter_card":"summary_large_image","twitter_site":"@ReseauMesure","twitter_misc":{"Gesch\u00e4tzte Lesezeit":"1\u00a0Minute"},"schema":{"@context":"https:\/\/schema.org","@graph":[{"@type":"WebPage","@id":"https:\/\/www.reseau-mesure.com\/formation-spectroscopie-irtf-et-logiciel-opus-bruker\/","url":"https:\/\/www.reseau-mesure.com\/formation-spectroscopie-irtf-et-logiciel-opus-bruker\/","name":"Formation - Formation Spectroscopie IRTF et logiciel OPUS - Bruker - R\u00e9seau Mesure","isPartOf":{"@id":"https:\/\/www.reseau-mesure.com\/#website"},"primaryImageOfPage":{"@id":"https:\/\/www.reseau-mesure.com\/formation-spectroscopie-irtf-et-logiciel-opus-bruker\/#primaryimage"},"image":{"@id":"https:\/\/www.reseau-mesure.com\/formation-spectroscopie-irtf-et-logiciel-opus-bruker\/#primaryimage"},"thumbnailUrl":"https:\/\/www.reseau-mesure.com\/wp-content\/uploads\/2022\/02\/BRUKER-logo_rgb_300dpi-300x160.png","datePublished":"2022-08-23T12:27:02+00:00","dateModified":"2025-11-27T13:50:54+00:00","description":"formation Spectroscopie IRTF et logiciel OPUS - vous souhaitez tirer le maximum d\u2019information de vos acquisitions avec le logiciel OPUS.","breadcrumb":{"@id":"https:\/\/www.reseau-mesure.com\/formation-spectroscopie-irtf-et-logiciel-opus-bruker\/#breadcrumb"},"inLanguage":"de","potentialAction":[{"@type":"ReadAction","target":["https:\/\/www.reseau-mesure.com\/formation-spectroscopie-irtf-et-logiciel-opus-bruker\/"]}]},{"@type":"ImageObject","inLanguage":"de","@id":"https:\/\/www.reseau-mesure.com\/formation-spectroscopie-irtf-et-logiciel-opus-bruker\/#primaryimage","url":"https:\/\/www.reseau-mesure.com\/wp-content\/uploads\/2022\/02\/BRUKER-logo_rgb_300dpi-300x160.png","contentUrl":"https:\/\/www.reseau-mesure.com\/wp-content\/uploads\/2022\/02\/BRUKER-logo_rgb_300dpi-300x160.png"},{"@type":"BreadcrumbList","@id":"https:\/\/www.reseau-mesure.com\/formation-spectroscopie-irtf-et-logiciel-opus-bruker\/#breadcrumb","itemListElement":[{"@type":"ListItem","position":1,"name":"Accueil","item":"https:\/\/www.reseau-mesure.com\/"},{"@type":"ListItem","position":2,"name":"Formation Spectroscopie IRTF et logiciel OPUS &#8211; Bruker"}]},{"@type":"WebSite","@id":"https:\/\/www.reseau-mesure.com\/#website","url":"https:\/\/www.reseau-mesure.com\/","name":"Netzwerk-Messung","description":"Netzwerkma\u00dfnahme","publisher":{"@id":"https:\/\/www.reseau-mesure.com\/#organization"},"potentialAction":[{"@type":"SearchAction","target":{"@type":"EntryPoint","urlTemplate":"https:\/\/www.reseau-mesure.com\/?s={search_term_string}"},"query-input":{"@type":"PropertyValueSpecification","valueRequired":true,"valueName":"search_term_string"}}],"inLanguage":"de"},{"@type":"Organization","@id":"https:\/\/www.reseau-mesure.com\/#organization","name":"Netzwerk-Messung","url":"https:\/\/www.reseau-mesure.com\/","logo":{"@type":"ImageObject","inLanguage":"de","@id":"https:\/\/www.reseau-mesure.com\/#\/schema\/logo\/image\/","url":"https:\/\/www.reseau-mesure.com\/wp-content\/uploads\/2018\/02\/logo-max.png","contentUrl":"https:\/\/www.reseau-mesure.com\/wp-content\/uploads\/2018\/02\/logo-max.png","width":545,"height":285,"caption":"R\u00e9seau-Mesure"},"image":{"@id":"https:\/\/www.reseau-mesure.com\/#\/schema\/logo\/image\/"},"sameAs":["https:\/\/www.facebook.com\/reseaumesure\/","https:\/\/x.com\/ReseauMesure","https:\/\/www.linkedin.com\/company\/reseau-mesure\/"]}]}},"_links":{"self":[{"href":"https:\/\/www.reseau-mesure.com\/de\/wp-json\/wp\/v2\/pages\/17285","targetHints":{"allow":["GET"]}}],"collection":[{"href":"https:\/\/www.reseau-mesure.com\/de\/wp-json\/wp\/v2\/pages"}],"about":[{"href":"https:\/\/www.reseau-mesure.com\/de\/wp-json\/wp\/v2\/types\/page"}],"author":[{"embeddable":true,"href":"https:\/\/www.reseau-mesure.com\/de\/wp-json\/wp\/v2\/users\/349"}],"replies":[{"embeddable":true,"href":"https:\/\/www.reseau-mesure.com\/de\/wp-json\/wp\/v2\/comments?post=17285"}],"version-history":[{"count":0,"href":"https:\/\/www.reseau-mesure.com\/de\/wp-json\/wp\/v2\/pages\/17285\/revisions"}],"wp:attachment":[{"href":"https:\/\/www.reseau-mesure.com\/de\/wp-json\/wp\/v2\/media?parent=17285"}],"curies":[{"name":"wp","href":"https:\/\/api.w.org\/{rel}","templated":true}]}}