{"id":18161,"date":"2023-01-16T11:22:42","date_gmt":"2023-01-16T10:22:42","guid":{"rendered":"https:\/\/www.reseau-mesure.com\/?page_id=18161"},"modified":"2023-01-16T11:39:48","modified_gmt":"2023-01-16T10:39:48","slug":"toutes-les-formations-de-geodesie-maintenance","status":"publish","type":"page","link":"https:\/\/www.reseau-mesure.com\/de\/toutes-les-formations-de-geodesie-maintenance\/","title":{"rendered":"Alle GEODESY MAINTENANCE Schulungen"},"content":{"rendered":"<a href=\"https:\/\/www.geodesie-maintenance.com\/\" target=\"_blank\" rel=\"noopener\" itemprop=\"url\">\n\t\t\t\t<img loading=\"lazy\" decoding=\"async\" src=\"https:\/\/www.reseau-mesure.com\/wp-content\/uploads\/2023\/01\/Geodesie-maintenance-services-300x300.jpg\" alt=\"Geodesie maintenance services\" itemprop=\"image\" height=\"300\" width=\"300\" title=\"Wartungsdienste f\u00fcr Geod\u00e4sie\" onerror=\"this.style.display='none'\"  \/>\n\t\t\t\t<\/a>\n\t<p>&nbsp;<\/p>\n<p><b>Ma\u00dfgeschneidertes Schulungsangebot von <\/b><\/p>\n<p><b>GEODESIE WARTUNGSDIENSTLEISTUNGEN<\/b><\/p>\n<p>&nbsp;<\/p>\n<p>&nbsp;<\/p>\n\t<p>V STERNE Photogrammetrie<\/p>\n\t\t\t<a href=\"https:\/\/www.reseau-mesure.com\/de\/photogrammetrie-v-stars\/\" target=\"_blank\" role=\"button\" rel=\"noopener\">\n\t\t\t\t\t\t\tEntdecken Sie diese Ausbildung\n\t\t\t\t\t<\/a>","protected":false},"excerpt":{"rendered":"<p>&nbsp; Ma\u00dfgeschneiderte Schulungen von GEODESIE MAINTENANCE SERVICES Photogrammetrie V STARS Entdecken Sie diese Schulung<\/p>","protected":false},"author":349,"featured_media":0,"parent":0,"menu_order":0,"comment_status":"closed","ping_status":"closed","template":"","meta":{"_acf_changed":false,"footnotes":""},"class_list":["post-18161","page","type-page","status-publish","hentry"],"acf":[],"yoast_head":"<!-- This site is optimized with the Yoast SEO plugin v27.3 - https:\/\/yoast.com\/product\/yoast-seo-wordpress\/ -->\n<title>Formation - Toutes les formations de GEODESIE MAINTENANCE - R\u00e9seau Mesure<\/title>\n<meta name=\"description\" content=\"geodesie maintenance adh\u00e9rent R\u00e9seau Mesure est sp\u00e9cialis\u00e9e dans la m\u00e9trologie tridimensionnelle (la mesure sans contact par m\u00e9thode optique)\" \/>\n<meta name=\"robots\" content=\"index, follow, max-snippet:-1, max-image-preview:large, max-video-preview:-1\" \/>\n<link rel=\"canonical\" href=\"https:\/\/www.reseau-mesure.com\/de\/toutes-les-formations-de-geodesie-maintenance\/\" \/>\n<meta property=\"og:locale\" content=\"de_DE\" \/>\n<meta property=\"og:type\" content=\"article\" \/>\n<meta property=\"og:title\" content=\"Formation - Toutes les formations de GEODESIE MAINTENANCE - R\u00e9seau Mesure\" \/>\n<meta property=\"og:description\" content=\"geodesie maintenance adh\u00e9rent R\u00e9seau Mesure est sp\u00e9cialis\u00e9e dans la m\u00e9trologie tridimensionnelle (la mesure sans contact par m\u00e9thode optique)\" \/>\n<meta property=\"og:url\" content=\"https:\/\/www.reseau-mesure.com\/de\/toutes-les-formations-de-geodesie-maintenance\/\" \/>\n<meta property=\"og:site_name\" content=\"R\u00e9seau Mesure\" \/>\n<meta property=\"article:publisher\" content=\"https:\/\/www.facebook.com\/reseaumesure\/\" \/>\n<meta property=\"article:modified_time\" content=\"2023-01-16T10:39:48+00:00\" \/>\n<meta property=\"og:image\" content=\"https:\/\/www.reseau-mesure.com\/wp-content\/uploads\/2023\/01\/Geodesie-maintenance-services-300x300.jpg\" \/>\n<meta name=\"twitter:card\" content=\"summary_large_image\" \/>\n<meta name=\"twitter:site\" content=\"@ReseauMesure\" \/>\n<meta name=\"twitter:label1\" content=\"Gesch\u00e4tzte Lesezeit\" \/>\n\t<meta name=\"twitter:data1\" content=\"1\u00a0Minute\" \/>\n<script type=\"application\/ld+json\" class=\"yoast-schema-graph\">{\"@context\":\"https:\\\/\\\/schema.org\",\"@graph\":[{\"@type\":\"WebPage\",\"@id\":\"https:\\\/\\\/www.reseau-mesure.com\\\/toutes-les-formations-de-geodesie-maintenance\\\/\",\"url\":\"https:\\\/\\\/www.reseau-mesure.com\\\/toutes-les-formations-de-geodesie-maintenance\\\/\",\"name\":\"Formation - Toutes les formations de GEODESIE MAINTENANCE - R\u00e9seau Mesure\",\"isPartOf\":{\"@id\":\"https:\\\/\\\/www.reseau-mesure.com\\\/#website\"},\"primaryImageOfPage\":{\"@id\":\"https:\\\/\\\/www.reseau-mesure.com\\\/toutes-les-formations-de-geodesie-maintenance\\\/#primaryimage\"},\"image\":{\"@id\":\"https:\\\/\\\/www.reseau-mesure.com\\\/toutes-les-formations-de-geodesie-maintenance\\\/#primaryimage\"},\"thumbnailUrl\":\"https:\\\/\\\/www.reseau-mesure.com\\\/wp-content\\\/uploads\\\/2023\\\/01\\\/Geodesie-maintenance-services-300x300.jpg\",\"datePublished\":\"2023-01-16T10:22:42+00:00\",\"dateModified\":\"2023-01-16T10:39:48+00:00\",\"description\":\"geodesie maintenance adh\u00e9rent R\u00e9seau Mesure est sp\u00e9cialis\u00e9e dans la m\u00e9trologie tridimensionnelle (la mesure sans contact par m\u00e9thode optique)\",\"breadcrumb\":{\"@id\":\"https:\\\/\\\/www.reseau-mesure.com\\\/toutes-les-formations-de-geodesie-maintenance\\\/#breadcrumb\"},\"inLanguage\":\"de\",\"potentialAction\":[{\"@type\":\"ReadAction\",\"target\":[\"https:\\\/\\\/www.reseau-mesure.com\\\/toutes-les-formations-de-geodesie-maintenance\\\/\"]}]},{\"@type\":\"ImageObject\",\"inLanguage\":\"de\",\"@id\":\"https:\\\/\\\/www.reseau-mesure.com\\\/toutes-les-formations-de-geodesie-maintenance\\\/#primaryimage\",\"url\":\"https:\\\/\\\/www.reseau-mesure.com\\\/wp-content\\\/uploads\\\/2023\\\/01\\\/Geodesie-maintenance-services-300x300.jpg\",\"contentUrl\":\"https:\\\/\\\/www.reseau-mesure.com\\\/wp-content\\\/uploads\\\/2023\\\/01\\\/Geodesie-maintenance-services-300x300.jpg\"},{\"@type\":\"BreadcrumbList\",\"@id\":\"https:\\\/\\\/www.reseau-mesure.com\\\/toutes-les-formations-de-geodesie-maintenance\\\/#breadcrumb\",\"itemListElement\":[{\"@type\":\"ListItem\",\"position\":1,\"name\":\"Accueil\",\"item\":\"https:\\\/\\\/www.reseau-mesure.com\\\/\"},{\"@type\":\"ListItem\",\"position\":2,\"name\":\"Toutes les formations de GEODESIE MAINTENANCE\"}]},{\"@type\":\"WebSite\",\"@id\":\"https:\\\/\\\/www.reseau-mesure.com\\\/#website\",\"url\":\"https:\\\/\\\/www.reseau-mesure.com\\\/\",\"name\":\"R\u00e9seau-Mesure\",\"description\":\"R\u00e9seau Mesure\",\"publisher\":{\"@id\":\"https:\\\/\\\/www.reseau-mesure.com\\\/#organization\"},\"potentialAction\":[{\"@type\":\"SearchAction\",\"target\":{\"@type\":\"EntryPoint\",\"urlTemplate\":\"https:\\\/\\\/www.reseau-mesure.com\\\/?s={search_term_string}\"},\"query-input\":{\"@type\":\"PropertyValueSpecification\",\"valueRequired\":true,\"valueName\":\"search_term_string\"}}],\"inLanguage\":\"de\"},{\"@type\":\"Organization\",\"@id\":\"https:\\\/\\\/www.reseau-mesure.com\\\/#organization\",\"name\":\"R\u00e9seau-Mesure\",\"url\":\"https:\\\/\\\/www.reseau-mesure.com\\\/\",\"logo\":{\"@type\":\"ImageObject\",\"inLanguage\":\"de\",\"@id\":\"https:\\\/\\\/www.reseau-mesure.com\\\/#\\\/schema\\\/logo\\\/image\\\/\",\"url\":\"https:\\\/\\\/www.reseau-mesure.com\\\/wp-content\\\/uploads\\\/2018\\\/02\\\/logo-max.png\",\"contentUrl\":\"https:\\\/\\\/www.reseau-mesure.com\\\/wp-content\\\/uploads\\\/2018\\\/02\\\/logo-max.png\",\"width\":545,\"height\":285,\"caption\":\"R\u00e9seau-Mesure\"},\"image\":{\"@id\":\"https:\\\/\\\/www.reseau-mesure.com\\\/#\\\/schema\\\/logo\\\/image\\\/\"},\"sameAs\":[\"https:\\\/\\\/www.facebook.com\\\/reseaumesure\\\/\",\"https:\\\/\\\/x.com\\\/ReseauMesure\",\"https:\\\/\\\/www.linkedin.com\\\/company\\\/reseau-mesure\\\/\"]}]}<\/script>\n<!-- \/ Yoast SEO plugin. -->","yoast_head_json":{"title":"Formation - Toutes les formations de GEODESIE MAINTENANCE - R\u00e9seau Mesure","description":"geodesie maintenance adh\u00e9rent R\u00e9seau Mesure est sp\u00e9cialis\u00e9e dans la m\u00e9trologie tridimensionnelle (la mesure sans contact par m\u00e9thode optique)","robots":{"index":"index","follow":"follow","max-snippet":"max-snippet:-1","max-image-preview":"max-image-preview:large","max-video-preview":"max-video-preview:-1"},"canonical":"https:\/\/www.reseau-mesure.com\/de\/toutes-les-formations-de-geodesie-maintenance\/","og_locale":"de_DE","og_type":"article","og_title":"Formation - Toutes les formations de GEODESIE MAINTENANCE - R\u00e9seau Mesure","og_description":"geodesie maintenance adh\u00e9rent R\u00e9seau Mesure est sp\u00e9cialis\u00e9e dans la m\u00e9trologie tridimensionnelle (la mesure sans contact par m\u00e9thode optique)","og_url":"https:\/\/www.reseau-mesure.com\/de\/toutes-les-formations-de-geodesie-maintenance\/","og_site_name":"R\u00e9seau Mesure","article_publisher":"https:\/\/www.facebook.com\/reseaumesure\/","article_modified_time":"2023-01-16T10:39:48+00:00","og_image":[{"url":"https:\/\/www.reseau-mesure.com\/wp-content\/uploads\/2023\/01\/Geodesie-maintenance-services-300x300.jpg","type":"","width":"","height":""}],"twitter_card":"summary_large_image","twitter_site":"@ReseauMesure","twitter_misc":{"Gesch\u00e4tzte Lesezeit":"1\u00a0Minute"},"schema":{"@context":"https:\/\/schema.org","@graph":[{"@type":"WebPage","@id":"https:\/\/www.reseau-mesure.com\/toutes-les-formations-de-geodesie-maintenance\/","url":"https:\/\/www.reseau-mesure.com\/toutes-les-formations-de-geodesie-maintenance\/","name":"Formation - Toutes les formations de GEODESIE MAINTENANCE - R\u00e9seau Mesure","isPartOf":{"@id":"https:\/\/www.reseau-mesure.com\/#website"},"primaryImageOfPage":{"@id":"https:\/\/www.reseau-mesure.com\/toutes-les-formations-de-geodesie-maintenance\/#primaryimage"},"image":{"@id":"https:\/\/www.reseau-mesure.com\/toutes-les-formations-de-geodesie-maintenance\/#primaryimage"},"thumbnailUrl":"https:\/\/www.reseau-mesure.com\/wp-content\/uploads\/2023\/01\/Geodesie-maintenance-services-300x300.jpg","datePublished":"2023-01-16T10:22:42+00:00","dateModified":"2023-01-16T10:39:48+00:00","description":"geodesie maintenance adh\u00e9rent R\u00e9seau Mesure est sp\u00e9cialis\u00e9e dans la m\u00e9trologie tridimensionnelle (la mesure sans contact par m\u00e9thode optique)","breadcrumb":{"@id":"https:\/\/www.reseau-mesure.com\/toutes-les-formations-de-geodesie-maintenance\/#breadcrumb"},"inLanguage":"de","potentialAction":[{"@type":"ReadAction","target":["https:\/\/www.reseau-mesure.com\/toutes-les-formations-de-geodesie-maintenance\/"]}]},{"@type":"ImageObject","inLanguage":"de","@id":"https:\/\/www.reseau-mesure.com\/toutes-les-formations-de-geodesie-maintenance\/#primaryimage","url":"https:\/\/www.reseau-mesure.com\/wp-content\/uploads\/2023\/01\/Geodesie-maintenance-services-300x300.jpg","contentUrl":"https:\/\/www.reseau-mesure.com\/wp-content\/uploads\/2023\/01\/Geodesie-maintenance-services-300x300.jpg"},{"@type":"BreadcrumbList","@id":"https:\/\/www.reseau-mesure.com\/toutes-les-formations-de-geodesie-maintenance\/#breadcrumb","itemListElement":[{"@type":"ListItem","position":1,"name":"Accueil","item":"https:\/\/www.reseau-mesure.com\/"},{"@type":"ListItem","position":2,"name":"Toutes les formations de GEODESIE MAINTENANCE"}]},{"@type":"WebSite","@id":"https:\/\/www.reseau-mesure.com\/#website","url":"https:\/\/www.reseau-mesure.com\/","name":"Netzwerk-Messung","description":"Netzwerkma\u00dfnahme","publisher":{"@id":"https:\/\/www.reseau-mesure.com\/#organization"},"potentialAction":[{"@type":"SearchAction","target":{"@type":"EntryPoint","urlTemplate":"https:\/\/www.reseau-mesure.com\/?s={search_term_string}"},"query-input":{"@type":"PropertyValueSpecification","valueRequired":true,"valueName":"search_term_string"}}],"inLanguage":"de"},{"@type":"Organization","@id":"https:\/\/www.reseau-mesure.com\/#organization","name":"Netzwerk-Messung","url":"https:\/\/www.reseau-mesure.com\/","logo":{"@type":"ImageObject","inLanguage":"de","@id":"https:\/\/www.reseau-mesure.com\/#\/schema\/logo\/image\/","url":"https:\/\/www.reseau-mesure.com\/wp-content\/uploads\/2018\/02\/logo-max.png","contentUrl":"https:\/\/www.reseau-mesure.com\/wp-content\/uploads\/2018\/02\/logo-max.png","width":545,"height":285,"caption":"R\u00e9seau-Mesure"},"image":{"@id":"https:\/\/www.reseau-mesure.com\/#\/schema\/logo\/image\/"},"sameAs":["https:\/\/www.facebook.com\/reseaumesure\/","https:\/\/x.com\/ReseauMesure","https:\/\/www.linkedin.com\/company\/reseau-mesure\/"]}]}},"_links":{"self":[{"href":"https:\/\/www.reseau-mesure.com\/de\/wp-json\/wp\/v2\/pages\/18161","targetHints":{"allow":["GET"]}}],"collection":[{"href":"https:\/\/www.reseau-mesure.com\/de\/wp-json\/wp\/v2\/pages"}],"about":[{"href":"https:\/\/www.reseau-mesure.com\/de\/wp-json\/wp\/v2\/types\/page"}],"author":[{"embeddable":true,"href":"https:\/\/www.reseau-mesure.com\/de\/wp-json\/wp\/v2\/users\/349"}],"replies":[{"embeddable":true,"href":"https:\/\/www.reseau-mesure.com\/de\/wp-json\/wp\/v2\/comments?post=18161"}],"version-history":[{"count":0,"href":"https:\/\/www.reseau-mesure.com\/de\/wp-json\/wp\/v2\/pages\/18161\/revisions"}],"wp:attachment":[{"href":"https:\/\/www.reseau-mesure.com\/de\/wp-json\/wp\/v2\/media?parent=18161"}],"curies":[{"name":"wp","href":"https:\/\/api.w.org\/{rel}","templated":true}]}}