{"id":19383,"date":"2023-03-20T17:09:29","date_gmt":"2023-03-20T16:09:29","guid":{"rendered":"https:\/\/www.reseau-mesure.com\/?page_id=19383"},"modified":"2026-04-17T15:46:54","modified_gmt":"2026-04-17T13:46:54","slug":"formation-manager-une-equipe","status":"publish","type":"page","link":"https:\/\/www.reseau-mesure.com\/de\/formation-manager-une-equipe\/","title":{"rendered":"F\u00fchrung eines Teams"},"content":{"rendered":"<figure itemscope itemtype=\"https:\/\/schema.org\/ImageObject\">\n\t\t\t\t<img decoding=\"async\" src=\"https:\/\/www.reseau-mesure.com\/wp-content\/uploads\/2024\/11\/MarcPetit-Consulting-logo-HORIZONTAL-300x129.png\" alt=\"formateur marc petit\" height=\"129\" width=\"300\" title=\"MarcPetit Consulting logo HORIZONTAL\" onerror=\"this.style.display='none'\" loading=\"lazy\" \/>\n\t<\/figure>\n\t<p>&nbsp;<\/p>\n<p><b>MANAGE EIN TEAM<\/b><\/p>\n\t<p>Passage du test DISC 4 Colors + 1h30 d\u00e9briefing individuel en visio + une formation interactive sur 2 jours<\/p>\n-Identifizieren Sie seinen Autorit\u00e4tsstil und reflektieren Sie seine F\u00fchrungspraktiken im Rahmen seiner hierarchischen Macht<br \/>\n- Wissen, wie Sie Ihre Identit\u00e4t als Moderator aufbauen und sich Ihrer St\u00e4rken und verbesserungsw\u00fcrdigen Bereiche bewusst werden.<br \/>\n-Mieux Se connaitre pour mieux manager les autres : test DISC 4 Colors<br \/>\n- Kennen Sie die Mechanismen der Motivation und Beteiligung<br \/>\n- In der Lage sein, motivierende und einbeziehende Verhaltensweisen anzuwenden: ein Ergebnis und\/oder ein Verhalten positiv kommentieren.\n<p>Das Training wird von Marc PETIT, Partner des Measurement Network, durchgef\u00fchrt.<\/p>\n<p><b>R\u00e9seau Mesure ist ein Qualiopi-zertifiziertes Schulungszentrum, das Unterst\u00fctzung durch Ihr OPCO erm\u00f6glicht.<\/b><\/p>\n<p><strong>Anzahl der Auszubildenden pro Sitzung:<\/strong>\u00a0 Mini 4 Pers. \/ max. 6 Pers.<\/p>\n<em>Evaluations 2024 : 5 stagiaires &#8211; moyenne bas\u00e9e sur l&rsquo;atteinte des objectifs, la p\u00e9dagogie et l&rsquo;organisation:\u00a0 9\/10 &#8211; \u00a0atteinte des objectifs:\u00a0 \u00a09.4\/10\u00a0<br \/>\nEvaluations 2025 : 1 stagiaire &#8211; moyenne bas\u00e9e sur l&rsquo;atteinte des objectifs, la p\u00e9dagogie et l&rsquo;organisation:\u00a0 8.5\/10 &#8211; \u00a0atteinte des objectifs:\u00a0 \u00a08\/10<br \/>\nEvaluations 2026 : 2 stagiaires &#8211; moyenne bas\u00e9e sur l&rsquo;atteinte des objectifs, la p\u00e9dagogie et l&rsquo;organisation:\u00a0 9.8\/10 &#8211; \u00a0atteinte des objectifs:\u00a0 \u00a010\/10<br \/>\n<\/em>\n<p><strong>N\u00e4chste Sitzung\u00a0<\/strong>:\u00a0<a href=\"https:\/\/www.reseau-mesure.com\/de\/la-formation-rm\/\" target=\"_blank\" rel=\"noopener\">consultez le planning<\/a>\u00a0&#8211;\u00a0Nous planifions les dates en fonction de vos demandes, alors n&rsquo;h\u00e9sitez pas \u00e0\u00a0<a href=\"mailto:confray@reseau-mesure.com\">Kontaktiere uns<\/a>\u00a0!<\/p>\n\t\t\t<a href=\"https:\/\/www.reseau-mesure.com\/wp-content\/uploads\/2024\/02\/presentation-Manager-une-Equipe-2026.pdf\"  target=\"_blank\" rel=\"noopener\">\n\t\t\t\t\t\t\tPr\u00e4sentation\n\t\t\t\t\t<\/a>\n\t\t\t<a href=\"https:\/\/www.reseau-mesure.com\/wp-content\/uploads\/2025\/11\/programme-Manager-une-equipe-2026.pdf\"  target=\"_blank\" rel=\"noopener\"   download>\n\t\t\t\t\t\t\tProgramm\n\t\t\t\t\t<\/a>\n\t\t\t<a href=\"mailto:confray@reseau-mesure.com\"  target=\"_blank\" rel=\"noopener\">\n\t\t\t\t\t\t\tAbonnementanfrage\n\t\t\t\t\t<\/a>","protected":false},"excerpt":{"rendered":"<p>&nbsp; MANAGER UNE EQUIPE Passage du test DISC 4 Colors + 1h30 d\u00e9briefing individuel en visio + une formation interactive sur 2 jours -Identifier son style d&rsquo;autorit\u00e9 et r\u00e9fl\u00e9chir \u00e0 ses pratiques d&rsquo;animation \u00a0dans un cadre de son pouvoir hi\u00e9rarchique -Savoir construire son identit\u00e9 d&rsquo;animateur et prendre conscience de ses points forts et de ses&hellip;<\/p>","protected":false},"author":349,"featured_media":0,"parent":0,"menu_order":0,"comment_status":"closed","ping_status":"closed","template":"","meta":{"_acf_changed":false,"footnotes":""},"class_list":["post-19383","page","type-page","status-publish","hentry"],"acf":[],"yoast_head":"<!-- This site is optimized with the Yoast SEO plugin v27.4 - https:\/\/yoast.com\/product\/yoast-seo-wordpress\/ -->\n<title>Formation - Manager une \u00e9quipe - R\u00e9seau Mesure<\/title>\n<meta name=\"description\" content=\"Formation interactive manager une equipe 2 jours + d\u00e9briefing d\u20191h30 Maitriser les 5 phases principales de la gestion de projet-\" \/>\n<meta name=\"robots\" content=\"index, follow, max-snippet:-1, max-image-preview:large, max-video-preview:-1\" \/>\n<link rel=\"canonical\" href=\"https:\/\/www.reseau-mesure.com\/de\/formation-manager-une-equipe\/\" \/>\n<meta property=\"og:locale\" content=\"de_DE\" \/>\n<meta property=\"og:type\" content=\"article\" \/>\n<meta property=\"og:title\" content=\"Formation - Manager une \u00e9quipe - R\u00e9seau Mesure\" \/>\n<meta property=\"og:description\" content=\"Formation interactive manager une equipe 2 jours + d\u00e9briefing d\u20191h30 Maitriser les 5 phases principales de la gestion de projet-\" \/>\n<meta property=\"og:url\" content=\"https:\/\/www.reseau-mesure.com\/de\/formation-manager-une-equipe\/\" \/>\n<meta property=\"og:site_name\" content=\"R\u00e9seau Mesure\" \/>\n<meta property=\"article:publisher\" content=\"https:\/\/www.facebook.com\/reseaumesure\/\" \/>\n<meta property=\"article:modified_time\" content=\"2026-04-17T13:46:54+00:00\" \/>\n<meta property=\"og:image\" content=\"https:\/\/www.reseau-mesure.com\/wp-content\/uploads\/2024\/11\/MarcPetit-Consulting-logo-HORIZONTAL-300x129.png\" \/>\n<meta name=\"twitter:card\" content=\"summary_large_image\" \/>\n<meta name=\"twitter:site\" content=\"@ReseauMesure\" \/>\n<meta name=\"twitter:label1\" content=\"Gesch\u00e4tzte Lesezeit\" \/>\n\t<meta name=\"twitter:data1\" content=\"1\u00a0Minute\" \/>\n<script type=\"application\/ld+json\" class=\"yoast-schema-graph\">{\"@context\":\"https:\\\/\\\/schema.org\",\"@graph\":[{\"@type\":\"WebPage\",\"@id\":\"https:\\\/\\\/www.reseau-mesure.com\\\/formation-manager-une-equipe\\\/\",\"url\":\"https:\\\/\\\/www.reseau-mesure.com\\\/formation-manager-une-equipe\\\/\",\"name\":\"Formation - Manager une \u00e9quipe - R\u00e9seau Mesure\",\"isPartOf\":{\"@id\":\"https:\\\/\\\/www.reseau-mesure.com\\\/#website\"},\"primaryImageOfPage\":{\"@id\":\"https:\\\/\\\/www.reseau-mesure.com\\\/formation-manager-une-equipe\\\/#primaryimage\"},\"image\":{\"@id\":\"https:\\\/\\\/www.reseau-mesure.com\\\/formation-manager-une-equipe\\\/#primaryimage\"},\"thumbnailUrl\":\"https:\\\/\\\/www.reseau-mesure.com\\\/wp-content\\\/uploads\\\/2024\\\/11\\\/MarcPetit-Consulting-logo-HORIZONTAL-300x129.png\",\"datePublished\":\"2023-03-20T16:09:29+00:00\",\"dateModified\":\"2026-04-17T13:46:54+00:00\",\"description\":\"Formation interactive manager une equipe 2 jours + d\u00e9briefing d\u20191h30 Maitriser les 5 phases principales de la gestion de projet-\",\"breadcrumb\":{\"@id\":\"https:\\\/\\\/www.reseau-mesure.com\\\/formation-manager-une-equipe\\\/#breadcrumb\"},\"inLanguage\":\"de\",\"potentialAction\":[{\"@type\":\"ReadAction\",\"target\":[\"https:\\\/\\\/www.reseau-mesure.com\\\/formation-manager-une-equipe\\\/\"]}]},{\"@type\":\"ImageObject\",\"inLanguage\":\"de\",\"@id\":\"https:\\\/\\\/www.reseau-mesure.com\\\/formation-manager-une-equipe\\\/#primaryimage\",\"url\":\"https:\\\/\\\/www.reseau-mesure.com\\\/wp-content\\\/uploads\\\/2024\\\/11\\\/MarcPetit-Consulting-logo-HORIZONTAL-300x129.png\",\"contentUrl\":\"https:\\\/\\\/www.reseau-mesure.com\\\/wp-content\\\/uploads\\\/2024\\\/11\\\/MarcPetit-Consulting-logo-HORIZONTAL-300x129.png\"},{\"@type\":\"BreadcrumbList\",\"@id\":\"https:\\\/\\\/www.reseau-mesure.com\\\/formation-manager-une-equipe\\\/#breadcrumb\",\"itemListElement\":[{\"@type\":\"ListItem\",\"position\":1,\"name\":\"Accueil\",\"item\":\"https:\\\/\\\/www.reseau-mesure.com\\\/\"},{\"@type\":\"ListItem\",\"position\":2,\"name\":\"Manager une \u00e9quipe\"}]},{\"@type\":\"WebSite\",\"@id\":\"https:\\\/\\\/www.reseau-mesure.com\\\/#website\",\"url\":\"https:\\\/\\\/www.reseau-mesure.com\\\/\",\"name\":\"R\u00e9seau-Mesure\",\"description\":\"R\u00e9seau Mesure\",\"publisher\":{\"@id\":\"https:\\\/\\\/www.reseau-mesure.com\\\/#organization\"},\"potentialAction\":[{\"@type\":\"SearchAction\",\"target\":{\"@type\":\"EntryPoint\",\"urlTemplate\":\"https:\\\/\\\/www.reseau-mesure.com\\\/?s={search_term_string}\"},\"query-input\":{\"@type\":\"PropertyValueSpecification\",\"valueRequired\":true,\"valueName\":\"search_term_string\"}}],\"inLanguage\":\"de\"},{\"@type\":\"Organization\",\"@id\":\"https:\\\/\\\/www.reseau-mesure.com\\\/#organization\",\"name\":\"R\u00e9seau-Mesure\",\"url\":\"https:\\\/\\\/www.reseau-mesure.com\\\/\",\"logo\":{\"@type\":\"ImageObject\",\"inLanguage\":\"de\",\"@id\":\"https:\\\/\\\/www.reseau-mesure.com\\\/#\\\/schema\\\/logo\\\/image\\\/\",\"url\":\"https:\\\/\\\/www.reseau-mesure.com\\\/wp-content\\\/uploads\\\/2018\\\/02\\\/logo-max.png\",\"contentUrl\":\"https:\\\/\\\/www.reseau-mesure.com\\\/wp-content\\\/uploads\\\/2018\\\/02\\\/logo-max.png\",\"width\":545,\"height\":285,\"caption\":\"R\u00e9seau-Mesure\"},\"image\":{\"@id\":\"https:\\\/\\\/www.reseau-mesure.com\\\/#\\\/schema\\\/logo\\\/image\\\/\"},\"sameAs\":[\"https:\\\/\\\/www.facebook.com\\\/reseaumesure\\\/\",\"https:\\\/\\\/x.com\\\/ReseauMesure\",\"https:\\\/\\\/www.linkedin.com\\\/company\\\/reseau-mesure\\\/\"]}]}<\/script>\n<!-- \/ Yoast SEO plugin. -->","yoast_head_json":{"title":"Formation - Manager une \u00e9quipe - R\u00e9seau Mesure","description":"Formation interactive manager une equipe 2 jours + d\u00e9briefing d\u20191h30 Maitriser les 5 phases principales de la gestion de projet-","robots":{"index":"index","follow":"follow","max-snippet":"max-snippet:-1","max-image-preview":"max-image-preview:large","max-video-preview":"max-video-preview:-1"},"canonical":"https:\/\/www.reseau-mesure.com\/de\/formation-manager-une-equipe\/","og_locale":"de_DE","og_type":"article","og_title":"Formation - Manager une \u00e9quipe - R\u00e9seau Mesure","og_description":"Formation interactive manager une equipe 2 jours + d\u00e9briefing d\u20191h30 Maitriser les 5 phases principales de la gestion de projet-","og_url":"https:\/\/www.reseau-mesure.com\/de\/formation-manager-une-equipe\/","og_site_name":"R\u00e9seau Mesure","article_publisher":"https:\/\/www.facebook.com\/reseaumesure\/","article_modified_time":"2026-04-17T13:46:54+00:00","og_image":[{"url":"https:\/\/www.reseau-mesure.com\/wp-content\/uploads\/2024\/11\/MarcPetit-Consulting-logo-HORIZONTAL-300x129.png","type":"","width":"","height":""}],"twitter_card":"summary_large_image","twitter_site":"@ReseauMesure","twitter_misc":{"Gesch\u00e4tzte Lesezeit":"1\u00a0Minute"},"schema":{"@context":"https:\/\/schema.org","@graph":[{"@type":"WebPage","@id":"https:\/\/www.reseau-mesure.com\/formation-manager-une-equipe\/","url":"https:\/\/www.reseau-mesure.com\/formation-manager-une-equipe\/","name":"Formation - Manager une \u00e9quipe - R\u00e9seau Mesure","isPartOf":{"@id":"https:\/\/www.reseau-mesure.com\/#website"},"primaryImageOfPage":{"@id":"https:\/\/www.reseau-mesure.com\/formation-manager-une-equipe\/#primaryimage"},"image":{"@id":"https:\/\/www.reseau-mesure.com\/formation-manager-une-equipe\/#primaryimage"},"thumbnailUrl":"https:\/\/www.reseau-mesure.com\/wp-content\/uploads\/2024\/11\/MarcPetit-Consulting-logo-HORIZONTAL-300x129.png","datePublished":"2023-03-20T16:09:29+00:00","dateModified":"2026-04-17T13:46:54+00:00","description":"Formation interactive manager une equipe 2 jours + d\u00e9briefing d\u20191h30 Maitriser les 5 phases principales de la gestion de projet-","breadcrumb":{"@id":"https:\/\/www.reseau-mesure.com\/formation-manager-une-equipe\/#breadcrumb"},"inLanguage":"de","potentialAction":[{"@type":"ReadAction","target":["https:\/\/www.reseau-mesure.com\/formation-manager-une-equipe\/"]}]},{"@type":"ImageObject","inLanguage":"de","@id":"https:\/\/www.reseau-mesure.com\/formation-manager-une-equipe\/#primaryimage","url":"https:\/\/www.reseau-mesure.com\/wp-content\/uploads\/2024\/11\/MarcPetit-Consulting-logo-HORIZONTAL-300x129.png","contentUrl":"https:\/\/www.reseau-mesure.com\/wp-content\/uploads\/2024\/11\/MarcPetit-Consulting-logo-HORIZONTAL-300x129.png"},{"@type":"BreadcrumbList","@id":"https:\/\/www.reseau-mesure.com\/formation-manager-une-equipe\/#breadcrumb","itemListElement":[{"@type":"ListItem","position":1,"name":"Accueil","item":"https:\/\/www.reseau-mesure.com\/"},{"@type":"ListItem","position":2,"name":"Manager une \u00e9quipe"}]},{"@type":"WebSite","@id":"https:\/\/www.reseau-mesure.com\/#website","url":"https:\/\/www.reseau-mesure.com\/","name":"Netzwerk-Messung","description":"Netzwerkma\u00dfnahme","publisher":{"@id":"https:\/\/www.reseau-mesure.com\/#organization"},"potentialAction":[{"@type":"SearchAction","target":{"@type":"EntryPoint","urlTemplate":"https:\/\/www.reseau-mesure.com\/?s={search_term_string}"},"query-input":{"@type":"PropertyValueSpecification","valueRequired":true,"valueName":"search_term_string"}}],"inLanguage":"de"},{"@type":"Organization","@id":"https:\/\/www.reseau-mesure.com\/#organization","name":"Netzwerk-Messung","url":"https:\/\/www.reseau-mesure.com\/","logo":{"@type":"ImageObject","inLanguage":"de","@id":"https:\/\/www.reseau-mesure.com\/#\/schema\/logo\/image\/","url":"https:\/\/www.reseau-mesure.com\/wp-content\/uploads\/2018\/02\/logo-max.png","contentUrl":"https:\/\/www.reseau-mesure.com\/wp-content\/uploads\/2018\/02\/logo-max.png","width":545,"height":285,"caption":"R\u00e9seau-Mesure"},"image":{"@id":"https:\/\/www.reseau-mesure.com\/#\/schema\/logo\/image\/"},"sameAs":["https:\/\/www.facebook.com\/reseaumesure\/","https:\/\/x.com\/ReseauMesure","https:\/\/www.linkedin.com\/company\/reseau-mesure\/"]}]}},"_links":{"self":[{"href":"https:\/\/www.reseau-mesure.com\/de\/wp-json\/wp\/v2\/pages\/19383","targetHints":{"allow":["GET"]}}],"collection":[{"href":"https:\/\/www.reseau-mesure.com\/de\/wp-json\/wp\/v2\/pages"}],"about":[{"href":"https:\/\/www.reseau-mesure.com\/de\/wp-json\/wp\/v2\/types\/page"}],"author":[{"embeddable":true,"href":"https:\/\/www.reseau-mesure.com\/de\/wp-json\/wp\/v2\/users\/349"}],"replies":[{"embeddable":true,"href":"https:\/\/www.reseau-mesure.com\/de\/wp-json\/wp\/v2\/comments?post=19383"}],"version-history":[{"count":1,"href":"https:\/\/www.reseau-mesure.com\/de\/wp-json\/wp\/v2\/pages\/19383\/revisions"}],"predecessor-version":[{"id":30702,"href":"https:\/\/www.reseau-mesure.com\/de\/wp-json\/wp\/v2\/pages\/19383\/revisions\/30702"}],"wp:attachment":[{"href":"https:\/\/www.reseau-mesure.com\/de\/wp-json\/wp\/v2\/media?parent=19383"}],"curies":[{"name":"wp","href":"https:\/\/api.w.org\/{rel}","templated":true}]}}